{"id":15691,"date":"2021-10-21T16:34:52","date_gmt":"2021-10-21T13:34:52","guid":{"rendered":"https:\/\/www.biopapa.lt\/?post_type=product&#038;p=15691"},"modified":"2025-07-16T11:26:12","modified_gmt":"2025-07-16T08:26:12","slug":"ekologiskos-chlorellos-tabletes-500-mg","status":"publish","type":"product","link":"https:\/\/www.biopapa.de\/lt\/producte\/ekologiskos-chlorellos-tabletes-500-mg\/","title":{"rendered":"Ekologi\u0161kos chlorella tablet\u0117s 500 mg"},"content":{"rendered":"<p><strong>Ekologi\u0161kos chlorella tablet\u0117s 500 mg<\/strong><br \/>\nEkologi\u0161ki, maisting\u0173j\u0173 med\u017eiag\u0173 turtingi m\u0117lynai \u017eali dumbliai \u2013\u00a0chlorella\u2013 klesti subtropiniuose ir tropiniuose vandenyse.<br \/>\nAuginama filtruotame nat\u016braliame vandenyje, grie\u017etai kontroliuojant auginimo s\u0105lygas, chlorel\u0117 yra maistingomis med\u017eiagomis turtingi dumbliai, pasi\u017eymintys dideliu chlorofilo kiekiu. D\u0117l gausaus organini\u0173 jungini\u0173, b\u016btin\u0173 vitamin\u0173 ir mineral\u0173, toki\u0173 kaip kalcis, gele\u017eis, fosforas ir kalis, kiekio chlorel\u0117 yra populiarus pasirinkimas detoksikacijos programoms. Kad maistin\u0117s med\u017eiagos b\u016bt\u0173 lengviau \u012fsisavinamos, tvirta chlorella l\u0105steli\u0173 sienel\u0117 yra sumalama. Tuomet ekologi\u0161ki chlorella milteliai yra suspaud\u017eiami \u012f tabletes registruoto farmacijos gamintojo.<\/p>\n<p>Rekomenduojama paros norma: 6-10 table\u010di\u0173.<\/p>\n<p><em>PASTABA. \u010cia pateikta informacija negali b\u016bti interpretuojama kaip gydymo ar kitokio pob\u016bd\u017eio sveikatos klausim\u0173 sprendimo rekomendacija. Raginame sprendimus, susijusius su asmenine sveikata, priimti asmeni\u0161kai, \u012fvertinus \u012fvairius informacijos \u0161altinius.<\/em><\/p>\n","protected":false},"excerpt":{"rendered":"<p>Ekologi\u0161kos chlorella tablet\u0117s 500 mg Ekologi\u0161ki, maisting\u0173j\u0173 med\u017eiag\u0173 turtingi m\u0117lynai \u017eali dumbliai \u2013\u00a0chlorella\u2013 klesti subtropiniuose ir tropiniuose vandenyse. Auginama filtruotame<\/p>\n","protected":false},"featured_media":16027,"template":"","meta":{"_acf_changed":false},"product_brand":[],"product_cat":[1216,2347],"product_tag":[1433,1380,1378],"class_list":{"0":"post-15691","1":"product","2":"type-product","3":"status-publish","4":"has-post-thumbnail","6":"product_cat-augalinis-supermaistas","7":"product_cat-tabletes","8":"product_tag-baltymu-saltinis","9":"product_tag-keto-mityba","10":"product_tag-veganams","11":"pa_svoris-1-kg","12":"pa_svoris-100-g","13":"pa_svoris-200-g","14":"pa_svoris-25-kg","15":"pa_svoris-300-g","16":"pa_svoris-400-g","17":"pa_svoris-50-g","18":"pa_svoris-500-g","20":"first","21":"instock","22":"shipping-taxable","23":"purchasable","24":"product-type-variable"},"acf":[],"yoast_head":"<!-- This site is optimized with the Yoast SEO plugin v27.4 - https:\/\/yoast.com\/product\/yoast-seo-wordpress\/ -->\n<title>Ekologi\u0161kos chlorella tablet\u0117s 500 mg - Biopapa<\/title>\n<meta name=\"description\" content=\"Chlorella, kurioje gausu organini\u0173 med\u017eiag\u0173, yra populiarus detoksikacijos program\u0173 pagrindas. Ekologi\u0161kos chlorella tablet\u0117s yra sertifikuotos ir atitinka ES ekologi\u0161kumo standartus.\" \/>\n<meta name=\"robots\" content=\"index, follow, max-snippet:-1, max-image-preview:large, max-video-preview:-1\" \/>\n<link rel=\"canonical\" href=\"https:\/\/www.biopapa.de\/lt\/producte\/ekologiskos-chlorellos-tabletes-500-mg\/\" \/>\n<meta property=\"og:locale\" content=\"lt_LT\" \/>\n<meta property=\"og:type\" content=\"article\" \/>\n<meta property=\"og:title\" content=\"Ekologi\u0161kos chlorella tablet\u0117s 500 mg - Biopapa\" \/>\n<meta property=\"og:description\" content=\"Chlorella, kurioje gausu organini\u0173 med\u017eiag\u0173, yra populiarus detoksikacijos program\u0173 pagrindas. Ekologi\u0161kos chlorella tablet\u0117s yra sertifikuotos ir atitinka ES ekologi\u0161kumo standartus.\" \/>\n<meta property=\"og:url\" content=\"https:\/\/www.biopapa.de\/lt\/producte\/ekologiskos-chlorellos-tabletes-500-mg\/\" \/>\n<meta property=\"og:site_name\" content=\"Biopapa\" \/>\n<meta property=\"article:publisher\" content=\"https:\/\/www.facebook.com\/biopapa.lt\" \/>\n<meta property=\"article:modified_time\" content=\"2025-07-16T08:26:12+00:00\" \/>\n<meta property=\"og:image\" content=\"https:\/\/www.biopapa.de\/wp-content\/uploads\/2021\/10\/Ekologiskos-chlorellos-tabletes-500-mg..jpg\" \/>\n\t<meta property=\"og:image:width\" content=\"800\" \/>\n\t<meta property=\"og:image:height\" content=\"640\" \/>\n\t<meta property=\"og:image:type\" content=\"image\/jpeg\" \/>\n<meta name=\"twitter:card\" content=\"summary_large_image\" \/>\n<meta name=\"twitter:label1\" content=\"Est. reading time\" \/>\n\t<meta name=\"twitter:data1\" content=\"2 minut\u0117s\" \/>\n<script type=\"application\/ld+json\" class=\"yoast-schema-graph\">{\"@context\":\"https:\\\/\\\/schema.org\",\"@graph\":[{\"@type\":\"WebPage\",\"@id\":\"https:\\\/\\\/www.biopapa.de\\\/lt\\\/producte\\\/ekologiskos-chlorellos-tabletes-500-mg\\\/\",\"url\":\"https:\\\/\\\/www.biopapa.de\\\/lt\\\/producte\\\/ekologiskos-chlorellos-tabletes-500-mg\\\/\",\"name\":\"Ekologi\u0161kos chlorella tablet\u0117s 500 mg - Biopapa\",\"isPartOf\":{\"@id\":\"https:\\\/\\\/www.biopapa.de\\\/lt\\\/#website\"},\"primaryImageOfPage\":{\"@id\":\"https:\\\/\\\/www.biopapa.de\\\/lt\\\/producte\\\/ekologiskos-chlorellos-tabletes-500-mg\\\/#primaryimage\"},\"image\":{\"@id\":\"https:\\\/\\\/www.biopapa.de\\\/lt\\\/producte\\\/ekologiskos-chlorellos-tabletes-500-mg\\\/#primaryimage\"},\"thumbnailUrl\":\"https:\\\/\\\/www.biopapa.de\\\/wp-content\\\/uploads\\\/2021\\\/10\\\/Ekologiskos-chlorellos-tabletes-500-mg..jpg\",\"datePublished\":\"2021-10-21T13:34:52+00:00\",\"dateModified\":\"2025-07-16T08:26:12+00:00\",\"description\":\"Chlorella, kurioje gausu organini\u0173 med\u017eiag\u0173, yra populiarus detoksikacijos program\u0173 pagrindas. Ekologi\u0161kos chlorella tablet\u0117s yra sertifikuotos ir atitinka ES ekologi\u0161kumo standartus.\",\"breadcrumb\":{\"@id\":\"https:\\\/\\\/www.biopapa.de\\\/lt\\\/producte\\\/ekologiskos-chlorellos-tabletes-500-mg\\\/#breadcrumb\"},\"inLanguage\":\"lt-LT\",\"potentialAction\":[{\"@type\":\"ReadAction\",\"target\":[\"https:\\\/\\\/www.biopapa.de\\\/lt\\\/producte\\\/ekologiskos-chlorellos-tabletes-500-mg\\\/\"]}]},{\"@type\":\"ImageObject\",\"inLanguage\":\"lt-LT\",\"@id\":\"https:\\\/\\\/www.biopapa.de\\\/lt\\\/producte\\\/ekologiskos-chlorellos-tabletes-500-mg\\\/#primaryimage\",\"url\":\"https:\\\/\\\/www.biopapa.de\\\/wp-content\\\/uploads\\\/2021\\\/10\\\/Ekologiskos-chlorellos-tabletes-500-mg..jpg\",\"contentUrl\":\"https:\\\/\\\/www.biopapa.de\\\/wp-content\\\/uploads\\\/2021\\\/10\\\/Ekologiskos-chlorellos-tabletes-500-mg..jpg\",\"width\":800,\"height\":640,\"caption\":\"Ekologi\u0161kos chlorellos tablet\u0117s 500 mg\"},{\"@type\":\"BreadcrumbList\",\"@id\":\"https:\\\/\\\/www.biopapa.de\\\/lt\\\/producte\\\/ekologiskos-chlorellos-tabletes-500-mg\\\/#breadcrumb\",\"itemListElement\":[{\"@type\":\"ListItem\",\"position\":1,\"name\":\"Home\",\"item\":\"https:\\\/\\\/www.biopapa.de\\\/lt\\\/\"},{\"@type\":\"ListItem\",\"position\":2,\"name\":\"Parduotuv\u0117\",\"item\":\"https:\\\/\\\/www.biopapa.de\\\/parduotuve\\\/\"},{\"@type\":\"ListItem\",\"position\":3,\"name\":\"Ekologi\u0161kos chlorella tablet\u0117s 500 mg\"}]},{\"@type\":\"WebSite\",\"@id\":\"https:\\\/\\\/www.biopapa.de\\\/lt\\\/#website\",\"url\":\"https:\\\/\\\/www.biopapa.de\\\/lt\\\/\",\"name\":\"Biopapa\",\"description\":\"\u0160var\u016bs ekologi\u0161ki produktai\",\"publisher\":{\"@id\":\"https:\\\/\\\/www.biopapa.de\\\/lt\\\/#organization\"},\"potentialAction\":[{\"@type\":\"SearchAction\",\"target\":{\"@type\":\"EntryPoint\",\"urlTemplate\":\"https:\\\/\\\/www.biopapa.de\\\/lt\\\/?s={search_term_string}\"},\"query-input\":{\"@type\":\"PropertyValueSpecification\",\"valueRequired\":true,\"valueName\":\"search_term_string\"}}],\"inLanguage\":\"lt-LT\"},{\"@type\":\"Organization\",\"@id\":\"https:\\\/\\\/www.biopapa.de\\\/lt\\\/#organization\",\"name\":\"Biopapa\",\"url\":\"https:\\\/\\\/www.biopapa.de\\\/lt\\\/\",\"logo\":{\"@type\":\"ImageObject\",\"inLanguage\":\"lt-LT\",\"@id\":\"https:\\\/\\\/www.biopapa.de\\\/lt\\\/#\\\/schema\\\/logo\\\/image\\\/\",\"url\":\"https:\\\/\\\/www.biopapa.lt\\\/wp-content\\\/uploads\\\/2022\\\/04\\\/facebook_biopapa.jpg\",\"contentUrl\":\"https:\\\/\\\/www.biopapa.lt\\\/wp-content\\\/uploads\\\/2022\\\/04\\\/facebook_biopapa.jpg\",\"width\":1733,\"height\":907,\"caption\":\"Biopapa\"},\"image\":{\"@id\":\"https:\\\/\\\/www.biopapa.de\\\/lt\\\/#\\\/schema\\\/logo\\\/image\\\/\"},\"sameAs\":[\"https:\\\/\\\/www.facebook.com\\\/biopapa.lt\"]}]}<\/script>\n<!-- \/ Yoast SEO plugin. -->","yoast_head_json":{"title":"Ekologi\u0161kos chlorella tablet\u0117s 500 mg - Biopapa","description":"Chlorella, kurioje gausu organini\u0173 med\u017eiag\u0173, yra populiarus detoksikacijos program\u0173 pagrindas. Ekologi\u0161kos chlorella tablet\u0117s yra sertifikuotos ir atitinka ES ekologi\u0161kumo standartus.","robots":{"index":"index","follow":"follow","max-snippet":"max-snippet:-1","max-image-preview":"max-image-preview:large","max-video-preview":"max-video-preview:-1"},"canonical":"https:\/\/www.biopapa.de\/lt\/producte\/ekologiskos-chlorellos-tabletes-500-mg\/","og_locale":"lt_LT","og_type":"article","og_title":"Ekologi\u0161kos chlorella tablet\u0117s 500 mg - Biopapa","og_description":"Chlorella, kurioje gausu organini\u0173 med\u017eiag\u0173, yra populiarus detoksikacijos program\u0173 pagrindas. Ekologi\u0161kos chlorella tablet\u0117s yra sertifikuotos ir atitinka ES ekologi\u0161kumo standartus.","og_url":"https:\/\/www.biopapa.de\/lt\/producte\/ekologiskos-chlorellos-tabletes-500-mg\/","og_site_name":"Biopapa","article_publisher":"https:\/\/www.facebook.com\/biopapa.lt","article_modified_time":"2025-07-16T08:26:12+00:00","og_image":[{"width":800,"height":640,"url":"https:\/\/www.biopapa.de\/wp-content\/uploads\/2021\/10\/Ekologiskos-chlorellos-tabletes-500-mg..jpg","type":"image\/jpeg"}],"twitter_card":"summary_large_image","twitter_misc":{"Est. reading time":"2 minut\u0117s"},"schema":{"@context":"https:\/\/schema.org","@graph":[{"@type":"WebPage","@id":"https:\/\/www.biopapa.de\/lt\/producte\/ekologiskos-chlorellos-tabletes-500-mg\/","url":"https:\/\/www.biopapa.de\/lt\/producte\/ekologiskos-chlorellos-tabletes-500-mg\/","name":"Ekologi\u0161kos chlorella tablet\u0117s 500 mg - Biopapa","isPartOf":{"@id":"https:\/\/www.biopapa.de\/lt\/#website"},"primaryImageOfPage":{"@id":"https:\/\/www.biopapa.de\/lt\/producte\/ekologiskos-chlorellos-tabletes-500-mg\/#primaryimage"},"image":{"@id":"https:\/\/www.biopapa.de\/lt\/producte\/ekologiskos-chlorellos-tabletes-500-mg\/#primaryimage"},"thumbnailUrl":"https:\/\/www.biopapa.de\/wp-content\/uploads\/2021\/10\/Ekologiskos-chlorellos-tabletes-500-mg..jpg","datePublished":"2021-10-21T13:34:52+00:00","dateModified":"2025-07-16T08:26:12+00:00","description":"Chlorella, kurioje gausu organini\u0173 med\u017eiag\u0173, yra populiarus detoksikacijos program\u0173 pagrindas. Ekologi\u0161kos chlorella tablet\u0117s yra sertifikuotos ir atitinka ES ekologi\u0161kumo standartus.","breadcrumb":{"@id":"https:\/\/www.biopapa.de\/lt\/producte\/ekologiskos-chlorellos-tabletes-500-mg\/#breadcrumb"},"inLanguage":"lt-LT","potentialAction":[{"@type":"ReadAction","target":["https:\/\/www.biopapa.de\/lt\/producte\/ekologiskos-chlorellos-tabletes-500-mg\/"]}]},{"@type":"ImageObject","inLanguage":"lt-LT","@id":"https:\/\/www.biopapa.de\/lt\/producte\/ekologiskos-chlorellos-tabletes-500-mg\/#primaryimage","url":"https:\/\/www.biopapa.de\/wp-content\/uploads\/2021\/10\/Ekologiskos-chlorellos-tabletes-500-mg..jpg","contentUrl":"https:\/\/www.biopapa.de\/wp-content\/uploads\/2021\/10\/Ekologiskos-chlorellos-tabletes-500-mg..jpg","width":800,"height":640,"caption":"Ekologi\u0161kos chlorellos tablet\u0117s 500 mg"},{"@type":"BreadcrumbList","@id":"https:\/\/www.biopapa.de\/lt\/producte\/ekologiskos-chlorellos-tabletes-500-mg\/#breadcrumb","itemListElement":[{"@type":"ListItem","position":1,"name":"Home","item":"https:\/\/www.biopapa.de\/lt\/"},{"@type":"ListItem","position":2,"name":"Parduotuv\u0117","item":"https:\/\/www.biopapa.de\/parduotuve\/"},{"@type":"ListItem","position":3,"name":"Ekologi\u0161kos chlorella tablet\u0117s 500 mg"}]},{"@type":"WebSite","@id":"https:\/\/www.biopapa.de\/lt\/#website","url":"https:\/\/www.biopapa.de\/lt\/","name":"Biopapa","description":"\u0160var\u016bs ekologi\u0161ki produktai","publisher":{"@id":"https:\/\/www.biopapa.de\/lt\/#organization"},"potentialAction":[{"@type":"SearchAction","target":{"@type":"EntryPoint","urlTemplate":"https:\/\/www.biopapa.de\/lt\/?s={search_term_string}"},"query-input":{"@type":"PropertyValueSpecification","valueRequired":true,"valueName":"search_term_string"}}],"inLanguage":"lt-LT"},{"@type":"Organization","@id":"https:\/\/www.biopapa.de\/lt\/#organization","name":"Biopapa","url":"https:\/\/www.biopapa.de\/lt\/","logo":{"@type":"ImageObject","inLanguage":"lt-LT","@id":"https:\/\/www.biopapa.de\/lt\/#\/schema\/logo\/image\/","url":"https:\/\/www.biopapa.lt\/wp-content\/uploads\/2022\/04\/facebook_biopapa.jpg","contentUrl":"https:\/\/www.biopapa.lt\/wp-content\/uploads\/2022\/04\/facebook_biopapa.jpg","width":1733,"height":907,"caption":"Biopapa"},"image":{"@id":"https:\/\/www.biopapa.de\/lt\/#\/schema\/logo\/image\/"},"sameAs":["https:\/\/www.facebook.com\/biopapa.lt"]}]}},"_links":{"self":[{"href":"https:\/\/www.biopapa.de\/lt\/wp-json\/wp\/v2\/product\/15691","targetHints":{"allow":["GET"]}}],"collection":[{"href":"https:\/\/www.biopapa.de\/lt\/wp-json\/wp\/v2\/product"}],"about":[{"href":"https:\/\/www.biopapa.de\/lt\/wp-json\/wp\/v2\/types\/product"}],"wp:featuredmedia":[{"embeddable":true,"href":"https:\/\/www.biopapa.de\/lt\/wp-json\/wp\/v2\/media\/16027"}],"wp:attachment":[{"href":"https:\/\/www.biopapa.de\/lt\/wp-json\/wp\/v2\/media?parent=15691"}],"wp:term":[{"taxonomy":"product_brand","embeddable":true,"href":"https:\/\/www.biopapa.de\/lt\/wp-json\/wp\/v2\/product_brand?post=15691"},{"taxonomy":"product_cat","embeddable":true,"href":"https:\/\/www.biopapa.de\/lt\/wp-json\/wp\/v2\/product_cat?post=15691"},{"taxonomy":"product_tag","embeddable":true,"href":"https:\/\/www.biopapa.de\/lt\/wp-json\/wp\/v2\/product_tag?post=15691"}],"curies":[{"name":"wp","href":"https:\/\/api.w.org\/{rel}","templated":true}]}}