{"id":15732,"date":"2021-10-27T21:46:43","date_gmt":"2021-10-27T18:46:43","guid":{"rendered":"https:\/\/www.biopapa.lt\/?post_type=product&#038;p=15732"},"modified":"2025-10-22T17:58:44","modified_gmt":"2025-10-22T14:58:44","slug":"ekologiska-cikorijos-kava-skrudinta","status":"publish","type":"product","link":"https:\/\/www.biopapa.de\/lt\/producte\/ekologiska-cikorijos-kava-skrudinta\/","title":{"rendered":"Ekologi\u0161ka cikorijos kava, skrudinta"},"content":{"rendered":"<p><strong>Ekologi\u0161ka cikorijos kava<\/strong>, <strong>skrudinta<br \/>\n<\/strong>Cikorij\u0173 kava \u2013 g\u0117rimas be kofeino, gaminamas i\u0161 skrudint\u0173 tr\u016bka\u017eol\u0117s \u0161akn\u0173, si\u016blo puiki\u0105 alternatyv\u0105 tradicinei kavai. Garsi d\u0117l savo sodraus, \u017eemi\u0161ko skonio, cikorij\u0173 kava da\u017enai naudojama kaip kavos pakaitalas be kofeino. Ji turi kelet\u0105 privalum\u0173 sveikatai, \u012fskaitant turting\u0105 inulino \u0161altin\u012f &#8211; prebiotini\u0173 skaidul\u0173, kurios palaiko \u017earnyno sveikat\u0105 ir vir\u0161kinim\u0105. Be to, cikorij\u0173 kavoje yra ma\u017eai kalorij\u0173 ir ji siejama su galimu cukraus kiekio kraujyje suma\u017e\u0117jimu, tod\u0117l ji yra tinkamas pasirinkimas tiems, kurie kontroliuoja gliukoz\u0117s suvartojim\u0105.<br \/>\nD\u0117l \u0161velnaus kartumo ir aromatini\u0173 savybi\u0173 ji yra universalus tiek kar\u0161t\u0173, tiek \u0161alt\u0173 g\u0117rim\u0173 ingredientas, kur\u012f galima mai\u0161yti su tradicine kava arba patiekti vien\u0105.<\/p>\n<p><em>Naudojimas<br \/>\n<\/em>Cikorija ruo\u0161iama lygiai taip pat, kaip ir kava, jos u\u017etenka 1\/2 &#8211; 1 \u0161auk\u0161elio puodeliui. J\u0105 galima gerti kaip kav\u0105 (pagal poreik\u012f galite sumalti) arba derinti su soj\u0173 pienu, ry\u017ei\u0173 g\u0117rimu ir pana\u0161iai. Turi nat\u016braliai b\u016bdingo kartumo.<\/p>\n<p>Cikorij\u0105 taip pat galima naudoti gardinti desertus.<\/p>\n<p>Turi nat\u016braliai b\u016bdingo kartumo.<\/p>\n<p><em>PASTABA. \u010cia pateikta informacija negali b\u016bti interpretuojama kaip gydymo ar kitokio pob\u016bd\u017eio sveikatos klausim\u0173 sprendimo rekomendacija. Raginame sprendimus, susijusius su asmenine sveikata, priimti asmeni\u0161kai, \u012fvertinus \u012fvairius informacijos \u0161altinius.<\/em><\/p>\n","protected":false},"excerpt":{"rendered":"<p>Ekologi\u0161ka cikorijos kava, skrudinta Cikorij\u0173 kava \u2013 g\u0117rimas be kofeino, gaminamas i\u0161 skrudint\u0173 tr\u016bka\u017eol\u0117s \u0161akn\u0173, si\u016blo puiki\u0105 alternatyv\u0105 tradicinei kavai.<\/p>\n","protected":false},"featured_media":22474,"template":"","meta":{"_acf_changed":false},"product_brand":[],"product_cat":[1265,1799],"product_tag":[1940,1381,1378],"class_list":{"0":"post-15732","1":"product","2":"type-product","3":"status-publish","4":"has-post-thumbnail","6":"product_cat-ekologiska-kakava-arbata-kava","7":"product_cat-kava","8":"product_tag-be-kofeino","9":"product_tag-be-pridetinio-cukraus","10":"product_tag-veganams","11":"pa_svoris-1-kg","12":"pa_svoris-100-g","13":"pa_svoris-200-g","14":"pa_svoris-300-g","15":"pa_svoris-400-g","16":"pa_svoris-50-g","17":"pa_svoris-500-g","19":"first","20":"instock","21":"shipping-taxable","22":"purchasable","23":"product-type-variable"},"acf":[],"yoast_head":"<!-- This site is optimized with the Yoast SEO plugin v27.4 - https:\/\/yoast.com\/product\/yoast-seo-wordpress\/ -->\n<title>Ekologi\u0161ka cikorijos kava, skrudinta - Biopapa<\/title>\n<meta name=\"description\" content=\"Ekologi\u0161ka cikorijos kava, \u0161velnaus kartumo ir aromatini\u0173 savybi\u0173 yra universalus tiek kar\u0161t\u0173, tiek \u0161alt\u0173 g\u0117rim\u0173 ingredientas, kur\u012f galima mai\u0161yti su tradicine kava arba patiekti vien\u0105.\" \/>\n<meta name=\"robots\" content=\"index, follow, max-snippet:-1, max-image-preview:large, max-video-preview:-1\" \/>\n<link rel=\"canonical\" href=\"https:\/\/www.biopapa.de\/lt\/producte\/ekologiska-cikorijos-kava-skrudinta\/\" \/>\n<meta property=\"og:locale\" content=\"lt_LT\" \/>\n<meta property=\"og:type\" content=\"article\" \/>\n<meta property=\"og:title\" content=\"Ekologi\u0161ka cikorijos kava, skrudinta - Biopapa\" \/>\n<meta property=\"og:description\" content=\"Ekologi\u0161ka cikorijos kava, \u0161velnaus kartumo ir aromatini\u0173 savybi\u0173 yra universalus tiek kar\u0161t\u0173, tiek \u0161alt\u0173 g\u0117rim\u0173 ingredientas, kur\u012f galima mai\u0161yti su tradicine kava arba patiekti vien\u0105.\" \/>\n<meta property=\"og:url\" content=\"https:\/\/www.biopapa.de\/lt\/producte\/ekologiska-cikorijos-kava-skrudinta\/\" \/>\n<meta property=\"og:site_name\" content=\"Biopapa\" \/>\n<meta property=\"article:publisher\" content=\"https:\/\/www.facebook.com\/biopapa.lt\" \/>\n<meta property=\"article:modified_time\" content=\"2025-10-22T14:58:44+00:00\" \/>\n<meta property=\"og:image\" content=\"https:\/\/www.biopapa.de\/wp-content\/uploads\/2021\/10\/Ekologiska-cikorijos-kava.png\" \/>\n\t<meta property=\"og:image:width\" content=\"800\" \/>\n\t<meta property=\"og:image:height\" content=\"640\" \/>\n\t<meta property=\"og:image:type\" content=\"image\/png\" \/>\n<meta name=\"twitter:card\" content=\"summary_large_image\" \/>\n<script type=\"application\/ld+json\" class=\"yoast-schema-graph\">{\"@context\":\"https:\\\/\\\/schema.org\",\"@graph\":[{\"@type\":\"WebPage\",\"@id\":\"https:\\\/\\\/www.biopapa.de\\\/lt\\\/producte\\\/ekologiska-cikorijos-kava-skrudinta\\\/\",\"url\":\"https:\\\/\\\/www.biopapa.de\\\/lt\\\/producte\\\/ekologiska-cikorijos-kava-skrudinta\\\/\",\"name\":\"Ekologi\u0161ka cikorijos kava, skrudinta - Biopapa\",\"isPartOf\":{\"@id\":\"https:\\\/\\\/www.biopapa.de\\\/lt\\\/#website\"},\"primaryImageOfPage\":{\"@id\":\"https:\\\/\\\/www.biopapa.de\\\/lt\\\/producte\\\/ekologiska-cikorijos-kava-skrudinta\\\/#primaryimage\"},\"image\":{\"@id\":\"https:\\\/\\\/www.biopapa.de\\\/lt\\\/producte\\\/ekologiska-cikorijos-kava-skrudinta\\\/#primaryimage\"},\"thumbnailUrl\":\"https:\\\/\\\/www.biopapa.de\\\/wp-content\\\/uploads\\\/2021\\\/10\\\/Ekologiska-cikorijos-kava.png\",\"datePublished\":\"2021-10-27T18:46:43+00:00\",\"dateModified\":\"2025-10-22T14:58:44+00:00\",\"description\":\"Ekologi\u0161ka cikorijos kava, \u0161velnaus kartumo ir aromatini\u0173 savybi\u0173 yra universalus tiek kar\u0161t\u0173, tiek \u0161alt\u0173 g\u0117rim\u0173 ingredientas, kur\u012f galima mai\u0161yti su tradicine kava arba patiekti vien\u0105.\",\"breadcrumb\":{\"@id\":\"https:\\\/\\\/www.biopapa.de\\\/lt\\\/producte\\\/ekologiska-cikorijos-kava-skrudinta\\\/#breadcrumb\"},\"inLanguage\":\"lt-LT\",\"potentialAction\":[{\"@type\":\"ReadAction\",\"target\":[\"https:\\\/\\\/www.biopapa.de\\\/lt\\\/producte\\\/ekologiska-cikorijos-kava-skrudinta\\\/\"]}]},{\"@type\":\"ImageObject\",\"inLanguage\":\"lt-LT\",\"@id\":\"https:\\\/\\\/www.biopapa.de\\\/lt\\\/producte\\\/ekologiska-cikorijos-kava-skrudinta\\\/#primaryimage\",\"url\":\"https:\\\/\\\/www.biopapa.de\\\/wp-content\\\/uploads\\\/2021\\\/10\\\/Ekologiska-cikorijos-kava.png\",\"contentUrl\":\"https:\\\/\\\/www.biopapa.de\\\/wp-content\\\/uploads\\\/2021\\\/10\\\/Ekologiska-cikorijos-kava.png\",\"width\":800,\"height\":640,\"caption\":\"Ekologiska cikorijos kava\"},{\"@type\":\"BreadcrumbList\",\"@id\":\"https:\\\/\\\/www.biopapa.de\\\/lt\\\/producte\\\/ekologiska-cikorijos-kava-skrudinta\\\/#breadcrumb\",\"itemListElement\":[{\"@type\":\"ListItem\",\"position\":1,\"name\":\"Home\",\"item\":\"https:\\\/\\\/www.biopapa.de\\\/lt\\\/\"},{\"@type\":\"ListItem\",\"position\":2,\"name\":\"Parduotuv\u0117\",\"item\":\"https:\\\/\\\/www.biopapa.de\\\/parduotuve\\\/\"},{\"@type\":\"ListItem\",\"position\":3,\"name\":\"Ekologi\u0161ka cikorijos kava, skrudinta\"}]},{\"@type\":\"WebSite\",\"@id\":\"https:\\\/\\\/www.biopapa.de\\\/lt\\\/#website\",\"url\":\"https:\\\/\\\/www.biopapa.de\\\/lt\\\/\",\"name\":\"Biopapa\",\"description\":\"\u0160var\u016bs ekologi\u0161ki produktai\",\"publisher\":{\"@id\":\"https:\\\/\\\/www.biopapa.de\\\/lt\\\/#organization\"},\"potentialAction\":[{\"@type\":\"SearchAction\",\"target\":{\"@type\":\"EntryPoint\",\"urlTemplate\":\"https:\\\/\\\/www.biopapa.de\\\/lt\\\/?s={search_term_string}\"},\"query-input\":{\"@type\":\"PropertyValueSpecification\",\"valueRequired\":true,\"valueName\":\"search_term_string\"}}],\"inLanguage\":\"lt-LT\"},{\"@type\":\"Organization\",\"@id\":\"https:\\\/\\\/www.biopapa.de\\\/lt\\\/#organization\",\"name\":\"Biopapa\",\"url\":\"https:\\\/\\\/www.biopapa.de\\\/lt\\\/\",\"logo\":{\"@type\":\"ImageObject\",\"inLanguage\":\"lt-LT\",\"@id\":\"https:\\\/\\\/www.biopapa.de\\\/lt\\\/#\\\/schema\\\/logo\\\/image\\\/\",\"url\":\"https:\\\/\\\/www.biopapa.lt\\\/wp-content\\\/uploads\\\/2022\\\/04\\\/facebook_biopapa.jpg\",\"contentUrl\":\"https:\\\/\\\/www.biopapa.lt\\\/wp-content\\\/uploads\\\/2022\\\/04\\\/facebook_biopapa.jpg\",\"width\":1733,\"height\":907,\"caption\":\"Biopapa\"},\"image\":{\"@id\":\"https:\\\/\\\/www.biopapa.de\\\/lt\\\/#\\\/schema\\\/logo\\\/image\\\/\"},\"sameAs\":[\"https:\\\/\\\/www.facebook.com\\\/biopapa.lt\"]}]}<\/script>\n<!-- \/ Yoast SEO plugin. -->","yoast_head_json":{"title":"Ekologi\u0161ka cikorijos kava, skrudinta - Biopapa","description":"Ekologi\u0161ka cikorijos kava, \u0161velnaus kartumo ir aromatini\u0173 savybi\u0173 yra universalus tiek kar\u0161t\u0173, tiek \u0161alt\u0173 g\u0117rim\u0173 ingredientas, kur\u012f galima mai\u0161yti su tradicine kava arba patiekti vien\u0105.","robots":{"index":"index","follow":"follow","max-snippet":"max-snippet:-1","max-image-preview":"max-image-preview:large","max-video-preview":"max-video-preview:-1"},"canonical":"https:\/\/www.biopapa.de\/lt\/producte\/ekologiska-cikorijos-kava-skrudinta\/","og_locale":"lt_LT","og_type":"article","og_title":"Ekologi\u0161ka cikorijos kava, skrudinta - Biopapa","og_description":"Ekologi\u0161ka cikorijos kava, \u0161velnaus kartumo ir aromatini\u0173 savybi\u0173 yra universalus tiek kar\u0161t\u0173, tiek \u0161alt\u0173 g\u0117rim\u0173 ingredientas, kur\u012f galima mai\u0161yti su tradicine kava arba patiekti vien\u0105.","og_url":"https:\/\/www.biopapa.de\/lt\/producte\/ekologiska-cikorijos-kava-skrudinta\/","og_site_name":"Biopapa","article_publisher":"https:\/\/www.facebook.com\/biopapa.lt","article_modified_time":"2025-10-22T14:58:44+00:00","og_image":[{"width":800,"height":640,"url":"https:\/\/www.biopapa.de\/wp-content\/uploads\/2021\/10\/Ekologiska-cikorijos-kava.png","type":"image\/png"}],"twitter_card":"summary_large_image","schema":{"@context":"https:\/\/schema.org","@graph":[{"@type":"WebPage","@id":"https:\/\/www.biopapa.de\/lt\/producte\/ekologiska-cikorijos-kava-skrudinta\/","url":"https:\/\/www.biopapa.de\/lt\/producte\/ekologiska-cikorijos-kava-skrudinta\/","name":"Ekologi\u0161ka cikorijos kava, skrudinta - Biopapa","isPartOf":{"@id":"https:\/\/www.biopapa.de\/lt\/#website"},"primaryImageOfPage":{"@id":"https:\/\/www.biopapa.de\/lt\/producte\/ekologiska-cikorijos-kava-skrudinta\/#primaryimage"},"image":{"@id":"https:\/\/www.biopapa.de\/lt\/producte\/ekologiska-cikorijos-kava-skrudinta\/#primaryimage"},"thumbnailUrl":"https:\/\/www.biopapa.de\/wp-content\/uploads\/2021\/10\/Ekologiska-cikorijos-kava.png","datePublished":"2021-10-27T18:46:43+00:00","dateModified":"2025-10-22T14:58:44+00:00","description":"Ekologi\u0161ka cikorijos kava, \u0161velnaus kartumo ir aromatini\u0173 savybi\u0173 yra universalus tiek kar\u0161t\u0173, tiek \u0161alt\u0173 g\u0117rim\u0173 ingredientas, kur\u012f galima mai\u0161yti su tradicine kava arba patiekti vien\u0105.","breadcrumb":{"@id":"https:\/\/www.biopapa.de\/lt\/producte\/ekologiska-cikorijos-kava-skrudinta\/#breadcrumb"},"inLanguage":"lt-LT","potentialAction":[{"@type":"ReadAction","target":["https:\/\/www.biopapa.de\/lt\/producte\/ekologiska-cikorijos-kava-skrudinta\/"]}]},{"@type":"ImageObject","inLanguage":"lt-LT","@id":"https:\/\/www.biopapa.de\/lt\/producte\/ekologiska-cikorijos-kava-skrudinta\/#primaryimage","url":"https:\/\/www.biopapa.de\/wp-content\/uploads\/2021\/10\/Ekologiska-cikorijos-kava.png","contentUrl":"https:\/\/www.biopapa.de\/wp-content\/uploads\/2021\/10\/Ekologiska-cikorijos-kava.png","width":800,"height":640,"caption":"Ekologiska cikorijos kava"},{"@type":"BreadcrumbList","@id":"https:\/\/www.biopapa.de\/lt\/producte\/ekologiska-cikorijos-kava-skrudinta\/#breadcrumb","itemListElement":[{"@type":"ListItem","position":1,"name":"Home","item":"https:\/\/www.biopapa.de\/lt\/"},{"@type":"ListItem","position":2,"name":"Parduotuv\u0117","item":"https:\/\/www.biopapa.de\/parduotuve\/"},{"@type":"ListItem","position":3,"name":"Ekologi\u0161ka cikorijos kava, skrudinta"}]},{"@type":"WebSite","@id":"https:\/\/www.biopapa.de\/lt\/#website","url":"https:\/\/www.biopapa.de\/lt\/","name":"Biopapa","description":"\u0160var\u016bs ekologi\u0161ki produktai","publisher":{"@id":"https:\/\/www.biopapa.de\/lt\/#organization"},"potentialAction":[{"@type":"SearchAction","target":{"@type":"EntryPoint","urlTemplate":"https:\/\/www.biopapa.de\/lt\/?s={search_term_string}"},"query-input":{"@type":"PropertyValueSpecification","valueRequired":true,"valueName":"search_term_string"}}],"inLanguage":"lt-LT"},{"@type":"Organization","@id":"https:\/\/www.biopapa.de\/lt\/#organization","name":"Biopapa","url":"https:\/\/www.biopapa.de\/lt\/","logo":{"@type":"ImageObject","inLanguage":"lt-LT","@id":"https:\/\/www.biopapa.de\/lt\/#\/schema\/logo\/image\/","url":"https:\/\/www.biopapa.lt\/wp-content\/uploads\/2022\/04\/facebook_biopapa.jpg","contentUrl":"https:\/\/www.biopapa.lt\/wp-content\/uploads\/2022\/04\/facebook_biopapa.jpg","width":1733,"height":907,"caption":"Biopapa"},"image":{"@id":"https:\/\/www.biopapa.de\/lt\/#\/schema\/logo\/image\/"},"sameAs":["https:\/\/www.facebook.com\/biopapa.lt"]}]}},"_links":{"self":[{"href":"https:\/\/www.biopapa.de\/lt\/wp-json\/wp\/v2\/product\/15732","targetHints":{"allow":["GET"]}}],"collection":[{"href":"https:\/\/www.biopapa.de\/lt\/wp-json\/wp\/v2\/product"}],"about":[{"href":"https:\/\/www.biopapa.de\/lt\/wp-json\/wp\/v2\/types\/product"}],"wp:featuredmedia":[{"embeddable":true,"href":"https:\/\/www.biopapa.de\/lt\/wp-json\/wp\/v2\/media\/22474"}],"wp:attachment":[{"href":"https:\/\/www.biopapa.de\/lt\/wp-json\/wp\/v2\/media?parent=15732"}],"wp:term":[{"taxonomy":"product_brand","embeddable":true,"href":"https:\/\/www.biopapa.de\/lt\/wp-json\/wp\/v2\/product_brand?post=15732"},{"taxonomy":"product_cat","embeddable":true,"href":"https:\/\/www.biopapa.de\/lt\/wp-json\/wp\/v2\/product_cat?post=15732"},{"taxonomy":"product_tag","embeddable":true,"href":"https:\/\/www.biopapa.de\/lt\/wp-json\/wp\/v2\/product_tag?post=15732"}],"curies":[{"name":"wp","href":"https:\/\/api.w.org\/{rel}","templated":true}]}}