{"id":15739,"date":"2021-10-27T21:52:19","date_gmt":"2021-10-27T18:52:19","guid":{"rendered":"https:\/\/www.biopapa.lt\/?post_type=product&#038;p=15739"},"modified":"2026-03-25T14:51:50","modified_gmt":"2026-03-25T12:51:50","slug":"ekologiska-kiaulpieniu-saknu-kava-skrudinta","status":"publish","type":"product","link":"https:\/\/www.biopapa.de\/lt\/producte\/ekologiska-kiaulpieniu-saknu-kava-skrudinta\/","title":{"rendered":"Ekologi\u0161ka kiaulpieni\u0173 \u0161akn\u0173 kava, skrudinta"},"content":{"rendered":"<p><strong>Ekologi\u0161ka kiaulpieni\u0173 \u0161akn\u0173 kava yra be kofeino,<\/strong> tod\u0117l tinka visai \u0161eimai.<\/p>\n<p>Tai skani \u012fprastos pupeli\u0173 kavos alternatyva, kuri Lietuvoje vartojama nuo seno. \u0160vie\u017eiai skrudinta ir malta, pagaminta pagal sen\u0105 recept\u016br\u0105. Kavos spalva priklauso nuo skrudinimo laiko. Norint pasiekti tiksl\u0173 efekt\u0105, reikia ilgesnio skrudinimo laiko.<br \/>\nTuri nat\u016braliai b\u016bdingo kartumo. Tinka veganams.<\/p>\n<p>Paruo\u0161imas: \u012e puodel\u012f \u012fberti 1\/2 arba 1 arbatin\u012f \u0161auk\u0161tel\u012f kavos. U\u017epilti kar\u0161tu vandeniu. I\u0161mai\u0161yti. Jei norite, galite pagardinti pasirinktu <a href=\"https:\/\/www.biopapa.lt\/?s=natumi&amp;post_type=product\">saldikliu ir augaliniu pienu<\/a>.<\/p>\n","protected":false},"excerpt":{"rendered":"<p>Ekologi\u0161ka kiaulpieni\u0173 \u0161akn\u0173 kava yra be kofeino, tod\u0117l tinka visai \u0161eimai. Tai skani \u012fprastos pupeli\u0173 kavos alternatyva, kuri Lietuvoje vartojama<\/p>\n","protected":false},"featured_media":15997,"template":"","meta":{"_acf_changed":false},"product_brand":[],"product_cat":[1265],"product_tag":[1381,1378],"class_list":{"0":"post-15739","1":"product","2":"type-product","3":"status-publish","4":"has-post-thumbnail","6":"product_cat-ekologiska-kakava-arbata-kava","7":"product_tag-be-pridetinio-cukraus","8":"product_tag-veganams","9":"pa_svoris-1-kg","10":"pa_svoris-100-g","11":"pa_svoris-20-kg","12":"pa_svoris-200-g","13":"pa_svoris-300-g","14":"pa_svoris-400-g","15":"pa_svoris-50-g","16":"pa_svoris-500-g","18":"first","19":"instock","20":"shipping-taxable","21":"purchasable","22":"product-type-variable"},"acf":[],"yoast_head":"<!-- This site is optimized with the Yoast SEO plugin v27.4 - https:\/\/yoast.com\/product\/yoast-seo-wordpress\/ -->\n<title>Ekologi\u0161ka kiaulpieni\u0173 \u0161akn\u0173 kava, skrudinta - Biopapa<\/title>\n<meta name=\"description\" content=\"Ekologi\u0161ka kiaulpieni\u0173 \u0161akn\u0173 kava yra be kofeino, tod\u0117l tinka visai \u0161eimai. \u0160vie\u017eiai skrudinta ir malta, pagaminta pagal sen\u0105 recept\u016br\u0105. Turi nat\u016braliai b\u016bdingo kartumo.\" \/>\n<meta name=\"robots\" content=\"index, follow, max-snippet:-1, max-image-preview:large, max-video-preview:-1\" \/>\n<link rel=\"canonical\" href=\"https:\/\/www.biopapa.de\/lt\/producte\/ekologiska-kiaulpieniu-saknu-kava-skrudinta\/\" \/>\n<meta property=\"og:locale\" content=\"lt_LT\" \/>\n<meta property=\"og:type\" content=\"article\" \/>\n<meta property=\"og:title\" content=\"Ekologi\u0161ka kiaulpieni\u0173 \u0161akn\u0173 kava, skrudinta - Biopapa\" \/>\n<meta property=\"og:description\" content=\"Ekologi\u0161ka kiaulpieni\u0173 \u0161akn\u0173 kava yra be kofeino, tod\u0117l tinka visai \u0161eimai. \u0160vie\u017eiai skrudinta ir malta, pagaminta pagal sen\u0105 recept\u016br\u0105. Turi nat\u016braliai b\u016bdingo kartumo.\" \/>\n<meta property=\"og:url\" content=\"https:\/\/www.biopapa.de\/lt\/producte\/ekologiska-kiaulpieniu-saknu-kava-skrudinta\/\" \/>\n<meta property=\"og:site_name\" content=\"Biopapa\" \/>\n<meta property=\"article:publisher\" content=\"https:\/\/www.facebook.com\/biopapa.lt\" \/>\n<meta property=\"article:modified_time\" content=\"2026-03-25T12:51:50+00:00\" \/>\n<meta property=\"og:image\" content=\"https:\/\/www.biopapa.de\/wp-content\/uploads\/2021\/10\/Ekologiska-kiaulpieniu-saknu-kava-skrudinta.jpg\" \/>\n\t<meta property=\"og:image:width\" content=\"800\" \/>\n\t<meta property=\"og:image:height\" content=\"640\" \/>\n\t<meta property=\"og:image:type\" content=\"image\/jpeg\" \/>\n<meta name=\"twitter:card\" content=\"summary_large_image\" \/>\n<script type=\"application\/ld+json\" class=\"yoast-schema-graph\">{\"@context\":\"https:\\\/\\\/schema.org\",\"@graph\":[{\"@type\":\"WebPage\",\"@id\":\"https:\\\/\\\/www.biopapa.de\\\/lt\\\/producte\\\/ekologiska-kiaulpieniu-saknu-kava-skrudinta\\\/\",\"url\":\"https:\\\/\\\/www.biopapa.de\\\/lt\\\/producte\\\/ekologiska-kiaulpieniu-saknu-kava-skrudinta\\\/\",\"name\":\"Ekologi\u0161ka kiaulpieni\u0173 \u0161akn\u0173 kava, skrudinta - Biopapa\",\"isPartOf\":{\"@id\":\"https:\\\/\\\/www.biopapa.de\\\/lt\\\/#website\"},\"primaryImageOfPage\":{\"@id\":\"https:\\\/\\\/www.biopapa.de\\\/lt\\\/producte\\\/ekologiska-kiaulpieniu-saknu-kava-skrudinta\\\/#primaryimage\"},\"image\":{\"@id\":\"https:\\\/\\\/www.biopapa.de\\\/lt\\\/producte\\\/ekologiska-kiaulpieniu-saknu-kava-skrudinta\\\/#primaryimage\"},\"thumbnailUrl\":\"https:\\\/\\\/www.biopapa.de\\\/wp-content\\\/uploads\\\/2021\\\/10\\\/Ekologiska-kiaulpieniu-saknu-kava-skrudinta.jpg\",\"datePublished\":\"2021-10-27T18:52:19+00:00\",\"dateModified\":\"2026-03-25T12:51:50+00:00\",\"description\":\"Ekologi\u0161ka kiaulpieni\u0173 \u0161akn\u0173 kava yra be kofeino, tod\u0117l tinka visai \u0161eimai. \u0160vie\u017eiai skrudinta ir malta, pagaminta pagal sen\u0105 recept\u016br\u0105. Turi nat\u016braliai b\u016bdingo kartumo.\",\"breadcrumb\":{\"@id\":\"https:\\\/\\\/www.biopapa.de\\\/lt\\\/producte\\\/ekologiska-kiaulpieniu-saknu-kava-skrudinta\\\/#breadcrumb\"},\"inLanguage\":\"lt-LT\",\"potentialAction\":[{\"@type\":\"ReadAction\",\"target\":[\"https:\\\/\\\/www.biopapa.de\\\/lt\\\/producte\\\/ekologiska-kiaulpieniu-saknu-kava-skrudinta\\\/\"]}]},{\"@type\":\"ImageObject\",\"inLanguage\":\"lt-LT\",\"@id\":\"https:\\\/\\\/www.biopapa.de\\\/lt\\\/producte\\\/ekologiska-kiaulpieniu-saknu-kava-skrudinta\\\/#primaryimage\",\"url\":\"https:\\\/\\\/www.biopapa.de\\\/wp-content\\\/uploads\\\/2021\\\/10\\\/Ekologiska-kiaulpieniu-saknu-kava-skrudinta.jpg\",\"contentUrl\":\"https:\\\/\\\/www.biopapa.de\\\/wp-content\\\/uploads\\\/2021\\\/10\\\/Ekologiska-kiaulpieniu-saknu-kava-skrudinta.jpg\",\"width\":800,\"height\":640,\"caption\":\"Ekologi\u0161ka kiaulpieni\u0173 \u0161akn\u0173 kava, skrudinta\"},{\"@type\":\"BreadcrumbList\",\"@id\":\"https:\\\/\\\/www.biopapa.de\\\/lt\\\/producte\\\/ekologiska-kiaulpieniu-saknu-kava-skrudinta\\\/#breadcrumb\",\"itemListElement\":[{\"@type\":\"ListItem\",\"position\":1,\"name\":\"Home\",\"item\":\"https:\\\/\\\/www.biopapa.de\\\/lt\\\/\"},{\"@type\":\"ListItem\",\"position\":2,\"name\":\"Parduotuv\u0117\",\"item\":\"https:\\\/\\\/www.biopapa.de\\\/parduotuve\\\/\"},{\"@type\":\"ListItem\",\"position\":3,\"name\":\"Ekologi\u0161ka kiaulpieni\u0173 \u0161akn\u0173 kava, skrudinta\"}]},{\"@type\":\"WebSite\",\"@id\":\"https:\\\/\\\/www.biopapa.de\\\/lt\\\/#website\",\"url\":\"https:\\\/\\\/www.biopapa.de\\\/lt\\\/\",\"name\":\"Biopapa\",\"description\":\"\u0160var\u016bs ekologi\u0161ki produktai\",\"publisher\":{\"@id\":\"https:\\\/\\\/www.biopapa.de\\\/lt\\\/#organization\"},\"potentialAction\":[{\"@type\":\"SearchAction\",\"target\":{\"@type\":\"EntryPoint\",\"urlTemplate\":\"https:\\\/\\\/www.biopapa.de\\\/lt\\\/?s={search_term_string}\"},\"query-input\":{\"@type\":\"PropertyValueSpecification\",\"valueRequired\":true,\"valueName\":\"search_term_string\"}}],\"inLanguage\":\"lt-LT\"},{\"@type\":\"Organization\",\"@id\":\"https:\\\/\\\/www.biopapa.de\\\/lt\\\/#organization\",\"name\":\"Biopapa\",\"url\":\"https:\\\/\\\/www.biopapa.de\\\/lt\\\/\",\"logo\":{\"@type\":\"ImageObject\",\"inLanguage\":\"lt-LT\",\"@id\":\"https:\\\/\\\/www.biopapa.de\\\/lt\\\/#\\\/schema\\\/logo\\\/image\\\/\",\"url\":\"https:\\\/\\\/www.biopapa.lt\\\/wp-content\\\/uploads\\\/2022\\\/04\\\/facebook_biopapa.jpg\",\"contentUrl\":\"https:\\\/\\\/www.biopapa.lt\\\/wp-content\\\/uploads\\\/2022\\\/04\\\/facebook_biopapa.jpg\",\"width\":1733,\"height\":907,\"caption\":\"Biopapa\"},\"image\":{\"@id\":\"https:\\\/\\\/www.biopapa.de\\\/lt\\\/#\\\/schema\\\/logo\\\/image\\\/\"},\"sameAs\":[\"https:\\\/\\\/www.facebook.com\\\/biopapa.lt\"]}]}<\/script>\n<!-- \/ Yoast SEO plugin. -->","yoast_head_json":{"title":"Ekologi\u0161ka kiaulpieni\u0173 \u0161akn\u0173 kava, skrudinta - Biopapa","description":"Ekologi\u0161ka kiaulpieni\u0173 \u0161akn\u0173 kava yra be kofeino, tod\u0117l tinka visai \u0161eimai. \u0160vie\u017eiai skrudinta ir malta, pagaminta pagal sen\u0105 recept\u016br\u0105. Turi nat\u016braliai b\u016bdingo kartumo.","robots":{"index":"index","follow":"follow","max-snippet":"max-snippet:-1","max-image-preview":"max-image-preview:large","max-video-preview":"max-video-preview:-1"},"canonical":"https:\/\/www.biopapa.de\/lt\/producte\/ekologiska-kiaulpieniu-saknu-kava-skrudinta\/","og_locale":"lt_LT","og_type":"article","og_title":"Ekologi\u0161ka kiaulpieni\u0173 \u0161akn\u0173 kava, skrudinta - Biopapa","og_description":"Ekologi\u0161ka kiaulpieni\u0173 \u0161akn\u0173 kava yra be kofeino, tod\u0117l tinka visai \u0161eimai. \u0160vie\u017eiai skrudinta ir malta, pagaminta pagal sen\u0105 recept\u016br\u0105. Turi nat\u016braliai b\u016bdingo kartumo.","og_url":"https:\/\/www.biopapa.de\/lt\/producte\/ekologiska-kiaulpieniu-saknu-kava-skrudinta\/","og_site_name":"Biopapa","article_publisher":"https:\/\/www.facebook.com\/biopapa.lt","article_modified_time":"2026-03-25T12:51:50+00:00","og_image":[{"width":800,"height":640,"url":"https:\/\/www.biopapa.de\/wp-content\/uploads\/2021\/10\/Ekologiska-kiaulpieniu-saknu-kava-skrudinta.jpg","type":"image\/jpeg"}],"twitter_card":"summary_large_image","schema":{"@context":"https:\/\/schema.org","@graph":[{"@type":"WebPage","@id":"https:\/\/www.biopapa.de\/lt\/producte\/ekologiska-kiaulpieniu-saknu-kava-skrudinta\/","url":"https:\/\/www.biopapa.de\/lt\/producte\/ekologiska-kiaulpieniu-saknu-kava-skrudinta\/","name":"Ekologi\u0161ka kiaulpieni\u0173 \u0161akn\u0173 kava, skrudinta - Biopapa","isPartOf":{"@id":"https:\/\/www.biopapa.de\/lt\/#website"},"primaryImageOfPage":{"@id":"https:\/\/www.biopapa.de\/lt\/producte\/ekologiska-kiaulpieniu-saknu-kava-skrudinta\/#primaryimage"},"image":{"@id":"https:\/\/www.biopapa.de\/lt\/producte\/ekologiska-kiaulpieniu-saknu-kava-skrudinta\/#primaryimage"},"thumbnailUrl":"https:\/\/www.biopapa.de\/wp-content\/uploads\/2021\/10\/Ekologiska-kiaulpieniu-saknu-kava-skrudinta.jpg","datePublished":"2021-10-27T18:52:19+00:00","dateModified":"2026-03-25T12:51:50+00:00","description":"Ekologi\u0161ka kiaulpieni\u0173 \u0161akn\u0173 kava yra be kofeino, tod\u0117l tinka visai \u0161eimai. \u0160vie\u017eiai skrudinta ir malta, pagaminta pagal sen\u0105 recept\u016br\u0105. Turi nat\u016braliai b\u016bdingo kartumo.","breadcrumb":{"@id":"https:\/\/www.biopapa.de\/lt\/producte\/ekologiska-kiaulpieniu-saknu-kava-skrudinta\/#breadcrumb"},"inLanguage":"lt-LT","potentialAction":[{"@type":"ReadAction","target":["https:\/\/www.biopapa.de\/lt\/producte\/ekologiska-kiaulpieniu-saknu-kava-skrudinta\/"]}]},{"@type":"ImageObject","inLanguage":"lt-LT","@id":"https:\/\/www.biopapa.de\/lt\/producte\/ekologiska-kiaulpieniu-saknu-kava-skrudinta\/#primaryimage","url":"https:\/\/www.biopapa.de\/wp-content\/uploads\/2021\/10\/Ekologiska-kiaulpieniu-saknu-kava-skrudinta.jpg","contentUrl":"https:\/\/www.biopapa.de\/wp-content\/uploads\/2021\/10\/Ekologiska-kiaulpieniu-saknu-kava-skrudinta.jpg","width":800,"height":640,"caption":"Ekologi\u0161ka kiaulpieni\u0173 \u0161akn\u0173 kava, skrudinta"},{"@type":"BreadcrumbList","@id":"https:\/\/www.biopapa.de\/lt\/producte\/ekologiska-kiaulpieniu-saknu-kava-skrudinta\/#breadcrumb","itemListElement":[{"@type":"ListItem","position":1,"name":"Home","item":"https:\/\/www.biopapa.de\/lt\/"},{"@type":"ListItem","position":2,"name":"Parduotuv\u0117","item":"https:\/\/www.biopapa.de\/parduotuve\/"},{"@type":"ListItem","position":3,"name":"Ekologi\u0161ka kiaulpieni\u0173 \u0161akn\u0173 kava, skrudinta"}]},{"@type":"WebSite","@id":"https:\/\/www.biopapa.de\/lt\/#website","url":"https:\/\/www.biopapa.de\/lt\/","name":"Biopapa","description":"\u0160var\u016bs ekologi\u0161ki produktai","publisher":{"@id":"https:\/\/www.biopapa.de\/lt\/#organization"},"potentialAction":[{"@type":"SearchAction","target":{"@type":"EntryPoint","urlTemplate":"https:\/\/www.biopapa.de\/lt\/?s={search_term_string}"},"query-input":{"@type":"PropertyValueSpecification","valueRequired":true,"valueName":"search_term_string"}}],"inLanguage":"lt-LT"},{"@type":"Organization","@id":"https:\/\/www.biopapa.de\/lt\/#organization","name":"Biopapa","url":"https:\/\/www.biopapa.de\/lt\/","logo":{"@type":"ImageObject","inLanguage":"lt-LT","@id":"https:\/\/www.biopapa.de\/lt\/#\/schema\/logo\/image\/","url":"https:\/\/www.biopapa.lt\/wp-content\/uploads\/2022\/04\/facebook_biopapa.jpg","contentUrl":"https:\/\/www.biopapa.lt\/wp-content\/uploads\/2022\/04\/facebook_biopapa.jpg","width":1733,"height":907,"caption":"Biopapa"},"image":{"@id":"https:\/\/www.biopapa.de\/lt\/#\/schema\/logo\/image\/"},"sameAs":["https:\/\/www.facebook.com\/biopapa.lt"]}]}},"_links":{"self":[{"href":"https:\/\/www.biopapa.de\/lt\/wp-json\/wp\/v2\/product\/15739","targetHints":{"allow":["GET"]}}],"collection":[{"href":"https:\/\/www.biopapa.de\/lt\/wp-json\/wp\/v2\/product"}],"about":[{"href":"https:\/\/www.biopapa.de\/lt\/wp-json\/wp\/v2\/types\/product"}],"wp:featuredmedia":[{"embeddable":true,"href":"https:\/\/www.biopapa.de\/lt\/wp-json\/wp\/v2\/media\/15997"}],"wp:attachment":[{"href":"https:\/\/www.biopapa.de\/lt\/wp-json\/wp\/v2\/media?parent=15739"}],"wp:term":[{"taxonomy":"product_brand","embeddable":true,"href":"https:\/\/www.biopapa.de\/lt\/wp-json\/wp\/v2\/product_brand?post=15739"},{"taxonomy":"product_cat","embeddable":true,"href":"https:\/\/www.biopapa.de\/lt\/wp-json\/wp\/v2\/product_cat?post=15739"},{"taxonomy":"product_tag","embeddable":true,"href":"https:\/\/www.biopapa.de\/lt\/wp-json\/wp\/v2\/product_tag?post=15739"}],"curies":[{"name":"wp","href":"https:\/\/api.w.org\/{rel}","templated":true}]}}