{"id":15754,"date":"2021-10-27T22:04:23","date_gmt":"2021-10-27T19:04:23","guid":{"rendered":"https:\/\/www.biopapa.lt\/?post_type=product&#038;p=15754"},"modified":"2026-03-25T15:09:37","modified_gmt":"2026-03-25T13:09:37","slug":"ekologiska-baltoji-ceilono-arbata","status":"publish","type":"product","link":"https:\/\/www.biopapa.de\/lt\/producte\/ekologiska-baltoji-ceilono-arbata\/","title":{"rendered":"Ekologi\u0161ka baltoji Ceilono arbata"},"content":{"rendered":"<p><strong>Ekologi\u0161ka baltoji Ceilono arbata<\/strong>,\u00a0laikoma reta ir i\u0161skirtine arbatos r\u016b\u0161imi, gaminama \u0160ri Lankos auk\u0161tuminiuose regionuose.<br \/>\nPagaminta i\u0161 jaun\u0173 arbatos lapeli\u0173 ir pumpur\u0173, \u0161i arbata yra minimaliai apdorojama, lapai kruop\u0161\u010diai nuskinami ir \u0161velniai nuvytinami, kad i\u0161likt\u0173 subtilus skonis.<br \/>\nBaltoji Ceilono arbata gars\u0117ja d\u0117l savo subtilaus, niuansuoto skonio, pasi\u017eymin\u010dio lengvu g\u0117li\u0173 aromatu ir \u0161velniu, saldaus skonio profiliu. \u0160i arbata branginama ne tik d\u0117l i\u0161skirtinio skonio, bet ir d\u0117l galimos naudos sveikatai, nes joje gausu antioksidant\u0173 ir manoma, kad ji turi savybi\u0173, kurios gali palaikyti imunin\u0119 sistem\u0105 ir skatinti bendr\u0105 gerov\u0119.<br \/>\nBaltoji Ceilono arbata suteikia tikrai rafinuot\u0105 ir gaivi\u0105 arbatos g\u0117rimo patirt\u012f, tod\u0117l ji yra m\u0117gstama arbatos entuziast\u0173, ie\u0161kan\u010di\u0173 elegancijos kiekviename arbatos puodelyje .<\/p>\n","protected":false},"excerpt":{"rendered":"<p>Ekologi\u0161ka baltoji Ceilono arbata,\u00a0laikoma reta ir i\u0161skirtine arbatos r\u016b\u0161imi, gaminama \u0160ri Lankos auk\u0161tuminiuose regionuose. Pagaminta i\u0161 jaun\u0173 arbatos lapeli\u0173 ir<\/p>\n","protected":false},"featured_media":16000,"template":"","meta":{"_acf_changed":false},"product_brand":[],"product_cat":[1907,1265],"product_tag":[],"class_list":{"0":"post-15754","1":"product","2":"type-product","3":"status-publish","4":"has-post-thumbnail","6":"product_cat-arbata","7":"product_cat-ekologiska-kakava-arbata-kava","8":"pa_svoris-1-kg","9":"pa_svoris-100-g","10":"pa_svoris-2-kg","11":"pa_svoris-200-g","12":"pa_svoris-25-g","13":"pa_svoris-300-g","14":"pa_svoris-400-g","15":"pa_svoris-50-g","16":"pa_svoris-500-g","18":"first","19":"instock","20":"shipping-taxable","21":"purchasable","22":"product-type-variable"},"acf":[],"yoast_head":"<!-- This site is optimized with the Yoast SEO plugin v27.4 - https:\/\/yoast.com\/product\/yoast-seo-wordpress\/ -->\n<title>Ekologi\u0161ka baltoji Ceilono arbata - Biopapa<\/title>\n<meta name=\"description\" content=\"Baltoji Ceilono arbata suteikia tikrai rafinuot\u0105 ir gaivi\u0105 arbatos g\u0117rimo patirt\u012f, tod\u0117l ji yra m\u0117gstama arbatos entuziast\u0173, ie\u0161kan\u010di\u0173 elegancijos kiekviename arbatos puodelyje.\" \/>\n<meta name=\"robots\" content=\"index, follow, max-snippet:-1, max-image-preview:large, max-video-preview:-1\" \/>\n<link rel=\"canonical\" href=\"https:\/\/www.biopapa.de\/lt\/producte\/ekologiska-baltoji-ceilono-arbata\/\" \/>\n<meta property=\"og:locale\" content=\"lt_LT\" \/>\n<meta property=\"og:type\" content=\"article\" \/>\n<meta property=\"og:title\" content=\"Ekologi\u0161ka baltoji Ceilono arbata - Biopapa\" \/>\n<meta property=\"og:description\" content=\"Baltoji Ceilono arbata suteikia tikrai rafinuot\u0105 ir gaivi\u0105 arbatos g\u0117rimo patirt\u012f, tod\u0117l ji yra m\u0117gstama arbatos entuziast\u0173, ie\u0161kan\u010di\u0173 elegancijos kiekviename arbatos puodelyje.\" \/>\n<meta property=\"og:url\" content=\"https:\/\/www.biopapa.de\/lt\/producte\/ekologiska-baltoji-ceilono-arbata\/\" \/>\n<meta property=\"og:site_name\" content=\"Biopapa\" \/>\n<meta property=\"article:publisher\" content=\"https:\/\/www.facebook.com\/biopapa.lt\" \/>\n<meta property=\"article:modified_time\" content=\"2026-03-25T13:09:37+00:00\" \/>\n<meta property=\"og:image\" content=\"https:\/\/www.biopapa.de\/wp-content\/uploads\/2021\/10\/Ekologiska-baltoji-Ceilono-arbata.jpg\" \/>\n\t<meta property=\"og:image:width\" content=\"800\" \/>\n\t<meta property=\"og:image:height\" content=\"640\" \/>\n\t<meta property=\"og:image:type\" content=\"image\/jpeg\" \/>\n<meta name=\"twitter:card\" content=\"summary_large_image\" \/>\n<script type=\"application\/ld+json\" class=\"yoast-schema-graph\">{\"@context\":\"https:\\\/\\\/schema.org\",\"@graph\":[{\"@type\":\"WebPage\",\"@id\":\"https:\\\/\\\/www.biopapa.de\\\/lt\\\/producte\\\/ekologiska-baltoji-ceilono-arbata\\\/\",\"url\":\"https:\\\/\\\/www.biopapa.de\\\/lt\\\/producte\\\/ekologiska-baltoji-ceilono-arbata\\\/\",\"name\":\"Ekologi\u0161ka baltoji Ceilono arbata - Biopapa\",\"isPartOf\":{\"@id\":\"https:\\\/\\\/www.biopapa.de\\\/lt\\\/#website\"},\"primaryImageOfPage\":{\"@id\":\"https:\\\/\\\/www.biopapa.de\\\/lt\\\/producte\\\/ekologiska-baltoji-ceilono-arbata\\\/#primaryimage\"},\"image\":{\"@id\":\"https:\\\/\\\/www.biopapa.de\\\/lt\\\/producte\\\/ekologiska-baltoji-ceilono-arbata\\\/#primaryimage\"},\"thumbnailUrl\":\"https:\\\/\\\/www.biopapa.de\\\/wp-content\\\/uploads\\\/2021\\\/10\\\/Ekologiska-baltoji-Ceilono-arbata.jpg\",\"datePublished\":\"2021-10-27T19:04:23+00:00\",\"dateModified\":\"2026-03-25T13:09:37+00:00\",\"description\":\"Baltoji Ceilono arbata suteikia tikrai rafinuot\u0105 ir gaivi\u0105 arbatos g\u0117rimo patirt\u012f, tod\u0117l ji yra m\u0117gstama arbatos entuziast\u0173, ie\u0161kan\u010di\u0173 elegancijos kiekviename arbatos puodelyje.\",\"breadcrumb\":{\"@id\":\"https:\\\/\\\/www.biopapa.de\\\/lt\\\/producte\\\/ekologiska-baltoji-ceilono-arbata\\\/#breadcrumb\"},\"inLanguage\":\"lt-LT\",\"potentialAction\":[{\"@type\":\"ReadAction\",\"target\":[\"https:\\\/\\\/www.biopapa.de\\\/lt\\\/producte\\\/ekologiska-baltoji-ceilono-arbata\\\/\"]}]},{\"@type\":\"ImageObject\",\"inLanguage\":\"lt-LT\",\"@id\":\"https:\\\/\\\/www.biopapa.de\\\/lt\\\/producte\\\/ekologiska-baltoji-ceilono-arbata\\\/#primaryimage\",\"url\":\"https:\\\/\\\/www.biopapa.de\\\/wp-content\\\/uploads\\\/2021\\\/10\\\/Ekologiska-baltoji-Ceilono-arbata.jpg\",\"contentUrl\":\"https:\\\/\\\/www.biopapa.de\\\/wp-content\\\/uploads\\\/2021\\\/10\\\/Ekologiska-baltoji-Ceilono-arbata.jpg\",\"width\":800,\"height\":640,\"caption\":\"Ekologi\u0161ka baltoji Ceilono arbata\"},{\"@type\":\"BreadcrumbList\",\"@id\":\"https:\\\/\\\/www.biopapa.de\\\/lt\\\/producte\\\/ekologiska-baltoji-ceilono-arbata\\\/#breadcrumb\",\"itemListElement\":[{\"@type\":\"ListItem\",\"position\":1,\"name\":\"Home\",\"item\":\"https:\\\/\\\/www.biopapa.de\\\/lt\\\/\"},{\"@type\":\"ListItem\",\"position\":2,\"name\":\"Parduotuv\u0117\",\"item\":\"https:\\\/\\\/www.biopapa.de\\\/parduotuve\\\/\"},{\"@type\":\"ListItem\",\"position\":3,\"name\":\"Ekologi\u0161ka baltoji Ceilono arbata\"}]},{\"@type\":\"WebSite\",\"@id\":\"https:\\\/\\\/www.biopapa.de\\\/lt\\\/#website\",\"url\":\"https:\\\/\\\/www.biopapa.de\\\/lt\\\/\",\"name\":\"Biopapa\",\"description\":\"\u0160var\u016bs ekologi\u0161ki produktai\",\"publisher\":{\"@id\":\"https:\\\/\\\/www.biopapa.de\\\/lt\\\/#organization\"},\"potentialAction\":[{\"@type\":\"SearchAction\",\"target\":{\"@type\":\"EntryPoint\",\"urlTemplate\":\"https:\\\/\\\/www.biopapa.de\\\/lt\\\/?s={search_term_string}\"},\"query-input\":{\"@type\":\"PropertyValueSpecification\",\"valueRequired\":true,\"valueName\":\"search_term_string\"}}],\"inLanguage\":\"lt-LT\"},{\"@type\":\"Organization\",\"@id\":\"https:\\\/\\\/www.biopapa.de\\\/lt\\\/#organization\",\"name\":\"Biopapa\",\"url\":\"https:\\\/\\\/www.biopapa.de\\\/lt\\\/\",\"logo\":{\"@type\":\"ImageObject\",\"inLanguage\":\"lt-LT\",\"@id\":\"https:\\\/\\\/www.biopapa.de\\\/lt\\\/#\\\/schema\\\/logo\\\/image\\\/\",\"url\":\"https:\\\/\\\/www.biopapa.lt\\\/wp-content\\\/uploads\\\/2022\\\/04\\\/facebook_biopapa.jpg\",\"contentUrl\":\"https:\\\/\\\/www.biopapa.lt\\\/wp-content\\\/uploads\\\/2022\\\/04\\\/facebook_biopapa.jpg\",\"width\":1733,\"height\":907,\"caption\":\"Biopapa\"},\"image\":{\"@id\":\"https:\\\/\\\/www.biopapa.de\\\/lt\\\/#\\\/schema\\\/logo\\\/image\\\/\"},\"sameAs\":[\"https:\\\/\\\/www.facebook.com\\\/biopapa.lt\"]}]}<\/script>\n<!-- \/ Yoast SEO plugin. -->","yoast_head_json":{"title":"Ekologi\u0161ka baltoji Ceilono arbata - Biopapa","description":"Baltoji Ceilono arbata suteikia tikrai rafinuot\u0105 ir gaivi\u0105 arbatos g\u0117rimo patirt\u012f, tod\u0117l ji yra m\u0117gstama arbatos entuziast\u0173, ie\u0161kan\u010di\u0173 elegancijos kiekviename arbatos puodelyje.","robots":{"index":"index","follow":"follow","max-snippet":"max-snippet:-1","max-image-preview":"max-image-preview:large","max-video-preview":"max-video-preview:-1"},"canonical":"https:\/\/www.biopapa.de\/lt\/producte\/ekologiska-baltoji-ceilono-arbata\/","og_locale":"lt_LT","og_type":"article","og_title":"Ekologi\u0161ka baltoji Ceilono arbata - Biopapa","og_description":"Baltoji Ceilono arbata suteikia tikrai rafinuot\u0105 ir gaivi\u0105 arbatos g\u0117rimo patirt\u012f, tod\u0117l ji yra m\u0117gstama arbatos entuziast\u0173, ie\u0161kan\u010di\u0173 elegancijos kiekviename arbatos puodelyje.","og_url":"https:\/\/www.biopapa.de\/lt\/producte\/ekologiska-baltoji-ceilono-arbata\/","og_site_name":"Biopapa","article_publisher":"https:\/\/www.facebook.com\/biopapa.lt","article_modified_time":"2026-03-25T13:09:37+00:00","og_image":[{"width":800,"height":640,"url":"https:\/\/www.biopapa.de\/wp-content\/uploads\/2021\/10\/Ekologiska-baltoji-Ceilono-arbata.jpg","type":"image\/jpeg"}],"twitter_card":"summary_large_image","schema":{"@context":"https:\/\/schema.org","@graph":[{"@type":"WebPage","@id":"https:\/\/www.biopapa.de\/lt\/producte\/ekologiska-baltoji-ceilono-arbata\/","url":"https:\/\/www.biopapa.de\/lt\/producte\/ekologiska-baltoji-ceilono-arbata\/","name":"Ekologi\u0161ka baltoji Ceilono arbata - Biopapa","isPartOf":{"@id":"https:\/\/www.biopapa.de\/lt\/#website"},"primaryImageOfPage":{"@id":"https:\/\/www.biopapa.de\/lt\/producte\/ekologiska-baltoji-ceilono-arbata\/#primaryimage"},"image":{"@id":"https:\/\/www.biopapa.de\/lt\/producte\/ekologiska-baltoji-ceilono-arbata\/#primaryimage"},"thumbnailUrl":"https:\/\/www.biopapa.de\/wp-content\/uploads\/2021\/10\/Ekologiska-baltoji-Ceilono-arbata.jpg","datePublished":"2021-10-27T19:04:23+00:00","dateModified":"2026-03-25T13:09:37+00:00","description":"Baltoji Ceilono arbata suteikia tikrai rafinuot\u0105 ir gaivi\u0105 arbatos g\u0117rimo patirt\u012f, tod\u0117l ji yra m\u0117gstama arbatos entuziast\u0173, ie\u0161kan\u010di\u0173 elegancijos kiekviename arbatos puodelyje.","breadcrumb":{"@id":"https:\/\/www.biopapa.de\/lt\/producte\/ekologiska-baltoji-ceilono-arbata\/#breadcrumb"},"inLanguage":"lt-LT","potentialAction":[{"@type":"ReadAction","target":["https:\/\/www.biopapa.de\/lt\/producte\/ekologiska-baltoji-ceilono-arbata\/"]}]},{"@type":"ImageObject","inLanguage":"lt-LT","@id":"https:\/\/www.biopapa.de\/lt\/producte\/ekologiska-baltoji-ceilono-arbata\/#primaryimage","url":"https:\/\/www.biopapa.de\/wp-content\/uploads\/2021\/10\/Ekologiska-baltoji-Ceilono-arbata.jpg","contentUrl":"https:\/\/www.biopapa.de\/wp-content\/uploads\/2021\/10\/Ekologiska-baltoji-Ceilono-arbata.jpg","width":800,"height":640,"caption":"Ekologi\u0161ka baltoji Ceilono arbata"},{"@type":"BreadcrumbList","@id":"https:\/\/www.biopapa.de\/lt\/producte\/ekologiska-baltoji-ceilono-arbata\/#breadcrumb","itemListElement":[{"@type":"ListItem","position":1,"name":"Home","item":"https:\/\/www.biopapa.de\/lt\/"},{"@type":"ListItem","position":2,"name":"Parduotuv\u0117","item":"https:\/\/www.biopapa.de\/parduotuve\/"},{"@type":"ListItem","position":3,"name":"Ekologi\u0161ka baltoji Ceilono arbata"}]},{"@type":"WebSite","@id":"https:\/\/www.biopapa.de\/lt\/#website","url":"https:\/\/www.biopapa.de\/lt\/","name":"Biopapa","description":"\u0160var\u016bs ekologi\u0161ki produktai","publisher":{"@id":"https:\/\/www.biopapa.de\/lt\/#organization"},"potentialAction":[{"@type":"SearchAction","target":{"@type":"EntryPoint","urlTemplate":"https:\/\/www.biopapa.de\/lt\/?s={search_term_string}"},"query-input":{"@type":"PropertyValueSpecification","valueRequired":true,"valueName":"search_term_string"}}],"inLanguage":"lt-LT"},{"@type":"Organization","@id":"https:\/\/www.biopapa.de\/lt\/#organization","name":"Biopapa","url":"https:\/\/www.biopapa.de\/lt\/","logo":{"@type":"ImageObject","inLanguage":"lt-LT","@id":"https:\/\/www.biopapa.de\/lt\/#\/schema\/logo\/image\/","url":"https:\/\/www.biopapa.lt\/wp-content\/uploads\/2022\/04\/facebook_biopapa.jpg","contentUrl":"https:\/\/www.biopapa.lt\/wp-content\/uploads\/2022\/04\/facebook_biopapa.jpg","width":1733,"height":907,"caption":"Biopapa"},"image":{"@id":"https:\/\/www.biopapa.de\/lt\/#\/schema\/logo\/image\/"},"sameAs":["https:\/\/www.facebook.com\/biopapa.lt"]}]}},"_links":{"self":[{"href":"https:\/\/www.biopapa.de\/lt\/wp-json\/wp\/v2\/product\/15754","targetHints":{"allow":["GET"]}}],"collection":[{"href":"https:\/\/www.biopapa.de\/lt\/wp-json\/wp\/v2\/product"}],"about":[{"href":"https:\/\/www.biopapa.de\/lt\/wp-json\/wp\/v2\/types\/product"}],"wp:featuredmedia":[{"embeddable":true,"href":"https:\/\/www.biopapa.de\/lt\/wp-json\/wp\/v2\/media\/16000"}],"wp:attachment":[{"href":"https:\/\/www.biopapa.de\/lt\/wp-json\/wp\/v2\/media?parent=15754"}],"wp:term":[{"taxonomy":"product_brand","embeddable":true,"href":"https:\/\/www.biopapa.de\/lt\/wp-json\/wp\/v2\/product_brand?post=15754"},{"taxonomy":"product_cat","embeddable":true,"href":"https:\/\/www.biopapa.de\/lt\/wp-json\/wp\/v2\/product_cat?post=15754"},{"taxonomy":"product_tag","embeddable":true,"href":"https:\/\/www.biopapa.de\/lt\/wp-json\/wp\/v2\/product_tag?post=15754"}],"curies":[{"name":"wp","href":"https:\/\/api.w.org\/{rel}","templated":true}]}}