{"id":15769,"date":"2021-10-27T22:22:03","date_gmt":"2021-10-27T19:22:03","guid":{"rendered":"https:\/\/www.biopapa.lt\/?post_type=product&#038;p=15769"},"modified":"2026-03-02T14:38:58","modified_gmt":"2026-03-02T12:38:58","slug":"ekologiska-rooibos-arbata","status":"publish","type":"product","link":"https:\/\/www.biopapa.de\/lt\/producte\/ekologiska-rooibos-arbata\/","title":{"rendered":"Ekologi\u0161ka Rooibos arbata"},"content":{"rendered":"<p>Ekologi\u0161ka Rooibos arbata, dar \u017einoma kaip raudon\u0173j\u0173 kr\u016bm\u0173 arbata, gaunama i\u0161 Aspalathus linearis augalo lap\u0173, kilusio i\u0161 Piet\u0173 Afrikos. Rooibos arbata, gars\u0117janti ry\u0161kiu rausvu atspalviu ir unikaliu, \u0161iek tiek saldaus skonio, gars\u0117ja ne tik d\u0117l savo skanaus skonio, bet ir d\u0117l galimos naudos sveikatai. Jame gausu antioksidant\u0173, toki\u0173 kaip kvercetinas ir aspalatinas, jis gali pad\u0117ti kovoti su oksidaciniu stresu, palaikyti \u0161irdies sveikat\u0105 ir suma\u017einti l\u0117tini\u0173 lig\u0173 rizik\u0105.<br \/>\nManoma, kad Rooibos arbata taip pat turi prie\u0161u\u017edegimini\u0173 savybi\u0173 ir gali raminti esant vir\u0161kinimo sutrikimams.<br \/>\nNesvarbu, ar m\u0117gaujat\u0117s kar\u0161ta ar \u0161alta, \u0161i arbata yra be kofeino, gaivus g\u0117rimas, kuris visame pasaulyje populiar\u0117ja d\u0117l puikaus skonio ir galim\u0173 sveikat\u0105 stiprinan\u010di\u0173 savybi\u0173.<\/p>\n<p>Paruo\u0161imas<br \/>\n2 g (1\/4 arb. \u0161auk\u0161telio) u\u017eplikykite 200 ml verdan\u010dio vandens ir palaikykite 5 minutes.<\/p>\n","protected":false},"excerpt":{"rendered":"<p>Ekologi\u0161ka Rooibos arbata, dar \u017einoma kaip raudon\u0173j\u0173 kr\u016bm\u0173 arbata, gaunama i\u0161 Aspalathus linearis augalo lap\u0173, kilusio i\u0161 Piet\u0173 Afrikos. Rooibos<\/p>\n","protected":false},"featured_media":16007,"template":"","meta":{"_acf_changed":false},"product_brand":[],"product_cat":[1907,1265],"product_tag":[1940,1378],"class_list":{"0":"post-15769","1":"product","2":"type-product","3":"status-publish","4":"has-post-thumbnail","6":"product_cat-arbata","7":"product_cat-ekologiska-kakava-arbata-kava","8":"product_tag-be-kofeino","9":"product_tag-veganams","10":"pa_svoris-1-kg","11":"pa_svoris-100-g","12":"pa_svoris-200-g","13":"pa_svoris-25-g","14":"pa_svoris-300-g","15":"pa_svoris-400-g","16":"pa_svoris-50-g","17":"pa_svoris-500-g","19":"first","20":"instock","21":"shipping-taxable","22":"purchasable","23":"product-type-variable"},"acf":[],"yoast_head":"<!-- This site is optimized with the Yoast SEO plugin v27.5 - https:\/\/yoast.com\/product\/yoast-seo-wordpress\/ -->\n<title>Ekologi\u0161ka Rooibos arbata - Biopapa<\/title>\n<meta name=\"description\" content=\"Rooibos arbata, gars\u0117janti ry\u0161kiu rausvu atspalviu ir unikaliu, \u0161iek tiek saldaus skonio, gars\u0117ja ne tik d\u0117l savo skanaus skonio, bet ir d\u0117l galimos naudos sveikatai.\" \/>\n<meta name=\"robots\" content=\"index, follow, max-snippet:-1, max-image-preview:large, max-video-preview:-1\" \/>\n<link rel=\"canonical\" href=\"https:\/\/www.biopapa.de\/lt\/producte\/ekologiska-rooibos-arbata\/\" \/>\n<meta property=\"og:locale\" content=\"lt_LT\" \/>\n<meta property=\"og:type\" content=\"article\" \/>\n<meta property=\"og:title\" content=\"Ekologi\u0161ka Rooibos arbata - Biopapa\" \/>\n<meta property=\"og:description\" content=\"Rooibos arbata, gars\u0117janti ry\u0161kiu rausvu atspalviu ir unikaliu, \u0161iek tiek saldaus skonio, gars\u0117ja ne tik d\u0117l savo skanaus skonio, bet ir d\u0117l galimos naudos sveikatai.\" \/>\n<meta property=\"og:url\" content=\"https:\/\/www.biopapa.de\/lt\/producte\/ekologiska-rooibos-arbata\/\" \/>\n<meta property=\"og:site_name\" content=\"Biopapa\" \/>\n<meta property=\"article:publisher\" content=\"https:\/\/www.facebook.com\/biopapa.lt\" \/>\n<meta property=\"article:modified_time\" content=\"2026-03-02T12:38:58+00:00\" \/>\n<meta property=\"og:image\" content=\"https:\/\/www.biopapa.de\/wp-content\/uploads\/2021\/10\/Ekologiska-Rooibos-arbata-1.jpg\" \/>\n\t<meta property=\"og:image:width\" content=\"800\" \/>\n\t<meta property=\"og:image:height\" content=\"640\" \/>\n\t<meta property=\"og:image:type\" content=\"image\/jpeg\" \/>\n<meta name=\"twitter:card\" content=\"summary_large_image\" \/>\n<script type=\"application\/ld+json\" class=\"yoast-schema-graph\">{\"@context\":\"https:\\\/\\\/schema.org\",\"@graph\":[{\"@type\":\"WebPage\",\"@id\":\"https:\\\/\\\/www.biopapa.de\\\/lt\\\/producte\\\/ekologiska-rooibos-arbata\\\/\",\"url\":\"https:\\\/\\\/www.biopapa.de\\\/lt\\\/producte\\\/ekologiska-rooibos-arbata\\\/\",\"name\":\"Ekologi\u0161ka Rooibos arbata - Biopapa\",\"isPartOf\":{\"@id\":\"https:\\\/\\\/www.biopapa.de\\\/lt\\\/#website\"},\"primaryImageOfPage\":{\"@id\":\"https:\\\/\\\/www.biopapa.de\\\/lt\\\/producte\\\/ekologiska-rooibos-arbata\\\/#primaryimage\"},\"image\":{\"@id\":\"https:\\\/\\\/www.biopapa.de\\\/lt\\\/producte\\\/ekologiska-rooibos-arbata\\\/#primaryimage\"},\"thumbnailUrl\":\"https:\\\/\\\/www.biopapa.de\\\/wp-content\\\/uploads\\\/2021\\\/10\\\/Ekologiska-Rooibos-arbata-1.jpg\",\"datePublished\":\"2021-10-27T19:22:03+00:00\",\"dateModified\":\"2026-03-02T12:38:58+00:00\",\"description\":\"Rooibos arbata, gars\u0117janti ry\u0161kiu rausvu atspalviu ir unikaliu, \u0161iek tiek saldaus skonio, gars\u0117ja ne tik d\u0117l savo skanaus skonio, bet ir d\u0117l galimos naudos sveikatai.\",\"breadcrumb\":{\"@id\":\"https:\\\/\\\/www.biopapa.de\\\/lt\\\/producte\\\/ekologiska-rooibos-arbata\\\/#breadcrumb\"},\"inLanguage\":\"lt-LT\",\"potentialAction\":[{\"@type\":\"ReadAction\",\"target\":[\"https:\\\/\\\/www.biopapa.de\\\/lt\\\/producte\\\/ekologiska-rooibos-arbata\\\/\"]}]},{\"@type\":\"ImageObject\",\"inLanguage\":\"lt-LT\",\"@id\":\"https:\\\/\\\/www.biopapa.de\\\/lt\\\/producte\\\/ekologiska-rooibos-arbata\\\/#primaryimage\",\"url\":\"https:\\\/\\\/www.biopapa.de\\\/wp-content\\\/uploads\\\/2021\\\/10\\\/Ekologiska-Rooibos-arbata-1.jpg\",\"contentUrl\":\"https:\\\/\\\/www.biopapa.de\\\/wp-content\\\/uploads\\\/2021\\\/10\\\/Ekologiska-Rooibos-arbata-1.jpg\",\"width\":800,\"height\":640,\"caption\":\"Ekologi\u0161ka Rooibos arbata\"},{\"@type\":\"BreadcrumbList\",\"@id\":\"https:\\\/\\\/www.biopapa.de\\\/lt\\\/producte\\\/ekologiska-rooibos-arbata\\\/#breadcrumb\",\"itemListElement\":[{\"@type\":\"ListItem\",\"position\":1,\"name\":\"Home\",\"item\":\"https:\\\/\\\/www.biopapa.de\\\/lt\\\/\"},{\"@type\":\"ListItem\",\"position\":2,\"name\":\"Parduotuv\u0117\",\"item\":\"https:\\\/\\\/www.biopapa.de\\\/parduotuve\\\/\"},{\"@type\":\"ListItem\",\"position\":3,\"name\":\"Ekologi\u0161ka Rooibos arbata\"}]},{\"@type\":\"WebSite\",\"@id\":\"https:\\\/\\\/www.biopapa.de\\\/lt\\\/#website\",\"url\":\"https:\\\/\\\/www.biopapa.de\\\/lt\\\/\",\"name\":\"Biopapa\",\"description\":\"\u0160var\u016bs ekologi\u0161ki produktai\",\"publisher\":{\"@id\":\"https:\\\/\\\/www.biopapa.de\\\/lt\\\/#organization\"},\"potentialAction\":[{\"@type\":\"SearchAction\",\"target\":{\"@type\":\"EntryPoint\",\"urlTemplate\":\"https:\\\/\\\/www.biopapa.de\\\/lt\\\/?s={search_term_string}\"},\"query-input\":{\"@type\":\"PropertyValueSpecification\",\"valueRequired\":true,\"valueName\":\"search_term_string\"}}],\"inLanguage\":\"lt-LT\"},{\"@type\":\"Organization\",\"@id\":\"https:\\\/\\\/www.biopapa.de\\\/lt\\\/#organization\",\"name\":\"Biopapa\",\"url\":\"https:\\\/\\\/www.biopapa.de\\\/lt\\\/\",\"logo\":{\"@type\":\"ImageObject\",\"inLanguage\":\"lt-LT\",\"@id\":\"https:\\\/\\\/www.biopapa.de\\\/lt\\\/#\\\/schema\\\/logo\\\/image\\\/\",\"url\":\"https:\\\/\\\/www.biopapa.lt\\\/wp-content\\\/uploads\\\/2022\\\/04\\\/facebook_biopapa.jpg\",\"contentUrl\":\"https:\\\/\\\/www.biopapa.lt\\\/wp-content\\\/uploads\\\/2022\\\/04\\\/facebook_biopapa.jpg\",\"width\":1733,\"height\":907,\"caption\":\"Biopapa\"},\"image\":{\"@id\":\"https:\\\/\\\/www.biopapa.de\\\/lt\\\/#\\\/schema\\\/logo\\\/image\\\/\"},\"sameAs\":[\"https:\\\/\\\/www.facebook.com\\\/biopapa.lt\"]}]}<\/script>\n<!-- \/ Yoast SEO plugin. -->","yoast_head_json":{"title":"Ekologi\u0161ka Rooibos arbata - Biopapa","description":"Rooibos arbata, gars\u0117janti ry\u0161kiu rausvu atspalviu ir unikaliu, \u0161iek tiek saldaus skonio, gars\u0117ja ne tik d\u0117l savo skanaus skonio, bet ir d\u0117l galimos naudos sveikatai.","robots":{"index":"index","follow":"follow","max-snippet":"max-snippet:-1","max-image-preview":"max-image-preview:large","max-video-preview":"max-video-preview:-1"},"canonical":"https:\/\/www.biopapa.de\/lt\/producte\/ekologiska-rooibos-arbata\/","og_locale":"lt_LT","og_type":"article","og_title":"Ekologi\u0161ka Rooibos arbata - Biopapa","og_description":"Rooibos arbata, gars\u0117janti ry\u0161kiu rausvu atspalviu ir unikaliu, \u0161iek tiek saldaus skonio, gars\u0117ja ne tik d\u0117l savo skanaus skonio, bet ir d\u0117l galimos naudos sveikatai.","og_url":"https:\/\/www.biopapa.de\/lt\/producte\/ekologiska-rooibos-arbata\/","og_site_name":"Biopapa","article_publisher":"https:\/\/www.facebook.com\/biopapa.lt","article_modified_time":"2026-03-02T12:38:58+00:00","og_image":[{"width":800,"height":640,"url":"https:\/\/www.biopapa.de\/wp-content\/uploads\/2021\/10\/Ekologiska-Rooibos-arbata-1.jpg","type":"image\/jpeg"}],"twitter_card":"summary_large_image","schema":{"@context":"https:\/\/schema.org","@graph":[{"@type":"WebPage","@id":"https:\/\/www.biopapa.de\/lt\/producte\/ekologiska-rooibos-arbata\/","url":"https:\/\/www.biopapa.de\/lt\/producte\/ekologiska-rooibos-arbata\/","name":"Ekologi\u0161ka Rooibos arbata - Biopapa","isPartOf":{"@id":"https:\/\/www.biopapa.de\/lt\/#website"},"primaryImageOfPage":{"@id":"https:\/\/www.biopapa.de\/lt\/producte\/ekologiska-rooibos-arbata\/#primaryimage"},"image":{"@id":"https:\/\/www.biopapa.de\/lt\/producte\/ekologiska-rooibos-arbata\/#primaryimage"},"thumbnailUrl":"https:\/\/www.biopapa.de\/wp-content\/uploads\/2021\/10\/Ekologiska-Rooibos-arbata-1.jpg","datePublished":"2021-10-27T19:22:03+00:00","dateModified":"2026-03-02T12:38:58+00:00","description":"Rooibos arbata, gars\u0117janti ry\u0161kiu rausvu atspalviu ir unikaliu, \u0161iek tiek saldaus skonio, gars\u0117ja ne tik d\u0117l savo skanaus skonio, bet ir d\u0117l galimos naudos sveikatai.","breadcrumb":{"@id":"https:\/\/www.biopapa.de\/lt\/producte\/ekologiska-rooibos-arbata\/#breadcrumb"},"inLanguage":"lt-LT","potentialAction":[{"@type":"ReadAction","target":["https:\/\/www.biopapa.de\/lt\/producte\/ekologiska-rooibos-arbata\/"]}]},{"@type":"ImageObject","inLanguage":"lt-LT","@id":"https:\/\/www.biopapa.de\/lt\/producte\/ekologiska-rooibos-arbata\/#primaryimage","url":"https:\/\/www.biopapa.de\/wp-content\/uploads\/2021\/10\/Ekologiska-Rooibos-arbata-1.jpg","contentUrl":"https:\/\/www.biopapa.de\/wp-content\/uploads\/2021\/10\/Ekologiska-Rooibos-arbata-1.jpg","width":800,"height":640,"caption":"Ekologi\u0161ka Rooibos arbata"},{"@type":"BreadcrumbList","@id":"https:\/\/www.biopapa.de\/lt\/producte\/ekologiska-rooibos-arbata\/#breadcrumb","itemListElement":[{"@type":"ListItem","position":1,"name":"Home","item":"https:\/\/www.biopapa.de\/lt\/"},{"@type":"ListItem","position":2,"name":"Parduotuv\u0117","item":"https:\/\/www.biopapa.de\/parduotuve\/"},{"@type":"ListItem","position":3,"name":"Ekologi\u0161ka Rooibos arbata"}]},{"@type":"WebSite","@id":"https:\/\/www.biopapa.de\/lt\/#website","url":"https:\/\/www.biopapa.de\/lt\/","name":"Biopapa","description":"\u0160var\u016bs ekologi\u0161ki produktai","publisher":{"@id":"https:\/\/www.biopapa.de\/lt\/#organization"},"potentialAction":[{"@type":"SearchAction","target":{"@type":"EntryPoint","urlTemplate":"https:\/\/www.biopapa.de\/lt\/?s={search_term_string}"},"query-input":{"@type":"PropertyValueSpecification","valueRequired":true,"valueName":"search_term_string"}}],"inLanguage":"lt-LT"},{"@type":"Organization","@id":"https:\/\/www.biopapa.de\/lt\/#organization","name":"Biopapa","url":"https:\/\/www.biopapa.de\/lt\/","logo":{"@type":"ImageObject","inLanguage":"lt-LT","@id":"https:\/\/www.biopapa.de\/lt\/#\/schema\/logo\/image\/","url":"https:\/\/www.biopapa.lt\/wp-content\/uploads\/2022\/04\/facebook_biopapa.jpg","contentUrl":"https:\/\/www.biopapa.lt\/wp-content\/uploads\/2022\/04\/facebook_biopapa.jpg","width":1733,"height":907,"caption":"Biopapa"},"image":{"@id":"https:\/\/www.biopapa.de\/lt\/#\/schema\/logo\/image\/"},"sameAs":["https:\/\/www.facebook.com\/biopapa.lt"]}]}},"_links":{"self":[{"href":"https:\/\/www.biopapa.de\/lt\/wp-json\/wp\/v2\/product\/15769","targetHints":{"allow":["GET"]}}],"collection":[{"href":"https:\/\/www.biopapa.de\/lt\/wp-json\/wp\/v2\/product"}],"about":[{"href":"https:\/\/www.biopapa.de\/lt\/wp-json\/wp\/v2\/types\/product"}],"wp:featuredmedia":[{"embeddable":true,"href":"https:\/\/www.biopapa.de\/lt\/wp-json\/wp\/v2\/media\/16007"}],"wp:attachment":[{"href":"https:\/\/www.biopapa.de\/lt\/wp-json\/wp\/v2\/media?parent=15769"}],"wp:term":[{"taxonomy":"product_brand","embeddable":true,"href":"https:\/\/www.biopapa.de\/lt\/wp-json\/wp\/v2\/product_brand?post=15769"},{"taxonomy":"product_cat","embeddable":true,"href":"https:\/\/www.biopapa.de\/lt\/wp-json\/wp\/v2\/product_cat?post=15769"},{"taxonomy":"product_tag","embeddable":true,"href":"https:\/\/www.biopapa.de\/lt\/wp-json\/wp\/v2\/product_tag?post=15769"}],"curies":[{"name":"wp","href":"https:\/\/api.w.org\/{rel}","templated":true}]}}