{"id":15920,"date":"2021-11-05T19:04:37","date_gmt":"2021-11-05T17:04:37","guid":{"rendered":"https:\/\/www.biopapa.lt\/?post_type=product&#038;p=15920"},"modified":"2026-02-27T16:50:54","modified_gmt":"2026-02-27T14:50:54","slug":"ekologiskos-melynosios-aguonos","status":"publish","type":"product","link":"https:\/\/www.biopapa.de\/lt\/producte\/ekologiskos-melynosios-aguonos\/","title":{"rendered":"Ekologi\u0161kos m\u0117lynosios aguonos"},"content":{"rendered":"<p><strong>Ekologi\u0161kos m\u0117lynosios aguonos<\/strong><br \/>\nM\u0117lynosios aguonos \u2013 tai aguon\u0173 r\u016b\u0161is, kuri pasi\u017eymi tamsiai m\u0117lyna arba pilkai m\u0117lyna spalva ir subtiliu, \u0161iek tiek rie\u0161utiniu skoniu. Jos jau nuo senov\u0117s buvo naudojamos maistui, ypa\u010d Vidur\u017eemio j\u016bros regione, kur tapo svarbia kulinarine ir medicinine \u017ealiava. M\u0117lynosios aguonos yra vertinamos d\u0117l savo maistini\u0173 savybi\u0173, d\u0117l sveik\u0173j\u0173 riebal\u0173, baltym\u0173 ir \u012fvairi\u0173 antioksidant\u0173. D\u0117l savo skonio jos da\u017enai naudojamos kepiniuose, pyraguose, duonoje, salotose ir kaip prieskonis. Be to, m\u0117lynosios aguonos turi tradicin\u012f gydom\u0105j\u012f vaidmen\u012f \u2013 naudojamos nuo seno kaip lengvas raminamasis ir skausm\u0105 ma\u017einantis preparatas.<br \/>\nReik\u0117t\u0173 vartoti saikingai.<\/p>\n<p><em>PASTABA. \u010cia pateikta informacija negali b\u016bti interpretuojama kaip gydymo ar kitokio pob\u016bd\u017eio sveikatos klausim\u0173 sprendimo rekomendacija. Raginame sprendimus, susijusius su asmenine sveikata, priimti asmeni\u0161kai, \u012fvertinus \u012fvairius informacijos \u0161altinius.<\/em><\/p>\n","protected":false},"excerpt":{"rendered":"<p>Ekologi\u0161kos m\u0117lynosios aguonos M\u0117lynosios aguonos \u2013 tai aguon\u0173 r\u016b\u0161is, kuri pasi\u017eymi tamsiai m\u0117lyna arba pilkai m\u0117lyna spalva ir subtiliu, \u0161iek<\/p>\n","protected":false},"featured_media":15961,"template":"","meta":{"_acf_changed":false},"product_brand":[],"product_cat":[730,1905],"product_tag":[1380,1378,1382],"class_list":{"0":"post-15920","1":"product","2":"type-product","3":"status-publish","4":"has-post-thumbnail","6":"product_cat-ekologiski-riesutai-seklos","7":"product_cat-seklos","8":"product_tag-keto-mityba","9":"product_tag-veganams","10":"product_tag-zaliavalgiams","11":"pa_svoris-1-kg","12":"pa_svoris-100-g","13":"pa_svoris-200-g","14":"pa_svoris-25-kg","15":"pa_svoris-300-g","16":"pa_svoris-400-g","17":"pa_svoris-500-g","19":"first","20":"instock","21":"shipping-taxable","22":"purchasable","23":"product-type-variable"},"acf":[],"yoast_head":"<!-- This site is optimized with the Yoast SEO plugin v27.5 - https:\/\/yoast.com\/product\/yoast-seo-wordpress\/ -->\n<title>Ekologi\u0161kos m\u0117lynosios aguonos - Biopapa<\/title>\n<meta name=\"description\" content=\"M\u0117lynosios aguonos \u2013 tai aguon\u0173 r\u016b\u0161is, kuri pasi\u017eymi tamsiai m\u0117lyna arba pilkai m\u0117lyna spalva ir subtiliu, \u0161iek tiek rie\u0161utiniu skoniu.\" \/>\n<meta name=\"robots\" content=\"index, follow, max-snippet:-1, max-image-preview:large, max-video-preview:-1\" \/>\n<link rel=\"canonical\" href=\"https:\/\/www.biopapa.de\/lt\/producte\/ekologiskos-melynosios-aguonos\/\" \/>\n<meta property=\"og:locale\" content=\"lt_LT\" \/>\n<meta property=\"og:type\" content=\"article\" \/>\n<meta property=\"og:title\" content=\"Ekologi\u0161kos m\u0117lynosios aguonos - Biopapa\" \/>\n<meta property=\"og:description\" content=\"M\u0117lynosios aguonos \u2013 tai aguon\u0173 r\u016b\u0161is, kuri pasi\u017eymi tamsiai m\u0117lyna arba pilkai m\u0117lyna spalva ir subtiliu, \u0161iek tiek rie\u0161utiniu skoniu.\" \/>\n<meta property=\"og:url\" content=\"https:\/\/www.biopapa.de\/lt\/producte\/ekologiskos-melynosios-aguonos\/\" \/>\n<meta property=\"og:site_name\" content=\"Biopapa\" \/>\n<meta property=\"article:publisher\" content=\"https:\/\/www.facebook.com\/biopapa.lt\" \/>\n<meta property=\"article:modified_time\" content=\"2026-02-27T14:50:54+00:00\" \/>\n<meta property=\"og:image\" content=\"https:\/\/www.biopapa.de\/wp-content\/uploads\/2021\/11\/Ekologiskos-melynosios-aguonos.jpg\" \/>\n\t<meta property=\"og:image:width\" content=\"800\" \/>\n\t<meta property=\"og:image:height\" content=\"640\" \/>\n\t<meta property=\"og:image:type\" content=\"image\/jpeg\" \/>\n<meta name=\"twitter:card\" content=\"summary_large_image\" \/>\n<meta name=\"twitter:label1\" content=\"Est. reading time\" \/>\n\t<meta name=\"twitter:data1\" content=\"1 minut\u0117\" \/>\n<script type=\"application\/ld+json\" class=\"yoast-schema-graph\">{\"@context\":\"https:\\\/\\\/schema.org\",\"@graph\":[{\"@type\":\"WebPage\",\"@id\":\"https:\\\/\\\/www.biopapa.de\\\/lt\\\/producte\\\/ekologiskos-melynosios-aguonos\\\/\",\"url\":\"https:\\\/\\\/www.biopapa.de\\\/lt\\\/producte\\\/ekologiskos-melynosios-aguonos\\\/\",\"name\":\"Ekologi\u0161kos m\u0117lynosios aguonos - Biopapa\",\"isPartOf\":{\"@id\":\"https:\\\/\\\/www.biopapa.de\\\/lt\\\/#website\"},\"primaryImageOfPage\":{\"@id\":\"https:\\\/\\\/www.biopapa.de\\\/lt\\\/producte\\\/ekologiskos-melynosios-aguonos\\\/#primaryimage\"},\"image\":{\"@id\":\"https:\\\/\\\/www.biopapa.de\\\/lt\\\/producte\\\/ekologiskos-melynosios-aguonos\\\/#primaryimage\"},\"thumbnailUrl\":\"https:\\\/\\\/www.biopapa.de\\\/wp-content\\\/uploads\\\/2021\\\/11\\\/Ekologiskos-melynosios-aguonos.jpg\",\"datePublished\":\"2021-11-05T17:04:37+00:00\",\"dateModified\":\"2026-02-27T14:50:54+00:00\",\"description\":\"M\u0117lynosios aguonos \u2013 tai aguon\u0173 r\u016b\u0161is, kuri pasi\u017eymi tamsiai m\u0117lyna arba pilkai m\u0117lyna spalva ir subtiliu, \u0161iek tiek rie\u0161utiniu skoniu.\",\"breadcrumb\":{\"@id\":\"https:\\\/\\\/www.biopapa.de\\\/lt\\\/producte\\\/ekologiskos-melynosios-aguonos\\\/#breadcrumb\"},\"inLanguage\":\"lt-LT\",\"potentialAction\":[{\"@type\":\"ReadAction\",\"target\":[\"https:\\\/\\\/www.biopapa.de\\\/lt\\\/producte\\\/ekologiskos-melynosios-aguonos\\\/\"]}]},{\"@type\":\"ImageObject\",\"inLanguage\":\"lt-LT\",\"@id\":\"https:\\\/\\\/www.biopapa.de\\\/lt\\\/producte\\\/ekologiskos-melynosios-aguonos\\\/#primaryimage\",\"url\":\"https:\\\/\\\/www.biopapa.de\\\/wp-content\\\/uploads\\\/2021\\\/11\\\/Ekologiskos-melynosios-aguonos.jpg\",\"contentUrl\":\"https:\\\/\\\/www.biopapa.de\\\/wp-content\\\/uploads\\\/2021\\\/11\\\/Ekologiskos-melynosios-aguonos.jpg\",\"width\":800,\"height\":640,\"caption\":\"Ekologi\u0161kos m\u0117lynosios aguonos\"},{\"@type\":\"BreadcrumbList\",\"@id\":\"https:\\\/\\\/www.biopapa.de\\\/lt\\\/producte\\\/ekologiskos-melynosios-aguonos\\\/#breadcrumb\",\"itemListElement\":[{\"@type\":\"ListItem\",\"position\":1,\"name\":\"Home\",\"item\":\"https:\\\/\\\/www.biopapa.de\\\/lt\\\/\"},{\"@type\":\"ListItem\",\"position\":2,\"name\":\"Parduotuv\u0117\",\"item\":\"https:\\\/\\\/www.biopapa.de\\\/parduotuve\\\/\"},{\"@type\":\"ListItem\",\"position\":3,\"name\":\"Ekologi\u0161kos m\u0117lynosios aguonos\"}]},{\"@type\":\"WebSite\",\"@id\":\"https:\\\/\\\/www.biopapa.de\\\/lt\\\/#website\",\"url\":\"https:\\\/\\\/www.biopapa.de\\\/lt\\\/\",\"name\":\"Biopapa\",\"description\":\"\u0160var\u016bs ekologi\u0161ki produktai\",\"publisher\":{\"@id\":\"https:\\\/\\\/www.biopapa.de\\\/lt\\\/#organization\"},\"potentialAction\":[{\"@type\":\"SearchAction\",\"target\":{\"@type\":\"EntryPoint\",\"urlTemplate\":\"https:\\\/\\\/www.biopapa.de\\\/lt\\\/?s={search_term_string}\"},\"query-input\":{\"@type\":\"PropertyValueSpecification\",\"valueRequired\":true,\"valueName\":\"search_term_string\"}}],\"inLanguage\":\"lt-LT\"},{\"@type\":\"Organization\",\"@id\":\"https:\\\/\\\/www.biopapa.de\\\/lt\\\/#organization\",\"name\":\"Biopapa\",\"url\":\"https:\\\/\\\/www.biopapa.de\\\/lt\\\/\",\"logo\":{\"@type\":\"ImageObject\",\"inLanguage\":\"lt-LT\",\"@id\":\"https:\\\/\\\/www.biopapa.de\\\/lt\\\/#\\\/schema\\\/logo\\\/image\\\/\",\"url\":\"https:\\\/\\\/www.biopapa.lt\\\/wp-content\\\/uploads\\\/2022\\\/04\\\/facebook_biopapa.jpg\",\"contentUrl\":\"https:\\\/\\\/www.biopapa.lt\\\/wp-content\\\/uploads\\\/2022\\\/04\\\/facebook_biopapa.jpg\",\"width\":1733,\"height\":907,\"caption\":\"Biopapa\"},\"image\":{\"@id\":\"https:\\\/\\\/www.biopapa.de\\\/lt\\\/#\\\/schema\\\/logo\\\/image\\\/\"},\"sameAs\":[\"https:\\\/\\\/www.facebook.com\\\/biopapa.lt\"]}]}<\/script>\n<!-- \/ Yoast SEO plugin. -->","yoast_head_json":{"title":"Ekologi\u0161kos m\u0117lynosios aguonos - Biopapa","description":"M\u0117lynosios aguonos \u2013 tai aguon\u0173 r\u016b\u0161is, kuri pasi\u017eymi tamsiai m\u0117lyna arba pilkai m\u0117lyna spalva ir subtiliu, \u0161iek tiek rie\u0161utiniu skoniu.","robots":{"index":"index","follow":"follow","max-snippet":"max-snippet:-1","max-image-preview":"max-image-preview:large","max-video-preview":"max-video-preview:-1"},"canonical":"https:\/\/www.biopapa.de\/lt\/producte\/ekologiskos-melynosios-aguonos\/","og_locale":"lt_LT","og_type":"article","og_title":"Ekologi\u0161kos m\u0117lynosios aguonos - Biopapa","og_description":"M\u0117lynosios aguonos \u2013 tai aguon\u0173 r\u016b\u0161is, kuri pasi\u017eymi tamsiai m\u0117lyna arba pilkai m\u0117lyna spalva ir subtiliu, \u0161iek tiek rie\u0161utiniu skoniu.","og_url":"https:\/\/www.biopapa.de\/lt\/producte\/ekologiskos-melynosios-aguonos\/","og_site_name":"Biopapa","article_publisher":"https:\/\/www.facebook.com\/biopapa.lt","article_modified_time":"2026-02-27T14:50:54+00:00","og_image":[{"width":800,"height":640,"url":"https:\/\/www.biopapa.de\/wp-content\/uploads\/2021\/11\/Ekologiskos-melynosios-aguonos.jpg","type":"image\/jpeg"}],"twitter_card":"summary_large_image","twitter_misc":{"Est. reading time":"1 minut\u0117"},"schema":{"@context":"https:\/\/schema.org","@graph":[{"@type":"WebPage","@id":"https:\/\/www.biopapa.de\/lt\/producte\/ekologiskos-melynosios-aguonos\/","url":"https:\/\/www.biopapa.de\/lt\/producte\/ekologiskos-melynosios-aguonos\/","name":"Ekologi\u0161kos m\u0117lynosios aguonos - Biopapa","isPartOf":{"@id":"https:\/\/www.biopapa.de\/lt\/#website"},"primaryImageOfPage":{"@id":"https:\/\/www.biopapa.de\/lt\/producte\/ekologiskos-melynosios-aguonos\/#primaryimage"},"image":{"@id":"https:\/\/www.biopapa.de\/lt\/producte\/ekologiskos-melynosios-aguonos\/#primaryimage"},"thumbnailUrl":"https:\/\/www.biopapa.de\/wp-content\/uploads\/2021\/11\/Ekologiskos-melynosios-aguonos.jpg","datePublished":"2021-11-05T17:04:37+00:00","dateModified":"2026-02-27T14:50:54+00:00","description":"M\u0117lynosios aguonos \u2013 tai aguon\u0173 r\u016b\u0161is, kuri pasi\u017eymi tamsiai m\u0117lyna arba pilkai m\u0117lyna spalva ir subtiliu, \u0161iek tiek rie\u0161utiniu skoniu.","breadcrumb":{"@id":"https:\/\/www.biopapa.de\/lt\/producte\/ekologiskos-melynosios-aguonos\/#breadcrumb"},"inLanguage":"lt-LT","potentialAction":[{"@type":"ReadAction","target":["https:\/\/www.biopapa.de\/lt\/producte\/ekologiskos-melynosios-aguonos\/"]}]},{"@type":"ImageObject","inLanguage":"lt-LT","@id":"https:\/\/www.biopapa.de\/lt\/producte\/ekologiskos-melynosios-aguonos\/#primaryimage","url":"https:\/\/www.biopapa.de\/wp-content\/uploads\/2021\/11\/Ekologiskos-melynosios-aguonos.jpg","contentUrl":"https:\/\/www.biopapa.de\/wp-content\/uploads\/2021\/11\/Ekologiskos-melynosios-aguonos.jpg","width":800,"height":640,"caption":"Ekologi\u0161kos m\u0117lynosios aguonos"},{"@type":"BreadcrumbList","@id":"https:\/\/www.biopapa.de\/lt\/producte\/ekologiskos-melynosios-aguonos\/#breadcrumb","itemListElement":[{"@type":"ListItem","position":1,"name":"Home","item":"https:\/\/www.biopapa.de\/lt\/"},{"@type":"ListItem","position":2,"name":"Parduotuv\u0117","item":"https:\/\/www.biopapa.de\/parduotuve\/"},{"@type":"ListItem","position":3,"name":"Ekologi\u0161kos m\u0117lynosios aguonos"}]},{"@type":"WebSite","@id":"https:\/\/www.biopapa.de\/lt\/#website","url":"https:\/\/www.biopapa.de\/lt\/","name":"Biopapa","description":"\u0160var\u016bs ekologi\u0161ki produktai","publisher":{"@id":"https:\/\/www.biopapa.de\/lt\/#organization"},"potentialAction":[{"@type":"SearchAction","target":{"@type":"EntryPoint","urlTemplate":"https:\/\/www.biopapa.de\/lt\/?s={search_term_string}"},"query-input":{"@type":"PropertyValueSpecification","valueRequired":true,"valueName":"search_term_string"}}],"inLanguage":"lt-LT"},{"@type":"Organization","@id":"https:\/\/www.biopapa.de\/lt\/#organization","name":"Biopapa","url":"https:\/\/www.biopapa.de\/lt\/","logo":{"@type":"ImageObject","inLanguage":"lt-LT","@id":"https:\/\/www.biopapa.de\/lt\/#\/schema\/logo\/image\/","url":"https:\/\/www.biopapa.lt\/wp-content\/uploads\/2022\/04\/facebook_biopapa.jpg","contentUrl":"https:\/\/www.biopapa.lt\/wp-content\/uploads\/2022\/04\/facebook_biopapa.jpg","width":1733,"height":907,"caption":"Biopapa"},"image":{"@id":"https:\/\/www.biopapa.de\/lt\/#\/schema\/logo\/image\/"},"sameAs":["https:\/\/www.facebook.com\/biopapa.lt"]}]}},"_links":{"self":[{"href":"https:\/\/www.biopapa.de\/lt\/wp-json\/wp\/v2\/product\/15920","targetHints":{"allow":["GET"]}}],"collection":[{"href":"https:\/\/www.biopapa.de\/lt\/wp-json\/wp\/v2\/product"}],"about":[{"href":"https:\/\/www.biopapa.de\/lt\/wp-json\/wp\/v2\/types\/product"}],"wp:featuredmedia":[{"embeddable":true,"href":"https:\/\/www.biopapa.de\/lt\/wp-json\/wp\/v2\/media\/15961"}],"wp:attachment":[{"href":"https:\/\/www.biopapa.de\/lt\/wp-json\/wp\/v2\/media?parent=15920"}],"wp:term":[{"taxonomy":"product_brand","embeddable":true,"href":"https:\/\/www.biopapa.de\/lt\/wp-json\/wp\/v2\/product_brand?post=15920"},{"taxonomy":"product_cat","embeddable":true,"href":"https:\/\/www.biopapa.de\/lt\/wp-json\/wp\/v2\/product_cat?post=15920"},{"taxonomy":"product_tag","embeddable":true,"href":"https:\/\/www.biopapa.de\/lt\/wp-json\/wp\/v2\/product_tag?post=15920"}],"curies":[{"name":"wp","href":"https:\/\/api.w.org\/{rel}","templated":true}]}}