{"id":15981,"date":"2021-11-09T15:55:49","date_gmt":"2021-11-09T13:55:49","guid":{"rendered":"https:\/\/www.biopapa.lt\/?post_type=product&#038;p=15981"},"modified":"2026-04-16T10:30:04","modified_gmt":"2026-04-16T07:30:04","slug":"ekologiska-malta-lubinu-kava","status":"publish","type":"product","link":"https:\/\/www.biopapa.de\/lt\/producte\/ekologiska-malta-lubinu-kava\/","title":{"rendered":"Ekologi\u0161ka malta lubin\u0173 kava, be gliuteno"},"content":{"rendered":"<p>Alternatyvi\u0173 g\u0117rim\u0173 pasaulyje <strong>ekologi\u0161ka malta lubin\u0173 kava<\/strong> sulaukia d\u0117mesio d\u0117l savo unikalaus skonio ir galimos naudos sveikatai. \u0160is kavos pakaitalas, gautas i\u0161 lubin\u0173 augal\u0173 s\u0117kl\u0173, si\u016blo malon\u0119 kelion\u0119. Lubin\u0173 kavai auginami saldieji lubinai, kurie yra ypatinga veisl\u0117, turinti labai ma\u017e\u0105 alkaloid\u0173 kiek\u012f, tod\u0117l mums, \u017emon\u0117ms, jie lengvai vir\u0161kinami, prie\u0161ingai nei kitos laukin\u0117s ar sodo veisl\u0117s.<br \/>\n<strong>Ekologi\u0161ka malta lubin\u0173 kava<\/strong> yra be kofeino ir kupina maistini\u0173 med\u017eiag\u0173. Lubin\u0173 s\u0117klose gausu baltym\u0173, maistini\u0173 skaidul\u0173, \u012fvairi\u0173 vitamin\u0173 ir mineral\u0173. \u012etrauk\u0119 \u0161i\u0105 kavos alternatyv\u0105 \u012f savo kasdienyb\u0119, gal\u0117site m\u0117gautis g\u0117rimu, kuris ne tik d\u017eiugins j\u016bs\u0173 skonio receptorius, bet ir pamaitins j\u016bs\u0173 k\u016bn\u0105.<br \/>\nEkologi\u0161koje maltoje lubin\u0173 kavoje esan\u010dios maistin\u0117s skaidulos gali pad\u0117ti pagerinti vir\u0161kinim\u0105 ir sveik\u0105 \u017earnyn\u0105. Skaidulos palaiko reguliar\u0173 \u017earnyno jud\u0117jim\u0105 ir padeda i\u0161laikyti subalansuot\u0105.<br \/>\nEkologi\u0161ka malta lubin\u0173 kava yra ne tik kavos pakaitalas, bet ir gali b\u016bti k\u016brybi\u0161kai naudojama \u012fvairiose kulinarijos srityse. Jos unikalus skonio profilis gali pagerinti kokteilius, kepinius, energetinius baton\u0117lius ir net pikanti\u0161kus patiekalus, tokius kaip tro\u0161kiniai ir pada\u017eai, suteikdami nauj\u0105 j\u016bs\u0173 kulinarinio repertuaro dimensij\u0105.<br \/>\nLubin\u0173 augalai yra azot\u0105 fiksuojantys ank\u0161tiniai augalai, o tai rei\u0161kia, kad jie turi savyb\u0119 praturtinti dirv\u0105 azotu. D\u0117l \u0161ios savyb\u0117s lubin\u0173 auginimas yra nekenksmingas aplinkai, nes suma\u017e\u0117ja sintetini\u0173 tr\u0105\u0161\u0173 poreikis.<\/p>\n<p><em>Paruo\u0161imas:<\/em><br \/>\nLubin\u0173 kavos paruo\u0161imas yra nesud\u0117tingas procesas, imituojantis tradicin\u012f kavos gaminimo b\u016bd\u0105. Naudodami kavos virimo aparat\u0105 arba u\u017eplikant miltelius kar\u0161tu vandeniu, galite sukurti malon\u0173 ir aromating\u0105 g\u0117rim\u0105. Gautas u\u017epilas pasi\u017eymi \u0161velniu rie\u0161ut\u0173 skoniu, kur\u012f galima papildyti j\u016bs\u0173 pasirinkt\u0173 saldikliu, pieno alternatyva ar prieskoniais.<\/p>\n<p>Ekologi\u0161kos lubin\u0173 kavos receptas:<br \/>\nIngredientai:<br \/>\n2 arb. \u0161. ekologi\u0161kos maltos lubin\u0173 kavos<br \/>\n1 puodelis vandens<br \/>\nSaldiklis ir augalinis pienas (neb\u016btina)<\/p>\n<p>Paruo\u0161imo b\u016bdai:<br \/>\nKavos virimo aparatas arba puodas<br \/>\nKavos filtras arba pranc\u016bzi\u0161kas presas (pasirinktinai)<\/p>\n<p>Paruo\u0161imas:<br \/>\nU\u017evirinkite 1 puodel\u012f vandens, \u012fd\u0117kite 2 \u0161auk\u0161telius lubin\u0173 kavos. Reguliuokite kiek\u012f pagal savo skon\u012f ir norim\u0105 kavos stiprum\u0105.<br \/>\nJei naudojate kavos virimo aparat\u0105, sud\u0117kite lubin\u0173 kavos \u012f kavos filtr\u0105 ir nustatykite kaip \u012fprast\u0105 kav\u0105.<br \/>\nJei neturite kavos virimo aparato, galite naudoti pranc\u016bzi\u0161k\u0105 pres\u0105 arba paprastai u\u017epilti kar\u0161tu vandeniu puodelyje ir palaikyti 5-10 min.<br \/>\nGalite b\u016bti k\u016brybingi, \u012f lubin\u0173 kav\u0105 \u012fd\u0117dami prieskoni\u0173, pvz., cinamono, muskato rie\u0161uto ar net \u0161lakel\u012f vanil\u0117s ekstrakto, kad gautum\u0117te papildomo skonio.<br \/>\nAtminkite, kad lubin\u0173 kava yra \u0161velnesnio ir rie\u0161uti\u0161kesnio skonio, palyginti su tradicine kava, tod\u0117l b\u016bkite atviri jos teikiamam unikaliam skonio potyriui.<\/p>\n<p>M\u0117gaukit\u0117s lubin\u0173 kava kaip sveika ir be kofeino alternatyva tradicinei kavai!<\/p>\n<p><em>PASTABA. \u010cia pateikta informacija negali b\u016bti interpretuojama kaip gydymo ar kitokio pob\u016bd\u017eio sveikatos klausim\u0173 sprendimo rekomendacija. Raginame sprendimus, susijusius su asmenine sveikata, priimti asmeni\u0161kai, \u012fvertinus \u012fvairius informacijos \u0161altinius. <\/em><\/p>\n","protected":false},"excerpt":{"rendered":"<p>Alternatyvi\u0173 g\u0117rim\u0173 pasaulyje ekologi\u0161ka malta lubin\u0173 kava sulaukia d\u0117mesio d\u0117l savo unikalaus skonio ir galimos naudos sveikatai. \u0160is kavos pakaitalas,<\/p>\n","protected":false},"featured_media":16359,"template":"","meta":{"_acf_changed":false},"product_brand":[],"product_cat":[1265,1799],"product_tag":[1940,1378],"class_list":{"0":"post-15981","1":"product","2":"type-product","3":"status-publish","4":"has-post-thumbnail","6":"product_cat-ekologiska-kakava-arbata-kava","7":"product_cat-kava","8":"product_tag-be-kofeino","9":"product_tag-veganams","10":"pa_svoris-1-kg","11":"pa_svoris-100-g","12":"pa_svoris-200-g","13":"pa_svoris-300-g","14":"pa_svoris-400-g","15":"pa_svoris-50-g","16":"pa_svoris-500-g","17":"pa_svoris-8-kg","19":"first","20":"instock","21":"shipping-taxable","22":"purchasable","23":"product-type-variable"},"acf":[],"yoast_head":"<!-- This site is optimized with the Yoast SEO plugin v27.5 - https:\/\/yoast.com\/product\/yoast-seo-wordpress\/ -->\n<title>Ekologi\u0161ka malta lubin\u0173 kava, be gliuteno - Biopapa<\/title>\n<meta name=\"description\" content=\"Ekologi\u0161ka malta lubin\u0173 kava yra be kofeino ir kupina maistini\u0173 med\u017eiag\u0173. Lubin\u0173 s\u0117klose gausu baltym\u0173, maistini\u0173 skaidul\u0173, \u012fvairi\u0173 vitamin\u0173 ir mineral\u0173. \u012etrauk\u0119 \u0161i\u0105 kavos alternatyv\u0105 \u012f savo kasdienyb\u0119, gal\u0117site m\u0117gautis g\u0117rimu, kuris ne tik d\u017eiugins j\u016bs\u0173 skonio receptorius, bet ir pamaitins j\u016bs\u0173 k\u016bn\u0105.\" \/>\n<meta name=\"robots\" content=\"index, follow, max-snippet:-1, max-image-preview:large, max-video-preview:-1\" \/>\n<link rel=\"canonical\" href=\"https:\/\/www.biopapa.de\/lt\/producte\/ekologiska-malta-lubinu-kava\/\" \/>\n<meta property=\"og:locale\" content=\"lt_LT\" \/>\n<meta property=\"og:type\" content=\"article\" \/>\n<meta property=\"og:title\" content=\"Ekologi\u0161ka malta lubin\u0173 kava, be gliuteno - Biopapa\" \/>\n<meta property=\"og:description\" content=\"Ekologi\u0161ka malta lubin\u0173 kava yra be kofeino ir kupina maistini\u0173 med\u017eiag\u0173. Lubin\u0173 s\u0117klose gausu baltym\u0173, maistini\u0173 skaidul\u0173, \u012fvairi\u0173 vitamin\u0173 ir mineral\u0173. \u012etrauk\u0119 \u0161i\u0105 kavos alternatyv\u0105 \u012f savo kasdienyb\u0119, gal\u0117site m\u0117gautis g\u0117rimu, kuris ne tik d\u017eiugins j\u016bs\u0173 skonio receptorius, bet ir pamaitins j\u016bs\u0173 k\u016bn\u0105.\" \/>\n<meta property=\"og:url\" content=\"https:\/\/www.biopapa.de\/lt\/producte\/ekologiska-malta-lubinu-kava\/\" \/>\n<meta property=\"og:site_name\" content=\"Biopapa\" \/>\n<meta property=\"article:publisher\" content=\"https:\/\/www.facebook.com\/biopapa.lt\" \/>\n<meta property=\"article:modified_time\" content=\"2026-04-16T07:30:04+00:00\" \/>\n<meta property=\"og:image\" content=\"https:\/\/www.biopapa.de\/wp-content\/uploads\/2021\/10\/Ekologiska-malta-lubinu-kava.jpg\" \/>\n\t<meta property=\"og:image:width\" content=\"800\" \/>\n\t<meta property=\"og:image:height\" content=\"640\" \/>\n\t<meta property=\"og:image:type\" content=\"image\/jpeg\" \/>\n<meta name=\"twitter:card\" content=\"summary_large_image\" \/>\n<script type=\"application\/ld+json\" class=\"yoast-schema-graph\">{\"@context\":\"https:\\\/\\\/schema.org\",\"@graph\":[{\"@type\":\"WebPage\",\"@id\":\"https:\\\/\\\/www.biopapa.de\\\/lt\\\/producte\\\/ekologiska-malta-lubinu-kava\\\/\",\"url\":\"https:\\\/\\\/www.biopapa.de\\\/lt\\\/producte\\\/ekologiska-malta-lubinu-kava\\\/\",\"name\":\"Ekologi\u0161ka malta lubin\u0173 kava, be gliuteno - Biopapa\",\"isPartOf\":{\"@id\":\"https:\\\/\\\/www.biopapa.de\\\/lt\\\/#website\"},\"primaryImageOfPage\":{\"@id\":\"https:\\\/\\\/www.biopapa.de\\\/lt\\\/producte\\\/ekologiska-malta-lubinu-kava\\\/#primaryimage\"},\"image\":{\"@id\":\"https:\\\/\\\/www.biopapa.de\\\/lt\\\/producte\\\/ekologiska-malta-lubinu-kava\\\/#primaryimage\"},\"thumbnailUrl\":\"https:\\\/\\\/www.biopapa.de\\\/wp-content\\\/uploads\\\/2021\\\/10\\\/Ekologiska-malta-lubinu-kava.jpg\",\"datePublished\":\"2021-11-09T13:55:49+00:00\",\"dateModified\":\"2026-04-16T07:30:04+00:00\",\"description\":\"Ekologi\u0161ka malta lubin\u0173 kava yra be kofeino ir kupina maistini\u0173 med\u017eiag\u0173. Lubin\u0173 s\u0117klose gausu baltym\u0173, maistini\u0173 skaidul\u0173, \u012fvairi\u0173 vitamin\u0173 ir mineral\u0173. \u012etrauk\u0119 \u0161i\u0105 kavos alternatyv\u0105 \u012f savo kasdienyb\u0119, gal\u0117site m\u0117gautis g\u0117rimu, kuris ne tik d\u017eiugins j\u016bs\u0173 skonio receptorius, bet ir pamaitins j\u016bs\u0173 k\u016bn\u0105.\",\"breadcrumb\":{\"@id\":\"https:\\\/\\\/www.biopapa.de\\\/lt\\\/producte\\\/ekologiska-malta-lubinu-kava\\\/#breadcrumb\"},\"inLanguage\":\"lt-LT\",\"potentialAction\":[{\"@type\":\"ReadAction\",\"target\":[\"https:\\\/\\\/www.biopapa.de\\\/lt\\\/producte\\\/ekologiska-malta-lubinu-kava\\\/\"]}]},{\"@type\":\"ImageObject\",\"inLanguage\":\"lt-LT\",\"@id\":\"https:\\\/\\\/www.biopapa.de\\\/lt\\\/producte\\\/ekologiska-malta-lubinu-kava\\\/#primaryimage\",\"url\":\"https:\\\/\\\/www.biopapa.de\\\/wp-content\\\/uploads\\\/2021\\\/10\\\/Ekologiska-malta-lubinu-kava.jpg\",\"contentUrl\":\"https:\\\/\\\/www.biopapa.de\\\/wp-content\\\/uploads\\\/2021\\\/10\\\/Ekologiska-malta-lubinu-kava.jpg\",\"width\":800,\"height\":640,\"caption\":\"Ekologi\u0161ka malta lubin\u0173 kava, be gliuteno\"},{\"@type\":\"BreadcrumbList\",\"@id\":\"https:\\\/\\\/www.biopapa.de\\\/lt\\\/producte\\\/ekologiska-malta-lubinu-kava\\\/#breadcrumb\",\"itemListElement\":[{\"@type\":\"ListItem\",\"position\":1,\"name\":\"Home\",\"item\":\"https:\\\/\\\/www.biopapa.de\\\/lt\\\/\"},{\"@type\":\"ListItem\",\"position\":2,\"name\":\"Parduotuv\u0117\",\"item\":\"https:\\\/\\\/www.biopapa.de\\\/parduotuve\\\/\"},{\"@type\":\"ListItem\",\"position\":3,\"name\":\"Ekologi\u0161ka malta lubin\u0173 kava, be gliuteno\"}]},{\"@type\":\"WebSite\",\"@id\":\"https:\\\/\\\/www.biopapa.de\\\/lt\\\/#website\",\"url\":\"https:\\\/\\\/www.biopapa.de\\\/lt\\\/\",\"name\":\"Biopapa\",\"description\":\"\u0160var\u016bs ekologi\u0161ki produktai\",\"publisher\":{\"@id\":\"https:\\\/\\\/www.biopapa.de\\\/lt\\\/#organization\"},\"potentialAction\":[{\"@type\":\"SearchAction\",\"target\":{\"@type\":\"EntryPoint\",\"urlTemplate\":\"https:\\\/\\\/www.biopapa.de\\\/lt\\\/?s={search_term_string}\"},\"query-input\":{\"@type\":\"PropertyValueSpecification\",\"valueRequired\":true,\"valueName\":\"search_term_string\"}}],\"inLanguage\":\"lt-LT\"},{\"@type\":\"Organization\",\"@id\":\"https:\\\/\\\/www.biopapa.de\\\/lt\\\/#organization\",\"name\":\"Biopapa\",\"url\":\"https:\\\/\\\/www.biopapa.de\\\/lt\\\/\",\"logo\":{\"@type\":\"ImageObject\",\"inLanguage\":\"lt-LT\",\"@id\":\"https:\\\/\\\/www.biopapa.de\\\/lt\\\/#\\\/schema\\\/logo\\\/image\\\/\",\"url\":\"https:\\\/\\\/www.biopapa.lt\\\/wp-content\\\/uploads\\\/2022\\\/04\\\/facebook_biopapa.jpg\",\"contentUrl\":\"https:\\\/\\\/www.biopapa.lt\\\/wp-content\\\/uploads\\\/2022\\\/04\\\/facebook_biopapa.jpg\",\"width\":1733,\"height\":907,\"caption\":\"Biopapa\"},\"image\":{\"@id\":\"https:\\\/\\\/www.biopapa.de\\\/lt\\\/#\\\/schema\\\/logo\\\/image\\\/\"},\"sameAs\":[\"https:\\\/\\\/www.facebook.com\\\/biopapa.lt\"]}]}<\/script>\n<!-- \/ Yoast SEO plugin. -->","yoast_head_json":{"title":"Ekologi\u0161ka malta lubin\u0173 kava, be gliuteno - Biopapa","description":"Ekologi\u0161ka malta lubin\u0173 kava yra be kofeino ir kupina maistini\u0173 med\u017eiag\u0173. Lubin\u0173 s\u0117klose gausu baltym\u0173, maistini\u0173 skaidul\u0173, \u012fvairi\u0173 vitamin\u0173 ir mineral\u0173. \u012etrauk\u0119 \u0161i\u0105 kavos alternatyv\u0105 \u012f savo kasdienyb\u0119, gal\u0117site m\u0117gautis g\u0117rimu, kuris ne tik d\u017eiugins j\u016bs\u0173 skonio receptorius, bet ir pamaitins j\u016bs\u0173 k\u016bn\u0105.","robots":{"index":"index","follow":"follow","max-snippet":"max-snippet:-1","max-image-preview":"max-image-preview:large","max-video-preview":"max-video-preview:-1"},"canonical":"https:\/\/www.biopapa.de\/lt\/producte\/ekologiska-malta-lubinu-kava\/","og_locale":"lt_LT","og_type":"article","og_title":"Ekologi\u0161ka malta lubin\u0173 kava, be gliuteno - Biopapa","og_description":"Ekologi\u0161ka malta lubin\u0173 kava yra be kofeino ir kupina maistini\u0173 med\u017eiag\u0173. Lubin\u0173 s\u0117klose gausu baltym\u0173, maistini\u0173 skaidul\u0173, \u012fvairi\u0173 vitamin\u0173 ir mineral\u0173. \u012etrauk\u0119 \u0161i\u0105 kavos alternatyv\u0105 \u012f savo kasdienyb\u0119, gal\u0117site m\u0117gautis g\u0117rimu, kuris ne tik d\u017eiugins j\u016bs\u0173 skonio receptorius, bet ir pamaitins j\u016bs\u0173 k\u016bn\u0105.","og_url":"https:\/\/www.biopapa.de\/lt\/producte\/ekologiska-malta-lubinu-kava\/","og_site_name":"Biopapa","article_publisher":"https:\/\/www.facebook.com\/biopapa.lt","article_modified_time":"2026-04-16T07:30:04+00:00","og_image":[{"width":800,"height":640,"url":"https:\/\/www.biopapa.de\/wp-content\/uploads\/2021\/10\/Ekologiska-malta-lubinu-kava.jpg","type":"image\/jpeg"}],"twitter_card":"summary_large_image","schema":{"@context":"https:\/\/schema.org","@graph":[{"@type":"WebPage","@id":"https:\/\/www.biopapa.de\/lt\/producte\/ekologiska-malta-lubinu-kava\/","url":"https:\/\/www.biopapa.de\/lt\/producte\/ekologiska-malta-lubinu-kava\/","name":"Ekologi\u0161ka malta lubin\u0173 kava, be gliuteno - Biopapa","isPartOf":{"@id":"https:\/\/www.biopapa.de\/lt\/#website"},"primaryImageOfPage":{"@id":"https:\/\/www.biopapa.de\/lt\/producte\/ekologiska-malta-lubinu-kava\/#primaryimage"},"image":{"@id":"https:\/\/www.biopapa.de\/lt\/producte\/ekologiska-malta-lubinu-kava\/#primaryimage"},"thumbnailUrl":"https:\/\/www.biopapa.de\/wp-content\/uploads\/2021\/10\/Ekologiska-malta-lubinu-kava.jpg","datePublished":"2021-11-09T13:55:49+00:00","dateModified":"2026-04-16T07:30:04+00:00","description":"Ekologi\u0161ka malta lubin\u0173 kava yra be kofeino ir kupina maistini\u0173 med\u017eiag\u0173. Lubin\u0173 s\u0117klose gausu baltym\u0173, maistini\u0173 skaidul\u0173, \u012fvairi\u0173 vitamin\u0173 ir mineral\u0173. \u012etrauk\u0119 \u0161i\u0105 kavos alternatyv\u0105 \u012f savo kasdienyb\u0119, gal\u0117site m\u0117gautis g\u0117rimu, kuris ne tik d\u017eiugins j\u016bs\u0173 skonio receptorius, bet ir pamaitins j\u016bs\u0173 k\u016bn\u0105.","breadcrumb":{"@id":"https:\/\/www.biopapa.de\/lt\/producte\/ekologiska-malta-lubinu-kava\/#breadcrumb"},"inLanguage":"lt-LT","potentialAction":[{"@type":"ReadAction","target":["https:\/\/www.biopapa.de\/lt\/producte\/ekologiska-malta-lubinu-kava\/"]}]},{"@type":"ImageObject","inLanguage":"lt-LT","@id":"https:\/\/www.biopapa.de\/lt\/producte\/ekologiska-malta-lubinu-kava\/#primaryimage","url":"https:\/\/www.biopapa.de\/wp-content\/uploads\/2021\/10\/Ekologiska-malta-lubinu-kava.jpg","contentUrl":"https:\/\/www.biopapa.de\/wp-content\/uploads\/2021\/10\/Ekologiska-malta-lubinu-kava.jpg","width":800,"height":640,"caption":"Ekologi\u0161ka malta lubin\u0173 kava, be gliuteno"},{"@type":"BreadcrumbList","@id":"https:\/\/www.biopapa.de\/lt\/producte\/ekologiska-malta-lubinu-kava\/#breadcrumb","itemListElement":[{"@type":"ListItem","position":1,"name":"Home","item":"https:\/\/www.biopapa.de\/lt\/"},{"@type":"ListItem","position":2,"name":"Parduotuv\u0117","item":"https:\/\/www.biopapa.de\/parduotuve\/"},{"@type":"ListItem","position":3,"name":"Ekologi\u0161ka malta lubin\u0173 kava, be gliuteno"}]},{"@type":"WebSite","@id":"https:\/\/www.biopapa.de\/lt\/#website","url":"https:\/\/www.biopapa.de\/lt\/","name":"Biopapa","description":"\u0160var\u016bs ekologi\u0161ki produktai","publisher":{"@id":"https:\/\/www.biopapa.de\/lt\/#organization"},"potentialAction":[{"@type":"SearchAction","target":{"@type":"EntryPoint","urlTemplate":"https:\/\/www.biopapa.de\/lt\/?s={search_term_string}"},"query-input":{"@type":"PropertyValueSpecification","valueRequired":true,"valueName":"search_term_string"}}],"inLanguage":"lt-LT"},{"@type":"Organization","@id":"https:\/\/www.biopapa.de\/lt\/#organization","name":"Biopapa","url":"https:\/\/www.biopapa.de\/lt\/","logo":{"@type":"ImageObject","inLanguage":"lt-LT","@id":"https:\/\/www.biopapa.de\/lt\/#\/schema\/logo\/image\/","url":"https:\/\/www.biopapa.lt\/wp-content\/uploads\/2022\/04\/facebook_biopapa.jpg","contentUrl":"https:\/\/www.biopapa.lt\/wp-content\/uploads\/2022\/04\/facebook_biopapa.jpg","width":1733,"height":907,"caption":"Biopapa"},"image":{"@id":"https:\/\/www.biopapa.de\/lt\/#\/schema\/logo\/image\/"},"sameAs":["https:\/\/www.facebook.com\/biopapa.lt"]}]}},"_links":{"self":[{"href":"https:\/\/www.biopapa.de\/lt\/wp-json\/wp\/v2\/product\/15981","targetHints":{"allow":["GET"]}}],"collection":[{"href":"https:\/\/www.biopapa.de\/lt\/wp-json\/wp\/v2\/product"}],"about":[{"href":"https:\/\/www.biopapa.de\/lt\/wp-json\/wp\/v2\/types\/product"}],"wp:featuredmedia":[{"embeddable":true,"href":"https:\/\/www.biopapa.de\/lt\/wp-json\/wp\/v2\/media\/16359"}],"wp:attachment":[{"href":"https:\/\/www.biopapa.de\/lt\/wp-json\/wp\/v2\/media?parent=15981"}],"wp:term":[{"taxonomy":"product_brand","embeddable":true,"href":"https:\/\/www.biopapa.de\/lt\/wp-json\/wp\/v2\/product_brand?post=15981"},{"taxonomy":"product_cat","embeddable":true,"href":"https:\/\/www.biopapa.de\/lt\/wp-json\/wp\/v2\/product_cat?post=15981"},{"taxonomy":"product_tag","embeddable":true,"href":"https:\/\/www.biopapa.de\/lt\/wp-json\/wp\/v2\/product_tag?post=15981"}],"curies":[{"name":"wp","href":"https:\/\/api.w.org\/{rel}","templated":true}]}}