{"id":16219,"date":"2021-11-25T22:59:01","date_gmt":"2021-11-25T20:59:01","guid":{"rendered":"https:\/\/www.biopapa.lt\/?post_type=product&#038;p=16219"},"modified":"2026-03-13T10:15:31","modified_gmt":"2026-03-13T08:15:31","slug":"ekologiskas-prieskoniu-misinys-garam-masala","status":"publish","type":"product","link":"https:\/\/www.biopapa.de\/lt\/producte\/ekologiskas-prieskoniu-misinys-garam-masala\/","title":{"rendered":"Ekologi\u0161kas prieskoni\u0173 mi\u0161inys &#8222;Garam Masala&#8221;"},"content":{"rendered":"<p>Pa\u017eod\u017eiui GARAM MASALA rei\u0161kia \u201ekaitr\u016bs prieskoniai\u201c, nes \u0161is mi\u0161inys, kurio pagrind\u0105 sudaro \u012fvair\u016bs prieskoniai, su\u0161ildo k\u016bn\u0105.<br \/>\nGaram masala \u2013 tradicinis indi\u0161kas prieskoni\u0173 mi\u0161inys, kuris ne tik suteikia patiekalams skonio, bet ir turi daug nauding\u0173 savybi\u0173 sveikatai. \u0160ildan\u010dios savyb\u0117s padeda palaikyti k\u016bno \u0161ilum\u0105 \u0161altuoju met\u0173 laiku.<br \/>\nGaram masala yra universalus prieskonis, puikiai tinkantis kariams, sriuboms, marinavimui, tro\u0161kiniams ar ry\u017ei\u0173 patiekalams, tod\u0117l tai yra puikus prieskonis tiek skonio, tiek sveikatos po\u017ei\u016briu.<\/p>\n<p>Receptas \u2013 Ry\u017eiai su dar\u017eov\u0117mis<br \/>\n1 puodel\u012f ry\u017ei\u0173 nuplaukite, nusausinkite ko\u0161tuve.<br \/>\nPuode \u012fkaitinkite truput\u012f aliejaus ar lydyto sviesto, sud\u0117kite gabaliukais supjaustyt\u0105 svog\u016bn\u0105, \u010desnak\u0105, lengvai pakepinkite.<br \/>\nSuberkite 2 puodelius smulkiai pjaustyt\u0173 dar\u017eovi\u0173 (paprikos, mork\u0173, \u017eiedini\u0173 kop\u016bst\u0173) ir mai\u0161ydami kepkite 4-5 minutes.<br \/>\n\u012eberkite 1 \u0161auk\u0161tel\u012f Garam masalos, i\u0161mai\u0161ykite ir dar pakepinkite apie minut\u0119.<br \/>\nSuberkite ry\u017eius, dar pamai\u0161ykite.<br \/>\n\u012epilkite 2 puodelius vandens, \u012fberkite 1 \u0161auk\u0161tel\u012f druskos, v\u0117l i\u0161mai\u0161ykite, u\u017evirkite.<br \/>\nSuma\u017ein\u0119 ugn\u012f virkite dar 10 -15 minu\u010di\u0173 (priklausomai nuo ry\u017ei\u0173 r\u016b\u0161ies), kol ry\u017eiai sugers vis\u0105 vanden\u012f, taps mink\u0161ti bei pur\u016bs.<br \/>\nTinka pagardinti \u017ealiais \u017eirneliais ar citrin\u0173 skiltel\u0117mis.<\/p>\n<p><em>PASTABA. \u010cia pateikta informacija negali b\u016bti interpretuojama kaip gydymo ar kitokio pob\u016bd\u017eio sveikatos klausim\u0173 sprendimo rekomendacija. Raginame sprendimus, susijusius su asmenine sveikata, priimti asmeni\u0161kai, \u012fvertinus \u012fvairius informacijos \u0161altinius.<\/em><\/p>\n","protected":false},"excerpt":{"rendered":"<p>Pa\u017eod\u017eiui GARAM MASALA rei\u0161kia \u201ekaitr\u016bs prieskoniai\u201c, nes \u0161is mi\u0161inys, kurio pagrind\u0105 sudaro \u012fvair\u016bs prieskoniai, su\u0161ildo k\u016bn\u0105. Garam masala \u2013 tradicinis<\/p>\n","protected":false},"featured_media":16360,"template":"","meta":{"_acf_changed":false},"product_brand":[],"product_cat":[1315],"product_tag":[1378],"class_list":{"0":"post-16219","1":"product","2":"type-product","3":"status-publish","4":"has-post-thumbnail","6":"product_cat-ekologiski-prieskoniai","7":"product_tag-veganams","8":"pa_svoris-1-kg","9":"pa_svoris-100-g","10":"pa_svoris-200-g","11":"pa_svoris-25-g","12":"pa_svoris-300-g","13":"pa_svoris-400-g","14":"pa_svoris-50-g","15":"pa_svoris-500-g","16":"pa_svoris-6-kg","18":"first","19":"instock","20":"shipping-taxable","21":"purchasable","22":"product-type-variable"},"acf":[],"yoast_head":"<!-- This site is optimized with the Yoast SEO plugin v27.5 - https:\/\/yoast.com\/product\/yoast-seo-wordpress\/ -->\n<title>Ekologi\u0161kas prieskoni\u0173 mi\u0161inys &quot;Garam Masala&quot; - Biopapa<\/title>\n<meta name=\"robots\" content=\"index, follow, max-snippet:-1, max-image-preview:large, max-video-preview:-1\" \/>\n<link rel=\"canonical\" href=\"https:\/\/www.biopapa.de\/lt\/producte\/ekologiskas-prieskoniu-misinys-garam-masala\/\" \/>\n<meta property=\"og:locale\" content=\"lt_LT\" \/>\n<meta property=\"og:type\" content=\"article\" \/>\n<meta property=\"og:title\" content=\"Ekologi\u0161kas prieskoni\u0173 mi\u0161inys &quot;Garam Masala&quot; - Biopapa\" \/>\n<meta property=\"og:description\" content=\"Pa\u017eod\u017eiui GARAM MASALA rei\u0161kia \u201ekaitr\u016bs prieskoniai\u201c, nes \u0161is mi\u0161inys, kurio pagrind\u0105 sudaro \u012fvair\u016bs prieskoniai, su\u0161ildo k\u016bn\u0105. Garam masala \u2013 tradicinis\" \/>\n<meta property=\"og:url\" content=\"https:\/\/www.biopapa.de\/lt\/producte\/ekologiskas-prieskoniu-misinys-garam-masala\/\" \/>\n<meta property=\"og:site_name\" content=\"Biopapa\" \/>\n<meta property=\"article:publisher\" content=\"https:\/\/www.facebook.com\/biopapa.lt\" \/>\n<meta property=\"article:modified_time\" content=\"2026-03-13T08:15:31+00:00\" \/>\n<meta property=\"og:image\" content=\"https:\/\/www.biopapa.de\/wp-content\/uploads\/2021\/10\/Ekologiskas-prieskoniu-misinys-Garam-Masala.jpg\" \/>\n\t<meta property=\"og:image:width\" content=\"800\" \/>\n\t<meta property=\"og:image:height\" content=\"640\" \/>\n\t<meta property=\"og:image:type\" content=\"image\/jpeg\" \/>\n<meta name=\"twitter:card\" content=\"summary_large_image\" \/>\n<script type=\"application\/ld+json\" class=\"yoast-schema-graph\">{\"@context\":\"https:\\\/\\\/schema.org\",\"@graph\":[{\"@type\":\"WebPage\",\"@id\":\"https:\\\/\\\/www.biopapa.de\\\/lt\\\/producte\\\/ekologiskas-prieskoniu-misinys-garam-masala\\\/\",\"url\":\"https:\\\/\\\/www.biopapa.de\\\/lt\\\/producte\\\/ekologiskas-prieskoniu-misinys-garam-masala\\\/\",\"name\":\"Ekologi\u0161kas prieskoni\u0173 mi\u0161inys \\\"Garam Masala\\\" - Biopapa\",\"isPartOf\":{\"@id\":\"https:\\\/\\\/www.biopapa.de\\\/lt\\\/#website\"},\"primaryImageOfPage\":{\"@id\":\"https:\\\/\\\/www.biopapa.de\\\/lt\\\/producte\\\/ekologiskas-prieskoniu-misinys-garam-masala\\\/#primaryimage\"},\"image\":{\"@id\":\"https:\\\/\\\/www.biopapa.de\\\/lt\\\/producte\\\/ekologiskas-prieskoniu-misinys-garam-masala\\\/#primaryimage\"},\"thumbnailUrl\":\"https:\\\/\\\/www.biopapa.de\\\/wp-content\\\/uploads\\\/2021\\\/10\\\/Ekologiskas-prieskoniu-misinys-Garam-Masala.jpg\",\"datePublished\":\"2021-11-25T20:59:01+00:00\",\"dateModified\":\"2026-03-13T08:15:31+00:00\",\"breadcrumb\":{\"@id\":\"https:\\\/\\\/www.biopapa.de\\\/lt\\\/producte\\\/ekologiskas-prieskoniu-misinys-garam-masala\\\/#breadcrumb\"},\"inLanguage\":\"lt-LT\",\"potentialAction\":[{\"@type\":\"ReadAction\",\"target\":[\"https:\\\/\\\/www.biopapa.de\\\/lt\\\/producte\\\/ekologiskas-prieskoniu-misinys-garam-masala\\\/\"]}]},{\"@type\":\"ImageObject\",\"inLanguage\":\"lt-LT\",\"@id\":\"https:\\\/\\\/www.biopapa.de\\\/lt\\\/producte\\\/ekologiskas-prieskoniu-misinys-garam-masala\\\/#primaryimage\",\"url\":\"https:\\\/\\\/www.biopapa.de\\\/wp-content\\\/uploads\\\/2021\\\/10\\\/Ekologiskas-prieskoniu-misinys-Garam-Masala.jpg\",\"contentUrl\":\"https:\\\/\\\/www.biopapa.de\\\/wp-content\\\/uploads\\\/2021\\\/10\\\/Ekologiskas-prieskoniu-misinys-Garam-Masala.jpg\",\"width\":800,\"height\":640,\"caption\":\"Ekologi\u0161kas prieskoni\u0173 mi\u0161inys \u201cGaram Masala\u201d\"},{\"@type\":\"BreadcrumbList\",\"@id\":\"https:\\\/\\\/www.biopapa.de\\\/lt\\\/producte\\\/ekologiskas-prieskoniu-misinys-garam-masala\\\/#breadcrumb\",\"itemListElement\":[{\"@type\":\"ListItem\",\"position\":1,\"name\":\"Home\",\"item\":\"https:\\\/\\\/www.biopapa.de\\\/lt\\\/\"},{\"@type\":\"ListItem\",\"position\":2,\"name\":\"Parduotuv\u0117\",\"item\":\"https:\\\/\\\/www.biopapa.de\\\/parduotuve\\\/\"},{\"@type\":\"ListItem\",\"position\":3,\"name\":\"Ekologi\u0161kas prieskoni\u0173 mi\u0161inys &#8222;Garam Masala&#8221;\"}]},{\"@type\":\"WebSite\",\"@id\":\"https:\\\/\\\/www.biopapa.de\\\/lt\\\/#website\",\"url\":\"https:\\\/\\\/www.biopapa.de\\\/lt\\\/\",\"name\":\"Biopapa\",\"description\":\"\u0160var\u016bs ekologi\u0161ki produktai\",\"publisher\":{\"@id\":\"https:\\\/\\\/www.biopapa.de\\\/lt\\\/#organization\"},\"potentialAction\":[{\"@type\":\"SearchAction\",\"target\":{\"@type\":\"EntryPoint\",\"urlTemplate\":\"https:\\\/\\\/www.biopapa.de\\\/lt\\\/?s={search_term_string}\"},\"query-input\":{\"@type\":\"PropertyValueSpecification\",\"valueRequired\":true,\"valueName\":\"search_term_string\"}}],\"inLanguage\":\"lt-LT\"},{\"@type\":\"Organization\",\"@id\":\"https:\\\/\\\/www.biopapa.de\\\/lt\\\/#organization\",\"name\":\"Biopapa\",\"url\":\"https:\\\/\\\/www.biopapa.de\\\/lt\\\/\",\"logo\":{\"@type\":\"ImageObject\",\"inLanguage\":\"lt-LT\",\"@id\":\"https:\\\/\\\/www.biopapa.de\\\/lt\\\/#\\\/schema\\\/logo\\\/image\\\/\",\"url\":\"https:\\\/\\\/www.biopapa.lt\\\/wp-content\\\/uploads\\\/2022\\\/04\\\/facebook_biopapa.jpg\",\"contentUrl\":\"https:\\\/\\\/www.biopapa.lt\\\/wp-content\\\/uploads\\\/2022\\\/04\\\/facebook_biopapa.jpg\",\"width\":1733,\"height\":907,\"caption\":\"Biopapa\"},\"image\":{\"@id\":\"https:\\\/\\\/www.biopapa.de\\\/lt\\\/#\\\/schema\\\/logo\\\/image\\\/\"},\"sameAs\":[\"https:\\\/\\\/www.facebook.com\\\/biopapa.lt\"]}]}<\/script>\n<!-- \/ Yoast SEO plugin. -->","yoast_head_json":{"title":"Ekologi\u0161kas prieskoni\u0173 mi\u0161inys \"Garam Masala\" - Biopapa","robots":{"index":"index","follow":"follow","max-snippet":"max-snippet:-1","max-image-preview":"max-image-preview:large","max-video-preview":"max-video-preview:-1"},"canonical":"https:\/\/www.biopapa.de\/lt\/producte\/ekologiskas-prieskoniu-misinys-garam-masala\/","og_locale":"lt_LT","og_type":"article","og_title":"Ekologi\u0161kas prieskoni\u0173 mi\u0161inys \"Garam Masala\" - Biopapa","og_description":"Pa\u017eod\u017eiui GARAM MASALA rei\u0161kia \u201ekaitr\u016bs prieskoniai\u201c, nes \u0161is mi\u0161inys, kurio pagrind\u0105 sudaro \u012fvair\u016bs prieskoniai, su\u0161ildo k\u016bn\u0105. Garam masala \u2013 tradicinis","og_url":"https:\/\/www.biopapa.de\/lt\/producte\/ekologiskas-prieskoniu-misinys-garam-masala\/","og_site_name":"Biopapa","article_publisher":"https:\/\/www.facebook.com\/biopapa.lt","article_modified_time":"2026-03-13T08:15:31+00:00","og_image":[{"width":800,"height":640,"url":"https:\/\/www.biopapa.de\/wp-content\/uploads\/2021\/10\/Ekologiskas-prieskoniu-misinys-Garam-Masala.jpg","type":"image\/jpeg"}],"twitter_card":"summary_large_image","schema":{"@context":"https:\/\/schema.org","@graph":[{"@type":"WebPage","@id":"https:\/\/www.biopapa.de\/lt\/producte\/ekologiskas-prieskoniu-misinys-garam-masala\/","url":"https:\/\/www.biopapa.de\/lt\/producte\/ekologiskas-prieskoniu-misinys-garam-masala\/","name":"Ekologi\u0161kas prieskoni\u0173 mi\u0161inys \"Garam Masala\" - Biopapa","isPartOf":{"@id":"https:\/\/www.biopapa.de\/lt\/#website"},"primaryImageOfPage":{"@id":"https:\/\/www.biopapa.de\/lt\/producte\/ekologiskas-prieskoniu-misinys-garam-masala\/#primaryimage"},"image":{"@id":"https:\/\/www.biopapa.de\/lt\/producte\/ekologiskas-prieskoniu-misinys-garam-masala\/#primaryimage"},"thumbnailUrl":"https:\/\/www.biopapa.de\/wp-content\/uploads\/2021\/10\/Ekologiskas-prieskoniu-misinys-Garam-Masala.jpg","datePublished":"2021-11-25T20:59:01+00:00","dateModified":"2026-03-13T08:15:31+00:00","breadcrumb":{"@id":"https:\/\/www.biopapa.de\/lt\/producte\/ekologiskas-prieskoniu-misinys-garam-masala\/#breadcrumb"},"inLanguage":"lt-LT","potentialAction":[{"@type":"ReadAction","target":["https:\/\/www.biopapa.de\/lt\/producte\/ekologiskas-prieskoniu-misinys-garam-masala\/"]}]},{"@type":"ImageObject","inLanguage":"lt-LT","@id":"https:\/\/www.biopapa.de\/lt\/producte\/ekologiskas-prieskoniu-misinys-garam-masala\/#primaryimage","url":"https:\/\/www.biopapa.de\/wp-content\/uploads\/2021\/10\/Ekologiskas-prieskoniu-misinys-Garam-Masala.jpg","contentUrl":"https:\/\/www.biopapa.de\/wp-content\/uploads\/2021\/10\/Ekologiskas-prieskoniu-misinys-Garam-Masala.jpg","width":800,"height":640,"caption":"Ekologi\u0161kas prieskoni\u0173 mi\u0161inys \u201cGaram Masala\u201d"},{"@type":"BreadcrumbList","@id":"https:\/\/www.biopapa.de\/lt\/producte\/ekologiskas-prieskoniu-misinys-garam-masala\/#breadcrumb","itemListElement":[{"@type":"ListItem","position":1,"name":"Home","item":"https:\/\/www.biopapa.de\/lt\/"},{"@type":"ListItem","position":2,"name":"Parduotuv\u0117","item":"https:\/\/www.biopapa.de\/parduotuve\/"},{"@type":"ListItem","position":3,"name":"Ekologi\u0161kas prieskoni\u0173 mi\u0161inys &#8222;Garam Masala&#8221;"}]},{"@type":"WebSite","@id":"https:\/\/www.biopapa.de\/lt\/#website","url":"https:\/\/www.biopapa.de\/lt\/","name":"Biopapa","description":"\u0160var\u016bs ekologi\u0161ki produktai","publisher":{"@id":"https:\/\/www.biopapa.de\/lt\/#organization"},"potentialAction":[{"@type":"SearchAction","target":{"@type":"EntryPoint","urlTemplate":"https:\/\/www.biopapa.de\/lt\/?s={search_term_string}"},"query-input":{"@type":"PropertyValueSpecification","valueRequired":true,"valueName":"search_term_string"}}],"inLanguage":"lt-LT"},{"@type":"Organization","@id":"https:\/\/www.biopapa.de\/lt\/#organization","name":"Biopapa","url":"https:\/\/www.biopapa.de\/lt\/","logo":{"@type":"ImageObject","inLanguage":"lt-LT","@id":"https:\/\/www.biopapa.de\/lt\/#\/schema\/logo\/image\/","url":"https:\/\/www.biopapa.lt\/wp-content\/uploads\/2022\/04\/facebook_biopapa.jpg","contentUrl":"https:\/\/www.biopapa.lt\/wp-content\/uploads\/2022\/04\/facebook_biopapa.jpg","width":1733,"height":907,"caption":"Biopapa"},"image":{"@id":"https:\/\/www.biopapa.de\/lt\/#\/schema\/logo\/image\/"},"sameAs":["https:\/\/www.facebook.com\/biopapa.lt"]}]}},"_links":{"self":[{"href":"https:\/\/www.biopapa.de\/lt\/wp-json\/wp\/v2\/product\/16219","targetHints":{"allow":["GET"]}}],"collection":[{"href":"https:\/\/www.biopapa.de\/lt\/wp-json\/wp\/v2\/product"}],"about":[{"href":"https:\/\/www.biopapa.de\/lt\/wp-json\/wp\/v2\/types\/product"}],"wp:featuredmedia":[{"embeddable":true,"href":"https:\/\/www.biopapa.de\/lt\/wp-json\/wp\/v2\/media\/16360"}],"wp:attachment":[{"href":"https:\/\/www.biopapa.de\/lt\/wp-json\/wp\/v2\/media?parent=16219"}],"wp:term":[{"taxonomy":"product_brand","embeddable":true,"href":"https:\/\/www.biopapa.de\/lt\/wp-json\/wp\/v2\/product_brand?post=16219"},{"taxonomy":"product_cat","embeddable":true,"href":"https:\/\/www.biopapa.de\/lt\/wp-json\/wp\/v2\/product_cat?post=16219"},{"taxonomy":"product_tag","embeddable":true,"href":"https:\/\/www.biopapa.de\/lt\/wp-json\/wp\/v2\/product_tag?post=16219"}],"curies":[{"name":"wp","href":"https:\/\/api.w.org\/{rel}","templated":true}]}}