{"id":16639,"date":"2022-01-23T13:25:41","date_gmt":"2022-01-23T11:25:41","guid":{"rendered":"https:\/\/www.biopapa.lt\/?post_type=product&#038;p=16639"},"modified":"2026-01-13T15:25:33","modified_gmt":"2026-01-13T13:25:33","slug":"ekologiski-juoduju-serbentu-milteliai","status":"publish","type":"product","link":"https:\/\/www.biopapa.de\/lt\/producte\/ekologiski-juoduju-serbentu-milteliai\/","title":{"rendered":"Ekologi\u0161ki juod\u0173j\u0173 serbent\u0173 milteliai"},"content":{"rendered":"<p><strong>Ekologi\u0161ki juod\u0173j\u0173 serbent\u0173 milteliai<\/strong> pagaminti i\u0161 Lietuvoje u\u017eaugint\u0173 uog\u0173.<br \/>\nJuodieji serbentai turi gili\u0105 istorij\u0105 ir yra tvirtai \u012fsi\u0161aknij\u0119 Europos kulinarin\u0117se tradicijose.<br \/>\nJuodieji serbentai (Ribes nigrum) yra kil\u0119 i\u0161 Europos ir kai kuri\u0173 Azijos region\u0173. Jie auginami jau t\u016bkstan\u010dius met\u0173, su ra\u0161ytiniais \u012fra\u0161ais apie j\u0173 naud\u0105 sveikatai, kaip pavyzd\u017eiui, siekiant gydyti skausmus, sergant skorbutu. \u0160iaur\u0117s \u0161alyse juod\u0173j\u0173 serbent\u0173 lapai buvo naudojami tradicin\u0117se \u017eolin\u0117se priemon\u0117se nuo \u012fvairi\u0173 lig\u0173.<br \/>\nJuod\u0173j\u0173 serbent\u0173 milteliai yra turtingi vitaminais ir mineralais.<br \/>\n17-ame ir 18-ame am\u017eiuje, juodieji serbentai tapo populiar\u016bs kaip maisto ir prieskoni\u0173 ingredientai. Uogas naudojo d\u017eemams, uogien\u0117ms, sirupams, o lapai naudojami rauginat ar marinuojant dar\u017eoves.<\/p>\n<p>Vartojimas<br \/>\nJuodieji serbentai yra populiarus ingredientas tradiciniuose desertuose ir g\u0117rimuose daugelyje Europos \u0161ali\u0173.<br \/>\nDid\u017eiojoje Britanijoje, gaminami juod\u0173j\u0173 serbent\u0173 produktai, tokie kaip d\u017eemai, sultys ir saldainiai, ir tai taip pat siejama su popietin\u0117s arbatos tradicija.<br \/>\nJuod\u0173j\u0173 serbent\u0173 milteli\u0173 galite \u012fsid\u0117ti \u012f ko\u0161es, salot\u0173 pada\u017eus ar marinatus, \u012f kepinius, tokius kaip keksiukai, blynai arba duona. Taip pat tiks kokteiliams, desertams, ledams ar glaz\u016brai. Juod\u0173j\u0173 serbent\u0173 milteliai suteiks maistingumo, skonio ir spalvos j\u016bs\u0173 receptams.<\/p>\n<p>Rekomenduojama paprastai tai nuo 1 \u2013 2 arbatiniai \u0161auk\u0161teliai per dien\u0105. Prad\u0117kite nuo nedidelio kiekio, pavyzd\u017eiui, pus\u0117 arbatinio \u0161auk\u0161telio.<\/p>\n<p>Laikykite juos sandariame inde v\u0117sioje, sausoje vietoje, atokiau nuo tiesiogini\u0173 saul\u0117s spinduli\u0173, kad i\u0161laikytum\u0117te j\u0173 \u0161vie\u017eum\u0105 ir stiprum\u0105.<\/p>\n<p><em>PASTABA. \u010cia pateikta informacija negali b\u016bti interpretuojama kaip gydymo ar kitokio pob\u016bd\u017eio sveikatos klausim\u0173 sprendimo rekomendacija.<\/em><br \/>\n<em>Raginame sprendimus, susijusius su asmenine sveikata, priimti asmeni\u0161kai, \u012fvertinus \u012fvairius informacijos \u0161altinius.<\/em><\/p>\n","protected":false},"excerpt":{"rendered":"<p>Ekologi\u0161ki juod\u0173j\u0173 serbent\u0173 milteliai pagaminti i\u0161 Lietuvoje u\u017eaugint\u0173 uog\u0173. Juodieji serbentai turi gili\u0105 istorij\u0105 ir yra tvirtai \u012fsi\u0161aknij\u0119 Europos kulinarin\u0117se<\/p>\n","protected":false},"featured_media":16845,"template":"","meta":{"_acf_changed":false},"product_brand":[],"product_cat":[1216,2349],"product_tag":[1378],"class_list":{"0":"post-16639","1":"product","2":"type-product","3":"status-publish","4":"has-post-thumbnail","6":"product_cat-augalinis-supermaistas","7":"product_cat-milteliai","8":"product_tag-veganams","9":"pa_svoris-1-kg","10":"pa_svoris-100-g","11":"pa_svoris-200-g","12":"pa_svoris-300-g","13":"pa_svoris-400-g","14":"pa_svoris-5-kg","15":"pa_svoris-50-g","16":"pa_svoris-500-g","18":"first","19":"outofstock","20":"shipping-taxable","21":"purchasable","22":"product-type-variable"},"acf":[],"yoast_head":"<!-- This site is optimized with the Yoast SEO plugin v27.4 - https:\/\/yoast.com\/product\/yoast-seo-wordpress\/ -->\n<title>Ekologi\u0161ki juod\u0173j\u0173 serbent\u0173 milteliai - Biopapa<\/title>\n<meta name=\"description\" content=\"Ekologi\u0161ki juod\u0173j\u0173 serbent\u0173 milteliai turtingi vitamin\u0173, mineral\u0173 ir maistini\u0173 skaidul\u0173, jie yra universalus ingredientas, kuris gali pagerinti bendr\u0105 savijaut\u0105.\" \/>\n<meta name=\"robots\" content=\"index, follow, max-snippet:-1, max-image-preview:large, max-video-preview:-1\" \/>\n<link rel=\"canonical\" href=\"https:\/\/www.biopapa.de\/lt\/producte\/ekologiski-juoduju-serbentu-milteliai\/\" \/>\n<meta property=\"og:locale\" content=\"lt_LT\" \/>\n<meta property=\"og:type\" content=\"article\" \/>\n<meta property=\"og:title\" content=\"Ekologi\u0161ki juod\u0173j\u0173 serbent\u0173 milteliai - Biopapa\" \/>\n<meta property=\"og:description\" content=\"Ekologi\u0161ki juod\u0173j\u0173 serbent\u0173 milteliai turtingi vitamin\u0173, mineral\u0173 ir maistini\u0173 skaidul\u0173, jie yra universalus ingredientas, kuris gali pagerinti bendr\u0105 savijaut\u0105.\" \/>\n<meta property=\"og:url\" content=\"https:\/\/www.biopapa.de\/lt\/producte\/ekologiski-juoduju-serbentu-milteliai\/\" \/>\n<meta property=\"og:site_name\" content=\"Biopapa\" \/>\n<meta property=\"article:publisher\" content=\"https:\/\/www.facebook.com\/biopapa.lt\" \/>\n<meta property=\"article:modified_time\" content=\"2026-01-13T13:25:33+00:00\" \/>\n<meta property=\"og:image\" content=\"https:\/\/www.biopapa.de\/wp-content\/uploads\/2022\/01\/Juod.-serbentu-milteliai.jpg\" \/>\n\t<meta property=\"og:image:width\" content=\"800\" \/>\n\t<meta property=\"og:image:height\" content=\"640\" \/>\n\t<meta property=\"og:image:type\" content=\"image\/jpeg\" \/>\n<meta name=\"twitter:card\" content=\"summary_large_image\" \/>\n<meta name=\"twitter:label1\" content=\"Est. reading time\" \/>\n\t<meta name=\"twitter:data1\" content=\"1 minut\u0117\" \/>\n<script type=\"application\/ld+json\" class=\"yoast-schema-graph\">{\"@context\":\"https:\\\/\\\/schema.org\",\"@graph\":[{\"@type\":\"WebPage\",\"@id\":\"https:\\\/\\\/www.biopapa.de\\\/lt\\\/producte\\\/ekologiski-juoduju-serbentu-milteliai\\\/\",\"url\":\"https:\\\/\\\/www.biopapa.de\\\/lt\\\/producte\\\/ekologiski-juoduju-serbentu-milteliai\\\/\",\"name\":\"Ekologi\u0161ki juod\u0173j\u0173 serbent\u0173 milteliai - Biopapa\",\"isPartOf\":{\"@id\":\"https:\\\/\\\/www.biopapa.de\\\/lt\\\/#website\"},\"primaryImageOfPage\":{\"@id\":\"https:\\\/\\\/www.biopapa.de\\\/lt\\\/producte\\\/ekologiski-juoduju-serbentu-milteliai\\\/#primaryimage\"},\"image\":{\"@id\":\"https:\\\/\\\/www.biopapa.de\\\/lt\\\/producte\\\/ekologiski-juoduju-serbentu-milteliai\\\/#primaryimage\"},\"thumbnailUrl\":\"https:\\\/\\\/www.biopapa.de\\\/wp-content\\\/uploads\\\/2022\\\/01\\\/Juod.-serbentu-milteliai.jpg\",\"datePublished\":\"2022-01-23T11:25:41+00:00\",\"dateModified\":\"2026-01-13T13:25:33+00:00\",\"description\":\"Ekologi\u0161ki juod\u0173j\u0173 serbent\u0173 milteliai turtingi vitamin\u0173, mineral\u0173 ir maistini\u0173 skaidul\u0173, jie yra universalus ingredientas, kuris gali pagerinti bendr\u0105 savijaut\u0105.\",\"breadcrumb\":{\"@id\":\"https:\\\/\\\/www.biopapa.de\\\/lt\\\/producte\\\/ekologiski-juoduju-serbentu-milteliai\\\/#breadcrumb\"},\"inLanguage\":\"lt-LT\",\"potentialAction\":[{\"@type\":\"ReadAction\",\"target\":[\"https:\\\/\\\/www.biopapa.de\\\/lt\\\/producte\\\/ekologiski-juoduju-serbentu-milteliai\\\/\"]}]},{\"@type\":\"ImageObject\",\"inLanguage\":\"lt-LT\",\"@id\":\"https:\\\/\\\/www.biopapa.de\\\/lt\\\/producte\\\/ekologiski-juoduju-serbentu-milteliai\\\/#primaryimage\",\"url\":\"https:\\\/\\\/www.biopapa.de\\\/wp-content\\\/uploads\\\/2022\\\/01\\\/Juod.-serbentu-milteliai.jpg\",\"contentUrl\":\"https:\\\/\\\/www.biopapa.de\\\/wp-content\\\/uploads\\\/2022\\\/01\\\/Juod.-serbentu-milteliai.jpg\",\"width\":800,\"height\":640,\"caption\":\"Ekologi\u0161ki juod\u0173j\u0173 serbent\u0173 milteliai\"},{\"@type\":\"BreadcrumbList\",\"@id\":\"https:\\\/\\\/www.biopapa.de\\\/lt\\\/producte\\\/ekologiski-juoduju-serbentu-milteliai\\\/#breadcrumb\",\"itemListElement\":[{\"@type\":\"ListItem\",\"position\":1,\"name\":\"Home\",\"item\":\"https:\\\/\\\/www.biopapa.de\\\/lt\\\/\"},{\"@type\":\"ListItem\",\"position\":2,\"name\":\"Parduotuv\u0117\",\"item\":\"https:\\\/\\\/www.biopapa.de\\\/parduotuve\\\/\"},{\"@type\":\"ListItem\",\"position\":3,\"name\":\"Ekologi\u0161ki juod\u0173j\u0173 serbent\u0173 milteliai\"}]},{\"@type\":\"WebSite\",\"@id\":\"https:\\\/\\\/www.biopapa.de\\\/lt\\\/#website\",\"url\":\"https:\\\/\\\/www.biopapa.de\\\/lt\\\/\",\"name\":\"Biopapa\",\"description\":\"\u0160var\u016bs ekologi\u0161ki produktai\",\"publisher\":{\"@id\":\"https:\\\/\\\/www.biopapa.de\\\/lt\\\/#organization\"},\"potentialAction\":[{\"@type\":\"SearchAction\",\"target\":{\"@type\":\"EntryPoint\",\"urlTemplate\":\"https:\\\/\\\/www.biopapa.de\\\/lt\\\/?s={search_term_string}\"},\"query-input\":{\"@type\":\"PropertyValueSpecification\",\"valueRequired\":true,\"valueName\":\"search_term_string\"}}],\"inLanguage\":\"lt-LT\"},{\"@type\":\"Organization\",\"@id\":\"https:\\\/\\\/www.biopapa.de\\\/lt\\\/#organization\",\"name\":\"Biopapa\",\"url\":\"https:\\\/\\\/www.biopapa.de\\\/lt\\\/\",\"logo\":{\"@type\":\"ImageObject\",\"inLanguage\":\"lt-LT\",\"@id\":\"https:\\\/\\\/www.biopapa.de\\\/lt\\\/#\\\/schema\\\/logo\\\/image\\\/\",\"url\":\"https:\\\/\\\/www.biopapa.lt\\\/wp-content\\\/uploads\\\/2022\\\/04\\\/facebook_biopapa.jpg\",\"contentUrl\":\"https:\\\/\\\/www.biopapa.lt\\\/wp-content\\\/uploads\\\/2022\\\/04\\\/facebook_biopapa.jpg\",\"width\":1733,\"height\":907,\"caption\":\"Biopapa\"},\"image\":{\"@id\":\"https:\\\/\\\/www.biopapa.de\\\/lt\\\/#\\\/schema\\\/logo\\\/image\\\/\"},\"sameAs\":[\"https:\\\/\\\/www.facebook.com\\\/biopapa.lt\"]}]}<\/script>\n<!-- \/ Yoast SEO plugin. -->","yoast_head_json":{"title":"Ekologi\u0161ki juod\u0173j\u0173 serbent\u0173 milteliai - Biopapa","description":"Ekologi\u0161ki juod\u0173j\u0173 serbent\u0173 milteliai turtingi vitamin\u0173, mineral\u0173 ir maistini\u0173 skaidul\u0173, jie yra universalus ingredientas, kuris gali pagerinti bendr\u0105 savijaut\u0105.","robots":{"index":"index","follow":"follow","max-snippet":"max-snippet:-1","max-image-preview":"max-image-preview:large","max-video-preview":"max-video-preview:-1"},"canonical":"https:\/\/www.biopapa.de\/lt\/producte\/ekologiski-juoduju-serbentu-milteliai\/","og_locale":"lt_LT","og_type":"article","og_title":"Ekologi\u0161ki juod\u0173j\u0173 serbent\u0173 milteliai - Biopapa","og_description":"Ekologi\u0161ki juod\u0173j\u0173 serbent\u0173 milteliai turtingi vitamin\u0173, mineral\u0173 ir maistini\u0173 skaidul\u0173, jie yra universalus ingredientas, kuris gali pagerinti bendr\u0105 savijaut\u0105.","og_url":"https:\/\/www.biopapa.de\/lt\/producte\/ekologiski-juoduju-serbentu-milteliai\/","og_site_name":"Biopapa","article_publisher":"https:\/\/www.facebook.com\/biopapa.lt","article_modified_time":"2026-01-13T13:25:33+00:00","og_image":[{"width":800,"height":640,"url":"https:\/\/www.biopapa.de\/wp-content\/uploads\/2022\/01\/Juod.-serbentu-milteliai.jpg","type":"image\/jpeg"}],"twitter_card":"summary_large_image","twitter_misc":{"Est. reading time":"1 minut\u0117"},"schema":{"@context":"https:\/\/schema.org","@graph":[{"@type":"WebPage","@id":"https:\/\/www.biopapa.de\/lt\/producte\/ekologiski-juoduju-serbentu-milteliai\/","url":"https:\/\/www.biopapa.de\/lt\/producte\/ekologiski-juoduju-serbentu-milteliai\/","name":"Ekologi\u0161ki juod\u0173j\u0173 serbent\u0173 milteliai - Biopapa","isPartOf":{"@id":"https:\/\/www.biopapa.de\/lt\/#website"},"primaryImageOfPage":{"@id":"https:\/\/www.biopapa.de\/lt\/producte\/ekologiski-juoduju-serbentu-milteliai\/#primaryimage"},"image":{"@id":"https:\/\/www.biopapa.de\/lt\/producte\/ekologiski-juoduju-serbentu-milteliai\/#primaryimage"},"thumbnailUrl":"https:\/\/www.biopapa.de\/wp-content\/uploads\/2022\/01\/Juod.-serbentu-milteliai.jpg","datePublished":"2022-01-23T11:25:41+00:00","dateModified":"2026-01-13T13:25:33+00:00","description":"Ekologi\u0161ki juod\u0173j\u0173 serbent\u0173 milteliai turtingi vitamin\u0173, mineral\u0173 ir maistini\u0173 skaidul\u0173, jie yra universalus ingredientas, kuris gali pagerinti bendr\u0105 savijaut\u0105.","breadcrumb":{"@id":"https:\/\/www.biopapa.de\/lt\/producte\/ekologiski-juoduju-serbentu-milteliai\/#breadcrumb"},"inLanguage":"lt-LT","potentialAction":[{"@type":"ReadAction","target":["https:\/\/www.biopapa.de\/lt\/producte\/ekologiski-juoduju-serbentu-milteliai\/"]}]},{"@type":"ImageObject","inLanguage":"lt-LT","@id":"https:\/\/www.biopapa.de\/lt\/producte\/ekologiski-juoduju-serbentu-milteliai\/#primaryimage","url":"https:\/\/www.biopapa.de\/wp-content\/uploads\/2022\/01\/Juod.-serbentu-milteliai.jpg","contentUrl":"https:\/\/www.biopapa.de\/wp-content\/uploads\/2022\/01\/Juod.-serbentu-milteliai.jpg","width":800,"height":640,"caption":"Ekologi\u0161ki juod\u0173j\u0173 serbent\u0173 milteliai"},{"@type":"BreadcrumbList","@id":"https:\/\/www.biopapa.de\/lt\/producte\/ekologiski-juoduju-serbentu-milteliai\/#breadcrumb","itemListElement":[{"@type":"ListItem","position":1,"name":"Home","item":"https:\/\/www.biopapa.de\/lt\/"},{"@type":"ListItem","position":2,"name":"Parduotuv\u0117","item":"https:\/\/www.biopapa.de\/parduotuve\/"},{"@type":"ListItem","position":3,"name":"Ekologi\u0161ki juod\u0173j\u0173 serbent\u0173 milteliai"}]},{"@type":"WebSite","@id":"https:\/\/www.biopapa.de\/lt\/#website","url":"https:\/\/www.biopapa.de\/lt\/","name":"Biopapa","description":"\u0160var\u016bs ekologi\u0161ki produktai","publisher":{"@id":"https:\/\/www.biopapa.de\/lt\/#organization"},"potentialAction":[{"@type":"SearchAction","target":{"@type":"EntryPoint","urlTemplate":"https:\/\/www.biopapa.de\/lt\/?s={search_term_string}"},"query-input":{"@type":"PropertyValueSpecification","valueRequired":true,"valueName":"search_term_string"}}],"inLanguage":"lt-LT"},{"@type":"Organization","@id":"https:\/\/www.biopapa.de\/lt\/#organization","name":"Biopapa","url":"https:\/\/www.biopapa.de\/lt\/","logo":{"@type":"ImageObject","inLanguage":"lt-LT","@id":"https:\/\/www.biopapa.de\/lt\/#\/schema\/logo\/image\/","url":"https:\/\/www.biopapa.lt\/wp-content\/uploads\/2022\/04\/facebook_biopapa.jpg","contentUrl":"https:\/\/www.biopapa.lt\/wp-content\/uploads\/2022\/04\/facebook_biopapa.jpg","width":1733,"height":907,"caption":"Biopapa"},"image":{"@id":"https:\/\/www.biopapa.de\/lt\/#\/schema\/logo\/image\/"},"sameAs":["https:\/\/www.facebook.com\/biopapa.lt"]}]}},"_links":{"self":[{"href":"https:\/\/www.biopapa.de\/lt\/wp-json\/wp\/v2\/product\/16639","targetHints":{"allow":["GET"]}}],"collection":[{"href":"https:\/\/www.biopapa.de\/lt\/wp-json\/wp\/v2\/product"}],"about":[{"href":"https:\/\/www.biopapa.de\/lt\/wp-json\/wp\/v2\/types\/product"}],"wp:featuredmedia":[{"embeddable":true,"href":"https:\/\/www.biopapa.de\/lt\/wp-json\/wp\/v2\/media\/16845"}],"wp:attachment":[{"href":"https:\/\/www.biopapa.de\/lt\/wp-json\/wp\/v2\/media?parent=16639"}],"wp:term":[{"taxonomy":"product_brand","embeddable":true,"href":"https:\/\/www.biopapa.de\/lt\/wp-json\/wp\/v2\/product_brand?post=16639"},{"taxonomy":"product_cat","embeddable":true,"href":"https:\/\/www.biopapa.de\/lt\/wp-json\/wp\/v2\/product_cat?post=16639"},{"taxonomy":"product_tag","embeddable":true,"href":"https:\/\/www.biopapa.de\/lt\/wp-json\/wp\/v2\/product_tag?post=16639"}],"curies":[{"name":"wp","href":"https:\/\/api.w.org\/{rel}","templated":true}]}}