{"id":16692,"date":"2022-01-28T21:50:59","date_gmt":"2022-01-28T19:50:59","guid":{"rendered":"https:\/\/www.biopapa.lt\/?post_type=product&#038;p=16692"},"modified":"2025-12-11T14:02:27","modified_gmt":"2025-12-11T12:02:27","slug":"ekologiski-juodojo-sokolado-laseliai","status":"publish","type":"product","link":"https:\/\/www.biopapa.de\/lt\/producte\/ekologiski-juodojo-sokolado-laseliai\/","title":{"rendered":"Ekologi\u0161ki juodojo \u0161okolado la\u0161eliai"},"content":{"rendered":"<p><strong>Ekologi\u0161ki juodojo \u0161okolado la\u0161eliai<\/strong> pagaminti i\u0161 geriausi\u0173 ekologi\u0161k\u0173 ingredient\u0173, yra auk\u0161\u010diausios kokyb\u0117s skan\u0117stas tiems, kurie vertina ir sodr\u0173 kakavos skon\u012f.<br \/>\n\u0160ie \u0161okolado la\u0161eliai i\u0161siskiria dr\u0105siu ir rafinuotu skoniu. Ekologi\u0161kas \u0161i\u0173 la\u0161\u0173 pob\u016bdis u\u017etikrina, kad kiekviename k\u0105snyje neb\u016bt\u0173 sintetini\u0173 pesticid\u0173 ir pried\u0173, tod\u0117l gal\u0117site m\u0117gautis tikra auk\u0161tos kokyb\u0117s kakava nepakenkiant savo sveikatai ar vertyb\u0117ms.<\/p>\n<p>Ekologi\u0161ki \u0161okolado la\u0161ai yra daugiau nei tik skan\u0117stas \u2013 jie yra universalus ingredientas, galintis patobulinti daugyb\u0119 kulinarini\u0173 k\u016brini\u0173. \u0160ie la\u0161ai suteikia prabangos poj\u016bt\u012f kepiniams ir desertams, bei i\u0161tirpinant juos kaip kar\u0161t\u0105 \u0161okolad\u0105 ar apliejant ant \u0161vie\u017ei\u0173 vaisi\u0173 \u2013 \u0161ie la\u0161eliai suteiks j\u016bs\u0173 kulinarin\u0117ms pastangoms prabangos ir elegancijos.<br \/>\nNors \u0161ie prana\u0161umai yra viliojantys, patariama saikingai vartoti juod\u0105j\u012f \u0161okolad\u0105 d\u0117l perteklini\u0173 kalorij\u0173 ar prid\u0117tinio cukraus.<\/p>\n<p><em>PASTABA. \u010cia pateikta informacija negali b\u016bti interpretuojama kaip gydymo ar kitokio pob\u016bd\u017eio sveikatos klausim\u0173 sprendimo rekomendacija. Raginame sprendimus, susijusius su asmenine sveikata, priimti asmeni\u0161kai, \u012fvertinus \u012fvairius informacijos \u0161altinius.<\/em><\/p>\n","protected":false},"excerpt":{"rendered":"<p>Ekologi\u0161ki juodojo \u0161okolado la\u0161eliai pagaminti i\u0161 geriausi\u0173 ekologi\u0161k\u0173 ingredient\u0173, yra auk\u0161\u010diausios kokyb\u0117s skan\u0117stas tiems, kurie vertina ir sodr\u0173 kakavos skon\u012f.<\/p>\n","protected":false},"featured_media":44880,"template":"","meta":{"_acf_changed":false},"product_brand":[],"product_cat":[1909,1324],"product_tag":[1378],"class_list":{"0":"post-16692","1":"product","2":"type-product","3":"status-publish","4":"has-post-thumbnail","6":"product_cat-kakava","7":"product_cat-ekologiski-sveiki-saldumynai","8":"product_tag-veganams","9":"pa_svoris-1-kg","10":"pa_svoris-100-g","11":"pa_svoris-15-kg","12":"pa_svoris-200-g","13":"pa_svoris-300-g","14":"pa_svoris-400-g","15":"pa_svoris-500-g","17":"first","18":"instock","19":"shipping-taxable","20":"purchasable","21":"product-type-variable"},"acf":[],"yoast_head":"<!-- This site is optimized with the Yoast SEO plugin v27.4 - https:\/\/yoast.com\/product\/yoast-seo-wordpress\/ -->\n<title>Ekologi\u0161ki juodojo \u0161okolado la\u0161eliai - Biopapa<\/title>\n<meta name=\"description\" content=\"Ekologi\u0161ki juodojo \u0161okolado la\u0161eliai\u00a0pagaminti i\u0161 geriausi\u0173 ekologi\u0161k\u0173 ingredient\u0173, yra auk\u0161\u010diausios kokyb\u0117s skan\u0117stas tiems, kurie vertina ir sodr\u0173 kakavos skon\u012f\" \/>\n<meta name=\"robots\" content=\"index, follow, max-snippet:-1, max-image-preview:large, max-video-preview:-1\" \/>\n<link rel=\"canonical\" href=\"https:\/\/www.biopapa.de\/lt\/producte\/ekologiski-juodojo-sokolado-laseliai\/\" \/>\n<meta property=\"og:locale\" content=\"lt_LT\" \/>\n<meta property=\"og:type\" content=\"article\" \/>\n<meta property=\"og:title\" content=\"Ekologi\u0161ki juodojo \u0161okolado la\u0161eliai - Biopapa\" \/>\n<meta property=\"og:description\" content=\"Ekologi\u0161ki juodojo \u0161okolado la\u0161eliai\u00a0pagaminti i\u0161 geriausi\u0173 ekologi\u0161k\u0173 ingredient\u0173, yra auk\u0161\u010diausios kokyb\u0117s skan\u0117stas tiems, kurie vertina ir sodr\u0173 kakavos skon\u012f\" \/>\n<meta property=\"og:url\" content=\"https:\/\/www.biopapa.de\/lt\/producte\/ekologiski-juodojo-sokolado-laseliai\/\" \/>\n<meta property=\"og:site_name\" content=\"Biopapa\" \/>\n<meta property=\"article:publisher\" content=\"https:\/\/www.facebook.com\/biopapa.lt\" \/>\n<meta property=\"article:modified_time\" content=\"2025-12-11T12:02:27+00:00\" \/>\n<meta property=\"og:image\" content=\"https:\/\/www.biopapa.de\/wp-content\/uploads\/2022\/01\/Ekologiski-juodojo-sokolado-70-laseliai.png.webp\" \/>\n\t<meta property=\"og:image:width\" content=\"800\" \/>\n\t<meta property=\"og:image:height\" content=\"640\" \/>\n\t<meta property=\"og:image:type\" content=\"image\/webp\" \/>\n<meta name=\"twitter:card\" content=\"summary_large_image\" \/>\n<meta name=\"twitter:label1\" content=\"Est. reading time\" \/>\n\t<meta name=\"twitter:data1\" content=\"1 minut\u0117\" \/>\n<script type=\"application\/ld+json\" class=\"yoast-schema-graph\">{\"@context\":\"https:\\\/\\\/schema.org\",\"@graph\":[{\"@type\":\"WebPage\",\"@id\":\"https:\\\/\\\/www.biopapa.de\\\/lt\\\/producte\\\/ekologiski-juodojo-sokolado-laseliai\\\/\",\"url\":\"https:\\\/\\\/www.biopapa.de\\\/lt\\\/producte\\\/ekologiski-juodojo-sokolado-laseliai\\\/\",\"name\":\"Ekologi\u0161ki juodojo \u0161okolado la\u0161eliai - Biopapa\",\"isPartOf\":{\"@id\":\"https:\\\/\\\/www.biopapa.de\\\/lt\\\/#website\"},\"primaryImageOfPage\":{\"@id\":\"https:\\\/\\\/www.biopapa.de\\\/lt\\\/producte\\\/ekologiski-juodojo-sokolado-laseliai\\\/#primaryimage\"},\"image\":{\"@id\":\"https:\\\/\\\/www.biopapa.de\\\/lt\\\/producte\\\/ekologiski-juodojo-sokolado-laseliai\\\/#primaryimage\"},\"thumbnailUrl\":\"https:\\\/\\\/www.biopapa.de\\\/wp-content\\\/uploads\\\/2022\\\/01\\\/Ekologiski-juodojo-sokolado-70-laseliai.png.webp\",\"datePublished\":\"2022-01-28T19:50:59+00:00\",\"dateModified\":\"2025-12-11T12:02:27+00:00\",\"description\":\"Ekologi\u0161ki juodojo \u0161okolado la\u0161eliai\u00a0pagaminti i\u0161 geriausi\u0173 ekologi\u0161k\u0173 ingredient\u0173, yra auk\u0161\u010diausios kokyb\u0117s skan\u0117stas tiems, kurie vertina ir sodr\u0173 kakavos skon\u012f\",\"breadcrumb\":{\"@id\":\"https:\\\/\\\/www.biopapa.de\\\/lt\\\/producte\\\/ekologiski-juodojo-sokolado-laseliai\\\/#breadcrumb\"},\"inLanguage\":\"lt-LT\",\"potentialAction\":[{\"@type\":\"ReadAction\",\"target\":[\"https:\\\/\\\/www.biopapa.de\\\/lt\\\/producte\\\/ekologiski-juodojo-sokolado-laseliai\\\/\"]}]},{\"@type\":\"ImageObject\",\"inLanguage\":\"lt-LT\",\"@id\":\"https:\\\/\\\/www.biopapa.de\\\/lt\\\/producte\\\/ekologiski-juodojo-sokolado-laseliai\\\/#primaryimage\",\"url\":\"https:\\\/\\\/www.biopapa.de\\\/wp-content\\\/uploads\\\/2022\\\/01\\\/Ekologiski-juodojo-sokolado-70-laseliai.png.webp\",\"contentUrl\":\"https:\\\/\\\/www.biopapa.de\\\/wp-content\\\/uploads\\\/2022\\\/01\\\/Ekologiski-juodojo-sokolado-70-laseliai.png.webp\",\"width\":800,\"height\":640},{\"@type\":\"BreadcrumbList\",\"@id\":\"https:\\\/\\\/www.biopapa.de\\\/lt\\\/producte\\\/ekologiski-juodojo-sokolado-laseliai\\\/#breadcrumb\",\"itemListElement\":[{\"@type\":\"ListItem\",\"position\":1,\"name\":\"Home\",\"item\":\"https:\\\/\\\/www.biopapa.de\\\/lt\\\/\"},{\"@type\":\"ListItem\",\"position\":2,\"name\":\"Parduotuv\u0117\",\"item\":\"https:\\\/\\\/www.biopapa.de\\\/parduotuve\\\/\"},{\"@type\":\"ListItem\",\"position\":3,\"name\":\"Ekologi\u0161ki juodojo \u0161okolado la\u0161eliai\"}]},{\"@type\":\"WebSite\",\"@id\":\"https:\\\/\\\/www.biopapa.de\\\/lt\\\/#website\",\"url\":\"https:\\\/\\\/www.biopapa.de\\\/lt\\\/\",\"name\":\"Biopapa\",\"description\":\"\u0160var\u016bs ekologi\u0161ki produktai\",\"publisher\":{\"@id\":\"https:\\\/\\\/www.biopapa.de\\\/lt\\\/#organization\"},\"potentialAction\":[{\"@type\":\"SearchAction\",\"target\":{\"@type\":\"EntryPoint\",\"urlTemplate\":\"https:\\\/\\\/www.biopapa.de\\\/lt\\\/?s={search_term_string}\"},\"query-input\":{\"@type\":\"PropertyValueSpecification\",\"valueRequired\":true,\"valueName\":\"search_term_string\"}}],\"inLanguage\":\"lt-LT\"},{\"@type\":\"Organization\",\"@id\":\"https:\\\/\\\/www.biopapa.de\\\/lt\\\/#organization\",\"name\":\"Biopapa\",\"url\":\"https:\\\/\\\/www.biopapa.de\\\/lt\\\/\",\"logo\":{\"@type\":\"ImageObject\",\"inLanguage\":\"lt-LT\",\"@id\":\"https:\\\/\\\/www.biopapa.de\\\/lt\\\/#\\\/schema\\\/logo\\\/image\\\/\",\"url\":\"https:\\\/\\\/www.biopapa.lt\\\/wp-content\\\/uploads\\\/2022\\\/04\\\/facebook_biopapa.jpg\",\"contentUrl\":\"https:\\\/\\\/www.biopapa.lt\\\/wp-content\\\/uploads\\\/2022\\\/04\\\/facebook_biopapa.jpg\",\"width\":1733,\"height\":907,\"caption\":\"Biopapa\"},\"image\":{\"@id\":\"https:\\\/\\\/www.biopapa.de\\\/lt\\\/#\\\/schema\\\/logo\\\/image\\\/\"},\"sameAs\":[\"https:\\\/\\\/www.facebook.com\\\/biopapa.lt\"]}]}<\/script>\n<!-- \/ Yoast SEO plugin. -->","yoast_head_json":{"title":"Ekologi\u0161ki juodojo \u0161okolado la\u0161eliai - Biopapa","description":"Ekologi\u0161ki juodojo \u0161okolado la\u0161eliai\u00a0pagaminti i\u0161 geriausi\u0173 ekologi\u0161k\u0173 ingredient\u0173, yra auk\u0161\u010diausios kokyb\u0117s skan\u0117stas tiems, kurie vertina ir sodr\u0173 kakavos skon\u012f","robots":{"index":"index","follow":"follow","max-snippet":"max-snippet:-1","max-image-preview":"max-image-preview:large","max-video-preview":"max-video-preview:-1"},"canonical":"https:\/\/www.biopapa.de\/lt\/producte\/ekologiski-juodojo-sokolado-laseliai\/","og_locale":"lt_LT","og_type":"article","og_title":"Ekologi\u0161ki juodojo \u0161okolado la\u0161eliai - Biopapa","og_description":"Ekologi\u0161ki juodojo \u0161okolado la\u0161eliai\u00a0pagaminti i\u0161 geriausi\u0173 ekologi\u0161k\u0173 ingredient\u0173, yra auk\u0161\u010diausios kokyb\u0117s skan\u0117stas tiems, kurie vertina ir sodr\u0173 kakavos skon\u012f","og_url":"https:\/\/www.biopapa.de\/lt\/producte\/ekologiski-juodojo-sokolado-laseliai\/","og_site_name":"Biopapa","article_publisher":"https:\/\/www.facebook.com\/biopapa.lt","article_modified_time":"2025-12-11T12:02:27+00:00","og_image":[{"width":800,"height":640,"url":"https:\/\/www.biopapa.de\/wp-content\/uploads\/2022\/01\/Ekologiski-juodojo-sokolado-70-laseliai.png.webp","type":"image\/webp"}],"twitter_card":"summary_large_image","twitter_misc":{"Est. reading time":"1 minut\u0117"},"schema":{"@context":"https:\/\/schema.org","@graph":[{"@type":"WebPage","@id":"https:\/\/www.biopapa.de\/lt\/producte\/ekologiski-juodojo-sokolado-laseliai\/","url":"https:\/\/www.biopapa.de\/lt\/producte\/ekologiski-juodojo-sokolado-laseliai\/","name":"Ekologi\u0161ki juodojo \u0161okolado la\u0161eliai - Biopapa","isPartOf":{"@id":"https:\/\/www.biopapa.de\/lt\/#website"},"primaryImageOfPage":{"@id":"https:\/\/www.biopapa.de\/lt\/producte\/ekologiski-juodojo-sokolado-laseliai\/#primaryimage"},"image":{"@id":"https:\/\/www.biopapa.de\/lt\/producte\/ekologiski-juodojo-sokolado-laseliai\/#primaryimage"},"thumbnailUrl":"https:\/\/www.biopapa.de\/wp-content\/uploads\/2022\/01\/Ekologiski-juodojo-sokolado-70-laseliai.png.webp","datePublished":"2022-01-28T19:50:59+00:00","dateModified":"2025-12-11T12:02:27+00:00","description":"Ekologi\u0161ki juodojo \u0161okolado la\u0161eliai\u00a0pagaminti i\u0161 geriausi\u0173 ekologi\u0161k\u0173 ingredient\u0173, yra auk\u0161\u010diausios kokyb\u0117s skan\u0117stas tiems, kurie vertina ir sodr\u0173 kakavos skon\u012f","breadcrumb":{"@id":"https:\/\/www.biopapa.de\/lt\/producte\/ekologiski-juodojo-sokolado-laseliai\/#breadcrumb"},"inLanguage":"lt-LT","potentialAction":[{"@type":"ReadAction","target":["https:\/\/www.biopapa.de\/lt\/producte\/ekologiski-juodojo-sokolado-laseliai\/"]}]},{"@type":"ImageObject","inLanguage":"lt-LT","@id":"https:\/\/www.biopapa.de\/lt\/producte\/ekologiski-juodojo-sokolado-laseliai\/#primaryimage","url":"https:\/\/www.biopapa.de\/wp-content\/uploads\/2022\/01\/Ekologiski-juodojo-sokolado-70-laseliai.png.webp","contentUrl":"https:\/\/www.biopapa.de\/wp-content\/uploads\/2022\/01\/Ekologiski-juodojo-sokolado-70-laseliai.png.webp","width":800,"height":640},{"@type":"BreadcrumbList","@id":"https:\/\/www.biopapa.de\/lt\/producte\/ekologiski-juodojo-sokolado-laseliai\/#breadcrumb","itemListElement":[{"@type":"ListItem","position":1,"name":"Home","item":"https:\/\/www.biopapa.de\/lt\/"},{"@type":"ListItem","position":2,"name":"Parduotuv\u0117","item":"https:\/\/www.biopapa.de\/parduotuve\/"},{"@type":"ListItem","position":3,"name":"Ekologi\u0161ki juodojo \u0161okolado la\u0161eliai"}]},{"@type":"WebSite","@id":"https:\/\/www.biopapa.de\/lt\/#website","url":"https:\/\/www.biopapa.de\/lt\/","name":"Biopapa","description":"\u0160var\u016bs ekologi\u0161ki produktai","publisher":{"@id":"https:\/\/www.biopapa.de\/lt\/#organization"},"potentialAction":[{"@type":"SearchAction","target":{"@type":"EntryPoint","urlTemplate":"https:\/\/www.biopapa.de\/lt\/?s={search_term_string}"},"query-input":{"@type":"PropertyValueSpecification","valueRequired":true,"valueName":"search_term_string"}}],"inLanguage":"lt-LT"},{"@type":"Organization","@id":"https:\/\/www.biopapa.de\/lt\/#organization","name":"Biopapa","url":"https:\/\/www.biopapa.de\/lt\/","logo":{"@type":"ImageObject","inLanguage":"lt-LT","@id":"https:\/\/www.biopapa.de\/lt\/#\/schema\/logo\/image\/","url":"https:\/\/www.biopapa.lt\/wp-content\/uploads\/2022\/04\/facebook_biopapa.jpg","contentUrl":"https:\/\/www.biopapa.lt\/wp-content\/uploads\/2022\/04\/facebook_biopapa.jpg","width":1733,"height":907,"caption":"Biopapa"},"image":{"@id":"https:\/\/www.biopapa.de\/lt\/#\/schema\/logo\/image\/"},"sameAs":["https:\/\/www.facebook.com\/biopapa.lt"]}]}},"_links":{"self":[{"href":"https:\/\/www.biopapa.de\/lt\/wp-json\/wp\/v2\/product\/16692","targetHints":{"allow":["GET"]}}],"collection":[{"href":"https:\/\/www.biopapa.de\/lt\/wp-json\/wp\/v2\/product"}],"about":[{"href":"https:\/\/www.biopapa.de\/lt\/wp-json\/wp\/v2\/types\/product"}],"wp:featuredmedia":[{"embeddable":true,"href":"https:\/\/www.biopapa.de\/lt\/wp-json\/wp\/v2\/media\/44880"}],"wp:attachment":[{"href":"https:\/\/www.biopapa.de\/lt\/wp-json\/wp\/v2\/media?parent=16692"}],"wp:term":[{"taxonomy":"product_brand","embeddable":true,"href":"https:\/\/www.biopapa.de\/lt\/wp-json\/wp\/v2\/product_brand?post=16692"},{"taxonomy":"product_cat","embeddable":true,"href":"https:\/\/www.biopapa.de\/lt\/wp-json\/wp\/v2\/product_cat?post=16692"},{"taxonomy":"product_tag","embeddable":true,"href":"https:\/\/www.biopapa.de\/lt\/wp-json\/wp\/v2\/product_tag?post=16692"}],"curies":[{"name":"wp","href":"https:\/\/api.w.org\/{rel}","templated":true}]}}