{"id":16745,"date":"2022-02-02T18:42:40","date_gmt":"2022-02-02T16:42:40","guid":{"rendered":"https:\/\/www.biopapa.lt\/?post_type=product&#038;p=16745"},"modified":"2026-01-30T11:03:10","modified_gmt":"2026-01-30T09:03:10","slug":"ekologiska-malta-vanile","status":"publish","type":"product","link":"https:\/\/www.biopapa.de\/lt\/producte\/ekologiska-malta-vanile\/","title":{"rendered":"Ekologi\u0161ka malta Burbono vanil\u0117"},"content":{"rendered":"<p><strong>Ekologi\u0161ka Burbono malta vanil\u0117<br \/>\n<\/strong>Vanil\u0117s milteliai yra kulinarinis perlas, branginamas d\u0117l \u017eavingo aromato ir puikaus skonio. \u0160is ypatingas prieskonis suteiks kiekvienam receptui nepakartojamo \u017eavesio ir rafinuotumo.<\/p>\n<p><em>Vanil\u0117s milteli\u0173 privalumai<\/em><br \/>\nVanil\u0117s milteli\u0173 nuostabus saldumas suteikia nat\u016bral\u0173 sald\u0173 skon\u012f, tod\u0117l receptuose gali ir neprireikti papildom\u0173 saldikli\u0173.<br \/>\nVanil\u0117s milteliai, kuriuose gausu antioksidant\u0173, toki\u0173 kaip vanilinas, gali apsaugoti nuo oksidacinio streso ir l\u0105steli\u0173 pa\u017eeidimo.<br \/>\nRaminantis vanil\u0117s milteli\u0173 aromatas siejamas su atsipalaidavimu ir nuotaikos pakilimu, skatinan\u010diu komforto jausm\u0105.<br \/>\nPreliminar\u016bs tyrimai rodo, kad vanil\u0117 gali tur\u0117ti teigiam\u0105 poveik\u012f \u0161irdies ir kraujagysli\u0173 sveikatai, padeda palaikyti sveik\u0105 kraujosp\u016bd\u017eio lyg\u012f.<\/p>\n<p><em>\u0160alutinis poveikis<\/em><br \/>\nVanil\u0117s milteliai paprastai yra saug\u016bs. Ta\u010diau asmenys, alergi\u0161ki vanilei, tur\u0117t\u0173 b\u016bti atsarg\u016bs ir vengti jo vartoti. Be to, per didelis suvartojimas gali sukelti nedidel\u012f vir\u0161kinimo diskomfort\u0105 d\u0117l stipraus skonio.<\/p>\n<p><em>Naudojimas kulinariniuose skanumynuose<\/em><br \/>\nVanil\u0117s milteliai suteikia \u017eavesio \u012fvairiems kulinariniams gaminiams, nuo sodri\u0173 pyrag\u0173 iki aromating\u0173 sausaini\u0173 \u2013 subtilus vanil\u0117s milteli\u0173 saldumas praturtina kepinius ir sukuria puikaus skonio ir aromato skan\u0117st\u0105.<br \/>\n\u017diupsnelis vanil\u0117s milteli\u0173 suteiks g\u0117rimui patrauklumo, nesvarbu, ar \u012fberta \u012f kav\u0105, kar\u0161t\u0105 \u0161okolad\u0105 ar kokteilius.<br \/>\nKremuose ir leduose vanil\u0117s milteliai suteikia aksomin\u012f sodrum\u0105, tod\u0117l kiekvienas suvalgytas \u0161auk\u0161tas tampa maloniu poj\u016b\u010diu.<\/p>\n<p><em>Saugojimo rekomendacijos<\/em><br \/>\nVanil\u0117s miltelius perkelkite \u012f sandar\u0173 ind\u0105, apsaugodami nuo oro ir dr\u0117gm\u0117s, bei pa\u0161alini\u0173 kvap\u0173.<br \/>\nLaikykite v\u0117sioje, tamsioje vietoje, toliau nuo tiesiogini\u0173 saul\u0117s spinduli\u0173 ir \u0161ilumos \u0161altini\u0173.<br \/>\nNe\u0161aldykite, nes gali susidaryti kondensatas ir pakenkti milteli\u0173 kokybei.<br \/>\nApribokite oro patekim\u0105, po kiekvieno naudojimo greitai u\u017edarykite ind<\/p>\n<p>Vanil\u0117s milteliai, pasi\u017eymintys \u017eavingu skoniu ir kvapu, yra i\u0161skirtinis priedas kulinarijoje. Be puikaus skonio, prieskonis gali tur\u0117ti naudos sveikatai ir nuotaik\u0105 gerinan\u010dias savybes. Naudodami\u00a0 vanil\u0117s miltelius \u012fvairiuose patiekaluose galime patekti \u012f kulinarini\u0173 stebukl\u0173 karalyst\u0119.<\/p>\n<p>Skanaus!<\/p>\n<p>\u0160altiniai:<br \/>\nwww.healthline.com<br \/>\nvanillaqueen.com<\/p>\n<p><em>PASTABA. \u010cia pateikta informacija negali b\u016bti interpretuojama kaip gydymo ar kitokio pob\u016bd\u017eio sveikatos klausim\u0173 sprendimo rekomendacija. Raginame sprendimus, susijusius su asmenine sveikata, priimti asmeni\u0161kai, \u012fvertinus \u012fvairius informacijos \u0161altinius. Raginame sprendimus, susijusius su asmenine sveikata, priimti asmeni\u0161kai, \u012fvertinus \u012fvairius informacijos \u0161altinius.<\/em><\/p>\n<p>&nbsp;<\/p>\n","protected":false},"excerpt":{"rendered":"<p>Ekologi\u0161ka Burbono malta vanil\u0117 Vanil\u0117s milteliai yra kulinarinis perlas, branginamas d\u0117l \u017eavingo aromato ir puikaus skonio. \u0160is ypatingas prieskonis suteiks<\/p>\n","protected":false},"featured_media":16841,"template":"","meta":{"_acf_changed":false},"product_brand":[],"product_cat":[1315],"product_tag":[1378],"class_list":{"0":"post-16745","1":"product","2":"type-product","3":"status-publish","4":"has-post-thumbnail","6":"product_cat-ekologiski-prieskoniai","7":"product_tag-veganams","8":"pa_svoris-1-kg","9":"pa_svoris-10-g","10":"pa_svoris-100-g","11":"pa_svoris-20-g","12":"pa_svoris-200-g","13":"pa_svoris-30-g","14":"pa_svoris-300-g","15":"pa_svoris-40-g","16":"pa_svoris-400-g","17":"pa_svoris-50-g","18":"pa_svoris-500-g","20":"first","21":"instock","22":"shipping-taxable","23":"purchasable","24":"product-type-variable"},"acf":[],"yoast_head":"<!-- This site is optimized with the Yoast SEO plugin v27.5 - https:\/\/yoast.com\/product\/yoast-seo-wordpress\/ -->\n<title>Ekologi\u0161ka malta Burbono vanil\u0117 - Biopapa<\/title>\n<meta name=\"description\" content=\"Vanil\u0117s milteliai suteikia \u017eavesio \u012fvairiems kulinariniams gaminiams, nuo sodri\u0173 pyrag\u0173 iki aromating\u0173 sausaini\u0173 \u2013 subtilus vanil\u0117s milteli\u0173 saldumas praturtina kepinius ir sukuria puikaus skonio ir aromato skan\u0117st\u0105.\" \/>\n<meta name=\"robots\" content=\"index, follow, max-snippet:-1, max-image-preview:large, max-video-preview:-1\" \/>\n<link rel=\"canonical\" href=\"https:\/\/www.biopapa.de\/lt\/producte\/ekologiska-malta-vanile\/\" \/>\n<meta property=\"og:locale\" content=\"lt_LT\" \/>\n<meta property=\"og:type\" content=\"article\" \/>\n<meta property=\"og:title\" content=\"Ekologi\u0161ka malta Burbono vanil\u0117 - Biopapa\" \/>\n<meta property=\"og:description\" content=\"Vanil\u0117s milteliai suteikia \u017eavesio \u012fvairiems kulinariniams gaminiams, nuo sodri\u0173 pyrag\u0173 iki aromating\u0173 sausaini\u0173 \u2013 subtilus vanil\u0117s milteli\u0173 saldumas praturtina kepinius ir sukuria puikaus skonio ir aromato skan\u0117st\u0105.\" \/>\n<meta property=\"og:url\" content=\"https:\/\/www.biopapa.de\/lt\/producte\/ekologiska-malta-vanile\/\" \/>\n<meta property=\"og:site_name\" content=\"Biopapa\" \/>\n<meta property=\"article:publisher\" content=\"https:\/\/www.facebook.com\/biopapa.lt\" \/>\n<meta property=\"article:modified_time\" content=\"2026-01-30T09:03:10+00:00\" \/>\n<meta property=\"og:image\" content=\"https:\/\/www.biopapa.de\/wp-content\/uploads\/2022\/01\/Burbono-vanile.jpg\" \/>\n\t<meta property=\"og:image:width\" content=\"800\" \/>\n\t<meta property=\"og:image:height\" content=\"640\" \/>\n\t<meta property=\"og:image:type\" content=\"image\/jpeg\" \/>\n<meta name=\"twitter:card\" content=\"summary_large_image\" \/>\n<meta name=\"twitter:label1\" content=\"Est. reading time\" \/>\n\t<meta name=\"twitter:data1\" content=\"1 minut\u0117\" \/>\n<script type=\"application\/ld+json\" class=\"yoast-schema-graph\">{\"@context\":\"https:\\\/\\\/schema.org\",\"@graph\":[{\"@type\":\"WebPage\",\"@id\":\"https:\\\/\\\/www.biopapa.de\\\/lt\\\/producte\\\/ekologiska-malta-vanile\\\/\",\"url\":\"https:\\\/\\\/www.biopapa.de\\\/lt\\\/producte\\\/ekologiska-malta-vanile\\\/\",\"name\":\"Ekologi\u0161ka malta Burbono vanil\u0117 - Biopapa\",\"isPartOf\":{\"@id\":\"https:\\\/\\\/www.biopapa.de\\\/lt\\\/#website\"},\"primaryImageOfPage\":{\"@id\":\"https:\\\/\\\/www.biopapa.de\\\/lt\\\/producte\\\/ekologiska-malta-vanile\\\/#primaryimage\"},\"image\":{\"@id\":\"https:\\\/\\\/www.biopapa.de\\\/lt\\\/producte\\\/ekologiska-malta-vanile\\\/#primaryimage\"},\"thumbnailUrl\":\"https:\\\/\\\/www.biopapa.de\\\/wp-content\\\/uploads\\\/2022\\\/01\\\/Burbono-vanile.jpg\",\"datePublished\":\"2022-02-02T16:42:40+00:00\",\"dateModified\":\"2026-01-30T09:03:10+00:00\",\"description\":\"Vanil\u0117s milteliai suteikia \u017eavesio \u012fvairiems kulinariniams gaminiams, nuo sodri\u0173 pyrag\u0173 iki aromating\u0173 sausaini\u0173 \u2013 subtilus vanil\u0117s milteli\u0173 saldumas praturtina kepinius ir sukuria puikaus skonio ir aromato skan\u0117st\u0105.\",\"breadcrumb\":{\"@id\":\"https:\\\/\\\/www.biopapa.de\\\/lt\\\/producte\\\/ekologiska-malta-vanile\\\/#breadcrumb\"},\"inLanguage\":\"lt-LT\",\"potentialAction\":[{\"@type\":\"ReadAction\",\"target\":[\"https:\\\/\\\/www.biopapa.de\\\/lt\\\/producte\\\/ekologiska-malta-vanile\\\/\"]}]},{\"@type\":\"ImageObject\",\"inLanguage\":\"lt-LT\",\"@id\":\"https:\\\/\\\/www.biopapa.de\\\/lt\\\/producte\\\/ekologiska-malta-vanile\\\/#primaryimage\",\"url\":\"https:\\\/\\\/www.biopapa.de\\\/wp-content\\\/uploads\\\/2022\\\/01\\\/Burbono-vanile.jpg\",\"contentUrl\":\"https:\\\/\\\/www.biopapa.de\\\/wp-content\\\/uploads\\\/2022\\\/01\\\/Burbono-vanile.jpg\",\"width\":800,\"height\":640,\"caption\":\"Ekologi\u0161ka malta Burbono vanil\u0117\"},{\"@type\":\"BreadcrumbList\",\"@id\":\"https:\\\/\\\/www.biopapa.de\\\/lt\\\/producte\\\/ekologiska-malta-vanile\\\/#breadcrumb\",\"itemListElement\":[{\"@type\":\"ListItem\",\"position\":1,\"name\":\"Home\",\"item\":\"https:\\\/\\\/www.biopapa.de\\\/lt\\\/\"},{\"@type\":\"ListItem\",\"position\":2,\"name\":\"Parduotuv\u0117\",\"item\":\"https:\\\/\\\/www.biopapa.de\\\/parduotuve\\\/\"},{\"@type\":\"ListItem\",\"position\":3,\"name\":\"Ekologi\u0161ka malta Burbono vanil\u0117\"}]},{\"@type\":\"WebSite\",\"@id\":\"https:\\\/\\\/www.biopapa.de\\\/lt\\\/#website\",\"url\":\"https:\\\/\\\/www.biopapa.de\\\/lt\\\/\",\"name\":\"Biopapa\",\"description\":\"\u0160var\u016bs ekologi\u0161ki produktai\",\"publisher\":{\"@id\":\"https:\\\/\\\/www.biopapa.de\\\/lt\\\/#organization\"},\"potentialAction\":[{\"@type\":\"SearchAction\",\"target\":{\"@type\":\"EntryPoint\",\"urlTemplate\":\"https:\\\/\\\/www.biopapa.de\\\/lt\\\/?s={search_term_string}\"},\"query-input\":{\"@type\":\"PropertyValueSpecification\",\"valueRequired\":true,\"valueName\":\"search_term_string\"}}],\"inLanguage\":\"lt-LT\"},{\"@type\":\"Organization\",\"@id\":\"https:\\\/\\\/www.biopapa.de\\\/lt\\\/#organization\",\"name\":\"Biopapa\",\"url\":\"https:\\\/\\\/www.biopapa.de\\\/lt\\\/\",\"logo\":{\"@type\":\"ImageObject\",\"inLanguage\":\"lt-LT\",\"@id\":\"https:\\\/\\\/www.biopapa.de\\\/lt\\\/#\\\/schema\\\/logo\\\/image\\\/\",\"url\":\"https:\\\/\\\/www.biopapa.lt\\\/wp-content\\\/uploads\\\/2022\\\/04\\\/facebook_biopapa.jpg\",\"contentUrl\":\"https:\\\/\\\/www.biopapa.lt\\\/wp-content\\\/uploads\\\/2022\\\/04\\\/facebook_biopapa.jpg\",\"width\":1733,\"height\":907,\"caption\":\"Biopapa\"},\"image\":{\"@id\":\"https:\\\/\\\/www.biopapa.de\\\/lt\\\/#\\\/schema\\\/logo\\\/image\\\/\"},\"sameAs\":[\"https:\\\/\\\/www.facebook.com\\\/biopapa.lt\"]}]}<\/script>\n<!-- \/ Yoast SEO plugin. -->","yoast_head_json":{"title":"Ekologi\u0161ka malta Burbono vanil\u0117 - Biopapa","description":"Vanil\u0117s milteliai suteikia \u017eavesio \u012fvairiems kulinariniams gaminiams, nuo sodri\u0173 pyrag\u0173 iki aromating\u0173 sausaini\u0173 \u2013 subtilus vanil\u0117s milteli\u0173 saldumas praturtina kepinius ir sukuria puikaus skonio ir aromato skan\u0117st\u0105.","robots":{"index":"index","follow":"follow","max-snippet":"max-snippet:-1","max-image-preview":"max-image-preview:large","max-video-preview":"max-video-preview:-1"},"canonical":"https:\/\/www.biopapa.de\/lt\/producte\/ekologiska-malta-vanile\/","og_locale":"lt_LT","og_type":"article","og_title":"Ekologi\u0161ka malta Burbono vanil\u0117 - Biopapa","og_description":"Vanil\u0117s milteliai suteikia \u017eavesio \u012fvairiems kulinariniams gaminiams, nuo sodri\u0173 pyrag\u0173 iki aromating\u0173 sausaini\u0173 \u2013 subtilus vanil\u0117s milteli\u0173 saldumas praturtina kepinius ir sukuria puikaus skonio ir aromato skan\u0117st\u0105.","og_url":"https:\/\/www.biopapa.de\/lt\/producte\/ekologiska-malta-vanile\/","og_site_name":"Biopapa","article_publisher":"https:\/\/www.facebook.com\/biopapa.lt","article_modified_time":"2026-01-30T09:03:10+00:00","og_image":[{"width":800,"height":640,"url":"https:\/\/www.biopapa.de\/wp-content\/uploads\/2022\/01\/Burbono-vanile.jpg","type":"image\/jpeg"}],"twitter_card":"summary_large_image","twitter_misc":{"Est. reading time":"1 minut\u0117"},"schema":{"@context":"https:\/\/schema.org","@graph":[{"@type":"WebPage","@id":"https:\/\/www.biopapa.de\/lt\/producte\/ekologiska-malta-vanile\/","url":"https:\/\/www.biopapa.de\/lt\/producte\/ekologiska-malta-vanile\/","name":"Ekologi\u0161ka malta Burbono vanil\u0117 - Biopapa","isPartOf":{"@id":"https:\/\/www.biopapa.de\/lt\/#website"},"primaryImageOfPage":{"@id":"https:\/\/www.biopapa.de\/lt\/producte\/ekologiska-malta-vanile\/#primaryimage"},"image":{"@id":"https:\/\/www.biopapa.de\/lt\/producte\/ekologiska-malta-vanile\/#primaryimage"},"thumbnailUrl":"https:\/\/www.biopapa.de\/wp-content\/uploads\/2022\/01\/Burbono-vanile.jpg","datePublished":"2022-02-02T16:42:40+00:00","dateModified":"2026-01-30T09:03:10+00:00","description":"Vanil\u0117s milteliai suteikia \u017eavesio \u012fvairiems kulinariniams gaminiams, nuo sodri\u0173 pyrag\u0173 iki aromating\u0173 sausaini\u0173 \u2013 subtilus vanil\u0117s milteli\u0173 saldumas praturtina kepinius ir sukuria puikaus skonio ir aromato skan\u0117st\u0105.","breadcrumb":{"@id":"https:\/\/www.biopapa.de\/lt\/producte\/ekologiska-malta-vanile\/#breadcrumb"},"inLanguage":"lt-LT","potentialAction":[{"@type":"ReadAction","target":["https:\/\/www.biopapa.de\/lt\/producte\/ekologiska-malta-vanile\/"]}]},{"@type":"ImageObject","inLanguage":"lt-LT","@id":"https:\/\/www.biopapa.de\/lt\/producte\/ekologiska-malta-vanile\/#primaryimage","url":"https:\/\/www.biopapa.de\/wp-content\/uploads\/2022\/01\/Burbono-vanile.jpg","contentUrl":"https:\/\/www.biopapa.de\/wp-content\/uploads\/2022\/01\/Burbono-vanile.jpg","width":800,"height":640,"caption":"Ekologi\u0161ka malta Burbono vanil\u0117"},{"@type":"BreadcrumbList","@id":"https:\/\/www.biopapa.de\/lt\/producte\/ekologiska-malta-vanile\/#breadcrumb","itemListElement":[{"@type":"ListItem","position":1,"name":"Home","item":"https:\/\/www.biopapa.de\/lt\/"},{"@type":"ListItem","position":2,"name":"Parduotuv\u0117","item":"https:\/\/www.biopapa.de\/parduotuve\/"},{"@type":"ListItem","position":3,"name":"Ekologi\u0161ka malta Burbono vanil\u0117"}]},{"@type":"WebSite","@id":"https:\/\/www.biopapa.de\/lt\/#website","url":"https:\/\/www.biopapa.de\/lt\/","name":"Biopapa","description":"\u0160var\u016bs ekologi\u0161ki produktai","publisher":{"@id":"https:\/\/www.biopapa.de\/lt\/#organization"},"potentialAction":[{"@type":"SearchAction","target":{"@type":"EntryPoint","urlTemplate":"https:\/\/www.biopapa.de\/lt\/?s={search_term_string}"},"query-input":{"@type":"PropertyValueSpecification","valueRequired":true,"valueName":"search_term_string"}}],"inLanguage":"lt-LT"},{"@type":"Organization","@id":"https:\/\/www.biopapa.de\/lt\/#organization","name":"Biopapa","url":"https:\/\/www.biopapa.de\/lt\/","logo":{"@type":"ImageObject","inLanguage":"lt-LT","@id":"https:\/\/www.biopapa.de\/lt\/#\/schema\/logo\/image\/","url":"https:\/\/www.biopapa.lt\/wp-content\/uploads\/2022\/04\/facebook_biopapa.jpg","contentUrl":"https:\/\/www.biopapa.lt\/wp-content\/uploads\/2022\/04\/facebook_biopapa.jpg","width":1733,"height":907,"caption":"Biopapa"},"image":{"@id":"https:\/\/www.biopapa.de\/lt\/#\/schema\/logo\/image\/"},"sameAs":["https:\/\/www.facebook.com\/biopapa.lt"]}]}},"_links":{"self":[{"href":"https:\/\/www.biopapa.de\/lt\/wp-json\/wp\/v2\/product\/16745","targetHints":{"allow":["GET"]}}],"collection":[{"href":"https:\/\/www.biopapa.de\/lt\/wp-json\/wp\/v2\/product"}],"about":[{"href":"https:\/\/www.biopapa.de\/lt\/wp-json\/wp\/v2\/types\/product"}],"wp:featuredmedia":[{"embeddable":true,"href":"https:\/\/www.biopapa.de\/lt\/wp-json\/wp\/v2\/media\/16841"}],"wp:attachment":[{"href":"https:\/\/www.biopapa.de\/lt\/wp-json\/wp\/v2\/media?parent=16745"}],"wp:term":[{"taxonomy":"product_brand","embeddable":true,"href":"https:\/\/www.biopapa.de\/lt\/wp-json\/wp\/v2\/product_brand?post=16745"},{"taxonomy":"product_cat","embeddable":true,"href":"https:\/\/www.biopapa.de\/lt\/wp-json\/wp\/v2\/product_cat?post=16745"},{"taxonomy":"product_tag","embeddable":true,"href":"https:\/\/www.biopapa.de\/lt\/wp-json\/wp\/v2\/product_tag?post=16745"}],"curies":[{"name":"wp","href":"https:\/\/api.w.org\/{rel}","templated":true}]}}