{"id":16928,"date":"2022-02-24T10:29:28","date_gmt":"2022-02-24T08:29:28","guid":{"rendered":"https:\/\/www.biopapa.lt\/?post_type=product&#038;p=16928"},"modified":"2026-03-23T16:07:17","modified_gmt":"2026-03-23T14:07:17","slug":"ekologiskas-saldiklis-eritritolis-cukraus-pakaitalas","status":"publish","type":"product","link":"https:\/\/www.biopapa.de\/lt\/producte\/ekologiskas-saldiklis-eritritolis-cukraus-pakaitalas\/","title":{"rendered":"Ekologi\u0161kas saldiklis eritritolis (cukraus pakaitalas)"},"content":{"rendered":"<p>Eritritolis yra nat\u016bralus cukraus alkoholis, da\u017eniausiai naudojamas kaip cukraus pakaitalas \u012fvairiuose maisto produktuose ir g\u0117rimuose. \u0160is saldiklis gars\u0117ja savo unikaliomis savyb\u0117mis, nes suteikia saldumo be kalorij\u0173 ar \u012ftakos cukraus kiekiui kraujyje, paprastai siejamu su \u012fprastu cukrumi. Eritritolyje beveik n\u0117ra kalorij\u0173, tod\u0117l jis yra tinkamiausias pasirinkimas tiems, kurie nori suma\u017einti suvartojam\u0173 kalorij\u0173 kiek\u012f arba reguliuoti cukraus kiek\u012f kraujyje. Skirtingai nuo kai kuri\u0173 kit\u0173 cukraus pakaital\u0173, dauguma \u017emoni\u0173 j\u012f gerai toleruoja ir ma\u017eiau gali sukelti vir\u0161kinimo sutrikim\u0173. Eritritolis da\u017enai randamas becukriuose ir ma\u017eo kaloringumo produktuose, \u012fskaitant saldainius be cukraus, kramtom\u0105j\u0105 gum\u0105 ir dietinius g\u0117rimus, suteikiant\u012f sald\u0173 skon\u012f be kalt\u0117s jausmo ar galim\u0173 sveikatos problem\u0173, susijusi\u0173 su per dideliu cukraus vartojimu.<br \/>\nGamtoje eritritolio randama \u012fvairiuose vaisiuose, tokiuose kaip kriau\u0161\u0117s, vynuog\u0117s, melionai ir arb\u016bzai.<\/p>\n<p>Be joki\u0173 pried\u0173, gaunamas nat\u016braliai fermentuojant kukur\u016bzus.<br \/>\nNat\u016braliai saldus (1 g eritritolio saldumu atitinka 0.7 g cukraus) ir be \u0161alutinio poskonio.<br \/>\nPuiki alternatyva baltam cukrui.<br \/>\nTinka veganams ir diabetikams.<br \/>\nNetinka gyv\u016bnams.<\/p>\n<div class=\"description-inner\">\n<div class=\"js-toggle-slide-block hide-button\">\n<div class=\"js-container show-text\" data-min-height=\"340\">\n<div class=\"html-block \">\n<p>&nbsp;<\/p>\n<\/div>\n<\/div>\n<\/div>\n<\/div>\n","protected":false},"excerpt":{"rendered":"<p>Eritritolis yra nat\u016bralus cukraus alkoholis, da\u017eniausiai naudojamas kaip cukraus pakaitalas \u012fvairiuose maisto produktuose ir g\u0117rimuose. \u0160is saldiklis gars\u0117ja savo unikaliomis<\/p>\n","protected":false},"featured_media":17171,"template":"","meta":{"_acf_changed":false},"product_brand":[],"product_cat":[2337,1318],"product_tag":[1380,1378],"class_list":{"0":"post-16928","1":"product","2":"type-product","3":"status-publish","4":"has-post-thumbnail","6":"product_cat-priedai-maistui-ruosti","7":"product_cat-ekologiski-saldikliai-druska","8":"product_tag-keto-mityba","9":"product_tag-veganams","10":"pa_svoris-1-kg","11":"pa_svoris-100-g","12":"pa_svoris-200-g","13":"pa_svoris-25-kg","14":"pa_svoris-300-g","15":"pa_svoris-400-g","16":"pa_svoris-500-g","18":"first","19":"instock","20":"shipping-taxable","21":"purchasable","22":"product-type-variable"},"acf":[],"yoast_head":"<!-- This site is optimized with the Yoast SEO plugin v27.5 - https:\/\/yoast.com\/product\/yoast-seo-wordpress\/ -->\n<title>Ekologi\u0161kas saldiklis eritritolis (cukraus pakaitalas) - Biopapa<\/title>\n<meta name=\"description\" content=\"Eritritolis gars\u0117ja savo unikaliomis savyb\u0117mis, nes suteikia saldumo be kalorij\u0173 ar \u012ftakos cukraus kiekiui kraujyje, paprastai siejamu su \u012fprastu cukrumi.\" \/>\n<meta name=\"robots\" content=\"index, follow, max-snippet:-1, max-image-preview:large, max-video-preview:-1\" \/>\n<link rel=\"canonical\" href=\"https:\/\/www.biopapa.de\/lt\/producte\/ekologiskas-saldiklis-eritritolis-cukraus-pakaitalas\/\" \/>\n<meta property=\"og:locale\" content=\"lt_LT\" \/>\n<meta property=\"og:type\" content=\"article\" \/>\n<meta property=\"og:title\" content=\"Ekologi\u0161kas saldiklis eritritolis (cukraus pakaitalas) - Biopapa\" \/>\n<meta property=\"og:description\" content=\"Eritritolis gars\u0117ja savo unikaliomis savyb\u0117mis, nes suteikia saldumo be kalorij\u0173 ar \u012ftakos cukraus kiekiui kraujyje, paprastai siejamu su \u012fprastu cukrumi.\" \/>\n<meta property=\"og:url\" content=\"https:\/\/www.biopapa.de\/lt\/producte\/ekologiskas-saldiklis-eritritolis-cukraus-pakaitalas\/\" \/>\n<meta property=\"og:site_name\" content=\"Biopapa\" \/>\n<meta property=\"article:publisher\" content=\"https:\/\/www.facebook.com\/biopapa.lt\" \/>\n<meta property=\"article:modified_time\" content=\"2026-03-23T14:07:17+00:00\" \/>\n<meta property=\"og:image\" content=\"https:\/\/www.biopapa.de\/wp-content\/uploads\/2022\/02\/779A7858-scaled.jpg\" \/>\n\t<meta property=\"og:image:width\" content=\"2560\" \/>\n\t<meta property=\"og:image:height\" content=\"2048\" \/>\n\t<meta property=\"og:image:type\" content=\"image\/jpeg\" \/>\n<meta name=\"twitter:card\" content=\"summary_large_image\" \/>\n<script type=\"application\/ld+json\" class=\"yoast-schema-graph\">{\"@context\":\"https:\\\/\\\/schema.org\",\"@graph\":[{\"@type\":\"WebPage\",\"@id\":\"https:\\\/\\\/www.biopapa.de\\\/lt\\\/producte\\\/ekologiskas-saldiklis-eritritolis-cukraus-pakaitalas\\\/\",\"url\":\"https:\\\/\\\/www.biopapa.de\\\/lt\\\/producte\\\/ekologiskas-saldiklis-eritritolis-cukraus-pakaitalas\\\/\",\"name\":\"Ekologi\u0161kas saldiklis eritritolis (cukraus pakaitalas) - Biopapa\",\"isPartOf\":{\"@id\":\"https:\\\/\\\/www.biopapa.de\\\/lt\\\/#website\"},\"primaryImageOfPage\":{\"@id\":\"https:\\\/\\\/www.biopapa.de\\\/lt\\\/producte\\\/ekologiskas-saldiklis-eritritolis-cukraus-pakaitalas\\\/#primaryimage\"},\"image\":{\"@id\":\"https:\\\/\\\/www.biopapa.de\\\/lt\\\/producte\\\/ekologiskas-saldiklis-eritritolis-cukraus-pakaitalas\\\/#primaryimage\"},\"thumbnailUrl\":\"https:\\\/\\\/www.biopapa.de\\\/wp-content\\\/uploads\\\/2022\\\/02\\\/779A7858-scaled.jpg\",\"datePublished\":\"2022-02-24T08:29:28+00:00\",\"dateModified\":\"2026-03-23T14:07:17+00:00\",\"description\":\"Eritritolis gars\u0117ja savo unikaliomis savyb\u0117mis, nes suteikia saldumo be kalorij\u0173 ar \u012ftakos cukraus kiekiui kraujyje, paprastai siejamu su \u012fprastu cukrumi.\",\"breadcrumb\":{\"@id\":\"https:\\\/\\\/www.biopapa.de\\\/lt\\\/producte\\\/ekologiskas-saldiklis-eritritolis-cukraus-pakaitalas\\\/#breadcrumb\"},\"inLanguage\":\"lt-LT\",\"potentialAction\":[{\"@type\":\"ReadAction\",\"target\":[\"https:\\\/\\\/www.biopapa.de\\\/lt\\\/producte\\\/ekologiskas-saldiklis-eritritolis-cukraus-pakaitalas\\\/\"]}]},{\"@type\":\"ImageObject\",\"inLanguage\":\"lt-LT\",\"@id\":\"https:\\\/\\\/www.biopapa.de\\\/lt\\\/producte\\\/ekologiskas-saldiklis-eritritolis-cukraus-pakaitalas\\\/#primaryimage\",\"url\":\"https:\\\/\\\/www.biopapa.de\\\/wp-content\\\/uploads\\\/2022\\\/02\\\/779A7858-scaled.jpg\",\"contentUrl\":\"https:\\\/\\\/www.biopapa.de\\\/wp-content\\\/uploads\\\/2022\\\/02\\\/779A7858-scaled.jpg\",\"width\":2560,\"height\":2048,\"caption\":\"Ekologi\u0161kas saldiklis eritritolis (cukraus pakaitalas)\"},{\"@type\":\"BreadcrumbList\",\"@id\":\"https:\\\/\\\/www.biopapa.de\\\/lt\\\/producte\\\/ekologiskas-saldiklis-eritritolis-cukraus-pakaitalas\\\/#breadcrumb\",\"itemListElement\":[{\"@type\":\"ListItem\",\"position\":1,\"name\":\"Home\",\"item\":\"https:\\\/\\\/www.biopapa.de\\\/lt\\\/\"},{\"@type\":\"ListItem\",\"position\":2,\"name\":\"Parduotuv\u0117\",\"item\":\"https:\\\/\\\/www.biopapa.de\\\/parduotuve\\\/\"},{\"@type\":\"ListItem\",\"position\":3,\"name\":\"Ekologi\u0161kas saldiklis eritritolis (cukraus pakaitalas)\"}]},{\"@type\":\"WebSite\",\"@id\":\"https:\\\/\\\/www.biopapa.de\\\/lt\\\/#website\",\"url\":\"https:\\\/\\\/www.biopapa.de\\\/lt\\\/\",\"name\":\"Biopapa\",\"description\":\"\u0160var\u016bs ekologi\u0161ki produktai\",\"publisher\":{\"@id\":\"https:\\\/\\\/www.biopapa.de\\\/lt\\\/#organization\"},\"potentialAction\":[{\"@type\":\"SearchAction\",\"target\":{\"@type\":\"EntryPoint\",\"urlTemplate\":\"https:\\\/\\\/www.biopapa.de\\\/lt\\\/?s={search_term_string}\"},\"query-input\":{\"@type\":\"PropertyValueSpecification\",\"valueRequired\":true,\"valueName\":\"search_term_string\"}}],\"inLanguage\":\"lt-LT\"},{\"@type\":\"Organization\",\"@id\":\"https:\\\/\\\/www.biopapa.de\\\/lt\\\/#organization\",\"name\":\"Biopapa\",\"url\":\"https:\\\/\\\/www.biopapa.de\\\/lt\\\/\",\"logo\":{\"@type\":\"ImageObject\",\"inLanguage\":\"lt-LT\",\"@id\":\"https:\\\/\\\/www.biopapa.de\\\/lt\\\/#\\\/schema\\\/logo\\\/image\\\/\",\"url\":\"https:\\\/\\\/www.biopapa.lt\\\/wp-content\\\/uploads\\\/2022\\\/04\\\/facebook_biopapa.jpg\",\"contentUrl\":\"https:\\\/\\\/www.biopapa.lt\\\/wp-content\\\/uploads\\\/2022\\\/04\\\/facebook_biopapa.jpg\",\"width\":1733,\"height\":907,\"caption\":\"Biopapa\"},\"image\":{\"@id\":\"https:\\\/\\\/www.biopapa.de\\\/lt\\\/#\\\/schema\\\/logo\\\/image\\\/\"},\"sameAs\":[\"https:\\\/\\\/www.facebook.com\\\/biopapa.lt\"]}]}<\/script>\n<!-- \/ Yoast SEO plugin. -->","yoast_head_json":{"title":"Ekologi\u0161kas saldiklis eritritolis (cukraus pakaitalas) - Biopapa","description":"Eritritolis gars\u0117ja savo unikaliomis savyb\u0117mis, nes suteikia saldumo be kalorij\u0173 ar \u012ftakos cukraus kiekiui kraujyje, paprastai siejamu su \u012fprastu cukrumi.","robots":{"index":"index","follow":"follow","max-snippet":"max-snippet:-1","max-image-preview":"max-image-preview:large","max-video-preview":"max-video-preview:-1"},"canonical":"https:\/\/www.biopapa.de\/lt\/producte\/ekologiskas-saldiklis-eritritolis-cukraus-pakaitalas\/","og_locale":"lt_LT","og_type":"article","og_title":"Ekologi\u0161kas saldiklis eritritolis (cukraus pakaitalas) - Biopapa","og_description":"Eritritolis gars\u0117ja savo unikaliomis savyb\u0117mis, nes suteikia saldumo be kalorij\u0173 ar \u012ftakos cukraus kiekiui kraujyje, paprastai siejamu su \u012fprastu cukrumi.","og_url":"https:\/\/www.biopapa.de\/lt\/producte\/ekologiskas-saldiklis-eritritolis-cukraus-pakaitalas\/","og_site_name":"Biopapa","article_publisher":"https:\/\/www.facebook.com\/biopapa.lt","article_modified_time":"2026-03-23T14:07:17+00:00","og_image":[{"width":2560,"height":2048,"url":"https:\/\/www.biopapa.de\/wp-content\/uploads\/2022\/02\/779A7858-scaled.jpg","type":"image\/jpeg"}],"twitter_card":"summary_large_image","schema":{"@context":"https:\/\/schema.org","@graph":[{"@type":"WebPage","@id":"https:\/\/www.biopapa.de\/lt\/producte\/ekologiskas-saldiklis-eritritolis-cukraus-pakaitalas\/","url":"https:\/\/www.biopapa.de\/lt\/producte\/ekologiskas-saldiklis-eritritolis-cukraus-pakaitalas\/","name":"Ekologi\u0161kas saldiklis eritritolis (cukraus pakaitalas) - Biopapa","isPartOf":{"@id":"https:\/\/www.biopapa.de\/lt\/#website"},"primaryImageOfPage":{"@id":"https:\/\/www.biopapa.de\/lt\/producte\/ekologiskas-saldiklis-eritritolis-cukraus-pakaitalas\/#primaryimage"},"image":{"@id":"https:\/\/www.biopapa.de\/lt\/producte\/ekologiskas-saldiklis-eritritolis-cukraus-pakaitalas\/#primaryimage"},"thumbnailUrl":"https:\/\/www.biopapa.de\/wp-content\/uploads\/2022\/02\/779A7858-scaled.jpg","datePublished":"2022-02-24T08:29:28+00:00","dateModified":"2026-03-23T14:07:17+00:00","description":"Eritritolis gars\u0117ja savo unikaliomis savyb\u0117mis, nes suteikia saldumo be kalorij\u0173 ar \u012ftakos cukraus kiekiui kraujyje, paprastai siejamu su \u012fprastu cukrumi.","breadcrumb":{"@id":"https:\/\/www.biopapa.de\/lt\/producte\/ekologiskas-saldiklis-eritritolis-cukraus-pakaitalas\/#breadcrumb"},"inLanguage":"lt-LT","potentialAction":[{"@type":"ReadAction","target":["https:\/\/www.biopapa.de\/lt\/producte\/ekologiskas-saldiklis-eritritolis-cukraus-pakaitalas\/"]}]},{"@type":"ImageObject","inLanguage":"lt-LT","@id":"https:\/\/www.biopapa.de\/lt\/producte\/ekologiskas-saldiklis-eritritolis-cukraus-pakaitalas\/#primaryimage","url":"https:\/\/www.biopapa.de\/wp-content\/uploads\/2022\/02\/779A7858-scaled.jpg","contentUrl":"https:\/\/www.biopapa.de\/wp-content\/uploads\/2022\/02\/779A7858-scaled.jpg","width":2560,"height":2048,"caption":"Ekologi\u0161kas saldiklis eritritolis (cukraus pakaitalas)"},{"@type":"BreadcrumbList","@id":"https:\/\/www.biopapa.de\/lt\/producte\/ekologiskas-saldiklis-eritritolis-cukraus-pakaitalas\/#breadcrumb","itemListElement":[{"@type":"ListItem","position":1,"name":"Home","item":"https:\/\/www.biopapa.de\/lt\/"},{"@type":"ListItem","position":2,"name":"Parduotuv\u0117","item":"https:\/\/www.biopapa.de\/parduotuve\/"},{"@type":"ListItem","position":3,"name":"Ekologi\u0161kas saldiklis eritritolis (cukraus pakaitalas)"}]},{"@type":"WebSite","@id":"https:\/\/www.biopapa.de\/lt\/#website","url":"https:\/\/www.biopapa.de\/lt\/","name":"Biopapa","description":"\u0160var\u016bs ekologi\u0161ki produktai","publisher":{"@id":"https:\/\/www.biopapa.de\/lt\/#organization"},"potentialAction":[{"@type":"SearchAction","target":{"@type":"EntryPoint","urlTemplate":"https:\/\/www.biopapa.de\/lt\/?s={search_term_string}"},"query-input":{"@type":"PropertyValueSpecification","valueRequired":true,"valueName":"search_term_string"}}],"inLanguage":"lt-LT"},{"@type":"Organization","@id":"https:\/\/www.biopapa.de\/lt\/#organization","name":"Biopapa","url":"https:\/\/www.biopapa.de\/lt\/","logo":{"@type":"ImageObject","inLanguage":"lt-LT","@id":"https:\/\/www.biopapa.de\/lt\/#\/schema\/logo\/image\/","url":"https:\/\/www.biopapa.lt\/wp-content\/uploads\/2022\/04\/facebook_biopapa.jpg","contentUrl":"https:\/\/www.biopapa.lt\/wp-content\/uploads\/2022\/04\/facebook_biopapa.jpg","width":1733,"height":907,"caption":"Biopapa"},"image":{"@id":"https:\/\/www.biopapa.de\/lt\/#\/schema\/logo\/image\/"},"sameAs":["https:\/\/www.facebook.com\/biopapa.lt"]}]}},"_links":{"self":[{"href":"https:\/\/www.biopapa.de\/lt\/wp-json\/wp\/v2\/product\/16928","targetHints":{"allow":["GET"]}}],"collection":[{"href":"https:\/\/www.biopapa.de\/lt\/wp-json\/wp\/v2\/product"}],"about":[{"href":"https:\/\/www.biopapa.de\/lt\/wp-json\/wp\/v2\/types\/product"}],"wp:featuredmedia":[{"embeddable":true,"href":"https:\/\/www.biopapa.de\/lt\/wp-json\/wp\/v2\/media\/17171"}],"wp:attachment":[{"href":"https:\/\/www.biopapa.de\/lt\/wp-json\/wp\/v2\/media?parent=16928"}],"wp:term":[{"taxonomy":"product_brand","embeddable":true,"href":"https:\/\/www.biopapa.de\/lt\/wp-json\/wp\/v2\/product_brand?post=16928"},{"taxonomy":"product_cat","embeddable":true,"href":"https:\/\/www.biopapa.de\/lt\/wp-json\/wp\/v2\/product_cat?post=16928"},{"taxonomy":"product_tag","embeddable":true,"href":"https:\/\/www.biopapa.de\/lt\/wp-json\/wp\/v2\/product_tag?post=16928"}],"curies":[{"name":"wp","href":"https:\/\/api.w.org\/{rel}","templated":true}]}}