{"id":17221,"date":"2022-03-15T22:21:15","date_gmt":"2022-03-15T20:21:15","guid":{"rendered":"https:\/\/www.biopapa.lt\/?post_type=product&#038;p=17221"},"modified":"2026-03-25T15:05:13","modified_gmt":"2026-03-25T13:05:13","slug":"ekologiski-moringos-lapai-smulkinti","status":"publish","type":"product","link":"https:\/\/www.biopapa.de\/lt\/producte\/ekologiski-moringos-lapai-smulkinti\/","title":{"rendered":"Ekologi\u0161ki moringa lapai (smulkinti)"},"content":{"rendered":"<p><strong>Moringa<\/strong> (<em>Moringa oleifera<\/em>), taip pat \u017einoma kaip \u201estebukl\u0173 medis\u201c, kurio \u0161aknys, stiebai, lapai, s\u0117kl\u0173 ank\u0161tys, derva ir \u017eiedai nuo seno laikomi gydomaisiais. Moringa yra kilusi i\u0161 Himalaj\u0173 kaln\u0173 regiono, ypa\u010d Indijoje, ir v\u0117liau paplito Pietvakari\u0173 Azijoje, Pietvakari\u0173 ir \u0160iaur\u0117s Ryt\u0173 Afrikoje, Madagaskare, Filipinuose ir JAV.<br \/>\nTiek <strong>moringa milteliai<\/strong>, tiek d\u017eiovinti <strong><em>moringa lapai<\/em> <\/strong>yra kil\u0119 i\u0161 to paties \u0161altinio \u2013 Moringa oleifera med\u017eio, ta\u010diau jie skiriasi paruo\u0161imo, tekst\u016bros ir naudojimo po\u017ei\u016briu<br \/>\nMoringa milteliai gaminami d\u017eiovinant \u0161vie\u017eius moring\u0173 lapus \u017eemoje temperat\u016broje, kad i\u0161likt\u0173 maistin\u0117s med\u017eiagos. Tada d\u017eiovinti lapai sumalami \u012f smulkius miltelius, taip i\u0161saugant maistin\u0117s med\u017eiagos.<br \/>\nD\u017eiovinti moringa lapai gaunami d\u017eiovinant \u0161vie\u017eius lapus ore, kol jie tampa tra\u0161k\u016bs ir trap\u016bs. Kaip ir moringos milteliai, d\u017eiovinti moringos lapai turi daug maistini\u0173 med\u017eiag\u0173 ir juose yra b\u016btin\u0173 vitamin\u0173 ir mineral\u0173. Ta\u010diau juose gali b\u016bti \u0161iek tiek ma\u017eesn\u0117 maistini\u0173 med\u017eiag\u0173 koncentracija, palyginti su moringos milteliuose esan\u010diu maistini\u0173 med\u017eiag\u0173 kiekiu.<\/p>\n<p><em>Moringa nauda sveikatai<\/em><br \/>\nAjurvedos ir kitose tradicin\u0117s medicinos sistemose moringos lapai buvo naudojami \u012fvairioms sveikatos b\u016bkl\u0117ms palengvinti. Manoma, kad jie turi prie\u0161u\u017edegimini\u0173, antibakterini\u0173 ir antivirusini\u0173 savybi\u0173 ir yra naudojami vaista\u017eoli\u0173 preparatuose nuo vir\u0161kinimo problem\u0173, s\u0105nari\u0173 skausmo, odos negalavim\u0173 ir kt.<\/p>\n<p>Juose yra b\u016btin\u0173 vitamin\u0173, \u012fskaitant vitamin\u0105 A, vitamin\u0105 C, vitamin\u0105 E ir B kompleksinius vitaminus (pvz., B6, folio r\u016bg\u0161t\u012f ir riboflavin\u0105). Be to, juose gausu mineral\u0173, toki\u0173 kaip kalcis, gele\u017eis, kalis ir magnis. Moringa taip pat gali pasigirti galingais antioksidantais, tokiais kaip kvercetinas, chlorogeno r\u016bg\u0161tis ir beta karotinas, kurie palaiko bendr\u0105 sveikat\u0105 ir stiprina organizmo apsaug\u0105 nuo laisv\u0173j\u0173 radikal\u0173.<br \/>\nImuniteto palaikymas. Vitamin\u0173 ir antioksidant\u0173 gausa esanti moringoje padeda stiprinti imunin\u0119 sistem\u0105, skatina atsparum\u0105 infekcijoms ir ligoms.<br \/>\nU\u017edegimo ma\u017einimas. Moringa prie\u0161u\u017edegimin\u0117s savyb\u0117s gali pad\u0117ti palengvinti su u\u017edegimu susijusias s\u0105lygas, tokias kaip artritas, ir palaikyti s\u0105nari\u0173 sveikat\u0105.<br \/>\nPagerina smegen\u0173 funkcij\u0105 &#8211; Moringa esan\u010dios maistin\u0117s med\u017eiagos, tokios kaip vitaminas E ir flavonoidai, palaiko smegen\u0173 sveikat\u0105, pa\u017einimo funkcij\u0105 ir gali suma\u017einti neurodegeneracini\u0173 lig\u0173 rizik\u0105.<br \/>\nGeresnis vir\u0161kinimas. Moringa gali padeda vir\u0161kinimui, nes skatina sveik\u0105 \u017earnyno flor\u0105, palengvina viduri\u0173 u\u017ekiet\u0117jim\u0105 ir mal\u0161ina vir\u0161kinimo trakto diskomfort\u0105.<br \/>\nOdos atjauninimas: Didelis vitamin\u0173 A ir E kiekis Moringa milteliuose gali pagerinti odos sveikat\u0105, skatinti jaunatvi\u0161k\u0105 veido spalv\u0105.<br \/>\nCukraus kiekio kraujyje reguliavimas. Kai kurie tyrimai rodo, kad moringa gali pad\u0117ti suma\u017einti cukraus kiek\u012f kraujyje, o tai naudinga \u017emon\u0117ms, sergantiems cukriniu diabetu arba tiems, kuriems gresia atsparumas insulinui.<br \/>\nEnergijos u\u017etaisas. Moringa esantis maistini\u0173 med\u017eiag\u0173 kiekis suteikia nat\u016bral\u0173 energijos palaikym\u0105, kovoja su nuovargiu ir skatina gyvybingum\u0105.<br \/>\nTradici\u0161kai susmulkinti morenga lapai buvo naudojami vandeniui valyti d\u0117l j\u0173 nat\u016brali\u0173 flokuliant\u0173 (koaguliant\u0173) savybi\u0173, kurios gali pad\u0117ti pa\u0161alinti i\u0161 vandens ne\u0161varumus ir patogenus.<\/p>\n<p><em>D\u0117mesio<\/em><br \/>\nN\u0117\u0161\u010dios ar kr\u016btimi maitinan\u010dios moterys, taip pat asmenys, vartojantys vaistus arba turintys specifini\u0173 sveikatos sutrikim\u0173, nevartokite moringa dideliais kiekiais.<br \/>\nKaip ir vartojant bet kur\u012f maist\u0105, svarbiausia yra saikas.<\/p>\n<p>Moringa lapai labai naudingi sveikatai ir gali teigiamai paveikti bendr\u0105 savijaut\u0105. D\u0117l puikaus maistini\u0173 med\u017eiag\u0173 kiekio ir universalaus naudojimo \u012fvairiuose kulinariniuose gaminiuose moringos lapai yra prieinamas ir patogus b\u016bdas padidinti sveikos mitybos vert\u0119.<\/p>\n<p><em>Naudojimas<\/em><br \/>\nMoringa lap\u0173 \u012ftraukimas \u012f sveik\u0105 mityb\u0105. Jie gali b\u016bti dedami \u012f \u012fvairius patiekalus ir g\u0117rimus, siekiant padidinti j\u0173 maistin\u0119 vert\u0119.<br \/>\n\u0160tai keletas b\u016bd\u0173:<br \/>\nSriubos ir tro\u0161kiniai &#8211; smulkintus moringa lapus \u012fmai\u0161ykite \u012f sriubas ar tro\u0161kinius, kad padidintum\u0117te j\u0173 maistin\u0119 vert\u0119.<br \/>\nKepiniai &#8211; smulkintus moringa lapus \u012fberkite \u012f bandeles, duon\u0105 ar blynus.<br \/>\nArbata &#8211; u\u017eplikykite smulkintus moringos lapus kar\u0161tu vandeniu, gausite raminan\u010di\u0105 ir sveik\u0105 \u017eoleli\u0173 arbat\u0105.<\/p>\n<p>Rekomenduojama paros norma \u2013 3-6 g (1-2 arbatiniai \u0161auk\u0161teliai).<\/p>\n<p>Tegul maistas b\u016bna J\u016bs\u0173 vaistas!<\/p>\n<p>\u0160altiniai<br \/>\nhttps:\/\/www.webmd.com<br \/>\nhttps:\/\/www.mindbodygreen.com<\/p>\n<p>PASTABA. \u010cia pateikta informacija negali b\u016bti interpretuojama kaip gydymo ar kitokio pob\u016bd\u017eio sveikatos klausim\u0173 sprendimo rekomendacija.<br \/>\nRaginame sprendimus, susijusius su asmenine sveikata, priimti asmeni\u0161kai, \u012fvertinus \u012fvairius informacijos \u0161altinius.<\/p>\n","protected":false},"excerpt":{"rendered":"<p>Moringa (Moringa oleifera), taip pat \u017einoma kaip \u201estebukl\u0173 medis\u201c, kurio \u0161aknys, stiebai, lapai, s\u0117kl\u0173 ank\u0161tys, derva ir \u017eiedai nuo seno<\/p>\n","protected":false},"featured_media":18364,"template":"","meta":{"_acf_changed":false},"product_brand":[],"product_cat":[1907,1265,1315],"product_tag":[1378],"class_list":{"0":"post-17221","1":"product","2":"type-product","3":"status-publish","4":"has-post-thumbnail","6":"product_cat-arbata","7":"product_cat-ekologiska-kakava-arbata-kava","8":"product_cat-ekologiski-prieskoniai","9":"product_tag-veganams","10":"pa_svoris-1-kg","11":"pa_svoris-100-g","12":"pa_svoris-200-g","13":"pa_svoris-25-g","14":"pa_svoris-300-g","15":"pa_svoris-400-g","16":"pa_svoris-50-g","17":"pa_svoris-500-g","18":"pa_svoris-6-kg","20":"first","21":"instock","22":"shipping-taxable","23":"purchasable","24":"product-type-variable"},"acf":[],"yoast_head":"<!-- This site is optimized with the Yoast SEO plugin v27.5 - https:\/\/yoast.com\/product\/yoast-seo-wordpress\/ -->\n<title>Ekologi\u0161ki moringa lapai (smulkinti) - Biopapa<\/title>\n<meta name=\"description\" content=\"Ekologi\u0161ki moringa lapai gaunami d\u017eiovinant \u0161vie\u017eius lapus ore, kol jie tampa tra\u0161k\u016bs ir trap\u016bs. Kaip ir moringa milteliai, d\u017eiovinti moringa lapai turi daug maistini\u0173 med\u017eiag\u0173 ir juose yra b\u016btin\u0173 vitamin\u0173 ir mineral\u0173. Vitamin\u0173 ir antioksidant\u0173 gausa esanti moringoje padeda stiprinti imunin\u0119 sistem\u0105, skatina atsparum\u0105 infekcijoms ir ligoms.\" \/>\n<meta name=\"robots\" content=\"index, follow, max-snippet:-1, max-image-preview:large, max-video-preview:-1\" \/>\n<link rel=\"canonical\" href=\"https:\/\/www.biopapa.de\/lt\/producte\/ekologiski-moringos-lapai-smulkinti\/\" \/>\n<meta property=\"og:locale\" content=\"lt_LT\" \/>\n<meta property=\"og:type\" content=\"article\" \/>\n<meta property=\"og:title\" content=\"Ekologi\u0161ki moringa lapai (smulkinti) - Biopapa\" \/>\n<meta property=\"og:description\" content=\"Ekologi\u0161ki moringa lapai gaunami d\u017eiovinant \u0161vie\u017eius lapus ore, kol jie tampa tra\u0161k\u016bs ir trap\u016bs. Kaip ir moringa milteliai, d\u017eiovinti moringa lapai turi daug maistini\u0173 med\u017eiag\u0173 ir juose yra b\u016btin\u0173 vitamin\u0173 ir mineral\u0173. Vitamin\u0173 ir antioksidant\u0173 gausa esanti moringoje padeda stiprinti imunin\u0119 sistem\u0105, skatina atsparum\u0105 infekcijoms ir ligoms.\" \/>\n<meta property=\"og:url\" content=\"https:\/\/www.biopapa.de\/lt\/producte\/ekologiski-moringos-lapai-smulkinti\/\" \/>\n<meta property=\"og:site_name\" content=\"Biopapa\" \/>\n<meta property=\"article:publisher\" content=\"https:\/\/www.facebook.com\/biopapa.lt\" \/>\n<meta property=\"article:modified_time\" content=\"2026-03-25T13:05:13+00:00\" \/>\n<meta property=\"og:image\" content=\"https:\/\/www.biopapa.de\/wp-content\/uploads\/2022\/03\/779A8968-1-scaled.jpg\" \/>\n\t<meta property=\"og:image:width\" content=\"2560\" \/>\n\t<meta property=\"og:image:height\" content=\"2048\" \/>\n\t<meta property=\"og:image:type\" content=\"image\/jpeg\" \/>\n<meta name=\"twitter:card\" content=\"summary_large_image\" \/>\n<meta name=\"twitter:label1\" content=\"Est. reading time\" \/>\n\t<meta name=\"twitter:data1\" content=\"1 minut\u0117\" \/>\n<script type=\"application\/ld+json\" class=\"yoast-schema-graph\">{\"@context\":\"https:\\\/\\\/schema.org\",\"@graph\":[{\"@type\":\"WebPage\",\"@id\":\"https:\\\/\\\/www.biopapa.de\\\/lt\\\/producte\\\/ekologiski-moringos-lapai-smulkinti\\\/\",\"url\":\"https:\\\/\\\/www.biopapa.de\\\/lt\\\/producte\\\/ekologiski-moringos-lapai-smulkinti\\\/\",\"name\":\"Ekologi\u0161ki moringa lapai (smulkinti) - Biopapa\",\"isPartOf\":{\"@id\":\"https:\\\/\\\/www.biopapa.de\\\/lt\\\/#website\"},\"primaryImageOfPage\":{\"@id\":\"https:\\\/\\\/www.biopapa.de\\\/lt\\\/producte\\\/ekologiski-moringos-lapai-smulkinti\\\/#primaryimage\"},\"image\":{\"@id\":\"https:\\\/\\\/www.biopapa.de\\\/lt\\\/producte\\\/ekologiski-moringos-lapai-smulkinti\\\/#primaryimage\"},\"thumbnailUrl\":\"https:\\\/\\\/www.biopapa.de\\\/wp-content\\\/uploads\\\/2022\\\/03\\\/779A8968-1-scaled.jpg\",\"datePublished\":\"2022-03-15T20:21:15+00:00\",\"dateModified\":\"2026-03-25T13:05:13+00:00\",\"description\":\"Ekologi\u0161ki moringa lapai gaunami d\u017eiovinant \u0161vie\u017eius lapus ore, kol jie tampa tra\u0161k\u016bs ir trap\u016bs. Kaip ir moringa milteliai, d\u017eiovinti moringa lapai turi daug maistini\u0173 med\u017eiag\u0173 ir juose yra b\u016btin\u0173 vitamin\u0173 ir mineral\u0173. Vitamin\u0173 ir antioksidant\u0173 gausa esanti moringoje padeda stiprinti imunin\u0119 sistem\u0105, skatina atsparum\u0105 infekcijoms ir ligoms.\",\"breadcrumb\":{\"@id\":\"https:\\\/\\\/www.biopapa.de\\\/lt\\\/producte\\\/ekologiski-moringos-lapai-smulkinti\\\/#breadcrumb\"},\"inLanguage\":\"lt-LT\",\"potentialAction\":[{\"@type\":\"ReadAction\",\"target\":[\"https:\\\/\\\/www.biopapa.de\\\/lt\\\/producte\\\/ekologiski-moringos-lapai-smulkinti\\\/\"]}]},{\"@type\":\"ImageObject\",\"inLanguage\":\"lt-LT\",\"@id\":\"https:\\\/\\\/www.biopapa.de\\\/lt\\\/producte\\\/ekologiski-moringos-lapai-smulkinti\\\/#primaryimage\",\"url\":\"https:\\\/\\\/www.biopapa.de\\\/wp-content\\\/uploads\\\/2022\\\/03\\\/779A8968-1-scaled.jpg\",\"contentUrl\":\"https:\\\/\\\/www.biopapa.de\\\/wp-content\\\/uploads\\\/2022\\\/03\\\/779A8968-1-scaled.jpg\",\"width\":2560,\"height\":2048,\"caption\":\"Ekologi\u0161ki moringos lapai (smulkinti)\"},{\"@type\":\"BreadcrumbList\",\"@id\":\"https:\\\/\\\/www.biopapa.de\\\/lt\\\/producte\\\/ekologiski-moringos-lapai-smulkinti\\\/#breadcrumb\",\"itemListElement\":[{\"@type\":\"ListItem\",\"position\":1,\"name\":\"Home\",\"item\":\"https:\\\/\\\/www.biopapa.de\\\/lt\\\/\"},{\"@type\":\"ListItem\",\"position\":2,\"name\":\"Parduotuv\u0117\",\"item\":\"https:\\\/\\\/www.biopapa.de\\\/parduotuve\\\/\"},{\"@type\":\"ListItem\",\"position\":3,\"name\":\"Ekologi\u0161ki moringa lapai (smulkinti)\"}]},{\"@type\":\"WebSite\",\"@id\":\"https:\\\/\\\/www.biopapa.de\\\/lt\\\/#website\",\"url\":\"https:\\\/\\\/www.biopapa.de\\\/lt\\\/\",\"name\":\"Biopapa\",\"description\":\"\u0160var\u016bs ekologi\u0161ki produktai\",\"publisher\":{\"@id\":\"https:\\\/\\\/www.biopapa.de\\\/lt\\\/#organization\"},\"potentialAction\":[{\"@type\":\"SearchAction\",\"target\":{\"@type\":\"EntryPoint\",\"urlTemplate\":\"https:\\\/\\\/www.biopapa.de\\\/lt\\\/?s={search_term_string}\"},\"query-input\":{\"@type\":\"PropertyValueSpecification\",\"valueRequired\":true,\"valueName\":\"search_term_string\"}}],\"inLanguage\":\"lt-LT\"},{\"@type\":\"Organization\",\"@id\":\"https:\\\/\\\/www.biopapa.de\\\/lt\\\/#organization\",\"name\":\"Biopapa\",\"url\":\"https:\\\/\\\/www.biopapa.de\\\/lt\\\/\",\"logo\":{\"@type\":\"ImageObject\",\"inLanguage\":\"lt-LT\",\"@id\":\"https:\\\/\\\/www.biopapa.de\\\/lt\\\/#\\\/schema\\\/logo\\\/image\\\/\",\"url\":\"https:\\\/\\\/www.biopapa.lt\\\/wp-content\\\/uploads\\\/2022\\\/04\\\/facebook_biopapa.jpg\",\"contentUrl\":\"https:\\\/\\\/www.biopapa.lt\\\/wp-content\\\/uploads\\\/2022\\\/04\\\/facebook_biopapa.jpg\",\"width\":1733,\"height\":907,\"caption\":\"Biopapa\"},\"image\":{\"@id\":\"https:\\\/\\\/www.biopapa.de\\\/lt\\\/#\\\/schema\\\/logo\\\/image\\\/\"},\"sameAs\":[\"https:\\\/\\\/www.facebook.com\\\/biopapa.lt\"]}]}<\/script>\n<!-- \/ Yoast SEO plugin. -->","yoast_head_json":{"title":"Ekologi\u0161ki moringa lapai (smulkinti) - Biopapa","description":"Ekologi\u0161ki moringa lapai gaunami d\u017eiovinant \u0161vie\u017eius lapus ore, kol jie tampa tra\u0161k\u016bs ir trap\u016bs. Kaip ir moringa milteliai, d\u017eiovinti moringa lapai turi daug maistini\u0173 med\u017eiag\u0173 ir juose yra b\u016btin\u0173 vitamin\u0173 ir mineral\u0173. Vitamin\u0173 ir antioksidant\u0173 gausa esanti moringoje padeda stiprinti imunin\u0119 sistem\u0105, skatina atsparum\u0105 infekcijoms ir ligoms.","robots":{"index":"index","follow":"follow","max-snippet":"max-snippet:-1","max-image-preview":"max-image-preview:large","max-video-preview":"max-video-preview:-1"},"canonical":"https:\/\/www.biopapa.de\/lt\/producte\/ekologiski-moringos-lapai-smulkinti\/","og_locale":"lt_LT","og_type":"article","og_title":"Ekologi\u0161ki moringa lapai (smulkinti) - Biopapa","og_description":"Ekologi\u0161ki moringa lapai gaunami d\u017eiovinant \u0161vie\u017eius lapus ore, kol jie tampa tra\u0161k\u016bs ir trap\u016bs. Kaip ir moringa milteliai, d\u017eiovinti moringa lapai turi daug maistini\u0173 med\u017eiag\u0173 ir juose yra b\u016btin\u0173 vitamin\u0173 ir mineral\u0173. Vitamin\u0173 ir antioksidant\u0173 gausa esanti moringoje padeda stiprinti imunin\u0119 sistem\u0105, skatina atsparum\u0105 infekcijoms ir ligoms.","og_url":"https:\/\/www.biopapa.de\/lt\/producte\/ekologiski-moringos-lapai-smulkinti\/","og_site_name":"Biopapa","article_publisher":"https:\/\/www.facebook.com\/biopapa.lt","article_modified_time":"2026-03-25T13:05:13+00:00","og_image":[{"width":2560,"height":2048,"url":"https:\/\/www.biopapa.de\/wp-content\/uploads\/2022\/03\/779A8968-1-scaled.jpg","type":"image\/jpeg"}],"twitter_card":"summary_large_image","twitter_misc":{"Est. reading time":"1 minut\u0117"},"schema":{"@context":"https:\/\/schema.org","@graph":[{"@type":"WebPage","@id":"https:\/\/www.biopapa.de\/lt\/producte\/ekologiski-moringos-lapai-smulkinti\/","url":"https:\/\/www.biopapa.de\/lt\/producte\/ekologiski-moringos-lapai-smulkinti\/","name":"Ekologi\u0161ki moringa lapai (smulkinti) - Biopapa","isPartOf":{"@id":"https:\/\/www.biopapa.de\/lt\/#website"},"primaryImageOfPage":{"@id":"https:\/\/www.biopapa.de\/lt\/producte\/ekologiski-moringos-lapai-smulkinti\/#primaryimage"},"image":{"@id":"https:\/\/www.biopapa.de\/lt\/producte\/ekologiski-moringos-lapai-smulkinti\/#primaryimage"},"thumbnailUrl":"https:\/\/www.biopapa.de\/wp-content\/uploads\/2022\/03\/779A8968-1-scaled.jpg","datePublished":"2022-03-15T20:21:15+00:00","dateModified":"2026-03-25T13:05:13+00:00","description":"Ekologi\u0161ki moringa lapai gaunami d\u017eiovinant \u0161vie\u017eius lapus ore, kol jie tampa tra\u0161k\u016bs ir trap\u016bs. Kaip ir moringa milteliai, d\u017eiovinti moringa lapai turi daug maistini\u0173 med\u017eiag\u0173 ir juose yra b\u016btin\u0173 vitamin\u0173 ir mineral\u0173. Vitamin\u0173 ir antioksidant\u0173 gausa esanti moringoje padeda stiprinti imunin\u0119 sistem\u0105, skatina atsparum\u0105 infekcijoms ir ligoms.","breadcrumb":{"@id":"https:\/\/www.biopapa.de\/lt\/producte\/ekologiski-moringos-lapai-smulkinti\/#breadcrumb"},"inLanguage":"lt-LT","potentialAction":[{"@type":"ReadAction","target":["https:\/\/www.biopapa.de\/lt\/producte\/ekologiski-moringos-lapai-smulkinti\/"]}]},{"@type":"ImageObject","inLanguage":"lt-LT","@id":"https:\/\/www.biopapa.de\/lt\/producte\/ekologiski-moringos-lapai-smulkinti\/#primaryimage","url":"https:\/\/www.biopapa.de\/wp-content\/uploads\/2022\/03\/779A8968-1-scaled.jpg","contentUrl":"https:\/\/www.biopapa.de\/wp-content\/uploads\/2022\/03\/779A8968-1-scaled.jpg","width":2560,"height":2048,"caption":"Ekologi\u0161ki moringos lapai (smulkinti)"},{"@type":"BreadcrumbList","@id":"https:\/\/www.biopapa.de\/lt\/producte\/ekologiski-moringos-lapai-smulkinti\/#breadcrumb","itemListElement":[{"@type":"ListItem","position":1,"name":"Home","item":"https:\/\/www.biopapa.de\/lt\/"},{"@type":"ListItem","position":2,"name":"Parduotuv\u0117","item":"https:\/\/www.biopapa.de\/parduotuve\/"},{"@type":"ListItem","position":3,"name":"Ekologi\u0161ki moringa lapai (smulkinti)"}]},{"@type":"WebSite","@id":"https:\/\/www.biopapa.de\/lt\/#website","url":"https:\/\/www.biopapa.de\/lt\/","name":"Biopapa","description":"\u0160var\u016bs ekologi\u0161ki produktai","publisher":{"@id":"https:\/\/www.biopapa.de\/lt\/#organization"},"potentialAction":[{"@type":"SearchAction","target":{"@type":"EntryPoint","urlTemplate":"https:\/\/www.biopapa.de\/lt\/?s={search_term_string}"},"query-input":{"@type":"PropertyValueSpecification","valueRequired":true,"valueName":"search_term_string"}}],"inLanguage":"lt-LT"},{"@type":"Organization","@id":"https:\/\/www.biopapa.de\/lt\/#organization","name":"Biopapa","url":"https:\/\/www.biopapa.de\/lt\/","logo":{"@type":"ImageObject","inLanguage":"lt-LT","@id":"https:\/\/www.biopapa.de\/lt\/#\/schema\/logo\/image\/","url":"https:\/\/www.biopapa.lt\/wp-content\/uploads\/2022\/04\/facebook_biopapa.jpg","contentUrl":"https:\/\/www.biopapa.lt\/wp-content\/uploads\/2022\/04\/facebook_biopapa.jpg","width":1733,"height":907,"caption":"Biopapa"},"image":{"@id":"https:\/\/www.biopapa.de\/lt\/#\/schema\/logo\/image\/"},"sameAs":["https:\/\/www.facebook.com\/biopapa.lt"]}]}},"_links":{"self":[{"href":"https:\/\/www.biopapa.de\/lt\/wp-json\/wp\/v2\/product\/17221","targetHints":{"allow":["GET"]}}],"collection":[{"href":"https:\/\/www.biopapa.de\/lt\/wp-json\/wp\/v2\/product"}],"about":[{"href":"https:\/\/www.biopapa.de\/lt\/wp-json\/wp\/v2\/types\/product"}],"wp:featuredmedia":[{"embeddable":true,"href":"https:\/\/www.biopapa.de\/lt\/wp-json\/wp\/v2\/media\/18364"}],"wp:attachment":[{"href":"https:\/\/www.biopapa.de\/lt\/wp-json\/wp\/v2\/media?parent=17221"}],"wp:term":[{"taxonomy":"product_brand","embeddable":true,"href":"https:\/\/www.biopapa.de\/lt\/wp-json\/wp\/v2\/product_brand?post=17221"},{"taxonomy":"product_cat","embeddable":true,"href":"https:\/\/www.biopapa.de\/lt\/wp-json\/wp\/v2\/product_cat?post=17221"},{"taxonomy":"product_tag","embeddable":true,"href":"https:\/\/www.biopapa.de\/lt\/wp-json\/wp\/v2\/product_tag?post=17221"}],"curies":[{"name":"wp","href":"https:\/\/api.w.org\/{rel}","templated":true}]}}