{"id":17245,"date":"2022-03-15T22:27:46","date_gmt":"2022-03-15T20:27:46","guid":{"rendered":"https:\/\/www.biopapa.lt\/?post_type=product&#038;p=17245"},"modified":"2026-04-15T12:14:18","modified_gmt":"2026-04-15T09:14:18","slug":"ekologiskos-geltonosios-garstycios-seklos","status":"publish","type":"product","link":"https:\/\/www.biopapa.de\/lt\/producte\/ekologiskos-geltonosios-garstycios-seklos\/","title":{"rendered":"Ekologi\u0161kos geltonosios garsty\u010dios s\u0117klos"},"content":{"rendered":"<p><strong>Ekologi\u0161kos geltonosios garsty\u010dios s\u0117klos<\/strong><\/p>\n<p>Gelton\u0173j\u0173 garsty\u010di\u0173 s\u0117klos si\u016blo \u012fvairiapus\u012f naudojim\u0105 kulinarijoje. \u0160iose ma\u017eose s\u0117klose taip pat gausu maistini\u0173 med\u017eiag\u0173, tod\u0117l jos yra vertingas j\u016bs\u0173 dietos priedas.<br \/>\nVienas i\u0161 pagrindini\u0173 j\u0173 privalum\u0173 yra didelis antioksidant\u0173, toki\u0173 kaip selenas ir flavonoidai, kiekis, kurie padeda apsaugoti l\u0105steles nuo oksidacin\u0117s pa\u017eaidos ir ma\u017eina l\u0117tini\u0173 lig\u0173 rizik\u0105.<br \/>\nGelton\u0173j\u0173 garsty\u010di\u0173 s\u0117klose taip pat yra b\u016btin\u0173 mineral\u0173, toki\u0173 kaip magnis ir fosforas, kurie yra labai svarb\u016bs kaul\u0173 sveikatai ir raumen\u0173 funkcijai palaikyti.<\/p>\n<p>Virtuv\u0117je geltonos garsty\u010di\u0173 s\u0117klos yra pagrindinis ingredientas gaminant tradicinius garsty\u010di\u0173 pagardus. Sumaltos \u012f miltelius, pagaminkite past\u0105 su actu ir prieskoniais.<br \/>\nTa\u010diau \u0161ios s\u0117klos neapsiriboja vien pagardais. Jos suteikia puik\u0173 rie\u0161ut\u0173 skon\u012f ir subtil\u0173 a\u0161trum\u0105, pikanti\u0161kumo. tod\u0117l naudojamos marinuojant ir salot\u0173 pada\u017euose.<br \/>\nBe to, garsty\u010di\u0173 s\u0117klos gali pagerinti \u012fvairi\u0173 patiekal\u0173, \u012fskaitant karius, sriubas ir keptas dar\u017eoves, aromat\u0105 ir skon\u012f.<br \/>\nD\u0117l j\u0173 universalumo ir galimos naudos sveikatai gelton\u0173j\u0173 garsty\u010di\u0173 s\u0117klos yra vertinga sudedamoji dalis j\u016bs\u0173 virtuv\u0117je ir d\u0117l skonio, ir d\u0117l maistini\u0173 med\u017eiag\u0173.<\/p>\n<p><em>PASTABA. \u010cia pateikta informacija negali b\u016bti interpretuojama kaip gydymo ar kitokio pob\u016bd\u017eio sveikatos klausim\u0173 sprendimo rekomendacija. Raginame sprendimus, susijusius su asmenine sveikata, priimti asmeni\u0161kai, \u012fvertinus \u012fvairius informacijos \u0161altinius. <\/em><\/p>\n","protected":false},"excerpt":{"rendered":"<p>Ekologi\u0161kos geltonosios garsty\u010dios s\u0117klos Gelton\u0173j\u0173 garsty\u010di\u0173 s\u0117klos si\u016blo \u012fvairiapus\u012f naudojim\u0105 kulinarijoje. \u0160iose ma\u017eose s\u0117klose taip pat gausu maistini\u0173 med\u017eiag\u0173, tod\u0117l<\/p>\n","protected":false},"featured_media":18733,"template":"","meta":{"_acf_changed":false},"product_brand":[],"product_cat":[730,1905],"product_tag":[1378],"class_list":{"0":"post-17245","1":"product","2":"type-product","3":"status-publish","4":"has-post-thumbnail","6":"product_cat-ekologiski-riesutai-seklos","7":"product_cat-seklos","8":"product_tag-veganams","9":"pa_svoris-1-kg","10":"pa_svoris-100-g","11":"pa_svoris-200-g","12":"pa_svoris-25-kg","13":"pa_svoris-300-g","14":"pa_svoris-400-g","15":"pa_svoris-50-g","16":"pa_svoris-500-g","18":"first","19":"outofstock","20":"shipping-taxable","21":"purchasable","22":"product-type-variable"},"acf":[],"yoast_head":"<!-- This site is optimized with the Yoast SEO plugin v27.5 - https:\/\/yoast.com\/product\/yoast-seo-wordpress\/ -->\n<title>Ekologi\u0161kos geltonosios garsty\u010dios s\u0117klos - Biopapa<\/title>\n<meta name=\"description\" content=\"Ekologi\u0161kos gelton\u0173j\u0173 garsty\u010di\u0173 s\u0117klos si\u016blo \u012fvairiapus\u012f naudojim\u0105 kulinarijoje. \u0160iose ma\u017eose s\u0117klose taip pat gausu maistini\u0173 med\u017eiag\u0173, tod\u0117l jos yra vertingas j\u016bs\u0173 dietos priedas.\" \/>\n<meta name=\"robots\" content=\"index, follow, max-snippet:-1, max-image-preview:large, max-video-preview:-1\" \/>\n<link rel=\"canonical\" href=\"https:\/\/www.biopapa.de\/lt\/producte\/ekologiskos-geltonosios-garstycios-seklos\/\" \/>\n<meta property=\"og:locale\" content=\"lt_LT\" \/>\n<meta property=\"og:type\" content=\"article\" \/>\n<meta property=\"og:title\" content=\"Ekologi\u0161kos geltonosios garsty\u010dios s\u0117klos - Biopapa\" \/>\n<meta property=\"og:description\" content=\"Ekologi\u0161kos gelton\u0173j\u0173 garsty\u010di\u0173 s\u0117klos si\u016blo \u012fvairiapus\u012f naudojim\u0105 kulinarijoje. \u0160iose ma\u017eose s\u0117klose taip pat gausu maistini\u0173 med\u017eiag\u0173, tod\u0117l jos yra vertingas j\u016bs\u0173 dietos priedas.\" \/>\n<meta property=\"og:url\" content=\"https:\/\/www.biopapa.de\/lt\/producte\/ekologiskos-geltonosios-garstycios-seklos\/\" \/>\n<meta property=\"og:site_name\" content=\"Biopapa\" \/>\n<meta property=\"article:publisher\" content=\"https:\/\/www.facebook.com\/biopapa.lt\" \/>\n<meta property=\"article:modified_time\" content=\"2026-04-15T09:14:18+00:00\" \/>\n<meta property=\"og:image\" content=\"https:\/\/www.biopapa.de\/wp-content\/uploads\/2022\/03\/garstyciu-seklos.jpg\" \/>\n\t<meta property=\"og:image:width\" content=\"800\" \/>\n\t<meta property=\"og:image:height\" content=\"640\" \/>\n\t<meta property=\"og:image:type\" content=\"image\/jpeg\" \/>\n<meta name=\"twitter:card\" content=\"summary_large_image\" \/>\n<meta name=\"twitter:label1\" content=\"Est. reading time\" \/>\n\t<meta name=\"twitter:data1\" content=\"1 minut\u0117\" \/>\n<script type=\"application\/ld+json\" class=\"yoast-schema-graph\">{\"@context\":\"https:\\\/\\\/schema.org\",\"@graph\":[{\"@type\":\"WebPage\",\"@id\":\"https:\\\/\\\/www.biopapa.de\\\/lt\\\/producte\\\/ekologiskos-geltonosios-garstycios-seklos\\\/\",\"url\":\"https:\\\/\\\/www.biopapa.de\\\/lt\\\/producte\\\/ekologiskos-geltonosios-garstycios-seklos\\\/\",\"name\":\"Ekologi\u0161kos geltonosios garsty\u010dios s\u0117klos - Biopapa\",\"isPartOf\":{\"@id\":\"https:\\\/\\\/www.biopapa.de\\\/lt\\\/#website\"},\"primaryImageOfPage\":{\"@id\":\"https:\\\/\\\/www.biopapa.de\\\/lt\\\/producte\\\/ekologiskos-geltonosios-garstycios-seklos\\\/#primaryimage\"},\"image\":{\"@id\":\"https:\\\/\\\/www.biopapa.de\\\/lt\\\/producte\\\/ekologiskos-geltonosios-garstycios-seklos\\\/#primaryimage\"},\"thumbnailUrl\":\"https:\\\/\\\/www.biopapa.de\\\/wp-content\\\/uploads\\\/2022\\\/03\\\/garstyciu-seklos.jpg\",\"datePublished\":\"2022-03-15T20:27:46+00:00\",\"dateModified\":\"2026-04-15T09:14:18+00:00\",\"description\":\"Ekologi\u0161kos gelton\u0173j\u0173 garsty\u010di\u0173 s\u0117klos si\u016blo \u012fvairiapus\u012f naudojim\u0105 kulinarijoje. \u0160iose ma\u017eose s\u0117klose taip pat gausu maistini\u0173 med\u017eiag\u0173, tod\u0117l jos yra vertingas j\u016bs\u0173 dietos priedas.\",\"breadcrumb\":{\"@id\":\"https:\\\/\\\/www.biopapa.de\\\/lt\\\/producte\\\/ekologiskos-geltonosios-garstycios-seklos\\\/#breadcrumb\"},\"inLanguage\":\"lt-LT\",\"potentialAction\":[{\"@type\":\"ReadAction\",\"target\":[\"https:\\\/\\\/www.biopapa.de\\\/lt\\\/producte\\\/ekologiskos-geltonosios-garstycios-seklos\\\/\"]}]},{\"@type\":\"ImageObject\",\"inLanguage\":\"lt-LT\",\"@id\":\"https:\\\/\\\/www.biopapa.de\\\/lt\\\/producte\\\/ekologiskos-geltonosios-garstycios-seklos\\\/#primaryimage\",\"url\":\"https:\\\/\\\/www.biopapa.de\\\/wp-content\\\/uploads\\\/2022\\\/03\\\/garstyciu-seklos.jpg\",\"contentUrl\":\"https:\\\/\\\/www.biopapa.de\\\/wp-content\\\/uploads\\\/2022\\\/03\\\/garstyciu-seklos.jpg\",\"width\":800,\"height\":640,\"caption\":\"Ekologi\u0161kos balt\u0173j\u0173 garsty\u010di\u0173 s\u0117klos\"},{\"@type\":\"BreadcrumbList\",\"@id\":\"https:\\\/\\\/www.biopapa.de\\\/lt\\\/producte\\\/ekologiskos-geltonosios-garstycios-seklos\\\/#breadcrumb\",\"itemListElement\":[{\"@type\":\"ListItem\",\"position\":1,\"name\":\"Home\",\"item\":\"https:\\\/\\\/www.biopapa.de\\\/lt\\\/\"},{\"@type\":\"ListItem\",\"position\":2,\"name\":\"Parduotuv\u0117\",\"item\":\"https:\\\/\\\/www.biopapa.de\\\/parduotuve\\\/\"},{\"@type\":\"ListItem\",\"position\":3,\"name\":\"Ekologi\u0161kos geltonosios garsty\u010dios s\u0117klos\"}]},{\"@type\":\"WebSite\",\"@id\":\"https:\\\/\\\/www.biopapa.de\\\/lt\\\/#website\",\"url\":\"https:\\\/\\\/www.biopapa.de\\\/lt\\\/\",\"name\":\"Biopapa\",\"description\":\"\u0160var\u016bs ekologi\u0161ki produktai\",\"publisher\":{\"@id\":\"https:\\\/\\\/www.biopapa.de\\\/lt\\\/#organization\"},\"potentialAction\":[{\"@type\":\"SearchAction\",\"target\":{\"@type\":\"EntryPoint\",\"urlTemplate\":\"https:\\\/\\\/www.biopapa.de\\\/lt\\\/?s={search_term_string}\"},\"query-input\":{\"@type\":\"PropertyValueSpecification\",\"valueRequired\":true,\"valueName\":\"search_term_string\"}}],\"inLanguage\":\"lt-LT\"},{\"@type\":\"Organization\",\"@id\":\"https:\\\/\\\/www.biopapa.de\\\/lt\\\/#organization\",\"name\":\"Biopapa\",\"url\":\"https:\\\/\\\/www.biopapa.de\\\/lt\\\/\",\"logo\":{\"@type\":\"ImageObject\",\"inLanguage\":\"lt-LT\",\"@id\":\"https:\\\/\\\/www.biopapa.de\\\/lt\\\/#\\\/schema\\\/logo\\\/image\\\/\",\"url\":\"https:\\\/\\\/www.biopapa.lt\\\/wp-content\\\/uploads\\\/2022\\\/04\\\/facebook_biopapa.jpg\",\"contentUrl\":\"https:\\\/\\\/www.biopapa.lt\\\/wp-content\\\/uploads\\\/2022\\\/04\\\/facebook_biopapa.jpg\",\"width\":1733,\"height\":907,\"caption\":\"Biopapa\"},\"image\":{\"@id\":\"https:\\\/\\\/www.biopapa.de\\\/lt\\\/#\\\/schema\\\/logo\\\/image\\\/\"},\"sameAs\":[\"https:\\\/\\\/www.facebook.com\\\/biopapa.lt\"]}]}<\/script>\n<!-- \/ Yoast SEO plugin. -->","yoast_head_json":{"title":"Ekologi\u0161kos geltonosios garsty\u010dios s\u0117klos - Biopapa","description":"Ekologi\u0161kos gelton\u0173j\u0173 garsty\u010di\u0173 s\u0117klos si\u016blo \u012fvairiapus\u012f naudojim\u0105 kulinarijoje. \u0160iose ma\u017eose s\u0117klose taip pat gausu maistini\u0173 med\u017eiag\u0173, tod\u0117l jos yra vertingas j\u016bs\u0173 dietos priedas.","robots":{"index":"index","follow":"follow","max-snippet":"max-snippet:-1","max-image-preview":"max-image-preview:large","max-video-preview":"max-video-preview:-1"},"canonical":"https:\/\/www.biopapa.de\/lt\/producte\/ekologiskos-geltonosios-garstycios-seklos\/","og_locale":"lt_LT","og_type":"article","og_title":"Ekologi\u0161kos geltonosios garsty\u010dios s\u0117klos - Biopapa","og_description":"Ekologi\u0161kos gelton\u0173j\u0173 garsty\u010di\u0173 s\u0117klos si\u016blo \u012fvairiapus\u012f naudojim\u0105 kulinarijoje. \u0160iose ma\u017eose s\u0117klose taip pat gausu maistini\u0173 med\u017eiag\u0173, tod\u0117l jos yra vertingas j\u016bs\u0173 dietos priedas.","og_url":"https:\/\/www.biopapa.de\/lt\/producte\/ekologiskos-geltonosios-garstycios-seklos\/","og_site_name":"Biopapa","article_publisher":"https:\/\/www.facebook.com\/biopapa.lt","article_modified_time":"2026-04-15T09:14:18+00:00","og_image":[{"width":800,"height":640,"url":"https:\/\/www.biopapa.de\/wp-content\/uploads\/2022\/03\/garstyciu-seklos.jpg","type":"image\/jpeg"}],"twitter_card":"summary_large_image","twitter_misc":{"Est. reading time":"1 minut\u0117"},"schema":{"@context":"https:\/\/schema.org","@graph":[{"@type":"WebPage","@id":"https:\/\/www.biopapa.de\/lt\/producte\/ekologiskos-geltonosios-garstycios-seklos\/","url":"https:\/\/www.biopapa.de\/lt\/producte\/ekologiskos-geltonosios-garstycios-seklos\/","name":"Ekologi\u0161kos geltonosios garsty\u010dios s\u0117klos - Biopapa","isPartOf":{"@id":"https:\/\/www.biopapa.de\/lt\/#website"},"primaryImageOfPage":{"@id":"https:\/\/www.biopapa.de\/lt\/producte\/ekologiskos-geltonosios-garstycios-seklos\/#primaryimage"},"image":{"@id":"https:\/\/www.biopapa.de\/lt\/producte\/ekologiskos-geltonosios-garstycios-seklos\/#primaryimage"},"thumbnailUrl":"https:\/\/www.biopapa.de\/wp-content\/uploads\/2022\/03\/garstyciu-seklos.jpg","datePublished":"2022-03-15T20:27:46+00:00","dateModified":"2026-04-15T09:14:18+00:00","description":"Ekologi\u0161kos gelton\u0173j\u0173 garsty\u010di\u0173 s\u0117klos si\u016blo \u012fvairiapus\u012f naudojim\u0105 kulinarijoje. \u0160iose ma\u017eose s\u0117klose taip pat gausu maistini\u0173 med\u017eiag\u0173, tod\u0117l jos yra vertingas j\u016bs\u0173 dietos priedas.","breadcrumb":{"@id":"https:\/\/www.biopapa.de\/lt\/producte\/ekologiskos-geltonosios-garstycios-seklos\/#breadcrumb"},"inLanguage":"lt-LT","potentialAction":[{"@type":"ReadAction","target":["https:\/\/www.biopapa.de\/lt\/producte\/ekologiskos-geltonosios-garstycios-seklos\/"]}]},{"@type":"ImageObject","inLanguage":"lt-LT","@id":"https:\/\/www.biopapa.de\/lt\/producte\/ekologiskos-geltonosios-garstycios-seklos\/#primaryimage","url":"https:\/\/www.biopapa.de\/wp-content\/uploads\/2022\/03\/garstyciu-seklos.jpg","contentUrl":"https:\/\/www.biopapa.de\/wp-content\/uploads\/2022\/03\/garstyciu-seklos.jpg","width":800,"height":640,"caption":"Ekologi\u0161kos balt\u0173j\u0173 garsty\u010di\u0173 s\u0117klos"},{"@type":"BreadcrumbList","@id":"https:\/\/www.biopapa.de\/lt\/producte\/ekologiskos-geltonosios-garstycios-seklos\/#breadcrumb","itemListElement":[{"@type":"ListItem","position":1,"name":"Home","item":"https:\/\/www.biopapa.de\/lt\/"},{"@type":"ListItem","position":2,"name":"Parduotuv\u0117","item":"https:\/\/www.biopapa.de\/parduotuve\/"},{"@type":"ListItem","position":3,"name":"Ekologi\u0161kos geltonosios garsty\u010dios s\u0117klos"}]},{"@type":"WebSite","@id":"https:\/\/www.biopapa.de\/lt\/#website","url":"https:\/\/www.biopapa.de\/lt\/","name":"Biopapa","description":"\u0160var\u016bs ekologi\u0161ki produktai","publisher":{"@id":"https:\/\/www.biopapa.de\/lt\/#organization"},"potentialAction":[{"@type":"SearchAction","target":{"@type":"EntryPoint","urlTemplate":"https:\/\/www.biopapa.de\/lt\/?s={search_term_string}"},"query-input":{"@type":"PropertyValueSpecification","valueRequired":true,"valueName":"search_term_string"}}],"inLanguage":"lt-LT"},{"@type":"Organization","@id":"https:\/\/www.biopapa.de\/lt\/#organization","name":"Biopapa","url":"https:\/\/www.biopapa.de\/lt\/","logo":{"@type":"ImageObject","inLanguage":"lt-LT","@id":"https:\/\/www.biopapa.de\/lt\/#\/schema\/logo\/image\/","url":"https:\/\/www.biopapa.lt\/wp-content\/uploads\/2022\/04\/facebook_biopapa.jpg","contentUrl":"https:\/\/www.biopapa.lt\/wp-content\/uploads\/2022\/04\/facebook_biopapa.jpg","width":1733,"height":907,"caption":"Biopapa"},"image":{"@id":"https:\/\/www.biopapa.de\/lt\/#\/schema\/logo\/image\/"},"sameAs":["https:\/\/www.facebook.com\/biopapa.lt"]}]}},"_links":{"self":[{"href":"https:\/\/www.biopapa.de\/lt\/wp-json\/wp\/v2\/product\/17245","targetHints":{"allow":["GET"]}}],"collection":[{"href":"https:\/\/www.biopapa.de\/lt\/wp-json\/wp\/v2\/product"}],"about":[{"href":"https:\/\/www.biopapa.de\/lt\/wp-json\/wp\/v2\/types\/product"}],"wp:featuredmedia":[{"embeddable":true,"href":"https:\/\/www.biopapa.de\/lt\/wp-json\/wp\/v2\/media\/18733"}],"wp:attachment":[{"href":"https:\/\/www.biopapa.de\/lt\/wp-json\/wp\/v2\/media?parent=17245"}],"wp:term":[{"taxonomy":"product_brand","embeddable":true,"href":"https:\/\/www.biopapa.de\/lt\/wp-json\/wp\/v2\/product_brand?post=17245"},{"taxonomy":"product_cat","embeddable":true,"href":"https:\/\/www.biopapa.de\/lt\/wp-json\/wp\/v2\/product_cat?post=17245"},{"taxonomy":"product_tag","embeddable":true,"href":"https:\/\/www.biopapa.de\/lt\/wp-json\/wp\/v2\/product_tag?post=17245"}],"curies":[{"name":"wp","href":"https:\/\/api.w.org\/{rel}","templated":true}]}}