{"id":17270,"date":"2022-03-15T22:34:22","date_gmt":"2022-03-15T20:34:22","guid":{"rendered":"https:\/\/www.biopapa.lt\/?post_type=product&#038;p=17270"},"modified":"2026-04-14T12:01:32","modified_gmt":"2026-04-14T09:01:32","slug":"ekologiski-dilgeliu-lapai-smulkinti","status":"publish","type":"product","link":"https:\/\/www.biopapa.de\/lt\/producte\/ekologiski-dilgeliu-lapai-smulkinti\/","title":{"rendered":"Ekologi\u0161ki dilg\u0117li\u0173 lapai (smulkinti)"},"content":{"rendered":"<p><strong>Ekologi\u0161ki dilg\u0117li\u0173 lapai<\/strong><br \/>\nDilg\u0117l\u0117 ne veltui vadinama vaista\u017eoli\u0173 karaliene, ji teigiamai veikia organizm\u0105 tiek \u0161vie\u017eia, tiek d\u017eiovinta.<br \/>\nD\u017eiovintos dilg\u0117l\u0117s turi daug t\u0173 pa\u010di\u0173 sveikatai nauding\u0173 savybi\u0173, kaip ir \u0161vie\u017eios dilg\u0117l\u0117s, ir yra gausus maistini\u0173 med\u017eiag\u0173 \u0161altinis, padedantis palaikyti bendr\u0105 ger\u0105 savijaut\u0105. D\u017eiovintos dilg\u0117l\u0117s da\u017enai naudojamos arbatoms, kapsul\u0117ms ar tinkt\u016broms ruo\u0161ti. D\u017eiovinant dilg\u0117l\u0117s praranda \u201egelian\u010dius\u201c plaukelius, tod\u0117l jas galima saugiai liesti ir vartoti be odos dirginimo.<br \/>\nD\u017eiovintos dilg\u0117l\u0117s yra turtingos vitaminais ir mineralais. Be to, dilg\u0117l\u0117s turi \u0161veln\u0173 diuretin\u012f poveik\u012f, skatinant\u012f nat\u016bral\u0173 organizmo detoksikavim\u0105 ir palaikant\u012f inkst\u0173 sveikat\u0105.<br \/>\nNepaisant naudos, d\u017eiovintos dilg\u0117l\u0117s gali sukelti lengv\u0173 \u0161alutini\u0173 poveiki\u0173, toki\u0173 kaip nedidelis vir\u0161kinimo diskomfortas ar skys\u010di\u0173 netekimas d\u0117l diuretinio poveikio. Per didelis vartojimas gali sukelti dehidratacij\u0105, jei nebus vartojama pakankamai vandens.<br \/>\nD\u0117mesio<br \/>\nAsmenims, vartojantiems kraujosp\u016bd\u017eio, diabeto ar krauj\u0105 skystinan\u010dius vaistus, prie\u0161 vartojant d\u017eiovintas dilg\u0117les reik\u0117t\u0173 pasidom\u0117ti kaip \u0161ios gali s\u0105veikauti su vaistais.<\/p>\n<p><em>PASTABA. \u010cia pateikta informacija negali b\u016bti interpretuojama kaip gydymo ar kitokio pob\u016bd\u017eio sveikatos klausim\u0173 sprendimo rekomendacija. Raginame sprendimus, susijusius su asmenine sveikata, priimti asmeni\u0161kai, \u012fvertinus \u012fvairius informacijos \u0161altinius.<\/em><\/p>\n","protected":false},"excerpt":{"rendered":"<p>Ekologi\u0161ki dilg\u0117li\u0173 lapai Dilg\u0117l\u0117 ne veltui vadinama vaista\u017eoli\u0173 karaliene, ji teigiamai veikia organizm\u0105 tiek \u0161vie\u017eia, tiek d\u017eiovinta. D\u017eiovintos dilg\u0117l\u0117s turi<\/p>\n","protected":false},"featured_media":18366,"template":"","meta":{"_acf_changed":false},"product_brand":[],"product_cat":[1907,1265,1315],"product_tag":[1378,1382],"class_list":{"0":"post-17270","1":"product","2":"type-product","3":"status-publish","4":"has-post-thumbnail","6":"product_cat-arbata","7":"product_cat-ekologiska-kakava-arbata-kava","8":"product_cat-ekologiski-prieskoniai","9":"product_tag-veganams","10":"product_tag-zaliavalgiams","11":"pa_svoris-1-kg","12":"pa_svoris-100-g","13":"pa_svoris-200-g","14":"pa_svoris-25-g","15":"pa_svoris-300-g","16":"pa_svoris-4-kg","17":"pa_svoris-400-g","18":"pa_svoris-50-g","19":"pa_svoris-500-g","21":"first","22":"instock","23":"shipping-taxable","24":"purchasable","25":"product-type-variable"},"acf":[],"yoast_head":"<!-- This site is optimized with the Yoast SEO plugin v27.5 - https:\/\/yoast.com\/product\/yoast-seo-wordpress\/ -->\n<title>Ekologi\u0161ki dilg\u0117li\u0173 lapai (smulkinti) - Biopapa<\/title>\n<meta name=\"robots\" content=\"index, follow, max-snippet:-1, max-image-preview:large, max-video-preview:-1\" \/>\n<link rel=\"canonical\" href=\"https:\/\/www.biopapa.de\/lt\/producte\/ekologiski-dilgeliu-lapai-smulkinti\/\" \/>\n<meta property=\"og:locale\" content=\"lt_LT\" \/>\n<meta property=\"og:type\" content=\"article\" \/>\n<meta property=\"og:title\" content=\"Ekologi\u0161ki dilg\u0117li\u0173 lapai (smulkinti) - Biopapa\" \/>\n<meta property=\"og:description\" content=\"Ekologi\u0161ki dilg\u0117li\u0173 lapai Dilg\u0117l\u0117 ne veltui vadinama vaista\u017eoli\u0173 karaliene, ji teigiamai veikia organizm\u0105 tiek \u0161vie\u017eia, tiek d\u017eiovinta. D\u017eiovintos dilg\u0117l\u0117s turi\" \/>\n<meta property=\"og:url\" content=\"https:\/\/www.biopapa.de\/lt\/producte\/ekologiski-dilgeliu-lapai-smulkinti\/\" \/>\n<meta property=\"og:site_name\" content=\"Biopapa\" \/>\n<meta property=\"article:publisher\" content=\"https:\/\/www.facebook.com\/biopapa.lt\" \/>\n<meta property=\"article:modified_time\" content=\"2026-04-14T09:01:32+00:00\" \/>\n<meta property=\"og:image\" content=\"https:\/\/www.biopapa.de\/wp-content\/uploads\/2022\/03\/779A8985-scaled.jpg\" \/>\n\t<meta property=\"og:image:width\" content=\"2560\" \/>\n\t<meta property=\"og:image:height\" content=\"2048\" \/>\n\t<meta property=\"og:image:type\" content=\"image\/jpeg\" \/>\n<meta name=\"twitter:card\" content=\"summary_large_image\" \/>\n<meta name=\"twitter:label1\" content=\"Est. reading time\" \/>\n\t<meta name=\"twitter:data1\" content=\"1 minut\u0117\" \/>\n<script type=\"application\/ld+json\" class=\"yoast-schema-graph\">{\"@context\":\"https:\\\/\\\/schema.org\",\"@graph\":[{\"@type\":\"WebPage\",\"@id\":\"https:\\\/\\\/www.biopapa.de\\\/lt\\\/producte\\\/ekologiski-dilgeliu-lapai-smulkinti\\\/\",\"url\":\"https:\\\/\\\/www.biopapa.de\\\/lt\\\/producte\\\/ekologiski-dilgeliu-lapai-smulkinti\\\/\",\"name\":\"Ekologi\u0161ki dilg\u0117li\u0173 lapai (smulkinti) - Biopapa\",\"isPartOf\":{\"@id\":\"https:\\\/\\\/www.biopapa.de\\\/lt\\\/#website\"},\"primaryImageOfPage\":{\"@id\":\"https:\\\/\\\/www.biopapa.de\\\/lt\\\/producte\\\/ekologiski-dilgeliu-lapai-smulkinti\\\/#primaryimage\"},\"image\":{\"@id\":\"https:\\\/\\\/www.biopapa.de\\\/lt\\\/producte\\\/ekologiski-dilgeliu-lapai-smulkinti\\\/#primaryimage\"},\"thumbnailUrl\":\"https:\\\/\\\/www.biopapa.de\\\/wp-content\\\/uploads\\\/2022\\\/03\\\/779A8985-scaled.jpg\",\"datePublished\":\"2022-03-15T20:34:22+00:00\",\"dateModified\":\"2026-04-14T09:01:32+00:00\",\"breadcrumb\":{\"@id\":\"https:\\\/\\\/www.biopapa.de\\\/lt\\\/producte\\\/ekologiski-dilgeliu-lapai-smulkinti\\\/#breadcrumb\"},\"inLanguage\":\"lt-LT\",\"potentialAction\":[{\"@type\":\"ReadAction\",\"target\":[\"https:\\\/\\\/www.biopapa.de\\\/lt\\\/producte\\\/ekologiski-dilgeliu-lapai-smulkinti\\\/\"]}]},{\"@type\":\"ImageObject\",\"inLanguage\":\"lt-LT\",\"@id\":\"https:\\\/\\\/www.biopapa.de\\\/lt\\\/producte\\\/ekologiski-dilgeliu-lapai-smulkinti\\\/#primaryimage\",\"url\":\"https:\\\/\\\/www.biopapa.de\\\/wp-content\\\/uploads\\\/2022\\\/03\\\/779A8985-scaled.jpg\",\"contentUrl\":\"https:\\\/\\\/www.biopapa.de\\\/wp-content\\\/uploads\\\/2022\\\/03\\\/779A8985-scaled.jpg\",\"width\":2560,\"height\":2048,\"caption\":\"Ekologi\u0161ki dilg\u0117li\u0173 lapai (smulkinti)\"},{\"@type\":\"BreadcrumbList\",\"@id\":\"https:\\\/\\\/www.biopapa.de\\\/lt\\\/producte\\\/ekologiski-dilgeliu-lapai-smulkinti\\\/#breadcrumb\",\"itemListElement\":[{\"@type\":\"ListItem\",\"position\":1,\"name\":\"Home\",\"item\":\"https:\\\/\\\/www.biopapa.de\\\/lt\\\/\"},{\"@type\":\"ListItem\",\"position\":2,\"name\":\"Parduotuv\u0117\",\"item\":\"https:\\\/\\\/www.biopapa.de\\\/parduotuve\\\/\"},{\"@type\":\"ListItem\",\"position\":3,\"name\":\"Ekologi\u0161ki dilg\u0117li\u0173 lapai (smulkinti)\"}]},{\"@type\":\"WebSite\",\"@id\":\"https:\\\/\\\/www.biopapa.de\\\/lt\\\/#website\",\"url\":\"https:\\\/\\\/www.biopapa.de\\\/lt\\\/\",\"name\":\"Biopapa\",\"description\":\"\u0160var\u016bs ekologi\u0161ki produktai\",\"publisher\":{\"@id\":\"https:\\\/\\\/www.biopapa.de\\\/lt\\\/#organization\"},\"potentialAction\":[{\"@type\":\"SearchAction\",\"target\":{\"@type\":\"EntryPoint\",\"urlTemplate\":\"https:\\\/\\\/www.biopapa.de\\\/lt\\\/?s={search_term_string}\"},\"query-input\":{\"@type\":\"PropertyValueSpecification\",\"valueRequired\":true,\"valueName\":\"search_term_string\"}}],\"inLanguage\":\"lt-LT\"},{\"@type\":\"Organization\",\"@id\":\"https:\\\/\\\/www.biopapa.de\\\/lt\\\/#organization\",\"name\":\"Biopapa\",\"url\":\"https:\\\/\\\/www.biopapa.de\\\/lt\\\/\",\"logo\":{\"@type\":\"ImageObject\",\"inLanguage\":\"lt-LT\",\"@id\":\"https:\\\/\\\/www.biopapa.de\\\/lt\\\/#\\\/schema\\\/logo\\\/image\\\/\",\"url\":\"https:\\\/\\\/www.biopapa.lt\\\/wp-content\\\/uploads\\\/2022\\\/04\\\/facebook_biopapa.jpg\",\"contentUrl\":\"https:\\\/\\\/www.biopapa.lt\\\/wp-content\\\/uploads\\\/2022\\\/04\\\/facebook_biopapa.jpg\",\"width\":1733,\"height\":907,\"caption\":\"Biopapa\"},\"image\":{\"@id\":\"https:\\\/\\\/www.biopapa.de\\\/lt\\\/#\\\/schema\\\/logo\\\/image\\\/\"},\"sameAs\":[\"https:\\\/\\\/www.facebook.com\\\/biopapa.lt\"]}]}<\/script>\n<!-- \/ Yoast SEO plugin. -->","yoast_head_json":{"title":"Ekologi\u0161ki dilg\u0117li\u0173 lapai (smulkinti) - Biopapa","robots":{"index":"index","follow":"follow","max-snippet":"max-snippet:-1","max-image-preview":"max-image-preview:large","max-video-preview":"max-video-preview:-1"},"canonical":"https:\/\/www.biopapa.de\/lt\/producte\/ekologiski-dilgeliu-lapai-smulkinti\/","og_locale":"lt_LT","og_type":"article","og_title":"Ekologi\u0161ki dilg\u0117li\u0173 lapai (smulkinti) - Biopapa","og_description":"Ekologi\u0161ki dilg\u0117li\u0173 lapai Dilg\u0117l\u0117 ne veltui vadinama vaista\u017eoli\u0173 karaliene, ji teigiamai veikia organizm\u0105 tiek \u0161vie\u017eia, tiek d\u017eiovinta. D\u017eiovintos dilg\u0117l\u0117s turi","og_url":"https:\/\/www.biopapa.de\/lt\/producte\/ekologiski-dilgeliu-lapai-smulkinti\/","og_site_name":"Biopapa","article_publisher":"https:\/\/www.facebook.com\/biopapa.lt","article_modified_time":"2026-04-14T09:01:32+00:00","og_image":[{"width":2560,"height":2048,"url":"https:\/\/www.biopapa.de\/wp-content\/uploads\/2022\/03\/779A8985-scaled.jpg","type":"image\/jpeg"}],"twitter_card":"summary_large_image","twitter_misc":{"Est. reading time":"1 minut\u0117"},"schema":{"@context":"https:\/\/schema.org","@graph":[{"@type":"WebPage","@id":"https:\/\/www.biopapa.de\/lt\/producte\/ekologiski-dilgeliu-lapai-smulkinti\/","url":"https:\/\/www.biopapa.de\/lt\/producte\/ekologiski-dilgeliu-lapai-smulkinti\/","name":"Ekologi\u0161ki dilg\u0117li\u0173 lapai (smulkinti) - Biopapa","isPartOf":{"@id":"https:\/\/www.biopapa.de\/lt\/#website"},"primaryImageOfPage":{"@id":"https:\/\/www.biopapa.de\/lt\/producte\/ekologiski-dilgeliu-lapai-smulkinti\/#primaryimage"},"image":{"@id":"https:\/\/www.biopapa.de\/lt\/producte\/ekologiski-dilgeliu-lapai-smulkinti\/#primaryimage"},"thumbnailUrl":"https:\/\/www.biopapa.de\/wp-content\/uploads\/2022\/03\/779A8985-scaled.jpg","datePublished":"2022-03-15T20:34:22+00:00","dateModified":"2026-04-14T09:01:32+00:00","breadcrumb":{"@id":"https:\/\/www.biopapa.de\/lt\/producte\/ekologiski-dilgeliu-lapai-smulkinti\/#breadcrumb"},"inLanguage":"lt-LT","potentialAction":[{"@type":"ReadAction","target":["https:\/\/www.biopapa.de\/lt\/producte\/ekologiski-dilgeliu-lapai-smulkinti\/"]}]},{"@type":"ImageObject","inLanguage":"lt-LT","@id":"https:\/\/www.biopapa.de\/lt\/producte\/ekologiski-dilgeliu-lapai-smulkinti\/#primaryimage","url":"https:\/\/www.biopapa.de\/wp-content\/uploads\/2022\/03\/779A8985-scaled.jpg","contentUrl":"https:\/\/www.biopapa.de\/wp-content\/uploads\/2022\/03\/779A8985-scaled.jpg","width":2560,"height":2048,"caption":"Ekologi\u0161ki dilg\u0117li\u0173 lapai (smulkinti)"},{"@type":"BreadcrumbList","@id":"https:\/\/www.biopapa.de\/lt\/producte\/ekologiski-dilgeliu-lapai-smulkinti\/#breadcrumb","itemListElement":[{"@type":"ListItem","position":1,"name":"Home","item":"https:\/\/www.biopapa.de\/lt\/"},{"@type":"ListItem","position":2,"name":"Parduotuv\u0117","item":"https:\/\/www.biopapa.de\/parduotuve\/"},{"@type":"ListItem","position":3,"name":"Ekologi\u0161ki dilg\u0117li\u0173 lapai (smulkinti)"}]},{"@type":"WebSite","@id":"https:\/\/www.biopapa.de\/lt\/#website","url":"https:\/\/www.biopapa.de\/lt\/","name":"Biopapa","description":"\u0160var\u016bs ekologi\u0161ki produktai","publisher":{"@id":"https:\/\/www.biopapa.de\/lt\/#organization"},"potentialAction":[{"@type":"SearchAction","target":{"@type":"EntryPoint","urlTemplate":"https:\/\/www.biopapa.de\/lt\/?s={search_term_string}"},"query-input":{"@type":"PropertyValueSpecification","valueRequired":true,"valueName":"search_term_string"}}],"inLanguage":"lt-LT"},{"@type":"Organization","@id":"https:\/\/www.biopapa.de\/lt\/#organization","name":"Biopapa","url":"https:\/\/www.biopapa.de\/lt\/","logo":{"@type":"ImageObject","inLanguage":"lt-LT","@id":"https:\/\/www.biopapa.de\/lt\/#\/schema\/logo\/image\/","url":"https:\/\/www.biopapa.lt\/wp-content\/uploads\/2022\/04\/facebook_biopapa.jpg","contentUrl":"https:\/\/www.biopapa.lt\/wp-content\/uploads\/2022\/04\/facebook_biopapa.jpg","width":1733,"height":907,"caption":"Biopapa"},"image":{"@id":"https:\/\/www.biopapa.de\/lt\/#\/schema\/logo\/image\/"},"sameAs":["https:\/\/www.facebook.com\/biopapa.lt"]}]}},"_links":{"self":[{"href":"https:\/\/www.biopapa.de\/lt\/wp-json\/wp\/v2\/product\/17270","targetHints":{"allow":["GET"]}}],"collection":[{"href":"https:\/\/www.biopapa.de\/lt\/wp-json\/wp\/v2\/product"}],"about":[{"href":"https:\/\/www.biopapa.de\/lt\/wp-json\/wp\/v2\/types\/product"}],"wp:featuredmedia":[{"embeddable":true,"href":"https:\/\/www.biopapa.de\/lt\/wp-json\/wp\/v2\/media\/18366"}],"wp:attachment":[{"href":"https:\/\/www.biopapa.de\/lt\/wp-json\/wp\/v2\/media?parent=17270"}],"wp:term":[{"taxonomy":"product_brand","embeddable":true,"href":"https:\/\/www.biopapa.de\/lt\/wp-json\/wp\/v2\/product_brand?post=17270"},{"taxonomy":"product_cat","embeddable":true,"href":"https:\/\/www.biopapa.de\/lt\/wp-json\/wp\/v2\/product_cat?post=17270"},{"taxonomy":"product_tag","embeddable":true,"href":"https:\/\/www.biopapa.de\/lt\/wp-json\/wp\/v2\/product_tag?post=17270"}],"curies":[{"name":"wp","href":"https:\/\/api.w.org\/{rel}","templated":true}]}}