{"id":17278,"date":"2022-03-15T22:35:48","date_gmt":"2022-03-15T20:35:48","guid":{"rendered":"https:\/\/www.biopapa.lt\/?post_type=product&#038;p=17278"},"modified":"2026-02-12T11:32:39","modified_gmt":"2026-02-12T09:32:39","slug":"ekologiski-ramuneliu-ziedai","status":"publish","type":"product","link":"https:\/\/www.biopapa.de\/lt\/producte\/ekologiski-ramuneliu-ziedai\/","title":{"rendered":"Ekologi\u0161ki ramun\u0117li\u0173 \u017eiedai"},"content":{"rendered":"<p><strong>Ekologi\u0161kos ramun\u0117li\u0173 g\u0117l\u0117s<\/strong> gars\u0117ja savo raminan\u010diomis savyb\u0117mis ir da\u017enai naudojamos arbatoms, tinkt\u016broms bei odos prie\u017ei\u016bros produktams gaminti. Jos yra turtingos antioksidantais, tokiais kaip apigeninas, kurie padeda ma\u017einti u\u017edegimus, palaiko vir\u0161kinimo sveikat\u0105, skatina atsipalaidavim\u0105 ir geresn\u012f mieg\u0105.<br \/>\nRamun\u0117l\u0117s taip pat \u017einomos d\u0117l savo geb\u0117jimo raminti odos sudirgimus ir skatinti \u017eaizd\u0173 gijim\u0105, kai naudojamos i\u0161ori\u0161kai.<br \/>\nDa\u017eniausiai ramun\u0117l\u0117s ruo\u0161iamos kaip arbata, ta\u010diau jas taip pat galima naudoti vonios u\u017epiluose, kompresuose ar nam\u0173 gamybos gro\u017eio produktuose, siekiant raminamojo poveikio.<\/p>\n<p>Vartojimas<br \/>\nArbatos u\u017epilas: U\u017epilkite 1 arbatin\u012f \u0161auk\u0161tel\u012f stikline verdan\u010dio vandens ir palikite u\u017edengt\u0105 pritraukti apie 10\u201315 minu\u010di\u0173.<br \/>\nI\u0161orinis naudojimas: Ramun\u0117li\u0173 u\u017epilai ar ekstraktai gali b\u016bti tepami ant odos pagal poreik\u012f.<\/p>\n<p>Nors jos paprastai yra saugios, per didelis vartojimas gali sukelti alergines reakcijas, ypa\u010d \u017emon\u0117ms, jautriems kie\u010diams, ramun\u0117ms ar medetkoms, ir gali s\u0105veikauti su tam tikrais vaistais.<\/p>\n<p><em>PASTABA. \u010cia pateikta informacija negali b\u016bti interpretuojama kaip gydymo ar kitokio pob\u016bd\u017eio sveikatos klausim\u0173 sprendimo rekomendacija.<\/em><br \/>\n<em>Raginame sprendimus, susijusius su asmenine sveikata, priimti asmeni\u0161kai, \u012fvertinus \u012fvairius informacijos \u0161altinius.<\/em><\/p>\n<p>&nbsp;<\/p>\n","protected":false},"excerpt":{"rendered":"<p>Ekologi\u0161kos ramun\u0117li\u0173 g\u0117l\u0117s gars\u0117ja savo raminan\u010diomis savyb\u0117mis ir da\u017enai naudojamos arbatoms, tinkt\u016broms bei odos prie\u017ei\u016bros produktams gaminti. Jos yra turtingos<\/p>\n","protected":false},"featured_media":21831,"template":"","meta":{"_acf_changed":false},"product_brand":[],"product_cat":[1907,1265],"product_tag":[1940,1378],"class_list":{"0":"post-17278","1":"product","2":"type-product","3":"status-publish","4":"has-post-thumbnail","6":"product_cat-arbata","7":"product_cat-ekologiska-kakava-arbata-kava","8":"product_tag-be-kofeino","9":"product_tag-veganams","10":"pa_svoris-1-kg","11":"pa_svoris-10-kg","12":"pa_svoris-100-g","13":"pa_svoris-200-g","14":"pa_svoris-25-g","15":"pa_svoris-300-g","16":"pa_svoris-400-g","17":"pa_svoris-50-g","18":"pa_svoris-500-g","20":"first","21":"instock","22":"shipping-taxable","23":"purchasable","24":"product-type-variable"},"acf":[],"yoast_head":"<!-- This site is optimized with the Yoast SEO plugin v27.5 - https:\/\/yoast.com\/product\/yoast-seo-wordpress\/ -->\n<title>Ekologi\u0161ki ramun\u0117li\u0173 \u017eiedai - Biopapa<\/title>\n<meta name=\"description\" content=\"Da\u017eniausiai ramun\u0117l\u0117s ruo\u0161iamos kaip arbata, ta\u010diau jas taip pat galima naudoti vonios u\u017epiluose, kompresuose ar nam\u0173 gamybos gro\u017eio produktuose, siekiant raminamojo poveikio.\" \/>\n<meta name=\"robots\" content=\"index, follow, max-snippet:-1, max-image-preview:large, max-video-preview:-1\" \/>\n<link rel=\"canonical\" href=\"https:\/\/www.biopapa.de\/lt\/producte\/ekologiski-ramuneliu-ziedai\/\" \/>\n<meta property=\"og:locale\" content=\"lt_LT\" \/>\n<meta property=\"og:type\" content=\"article\" \/>\n<meta property=\"og:title\" content=\"Ekologi\u0161ki ramun\u0117li\u0173 \u017eiedai - Biopapa\" \/>\n<meta property=\"og:description\" content=\"Da\u017eniausiai ramun\u0117l\u0117s ruo\u0161iamos kaip arbata, ta\u010diau jas taip pat galima naudoti vonios u\u017epiluose, kompresuose ar nam\u0173 gamybos gro\u017eio produktuose, siekiant raminamojo poveikio.\" \/>\n<meta property=\"og:url\" content=\"https:\/\/www.biopapa.de\/lt\/producte\/ekologiski-ramuneliu-ziedai\/\" \/>\n<meta property=\"og:site_name\" content=\"Biopapa\" \/>\n<meta property=\"article:publisher\" content=\"https:\/\/www.facebook.com\/biopapa.lt\" \/>\n<meta property=\"article:modified_time\" content=\"2026-02-12T09:32:39+00:00\" \/>\n<meta property=\"og:image\" content=\"https:\/\/www.biopapa.de\/wp-content\/uploads\/2022\/03\/ramuneles.png\" \/>\n\t<meta property=\"og:image:width\" content=\"800\" \/>\n\t<meta property=\"og:image:height\" content=\"640\" \/>\n\t<meta property=\"og:image:type\" content=\"image\/png\" \/>\n<meta name=\"twitter:card\" content=\"summary_large_image\" \/>\n<meta name=\"twitter:label1\" content=\"Est. reading time\" \/>\n\t<meta name=\"twitter:data1\" content=\"1 minut\u0117\" \/>\n<script type=\"application\/ld+json\" class=\"yoast-schema-graph\">{\"@context\":\"https:\\\/\\\/schema.org\",\"@graph\":[{\"@type\":\"WebPage\",\"@id\":\"https:\\\/\\\/www.biopapa.de\\\/lt\\\/producte\\\/ekologiski-ramuneliu-ziedai\\\/\",\"url\":\"https:\\\/\\\/www.biopapa.de\\\/lt\\\/producte\\\/ekologiski-ramuneliu-ziedai\\\/\",\"name\":\"Ekologi\u0161ki ramun\u0117li\u0173 \u017eiedai - Biopapa\",\"isPartOf\":{\"@id\":\"https:\\\/\\\/www.biopapa.de\\\/lt\\\/#website\"},\"primaryImageOfPage\":{\"@id\":\"https:\\\/\\\/www.biopapa.de\\\/lt\\\/producte\\\/ekologiski-ramuneliu-ziedai\\\/#primaryimage\"},\"image\":{\"@id\":\"https:\\\/\\\/www.biopapa.de\\\/lt\\\/producte\\\/ekologiski-ramuneliu-ziedai\\\/#primaryimage\"},\"thumbnailUrl\":\"https:\\\/\\\/www.biopapa.de\\\/wp-content\\\/uploads\\\/2022\\\/03\\\/ramuneles.png\",\"datePublished\":\"2022-03-15T20:35:48+00:00\",\"dateModified\":\"2026-02-12T09:32:39+00:00\",\"description\":\"Da\u017eniausiai ramun\u0117l\u0117s ruo\u0161iamos kaip arbata, ta\u010diau jas taip pat galima naudoti vonios u\u017epiluose, kompresuose ar nam\u0173 gamybos gro\u017eio produktuose, siekiant raminamojo poveikio.\",\"breadcrumb\":{\"@id\":\"https:\\\/\\\/www.biopapa.de\\\/lt\\\/producte\\\/ekologiski-ramuneliu-ziedai\\\/#breadcrumb\"},\"inLanguage\":\"lt-LT\",\"potentialAction\":[{\"@type\":\"ReadAction\",\"target\":[\"https:\\\/\\\/www.biopapa.de\\\/lt\\\/producte\\\/ekologiski-ramuneliu-ziedai\\\/\"]}]},{\"@type\":\"ImageObject\",\"inLanguage\":\"lt-LT\",\"@id\":\"https:\\\/\\\/www.biopapa.de\\\/lt\\\/producte\\\/ekologiski-ramuneliu-ziedai\\\/#primaryimage\",\"url\":\"https:\\\/\\\/www.biopapa.de\\\/wp-content\\\/uploads\\\/2022\\\/03\\\/ramuneles.png\",\"contentUrl\":\"https:\\\/\\\/www.biopapa.de\\\/wp-content\\\/uploads\\\/2022\\\/03\\\/ramuneles.png\",\"width\":800,\"height\":640,\"caption\":\"Ekologi\u0161ki ramun\u0117li\u0173 \u017eiedai\"},{\"@type\":\"BreadcrumbList\",\"@id\":\"https:\\\/\\\/www.biopapa.de\\\/lt\\\/producte\\\/ekologiski-ramuneliu-ziedai\\\/#breadcrumb\",\"itemListElement\":[{\"@type\":\"ListItem\",\"position\":1,\"name\":\"Home\",\"item\":\"https:\\\/\\\/www.biopapa.de\\\/lt\\\/\"},{\"@type\":\"ListItem\",\"position\":2,\"name\":\"Parduotuv\u0117\",\"item\":\"https:\\\/\\\/www.biopapa.de\\\/parduotuve\\\/\"},{\"@type\":\"ListItem\",\"position\":3,\"name\":\"Ekologi\u0161ki ramun\u0117li\u0173 \u017eiedai\"}]},{\"@type\":\"WebSite\",\"@id\":\"https:\\\/\\\/www.biopapa.de\\\/lt\\\/#website\",\"url\":\"https:\\\/\\\/www.biopapa.de\\\/lt\\\/\",\"name\":\"Biopapa\",\"description\":\"\u0160var\u016bs ekologi\u0161ki produktai\",\"publisher\":{\"@id\":\"https:\\\/\\\/www.biopapa.de\\\/lt\\\/#organization\"},\"potentialAction\":[{\"@type\":\"SearchAction\",\"target\":{\"@type\":\"EntryPoint\",\"urlTemplate\":\"https:\\\/\\\/www.biopapa.de\\\/lt\\\/?s={search_term_string}\"},\"query-input\":{\"@type\":\"PropertyValueSpecification\",\"valueRequired\":true,\"valueName\":\"search_term_string\"}}],\"inLanguage\":\"lt-LT\"},{\"@type\":\"Organization\",\"@id\":\"https:\\\/\\\/www.biopapa.de\\\/lt\\\/#organization\",\"name\":\"Biopapa\",\"url\":\"https:\\\/\\\/www.biopapa.de\\\/lt\\\/\",\"logo\":{\"@type\":\"ImageObject\",\"inLanguage\":\"lt-LT\",\"@id\":\"https:\\\/\\\/www.biopapa.de\\\/lt\\\/#\\\/schema\\\/logo\\\/image\\\/\",\"url\":\"https:\\\/\\\/www.biopapa.lt\\\/wp-content\\\/uploads\\\/2022\\\/04\\\/facebook_biopapa.jpg\",\"contentUrl\":\"https:\\\/\\\/www.biopapa.lt\\\/wp-content\\\/uploads\\\/2022\\\/04\\\/facebook_biopapa.jpg\",\"width\":1733,\"height\":907,\"caption\":\"Biopapa\"},\"image\":{\"@id\":\"https:\\\/\\\/www.biopapa.de\\\/lt\\\/#\\\/schema\\\/logo\\\/image\\\/\"},\"sameAs\":[\"https:\\\/\\\/www.facebook.com\\\/biopapa.lt\"]}]}<\/script>\n<!-- \/ Yoast SEO plugin. -->","yoast_head_json":{"title":"Ekologi\u0161ki ramun\u0117li\u0173 \u017eiedai - Biopapa","description":"Da\u017eniausiai ramun\u0117l\u0117s ruo\u0161iamos kaip arbata, ta\u010diau jas taip pat galima naudoti vonios u\u017epiluose, kompresuose ar nam\u0173 gamybos gro\u017eio produktuose, siekiant raminamojo poveikio.","robots":{"index":"index","follow":"follow","max-snippet":"max-snippet:-1","max-image-preview":"max-image-preview:large","max-video-preview":"max-video-preview:-1"},"canonical":"https:\/\/www.biopapa.de\/lt\/producte\/ekologiski-ramuneliu-ziedai\/","og_locale":"lt_LT","og_type":"article","og_title":"Ekologi\u0161ki ramun\u0117li\u0173 \u017eiedai - Biopapa","og_description":"Da\u017eniausiai ramun\u0117l\u0117s ruo\u0161iamos kaip arbata, ta\u010diau jas taip pat galima naudoti vonios u\u017epiluose, kompresuose ar nam\u0173 gamybos gro\u017eio produktuose, siekiant raminamojo poveikio.","og_url":"https:\/\/www.biopapa.de\/lt\/producte\/ekologiski-ramuneliu-ziedai\/","og_site_name":"Biopapa","article_publisher":"https:\/\/www.facebook.com\/biopapa.lt","article_modified_time":"2026-02-12T09:32:39+00:00","og_image":[{"width":800,"height":640,"url":"https:\/\/www.biopapa.de\/wp-content\/uploads\/2022\/03\/ramuneles.png","type":"image\/png"}],"twitter_card":"summary_large_image","twitter_misc":{"Est. reading time":"1 minut\u0117"},"schema":{"@context":"https:\/\/schema.org","@graph":[{"@type":"WebPage","@id":"https:\/\/www.biopapa.de\/lt\/producte\/ekologiski-ramuneliu-ziedai\/","url":"https:\/\/www.biopapa.de\/lt\/producte\/ekologiski-ramuneliu-ziedai\/","name":"Ekologi\u0161ki ramun\u0117li\u0173 \u017eiedai - Biopapa","isPartOf":{"@id":"https:\/\/www.biopapa.de\/lt\/#website"},"primaryImageOfPage":{"@id":"https:\/\/www.biopapa.de\/lt\/producte\/ekologiski-ramuneliu-ziedai\/#primaryimage"},"image":{"@id":"https:\/\/www.biopapa.de\/lt\/producte\/ekologiski-ramuneliu-ziedai\/#primaryimage"},"thumbnailUrl":"https:\/\/www.biopapa.de\/wp-content\/uploads\/2022\/03\/ramuneles.png","datePublished":"2022-03-15T20:35:48+00:00","dateModified":"2026-02-12T09:32:39+00:00","description":"Da\u017eniausiai ramun\u0117l\u0117s ruo\u0161iamos kaip arbata, ta\u010diau jas taip pat galima naudoti vonios u\u017epiluose, kompresuose ar nam\u0173 gamybos gro\u017eio produktuose, siekiant raminamojo poveikio.","breadcrumb":{"@id":"https:\/\/www.biopapa.de\/lt\/producte\/ekologiski-ramuneliu-ziedai\/#breadcrumb"},"inLanguage":"lt-LT","potentialAction":[{"@type":"ReadAction","target":["https:\/\/www.biopapa.de\/lt\/producte\/ekologiski-ramuneliu-ziedai\/"]}]},{"@type":"ImageObject","inLanguage":"lt-LT","@id":"https:\/\/www.biopapa.de\/lt\/producte\/ekologiski-ramuneliu-ziedai\/#primaryimage","url":"https:\/\/www.biopapa.de\/wp-content\/uploads\/2022\/03\/ramuneles.png","contentUrl":"https:\/\/www.biopapa.de\/wp-content\/uploads\/2022\/03\/ramuneles.png","width":800,"height":640,"caption":"Ekologi\u0161ki ramun\u0117li\u0173 \u017eiedai"},{"@type":"BreadcrumbList","@id":"https:\/\/www.biopapa.de\/lt\/producte\/ekologiski-ramuneliu-ziedai\/#breadcrumb","itemListElement":[{"@type":"ListItem","position":1,"name":"Home","item":"https:\/\/www.biopapa.de\/lt\/"},{"@type":"ListItem","position":2,"name":"Parduotuv\u0117","item":"https:\/\/www.biopapa.de\/parduotuve\/"},{"@type":"ListItem","position":3,"name":"Ekologi\u0161ki ramun\u0117li\u0173 \u017eiedai"}]},{"@type":"WebSite","@id":"https:\/\/www.biopapa.de\/lt\/#website","url":"https:\/\/www.biopapa.de\/lt\/","name":"Biopapa","description":"\u0160var\u016bs ekologi\u0161ki produktai","publisher":{"@id":"https:\/\/www.biopapa.de\/lt\/#organization"},"potentialAction":[{"@type":"SearchAction","target":{"@type":"EntryPoint","urlTemplate":"https:\/\/www.biopapa.de\/lt\/?s={search_term_string}"},"query-input":{"@type":"PropertyValueSpecification","valueRequired":true,"valueName":"search_term_string"}}],"inLanguage":"lt-LT"},{"@type":"Organization","@id":"https:\/\/www.biopapa.de\/lt\/#organization","name":"Biopapa","url":"https:\/\/www.biopapa.de\/lt\/","logo":{"@type":"ImageObject","inLanguage":"lt-LT","@id":"https:\/\/www.biopapa.de\/lt\/#\/schema\/logo\/image\/","url":"https:\/\/www.biopapa.lt\/wp-content\/uploads\/2022\/04\/facebook_biopapa.jpg","contentUrl":"https:\/\/www.biopapa.lt\/wp-content\/uploads\/2022\/04\/facebook_biopapa.jpg","width":1733,"height":907,"caption":"Biopapa"},"image":{"@id":"https:\/\/www.biopapa.de\/lt\/#\/schema\/logo\/image\/"},"sameAs":["https:\/\/www.facebook.com\/biopapa.lt"]}]}},"_links":{"self":[{"href":"https:\/\/www.biopapa.de\/lt\/wp-json\/wp\/v2\/product\/17278","targetHints":{"allow":["GET"]}}],"collection":[{"href":"https:\/\/www.biopapa.de\/lt\/wp-json\/wp\/v2\/product"}],"about":[{"href":"https:\/\/www.biopapa.de\/lt\/wp-json\/wp\/v2\/types\/product"}],"wp:featuredmedia":[{"embeddable":true,"href":"https:\/\/www.biopapa.de\/lt\/wp-json\/wp\/v2\/media\/21831"}],"wp:attachment":[{"href":"https:\/\/www.biopapa.de\/lt\/wp-json\/wp\/v2\/media?parent=17278"}],"wp:term":[{"taxonomy":"product_brand","embeddable":true,"href":"https:\/\/www.biopapa.de\/lt\/wp-json\/wp\/v2\/product_brand?post=17278"},{"taxonomy":"product_cat","embeddable":true,"href":"https:\/\/www.biopapa.de\/lt\/wp-json\/wp\/v2\/product_cat?post=17278"},{"taxonomy":"product_tag","embeddable":true,"href":"https:\/\/www.biopapa.de\/lt\/wp-json\/wp\/v2\/product_tag?post=17278"}],"curies":[{"name":"wp","href":"https:\/\/api.w.org\/{rel}","templated":true}]}}