{"id":17294,"date":"2022-03-15T22:45:35","date_gmt":"2022-03-15T20:45:35","guid":{"rendered":"https:\/\/www.biopapa.lt\/?post_type=product&#038;p=17294"},"modified":"2026-04-21T14:05:32","modified_gmt":"2026-04-21T11:05:32","slug":"ekologiska-kinroziu-arbata-hibiskus","status":"publish","type":"product","link":"https:\/\/www.biopapa.de\/lt\/producte\/ekologiska-kinroziu-arbata-hibiskus\/","title":{"rendered":"Ekologi\u0161ka kinro\u017ei\u0173 arbata (Hibiskus)"},"content":{"rendered":"<p><strong>Ekologi\u0161ka kinro\u017ei\u0173 arbata (Hibiskus)<\/strong><br \/>\nKinro\u017ei\u0173 \u017eiedai suteikia g\u0117rimui gra\u017ei\u0105 rubino spalv\u0105 ir gaiv\u0173, r\u016bg\u0161t\u0173 skon\u012f. Arbata teigiamai veikia kraujagysli\u0173 ir ven\u0173 b\u016bkl\u0119, energizuoja ir stiprina organizm\u0105. Kinro\u017ei\u0173 u\u017epiluose n\u0117ra kofeino ir teino, tod\u0117l arbatos galima gerti neribot\u0105 kiek\u012f, bet kuriuo paros metu.<\/p>\n<p>Kinro\u017ei\u0173 \u017eiedai istori\u0161kai buvo naudojami \u012fvairiose kult\u016brose medicininiais, kulinariniais ir ceremoniniais tikslais.<br \/>\nSenov\u0117s Egipte kinro\u017ei\u0173 \u017eied\u0173 arbata\u00a0karkade\u00a0buvo vertinama d\u0117l savo v\u0117sinan\u010di\u0173 ir diuretini\u0173 savybi\u0173, da\u017enai vartojama k\u016bno temperat\u016brai ma\u017einti.<br \/>\nAfrikoje, ypa\u010d Vakar\u0173 Afrikoje, jis buvo naudojama g\u0117rimuose, tokiuose kaip\u00a0bissap, siekiant palaikyti hidratacij\u0105 ir bendr\u0105 sveikat\u0105.<br \/>\nTradicin\u0117je kin\u0173 ir ajurvedin\u0117je medicinoje kinro\u017ei\u0173 \u017eiedai buvo vartojami vir\u0161kinimui gerinti, \u0161irdies sveikatai palaikyti ir kraujosp\u016bd\u017eiui ma\u017einti.<br \/>\nKarib\u0173 ir Lotyn\u0173 Amerikoje jie da\u017enai buvo naudojami paruo\u0161ti arbat\u0105 ar sirupus, susijusius su \u0161ventiniais bei gydomaisiais tikslais.<br \/>\nBe to, kai kuriose kult\u016brose kinro\u017ei\u0173 \u017eiedai simbolizavo gro\u017e\u012f, meil\u0119 ir moteri\u0161kum\u0105, da\u017enai buvo naudojami ritualuose ir dekoracijose.<\/p>\n<p><em>PASTABA. \u010cia pateikta informacija negali b\u016bti interpretuojama kaip gydymo ar kitokio pob\u016bd\u017eio sveikatos klausim\u0173 sprendimo rekomendacija.<\/em><br \/>\n<em>Raginame sprendimus, susijusius su asmenine sveikata, priimti asmeni\u0161kai, \u012fvertinus \u012fvairius informacijos \u0161altinius.<\/em><\/p>\n","protected":false},"excerpt":{"rendered":"<p>Ekologi\u0161ka kinro\u017ei\u0173 arbata (Hibiskus) Kinro\u017ei\u0173 \u017eiedai suteikia g\u0117rimui gra\u017ei\u0105 rubino spalv\u0105 ir gaiv\u0173, r\u016bg\u0161t\u0173 skon\u012f. Arbata teigiamai veikia kraujagysli\u0173 ir<\/p>\n","protected":false},"featured_media":18353,"template":"","meta":{"_acf_changed":false},"product_brand":[],"product_cat":[1907,1265],"product_tag":[1378],"class_list":{"0":"post-17294","1":"product","2":"type-product","3":"status-publish","4":"has-post-thumbnail","6":"product_cat-arbata","7":"product_cat-ekologiska-kakava-arbata-kava","8":"product_tag-veganams","9":"pa_svoris-1-kg","10":"pa_svoris-100-g","11":"pa_svoris-200-g","12":"pa_svoris-25-g","13":"pa_svoris-300-g","14":"pa_svoris-400-g","15":"pa_svoris-5-kg","16":"pa_svoris-50-g","17":"pa_svoris-500-g","19":"first","20":"instock","21":"shipping-taxable","22":"purchasable","23":"product-type-variable"},"acf":[],"yoast_head":"<!-- This site is optimized with the Yoast SEO plugin v27.5 - https:\/\/yoast.com\/product\/yoast-seo-wordpress\/ -->\n<title>Ekologi\u0161ka kinro\u017ei\u0173 arbata (Hibiskus) - Biopapa<\/title>\n<meta name=\"description\" content=\"Kinro\u017ei\u0173 \u017eiedai istori\u0161kai buvo naudojami \u012fvairiose kult\u016brose medicininiais, kulinariniais ir ceremoniniais tikslais.\" \/>\n<meta name=\"robots\" content=\"index, follow, max-snippet:-1, max-image-preview:large, max-video-preview:-1\" \/>\n<link rel=\"canonical\" href=\"https:\/\/www.biopapa.de\/lt\/producte\/ekologiska-kinroziu-arbata-hibiskus\/\" \/>\n<meta property=\"og:locale\" content=\"lt_LT\" \/>\n<meta property=\"og:type\" content=\"article\" \/>\n<meta property=\"og:title\" content=\"Ekologi\u0161ka kinro\u017ei\u0173 arbata (Hibiskus) - Biopapa\" \/>\n<meta property=\"og:description\" content=\"Kinro\u017ei\u0173 \u017eiedai istori\u0161kai buvo naudojami \u012fvairiose kult\u016brose medicininiais, kulinariniais ir ceremoniniais tikslais.\" \/>\n<meta property=\"og:url\" content=\"https:\/\/www.biopapa.de\/lt\/producte\/ekologiska-kinroziu-arbata-hibiskus\/\" \/>\n<meta property=\"og:site_name\" content=\"Biopapa\" \/>\n<meta property=\"article:publisher\" content=\"https:\/\/www.facebook.com\/biopapa.lt\" \/>\n<meta property=\"article:modified_time\" content=\"2026-04-21T11:05:32+00:00\" \/>\n<meta property=\"og:image\" content=\"https:\/\/www.biopapa.de\/wp-content\/uploads\/2022\/03\/779A8974-scaled.jpg\" \/>\n\t<meta property=\"og:image:width\" content=\"2560\" \/>\n\t<meta property=\"og:image:height\" content=\"2048\" \/>\n\t<meta property=\"og:image:type\" content=\"image\/jpeg\" \/>\n<meta name=\"twitter:card\" content=\"summary_large_image\" \/>\n<meta name=\"twitter:label1\" content=\"Est. reading time\" \/>\n\t<meta name=\"twitter:data1\" content=\"1 minut\u0117\" \/>\n<script type=\"application\/ld+json\" class=\"yoast-schema-graph\">{\"@context\":\"https:\\\/\\\/schema.org\",\"@graph\":[{\"@type\":\"WebPage\",\"@id\":\"https:\\\/\\\/www.biopapa.de\\\/lt\\\/producte\\\/ekologiska-kinroziu-arbata-hibiskus\\\/\",\"url\":\"https:\\\/\\\/www.biopapa.de\\\/lt\\\/producte\\\/ekologiska-kinroziu-arbata-hibiskus\\\/\",\"name\":\"Ekologi\u0161ka kinro\u017ei\u0173 arbata (Hibiskus) - Biopapa\",\"isPartOf\":{\"@id\":\"https:\\\/\\\/www.biopapa.de\\\/lt\\\/#website\"},\"primaryImageOfPage\":{\"@id\":\"https:\\\/\\\/www.biopapa.de\\\/lt\\\/producte\\\/ekologiska-kinroziu-arbata-hibiskus\\\/#primaryimage\"},\"image\":{\"@id\":\"https:\\\/\\\/www.biopapa.de\\\/lt\\\/producte\\\/ekologiska-kinroziu-arbata-hibiskus\\\/#primaryimage\"},\"thumbnailUrl\":\"https:\\\/\\\/www.biopapa.de\\\/wp-content\\\/uploads\\\/2022\\\/03\\\/779A8974-scaled.jpg\",\"datePublished\":\"2022-03-15T20:45:35+00:00\",\"dateModified\":\"2026-04-21T11:05:32+00:00\",\"description\":\"Kinro\u017ei\u0173 \u017eiedai istori\u0161kai buvo naudojami \u012fvairiose kult\u016brose medicininiais, kulinariniais ir ceremoniniais tikslais.\",\"breadcrumb\":{\"@id\":\"https:\\\/\\\/www.biopapa.de\\\/lt\\\/producte\\\/ekologiska-kinroziu-arbata-hibiskus\\\/#breadcrumb\"},\"inLanguage\":\"lt-LT\",\"potentialAction\":[{\"@type\":\"ReadAction\",\"target\":[\"https:\\\/\\\/www.biopapa.de\\\/lt\\\/producte\\\/ekologiska-kinroziu-arbata-hibiskus\\\/\"]}]},{\"@type\":\"ImageObject\",\"inLanguage\":\"lt-LT\",\"@id\":\"https:\\\/\\\/www.biopapa.de\\\/lt\\\/producte\\\/ekologiska-kinroziu-arbata-hibiskus\\\/#primaryimage\",\"url\":\"https:\\\/\\\/www.biopapa.de\\\/wp-content\\\/uploads\\\/2022\\\/03\\\/779A8974-scaled.jpg\",\"contentUrl\":\"https:\\\/\\\/www.biopapa.de\\\/wp-content\\\/uploads\\\/2022\\\/03\\\/779A8974-scaled.jpg\",\"width\":2560,\"height\":2048,\"caption\":\"Ekologi\u0161ka kinro\u017ei\u0173 arbata (Hibiskus)\"},{\"@type\":\"BreadcrumbList\",\"@id\":\"https:\\\/\\\/www.biopapa.de\\\/lt\\\/producte\\\/ekologiska-kinroziu-arbata-hibiskus\\\/#breadcrumb\",\"itemListElement\":[{\"@type\":\"ListItem\",\"position\":1,\"name\":\"Home\",\"item\":\"https:\\\/\\\/www.biopapa.de\\\/lt\\\/\"},{\"@type\":\"ListItem\",\"position\":2,\"name\":\"Parduotuv\u0117\",\"item\":\"https:\\\/\\\/www.biopapa.de\\\/parduotuve\\\/\"},{\"@type\":\"ListItem\",\"position\":3,\"name\":\"Ekologi\u0161ka kinro\u017ei\u0173 arbata (Hibiskus)\"}]},{\"@type\":\"WebSite\",\"@id\":\"https:\\\/\\\/www.biopapa.de\\\/lt\\\/#website\",\"url\":\"https:\\\/\\\/www.biopapa.de\\\/lt\\\/\",\"name\":\"Biopapa\",\"description\":\"\u0160var\u016bs ekologi\u0161ki produktai\",\"publisher\":{\"@id\":\"https:\\\/\\\/www.biopapa.de\\\/lt\\\/#organization\"},\"potentialAction\":[{\"@type\":\"SearchAction\",\"target\":{\"@type\":\"EntryPoint\",\"urlTemplate\":\"https:\\\/\\\/www.biopapa.de\\\/lt\\\/?s={search_term_string}\"},\"query-input\":{\"@type\":\"PropertyValueSpecification\",\"valueRequired\":true,\"valueName\":\"search_term_string\"}}],\"inLanguage\":\"lt-LT\"},{\"@type\":\"Organization\",\"@id\":\"https:\\\/\\\/www.biopapa.de\\\/lt\\\/#organization\",\"name\":\"Biopapa\",\"url\":\"https:\\\/\\\/www.biopapa.de\\\/lt\\\/\",\"logo\":{\"@type\":\"ImageObject\",\"inLanguage\":\"lt-LT\",\"@id\":\"https:\\\/\\\/www.biopapa.de\\\/lt\\\/#\\\/schema\\\/logo\\\/image\\\/\",\"url\":\"https:\\\/\\\/www.biopapa.lt\\\/wp-content\\\/uploads\\\/2022\\\/04\\\/facebook_biopapa.jpg\",\"contentUrl\":\"https:\\\/\\\/www.biopapa.lt\\\/wp-content\\\/uploads\\\/2022\\\/04\\\/facebook_biopapa.jpg\",\"width\":1733,\"height\":907,\"caption\":\"Biopapa\"},\"image\":{\"@id\":\"https:\\\/\\\/www.biopapa.de\\\/lt\\\/#\\\/schema\\\/logo\\\/image\\\/\"},\"sameAs\":[\"https:\\\/\\\/www.facebook.com\\\/biopapa.lt\"]}]}<\/script>\n<!-- \/ Yoast SEO plugin. -->","yoast_head_json":{"title":"Ekologi\u0161ka kinro\u017ei\u0173 arbata (Hibiskus) - Biopapa","description":"Kinro\u017ei\u0173 \u017eiedai istori\u0161kai buvo naudojami \u012fvairiose kult\u016brose medicininiais, kulinariniais ir ceremoniniais tikslais.","robots":{"index":"index","follow":"follow","max-snippet":"max-snippet:-1","max-image-preview":"max-image-preview:large","max-video-preview":"max-video-preview:-1"},"canonical":"https:\/\/www.biopapa.de\/lt\/producte\/ekologiska-kinroziu-arbata-hibiskus\/","og_locale":"lt_LT","og_type":"article","og_title":"Ekologi\u0161ka kinro\u017ei\u0173 arbata (Hibiskus) - Biopapa","og_description":"Kinro\u017ei\u0173 \u017eiedai istori\u0161kai buvo naudojami \u012fvairiose kult\u016brose medicininiais, kulinariniais ir ceremoniniais tikslais.","og_url":"https:\/\/www.biopapa.de\/lt\/producte\/ekologiska-kinroziu-arbata-hibiskus\/","og_site_name":"Biopapa","article_publisher":"https:\/\/www.facebook.com\/biopapa.lt","article_modified_time":"2026-04-21T11:05:32+00:00","og_image":[{"width":2560,"height":2048,"url":"https:\/\/www.biopapa.de\/wp-content\/uploads\/2022\/03\/779A8974-scaled.jpg","type":"image\/jpeg"}],"twitter_card":"summary_large_image","twitter_misc":{"Est. reading time":"1 minut\u0117"},"schema":{"@context":"https:\/\/schema.org","@graph":[{"@type":"WebPage","@id":"https:\/\/www.biopapa.de\/lt\/producte\/ekologiska-kinroziu-arbata-hibiskus\/","url":"https:\/\/www.biopapa.de\/lt\/producte\/ekologiska-kinroziu-arbata-hibiskus\/","name":"Ekologi\u0161ka kinro\u017ei\u0173 arbata (Hibiskus) - Biopapa","isPartOf":{"@id":"https:\/\/www.biopapa.de\/lt\/#website"},"primaryImageOfPage":{"@id":"https:\/\/www.biopapa.de\/lt\/producte\/ekologiska-kinroziu-arbata-hibiskus\/#primaryimage"},"image":{"@id":"https:\/\/www.biopapa.de\/lt\/producte\/ekologiska-kinroziu-arbata-hibiskus\/#primaryimage"},"thumbnailUrl":"https:\/\/www.biopapa.de\/wp-content\/uploads\/2022\/03\/779A8974-scaled.jpg","datePublished":"2022-03-15T20:45:35+00:00","dateModified":"2026-04-21T11:05:32+00:00","description":"Kinro\u017ei\u0173 \u017eiedai istori\u0161kai buvo naudojami \u012fvairiose kult\u016brose medicininiais, kulinariniais ir ceremoniniais tikslais.","breadcrumb":{"@id":"https:\/\/www.biopapa.de\/lt\/producte\/ekologiska-kinroziu-arbata-hibiskus\/#breadcrumb"},"inLanguage":"lt-LT","potentialAction":[{"@type":"ReadAction","target":["https:\/\/www.biopapa.de\/lt\/producte\/ekologiska-kinroziu-arbata-hibiskus\/"]}]},{"@type":"ImageObject","inLanguage":"lt-LT","@id":"https:\/\/www.biopapa.de\/lt\/producte\/ekologiska-kinroziu-arbata-hibiskus\/#primaryimage","url":"https:\/\/www.biopapa.de\/wp-content\/uploads\/2022\/03\/779A8974-scaled.jpg","contentUrl":"https:\/\/www.biopapa.de\/wp-content\/uploads\/2022\/03\/779A8974-scaled.jpg","width":2560,"height":2048,"caption":"Ekologi\u0161ka kinro\u017ei\u0173 arbata (Hibiskus)"},{"@type":"BreadcrumbList","@id":"https:\/\/www.biopapa.de\/lt\/producte\/ekologiska-kinroziu-arbata-hibiskus\/#breadcrumb","itemListElement":[{"@type":"ListItem","position":1,"name":"Home","item":"https:\/\/www.biopapa.de\/lt\/"},{"@type":"ListItem","position":2,"name":"Parduotuv\u0117","item":"https:\/\/www.biopapa.de\/parduotuve\/"},{"@type":"ListItem","position":3,"name":"Ekologi\u0161ka kinro\u017ei\u0173 arbata (Hibiskus)"}]},{"@type":"WebSite","@id":"https:\/\/www.biopapa.de\/lt\/#website","url":"https:\/\/www.biopapa.de\/lt\/","name":"Biopapa","description":"\u0160var\u016bs ekologi\u0161ki produktai","publisher":{"@id":"https:\/\/www.biopapa.de\/lt\/#organization"},"potentialAction":[{"@type":"SearchAction","target":{"@type":"EntryPoint","urlTemplate":"https:\/\/www.biopapa.de\/lt\/?s={search_term_string}"},"query-input":{"@type":"PropertyValueSpecification","valueRequired":true,"valueName":"search_term_string"}}],"inLanguage":"lt-LT"},{"@type":"Organization","@id":"https:\/\/www.biopapa.de\/lt\/#organization","name":"Biopapa","url":"https:\/\/www.biopapa.de\/lt\/","logo":{"@type":"ImageObject","inLanguage":"lt-LT","@id":"https:\/\/www.biopapa.de\/lt\/#\/schema\/logo\/image\/","url":"https:\/\/www.biopapa.lt\/wp-content\/uploads\/2022\/04\/facebook_biopapa.jpg","contentUrl":"https:\/\/www.biopapa.lt\/wp-content\/uploads\/2022\/04\/facebook_biopapa.jpg","width":1733,"height":907,"caption":"Biopapa"},"image":{"@id":"https:\/\/www.biopapa.de\/lt\/#\/schema\/logo\/image\/"},"sameAs":["https:\/\/www.facebook.com\/biopapa.lt"]}]}},"_links":{"self":[{"href":"https:\/\/www.biopapa.de\/lt\/wp-json\/wp\/v2\/product\/17294","targetHints":{"allow":["GET"]}}],"collection":[{"href":"https:\/\/www.biopapa.de\/lt\/wp-json\/wp\/v2\/product"}],"about":[{"href":"https:\/\/www.biopapa.de\/lt\/wp-json\/wp\/v2\/types\/product"}],"wp:featuredmedia":[{"embeddable":true,"href":"https:\/\/www.biopapa.de\/lt\/wp-json\/wp\/v2\/media\/18353"}],"wp:attachment":[{"href":"https:\/\/www.biopapa.de\/lt\/wp-json\/wp\/v2\/media?parent=17294"}],"wp:term":[{"taxonomy":"product_brand","embeddable":true,"href":"https:\/\/www.biopapa.de\/lt\/wp-json\/wp\/v2\/product_brand?post=17294"},{"taxonomy":"product_cat","embeddable":true,"href":"https:\/\/www.biopapa.de\/lt\/wp-json\/wp\/v2\/product_cat?post=17294"},{"taxonomy":"product_tag","embeddable":true,"href":"https:\/\/www.biopapa.de\/lt\/wp-json\/wp\/v2\/product_tag?post=17294"}],"curies":[{"name":"wp","href":"https:\/\/api.w.org\/{rel}","templated":true}]}}