{"id":17310,"date":"2022-09-22T22:52:17","date_gmt":"2022-09-22T19:52:17","guid":{"rendered":"https:\/\/www.biopapa.lt\/?post_type=product&#038;p=17310"},"modified":"2025-01-03T14:07:36","modified_gmt":"2025-01-03T12:07:36","slug":"ekologiski-kukuruzu-ir-ryziu-makaronai-vaikams","status":"publish","type":"product","link":"https:\/\/www.biopapa.de\/lt\/producte\/ekologiski-kukuruzu-ir-ryziu-makaronai-vaikams\/","title":{"rendered":"Ekologi\u0161ki kukur\u016bz\u0173 ir ry\u017ei\u0173 makaronai vaikams"},"content":{"rendered":"<p>Dinozauriukai l\u0117k\u0161t\u0117je! \u0160ie ekologi\u0161ki kukur\u016bz\u0173 ir ry\u017ei\u0173 milt\u0173 makaronai vaikams prad\u017eiugins tiek ma\u017euosius, tiek suaugusius vaikus. Skani, sveika alternatyva norintiems pakeisti glitimo turin\u010dius makaronus. Praturtinti baltymais ir skaidulomis.<\/p>\n<p>Tereikia suberti dinozauriukus \u012f verdant\u012f pas\u016bdyt\u0105 vanden\u012f (100 g produkto: 1 l vandens, rekomenduojama su 1 arbatiniu \u0161auk\u0161teliu druskos) u\u017edenkite ir palikite virti vis pamai\u0161ydami, kol pasieksite norim\u0105 mink\u0161tum\u0105, nusunkite ir leiskite gerai nuvarv\u0117ti. Gardinkite pasirinktu aliejumi, \u0161vie\u017eiomis ar d\u017eiovintomis \u017eolel\u0117mis, ar m\u016bs\u0173 parduodamais pesto, ekologi\u0161ku pomidor\u0173 ar kitais pada\u017eais.<\/p>\n<p>Skanaus!<\/p>\n","protected":false},"excerpt":{"rendered":"<p>Dinozauriukai l\u0117k\u0161t\u0117je! \u0160ie ekologi\u0161ki kukur\u016bz\u0173 ir ry\u017ei\u0173 milt\u0173 makaronai vaikams prad\u017eiugins tiek ma\u017euosius, tiek suaugusius vaikus. Skani, sveika alternatyva norintiems<\/p>\n","protected":false},"featured_media":18362,"template":"","meta":{"_acf_changed":false},"product_brand":[],"product_cat":[1366],"product_tag":[1431,1378],"class_list":{"0":"post-17310","1":"product","2":"type-product","3":"status-publish","4":"has-post-thumbnail","6":"product_cat-ekologiski-makaronai","7":"product_tag-glitimo-alternatyva","8":"product_tag-veganams","9":"pa_svoris-1-kg","10":"pa_svoris-100-g","11":"pa_svoris-200-g","12":"pa_svoris-300-g","13":"pa_svoris-400-g","14":"pa_svoris-5-kg","15":"pa_svoris-500-g","17":"first","18":"instock","19":"shipping-taxable","20":"purchasable","21":"product-type-variable"},"acf":[],"yoast_head":"<!-- This site is optimized with the Yoast SEO plugin v27.5 - https:\/\/yoast.com\/product\/yoast-seo-wordpress\/ -->\n<title>Ekologi\u0161ki kukur\u016bz\u0173 ir ry\u017ei\u0173 makaronai vaikams - Biopapa<\/title>\n<meta name=\"description\" content=\"\u0160ie ekologi\u0161ki kukur\u016bz\u0173 ir ry\u017ei\u0173 milt\u0173 makaronai vaikams prad\u017eiugins tiek ma\u017euosius, tiek suaugusius vaikus.\" \/>\n<meta name=\"robots\" content=\"index, follow, max-snippet:-1, max-image-preview:large, max-video-preview:-1\" \/>\n<link rel=\"canonical\" href=\"https:\/\/www.biopapa.de\/lt\/producte\/ekologiski-kukuruzu-ir-ryziu-makaronai-vaikams\/\" \/>\n<meta property=\"og:locale\" content=\"lt_LT\" \/>\n<meta property=\"og:type\" content=\"article\" \/>\n<meta property=\"og:title\" content=\"Ekologi\u0161ki kukur\u016bz\u0173 ir ry\u017ei\u0173 makaronai vaikams - Biopapa\" \/>\n<meta property=\"og:description\" content=\"\u0160ie ekologi\u0161ki kukur\u016bz\u0173 ir ry\u017ei\u0173 milt\u0173 makaronai vaikams prad\u017eiugins tiek ma\u017euosius, tiek suaugusius vaikus.\" \/>\n<meta property=\"og:url\" content=\"https:\/\/www.biopapa.de\/lt\/producte\/ekologiski-kukuruzu-ir-ryziu-makaronai-vaikams\/\" \/>\n<meta property=\"og:site_name\" content=\"Biopapa\" \/>\n<meta property=\"article:publisher\" content=\"https:\/\/www.facebook.com\/biopapa.lt\" \/>\n<meta property=\"article:modified_time\" content=\"2025-01-03T12:07:36+00:00\" \/>\n<meta property=\"og:image\" content=\"https:\/\/www.biopapa.de\/wp-content\/uploads\/2022\/03\/779A9001-scaled.jpg\" \/>\n\t<meta property=\"og:image:width\" content=\"2560\" \/>\n\t<meta property=\"og:image:height\" content=\"2048\" \/>\n\t<meta property=\"og:image:type\" content=\"image\/jpeg\" \/>\n<meta name=\"twitter:card\" content=\"summary_large_image\" \/>\n<script type=\"application\/ld+json\" class=\"yoast-schema-graph\">{\"@context\":\"https:\\\/\\\/schema.org\",\"@graph\":[{\"@type\":\"WebPage\",\"@id\":\"https:\\\/\\\/www.biopapa.de\\\/lt\\\/producte\\\/ekologiski-kukuruzu-ir-ryziu-makaronai-vaikams\\\/\",\"url\":\"https:\\\/\\\/www.biopapa.de\\\/lt\\\/producte\\\/ekologiski-kukuruzu-ir-ryziu-makaronai-vaikams\\\/\",\"name\":\"Ekologi\u0161ki kukur\u016bz\u0173 ir ry\u017ei\u0173 makaronai vaikams - Biopapa\",\"isPartOf\":{\"@id\":\"https:\\\/\\\/www.biopapa.de\\\/lt\\\/#website\"},\"primaryImageOfPage\":{\"@id\":\"https:\\\/\\\/www.biopapa.de\\\/lt\\\/producte\\\/ekologiski-kukuruzu-ir-ryziu-makaronai-vaikams\\\/#primaryimage\"},\"image\":{\"@id\":\"https:\\\/\\\/www.biopapa.de\\\/lt\\\/producte\\\/ekologiski-kukuruzu-ir-ryziu-makaronai-vaikams\\\/#primaryimage\"},\"thumbnailUrl\":\"https:\\\/\\\/www.biopapa.de\\\/wp-content\\\/uploads\\\/2022\\\/03\\\/779A9001-scaled.jpg\",\"datePublished\":\"2022-09-22T19:52:17+00:00\",\"dateModified\":\"2025-01-03T12:07:36+00:00\",\"description\":\"\u0160ie ekologi\u0161ki kukur\u016bz\u0173 ir ry\u017ei\u0173 milt\u0173 makaronai vaikams prad\u017eiugins tiek ma\u017euosius, tiek suaugusius vaikus.\",\"breadcrumb\":{\"@id\":\"https:\\\/\\\/www.biopapa.de\\\/lt\\\/producte\\\/ekologiski-kukuruzu-ir-ryziu-makaronai-vaikams\\\/#breadcrumb\"},\"inLanguage\":\"lt-LT\",\"potentialAction\":[{\"@type\":\"ReadAction\",\"target\":[\"https:\\\/\\\/www.biopapa.de\\\/lt\\\/producte\\\/ekologiski-kukuruzu-ir-ryziu-makaronai-vaikams\\\/\"]}]},{\"@type\":\"ImageObject\",\"inLanguage\":\"lt-LT\",\"@id\":\"https:\\\/\\\/www.biopapa.de\\\/lt\\\/producte\\\/ekologiski-kukuruzu-ir-ryziu-makaronai-vaikams\\\/#primaryimage\",\"url\":\"https:\\\/\\\/www.biopapa.de\\\/wp-content\\\/uploads\\\/2022\\\/03\\\/779A9001-scaled.jpg\",\"contentUrl\":\"https:\\\/\\\/www.biopapa.de\\\/wp-content\\\/uploads\\\/2022\\\/03\\\/779A9001-scaled.jpg\",\"width\":2560,\"height\":2048,\"caption\":\"Ekologi\u0161ki makaronai, be glitimo\"},{\"@type\":\"BreadcrumbList\",\"@id\":\"https:\\\/\\\/www.biopapa.de\\\/lt\\\/producte\\\/ekologiski-kukuruzu-ir-ryziu-makaronai-vaikams\\\/#breadcrumb\",\"itemListElement\":[{\"@type\":\"ListItem\",\"position\":1,\"name\":\"Home\",\"item\":\"https:\\\/\\\/www.biopapa.de\\\/lt\\\/\"},{\"@type\":\"ListItem\",\"position\":2,\"name\":\"Parduotuv\u0117\",\"item\":\"https:\\\/\\\/www.biopapa.de\\\/parduotuve\\\/\"},{\"@type\":\"ListItem\",\"position\":3,\"name\":\"Ekologi\u0161ki kukur\u016bz\u0173 ir ry\u017ei\u0173 makaronai vaikams\"}]},{\"@type\":\"WebSite\",\"@id\":\"https:\\\/\\\/www.biopapa.de\\\/lt\\\/#website\",\"url\":\"https:\\\/\\\/www.biopapa.de\\\/lt\\\/\",\"name\":\"Biopapa\",\"description\":\"\u0160var\u016bs ekologi\u0161ki produktai\",\"publisher\":{\"@id\":\"https:\\\/\\\/www.biopapa.de\\\/lt\\\/#organization\"},\"potentialAction\":[{\"@type\":\"SearchAction\",\"target\":{\"@type\":\"EntryPoint\",\"urlTemplate\":\"https:\\\/\\\/www.biopapa.de\\\/lt\\\/?s={search_term_string}\"},\"query-input\":{\"@type\":\"PropertyValueSpecification\",\"valueRequired\":true,\"valueName\":\"search_term_string\"}}],\"inLanguage\":\"lt-LT\"},{\"@type\":\"Organization\",\"@id\":\"https:\\\/\\\/www.biopapa.de\\\/lt\\\/#organization\",\"name\":\"Biopapa\",\"url\":\"https:\\\/\\\/www.biopapa.de\\\/lt\\\/\",\"logo\":{\"@type\":\"ImageObject\",\"inLanguage\":\"lt-LT\",\"@id\":\"https:\\\/\\\/www.biopapa.de\\\/lt\\\/#\\\/schema\\\/logo\\\/image\\\/\",\"url\":\"https:\\\/\\\/www.biopapa.lt\\\/wp-content\\\/uploads\\\/2022\\\/04\\\/facebook_biopapa.jpg\",\"contentUrl\":\"https:\\\/\\\/www.biopapa.lt\\\/wp-content\\\/uploads\\\/2022\\\/04\\\/facebook_biopapa.jpg\",\"width\":1733,\"height\":907,\"caption\":\"Biopapa\"},\"image\":{\"@id\":\"https:\\\/\\\/www.biopapa.de\\\/lt\\\/#\\\/schema\\\/logo\\\/image\\\/\"},\"sameAs\":[\"https:\\\/\\\/www.facebook.com\\\/biopapa.lt\"]}]}<\/script>\n<!-- \/ Yoast SEO plugin. -->","yoast_head_json":{"title":"Ekologi\u0161ki kukur\u016bz\u0173 ir ry\u017ei\u0173 makaronai vaikams - Biopapa","description":"\u0160ie ekologi\u0161ki kukur\u016bz\u0173 ir ry\u017ei\u0173 milt\u0173 makaronai vaikams prad\u017eiugins tiek ma\u017euosius, tiek suaugusius vaikus.","robots":{"index":"index","follow":"follow","max-snippet":"max-snippet:-1","max-image-preview":"max-image-preview:large","max-video-preview":"max-video-preview:-1"},"canonical":"https:\/\/www.biopapa.de\/lt\/producte\/ekologiski-kukuruzu-ir-ryziu-makaronai-vaikams\/","og_locale":"lt_LT","og_type":"article","og_title":"Ekologi\u0161ki kukur\u016bz\u0173 ir ry\u017ei\u0173 makaronai vaikams - Biopapa","og_description":"\u0160ie ekologi\u0161ki kukur\u016bz\u0173 ir ry\u017ei\u0173 milt\u0173 makaronai vaikams prad\u017eiugins tiek ma\u017euosius, tiek suaugusius vaikus.","og_url":"https:\/\/www.biopapa.de\/lt\/producte\/ekologiski-kukuruzu-ir-ryziu-makaronai-vaikams\/","og_site_name":"Biopapa","article_publisher":"https:\/\/www.facebook.com\/biopapa.lt","article_modified_time":"2025-01-03T12:07:36+00:00","og_image":[{"width":2560,"height":2048,"url":"https:\/\/www.biopapa.de\/wp-content\/uploads\/2022\/03\/779A9001-scaled.jpg","type":"image\/jpeg"}],"twitter_card":"summary_large_image","schema":{"@context":"https:\/\/schema.org","@graph":[{"@type":"WebPage","@id":"https:\/\/www.biopapa.de\/lt\/producte\/ekologiski-kukuruzu-ir-ryziu-makaronai-vaikams\/","url":"https:\/\/www.biopapa.de\/lt\/producte\/ekologiski-kukuruzu-ir-ryziu-makaronai-vaikams\/","name":"Ekologi\u0161ki kukur\u016bz\u0173 ir ry\u017ei\u0173 makaronai vaikams - Biopapa","isPartOf":{"@id":"https:\/\/www.biopapa.de\/lt\/#website"},"primaryImageOfPage":{"@id":"https:\/\/www.biopapa.de\/lt\/producte\/ekologiski-kukuruzu-ir-ryziu-makaronai-vaikams\/#primaryimage"},"image":{"@id":"https:\/\/www.biopapa.de\/lt\/producte\/ekologiski-kukuruzu-ir-ryziu-makaronai-vaikams\/#primaryimage"},"thumbnailUrl":"https:\/\/www.biopapa.de\/wp-content\/uploads\/2022\/03\/779A9001-scaled.jpg","datePublished":"2022-09-22T19:52:17+00:00","dateModified":"2025-01-03T12:07:36+00:00","description":"\u0160ie ekologi\u0161ki kukur\u016bz\u0173 ir ry\u017ei\u0173 milt\u0173 makaronai vaikams prad\u017eiugins tiek ma\u017euosius, tiek suaugusius vaikus.","breadcrumb":{"@id":"https:\/\/www.biopapa.de\/lt\/producte\/ekologiski-kukuruzu-ir-ryziu-makaronai-vaikams\/#breadcrumb"},"inLanguage":"lt-LT","potentialAction":[{"@type":"ReadAction","target":["https:\/\/www.biopapa.de\/lt\/producte\/ekologiski-kukuruzu-ir-ryziu-makaronai-vaikams\/"]}]},{"@type":"ImageObject","inLanguage":"lt-LT","@id":"https:\/\/www.biopapa.de\/lt\/producte\/ekologiski-kukuruzu-ir-ryziu-makaronai-vaikams\/#primaryimage","url":"https:\/\/www.biopapa.de\/wp-content\/uploads\/2022\/03\/779A9001-scaled.jpg","contentUrl":"https:\/\/www.biopapa.de\/wp-content\/uploads\/2022\/03\/779A9001-scaled.jpg","width":2560,"height":2048,"caption":"Ekologi\u0161ki makaronai, be glitimo"},{"@type":"BreadcrumbList","@id":"https:\/\/www.biopapa.de\/lt\/producte\/ekologiski-kukuruzu-ir-ryziu-makaronai-vaikams\/#breadcrumb","itemListElement":[{"@type":"ListItem","position":1,"name":"Home","item":"https:\/\/www.biopapa.de\/lt\/"},{"@type":"ListItem","position":2,"name":"Parduotuv\u0117","item":"https:\/\/www.biopapa.de\/parduotuve\/"},{"@type":"ListItem","position":3,"name":"Ekologi\u0161ki kukur\u016bz\u0173 ir ry\u017ei\u0173 makaronai vaikams"}]},{"@type":"WebSite","@id":"https:\/\/www.biopapa.de\/lt\/#website","url":"https:\/\/www.biopapa.de\/lt\/","name":"Biopapa","description":"\u0160var\u016bs ekologi\u0161ki produktai","publisher":{"@id":"https:\/\/www.biopapa.de\/lt\/#organization"},"potentialAction":[{"@type":"SearchAction","target":{"@type":"EntryPoint","urlTemplate":"https:\/\/www.biopapa.de\/lt\/?s={search_term_string}"},"query-input":{"@type":"PropertyValueSpecification","valueRequired":true,"valueName":"search_term_string"}}],"inLanguage":"lt-LT"},{"@type":"Organization","@id":"https:\/\/www.biopapa.de\/lt\/#organization","name":"Biopapa","url":"https:\/\/www.biopapa.de\/lt\/","logo":{"@type":"ImageObject","inLanguage":"lt-LT","@id":"https:\/\/www.biopapa.de\/lt\/#\/schema\/logo\/image\/","url":"https:\/\/www.biopapa.lt\/wp-content\/uploads\/2022\/04\/facebook_biopapa.jpg","contentUrl":"https:\/\/www.biopapa.lt\/wp-content\/uploads\/2022\/04\/facebook_biopapa.jpg","width":1733,"height":907,"caption":"Biopapa"},"image":{"@id":"https:\/\/www.biopapa.de\/lt\/#\/schema\/logo\/image\/"},"sameAs":["https:\/\/www.facebook.com\/biopapa.lt"]}]}},"_links":{"self":[{"href":"https:\/\/www.biopapa.de\/lt\/wp-json\/wp\/v2\/product\/17310","targetHints":{"allow":["GET"]}}],"collection":[{"href":"https:\/\/www.biopapa.de\/lt\/wp-json\/wp\/v2\/product"}],"about":[{"href":"https:\/\/www.biopapa.de\/lt\/wp-json\/wp\/v2\/types\/product"}],"wp:featuredmedia":[{"embeddable":true,"href":"https:\/\/www.biopapa.de\/lt\/wp-json\/wp\/v2\/media\/18362"}],"wp:attachment":[{"href":"https:\/\/www.biopapa.de\/lt\/wp-json\/wp\/v2\/media?parent=17310"}],"wp:term":[{"taxonomy":"product_brand","embeddable":true,"href":"https:\/\/www.biopapa.de\/lt\/wp-json\/wp\/v2\/product_brand?post=17310"},{"taxonomy":"product_cat","embeddable":true,"href":"https:\/\/www.biopapa.de\/lt\/wp-json\/wp\/v2\/product_cat?post=17310"},{"taxonomy":"product_tag","embeddable":true,"href":"https:\/\/www.biopapa.de\/lt\/wp-json\/wp\/v2\/product_tag?post=17310"}],"curies":[{"name":"wp","href":"https:\/\/api.w.org\/{rel}","templated":true}]}}