{"id":17317,"date":"2022-03-15T23:06:40","date_gmt":"2022-03-15T21:06:40","guid":{"rendered":"https:\/\/www.biopapa.lt\/?post_type=product&#038;p=17317"},"modified":"2026-02-27T16:37:06","modified_gmt":"2026-02-27T14:37:06","slug":"ekologiski-auksiniu-linu-semenys","status":"publish","type":"product","link":"https:\/\/www.biopapa.de\/lt\/producte\/ekologiski-auksiniu-linu-semenys\/","title":{"rendered":"Ekologi\u0161ki auksini\u0173 lin\u0173 s\u0117menys"},"content":{"rendered":"<p><strong>Auksini\u0173 lin\u0173 s\u0117klos<\/strong> yra labai vertinamos d\u0117l j\u0173 sveikat\u0105 gerinan\u010di\u0173 savybi\u0173, vis\u0173 pirma d\u0117l turtingo omega-3 riebal\u0173 r\u016bg\u0161\u010di\u0173, skaidul\u0173 ir lignan\u0173 kiekio. Auksini\u0173 lin\u0173 s\u0117klos taip pat si\u016blo gausyb\u0119 antioksidant\u0173, vitamin\u0173 ir mineral\u0173.<\/p>\n<p>Kalbant apie j\u0173 naudojim\u0105, jos yra nepaprastai universalios: lin\u0173 s\u0117kl\u0173 miltai gali b\u016bti dedami \u012f kokteilius, jogurt\u0105, avi\u017eines ko\u0161es ir kepinius, sausus pusry\u010dius, siekiant padidinti maistin\u0119 vert\u0119. J\u0173 \u0161velnus, rie\u0161ut\u0173 skonis praturtina \u012fvairius patiekalus. Svarbu vartoti jas su pakankamu kiekiu vandens, kad b\u016bt\u0173 palengvintas vir\u0161kinimas ir maistini\u0173 med\u017eiag\u0173 \u012fsisavinimas.<br \/>\nTinka kaip tir\u0161tiklis pada\u017eams ir g\u0117rimams.<br \/>\nRekomenduojama \u012f kepini\u0173 te\u0161l\u0105 d\u0117ti 10\u201320% lin\u0173 s\u0117men\u0173 milt\u0173.<br \/>\nKadangi \u0161ie miltai itin sugeria vanden\u012f, receptuose atitinkamai reikia padidinti skys\u010di\u0173 kiek\u012f.<\/p>\n<p><em>PASTABA. \u010cia pateikta informacija negali b\u016bti interpretuojama kaip gydymo ar kitokio pob\u016bd\u017eio sveikatos klausim\u0173 sprendimo rekomendacija.<\/em><br \/>\n<em>Raginame sprendimus, susijusius su asmenine sveikata, priimti asmeni\u0161kai, \u012fvertinus \u012fvairius informacijos \u0161altinius.<\/em><\/p>\n","protected":false},"excerpt":{"rendered":"<p>Auksini\u0173 lin\u0173 s\u0117klos yra labai vertinamos d\u0117l j\u0173 sveikat\u0105 gerinan\u010di\u0173 savybi\u0173, vis\u0173 pirma d\u0117l turtingo omega-3 riebal\u0173 r\u016bg\u0161\u010di\u0173, skaidul\u0173 ir<\/p>\n","protected":false},"featured_media":18358,"template":"","meta":{"_acf_changed":false},"product_brand":[],"product_cat":[730,1905],"product_tag":[1494,1380,1378,1382],"class_list":{"0":"post-17317","1":"product","2":"type-product","3":"status-publish","4":"has-post-thumbnail","6":"product_cat-ekologiski-riesutai-seklos","7":"product_cat-seklos","8":"product_tag-be-glitimo","9":"product_tag-keto-mityba","10":"product_tag-veganams","11":"product_tag-zaliavalgiams","12":"pa_svoris-1-kg","13":"pa_svoris-100-g","14":"pa_svoris-200-g","15":"pa_svoris-25-kg","16":"pa_svoris-300-g","17":"pa_svoris-400-g","18":"pa_svoris-500-g","20":"first","21":"instock","22":"shipping-taxable","23":"purchasable","24":"product-type-variable"},"acf":[],"yoast_head":"<!-- This site is optimized with the Yoast SEO plugin v27.3 - https:\/\/yoast.com\/product\/yoast-seo-wordpress\/ -->\n<title>Ekologi\u0161ki auksini\u0173 lin\u0173 s\u0117menys - Biopapa<\/title>\n<meta name=\"description\" content=\"Kalbant apie j\u0173 naudojim\u0105, jos yra nepaprastai universalios: lin\u0173 s\u0117kl\u0173 miltai gali b\u016bti dedami \u012f kokteilius, jogurt\u0105, avi\u017eines ko\u0161es ir kepinius, sausus pusry\u010dius, siekiant padidinti maistin\u0119 vert\u0119.\" \/>\n<meta name=\"robots\" content=\"index, follow, max-snippet:-1, max-image-preview:large, max-video-preview:-1\" \/>\n<link rel=\"canonical\" href=\"https:\/\/www.biopapa.de\/lt\/producte\/ekologiski-auksiniu-linu-semenys\/\" \/>\n<meta property=\"og:locale\" content=\"lt_LT\" \/>\n<meta property=\"og:type\" content=\"article\" \/>\n<meta property=\"og:title\" content=\"Ekologi\u0161ki auksini\u0173 lin\u0173 s\u0117menys - Biopapa\" \/>\n<meta property=\"og:description\" content=\"Kalbant apie j\u0173 naudojim\u0105, jos yra nepaprastai universalios: lin\u0173 s\u0117kl\u0173 miltai gali b\u016bti dedami \u012f kokteilius, jogurt\u0105, avi\u017eines ko\u0161es ir kepinius, sausus pusry\u010dius, siekiant padidinti maistin\u0119 vert\u0119.\" \/>\n<meta property=\"og:url\" content=\"https:\/\/www.biopapa.de\/lt\/producte\/ekologiski-auksiniu-linu-semenys\/\" \/>\n<meta property=\"og:site_name\" content=\"Biopapa\" \/>\n<meta property=\"article:publisher\" content=\"https:\/\/www.facebook.com\/biopapa.lt\" \/>\n<meta property=\"article:modified_time\" content=\"2026-02-27T14:37:06+00:00\" \/>\n<meta property=\"og:image\" content=\"https:\/\/www.biopapa.de\/wp-content\/uploads\/2022\/03\/779A8987-scaled.jpg\" \/>\n\t<meta property=\"og:image:width\" content=\"2560\" \/>\n\t<meta property=\"og:image:height\" content=\"2048\" \/>\n\t<meta property=\"og:image:type\" content=\"image\/jpeg\" \/>\n<meta name=\"twitter:card\" content=\"summary_large_image\" \/>\n<script type=\"application\/ld+json\" class=\"yoast-schema-graph\">{\"@context\":\"https:\\\/\\\/schema.org\",\"@graph\":[{\"@type\":\"WebPage\",\"@id\":\"https:\\\/\\\/www.biopapa.de\\\/lt\\\/producte\\\/ekologiski-auksiniu-linu-semenys\\\/\",\"url\":\"https:\\\/\\\/www.biopapa.de\\\/lt\\\/producte\\\/ekologiski-auksiniu-linu-semenys\\\/\",\"name\":\"Ekologi\u0161ki auksini\u0173 lin\u0173 s\u0117menys - Biopapa\",\"isPartOf\":{\"@id\":\"https:\\\/\\\/www.biopapa.de\\\/lt\\\/#website\"},\"primaryImageOfPage\":{\"@id\":\"https:\\\/\\\/www.biopapa.de\\\/lt\\\/producte\\\/ekologiski-auksiniu-linu-semenys\\\/#primaryimage\"},\"image\":{\"@id\":\"https:\\\/\\\/www.biopapa.de\\\/lt\\\/producte\\\/ekologiski-auksiniu-linu-semenys\\\/#primaryimage\"},\"thumbnailUrl\":\"https:\\\/\\\/www.biopapa.de\\\/wp-content\\\/uploads\\\/2022\\\/03\\\/779A8987-scaled.jpg\",\"datePublished\":\"2022-03-15T21:06:40+00:00\",\"dateModified\":\"2026-02-27T14:37:06+00:00\",\"description\":\"Kalbant apie j\u0173 naudojim\u0105, jos yra nepaprastai universalios: lin\u0173 s\u0117kl\u0173 miltai gali b\u016bti dedami \u012f kokteilius, jogurt\u0105, avi\u017eines ko\u0161es ir kepinius, sausus pusry\u010dius, siekiant padidinti maistin\u0119 vert\u0119.\",\"breadcrumb\":{\"@id\":\"https:\\\/\\\/www.biopapa.de\\\/lt\\\/producte\\\/ekologiski-auksiniu-linu-semenys\\\/#breadcrumb\"},\"inLanguage\":\"lt-LT\",\"potentialAction\":[{\"@type\":\"ReadAction\",\"target\":[\"https:\\\/\\\/www.biopapa.de\\\/lt\\\/producte\\\/ekologiski-auksiniu-linu-semenys\\\/\"]}]},{\"@type\":\"ImageObject\",\"inLanguage\":\"lt-LT\",\"@id\":\"https:\\\/\\\/www.biopapa.de\\\/lt\\\/producte\\\/ekologiski-auksiniu-linu-semenys\\\/#primaryimage\",\"url\":\"https:\\\/\\\/www.biopapa.de\\\/wp-content\\\/uploads\\\/2022\\\/03\\\/779A8987-scaled.jpg\",\"contentUrl\":\"https:\\\/\\\/www.biopapa.de\\\/wp-content\\\/uploads\\\/2022\\\/03\\\/779A8987-scaled.jpg\",\"width\":2560,\"height\":2048,\"caption\":\"Ekologi\u0161ki auksini\u0173 lin\u0173 s\u0117menys\"},{\"@type\":\"BreadcrumbList\",\"@id\":\"https:\\\/\\\/www.biopapa.de\\\/lt\\\/producte\\\/ekologiski-auksiniu-linu-semenys\\\/#breadcrumb\",\"itemListElement\":[{\"@type\":\"ListItem\",\"position\":1,\"name\":\"Home\",\"item\":\"https:\\\/\\\/www.biopapa.de\\\/lt\\\/\"},{\"@type\":\"ListItem\",\"position\":2,\"name\":\"Parduotuv\u0117\",\"item\":\"https:\\\/\\\/www.biopapa.de\\\/parduotuve\\\/\"},{\"@type\":\"ListItem\",\"position\":3,\"name\":\"Ekologi\u0161ki auksini\u0173 lin\u0173 s\u0117menys\"}]},{\"@type\":\"WebSite\",\"@id\":\"https:\\\/\\\/www.biopapa.de\\\/lt\\\/#website\",\"url\":\"https:\\\/\\\/www.biopapa.de\\\/lt\\\/\",\"name\":\"Biopapa\",\"description\":\"\u0160var\u016bs ekologi\u0161ki produktai\",\"publisher\":{\"@id\":\"https:\\\/\\\/www.biopapa.de\\\/lt\\\/#organization\"},\"potentialAction\":[{\"@type\":\"SearchAction\",\"target\":{\"@type\":\"EntryPoint\",\"urlTemplate\":\"https:\\\/\\\/www.biopapa.de\\\/lt\\\/?s={search_term_string}\"},\"query-input\":{\"@type\":\"PropertyValueSpecification\",\"valueRequired\":true,\"valueName\":\"search_term_string\"}}],\"inLanguage\":\"lt-LT\"},{\"@type\":\"Organization\",\"@id\":\"https:\\\/\\\/www.biopapa.de\\\/lt\\\/#organization\",\"name\":\"Biopapa\",\"url\":\"https:\\\/\\\/www.biopapa.de\\\/lt\\\/\",\"logo\":{\"@type\":\"ImageObject\",\"inLanguage\":\"lt-LT\",\"@id\":\"https:\\\/\\\/www.biopapa.de\\\/lt\\\/#\\\/schema\\\/logo\\\/image\\\/\",\"url\":\"https:\\\/\\\/www.biopapa.lt\\\/wp-content\\\/uploads\\\/2022\\\/04\\\/facebook_biopapa.jpg\",\"contentUrl\":\"https:\\\/\\\/www.biopapa.lt\\\/wp-content\\\/uploads\\\/2022\\\/04\\\/facebook_biopapa.jpg\",\"width\":1733,\"height\":907,\"caption\":\"Biopapa\"},\"image\":{\"@id\":\"https:\\\/\\\/www.biopapa.de\\\/lt\\\/#\\\/schema\\\/logo\\\/image\\\/\"},\"sameAs\":[\"https:\\\/\\\/www.facebook.com\\\/biopapa.lt\"]}]}<\/script>\n<!-- \/ Yoast SEO plugin. -->","yoast_head_json":{"title":"Ekologi\u0161ki auksini\u0173 lin\u0173 s\u0117menys - Biopapa","description":"Kalbant apie j\u0173 naudojim\u0105, jos yra nepaprastai universalios: lin\u0173 s\u0117kl\u0173 miltai gali b\u016bti dedami \u012f kokteilius, jogurt\u0105, avi\u017eines ko\u0161es ir kepinius, sausus pusry\u010dius, siekiant padidinti maistin\u0119 vert\u0119.","robots":{"index":"index","follow":"follow","max-snippet":"max-snippet:-1","max-image-preview":"max-image-preview:large","max-video-preview":"max-video-preview:-1"},"canonical":"https:\/\/www.biopapa.de\/lt\/producte\/ekologiski-auksiniu-linu-semenys\/","og_locale":"lt_LT","og_type":"article","og_title":"Ekologi\u0161ki auksini\u0173 lin\u0173 s\u0117menys - Biopapa","og_description":"Kalbant apie j\u0173 naudojim\u0105, jos yra nepaprastai universalios: lin\u0173 s\u0117kl\u0173 miltai gali b\u016bti dedami \u012f kokteilius, jogurt\u0105, avi\u017eines ko\u0161es ir kepinius, sausus pusry\u010dius, siekiant padidinti maistin\u0119 vert\u0119.","og_url":"https:\/\/www.biopapa.de\/lt\/producte\/ekologiski-auksiniu-linu-semenys\/","og_site_name":"Biopapa","article_publisher":"https:\/\/www.facebook.com\/biopapa.lt","article_modified_time":"2026-02-27T14:37:06+00:00","og_image":[{"width":2560,"height":2048,"url":"https:\/\/www.biopapa.de\/wp-content\/uploads\/2022\/03\/779A8987-scaled.jpg","type":"image\/jpeg"}],"twitter_card":"summary_large_image","schema":{"@context":"https:\/\/schema.org","@graph":[{"@type":"WebPage","@id":"https:\/\/www.biopapa.de\/lt\/producte\/ekologiski-auksiniu-linu-semenys\/","url":"https:\/\/www.biopapa.de\/lt\/producte\/ekologiski-auksiniu-linu-semenys\/","name":"Ekologi\u0161ki auksini\u0173 lin\u0173 s\u0117menys - Biopapa","isPartOf":{"@id":"https:\/\/www.biopapa.de\/lt\/#website"},"primaryImageOfPage":{"@id":"https:\/\/www.biopapa.de\/lt\/producte\/ekologiski-auksiniu-linu-semenys\/#primaryimage"},"image":{"@id":"https:\/\/www.biopapa.de\/lt\/producte\/ekologiski-auksiniu-linu-semenys\/#primaryimage"},"thumbnailUrl":"https:\/\/www.biopapa.de\/wp-content\/uploads\/2022\/03\/779A8987-scaled.jpg","datePublished":"2022-03-15T21:06:40+00:00","dateModified":"2026-02-27T14:37:06+00:00","description":"Kalbant apie j\u0173 naudojim\u0105, jos yra nepaprastai universalios: lin\u0173 s\u0117kl\u0173 miltai gali b\u016bti dedami \u012f kokteilius, jogurt\u0105, avi\u017eines ko\u0161es ir kepinius, sausus pusry\u010dius, siekiant padidinti maistin\u0119 vert\u0119.","breadcrumb":{"@id":"https:\/\/www.biopapa.de\/lt\/producte\/ekologiski-auksiniu-linu-semenys\/#breadcrumb"},"inLanguage":"lt-LT","potentialAction":[{"@type":"ReadAction","target":["https:\/\/www.biopapa.de\/lt\/producte\/ekologiski-auksiniu-linu-semenys\/"]}]},{"@type":"ImageObject","inLanguage":"lt-LT","@id":"https:\/\/www.biopapa.de\/lt\/producte\/ekologiski-auksiniu-linu-semenys\/#primaryimage","url":"https:\/\/www.biopapa.de\/wp-content\/uploads\/2022\/03\/779A8987-scaled.jpg","contentUrl":"https:\/\/www.biopapa.de\/wp-content\/uploads\/2022\/03\/779A8987-scaled.jpg","width":2560,"height":2048,"caption":"Ekologi\u0161ki auksini\u0173 lin\u0173 s\u0117menys"},{"@type":"BreadcrumbList","@id":"https:\/\/www.biopapa.de\/lt\/producte\/ekologiski-auksiniu-linu-semenys\/#breadcrumb","itemListElement":[{"@type":"ListItem","position":1,"name":"Home","item":"https:\/\/www.biopapa.de\/lt\/"},{"@type":"ListItem","position":2,"name":"Parduotuv\u0117","item":"https:\/\/www.biopapa.de\/parduotuve\/"},{"@type":"ListItem","position":3,"name":"Ekologi\u0161ki auksini\u0173 lin\u0173 s\u0117menys"}]},{"@type":"WebSite","@id":"https:\/\/www.biopapa.de\/lt\/#website","url":"https:\/\/www.biopapa.de\/lt\/","name":"Biopapa","description":"\u0160var\u016bs ekologi\u0161ki produktai","publisher":{"@id":"https:\/\/www.biopapa.de\/lt\/#organization"},"potentialAction":[{"@type":"SearchAction","target":{"@type":"EntryPoint","urlTemplate":"https:\/\/www.biopapa.de\/lt\/?s={search_term_string}"},"query-input":{"@type":"PropertyValueSpecification","valueRequired":true,"valueName":"search_term_string"}}],"inLanguage":"lt-LT"},{"@type":"Organization","@id":"https:\/\/www.biopapa.de\/lt\/#organization","name":"Biopapa","url":"https:\/\/www.biopapa.de\/lt\/","logo":{"@type":"ImageObject","inLanguage":"lt-LT","@id":"https:\/\/www.biopapa.de\/lt\/#\/schema\/logo\/image\/","url":"https:\/\/www.biopapa.lt\/wp-content\/uploads\/2022\/04\/facebook_biopapa.jpg","contentUrl":"https:\/\/www.biopapa.lt\/wp-content\/uploads\/2022\/04\/facebook_biopapa.jpg","width":1733,"height":907,"caption":"Biopapa"},"image":{"@id":"https:\/\/www.biopapa.de\/lt\/#\/schema\/logo\/image\/"},"sameAs":["https:\/\/www.facebook.com\/biopapa.lt"]}]}},"_links":{"self":[{"href":"https:\/\/www.biopapa.de\/lt\/wp-json\/wp\/v2\/product\/17317","targetHints":{"allow":["GET"]}}],"collection":[{"href":"https:\/\/www.biopapa.de\/lt\/wp-json\/wp\/v2\/product"}],"about":[{"href":"https:\/\/www.biopapa.de\/lt\/wp-json\/wp\/v2\/types\/product"}],"wp:featuredmedia":[{"embeddable":true,"href":"https:\/\/www.biopapa.de\/lt\/wp-json\/wp\/v2\/media\/18358"}],"wp:attachment":[{"href":"https:\/\/www.biopapa.de\/lt\/wp-json\/wp\/v2\/media?parent=17317"}],"wp:term":[{"taxonomy":"product_brand","embeddable":true,"href":"https:\/\/www.biopapa.de\/lt\/wp-json\/wp\/v2\/product_brand?post=17317"},{"taxonomy":"product_cat","embeddable":true,"href":"https:\/\/www.biopapa.de\/lt\/wp-json\/wp\/v2\/product_cat?post=17317"},{"taxonomy":"product_tag","embeddable":true,"href":"https:\/\/www.biopapa.de\/lt\/wp-json\/wp\/v2\/product_tag?post=17317"}],"curies":[{"name":"wp","href":"https:\/\/api.w.org\/{rel}","templated":true}]}}