{"id":17557,"date":"2022-04-01T17:52:26","date_gmt":"2022-04-01T14:52:26","guid":{"rendered":"https:\/\/www.biopapa.lt\/?post_type=product&#038;p=17557"},"modified":"2025-09-11T13:47:44","modified_gmt":"2025-09-11T10:47:44","slug":"ekologiskos-spirulinos-ir-chlorelos-misinio-tabletes","status":"publish","type":"product","link":"https:\/\/www.biopapa.de\/lt\/producte\/ekologiskos-spirulinos-ir-chlorelos-misinio-tabletes\/","title":{"rendered":"Ekologi\u0161kos Spirulina ir Chlorela mi\u0161inio tablet\u0117s (500 mg)"},"content":{"rendered":"<p><strong>Ekologi\u0161kos Spirulina ir Chlorela mi\u0161inio tablet\u0117s (500 mg)<\/strong><br \/>\n<strong>100 g = apie 200 vnt. table\u010di\u0173<\/strong><br \/>\nAbu dumbliai yra auginami g\u0117lame vandenyje Kinijos pietuose esan\u010dioje saloje.<br \/>\n<strong>Chlorella<\/strong> pla\u010diai naudojama kaip detoksikacijos program\u0173 komponentas. Chlorelloje gausu pagrindini\u0173 vitamin\u0173 ir mineral\u0173. Tai supermaistas, kuris padeda atsistatyi po treniruot\u0117s, valo \u017earnyn\u0105 ir pasi\u017eymi imunitet\u0105 stiprinan\u010diomis savyb\u0117mis.<br \/>\n<strong>Spirulina<\/strong>, taip pat kaip Chlorella, yra vitamin\u0173 ir mineral\u0173 \u0161altinis. Spirulina &#8211; nepakei\u010diamas baltym\u0173 \u0161altinis. Vienas gramas spirulinos turi triskart daugiau baltym\u0173 nei \u017euvis.<br \/>\nD\u0117l gausaus kiekio baltym\u0173, vitamin\u0173 ir mineral\u0173, spirulina labai m\u0117gstama sportinink\u0173; \u0161is melsvadumblis da\u017enai vartojamas metant svor\u012f.<br \/>\nTinka veganams, vegetarams ir keto diet\u0173 besilaikantiems.<\/p>\n<p>\u012e dien\u0105 suaugusiam \u017emogui rekomenduojama doz\u0117 &#8211; 6-12 table\u010di\u0173.<\/p>\n<p>PASTABA. \u010cia pateikta informacija negali b\u016bti interpretuojama kaip gydymo ar kitokio pob\u016bd\u017eio sveikatos klausim\u0173 sprendimo rekomendacija. Raginame sprendimus, susijusius su asmenine sveikata, priimti asmeni\u0161kai, \u012fvertinus \u012fvairius informacijos \u0161altinius.<\/p>\n","protected":false},"excerpt":{"rendered":"<p>Ekologi\u0161kos Spirulina ir Chlorela mi\u0161inio tablet\u0117s (500 mg) 100 g = apie 200 vnt. table\u010di\u0173 Abu dumbliai yra auginami g\u0117lame<\/p>\n","protected":false},"featured_media":18786,"template":"","meta":{"_acf_changed":false},"product_brand":[],"product_cat":[1216,2347],"product_tag":[1433,1380,1378],"class_list":{"0":"post-17557","1":"product","2":"type-product","3":"status-publish","4":"has-post-thumbnail","6":"product_cat-augalinis-supermaistas","7":"product_cat-tabletes","8":"product_tag-baltymu-saltinis","9":"product_tag-keto-mityba","10":"product_tag-veganams","11":"pa_svoris-1-kg","12":"pa_svoris-100-g","13":"pa_svoris-200-g","14":"pa_svoris-300-g","15":"pa_svoris-400-g","16":"pa_svoris-50-g","17":"pa_svoris-500-g","19":"first","20":"instock","21":"shipping-taxable","22":"purchasable","23":"product-type-variable"},"acf":[],"yoast_head":"<!-- This site is optimized with the Yoast SEO plugin v27.5 - https:\/\/yoast.com\/product\/yoast-seo-wordpress\/ -->\n<title>Ekologi\u0161kos Spirulina ir Chlorela mi\u0161inio tablet\u0117s (500 mg) - Biopapa<\/title>\n<meta name=\"description\" content=\"Spirulina, taip pat kaip Chlorella, yra vitamin\u0173, protein\u0173 ir amino r\u016bg\u0161\u010di\u0173 \u0161altinis. Supermaiste\u00a0gausu kalcio - kalcis b\u016btinas optimaliai raumen\u0173 ir nerv\u0173 sistemos veiklai, taip pat kaulams bei dantims.\" \/>\n<meta name=\"robots\" content=\"index, follow, max-snippet:-1, max-image-preview:large, max-video-preview:-1\" \/>\n<link rel=\"canonical\" href=\"https:\/\/www.biopapa.de\/lt\/producte\/ekologiskos-spirulinos-ir-chlorelos-misinio-tabletes\/\" \/>\n<meta property=\"og:locale\" content=\"lt_LT\" \/>\n<meta property=\"og:type\" content=\"article\" \/>\n<meta property=\"og:title\" content=\"Ekologi\u0161kos Spirulina ir Chlorela mi\u0161inio tablet\u0117s (500 mg) - Biopapa\" \/>\n<meta property=\"og:description\" content=\"Spirulina, taip pat kaip Chlorella, yra vitamin\u0173, protein\u0173 ir amino r\u016bg\u0161\u010di\u0173 \u0161altinis. Supermaiste\u00a0gausu kalcio - kalcis b\u016btinas optimaliai raumen\u0173 ir nerv\u0173 sistemos veiklai, taip pat kaulams bei dantims.\" \/>\n<meta property=\"og:url\" content=\"https:\/\/www.biopapa.de\/lt\/producte\/ekologiskos-spirulinos-ir-chlorelos-misinio-tabletes\/\" \/>\n<meta property=\"og:site_name\" content=\"Biopapa\" \/>\n<meta property=\"article:publisher\" content=\"https:\/\/www.facebook.com\/biopapa.lt\" \/>\n<meta property=\"article:modified_time\" content=\"2025-09-11T10:47:44+00:00\" \/>\n<meta property=\"og:image\" content=\"https:\/\/www.biopapa.de\/wp-content\/uploads\/2022\/04\/spirulinos-ir-chlorellos-tabletes.jpg\" \/>\n\t<meta property=\"og:image:width\" content=\"800\" \/>\n\t<meta property=\"og:image:height\" content=\"640\" \/>\n\t<meta property=\"og:image:type\" content=\"image\/jpeg\" \/>\n<meta name=\"twitter:card\" content=\"summary_large_image\" \/>\n<meta name=\"twitter:label1\" content=\"Est. reading time\" \/>\n\t<meta name=\"twitter:data1\" content=\"2 minut\u0117s\" \/>\n<script type=\"application\/ld+json\" class=\"yoast-schema-graph\">{\"@context\":\"https:\\\/\\\/schema.org\",\"@graph\":[{\"@type\":\"WebPage\",\"@id\":\"https:\\\/\\\/www.biopapa.de\\\/lt\\\/producte\\\/ekologiskos-spirulinos-ir-chlorelos-misinio-tabletes\\\/\",\"url\":\"https:\\\/\\\/www.biopapa.de\\\/lt\\\/producte\\\/ekologiskos-spirulinos-ir-chlorelos-misinio-tabletes\\\/\",\"name\":\"Ekologi\u0161kos Spirulina ir Chlorela mi\u0161inio tablet\u0117s (500 mg) - Biopapa\",\"isPartOf\":{\"@id\":\"https:\\\/\\\/www.biopapa.de\\\/lt\\\/#website\"},\"primaryImageOfPage\":{\"@id\":\"https:\\\/\\\/www.biopapa.de\\\/lt\\\/producte\\\/ekologiskos-spirulinos-ir-chlorelos-misinio-tabletes\\\/#primaryimage\"},\"image\":{\"@id\":\"https:\\\/\\\/www.biopapa.de\\\/lt\\\/producte\\\/ekologiskos-spirulinos-ir-chlorelos-misinio-tabletes\\\/#primaryimage\"},\"thumbnailUrl\":\"https:\\\/\\\/www.biopapa.de\\\/wp-content\\\/uploads\\\/2022\\\/04\\\/spirulinos-ir-chlorellos-tabletes.jpg\",\"datePublished\":\"2022-04-01T14:52:26+00:00\",\"dateModified\":\"2025-09-11T10:47:44+00:00\",\"description\":\"Spirulina, taip pat kaip Chlorella, yra vitamin\u0173, protein\u0173 ir amino r\u016bg\u0161\u010di\u0173 \u0161altinis. Supermaiste\u00a0gausu kalcio - kalcis b\u016btinas optimaliai raumen\u0173 ir nerv\u0173 sistemos veiklai, taip pat kaulams bei dantims.\",\"breadcrumb\":{\"@id\":\"https:\\\/\\\/www.biopapa.de\\\/lt\\\/producte\\\/ekologiskos-spirulinos-ir-chlorelos-misinio-tabletes\\\/#breadcrumb\"},\"inLanguage\":\"lt-LT\",\"potentialAction\":[{\"@type\":\"ReadAction\",\"target\":[\"https:\\\/\\\/www.biopapa.de\\\/lt\\\/producte\\\/ekologiskos-spirulinos-ir-chlorelos-misinio-tabletes\\\/\"]}]},{\"@type\":\"ImageObject\",\"inLanguage\":\"lt-LT\",\"@id\":\"https:\\\/\\\/www.biopapa.de\\\/lt\\\/producte\\\/ekologiskos-spirulinos-ir-chlorelos-misinio-tabletes\\\/#primaryimage\",\"url\":\"https:\\\/\\\/www.biopapa.de\\\/wp-content\\\/uploads\\\/2022\\\/04\\\/spirulinos-ir-chlorellos-tabletes.jpg\",\"contentUrl\":\"https:\\\/\\\/www.biopapa.de\\\/wp-content\\\/uploads\\\/2022\\\/04\\\/spirulinos-ir-chlorellos-tabletes.jpg\",\"width\":800,\"height\":640,\"caption\":\"Ekologi\u0161kos Spirulinos ir Chlorelos mi\u0161inio tablet\u0117s (500 mg)\"},{\"@type\":\"BreadcrumbList\",\"@id\":\"https:\\\/\\\/www.biopapa.de\\\/lt\\\/producte\\\/ekologiskos-spirulinos-ir-chlorelos-misinio-tabletes\\\/#breadcrumb\",\"itemListElement\":[{\"@type\":\"ListItem\",\"position\":1,\"name\":\"Home\",\"item\":\"https:\\\/\\\/www.biopapa.de\\\/lt\\\/\"},{\"@type\":\"ListItem\",\"position\":2,\"name\":\"Parduotuv\u0117\",\"item\":\"https:\\\/\\\/www.biopapa.de\\\/parduotuve\\\/\"},{\"@type\":\"ListItem\",\"position\":3,\"name\":\"Ekologi\u0161kos Spirulina ir Chlorela mi\u0161inio tablet\u0117s (500 mg)\"}]},{\"@type\":\"WebSite\",\"@id\":\"https:\\\/\\\/www.biopapa.de\\\/lt\\\/#website\",\"url\":\"https:\\\/\\\/www.biopapa.de\\\/lt\\\/\",\"name\":\"Biopapa\",\"description\":\"\u0160var\u016bs ekologi\u0161ki produktai\",\"publisher\":{\"@id\":\"https:\\\/\\\/www.biopapa.de\\\/lt\\\/#organization\"},\"potentialAction\":[{\"@type\":\"SearchAction\",\"target\":{\"@type\":\"EntryPoint\",\"urlTemplate\":\"https:\\\/\\\/www.biopapa.de\\\/lt\\\/?s={search_term_string}\"},\"query-input\":{\"@type\":\"PropertyValueSpecification\",\"valueRequired\":true,\"valueName\":\"search_term_string\"}}],\"inLanguage\":\"lt-LT\"},{\"@type\":\"Organization\",\"@id\":\"https:\\\/\\\/www.biopapa.de\\\/lt\\\/#organization\",\"name\":\"Biopapa\",\"url\":\"https:\\\/\\\/www.biopapa.de\\\/lt\\\/\",\"logo\":{\"@type\":\"ImageObject\",\"inLanguage\":\"lt-LT\",\"@id\":\"https:\\\/\\\/www.biopapa.de\\\/lt\\\/#\\\/schema\\\/logo\\\/image\\\/\",\"url\":\"https:\\\/\\\/www.biopapa.lt\\\/wp-content\\\/uploads\\\/2022\\\/04\\\/facebook_biopapa.jpg\",\"contentUrl\":\"https:\\\/\\\/www.biopapa.lt\\\/wp-content\\\/uploads\\\/2022\\\/04\\\/facebook_biopapa.jpg\",\"width\":1733,\"height\":907,\"caption\":\"Biopapa\"},\"image\":{\"@id\":\"https:\\\/\\\/www.biopapa.de\\\/lt\\\/#\\\/schema\\\/logo\\\/image\\\/\"},\"sameAs\":[\"https:\\\/\\\/www.facebook.com\\\/biopapa.lt\"]}]}<\/script>\n<!-- \/ Yoast SEO plugin. -->","yoast_head_json":{"title":"Ekologi\u0161kos Spirulina ir Chlorela mi\u0161inio tablet\u0117s (500 mg) - Biopapa","description":"Spirulina, taip pat kaip Chlorella, yra vitamin\u0173, protein\u0173 ir amino r\u016bg\u0161\u010di\u0173 \u0161altinis. Supermaiste\u00a0gausu kalcio - kalcis b\u016btinas optimaliai raumen\u0173 ir nerv\u0173 sistemos veiklai, taip pat kaulams bei dantims.","robots":{"index":"index","follow":"follow","max-snippet":"max-snippet:-1","max-image-preview":"max-image-preview:large","max-video-preview":"max-video-preview:-1"},"canonical":"https:\/\/www.biopapa.de\/lt\/producte\/ekologiskos-spirulinos-ir-chlorelos-misinio-tabletes\/","og_locale":"lt_LT","og_type":"article","og_title":"Ekologi\u0161kos Spirulina ir Chlorela mi\u0161inio tablet\u0117s (500 mg) - Biopapa","og_description":"Spirulina, taip pat kaip Chlorella, yra vitamin\u0173, protein\u0173 ir amino r\u016bg\u0161\u010di\u0173 \u0161altinis. Supermaiste\u00a0gausu kalcio - kalcis b\u016btinas optimaliai raumen\u0173 ir nerv\u0173 sistemos veiklai, taip pat kaulams bei dantims.","og_url":"https:\/\/www.biopapa.de\/lt\/producte\/ekologiskos-spirulinos-ir-chlorelos-misinio-tabletes\/","og_site_name":"Biopapa","article_publisher":"https:\/\/www.facebook.com\/biopapa.lt","article_modified_time":"2025-09-11T10:47:44+00:00","og_image":[{"width":800,"height":640,"url":"https:\/\/www.biopapa.de\/wp-content\/uploads\/2022\/04\/spirulinos-ir-chlorellos-tabletes.jpg","type":"image\/jpeg"}],"twitter_card":"summary_large_image","twitter_misc":{"Est. reading time":"2 minut\u0117s"},"schema":{"@context":"https:\/\/schema.org","@graph":[{"@type":"WebPage","@id":"https:\/\/www.biopapa.de\/lt\/producte\/ekologiskos-spirulinos-ir-chlorelos-misinio-tabletes\/","url":"https:\/\/www.biopapa.de\/lt\/producte\/ekologiskos-spirulinos-ir-chlorelos-misinio-tabletes\/","name":"Ekologi\u0161kos Spirulina ir Chlorela mi\u0161inio tablet\u0117s (500 mg) - Biopapa","isPartOf":{"@id":"https:\/\/www.biopapa.de\/lt\/#website"},"primaryImageOfPage":{"@id":"https:\/\/www.biopapa.de\/lt\/producte\/ekologiskos-spirulinos-ir-chlorelos-misinio-tabletes\/#primaryimage"},"image":{"@id":"https:\/\/www.biopapa.de\/lt\/producte\/ekologiskos-spirulinos-ir-chlorelos-misinio-tabletes\/#primaryimage"},"thumbnailUrl":"https:\/\/www.biopapa.de\/wp-content\/uploads\/2022\/04\/spirulinos-ir-chlorellos-tabletes.jpg","datePublished":"2022-04-01T14:52:26+00:00","dateModified":"2025-09-11T10:47:44+00:00","description":"Spirulina, taip pat kaip Chlorella, yra vitamin\u0173, protein\u0173 ir amino r\u016bg\u0161\u010di\u0173 \u0161altinis. Supermaiste\u00a0gausu kalcio - kalcis b\u016btinas optimaliai raumen\u0173 ir nerv\u0173 sistemos veiklai, taip pat kaulams bei dantims.","breadcrumb":{"@id":"https:\/\/www.biopapa.de\/lt\/producte\/ekologiskos-spirulinos-ir-chlorelos-misinio-tabletes\/#breadcrumb"},"inLanguage":"lt-LT","potentialAction":[{"@type":"ReadAction","target":["https:\/\/www.biopapa.de\/lt\/producte\/ekologiskos-spirulinos-ir-chlorelos-misinio-tabletes\/"]}]},{"@type":"ImageObject","inLanguage":"lt-LT","@id":"https:\/\/www.biopapa.de\/lt\/producte\/ekologiskos-spirulinos-ir-chlorelos-misinio-tabletes\/#primaryimage","url":"https:\/\/www.biopapa.de\/wp-content\/uploads\/2022\/04\/spirulinos-ir-chlorellos-tabletes.jpg","contentUrl":"https:\/\/www.biopapa.de\/wp-content\/uploads\/2022\/04\/spirulinos-ir-chlorellos-tabletes.jpg","width":800,"height":640,"caption":"Ekologi\u0161kos Spirulinos ir Chlorelos mi\u0161inio tablet\u0117s (500 mg)"},{"@type":"BreadcrumbList","@id":"https:\/\/www.biopapa.de\/lt\/producte\/ekologiskos-spirulinos-ir-chlorelos-misinio-tabletes\/#breadcrumb","itemListElement":[{"@type":"ListItem","position":1,"name":"Home","item":"https:\/\/www.biopapa.de\/lt\/"},{"@type":"ListItem","position":2,"name":"Parduotuv\u0117","item":"https:\/\/www.biopapa.de\/parduotuve\/"},{"@type":"ListItem","position":3,"name":"Ekologi\u0161kos Spirulina ir Chlorela mi\u0161inio tablet\u0117s (500 mg)"}]},{"@type":"WebSite","@id":"https:\/\/www.biopapa.de\/lt\/#website","url":"https:\/\/www.biopapa.de\/lt\/","name":"Biopapa","description":"\u0160var\u016bs ekologi\u0161ki produktai","publisher":{"@id":"https:\/\/www.biopapa.de\/lt\/#organization"},"potentialAction":[{"@type":"SearchAction","target":{"@type":"EntryPoint","urlTemplate":"https:\/\/www.biopapa.de\/lt\/?s={search_term_string}"},"query-input":{"@type":"PropertyValueSpecification","valueRequired":true,"valueName":"search_term_string"}}],"inLanguage":"lt-LT"},{"@type":"Organization","@id":"https:\/\/www.biopapa.de\/lt\/#organization","name":"Biopapa","url":"https:\/\/www.biopapa.de\/lt\/","logo":{"@type":"ImageObject","inLanguage":"lt-LT","@id":"https:\/\/www.biopapa.de\/lt\/#\/schema\/logo\/image\/","url":"https:\/\/www.biopapa.lt\/wp-content\/uploads\/2022\/04\/facebook_biopapa.jpg","contentUrl":"https:\/\/www.biopapa.lt\/wp-content\/uploads\/2022\/04\/facebook_biopapa.jpg","width":1733,"height":907,"caption":"Biopapa"},"image":{"@id":"https:\/\/www.biopapa.de\/lt\/#\/schema\/logo\/image\/"},"sameAs":["https:\/\/www.facebook.com\/biopapa.lt"]}]}},"_links":{"self":[{"href":"https:\/\/www.biopapa.de\/lt\/wp-json\/wp\/v2\/product\/17557","targetHints":{"allow":["GET"]}}],"collection":[{"href":"https:\/\/www.biopapa.de\/lt\/wp-json\/wp\/v2\/product"}],"about":[{"href":"https:\/\/www.biopapa.de\/lt\/wp-json\/wp\/v2\/types\/product"}],"wp:featuredmedia":[{"embeddable":true,"href":"https:\/\/www.biopapa.de\/lt\/wp-json\/wp\/v2\/media\/18786"}],"wp:attachment":[{"href":"https:\/\/www.biopapa.de\/lt\/wp-json\/wp\/v2\/media?parent=17557"}],"wp:term":[{"taxonomy":"product_brand","embeddable":true,"href":"https:\/\/www.biopapa.de\/lt\/wp-json\/wp\/v2\/product_brand?post=17557"},{"taxonomy":"product_cat","embeddable":true,"href":"https:\/\/www.biopapa.de\/lt\/wp-json\/wp\/v2\/product_cat?post=17557"},{"taxonomy":"product_tag","embeddable":true,"href":"https:\/\/www.biopapa.de\/lt\/wp-json\/wp\/v2\/product_tag?post=17557"}],"curies":[{"name":"wp","href":"https:\/\/api.w.org\/{rel}","templated":true}]}}