{"id":17581,"date":"2022-04-01T18:26:04","date_gmt":"2022-04-01T15:26:04","guid":{"rendered":"https:\/\/www.biopapa.lt\/?post_type=product&#038;p=17581"},"modified":"2026-02-04T14:52:44","modified_gmt":"2026-02-04T12:52:44","slug":"juodoji-rupi-druska-kala-namak","status":"publish","type":"product","link":"https:\/\/www.biopapa.de\/lt\/producte\/juodoji-rupi-druska-kala-namak\/","title":{"rendered":"Juodoji druska Kala Namak, rupi"},"content":{"rendered":"<p><strong>Juodoji druska Kala Namak<\/strong><br \/>\nJuodoji druska, Piet\u0173 Azijoje \u017einoma kaip Kala Namak, yra vulkanin\u0117s kilm\u0117s druska su b\u016bdingu sieros aromatu, da\u017enai naudojama ajurvedos medicinoje ir tradiciniuose patiekaluose d\u0117l jos teigiam\u0173 sveikatos poveiki\u0173.<br \/>\nManoma, kad ji turi vir\u0161kinim\u0105 gerinan\u010di\u0173 savybi\u0173.<br \/>\nJos ma\u017eas natrio kiekis, palyginti su \u012fprasta stalo druska, daro j\u0105 sveikesne alternatyva tiems, kurie stebi savo druskos suvartojim\u0105.<br \/>\nBe to, juodoji druska da\u017enai naudojama vegani\u0161koje virtuv\u0117je kaip skonio stipriklis, ypa\u010d siekiant imituoti kiau\u0161ini\u0173 skon\u012f patiekaluose.<br \/>\nJuodosios druskos unikalios savyb\u0117s, \u012fskaitant jos poveik\u012f skatinant vir\u0161kinim\u0105, mineral\u0173 turin\u012f ir kulinarin\u012f universalum\u0105, daro j\u0105 vertinga \u012fvairi\u0173 patiekal\u0173 dalimi.<br \/>\nJuodoji druska Kala Namak pasi\u017eymi savitu skoniu ir kvapu. Galima naudoti nedidel\u012f kiek\u012f u\u017eb\u0117rus ant kepinto susmulkinto tofu su \u0161iek tiek ciber\u017eol\u0117s vegani\u0161kai \u201ekiau\u0161inienei\u201c gaminti. Puikiai tinka prie pusry\u010di\u0173 skrebu\u010dio su avokadu.<\/p>\n<p>Kadangi \u0161i druska yra stambi, j\u0105 reikia smulkinti mal\u016bn\u0117lyje ar gr\u016bstuv\u0117je.<\/p>\n<p>PASTABA. Svetain\u0117je pateikiama informacija negali b\u016bti interpretuojama kaip gydymo ar kitokio pob\u016bd\u017eio sveikatos klausim\u0173 sprendimo rekomendacija. Raginame sprendimus, susijusius su asmenine sveikata, priimti asmeni\u0161kai, \u012fvertinus \u012fvairius informacijos \u0161altinius.<\/p>\n","protected":false},"excerpt":{"rendered":"<p>Juodoji druska Kala Namak Juodoji druska, Piet\u0173 Azijoje \u017einoma kaip Kala Namak, yra vulkanin\u0117s kilm\u0117s druska su b\u016bdingu sieros aromatu,<\/p>\n","protected":false},"featured_media":18749,"template":"","meta":{"_acf_changed":false},"product_brand":[],"product_cat":[2337,1318],"product_tag":[1380,1378],"class_list":{"0":"post-17581","1":"product","2":"type-product","3":"status-publish","4":"has-post-thumbnail","6":"product_cat-priedai-maistui-ruosti","7":"product_cat-ekologiski-saldikliai-druska","8":"product_tag-keto-mityba","9":"product_tag-veganams","10":"pa_svoris-1-kg","11":"pa_svoris-100-g","12":"pa_svoris-200-g","13":"pa_svoris-25-kg","14":"pa_svoris-300-g","15":"pa_svoris-400-g","16":"pa_svoris-500-g","18":"first","19":"instock","20":"shipping-taxable","21":"purchasable","22":"product-type-variable"},"acf":[],"yoast_head":"<!-- This site is optimized with the Yoast SEO plugin v27.5 - https:\/\/yoast.com\/product\/yoast-seo-wordpress\/ -->\n<title>Juodoji druska Kala Namak, rupi - Biopapa<\/title>\n<meta name=\"description\" content=\"Juodosios druskos unikalios savyb\u0117s, \u012fskaitant jos poveik\u012f skatinant vir\u0161kinim\u0105, mineral\u0173 turin\u012f ir kulinarin\u012f universalum\u0105, daro j\u0105 vertinga \u012fvairi\u0173 patiekal\u0173 dalimi.\" \/>\n<meta name=\"robots\" content=\"index, follow, max-snippet:-1, max-image-preview:large, max-video-preview:-1\" \/>\n<link rel=\"canonical\" href=\"https:\/\/www.biopapa.de\/lt\/producte\/juodoji-rupi-druska-kala-namak\/\" \/>\n<meta property=\"og:locale\" content=\"lt_LT\" \/>\n<meta property=\"og:type\" content=\"article\" \/>\n<meta property=\"og:title\" content=\"Juodoji druska Kala Namak, rupi - Biopapa\" \/>\n<meta property=\"og:description\" content=\"Juodosios druskos unikalios savyb\u0117s, \u012fskaitant jos poveik\u012f skatinant vir\u0161kinim\u0105, mineral\u0173 turin\u012f ir kulinarin\u012f universalum\u0105, daro j\u0105 vertinga \u012fvairi\u0173 patiekal\u0173 dalimi.\" \/>\n<meta property=\"og:url\" content=\"https:\/\/www.biopapa.de\/lt\/producte\/juodoji-rupi-druska-kala-namak\/\" \/>\n<meta property=\"og:site_name\" content=\"Biopapa\" \/>\n<meta property=\"article:publisher\" content=\"https:\/\/www.facebook.com\/biopapa.lt\" \/>\n<meta property=\"article:modified_time\" content=\"2026-02-04T12:52:44+00:00\" \/>\n<meta property=\"og:image\" content=\"https:\/\/www.biopapa.de\/wp-content\/uploads\/2022\/04\/juodoji-druska.jpg\" \/>\n\t<meta property=\"og:image:width\" content=\"800\" \/>\n\t<meta property=\"og:image:height\" content=\"640\" \/>\n\t<meta property=\"og:image:type\" content=\"image\/jpeg\" \/>\n<meta name=\"twitter:card\" content=\"summary_large_image\" \/>\n<meta name=\"twitter:label1\" content=\"Est. reading time\" \/>\n\t<meta name=\"twitter:data1\" content=\"1 minut\u0117\" \/>\n<script type=\"application\/ld+json\" class=\"yoast-schema-graph\">{\"@context\":\"https:\\\/\\\/schema.org\",\"@graph\":[{\"@type\":\"WebPage\",\"@id\":\"https:\\\/\\\/www.biopapa.de\\\/lt\\\/producte\\\/juodoji-rupi-druska-kala-namak\\\/\",\"url\":\"https:\\\/\\\/www.biopapa.de\\\/lt\\\/producte\\\/juodoji-rupi-druska-kala-namak\\\/\",\"name\":\"Juodoji druska Kala Namak, rupi - Biopapa\",\"isPartOf\":{\"@id\":\"https:\\\/\\\/www.biopapa.de\\\/lt\\\/#website\"},\"primaryImageOfPage\":{\"@id\":\"https:\\\/\\\/www.biopapa.de\\\/lt\\\/producte\\\/juodoji-rupi-druska-kala-namak\\\/#primaryimage\"},\"image\":{\"@id\":\"https:\\\/\\\/www.biopapa.de\\\/lt\\\/producte\\\/juodoji-rupi-druska-kala-namak\\\/#primaryimage\"},\"thumbnailUrl\":\"https:\\\/\\\/www.biopapa.de\\\/wp-content\\\/uploads\\\/2022\\\/04\\\/juodoji-druska.jpg\",\"datePublished\":\"2022-04-01T15:26:04+00:00\",\"dateModified\":\"2026-02-04T12:52:44+00:00\",\"description\":\"Juodosios druskos unikalios savyb\u0117s, \u012fskaitant jos poveik\u012f skatinant vir\u0161kinim\u0105, mineral\u0173 turin\u012f ir kulinarin\u012f universalum\u0105, daro j\u0105 vertinga \u012fvairi\u0173 patiekal\u0173 dalimi.\",\"breadcrumb\":{\"@id\":\"https:\\\/\\\/www.biopapa.de\\\/lt\\\/producte\\\/juodoji-rupi-druska-kala-namak\\\/#breadcrumb\"},\"inLanguage\":\"lt-LT\",\"potentialAction\":[{\"@type\":\"ReadAction\",\"target\":[\"https:\\\/\\\/www.biopapa.de\\\/lt\\\/producte\\\/juodoji-rupi-druska-kala-namak\\\/\"]}]},{\"@type\":\"ImageObject\",\"inLanguage\":\"lt-LT\",\"@id\":\"https:\\\/\\\/www.biopapa.de\\\/lt\\\/producte\\\/juodoji-rupi-druska-kala-namak\\\/#primaryimage\",\"url\":\"https:\\\/\\\/www.biopapa.de\\\/wp-content\\\/uploads\\\/2022\\\/04\\\/juodoji-druska.jpg\",\"contentUrl\":\"https:\\\/\\\/www.biopapa.de\\\/wp-content\\\/uploads\\\/2022\\\/04\\\/juodoji-druska.jpg\",\"width\":800,\"height\":640,\"caption\":\"Juodoji druska Kala Namak, rupi\"},{\"@type\":\"BreadcrumbList\",\"@id\":\"https:\\\/\\\/www.biopapa.de\\\/lt\\\/producte\\\/juodoji-rupi-druska-kala-namak\\\/#breadcrumb\",\"itemListElement\":[{\"@type\":\"ListItem\",\"position\":1,\"name\":\"Home\",\"item\":\"https:\\\/\\\/www.biopapa.de\\\/lt\\\/\"},{\"@type\":\"ListItem\",\"position\":2,\"name\":\"Parduotuv\u0117\",\"item\":\"https:\\\/\\\/www.biopapa.de\\\/parduotuve\\\/\"},{\"@type\":\"ListItem\",\"position\":3,\"name\":\"Juodoji druska Kala Namak, rupi\"}]},{\"@type\":\"WebSite\",\"@id\":\"https:\\\/\\\/www.biopapa.de\\\/lt\\\/#website\",\"url\":\"https:\\\/\\\/www.biopapa.de\\\/lt\\\/\",\"name\":\"Biopapa\",\"description\":\"\u0160var\u016bs ekologi\u0161ki produktai\",\"publisher\":{\"@id\":\"https:\\\/\\\/www.biopapa.de\\\/lt\\\/#organization\"},\"potentialAction\":[{\"@type\":\"SearchAction\",\"target\":{\"@type\":\"EntryPoint\",\"urlTemplate\":\"https:\\\/\\\/www.biopapa.de\\\/lt\\\/?s={search_term_string}\"},\"query-input\":{\"@type\":\"PropertyValueSpecification\",\"valueRequired\":true,\"valueName\":\"search_term_string\"}}],\"inLanguage\":\"lt-LT\"},{\"@type\":\"Organization\",\"@id\":\"https:\\\/\\\/www.biopapa.de\\\/lt\\\/#organization\",\"name\":\"Biopapa\",\"url\":\"https:\\\/\\\/www.biopapa.de\\\/lt\\\/\",\"logo\":{\"@type\":\"ImageObject\",\"inLanguage\":\"lt-LT\",\"@id\":\"https:\\\/\\\/www.biopapa.de\\\/lt\\\/#\\\/schema\\\/logo\\\/image\\\/\",\"url\":\"https:\\\/\\\/www.biopapa.lt\\\/wp-content\\\/uploads\\\/2022\\\/04\\\/facebook_biopapa.jpg\",\"contentUrl\":\"https:\\\/\\\/www.biopapa.lt\\\/wp-content\\\/uploads\\\/2022\\\/04\\\/facebook_biopapa.jpg\",\"width\":1733,\"height\":907,\"caption\":\"Biopapa\"},\"image\":{\"@id\":\"https:\\\/\\\/www.biopapa.de\\\/lt\\\/#\\\/schema\\\/logo\\\/image\\\/\"},\"sameAs\":[\"https:\\\/\\\/www.facebook.com\\\/biopapa.lt\"]}]}<\/script>\n<!-- \/ Yoast SEO plugin. -->","yoast_head_json":{"title":"Juodoji druska Kala Namak, rupi - Biopapa","description":"Juodosios druskos unikalios savyb\u0117s, \u012fskaitant jos poveik\u012f skatinant vir\u0161kinim\u0105, mineral\u0173 turin\u012f ir kulinarin\u012f universalum\u0105, daro j\u0105 vertinga \u012fvairi\u0173 patiekal\u0173 dalimi.","robots":{"index":"index","follow":"follow","max-snippet":"max-snippet:-1","max-image-preview":"max-image-preview:large","max-video-preview":"max-video-preview:-1"},"canonical":"https:\/\/www.biopapa.de\/lt\/producte\/juodoji-rupi-druska-kala-namak\/","og_locale":"lt_LT","og_type":"article","og_title":"Juodoji druska Kala Namak, rupi - Biopapa","og_description":"Juodosios druskos unikalios savyb\u0117s, \u012fskaitant jos poveik\u012f skatinant vir\u0161kinim\u0105, mineral\u0173 turin\u012f ir kulinarin\u012f universalum\u0105, daro j\u0105 vertinga \u012fvairi\u0173 patiekal\u0173 dalimi.","og_url":"https:\/\/www.biopapa.de\/lt\/producte\/juodoji-rupi-druska-kala-namak\/","og_site_name":"Biopapa","article_publisher":"https:\/\/www.facebook.com\/biopapa.lt","article_modified_time":"2026-02-04T12:52:44+00:00","og_image":[{"width":800,"height":640,"url":"https:\/\/www.biopapa.de\/wp-content\/uploads\/2022\/04\/juodoji-druska.jpg","type":"image\/jpeg"}],"twitter_card":"summary_large_image","twitter_misc":{"Est. reading time":"1 minut\u0117"},"schema":{"@context":"https:\/\/schema.org","@graph":[{"@type":"WebPage","@id":"https:\/\/www.biopapa.de\/lt\/producte\/juodoji-rupi-druska-kala-namak\/","url":"https:\/\/www.biopapa.de\/lt\/producte\/juodoji-rupi-druska-kala-namak\/","name":"Juodoji druska Kala Namak, rupi - Biopapa","isPartOf":{"@id":"https:\/\/www.biopapa.de\/lt\/#website"},"primaryImageOfPage":{"@id":"https:\/\/www.biopapa.de\/lt\/producte\/juodoji-rupi-druska-kala-namak\/#primaryimage"},"image":{"@id":"https:\/\/www.biopapa.de\/lt\/producte\/juodoji-rupi-druska-kala-namak\/#primaryimage"},"thumbnailUrl":"https:\/\/www.biopapa.de\/wp-content\/uploads\/2022\/04\/juodoji-druska.jpg","datePublished":"2022-04-01T15:26:04+00:00","dateModified":"2026-02-04T12:52:44+00:00","description":"Juodosios druskos unikalios savyb\u0117s, \u012fskaitant jos poveik\u012f skatinant vir\u0161kinim\u0105, mineral\u0173 turin\u012f ir kulinarin\u012f universalum\u0105, daro j\u0105 vertinga \u012fvairi\u0173 patiekal\u0173 dalimi.","breadcrumb":{"@id":"https:\/\/www.biopapa.de\/lt\/producte\/juodoji-rupi-druska-kala-namak\/#breadcrumb"},"inLanguage":"lt-LT","potentialAction":[{"@type":"ReadAction","target":["https:\/\/www.biopapa.de\/lt\/producte\/juodoji-rupi-druska-kala-namak\/"]}]},{"@type":"ImageObject","inLanguage":"lt-LT","@id":"https:\/\/www.biopapa.de\/lt\/producte\/juodoji-rupi-druska-kala-namak\/#primaryimage","url":"https:\/\/www.biopapa.de\/wp-content\/uploads\/2022\/04\/juodoji-druska.jpg","contentUrl":"https:\/\/www.biopapa.de\/wp-content\/uploads\/2022\/04\/juodoji-druska.jpg","width":800,"height":640,"caption":"Juodoji druska Kala Namak, rupi"},{"@type":"BreadcrumbList","@id":"https:\/\/www.biopapa.de\/lt\/producte\/juodoji-rupi-druska-kala-namak\/#breadcrumb","itemListElement":[{"@type":"ListItem","position":1,"name":"Home","item":"https:\/\/www.biopapa.de\/lt\/"},{"@type":"ListItem","position":2,"name":"Parduotuv\u0117","item":"https:\/\/www.biopapa.de\/parduotuve\/"},{"@type":"ListItem","position":3,"name":"Juodoji druska Kala Namak, rupi"}]},{"@type":"WebSite","@id":"https:\/\/www.biopapa.de\/lt\/#website","url":"https:\/\/www.biopapa.de\/lt\/","name":"Biopapa","description":"\u0160var\u016bs ekologi\u0161ki produktai","publisher":{"@id":"https:\/\/www.biopapa.de\/lt\/#organization"},"potentialAction":[{"@type":"SearchAction","target":{"@type":"EntryPoint","urlTemplate":"https:\/\/www.biopapa.de\/lt\/?s={search_term_string}"},"query-input":{"@type":"PropertyValueSpecification","valueRequired":true,"valueName":"search_term_string"}}],"inLanguage":"lt-LT"},{"@type":"Organization","@id":"https:\/\/www.biopapa.de\/lt\/#organization","name":"Biopapa","url":"https:\/\/www.biopapa.de\/lt\/","logo":{"@type":"ImageObject","inLanguage":"lt-LT","@id":"https:\/\/www.biopapa.de\/lt\/#\/schema\/logo\/image\/","url":"https:\/\/www.biopapa.lt\/wp-content\/uploads\/2022\/04\/facebook_biopapa.jpg","contentUrl":"https:\/\/www.biopapa.lt\/wp-content\/uploads\/2022\/04\/facebook_biopapa.jpg","width":1733,"height":907,"caption":"Biopapa"},"image":{"@id":"https:\/\/www.biopapa.de\/lt\/#\/schema\/logo\/image\/"},"sameAs":["https:\/\/www.facebook.com\/biopapa.lt"]}]}},"_links":{"self":[{"href":"https:\/\/www.biopapa.de\/lt\/wp-json\/wp\/v2\/product\/17581","targetHints":{"allow":["GET"]}}],"collection":[{"href":"https:\/\/www.biopapa.de\/lt\/wp-json\/wp\/v2\/product"}],"about":[{"href":"https:\/\/www.biopapa.de\/lt\/wp-json\/wp\/v2\/types\/product"}],"wp:featuredmedia":[{"embeddable":true,"href":"https:\/\/www.biopapa.de\/lt\/wp-json\/wp\/v2\/media\/18749"}],"wp:attachment":[{"href":"https:\/\/www.biopapa.de\/lt\/wp-json\/wp\/v2\/media?parent=17581"}],"wp:term":[{"taxonomy":"product_brand","embeddable":true,"href":"https:\/\/www.biopapa.de\/lt\/wp-json\/wp\/v2\/product_brand?post=17581"},{"taxonomy":"product_cat","embeddable":true,"href":"https:\/\/www.biopapa.de\/lt\/wp-json\/wp\/v2\/product_cat?post=17581"},{"taxonomy":"product_tag","embeddable":true,"href":"https:\/\/www.biopapa.de\/lt\/wp-json\/wp\/v2\/product_tag?post=17581"}],"curies":[{"name":"wp","href":"https:\/\/api.w.org\/{rel}","templated":true}]}}