{"id":18268,"date":"2022-05-07T17:20:10","date_gmt":"2022-05-07T14:20:10","guid":{"rendered":"https:\/\/www.biopapa.lt\/?post_type=product&#038;p=18268"},"modified":"2026-04-23T14:09:29","modified_gmt":"2026-04-23T11:09:29","slug":"ekologiski-laukiniai-meskiniai-cesnakai","status":"publish","type":"product","link":"https:\/\/www.biopapa.de\/lt\/producte\/ekologiski-laukiniai-meskiniai-cesnakai\/","title":{"rendered":"Ekologi\u0161ki d\u017eiovinti laukiniai (me\u0161kiniai) \u010desnakai"},"content":{"rendered":"<p><strong>Ekologi\u0161ki d\u017eiovinti laukiniai (me\u0161kiniai) \u010desnakai<\/strong><br \/>\nD\u017eiovintas laukinis \u010desnakas, taip pat \u017einomas kaip me\u0161kinis \u010desnakas, yra laukinis augalas, kur\u012f \u017emon\u0117s rinko ir naudojo virtuv\u0117je bei medicinoje \u0161imtme\u010dius, ypa\u010d Europoje. \u0160i aromatinga \u017eol\u0117, auganti laukin\u0117je gamtoje, yra vertinama d\u0117l subtilaus \u010desnako skonio ir sveikat\u0105 skatinan\u010di\u0173 savybi\u0173.<\/p>\n<p>Tradicionaliai d\u017eiovintas laukinis \u010desnakas buvo naudojamas patiekalams pagardinti, \u017eoleli\u0173 arbatose ir kaip priemon\u0117 siekiant pagerinti bendr\u0105 sveikat\u0105. Manoma, kad jis detoksikuoja k\u016bn\u0105 ir gerina vir\u0161kinim\u0105.<br \/>\nVirtuv\u0117je d\u017eiovintas laukinis \u010desnakas gali b\u016bti naudojamas pana\u0161iai kaip \u0161vie\u017eias \u010desnakas, bet suteikia \u0161velnesn\u012f, subtiliau i\u0161reik\u0161t\u0105 skon\u012f.<br \/>\nJo universalumas ir sveikatos privalumai daro d\u017eiovint\u0105 laukin\u012f \u010desnak\u0105 vertingu ingredientu tiek tradicin\u0117je, tiek \u0161iuolaikin\u0117je kulinarin\u0117je praktikoje, praturtinant patiekalus savitu skoniu ir maistin\u0117mis savyb\u0117mis.<\/p>\n<p>\u0160ie ekologi\u0161ki d\u017eiovinti me\u0161kiniai \u010desnakai \u2013 puikus prieskonis j\u016bs\u0173 gamybos pesto, makaron\u0173 patiekalams, prieskoni\u0173 mi\u0161iniams, tro\u0161kiniams, pada\u017eams.<br \/>\nPrimena \u010desnak\u0173 lai\u0161kus, ta\u010diau turi kiek kitok\u012f atspalv\u012f.<br \/>\nParagaukite, ir \u012fsitikinkite patys!<\/p>\n<p><em>PASTABA. \u010cia pateikta informacija negali b\u016bti interpretuojama kaip gydymo ar kitokio pob\u016bd\u017eio sveikatos klausim\u0173 sprendimo rekomendacija.\u00a0Raginame sprendimus, susijusius su asmenine sveikata, priimti asmeni\u0161kai, \u012fvertinus \u012fvairius informacijos \u0161altinius.<\/em><\/p>\n","protected":false},"excerpt":{"rendered":"<p>Ekologi\u0161ki d\u017eiovinti laukiniai (me\u0161kiniai) \u010desnakai D\u017eiovintas laukinis \u010desnakas, taip pat \u017einomas kaip me\u0161kinis \u010desnakas, yra laukinis augalas, kur\u012f \u017emon\u0117s rinko<\/p>\n","protected":false},"featured_media":18787,"template":"","meta":{"_acf_changed":false},"product_brand":[],"product_cat":[1315],"product_tag":[1378,1382],"class_list":{"0":"post-18268","1":"product","2":"type-product","3":"status-publish","4":"has-post-thumbnail","6":"product_cat-ekologiski-prieskoniai","7":"product_tag-veganams","8":"product_tag-zaliavalgiams","9":"pa_svoris-1-kg","10":"pa_svoris-100-g","11":"pa_svoris-200-g","12":"pa_svoris-300-g","13":"pa_svoris-400-g","14":"pa_svoris-50-g","15":"pa_svoris-500-g","17":"first","18":"instock","19":"shipping-taxable","20":"purchasable","21":"product-type-variable"},"acf":[],"yoast_head":"<!-- This site is optimized with the Yoast SEO plugin v27.5 - https:\/\/yoast.com\/product\/yoast-seo-wordpress\/ -->\n<title>Ekologi\u0161ki d\u017eiovinti laukiniai (me\u0161kiniai) \u010desnakai - Biopapa<\/title>\n<meta name=\"description\" content=\"D\u017eiovintas laukinis \u010desnakas, taip pat \u017einomas kaip me\u0161kinis \u010desnakas, yra laukinis augalas, kur\u012f \u017emon\u0117s rinko ir naudojo virtuv\u0117je bei medicinoje \u0161imtme\u010dius\" \/>\n<meta name=\"robots\" content=\"index, follow, max-snippet:-1, max-image-preview:large, max-video-preview:-1\" \/>\n<link rel=\"canonical\" href=\"https:\/\/www.biopapa.de\/lt\/producte\/ekologiski-laukiniai-meskiniai-cesnakai\/\" \/>\n<meta property=\"og:locale\" content=\"lt_LT\" \/>\n<meta property=\"og:type\" content=\"article\" \/>\n<meta property=\"og:title\" content=\"Ekologi\u0161ki d\u017eiovinti laukiniai (me\u0161kiniai) \u010desnakai - Biopapa\" \/>\n<meta property=\"og:description\" content=\"D\u017eiovintas laukinis \u010desnakas, taip pat \u017einomas kaip me\u0161kinis \u010desnakas, yra laukinis augalas, kur\u012f \u017emon\u0117s rinko ir naudojo virtuv\u0117je bei medicinoje \u0161imtme\u010dius\" \/>\n<meta property=\"og:url\" content=\"https:\/\/www.biopapa.de\/lt\/producte\/ekologiski-laukiniai-meskiniai-cesnakai\/\" \/>\n<meta property=\"og:site_name\" content=\"Biopapa\" \/>\n<meta property=\"article:publisher\" content=\"https:\/\/www.facebook.com\/biopapa.lt\" \/>\n<meta property=\"article:modified_time\" content=\"2026-04-23T11:09:29+00:00\" \/>\n<meta property=\"og:image\" content=\"https:\/\/www.biopapa.de\/wp-content\/uploads\/2022\/05\/laukiniai-meskiniai-cesnakai.jpg\" \/>\n\t<meta property=\"og:image:width\" content=\"800\" \/>\n\t<meta property=\"og:image:height\" content=\"640\" \/>\n\t<meta property=\"og:image:type\" content=\"image\/jpeg\" \/>\n<meta name=\"twitter:card\" content=\"summary_large_image\" \/>\n<meta name=\"twitter:label1\" content=\"Est. reading time\" \/>\n\t<meta name=\"twitter:data1\" content=\"1 minut\u0117\" \/>\n<script type=\"application\/ld+json\" class=\"yoast-schema-graph\">{\"@context\":\"https:\\\/\\\/schema.org\",\"@graph\":[{\"@type\":\"WebPage\",\"@id\":\"https:\\\/\\\/www.biopapa.de\\\/lt\\\/producte\\\/ekologiski-laukiniai-meskiniai-cesnakai\\\/\",\"url\":\"https:\\\/\\\/www.biopapa.de\\\/lt\\\/producte\\\/ekologiski-laukiniai-meskiniai-cesnakai\\\/\",\"name\":\"Ekologi\u0161ki d\u017eiovinti laukiniai (me\u0161kiniai) \u010desnakai - Biopapa\",\"isPartOf\":{\"@id\":\"https:\\\/\\\/www.biopapa.de\\\/lt\\\/#website\"},\"primaryImageOfPage\":{\"@id\":\"https:\\\/\\\/www.biopapa.de\\\/lt\\\/producte\\\/ekologiski-laukiniai-meskiniai-cesnakai\\\/#primaryimage\"},\"image\":{\"@id\":\"https:\\\/\\\/www.biopapa.de\\\/lt\\\/producte\\\/ekologiski-laukiniai-meskiniai-cesnakai\\\/#primaryimage\"},\"thumbnailUrl\":\"https:\\\/\\\/www.biopapa.de\\\/wp-content\\\/uploads\\\/2022\\\/05\\\/laukiniai-meskiniai-cesnakai.jpg\",\"datePublished\":\"2022-05-07T14:20:10+00:00\",\"dateModified\":\"2026-04-23T11:09:29+00:00\",\"description\":\"D\u017eiovintas laukinis \u010desnakas, taip pat \u017einomas kaip me\u0161kinis \u010desnakas, yra laukinis augalas, kur\u012f \u017emon\u0117s rinko ir naudojo virtuv\u0117je bei medicinoje \u0161imtme\u010dius\",\"breadcrumb\":{\"@id\":\"https:\\\/\\\/www.biopapa.de\\\/lt\\\/producte\\\/ekologiski-laukiniai-meskiniai-cesnakai\\\/#breadcrumb\"},\"inLanguage\":\"lt-LT\",\"potentialAction\":[{\"@type\":\"ReadAction\",\"target\":[\"https:\\\/\\\/www.biopapa.de\\\/lt\\\/producte\\\/ekologiski-laukiniai-meskiniai-cesnakai\\\/\"]}]},{\"@type\":\"ImageObject\",\"inLanguage\":\"lt-LT\",\"@id\":\"https:\\\/\\\/www.biopapa.de\\\/lt\\\/producte\\\/ekologiski-laukiniai-meskiniai-cesnakai\\\/#primaryimage\",\"url\":\"https:\\\/\\\/www.biopapa.de\\\/wp-content\\\/uploads\\\/2022\\\/05\\\/laukiniai-meskiniai-cesnakai.jpg\",\"contentUrl\":\"https:\\\/\\\/www.biopapa.de\\\/wp-content\\\/uploads\\\/2022\\\/05\\\/laukiniai-meskiniai-cesnakai.jpg\",\"width\":800,\"height\":640,\"caption\":\"Ekologi\u0161ki laukiniai (me\u0161kiniai) \u010desnakai\"},{\"@type\":\"BreadcrumbList\",\"@id\":\"https:\\\/\\\/www.biopapa.de\\\/lt\\\/producte\\\/ekologiski-laukiniai-meskiniai-cesnakai\\\/#breadcrumb\",\"itemListElement\":[{\"@type\":\"ListItem\",\"position\":1,\"name\":\"Home\",\"item\":\"https:\\\/\\\/www.biopapa.de\\\/lt\\\/\"},{\"@type\":\"ListItem\",\"position\":2,\"name\":\"Parduotuv\u0117\",\"item\":\"https:\\\/\\\/www.biopapa.de\\\/parduotuve\\\/\"},{\"@type\":\"ListItem\",\"position\":3,\"name\":\"Ekologi\u0161ki d\u017eiovinti laukiniai (me\u0161kiniai) \u010desnakai\"}]},{\"@type\":\"WebSite\",\"@id\":\"https:\\\/\\\/www.biopapa.de\\\/lt\\\/#website\",\"url\":\"https:\\\/\\\/www.biopapa.de\\\/lt\\\/\",\"name\":\"Biopapa\",\"description\":\"\u0160var\u016bs ekologi\u0161ki produktai\",\"publisher\":{\"@id\":\"https:\\\/\\\/www.biopapa.de\\\/lt\\\/#organization\"},\"potentialAction\":[{\"@type\":\"SearchAction\",\"target\":{\"@type\":\"EntryPoint\",\"urlTemplate\":\"https:\\\/\\\/www.biopapa.de\\\/lt\\\/?s={search_term_string}\"},\"query-input\":{\"@type\":\"PropertyValueSpecification\",\"valueRequired\":true,\"valueName\":\"search_term_string\"}}],\"inLanguage\":\"lt-LT\"},{\"@type\":\"Organization\",\"@id\":\"https:\\\/\\\/www.biopapa.de\\\/lt\\\/#organization\",\"name\":\"Biopapa\",\"url\":\"https:\\\/\\\/www.biopapa.de\\\/lt\\\/\",\"logo\":{\"@type\":\"ImageObject\",\"inLanguage\":\"lt-LT\",\"@id\":\"https:\\\/\\\/www.biopapa.de\\\/lt\\\/#\\\/schema\\\/logo\\\/image\\\/\",\"url\":\"https:\\\/\\\/www.biopapa.lt\\\/wp-content\\\/uploads\\\/2022\\\/04\\\/facebook_biopapa.jpg\",\"contentUrl\":\"https:\\\/\\\/www.biopapa.lt\\\/wp-content\\\/uploads\\\/2022\\\/04\\\/facebook_biopapa.jpg\",\"width\":1733,\"height\":907,\"caption\":\"Biopapa\"},\"image\":{\"@id\":\"https:\\\/\\\/www.biopapa.de\\\/lt\\\/#\\\/schema\\\/logo\\\/image\\\/\"},\"sameAs\":[\"https:\\\/\\\/www.facebook.com\\\/biopapa.lt\"]}]}<\/script>\n<!-- \/ Yoast SEO plugin. -->","yoast_head_json":{"title":"Ekologi\u0161ki d\u017eiovinti laukiniai (me\u0161kiniai) \u010desnakai - Biopapa","description":"D\u017eiovintas laukinis \u010desnakas, taip pat \u017einomas kaip me\u0161kinis \u010desnakas, yra laukinis augalas, kur\u012f \u017emon\u0117s rinko ir naudojo virtuv\u0117je bei medicinoje \u0161imtme\u010dius","robots":{"index":"index","follow":"follow","max-snippet":"max-snippet:-1","max-image-preview":"max-image-preview:large","max-video-preview":"max-video-preview:-1"},"canonical":"https:\/\/www.biopapa.de\/lt\/producte\/ekologiski-laukiniai-meskiniai-cesnakai\/","og_locale":"lt_LT","og_type":"article","og_title":"Ekologi\u0161ki d\u017eiovinti laukiniai (me\u0161kiniai) \u010desnakai - Biopapa","og_description":"D\u017eiovintas laukinis \u010desnakas, taip pat \u017einomas kaip me\u0161kinis \u010desnakas, yra laukinis augalas, kur\u012f \u017emon\u0117s rinko ir naudojo virtuv\u0117je bei medicinoje \u0161imtme\u010dius","og_url":"https:\/\/www.biopapa.de\/lt\/producte\/ekologiski-laukiniai-meskiniai-cesnakai\/","og_site_name":"Biopapa","article_publisher":"https:\/\/www.facebook.com\/biopapa.lt","article_modified_time":"2026-04-23T11:09:29+00:00","og_image":[{"width":800,"height":640,"url":"https:\/\/www.biopapa.de\/wp-content\/uploads\/2022\/05\/laukiniai-meskiniai-cesnakai.jpg","type":"image\/jpeg"}],"twitter_card":"summary_large_image","twitter_misc":{"Est. reading time":"1 minut\u0117"},"schema":{"@context":"https:\/\/schema.org","@graph":[{"@type":"WebPage","@id":"https:\/\/www.biopapa.de\/lt\/producte\/ekologiski-laukiniai-meskiniai-cesnakai\/","url":"https:\/\/www.biopapa.de\/lt\/producte\/ekologiski-laukiniai-meskiniai-cesnakai\/","name":"Ekologi\u0161ki d\u017eiovinti laukiniai (me\u0161kiniai) \u010desnakai - Biopapa","isPartOf":{"@id":"https:\/\/www.biopapa.de\/lt\/#website"},"primaryImageOfPage":{"@id":"https:\/\/www.biopapa.de\/lt\/producte\/ekologiski-laukiniai-meskiniai-cesnakai\/#primaryimage"},"image":{"@id":"https:\/\/www.biopapa.de\/lt\/producte\/ekologiski-laukiniai-meskiniai-cesnakai\/#primaryimage"},"thumbnailUrl":"https:\/\/www.biopapa.de\/wp-content\/uploads\/2022\/05\/laukiniai-meskiniai-cesnakai.jpg","datePublished":"2022-05-07T14:20:10+00:00","dateModified":"2026-04-23T11:09:29+00:00","description":"D\u017eiovintas laukinis \u010desnakas, taip pat \u017einomas kaip me\u0161kinis \u010desnakas, yra laukinis augalas, kur\u012f \u017emon\u0117s rinko ir naudojo virtuv\u0117je bei medicinoje \u0161imtme\u010dius","breadcrumb":{"@id":"https:\/\/www.biopapa.de\/lt\/producte\/ekologiski-laukiniai-meskiniai-cesnakai\/#breadcrumb"},"inLanguage":"lt-LT","potentialAction":[{"@type":"ReadAction","target":["https:\/\/www.biopapa.de\/lt\/producte\/ekologiski-laukiniai-meskiniai-cesnakai\/"]}]},{"@type":"ImageObject","inLanguage":"lt-LT","@id":"https:\/\/www.biopapa.de\/lt\/producte\/ekologiski-laukiniai-meskiniai-cesnakai\/#primaryimage","url":"https:\/\/www.biopapa.de\/wp-content\/uploads\/2022\/05\/laukiniai-meskiniai-cesnakai.jpg","contentUrl":"https:\/\/www.biopapa.de\/wp-content\/uploads\/2022\/05\/laukiniai-meskiniai-cesnakai.jpg","width":800,"height":640,"caption":"Ekologi\u0161ki laukiniai (me\u0161kiniai) \u010desnakai"},{"@type":"BreadcrumbList","@id":"https:\/\/www.biopapa.de\/lt\/producte\/ekologiski-laukiniai-meskiniai-cesnakai\/#breadcrumb","itemListElement":[{"@type":"ListItem","position":1,"name":"Home","item":"https:\/\/www.biopapa.de\/lt\/"},{"@type":"ListItem","position":2,"name":"Parduotuv\u0117","item":"https:\/\/www.biopapa.de\/parduotuve\/"},{"@type":"ListItem","position":3,"name":"Ekologi\u0161ki d\u017eiovinti laukiniai (me\u0161kiniai) \u010desnakai"}]},{"@type":"WebSite","@id":"https:\/\/www.biopapa.de\/lt\/#website","url":"https:\/\/www.biopapa.de\/lt\/","name":"Biopapa","description":"\u0160var\u016bs ekologi\u0161ki produktai","publisher":{"@id":"https:\/\/www.biopapa.de\/lt\/#organization"},"potentialAction":[{"@type":"SearchAction","target":{"@type":"EntryPoint","urlTemplate":"https:\/\/www.biopapa.de\/lt\/?s={search_term_string}"},"query-input":{"@type":"PropertyValueSpecification","valueRequired":true,"valueName":"search_term_string"}}],"inLanguage":"lt-LT"},{"@type":"Organization","@id":"https:\/\/www.biopapa.de\/lt\/#organization","name":"Biopapa","url":"https:\/\/www.biopapa.de\/lt\/","logo":{"@type":"ImageObject","inLanguage":"lt-LT","@id":"https:\/\/www.biopapa.de\/lt\/#\/schema\/logo\/image\/","url":"https:\/\/www.biopapa.lt\/wp-content\/uploads\/2022\/04\/facebook_biopapa.jpg","contentUrl":"https:\/\/www.biopapa.lt\/wp-content\/uploads\/2022\/04\/facebook_biopapa.jpg","width":1733,"height":907,"caption":"Biopapa"},"image":{"@id":"https:\/\/www.biopapa.de\/lt\/#\/schema\/logo\/image\/"},"sameAs":["https:\/\/www.facebook.com\/biopapa.lt"]}]}},"_links":{"self":[{"href":"https:\/\/www.biopapa.de\/lt\/wp-json\/wp\/v2\/product\/18268","targetHints":{"allow":["GET"]}}],"collection":[{"href":"https:\/\/www.biopapa.de\/lt\/wp-json\/wp\/v2\/product"}],"about":[{"href":"https:\/\/www.biopapa.de\/lt\/wp-json\/wp\/v2\/types\/product"}],"wp:featuredmedia":[{"embeddable":true,"href":"https:\/\/www.biopapa.de\/lt\/wp-json\/wp\/v2\/media\/18787"}],"wp:attachment":[{"href":"https:\/\/www.biopapa.de\/lt\/wp-json\/wp\/v2\/media?parent=18268"}],"wp:term":[{"taxonomy":"product_brand","embeddable":true,"href":"https:\/\/www.biopapa.de\/lt\/wp-json\/wp\/v2\/product_brand?post=18268"},{"taxonomy":"product_cat","embeddable":true,"href":"https:\/\/www.biopapa.de\/lt\/wp-json\/wp\/v2\/product_cat?post=18268"},{"taxonomy":"product_tag","embeddable":true,"href":"https:\/\/www.biopapa.de\/lt\/wp-json\/wp\/v2\/product_tag?post=18268"}],"curies":[{"name":"wp","href":"https:\/\/api.w.org\/{rel}","templated":true}]}}