{"id":18270,"date":"2022-05-09T16:33:35","date_gmt":"2022-05-09T13:33:35","guid":{"rendered":"https:\/\/www.biopapa.lt\/?post_type=product&#038;p=18270"},"modified":"2026-04-03T12:24:01","modified_gmt":"2026-04-03T09:24:01","slug":"ekologiska-giliu-kava","status":"publish","type":"product","link":"https:\/\/www.biopapa.de\/lt\/producte\/ekologiska-giliu-kava\/","title":{"rendered":"Ekologi\u0161ka gili\u0173 kava, skrudinta"},"content":{"rendered":"<p>Kavos entuziastams nesvetimas unikali\u0173 ir kvapni\u0173 g\u0117rim\u0173 pasaulis, ta\u010diau ar kada nors gird\u0117jote apie ekologi\u0161k\u0105 gili\u0173 kav\u0105? \u0160is g\u0117rimas, pagamintas i\u0161 kuklios gil\u0117s, kelia bangas d\u0117l savo i\u0161skirtinio skonio, galimos naudos sveikatai ir universalaus naudojimo.<br \/>\n<strong>Ekologi\u0161ka gili\u0173 kava<\/strong> yra be kofeino ir glitimo, i\u0161siskirianti puikiu maistiniu profiliu. Gil\u0117se gausu pagrindini\u0173 maistini\u0173 med\u017eiag\u0173, toki\u0173 kaip skaidulos, sveikieji riebalai ir tam tikri mineralai. Gili\u0173 kavos \u012ftraukimas \u012f savo kasdienyb\u0119 gali pasi\u016blyti skan\u0173 b\u016bd\u0105, kaip \u012fsisavinti \u0161ias maistines med\u017eiagas ir pa\u012fvairinti g\u0117rim\u0173 pasirinkim\u0105.<br \/>\nNors ekologi\u0161koje gili\u0173 kavoje n\u0117ra kofeino, kaip ir tradicin\u0117je kavoje, ji suteikia nat\u016bral\u0173 energijos u\u017etais\u0105 d\u0117l sud\u0117tini\u0173 angliavandeni\u0173. Be to, \u017einoma, kad gil\u0117se yra antioksidant\u0173, kurie padeda kovoti su oksidaciniu stresu, gali suma\u017einti l\u0117tini\u0173 lig\u0173 rizik\u0105 ir palaikyti bendr\u0105 gerov\u0119.<br \/>\nEkologi\u0161ka gili\u0173 kava yra ne tik g\u0117rimas, bet ir gali suteikti i\u0161skirtin\u012f skon\u012f \u012fvairiems kulinariniams gaminiams. Jis gali b\u016bti naudojamas kaip nat\u016brali kvapioji med\u017eiaga gaminant tokius receptus kaip desertai, pada\u017eai ir marinatai. Rie\u0161utiniai atspalviai gali suteikti gilumo tiek saldiems, tiek pikanti\u0161kiems patiekalams, pasi\u016blydami kulinarin\u012f nuotyk\u012f, kuris pranoksta tradicines kavos pupeles.<br \/>\nEkologi\u0161ka gili\u0173 kava yra patrauklus mitybos, skonio ir tvarumo derinys. D\u0117l savo unikali\u0173 savybi\u0173 jis yra patrauklus pasirinkimas tiems, kurie ie\u0161ko alternatyvos tradicinei kavai arba nori i\u0161pl\u0117sti savo kulinarin\u012f akirat\u012f.<br \/>\nNors ekologi\u0161ka gili\u0173 kava turi daugyb\u0119 privalum\u0173 ir naudojimo b\u016bd\u0173, svarbu j\u0105 vartoti saikingai. Gil\u0117se yra tanin\u0173 \u2013 grup\u0117s kar\u010di\u0173j\u0173 augal\u0173 jungini\u0173, kurie gali suma\u017einti organizmo geb\u0117jim\u0105 \u012fsisavinti pagrindines maistines med\u017eiagas i\u0161 maisto.<br \/>\nTa\u010diau taninus nesunkiai pa\u0161alinsite virdami arba pamirkydami giles. \u0160is procesas pa\u0161alina j\u0173 kartum\u0105 ir leid\u017eia juos saugiai valgyti.<\/p>\n<p>Ekologi\u0161kos gili\u0173 kavos ruo\u0161imas yra paprastas procesas, apimantis gili\u0173 skrudinim\u0105 ir malim\u0105 prie\u0161 verdant. Gautas g\u0117rimas pasi\u017eymi subtiliu rie\u0161utiniu ir \u017eemi\u0161ku skoniu, puikiai tinka norintiems atrasti nauj\u0173 skonio potyri\u0173. Juo galima m\u0117gautis kaip \u0161iltu g\u0117rimu arba pasigaminti \u0161altus g\u0117rimus, kurie vasaros metu suteiks gaivumo.<\/p>\n<p><em>Receptas<\/em><br \/>\nIngredientai:<br \/>\n1-2 arb. \u0161. &#8211; Gili\u0173 kavos<br \/>\n1 puodukas &#8211; Vandens<br \/>\nSaldiklis ir augalinis pienas (neb\u016btina)<br \/>\nPrieskoniai (neb\u016btina), nes sud\u0117tyje yra kardamono, imbiero, cinamono, gvazdik\u0117li\u0173 (\u012fvairiomis proporcijomis).<\/p>\n<p>Paruo\u0161imas:<br \/>\nPrad\u0117kite nuo 1 iki 2 \u0161auk\u0161t\u0173 gili\u0173 kavos vienam puodeliui vandens, ta\u010diau galite reguliuoti kiek\u012f pagal savo skon\u012f.<br \/>\nU\u017evirinkite vanden\u012f, \u012fd\u0117kite norim\u0105 kiek\u012f gili\u0173 kavos ir virkite 5 -10 minu\u010di\u0173. Pabaigoje galite \u012fpilti augalinio pieno ir pasaldinti.<\/p>\n<p>Daugiau apie gili\u0173 kav\u0105 galite paskaityti <a href=\"https:\/\/bukimsveiki.lt\/giliu-kava\/\">\u010dia<\/a><\/p>\n<p><em>PASTABA. \u010cia pateikta informacija negali b\u016bti interpretuojama kaip gydymo ar kitokio pob\u016bd\u017eio sveikatos klausim\u0173 sprendimo rekomendacija. Raginame sprendimus, susijusius su asmenine sveikata, priimti asmeni\u0161kai, \u012fvertinus \u012fvairius informacijos \u0161altinius. <\/em><\/p>\n<p>&nbsp;<\/p>\n<p>&nbsp;<\/p>\n","protected":false},"excerpt":{"rendered":"<p>Kavos entuziastams nesvetimas unikali\u0173 ir kvapni\u0173 g\u0117rim\u0173 pasaulis, ta\u010diau ar kada nors gird\u0117jote apie ekologi\u0161k\u0105 gili\u0173 kav\u0105? \u0160is g\u0117rimas, pagamintas<\/p>\n","protected":false},"featured_media":18734,"template":"","meta":{"_acf_changed":false},"product_brand":[],"product_cat":[1265,1799],"product_tag":[1494,1378],"class_list":{"0":"post-18270","1":"product","2":"type-product","3":"status-publish","4":"has-post-thumbnail","6":"product_cat-ekologiska-kakava-arbata-kava","7":"product_cat-kava","8":"product_tag-be-glitimo","9":"product_tag-veganams","10":"pa_svoris-1-kg","11":"pa_svoris-100-g","12":"pa_svoris-200-g","13":"pa_svoris-25-g","14":"pa_svoris-25-kg","15":"pa_svoris-300-g","16":"pa_svoris-400-g","17":"pa_svoris-50-g","18":"pa_svoris-500-g","20":"first","21":"instock","22":"shipping-taxable","23":"purchasable","24":"product-type-variable"},"acf":[],"yoast_head":"<!-- This site is optimized with the Yoast SEO plugin v27.3 - https:\/\/yoast.com\/product\/yoast-seo-wordpress\/ -->\n<title>Ekologi\u0161ka gili\u0173 kava, skrudinta - Biopapa<\/title>\n<meta name=\"description\" content=\"Ekologi\u0161ka gili\u0173 kava yra be kofeino ir glitimo, i\u0161siskirianti puikiu maistiniu profiliu. Gili\u0173 kavos \u012ftraukimas \u012f savo kasdienyb\u0119 gali pasi\u016blyti skan\u0173 b\u016bd\u0105, kaip pa\u012fvairinti nauding\u0173 g\u0117rim\u0173 pasirinkim\u0105.\" \/>\n<meta name=\"robots\" content=\"index, follow, max-snippet:-1, max-image-preview:large, max-video-preview:-1\" \/>\n<link rel=\"canonical\" href=\"https:\/\/www.biopapa.de\/lt\/producte\/ekologiska-giliu-kava\/\" \/>\n<meta property=\"og:locale\" content=\"lt_LT\" \/>\n<meta property=\"og:type\" content=\"article\" \/>\n<meta property=\"og:title\" content=\"Ekologi\u0161ka gili\u0173 kava, skrudinta - Biopapa\" \/>\n<meta property=\"og:description\" content=\"Ekologi\u0161ka gili\u0173 kava yra be kofeino ir glitimo, i\u0161siskirianti puikiu maistiniu profiliu. Gili\u0173 kavos \u012ftraukimas \u012f savo kasdienyb\u0119 gali pasi\u016blyti skan\u0173 b\u016bd\u0105, kaip pa\u012fvairinti nauding\u0173 g\u0117rim\u0173 pasirinkim\u0105.\" \/>\n<meta property=\"og:url\" content=\"https:\/\/www.biopapa.de\/lt\/producte\/ekologiska-giliu-kava\/\" \/>\n<meta property=\"og:site_name\" content=\"Biopapa\" \/>\n<meta property=\"article:publisher\" content=\"https:\/\/www.facebook.com\/biopapa.lt\" \/>\n<meta property=\"article:modified_time\" content=\"2026-04-03T09:24:01+00:00\" \/>\n<meta property=\"og:image\" content=\"https:\/\/www.biopapa.de\/wp-content\/uploads\/2022\/05\/giliu-kava.jpg\" \/>\n\t<meta property=\"og:image:width\" content=\"800\" \/>\n\t<meta property=\"og:image:height\" content=\"640\" \/>\n\t<meta property=\"og:image:type\" content=\"image\/jpeg\" \/>\n<meta name=\"twitter:card\" content=\"summary_large_image\" \/>\n<meta name=\"twitter:label1\" content=\"Est. reading time\" \/>\n\t<meta name=\"twitter:data1\" content=\"1 minut\u0117\" \/>\n<script type=\"application\/ld+json\" class=\"yoast-schema-graph\">{\"@context\":\"https:\\\/\\\/schema.org\",\"@graph\":[{\"@type\":\"WebPage\",\"@id\":\"https:\\\/\\\/www.biopapa.de\\\/lt\\\/producte\\\/ekologiska-giliu-kava\\\/\",\"url\":\"https:\\\/\\\/www.biopapa.de\\\/lt\\\/producte\\\/ekologiska-giliu-kava\\\/\",\"name\":\"Ekologi\u0161ka gili\u0173 kava, skrudinta - Biopapa\",\"isPartOf\":{\"@id\":\"https:\\\/\\\/www.biopapa.de\\\/lt\\\/#website\"},\"primaryImageOfPage\":{\"@id\":\"https:\\\/\\\/www.biopapa.de\\\/lt\\\/producte\\\/ekologiska-giliu-kava\\\/#primaryimage\"},\"image\":{\"@id\":\"https:\\\/\\\/www.biopapa.de\\\/lt\\\/producte\\\/ekologiska-giliu-kava\\\/#primaryimage\"},\"thumbnailUrl\":\"https:\\\/\\\/www.biopapa.de\\\/wp-content\\\/uploads\\\/2022\\\/05\\\/giliu-kava.jpg\",\"datePublished\":\"2022-05-09T13:33:35+00:00\",\"dateModified\":\"2026-04-03T09:24:01+00:00\",\"description\":\"Ekologi\u0161ka gili\u0173 kava yra be kofeino ir glitimo, i\u0161siskirianti puikiu maistiniu profiliu. Gili\u0173 kavos \u012ftraukimas \u012f savo kasdienyb\u0119 gali pasi\u016blyti skan\u0173 b\u016bd\u0105, kaip pa\u012fvairinti nauding\u0173 g\u0117rim\u0173 pasirinkim\u0105.\",\"breadcrumb\":{\"@id\":\"https:\\\/\\\/www.biopapa.de\\\/lt\\\/producte\\\/ekologiska-giliu-kava\\\/#breadcrumb\"},\"inLanguage\":\"lt-LT\",\"potentialAction\":[{\"@type\":\"ReadAction\",\"target\":[\"https:\\\/\\\/www.biopapa.de\\\/lt\\\/producte\\\/ekologiska-giliu-kava\\\/\"]}]},{\"@type\":\"ImageObject\",\"inLanguage\":\"lt-LT\",\"@id\":\"https:\\\/\\\/www.biopapa.de\\\/lt\\\/producte\\\/ekologiska-giliu-kava\\\/#primaryimage\",\"url\":\"https:\\\/\\\/www.biopapa.de\\\/wp-content\\\/uploads\\\/2022\\\/05\\\/giliu-kava.jpg\",\"contentUrl\":\"https:\\\/\\\/www.biopapa.de\\\/wp-content\\\/uploads\\\/2022\\\/05\\\/giliu-kava.jpg\",\"width\":800,\"height\":640,\"caption\":\"gili\u0173 kava\"},{\"@type\":\"BreadcrumbList\",\"@id\":\"https:\\\/\\\/www.biopapa.de\\\/lt\\\/producte\\\/ekologiska-giliu-kava\\\/#breadcrumb\",\"itemListElement\":[{\"@type\":\"ListItem\",\"position\":1,\"name\":\"Home\",\"item\":\"https:\\\/\\\/www.biopapa.de\\\/lt\\\/\"},{\"@type\":\"ListItem\",\"position\":2,\"name\":\"Parduotuv\u0117\",\"item\":\"https:\\\/\\\/www.biopapa.de\\\/parduotuve\\\/\"},{\"@type\":\"ListItem\",\"position\":3,\"name\":\"Ekologi\u0161ka gili\u0173 kava, skrudinta\"}]},{\"@type\":\"WebSite\",\"@id\":\"https:\\\/\\\/www.biopapa.de\\\/lt\\\/#website\",\"url\":\"https:\\\/\\\/www.biopapa.de\\\/lt\\\/\",\"name\":\"Biopapa\",\"description\":\"\u0160var\u016bs ekologi\u0161ki produktai\",\"publisher\":{\"@id\":\"https:\\\/\\\/www.biopapa.de\\\/lt\\\/#organization\"},\"potentialAction\":[{\"@type\":\"SearchAction\",\"target\":{\"@type\":\"EntryPoint\",\"urlTemplate\":\"https:\\\/\\\/www.biopapa.de\\\/lt\\\/?s={search_term_string}\"},\"query-input\":{\"@type\":\"PropertyValueSpecification\",\"valueRequired\":true,\"valueName\":\"search_term_string\"}}],\"inLanguage\":\"lt-LT\"},{\"@type\":\"Organization\",\"@id\":\"https:\\\/\\\/www.biopapa.de\\\/lt\\\/#organization\",\"name\":\"Biopapa\",\"url\":\"https:\\\/\\\/www.biopapa.de\\\/lt\\\/\",\"logo\":{\"@type\":\"ImageObject\",\"inLanguage\":\"lt-LT\",\"@id\":\"https:\\\/\\\/www.biopapa.de\\\/lt\\\/#\\\/schema\\\/logo\\\/image\\\/\",\"url\":\"https:\\\/\\\/www.biopapa.lt\\\/wp-content\\\/uploads\\\/2022\\\/04\\\/facebook_biopapa.jpg\",\"contentUrl\":\"https:\\\/\\\/www.biopapa.lt\\\/wp-content\\\/uploads\\\/2022\\\/04\\\/facebook_biopapa.jpg\",\"width\":1733,\"height\":907,\"caption\":\"Biopapa\"},\"image\":{\"@id\":\"https:\\\/\\\/www.biopapa.de\\\/lt\\\/#\\\/schema\\\/logo\\\/image\\\/\"},\"sameAs\":[\"https:\\\/\\\/www.facebook.com\\\/biopapa.lt\"]}]}<\/script>\n<!-- \/ Yoast SEO plugin. -->","yoast_head_json":{"title":"Ekologi\u0161ka gili\u0173 kava, skrudinta - Biopapa","description":"Ekologi\u0161ka gili\u0173 kava yra be kofeino ir glitimo, i\u0161siskirianti puikiu maistiniu profiliu. Gili\u0173 kavos \u012ftraukimas \u012f savo kasdienyb\u0119 gali pasi\u016blyti skan\u0173 b\u016bd\u0105, kaip pa\u012fvairinti nauding\u0173 g\u0117rim\u0173 pasirinkim\u0105.","robots":{"index":"index","follow":"follow","max-snippet":"max-snippet:-1","max-image-preview":"max-image-preview:large","max-video-preview":"max-video-preview:-1"},"canonical":"https:\/\/www.biopapa.de\/lt\/producte\/ekologiska-giliu-kava\/","og_locale":"lt_LT","og_type":"article","og_title":"Ekologi\u0161ka gili\u0173 kava, skrudinta - Biopapa","og_description":"Ekologi\u0161ka gili\u0173 kava yra be kofeino ir glitimo, i\u0161siskirianti puikiu maistiniu profiliu. Gili\u0173 kavos \u012ftraukimas \u012f savo kasdienyb\u0119 gali pasi\u016blyti skan\u0173 b\u016bd\u0105, kaip pa\u012fvairinti nauding\u0173 g\u0117rim\u0173 pasirinkim\u0105.","og_url":"https:\/\/www.biopapa.de\/lt\/producte\/ekologiska-giliu-kava\/","og_site_name":"Biopapa","article_publisher":"https:\/\/www.facebook.com\/biopapa.lt","article_modified_time":"2026-04-03T09:24:01+00:00","og_image":[{"width":800,"height":640,"url":"https:\/\/www.biopapa.de\/wp-content\/uploads\/2022\/05\/giliu-kava.jpg","type":"image\/jpeg"}],"twitter_card":"summary_large_image","twitter_misc":{"Est. reading time":"1 minut\u0117"},"schema":{"@context":"https:\/\/schema.org","@graph":[{"@type":"WebPage","@id":"https:\/\/www.biopapa.de\/lt\/producte\/ekologiska-giliu-kava\/","url":"https:\/\/www.biopapa.de\/lt\/producte\/ekologiska-giliu-kava\/","name":"Ekologi\u0161ka gili\u0173 kava, skrudinta - Biopapa","isPartOf":{"@id":"https:\/\/www.biopapa.de\/lt\/#website"},"primaryImageOfPage":{"@id":"https:\/\/www.biopapa.de\/lt\/producte\/ekologiska-giliu-kava\/#primaryimage"},"image":{"@id":"https:\/\/www.biopapa.de\/lt\/producte\/ekologiska-giliu-kava\/#primaryimage"},"thumbnailUrl":"https:\/\/www.biopapa.de\/wp-content\/uploads\/2022\/05\/giliu-kava.jpg","datePublished":"2022-05-09T13:33:35+00:00","dateModified":"2026-04-03T09:24:01+00:00","description":"Ekologi\u0161ka gili\u0173 kava yra be kofeino ir glitimo, i\u0161siskirianti puikiu maistiniu profiliu. Gili\u0173 kavos \u012ftraukimas \u012f savo kasdienyb\u0119 gali pasi\u016blyti skan\u0173 b\u016bd\u0105, kaip pa\u012fvairinti nauding\u0173 g\u0117rim\u0173 pasirinkim\u0105.","breadcrumb":{"@id":"https:\/\/www.biopapa.de\/lt\/producte\/ekologiska-giliu-kava\/#breadcrumb"},"inLanguage":"lt-LT","potentialAction":[{"@type":"ReadAction","target":["https:\/\/www.biopapa.de\/lt\/producte\/ekologiska-giliu-kava\/"]}]},{"@type":"ImageObject","inLanguage":"lt-LT","@id":"https:\/\/www.biopapa.de\/lt\/producte\/ekologiska-giliu-kava\/#primaryimage","url":"https:\/\/www.biopapa.de\/wp-content\/uploads\/2022\/05\/giliu-kava.jpg","contentUrl":"https:\/\/www.biopapa.de\/wp-content\/uploads\/2022\/05\/giliu-kava.jpg","width":800,"height":640,"caption":"gili\u0173 kava"},{"@type":"BreadcrumbList","@id":"https:\/\/www.biopapa.de\/lt\/producte\/ekologiska-giliu-kava\/#breadcrumb","itemListElement":[{"@type":"ListItem","position":1,"name":"Home","item":"https:\/\/www.biopapa.de\/lt\/"},{"@type":"ListItem","position":2,"name":"Parduotuv\u0117","item":"https:\/\/www.biopapa.de\/parduotuve\/"},{"@type":"ListItem","position":3,"name":"Ekologi\u0161ka gili\u0173 kava, skrudinta"}]},{"@type":"WebSite","@id":"https:\/\/www.biopapa.de\/lt\/#website","url":"https:\/\/www.biopapa.de\/lt\/","name":"Biopapa","description":"\u0160var\u016bs ekologi\u0161ki produktai","publisher":{"@id":"https:\/\/www.biopapa.de\/lt\/#organization"},"potentialAction":[{"@type":"SearchAction","target":{"@type":"EntryPoint","urlTemplate":"https:\/\/www.biopapa.de\/lt\/?s={search_term_string}"},"query-input":{"@type":"PropertyValueSpecification","valueRequired":true,"valueName":"search_term_string"}}],"inLanguage":"lt-LT"},{"@type":"Organization","@id":"https:\/\/www.biopapa.de\/lt\/#organization","name":"Biopapa","url":"https:\/\/www.biopapa.de\/lt\/","logo":{"@type":"ImageObject","inLanguage":"lt-LT","@id":"https:\/\/www.biopapa.de\/lt\/#\/schema\/logo\/image\/","url":"https:\/\/www.biopapa.lt\/wp-content\/uploads\/2022\/04\/facebook_biopapa.jpg","contentUrl":"https:\/\/www.biopapa.lt\/wp-content\/uploads\/2022\/04\/facebook_biopapa.jpg","width":1733,"height":907,"caption":"Biopapa"},"image":{"@id":"https:\/\/www.biopapa.de\/lt\/#\/schema\/logo\/image\/"},"sameAs":["https:\/\/www.facebook.com\/biopapa.lt"]}]}},"_links":{"self":[{"href":"https:\/\/www.biopapa.de\/lt\/wp-json\/wp\/v2\/product\/18270","targetHints":{"allow":["GET"]}}],"collection":[{"href":"https:\/\/www.biopapa.de\/lt\/wp-json\/wp\/v2\/product"}],"about":[{"href":"https:\/\/www.biopapa.de\/lt\/wp-json\/wp\/v2\/types\/product"}],"wp:featuredmedia":[{"embeddable":true,"href":"https:\/\/www.biopapa.de\/lt\/wp-json\/wp\/v2\/media\/18734"}],"wp:attachment":[{"href":"https:\/\/www.biopapa.de\/lt\/wp-json\/wp\/v2\/media?parent=18270"}],"wp:term":[{"taxonomy":"product_brand","embeddable":true,"href":"https:\/\/www.biopapa.de\/lt\/wp-json\/wp\/v2\/product_brand?post=18270"},{"taxonomy":"product_cat","embeddable":true,"href":"https:\/\/www.biopapa.de\/lt\/wp-json\/wp\/v2\/product_cat?post=18270"},{"taxonomy":"product_tag","embeddable":true,"href":"https:\/\/www.biopapa.de\/lt\/wp-json\/wp\/v2\/product_tag?post=18270"}],"curies":[{"name":"wp","href":"https:\/\/api.w.org\/{rel}","templated":true}]}}