{"id":18271,"date":"2022-05-09T16:02:29","date_gmt":"2022-05-09T13:02:29","guid":{"rendered":"https:\/\/www.biopapa.lt\/?post_type=product&#038;p=18271"},"modified":"2026-03-16T10:57:52","modified_gmt":"2026-03-16T08:57:52","slug":"ekologiski-juodieji-pipirai-grudeliais","status":"publish","type":"product","link":"https:\/\/www.biopapa.de\/lt\/producte\/ekologiski-juodieji-pipirai-grudeliais\/","title":{"rendered":"Ekologi\u0161ki juodieji pipirai, gr\u016bdeliais"},"content":{"rendered":"<p>Ekologi\u0161ki juodieji pipirai, gr\u016bdeliais<br \/>\nJuodasis pipiras, vadinamas \u201eprieskoni\u0173 karaliumi\u201c, turi ilgalaik\u0119 tradicij\u0105 kulinariniame pasaulyje, kil\u0119s i\u0161 Indijos.<br \/>\nVertinamas tiek d\u0117l savo a\u0161trumo, tiek d\u0117l skonio gilumo, juodasis pipiras turi piperin\u0105, kuris ne tik suteikia jam a\u0161trumo, bet ir pasi\u017eymi keletu sveikatai nauding\u0173 savybi\u0173.<br \/>\nVirtuv\u0117je juodasis pipiras yra ne\u012ftik\u0117tinai universalus; jis naudojamas \u0161vie\u017eiai sumaltas kaip pabaigos prieskonis \u012fvairiuose patiekaluose, nuo salot\u0173 ir sriub\u0173 iki makaron\u0173 ir daugiau. Jo geb\u0117jimas prid\u0117ti \u0161ilumos ir skonio patiekalams daro j\u012f nepakei\u010diamu ingredientu beveik kiekvienoje pasaulio virtuv\u0117je.<\/p>\n<p>Ekoligi\u0161ki juodieji pipirai gr\u016bdeliais \u2013 sodriai a\u0161traus skonio.<br \/>\nTinka gardinti pada\u017eus, garnyr\u0105, tro\u0161kinius, d\u0117ti \u012f marinatus bei mai\u0161yti su kitais prieskoniais.<\/p>\n<p><em>PASTABA. Svetain\u0117je pateikiama informacija negali b\u016bti interpretuojama kaip gydymo ar kitokio pob\u016bd\u017eio sveikatos klausim\u0173 sprendimo rekomendacija. Raginame sprendimus, susijusius su asmenine sveikata, priimti asmeni\u0161kai, \u012fvertinus \u012fvairius informacijos \u0161altinius.<\/em><\/p>\n","protected":false},"excerpt":{"rendered":"<p>Ekologi\u0161ki juodieji pipirai, gr\u016bdeliais Juodasis pipiras, vadinamas \u201eprieskoni\u0173 karaliumi\u201c, turi ilgalaik\u0119 tradicij\u0105 kulinariniame pasaulyje, kil\u0119s i\u0161 Indijos. Vertinamas tiek d\u0117l<\/p>\n","protected":false},"featured_media":18743,"template":"","meta":{"_acf_changed":false},"product_brand":[],"product_cat":[1315],"product_tag":[1378],"class_list":{"0":"post-18271","1":"product","2":"type-product","3":"status-publish","4":"has-post-thumbnail","6":"product_cat-ekologiski-prieskoniai","7":"product_tag-veganams","8":"pa_svoris-1-kg","9":"pa_svoris-100-g","10":"pa_svoris-200-g","11":"pa_svoris-25-g","12":"pa_svoris-25-kg","13":"pa_svoris-300-g","14":"pa_svoris-400-g","15":"pa_svoris-50-g","16":"pa_svoris-500-g","18":"first","19":"instock","20":"shipping-taxable","21":"purchasable","22":"product-type-variable"},"acf":[],"yoast_head":"<!-- This site is optimized with the Yoast SEO plugin v27.3 - https:\/\/yoast.com\/product\/yoast-seo-wordpress\/ -->\n<title>Ekologi\u0161ki juodieji pipirai, gr\u016bdeliais - Biopapa<\/title>\n<meta name=\"description\" content=\"Ekoligi\u0161ki juodieji pipirai gr\u016bdeliais \u2013 sodriai a\u0161traus skonio. Visiems patiekalams suteikia pikanti\u0161kumo.\" \/>\n<meta name=\"robots\" content=\"index, follow, max-snippet:-1, max-image-preview:large, max-video-preview:-1\" \/>\n<link rel=\"canonical\" href=\"https:\/\/www.biopapa.de\/lt\/producte\/ekologiski-juodieji-pipirai-grudeliais\/\" \/>\n<meta property=\"og:locale\" content=\"lt_LT\" \/>\n<meta property=\"og:type\" content=\"article\" \/>\n<meta property=\"og:title\" content=\"Ekologi\u0161ki juodieji pipirai, gr\u016bdeliais - Biopapa\" \/>\n<meta property=\"og:description\" content=\"Ekoligi\u0161ki juodieji pipirai gr\u016bdeliais \u2013 sodriai a\u0161traus skonio. Visiems patiekalams suteikia pikanti\u0161kumo.\" \/>\n<meta property=\"og:url\" content=\"https:\/\/www.biopapa.de\/lt\/producte\/ekologiski-juodieji-pipirai-grudeliais\/\" \/>\n<meta property=\"og:site_name\" content=\"Biopapa\" \/>\n<meta property=\"article:publisher\" content=\"https:\/\/www.facebook.com\/biopapa.lt\" \/>\n<meta property=\"article:modified_time\" content=\"2026-03-16T08:57:52+00:00\" \/>\n<meta property=\"og:image\" content=\"https:\/\/www.biopapa.de\/wp-content\/uploads\/2022\/05\/juodieji-pipirai-grudeliais.jpg\" \/>\n\t<meta property=\"og:image:width\" content=\"800\" \/>\n\t<meta property=\"og:image:height\" content=\"640\" \/>\n\t<meta property=\"og:image:type\" content=\"image\/jpeg\" \/>\n<meta name=\"twitter:card\" content=\"summary_large_image\" \/>\n<script type=\"application\/ld+json\" class=\"yoast-schema-graph\">{\"@context\":\"https:\\\/\\\/schema.org\",\"@graph\":[{\"@type\":\"WebPage\",\"@id\":\"https:\\\/\\\/www.biopapa.de\\\/lt\\\/producte\\\/ekologiski-juodieji-pipirai-grudeliais\\\/\",\"url\":\"https:\\\/\\\/www.biopapa.de\\\/lt\\\/producte\\\/ekologiski-juodieji-pipirai-grudeliais\\\/\",\"name\":\"Ekologi\u0161ki juodieji pipirai, gr\u016bdeliais - Biopapa\",\"isPartOf\":{\"@id\":\"https:\\\/\\\/www.biopapa.de\\\/lt\\\/#website\"},\"primaryImageOfPage\":{\"@id\":\"https:\\\/\\\/www.biopapa.de\\\/lt\\\/producte\\\/ekologiski-juodieji-pipirai-grudeliais\\\/#primaryimage\"},\"image\":{\"@id\":\"https:\\\/\\\/www.biopapa.de\\\/lt\\\/producte\\\/ekologiski-juodieji-pipirai-grudeliais\\\/#primaryimage\"},\"thumbnailUrl\":\"https:\\\/\\\/www.biopapa.de\\\/wp-content\\\/uploads\\\/2022\\\/05\\\/juodieji-pipirai-grudeliais.jpg\",\"datePublished\":\"2022-05-09T13:02:29+00:00\",\"dateModified\":\"2026-03-16T08:57:52+00:00\",\"description\":\"Ekoligi\u0161ki juodieji pipirai gr\u016bdeliais \u2013 sodriai a\u0161traus skonio. Visiems patiekalams suteikia pikanti\u0161kumo.\",\"breadcrumb\":{\"@id\":\"https:\\\/\\\/www.biopapa.de\\\/lt\\\/producte\\\/ekologiski-juodieji-pipirai-grudeliais\\\/#breadcrumb\"},\"inLanguage\":\"lt-LT\",\"potentialAction\":[{\"@type\":\"ReadAction\",\"target\":[\"https:\\\/\\\/www.biopapa.de\\\/lt\\\/producte\\\/ekologiski-juodieji-pipirai-grudeliais\\\/\"]}]},{\"@type\":\"ImageObject\",\"inLanguage\":\"lt-LT\",\"@id\":\"https:\\\/\\\/www.biopapa.de\\\/lt\\\/producte\\\/ekologiski-juodieji-pipirai-grudeliais\\\/#primaryimage\",\"url\":\"https:\\\/\\\/www.biopapa.de\\\/wp-content\\\/uploads\\\/2022\\\/05\\\/juodieji-pipirai-grudeliais.jpg\",\"contentUrl\":\"https:\\\/\\\/www.biopapa.de\\\/wp-content\\\/uploads\\\/2022\\\/05\\\/juodieji-pipirai-grudeliais.jpg\",\"width\":800,\"height\":640,\"caption\":\"Ekologi\u0161ki juodieji pipirai, gr\u016bdeliais\"},{\"@type\":\"BreadcrumbList\",\"@id\":\"https:\\\/\\\/www.biopapa.de\\\/lt\\\/producte\\\/ekologiski-juodieji-pipirai-grudeliais\\\/#breadcrumb\",\"itemListElement\":[{\"@type\":\"ListItem\",\"position\":1,\"name\":\"Home\",\"item\":\"https:\\\/\\\/www.biopapa.de\\\/lt\\\/\"},{\"@type\":\"ListItem\",\"position\":2,\"name\":\"Parduotuv\u0117\",\"item\":\"https:\\\/\\\/www.biopapa.de\\\/parduotuve\\\/\"},{\"@type\":\"ListItem\",\"position\":3,\"name\":\"Ekologi\u0161ki juodieji pipirai, gr\u016bdeliais\"}]},{\"@type\":\"WebSite\",\"@id\":\"https:\\\/\\\/www.biopapa.de\\\/lt\\\/#website\",\"url\":\"https:\\\/\\\/www.biopapa.de\\\/lt\\\/\",\"name\":\"Biopapa\",\"description\":\"\u0160var\u016bs ekologi\u0161ki produktai\",\"publisher\":{\"@id\":\"https:\\\/\\\/www.biopapa.de\\\/lt\\\/#organization\"},\"potentialAction\":[{\"@type\":\"SearchAction\",\"target\":{\"@type\":\"EntryPoint\",\"urlTemplate\":\"https:\\\/\\\/www.biopapa.de\\\/lt\\\/?s={search_term_string}\"},\"query-input\":{\"@type\":\"PropertyValueSpecification\",\"valueRequired\":true,\"valueName\":\"search_term_string\"}}],\"inLanguage\":\"lt-LT\"},{\"@type\":\"Organization\",\"@id\":\"https:\\\/\\\/www.biopapa.de\\\/lt\\\/#organization\",\"name\":\"Biopapa\",\"url\":\"https:\\\/\\\/www.biopapa.de\\\/lt\\\/\",\"logo\":{\"@type\":\"ImageObject\",\"inLanguage\":\"lt-LT\",\"@id\":\"https:\\\/\\\/www.biopapa.de\\\/lt\\\/#\\\/schema\\\/logo\\\/image\\\/\",\"url\":\"https:\\\/\\\/www.biopapa.lt\\\/wp-content\\\/uploads\\\/2022\\\/04\\\/facebook_biopapa.jpg\",\"contentUrl\":\"https:\\\/\\\/www.biopapa.lt\\\/wp-content\\\/uploads\\\/2022\\\/04\\\/facebook_biopapa.jpg\",\"width\":1733,\"height\":907,\"caption\":\"Biopapa\"},\"image\":{\"@id\":\"https:\\\/\\\/www.biopapa.de\\\/lt\\\/#\\\/schema\\\/logo\\\/image\\\/\"},\"sameAs\":[\"https:\\\/\\\/www.facebook.com\\\/biopapa.lt\"]}]}<\/script>\n<!-- \/ Yoast SEO plugin. -->","yoast_head_json":{"title":"Ekologi\u0161ki juodieji pipirai, gr\u016bdeliais - Biopapa","description":"Ekoligi\u0161ki juodieji pipirai gr\u016bdeliais \u2013 sodriai a\u0161traus skonio. Visiems patiekalams suteikia pikanti\u0161kumo.","robots":{"index":"index","follow":"follow","max-snippet":"max-snippet:-1","max-image-preview":"max-image-preview:large","max-video-preview":"max-video-preview:-1"},"canonical":"https:\/\/www.biopapa.de\/lt\/producte\/ekologiski-juodieji-pipirai-grudeliais\/","og_locale":"lt_LT","og_type":"article","og_title":"Ekologi\u0161ki juodieji pipirai, gr\u016bdeliais - Biopapa","og_description":"Ekoligi\u0161ki juodieji pipirai gr\u016bdeliais \u2013 sodriai a\u0161traus skonio. Visiems patiekalams suteikia pikanti\u0161kumo.","og_url":"https:\/\/www.biopapa.de\/lt\/producte\/ekologiski-juodieji-pipirai-grudeliais\/","og_site_name":"Biopapa","article_publisher":"https:\/\/www.facebook.com\/biopapa.lt","article_modified_time":"2026-03-16T08:57:52+00:00","og_image":[{"width":800,"height":640,"url":"https:\/\/www.biopapa.de\/wp-content\/uploads\/2022\/05\/juodieji-pipirai-grudeliais.jpg","type":"image\/jpeg"}],"twitter_card":"summary_large_image","schema":{"@context":"https:\/\/schema.org","@graph":[{"@type":"WebPage","@id":"https:\/\/www.biopapa.de\/lt\/producte\/ekologiski-juodieji-pipirai-grudeliais\/","url":"https:\/\/www.biopapa.de\/lt\/producte\/ekologiski-juodieji-pipirai-grudeliais\/","name":"Ekologi\u0161ki juodieji pipirai, gr\u016bdeliais - Biopapa","isPartOf":{"@id":"https:\/\/www.biopapa.de\/lt\/#website"},"primaryImageOfPage":{"@id":"https:\/\/www.biopapa.de\/lt\/producte\/ekologiski-juodieji-pipirai-grudeliais\/#primaryimage"},"image":{"@id":"https:\/\/www.biopapa.de\/lt\/producte\/ekologiski-juodieji-pipirai-grudeliais\/#primaryimage"},"thumbnailUrl":"https:\/\/www.biopapa.de\/wp-content\/uploads\/2022\/05\/juodieji-pipirai-grudeliais.jpg","datePublished":"2022-05-09T13:02:29+00:00","dateModified":"2026-03-16T08:57:52+00:00","description":"Ekoligi\u0161ki juodieji pipirai gr\u016bdeliais \u2013 sodriai a\u0161traus skonio. Visiems patiekalams suteikia pikanti\u0161kumo.","breadcrumb":{"@id":"https:\/\/www.biopapa.de\/lt\/producte\/ekologiski-juodieji-pipirai-grudeliais\/#breadcrumb"},"inLanguage":"lt-LT","potentialAction":[{"@type":"ReadAction","target":["https:\/\/www.biopapa.de\/lt\/producte\/ekologiski-juodieji-pipirai-grudeliais\/"]}]},{"@type":"ImageObject","inLanguage":"lt-LT","@id":"https:\/\/www.biopapa.de\/lt\/producte\/ekologiski-juodieji-pipirai-grudeliais\/#primaryimage","url":"https:\/\/www.biopapa.de\/wp-content\/uploads\/2022\/05\/juodieji-pipirai-grudeliais.jpg","contentUrl":"https:\/\/www.biopapa.de\/wp-content\/uploads\/2022\/05\/juodieji-pipirai-grudeliais.jpg","width":800,"height":640,"caption":"Ekologi\u0161ki juodieji pipirai, gr\u016bdeliais"},{"@type":"BreadcrumbList","@id":"https:\/\/www.biopapa.de\/lt\/producte\/ekologiski-juodieji-pipirai-grudeliais\/#breadcrumb","itemListElement":[{"@type":"ListItem","position":1,"name":"Home","item":"https:\/\/www.biopapa.de\/lt\/"},{"@type":"ListItem","position":2,"name":"Parduotuv\u0117","item":"https:\/\/www.biopapa.de\/parduotuve\/"},{"@type":"ListItem","position":3,"name":"Ekologi\u0161ki juodieji pipirai, gr\u016bdeliais"}]},{"@type":"WebSite","@id":"https:\/\/www.biopapa.de\/lt\/#website","url":"https:\/\/www.biopapa.de\/lt\/","name":"Biopapa","description":"\u0160var\u016bs ekologi\u0161ki produktai","publisher":{"@id":"https:\/\/www.biopapa.de\/lt\/#organization"},"potentialAction":[{"@type":"SearchAction","target":{"@type":"EntryPoint","urlTemplate":"https:\/\/www.biopapa.de\/lt\/?s={search_term_string}"},"query-input":{"@type":"PropertyValueSpecification","valueRequired":true,"valueName":"search_term_string"}}],"inLanguage":"lt-LT"},{"@type":"Organization","@id":"https:\/\/www.biopapa.de\/lt\/#organization","name":"Biopapa","url":"https:\/\/www.biopapa.de\/lt\/","logo":{"@type":"ImageObject","inLanguage":"lt-LT","@id":"https:\/\/www.biopapa.de\/lt\/#\/schema\/logo\/image\/","url":"https:\/\/www.biopapa.lt\/wp-content\/uploads\/2022\/04\/facebook_biopapa.jpg","contentUrl":"https:\/\/www.biopapa.lt\/wp-content\/uploads\/2022\/04\/facebook_biopapa.jpg","width":1733,"height":907,"caption":"Biopapa"},"image":{"@id":"https:\/\/www.biopapa.de\/lt\/#\/schema\/logo\/image\/"},"sameAs":["https:\/\/www.facebook.com\/biopapa.lt"]}]}},"_links":{"self":[{"href":"https:\/\/www.biopapa.de\/lt\/wp-json\/wp\/v2\/product\/18271","targetHints":{"allow":["GET"]}}],"collection":[{"href":"https:\/\/www.biopapa.de\/lt\/wp-json\/wp\/v2\/product"}],"about":[{"href":"https:\/\/www.biopapa.de\/lt\/wp-json\/wp\/v2\/types\/product"}],"wp:featuredmedia":[{"embeddable":true,"href":"https:\/\/www.biopapa.de\/lt\/wp-json\/wp\/v2\/media\/18743"}],"wp:attachment":[{"href":"https:\/\/www.biopapa.de\/lt\/wp-json\/wp\/v2\/media?parent=18271"}],"wp:term":[{"taxonomy":"product_brand","embeddable":true,"href":"https:\/\/www.biopapa.de\/lt\/wp-json\/wp\/v2\/product_brand?post=18271"},{"taxonomy":"product_cat","embeddable":true,"href":"https:\/\/www.biopapa.de\/lt\/wp-json\/wp\/v2\/product_cat?post=18271"},{"taxonomy":"product_tag","embeddable":true,"href":"https:\/\/www.biopapa.de\/lt\/wp-json\/wp\/v2\/product_tag?post=18271"}],"curies":[{"name":"wp","href":"https:\/\/api.w.org\/{rel}","templated":true}]}}