{"id":18372,"date":"2022-05-12T14:04:42","date_gmt":"2022-05-12T11:04:42","guid":{"rendered":"https:\/\/www.biopapa.lt\/?post_type=product&#038;p=18372"},"modified":"2026-02-05T10:02:44","modified_gmt":"2026-02-05T08:02:44","slug":"ekologiska-ciberzole-turmeric-su-juodaisiais-pipirais-kapsulese-550-mg","status":"publish","type":"product","link":"https:\/\/www.biopapa.de\/lt\/producte\/ekologiska-ciberzole-turmeric-su-juodaisiais-pipirais-kapsulese-550-mg\/","title":{"rendered":"Ekologi\u0161ka ciber\u017eol\u0117 (turmeric) su juodaisiais pipirais, kapsul\u0117se 550 mg"},"content":{"rendered":"<p><strong>Ekologi\u0161ka ciber\u017eol\u0117 (turmeric) su juodaisiais pipirais, kapsul\u0117s 550 mg<\/strong><br \/>\nCiber\u017eol\u0117 arba Curcuma longa \u2013 imbierini\u0173 (Zingiberaceae) \u0161eimos augalas, kil\u0119s i\u0161 Pietry\u010di\u0173 Azijos, t\u016bkstanme\u010dius buvo gerbiama d\u0117l savo gydom\u0173j\u0173 savybi\u0173. Jos naud\u0105 tvirtina ir tradicin\u0117s medicinos sistemos, kaip Ajurveda ir Tradicin\u0117 kin\u0173 medicina (TCM) ir \u0161iuolaikiniai moksliniai tyrimai.<br \/>\nD\u0117l savo prie\u0161u\u017edegiminio pob\u016bd\u017eio \u0161vie\u017eia ir d\u017eiovinta ciber\u017eol\u0117 galimai nat\u016braliai mal\u0161ina skausm\u0105 esant \u012fvairioms ligoms, tokioms kaip s\u0105nari\u0173 ir galvos skausmai.<\/p>\n<p>Juodajame pipire yra junginys, vadinamas piperinu, kuris padeda padidinti\u00a0 kurkumino absorbcij\u0105. Tyrimai rodo, kad piperinas gali padidinti kurkumino bioprieinamum\u0105 net 2000%.<br \/>\nKurkuminas ir pipirai remia normali\u0105 vir\u0161kinimo funkcij\u0105 ir kepen\u0173 veikl\u0105. Be to, jie teigiamai veikia nerv\u0173 ir imunin\u0117s sistemos darb\u0105.<\/p>\n<p>Ciber\u017eol\u0117 + Pipirai<br \/>\nSuaugusiems 1 \u2013 4 kapsul\u0117s (500 gm \u2013 2 000 mg) per dien\u0105 su maistu arba po valgio.<br \/>\nNevir\u0161ykite rekomenduojam\u0173 paros porcij\u0173.<\/p>\n<p>Kontraindikacijos:<br \/>\nNenaudokite tuo atveju, jei yra padid\u0117j\u0119s jautrumas bet kuriam komponentui.<br \/>\nNenaudokite n\u0117\u0161tumo ir \u017eindymo laikotarpiu.<br \/>\nNenaudokite jei geriate krauj\u0105 skystinan\u010dius vaistus.<br \/>\nNerekomenduojama su tul\u017eies tak\u0173 ligomis.<\/p>\n<p>PASTABA. \u010cia pateikiama informacija negali b\u016bti interpretuojama kaip gydymo ar kitokio pob\u016bd\u017eio sveikatos klausim\u0173 sprendimo rekomendacija. Raginame sprendimus, susijusius su asmenine sveikata, priimti asmeni\u0161kai, \u012fvertinus \u012fvairius informacijos \u0161altinius.<\/p>\n","protected":false},"excerpt":{"rendered":"<p>Ekologi\u0161ka ciber\u017eol\u0117 (turmeric) su juodaisiais pipirais, kapsul\u0117s 550 mg Ciber\u017eol\u0117 arba Curcuma longa \u2013 imbierini\u0173 (Zingiberaceae) \u0161eimos augalas, kil\u0119s i\u0161<\/p>\n","protected":false},"featured_media":18877,"template":"","meta":{"_acf_changed":false},"product_brand":[],"product_cat":[1216,2348],"product_tag":[1378],"class_list":{"0":"post-18372","1":"product","2":"type-product","3":"status-publish","4":"has-post-thumbnail","6":"product_cat-augalinis-supermaistas","7":"product_cat-kapsules","8":"product_tag-veganams","9":"pa_svoris-30-vnt","10":"pa_svoris-60-vnt","11":"pa_svoris-90-vnt","13":"first","14":"outofstock","15":"shipping-taxable","16":"purchasable","17":"product-type-variable"},"acf":[],"yoast_head":"<!-- This site is optimized with the Yoast SEO plugin v27.4 - https:\/\/yoast.com\/product\/yoast-seo-wordpress\/ -->\n<title>Ekologi\u0161ka ciber\u017eol\u0117 (turmeric) su juodaisiais pipirais, kapsul\u0117se 550 mg - Biopapa<\/title>\n<meta name=\"description\" content=\"Juodajame pipire yra junginys, vadinamas piperinu, kuris padeda padidinti\u00a0 kurkumino absorbcij\u0105. Tyrimai rodo, kad piperinas gali padidinti kurkumino bioprieinamum\u0105 net 2000%.\" \/>\n<meta name=\"robots\" content=\"index, follow, max-snippet:-1, max-image-preview:large, max-video-preview:-1\" \/>\n<link rel=\"canonical\" href=\"https:\/\/www.biopapa.de\/lt\/producte\/ekologiska-ciberzole-turmeric-su-juodaisiais-pipirais-kapsulese-550-mg\/\" \/>\n<meta property=\"og:locale\" content=\"lt_LT\" \/>\n<meta property=\"og:type\" content=\"article\" \/>\n<meta property=\"og:title\" content=\"Ekologi\u0161ka ciber\u017eol\u0117 (turmeric) su juodaisiais pipirais, kapsul\u0117se 550 mg - Biopapa\" \/>\n<meta property=\"og:description\" content=\"Juodajame pipire yra junginys, vadinamas piperinu, kuris padeda padidinti\u00a0 kurkumino absorbcij\u0105. Tyrimai rodo, kad piperinas gali padidinti kurkumino bioprieinamum\u0105 net 2000%.\" \/>\n<meta property=\"og:url\" content=\"https:\/\/www.biopapa.de\/lt\/producte\/ekologiska-ciberzole-turmeric-su-juodaisiais-pipirais-kapsulese-550-mg\/\" \/>\n<meta property=\"og:site_name\" content=\"Biopapa\" \/>\n<meta property=\"article:publisher\" content=\"https:\/\/www.facebook.com\/biopapa.lt\" \/>\n<meta property=\"article:modified_time\" content=\"2026-02-05T08:02:44+00:00\" \/>\n<meta property=\"og:image\" content=\"https:\/\/www.biopapa.de\/wp-content\/uploads\/2022\/05\/ciberzoles-kapsules.jpg\" \/>\n\t<meta property=\"og:image:width\" content=\"800\" \/>\n\t<meta property=\"og:image:height\" content=\"640\" \/>\n\t<meta property=\"og:image:type\" content=\"image\/jpeg\" \/>\n<meta name=\"twitter:card\" content=\"summary_large_image\" \/>\n<meta name=\"twitter:label1\" content=\"Est. reading time\" \/>\n\t<meta name=\"twitter:data1\" content=\"1 minut\u0117\" \/>\n<script type=\"application\/ld+json\" class=\"yoast-schema-graph\">{\"@context\":\"https:\\\/\\\/schema.org\",\"@graph\":[{\"@type\":\"WebPage\",\"@id\":\"https:\\\/\\\/www.biopapa.de\\\/lt\\\/producte\\\/ekologiska-ciberzole-turmeric-su-juodaisiais-pipirais-kapsulese-550-mg\\\/\",\"url\":\"https:\\\/\\\/www.biopapa.de\\\/lt\\\/producte\\\/ekologiska-ciberzole-turmeric-su-juodaisiais-pipirais-kapsulese-550-mg\\\/\",\"name\":\"Ekologi\u0161ka ciber\u017eol\u0117 (turmeric) su juodaisiais pipirais, kapsul\u0117se 550 mg - Biopapa\",\"isPartOf\":{\"@id\":\"https:\\\/\\\/www.biopapa.de\\\/lt\\\/#website\"},\"primaryImageOfPage\":{\"@id\":\"https:\\\/\\\/www.biopapa.de\\\/lt\\\/producte\\\/ekologiska-ciberzole-turmeric-su-juodaisiais-pipirais-kapsulese-550-mg\\\/#primaryimage\"},\"image\":{\"@id\":\"https:\\\/\\\/www.biopapa.de\\\/lt\\\/producte\\\/ekologiska-ciberzole-turmeric-su-juodaisiais-pipirais-kapsulese-550-mg\\\/#primaryimage\"},\"thumbnailUrl\":\"https:\\\/\\\/www.biopapa.de\\\/wp-content\\\/uploads\\\/2022\\\/05\\\/ciberzoles-kapsules.jpg\",\"datePublished\":\"2022-05-12T11:04:42+00:00\",\"dateModified\":\"2026-02-05T08:02:44+00:00\",\"description\":\"Juodajame pipire yra junginys, vadinamas piperinu, kuris padeda padidinti\u00a0 kurkumino absorbcij\u0105. Tyrimai rodo, kad piperinas gali padidinti kurkumino bioprieinamum\u0105 net 2000%.\",\"breadcrumb\":{\"@id\":\"https:\\\/\\\/www.biopapa.de\\\/lt\\\/producte\\\/ekologiska-ciberzole-turmeric-su-juodaisiais-pipirais-kapsulese-550-mg\\\/#breadcrumb\"},\"inLanguage\":\"lt-LT\",\"potentialAction\":[{\"@type\":\"ReadAction\",\"target\":[\"https:\\\/\\\/www.biopapa.de\\\/lt\\\/producte\\\/ekologiska-ciberzole-turmeric-su-juodaisiais-pipirais-kapsulese-550-mg\\\/\"]}]},{\"@type\":\"ImageObject\",\"inLanguage\":\"lt-LT\",\"@id\":\"https:\\\/\\\/www.biopapa.de\\\/lt\\\/producte\\\/ekologiska-ciberzole-turmeric-su-juodaisiais-pipirais-kapsulese-550-mg\\\/#primaryimage\",\"url\":\"https:\\\/\\\/www.biopapa.de\\\/wp-content\\\/uploads\\\/2022\\\/05\\\/ciberzoles-kapsules.jpg\",\"contentUrl\":\"https:\\\/\\\/www.biopapa.de\\\/wp-content\\\/uploads\\\/2022\\\/05\\\/ciberzoles-kapsules.jpg\",\"width\":800,\"height\":640,\"caption\":\"Ekologi\u0161ka ciber\u017eol\u0117 su juodaisiais pipirais, kapsul\u0117se 500 mg\"},{\"@type\":\"BreadcrumbList\",\"@id\":\"https:\\\/\\\/www.biopapa.de\\\/lt\\\/producte\\\/ekologiska-ciberzole-turmeric-su-juodaisiais-pipirais-kapsulese-550-mg\\\/#breadcrumb\",\"itemListElement\":[{\"@type\":\"ListItem\",\"position\":1,\"name\":\"Home\",\"item\":\"https:\\\/\\\/www.biopapa.de\\\/lt\\\/\"},{\"@type\":\"ListItem\",\"position\":2,\"name\":\"Parduotuv\u0117\",\"item\":\"https:\\\/\\\/www.biopapa.de\\\/parduotuve\\\/\"},{\"@type\":\"ListItem\",\"position\":3,\"name\":\"Ekologi\u0161ka ciber\u017eol\u0117 (turmeric) su juodaisiais pipirais, kapsul\u0117se 550 mg\"}]},{\"@type\":\"WebSite\",\"@id\":\"https:\\\/\\\/www.biopapa.de\\\/lt\\\/#website\",\"url\":\"https:\\\/\\\/www.biopapa.de\\\/lt\\\/\",\"name\":\"Biopapa\",\"description\":\"\u0160var\u016bs ekologi\u0161ki produktai\",\"publisher\":{\"@id\":\"https:\\\/\\\/www.biopapa.de\\\/lt\\\/#organization\"},\"potentialAction\":[{\"@type\":\"SearchAction\",\"target\":{\"@type\":\"EntryPoint\",\"urlTemplate\":\"https:\\\/\\\/www.biopapa.de\\\/lt\\\/?s={search_term_string}\"},\"query-input\":{\"@type\":\"PropertyValueSpecification\",\"valueRequired\":true,\"valueName\":\"search_term_string\"}}],\"inLanguage\":\"lt-LT\"},{\"@type\":\"Organization\",\"@id\":\"https:\\\/\\\/www.biopapa.de\\\/lt\\\/#organization\",\"name\":\"Biopapa\",\"url\":\"https:\\\/\\\/www.biopapa.de\\\/lt\\\/\",\"logo\":{\"@type\":\"ImageObject\",\"inLanguage\":\"lt-LT\",\"@id\":\"https:\\\/\\\/www.biopapa.de\\\/lt\\\/#\\\/schema\\\/logo\\\/image\\\/\",\"url\":\"https:\\\/\\\/www.biopapa.lt\\\/wp-content\\\/uploads\\\/2022\\\/04\\\/facebook_biopapa.jpg\",\"contentUrl\":\"https:\\\/\\\/www.biopapa.lt\\\/wp-content\\\/uploads\\\/2022\\\/04\\\/facebook_biopapa.jpg\",\"width\":1733,\"height\":907,\"caption\":\"Biopapa\"},\"image\":{\"@id\":\"https:\\\/\\\/www.biopapa.de\\\/lt\\\/#\\\/schema\\\/logo\\\/image\\\/\"},\"sameAs\":[\"https:\\\/\\\/www.facebook.com\\\/biopapa.lt\"]}]}<\/script>\n<!-- \/ Yoast SEO plugin. -->","yoast_head_json":{"title":"Ekologi\u0161ka ciber\u017eol\u0117 (turmeric) su juodaisiais pipirais, kapsul\u0117se 550 mg - Biopapa","description":"Juodajame pipire yra junginys, vadinamas piperinu, kuris padeda padidinti\u00a0 kurkumino absorbcij\u0105. Tyrimai rodo, kad piperinas gali padidinti kurkumino bioprieinamum\u0105 net 2000%.","robots":{"index":"index","follow":"follow","max-snippet":"max-snippet:-1","max-image-preview":"max-image-preview:large","max-video-preview":"max-video-preview:-1"},"canonical":"https:\/\/www.biopapa.de\/lt\/producte\/ekologiska-ciberzole-turmeric-su-juodaisiais-pipirais-kapsulese-550-mg\/","og_locale":"lt_LT","og_type":"article","og_title":"Ekologi\u0161ka ciber\u017eol\u0117 (turmeric) su juodaisiais pipirais, kapsul\u0117se 550 mg - Biopapa","og_description":"Juodajame pipire yra junginys, vadinamas piperinu, kuris padeda padidinti\u00a0 kurkumino absorbcij\u0105. Tyrimai rodo, kad piperinas gali padidinti kurkumino bioprieinamum\u0105 net 2000%.","og_url":"https:\/\/www.biopapa.de\/lt\/producte\/ekologiska-ciberzole-turmeric-su-juodaisiais-pipirais-kapsulese-550-mg\/","og_site_name":"Biopapa","article_publisher":"https:\/\/www.facebook.com\/biopapa.lt","article_modified_time":"2026-02-05T08:02:44+00:00","og_image":[{"width":800,"height":640,"url":"https:\/\/www.biopapa.de\/wp-content\/uploads\/2022\/05\/ciberzoles-kapsules.jpg","type":"image\/jpeg"}],"twitter_card":"summary_large_image","twitter_misc":{"Est. reading time":"1 minut\u0117"},"schema":{"@context":"https:\/\/schema.org","@graph":[{"@type":"WebPage","@id":"https:\/\/www.biopapa.de\/lt\/producte\/ekologiska-ciberzole-turmeric-su-juodaisiais-pipirais-kapsulese-550-mg\/","url":"https:\/\/www.biopapa.de\/lt\/producte\/ekologiska-ciberzole-turmeric-su-juodaisiais-pipirais-kapsulese-550-mg\/","name":"Ekologi\u0161ka ciber\u017eol\u0117 (turmeric) su juodaisiais pipirais, kapsul\u0117se 550 mg - Biopapa","isPartOf":{"@id":"https:\/\/www.biopapa.de\/lt\/#website"},"primaryImageOfPage":{"@id":"https:\/\/www.biopapa.de\/lt\/producte\/ekologiska-ciberzole-turmeric-su-juodaisiais-pipirais-kapsulese-550-mg\/#primaryimage"},"image":{"@id":"https:\/\/www.biopapa.de\/lt\/producte\/ekologiska-ciberzole-turmeric-su-juodaisiais-pipirais-kapsulese-550-mg\/#primaryimage"},"thumbnailUrl":"https:\/\/www.biopapa.de\/wp-content\/uploads\/2022\/05\/ciberzoles-kapsules.jpg","datePublished":"2022-05-12T11:04:42+00:00","dateModified":"2026-02-05T08:02:44+00:00","description":"Juodajame pipire yra junginys, vadinamas piperinu, kuris padeda padidinti\u00a0 kurkumino absorbcij\u0105. Tyrimai rodo, kad piperinas gali padidinti kurkumino bioprieinamum\u0105 net 2000%.","breadcrumb":{"@id":"https:\/\/www.biopapa.de\/lt\/producte\/ekologiska-ciberzole-turmeric-su-juodaisiais-pipirais-kapsulese-550-mg\/#breadcrumb"},"inLanguage":"lt-LT","potentialAction":[{"@type":"ReadAction","target":["https:\/\/www.biopapa.de\/lt\/producte\/ekologiska-ciberzole-turmeric-su-juodaisiais-pipirais-kapsulese-550-mg\/"]}]},{"@type":"ImageObject","inLanguage":"lt-LT","@id":"https:\/\/www.biopapa.de\/lt\/producte\/ekologiska-ciberzole-turmeric-su-juodaisiais-pipirais-kapsulese-550-mg\/#primaryimage","url":"https:\/\/www.biopapa.de\/wp-content\/uploads\/2022\/05\/ciberzoles-kapsules.jpg","contentUrl":"https:\/\/www.biopapa.de\/wp-content\/uploads\/2022\/05\/ciberzoles-kapsules.jpg","width":800,"height":640,"caption":"Ekologi\u0161ka ciber\u017eol\u0117 su juodaisiais pipirais, kapsul\u0117se 500 mg"},{"@type":"BreadcrumbList","@id":"https:\/\/www.biopapa.de\/lt\/producte\/ekologiska-ciberzole-turmeric-su-juodaisiais-pipirais-kapsulese-550-mg\/#breadcrumb","itemListElement":[{"@type":"ListItem","position":1,"name":"Home","item":"https:\/\/www.biopapa.de\/lt\/"},{"@type":"ListItem","position":2,"name":"Parduotuv\u0117","item":"https:\/\/www.biopapa.de\/parduotuve\/"},{"@type":"ListItem","position":3,"name":"Ekologi\u0161ka ciber\u017eol\u0117 (turmeric) su juodaisiais pipirais, kapsul\u0117se 550 mg"}]},{"@type":"WebSite","@id":"https:\/\/www.biopapa.de\/lt\/#website","url":"https:\/\/www.biopapa.de\/lt\/","name":"Biopapa","description":"\u0160var\u016bs ekologi\u0161ki produktai","publisher":{"@id":"https:\/\/www.biopapa.de\/lt\/#organization"},"potentialAction":[{"@type":"SearchAction","target":{"@type":"EntryPoint","urlTemplate":"https:\/\/www.biopapa.de\/lt\/?s={search_term_string}"},"query-input":{"@type":"PropertyValueSpecification","valueRequired":true,"valueName":"search_term_string"}}],"inLanguage":"lt-LT"},{"@type":"Organization","@id":"https:\/\/www.biopapa.de\/lt\/#organization","name":"Biopapa","url":"https:\/\/www.biopapa.de\/lt\/","logo":{"@type":"ImageObject","inLanguage":"lt-LT","@id":"https:\/\/www.biopapa.de\/lt\/#\/schema\/logo\/image\/","url":"https:\/\/www.biopapa.lt\/wp-content\/uploads\/2022\/04\/facebook_biopapa.jpg","contentUrl":"https:\/\/www.biopapa.lt\/wp-content\/uploads\/2022\/04\/facebook_biopapa.jpg","width":1733,"height":907,"caption":"Biopapa"},"image":{"@id":"https:\/\/www.biopapa.de\/lt\/#\/schema\/logo\/image\/"},"sameAs":["https:\/\/www.facebook.com\/biopapa.lt"]}]}},"_links":{"self":[{"href":"https:\/\/www.biopapa.de\/lt\/wp-json\/wp\/v2\/product\/18372","targetHints":{"allow":["GET"]}}],"collection":[{"href":"https:\/\/www.biopapa.de\/lt\/wp-json\/wp\/v2\/product"}],"about":[{"href":"https:\/\/www.biopapa.de\/lt\/wp-json\/wp\/v2\/types\/product"}],"wp:featuredmedia":[{"embeddable":true,"href":"https:\/\/www.biopapa.de\/lt\/wp-json\/wp\/v2\/media\/18877"}],"wp:attachment":[{"href":"https:\/\/www.biopapa.de\/lt\/wp-json\/wp\/v2\/media?parent=18372"}],"wp:term":[{"taxonomy":"product_brand","embeddable":true,"href":"https:\/\/www.biopapa.de\/lt\/wp-json\/wp\/v2\/product_brand?post=18372"},{"taxonomy":"product_cat","embeddable":true,"href":"https:\/\/www.biopapa.de\/lt\/wp-json\/wp\/v2\/product_cat?post=18372"},{"taxonomy":"product_tag","embeddable":true,"href":"https:\/\/www.biopapa.de\/lt\/wp-json\/wp\/v2\/product_tag?post=18372"}],"curies":[{"name":"wp","href":"https:\/\/api.w.org\/{rel}","templated":true}]}}