{"id":18407,"date":"2022-05-14T13:32:11","date_gmt":"2022-05-14T10:32:11","guid":{"rendered":"https:\/\/www.biopapa.lt\/?post_type=product&#038;p=18407"},"modified":"2026-04-27T11:18:46","modified_gmt":"2026-04-27T08:18:46","slug":"ekologiski-marantos-milteliai-arrowroot","status":"publish","type":"product","link":"https:\/\/www.biopapa.de\/lt\/producte\/ekologiski-marantos-milteliai-arrowroot\/","title":{"rendered":"Ekologi\u0161ki marantos milteliai (arrowroot)"},"content":{"rendered":"<p><strong>Ekologi\u0161ki marantos milteliai (arrowroot)<\/strong><\/p>\n<p>Maranta milteliai yra prakti\u0161kas, universalus ir maistingas krakmolas, gaunamas i\u0161 tam tikr\u0173 atogr\u0105\u017e\u0173 augal\u0173 \u0161akn\u0173, per \u0161imtme\u010dius buvo vertinamos d\u0117l savo kulinarini\u0173 ir gydom\u0173j\u0173 savybi\u0173.<br \/>\nMaranta (<em>Maranta arundinacea<\/em>) yra kilusi i\u0161 tropini\u0173 Piet\u0173 Amerikos region\u0173, ypa\u010d Amazon\u0117s atogr\u0105\u017e\u0173 mi\u0161k\u0173. Vietiniai Karib\u0173 j\u016bros ir Piet\u0173 Amerikos gyventojai buvo vieni pirm\u0173j\u0173, kurie pripa\u017eino \u0161ios krakmolingos \u0161aknies vert\u0119, naudojo j\u0105 maistui, gydymui ir netgi kaip tradicini\u0173 k\u016bno da\u017e\u0173 sudedam\u0105j\u0105 dal\u012f.<\/p>\n<p><em>Tradicinis naudojimas<\/em><br \/>\nMaranta istori\u0161kai buvo pagrindinis daugelio vietini\u0173 Piet\u0173 Amerikos gen\u010di\u0173 mitybos elementas. D\u0117l didelio angliavandeni\u0173 kiekio \u0161aknys tapo vertingu energijos \u0161altiniu.<br \/>\nMaranta milteliai buvo naudojami lokaliai \u012fvairiems tikslams. Jie buvo tepami ant odos kaip raminanti priemon\u0117 nuo b\u0117rim\u0173, nudegim\u0173 ir vabzd\u017ei\u0173 \u012fkandim\u0173.<br \/>\nBe to, jie buvo naudojama kaip nat\u016brali k\u016bno pudra ir kosmetikos pagrindas.<\/p>\n<p><em>\u0160iolaikinis naudojimas<\/em><br \/>\nD\u0117l Marantos milteli\u0173 \u0161velnaus pob\u016bd\u017eio skrand\u017eiui jie ir toliau yra pasirenkami k\u016bdiki\u0173 maisto ir maisto produkt\u0173, skirt\u0173 asmenims, turintiems jautri\u0105 vir\u0161kinimo sistem\u0105, sudedamoji dalis.<br \/>\nMaranga milteliai vis dar naudojami kaip nat\u016brali talko milteli\u0173 alternatyva. Jis vertinamas d\u0117l savo geb\u0117jimo sugerti dr\u0117gm\u0119 ir nuraminti odos sudirgimus.<br \/>\nTaip pat gali b\u016bti naudojamas kaip sausas \u0161amp\u016bnas \u2013 tereikia \u012fmasa\u017euoti \u012f skalp\u0105 prie plauk\u0173 \u0161akn\u0173, plaukus i\u0161\u0161ukuoti.<br \/>\nMaranta milteliai gali b\u016bti naudojami kaip sriub\u0173 ir pada\u017e\u0173 tir\u0161tiklis. Tai puikus kukur\u016bz\u0173 krakmolo pakaitalas.<br \/>\nMaranta milteliai yra galingas tir\u0161tiklis, suteikiantis pada\u017eams blizgesio, o kepiniams &#8211; subtilios tekst\u016bros ir pagerinti tekst\u016br\u0105 ir dr\u0117gm\u0117s sulaikym\u0105 tokiuose receptuose kaip pyragai\u010diai, sausainiai ir duona.<br \/>\nMaranga milteliai gali b\u016bti naudojami vir\u0161kinimui palengvinti, sumai\u0161ius nedidel\u012f kiek\u012f su vandeniu ir geriant kaip raminant\u012f g\u0117rim\u0105.<\/p>\n<p><em>D\u0117mesio<\/em><br \/>\nSuvartojus perdaug gali atsirasti vir\u0161kinimo diskomfortas.<\/p>\n<p>Kepiniams rekomenduojama &#8211; pakeisti iki 10% procent\u0173 milt\u0173 normos, nurodytos recepte.<\/p>\n<p>Pada\u017eams &#8211; 1 valg. \u0161auk\u0161tas 250 ml vandens, i\u0161mai\u0161yti \u0161altame vandenyje.<\/p>\n<p><em>\u0160altiniai<\/em><br \/>\nhttps:\/\/www.netmeds.com<br \/>\nhttps:\/\/www.webmd.com<\/p>\n<p><em>PASTABA. \u010cia pateikta informacija negali b\u016bti interpretuojama kaip gydymo ar kitokio pob\u016bd\u017eio sveikatos klausim\u0173 sprendimo rekomendacija. Raginame sprendimus, susijusius su asmenine sveikata, priimti asmeni\u0161kai, \u012fvertinus \u012fvairius informacijos \u0161altinius.<\/em><\/p>\n","protected":false},"excerpt":{"rendered":"<p>Ekologi\u0161ki marantos milteliai (arrowroot) Maranta milteliai yra prakti\u0161kas, universalus ir maistingas krakmolas, gaunamas i\u0161 tam tikr\u0173 atogr\u0105\u017e\u0173 augal\u0173 \u0161akn\u0173, per<\/p>\n","protected":false},"featured_media":18874,"template":"","meta":{"_acf_changed":false},"product_brand":[],"product_cat":[1216,2345,2337],"product_tag":[2336,1380,1378],"class_list":{"0":"post-18407","1":"product","2":"type-product","3":"status-publish","4":"has-post-thumbnail","6":"product_cat-augalinis-supermaistas","7":"product_cat-kiti-priedai","8":"product_cat-priedai-maistui-ruosti","9":"product_tag-ekologiska","10":"product_tag-keto-mityba","11":"product_tag-veganams","12":"pa_svoris-1-kg","13":"pa_svoris-100-g","14":"pa_svoris-200-g","15":"pa_svoris-25-kg","16":"pa_svoris-300-g","17":"pa_svoris-400-g","18":"pa_svoris-50-g","19":"pa_svoris-500-g","21":"first","22":"instock","23":"shipping-taxable","24":"purchasable","25":"product-type-variable"},"acf":[],"yoast_head":"<!-- This site is optimized with the Yoast SEO plugin v27.5 - https:\/\/yoast.com\/product\/yoast-seo-wordpress\/ -->\n<title>Ekologi\u0161ki marantos milteliai (arrowroot) - Biopapa<\/title>\n<meta name=\"description\" content=\"Ekologi\u0161ki marantos (arrowroot) milteliai yra prakti\u0161kas, universalus ir maistingas krakmolas, gaunamas i\u0161 atogr\u0105\u017e\u0173 augal\u0173 \u0161akn\u0173, per \u0161imtme\u010dius buvo vertinamos d\u0117l savo kulinarini\u0173 ir gydom\u0173j\u0173 savybi\u0173. Maranta milteliai gali b\u016bti naudojami kaip sriub\u0173 ir pada\u017e\u0173 tir\u0161tiklis.\" \/>\n<meta name=\"robots\" content=\"index, follow, max-snippet:-1, max-image-preview:large, max-video-preview:-1\" \/>\n<link rel=\"canonical\" href=\"https:\/\/www.biopapa.de\/lt\/producte\/ekologiski-marantos-milteliai-arrowroot\/\" \/>\n<meta property=\"og:locale\" content=\"lt_LT\" \/>\n<meta property=\"og:type\" content=\"article\" \/>\n<meta property=\"og:title\" content=\"Ekologi\u0161ki marantos milteliai (arrowroot) - Biopapa\" \/>\n<meta property=\"og:description\" content=\"Ekologi\u0161ki marantos (arrowroot) milteliai yra prakti\u0161kas, universalus ir maistingas krakmolas, gaunamas i\u0161 atogr\u0105\u017e\u0173 augal\u0173 \u0161akn\u0173, per \u0161imtme\u010dius buvo vertinamos d\u0117l savo kulinarini\u0173 ir gydom\u0173j\u0173 savybi\u0173. Maranta milteliai gali b\u016bti naudojami kaip sriub\u0173 ir pada\u017e\u0173 tir\u0161tiklis.\" \/>\n<meta property=\"og:url\" content=\"https:\/\/www.biopapa.de\/lt\/producte\/ekologiski-marantos-milteliai-arrowroot\/\" \/>\n<meta property=\"og:site_name\" content=\"Biopapa\" \/>\n<meta property=\"article:publisher\" content=\"https:\/\/www.facebook.com\/biopapa.lt\" \/>\n<meta property=\"article:modified_time\" content=\"2026-04-27T08:18:46+00:00\" \/>\n<meta property=\"og:image\" content=\"https:\/\/www.biopapa.de\/wp-content\/uploads\/2022\/05\/marantos-milteliai.jpg\" \/>\n\t<meta property=\"og:image:width\" content=\"800\" \/>\n\t<meta property=\"og:image:height\" content=\"640\" \/>\n\t<meta property=\"og:image:type\" content=\"image\/jpeg\" \/>\n<meta name=\"twitter:card\" content=\"summary_large_image\" \/>\n<meta name=\"twitter:label1\" content=\"Est. reading time\" \/>\n\t<meta name=\"twitter:data1\" content=\"1 minut\u0117\" \/>\n<script type=\"application\/ld+json\" class=\"yoast-schema-graph\">{\"@context\":\"https:\\\/\\\/schema.org\",\"@graph\":[{\"@type\":\"WebPage\",\"@id\":\"https:\\\/\\\/www.biopapa.de\\\/lt\\\/producte\\\/ekologiski-marantos-milteliai-arrowroot\\\/\",\"url\":\"https:\\\/\\\/www.biopapa.de\\\/lt\\\/producte\\\/ekologiski-marantos-milteliai-arrowroot\\\/\",\"name\":\"Ekologi\u0161ki marantos milteliai (arrowroot) - Biopapa\",\"isPartOf\":{\"@id\":\"https:\\\/\\\/www.biopapa.de\\\/lt\\\/#website\"},\"primaryImageOfPage\":{\"@id\":\"https:\\\/\\\/www.biopapa.de\\\/lt\\\/producte\\\/ekologiski-marantos-milteliai-arrowroot\\\/#primaryimage\"},\"image\":{\"@id\":\"https:\\\/\\\/www.biopapa.de\\\/lt\\\/producte\\\/ekologiski-marantos-milteliai-arrowroot\\\/#primaryimage\"},\"thumbnailUrl\":\"https:\\\/\\\/www.biopapa.de\\\/wp-content\\\/uploads\\\/2022\\\/05\\\/marantos-milteliai.jpg\",\"datePublished\":\"2022-05-14T10:32:11+00:00\",\"dateModified\":\"2026-04-27T08:18:46+00:00\",\"description\":\"Ekologi\u0161ki marantos (arrowroot) milteliai yra prakti\u0161kas, universalus ir maistingas krakmolas, gaunamas i\u0161 atogr\u0105\u017e\u0173 augal\u0173 \u0161akn\u0173, per \u0161imtme\u010dius buvo vertinamos d\u0117l savo kulinarini\u0173 ir gydom\u0173j\u0173 savybi\u0173. Maranta milteliai gali b\u016bti naudojami kaip sriub\u0173 ir pada\u017e\u0173 tir\u0161tiklis.\",\"breadcrumb\":{\"@id\":\"https:\\\/\\\/www.biopapa.de\\\/lt\\\/producte\\\/ekologiski-marantos-milteliai-arrowroot\\\/#breadcrumb\"},\"inLanguage\":\"lt-LT\",\"potentialAction\":[{\"@type\":\"ReadAction\",\"target\":[\"https:\\\/\\\/www.biopapa.de\\\/lt\\\/producte\\\/ekologiski-marantos-milteliai-arrowroot\\\/\"]}]},{\"@type\":\"ImageObject\",\"inLanguage\":\"lt-LT\",\"@id\":\"https:\\\/\\\/www.biopapa.de\\\/lt\\\/producte\\\/ekologiski-marantos-milteliai-arrowroot\\\/#primaryimage\",\"url\":\"https:\\\/\\\/www.biopapa.de\\\/wp-content\\\/uploads\\\/2022\\\/05\\\/marantos-milteliai.jpg\",\"contentUrl\":\"https:\\\/\\\/www.biopapa.de\\\/wp-content\\\/uploads\\\/2022\\\/05\\\/marantos-milteliai.jpg\",\"width\":800,\"height\":640,\"caption\":\"Ekologi\u0161ki marantos milteliai (arrowroot)\"},{\"@type\":\"BreadcrumbList\",\"@id\":\"https:\\\/\\\/www.biopapa.de\\\/lt\\\/producte\\\/ekologiski-marantos-milteliai-arrowroot\\\/#breadcrumb\",\"itemListElement\":[{\"@type\":\"ListItem\",\"position\":1,\"name\":\"Home\",\"item\":\"https:\\\/\\\/www.biopapa.de\\\/lt\\\/\"},{\"@type\":\"ListItem\",\"position\":2,\"name\":\"Parduotuv\u0117\",\"item\":\"https:\\\/\\\/www.biopapa.de\\\/parduotuve\\\/\"},{\"@type\":\"ListItem\",\"position\":3,\"name\":\"Ekologi\u0161ki marantos milteliai (arrowroot)\"}]},{\"@type\":\"WebSite\",\"@id\":\"https:\\\/\\\/www.biopapa.de\\\/lt\\\/#website\",\"url\":\"https:\\\/\\\/www.biopapa.de\\\/lt\\\/\",\"name\":\"Biopapa\",\"description\":\"\u0160var\u016bs ekologi\u0161ki produktai\",\"publisher\":{\"@id\":\"https:\\\/\\\/www.biopapa.de\\\/lt\\\/#organization\"},\"potentialAction\":[{\"@type\":\"SearchAction\",\"target\":{\"@type\":\"EntryPoint\",\"urlTemplate\":\"https:\\\/\\\/www.biopapa.de\\\/lt\\\/?s={search_term_string}\"},\"query-input\":{\"@type\":\"PropertyValueSpecification\",\"valueRequired\":true,\"valueName\":\"search_term_string\"}}],\"inLanguage\":\"lt-LT\"},{\"@type\":\"Organization\",\"@id\":\"https:\\\/\\\/www.biopapa.de\\\/lt\\\/#organization\",\"name\":\"Biopapa\",\"url\":\"https:\\\/\\\/www.biopapa.de\\\/lt\\\/\",\"logo\":{\"@type\":\"ImageObject\",\"inLanguage\":\"lt-LT\",\"@id\":\"https:\\\/\\\/www.biopapa.de\\\/lt\\\/#\\\/schema\\\/logo\\\/image\\\/\",\"url\":\"https:\\\/\\\/www.biopapa.lt\\\/wp-content\\\/uploads\\\/2022\\\/04\\\/facebook_biopapa.jpg\",\"contentUrl\":\"https:\\\/\\\/www.biopapa.lt\\\/wp-content\\\/uploads\\\/2022\\\/04\\\/facebook_biopapa.jpg\",\"width\":1733,\"height\":907,\"caption\":\"Biopapa\"},\"image\":{\"@id\":\"https:\\\/\\\/www.biopapa.de\\\/lt\\\/#\\\/schema\\\/logo\\\/image\\\/\"},\"sameAs\":[\"https:\\\/\\\/www.facebook.com\\\/biopapa.lt\"]}]}<\/script>\n<!-- \/ Yoast SEO plugin. -->","yoast_head_json":{"title":"Ekologi\u0161ki marantos milteliai (arrowroot) - Biopapa","description":"Ekologi\u0161ki marantos (arrowroot) milteliai yra prakti\u0161kas, universalus ir maistingas krakmolas, gaunamas i\u0161 atogr\u0105\u017e\u0173 augal\u0173 \u0161akn\u0173, per \u0161imtme\u010dius buvo vertinamos d\u0117l savo kulinarini\u0173 ir gydom\u0173j\u0173 savybi\u0173. Maranta milteliai gali b\u016bti naudojami kaip sriub\u0173 ir pada\u017e\u0173 tir\u0161tiklis.","robots":{"index":"index","follow":"follow","max-snippet":"max-snippet:-1","max-image-preview":"max-image-preview:large","max-video-preview":"max-video-preview:-1"},"canonical":"https:\/\/www.biopapa.de\/lt\/producte\/ekologiski-marantos-milteliai-arrowroot\/","og_locale":"lt_LT","og_type":"article","og_title":"Ekologi\u0161ki marantos milteliai (arrowroot) - Biopapa","og_description":"Ekologi\u0161ki marantos (arrowroot) milteliai yra prakti\u0161kas, universalus ir maistingas krakmolas, gaunamas i\u0161 atogr\u0105\u017e\u0173 augal\u0173 \u0161akn\u0173, per \u0161imtme\u010dius buvo vertinamos d\u0117l savo kulinarini\u0173 ir gydom\u0173j\u0173 savybi\u0173. Maranta milteliai gali b\u016bti naudojami kaip sriub\u0173 ir pada\u017e\u0173 tir\u0161tiklis.","og_url":"https:\/\/www.biopapa.de\/lt\/producte\/ekologiski-marantos-milteliai-arrowroot\/","og_site_name":"Biopapa","article_publisher":"https:\/\/www.facebook.com\/biopapa.lt","article_modified_time":"2026-04-27T08:18:46+00:00","og_image":[{"width":800,"height":640,"url":"https:\/\/www.biopapa.de\/wp-content\/uploads\/2022\/05\/marantos-milteliai.jpg","type":"image\/jpeg"}],"twitter_card":"summary_large_image","twitter_misc":{"Est. reading time":"1 minut\u0117"},"schema":{"@context":"https:\/\/schema.org","@graph":[{"@type":"WebPage","@id":"https:\/\/www.biopapa.de\/lt\/producte\/ekologiski-marantos-milteliai-arrowroot\/","url":"https:\/\/www.biopapa.de\/lt\/producte\/ekologiski-marantos-milteliai-arrowroot\/","name":"Ekologi\u0161ki marantos milteliai (arrowroot) - Biopapa","isPartOf":{"@id":"https:\/\/www.biopapa.de\/lt\/#website"},"primaryImageOfPage":{"@id":"https:\/\/www.biopapa.de\/lt\/producte\/ekologiski-marantos-milteliai-arrowroot\/#primaryimage"},"image":{"@id":"https:\/\/www.biopapa.de\/lt\/producte\/ekologiski-marantos-milteliai-arrowroot\/#primaryimage"},"thumbnailUrl":"https:\/\/www.biopapa.de\/wp-content\/uploads\/2022\/05\/marantos-milteliai.jpg","datePublished":"2022-05-14T10:32:11+00:00","dateModified":"2026-04-27T08:18:46+00:00","description":"Ekologi\u0161ki marantos (arrowroot) milteliai yra prakti\u0161kas, universalus ir maistingas krakmolas, gaunamas i\u0161 atogr\u0105\u017e\u0173 augal\u0173 \u0161akn\u0173, per \u0161imtme\u010dius buvo vertinamos d\u0117l savo kulinarini\u0173 ir gydom\u0173j\u0173 savybi\u0173. Maranta milteliai gali b\u016bti naudojami kaip sriub\u0173 ir pada\u017e\u0173 tir\u0161tiklis.","breadcrumb":{"@id":"https:\/\/www.biopapa.de\/lt\/producte\/ekologiski-marantos-milteliai-arrowroot\/#breadcrumb"},"inLanguage":"lt-LT","potentialAction":[{"@type":"ReadAction","target":["https:\/\/www.biopapa.de\/lt\/producte\/ekologiski-marantos-milteliai-arrowroot\/"]}]},{"@type":"ImageObject","inLanguage":"lt-LT","@id":"https:\/\/www.biopapa.de\/lt\/producte\/ekologiski-marantos-milteliai-arrowroot\/#primaryimage","url":"https:\/\/www.biopapa.de\/wp-content\/uploads\/2022\/05\/marantos-milteliai.jpg","contentUrl":"https:\/\/www.biopapa.de\/wp-content\/uploads\/2022\/05\/marantos-milteliai.jpg","width":800,"height":640,"caption":"Ekologi\u0161ki marantos milteliai (arrowroot)"},{"@type":"BreadcrumbList","@id":"https:\/\/www.biopapa.de\/lt\/producte\/ekologiski-marantos-milteliai-arrowroot\/#breadcrumb","itemListElement":[{"@type":"ListItem","position":1,"name":"Home","item":"https:\/\/www.biopapa.de\/lt\/"},{"@type":"ListItem","position":2,"name":"Parduotuv\u0117","item":"https:\/\/www.biopapa.de\/parduotuve\/"},{"@type":"ListItem","position":3,"name":"Ekologi\u0161ki marantos milteliai (arrowroot)"}]},{"@type":"WebSite","@id":"https:\/\/www.biopapa.de\/lt\/#website","url":"https:\/\/www.biopapa.de\/lt\/","name":"Biopapa","description":"\u0160var\u016bs ekologi\u0161ki produktai","publisher":{"@id":"https:\/\/www.biopapa.de\/lt\/#organization"},"potentialAction":[{"@type":"SearchAction","target":{"@type":"EntryPoint","urlTemplate":"https:\/\/www.biopapa.de\/lt\/?s={search_term_string}"},"query-input":{"@type":"PropertyValueSpecification","valueRequired":true,"valueName":"search_term_string"}}],"inLanguage":"lt-LT"},{"@type":"Organization","@id":"https:\/\/www.biopapa.de\/lt\/#organization","name":"Biopapa","url":"https:\/\/www.biopapa.de\/lt\/","logo":{"@type":"ImageObject","inLanguage":"lt-LT","@id":"https:\/\/www.biopapa.de\/lt\/#\/schema\/logo\/image\/","url":"https:\/\/www.biopapa.lt\/wp-content\/uploads\/2022\/04\/facebook_biopapa.jpg","contentUrl":"https:\/\/www.biopapa.lt\/wp-content\/uploads\/2022\/04\/facebook_biopapa.jpg","width":1733,"height":907,"caption":"Biopapa"},"image":{"@id":"https:\/\/www.biopapa.de\/lt\/#\/schema\/logo\/image\/"},"sameAs":["https:\/\/www.facebook.com\/biopapa.lt"]}]}},"_links":{"self":[{"href":"https:\/\/www.biopapa.de\/lt\/wp-json\/wp\/v2\/product\/18407","targetHints":{"allow":["GET"]}}],"collection":[{"href":"https:\/\/www.biopapa.de\/lt\/wp-json\/wp\/v2\/product"}],"about":[{"href":"https:\/\/www.biopapa.de\/lt\/wp-json\/wp\/v2\/types\/product"}],"wp:featuredmedia":[{"embeddable":true,"href":"https:\/\/www.biopapa.de\/lt\/wp-json\/wp\/v2\/media\/18874"}],"wp:attachment":[{"href":"https:\/\/www.biopapa.de\/lt\/wp-json\/wp\/v2\/media?parent=18407"}],"wp:term":[{"taxonomy":"product_brand","embeddable":true,"href":"https:\/\/www.biopapa.de\/lt\/wp-json\/wp\/v2\/product_brand?post=18407"},{"taxonomy":"product_cat","embeddable":true,"href":"https:\/\/www.biopapa.de\/lt\/wp-json\/wp\/v2\/product_cat?post=18407"},{"taxonomy":"product_tag","embeddable":true,"href":"https:\/\/www.biopapa.de\/lt\/wp-json\/wp\/v2\/product_tag?post=18407"}],"curies":[{"name":"wp","href":"https:\/\/api.w.org\/{rel}","templated":true}]}}