{"id":18415,"date":"2022-05-14T13:53:34","date_gmt":"2022-05-14T10:53:34","guid":{"rendered":"https:\/\/www.biopapa.lt\/?post_type=product&#038;p=18415"},"modified":"2025-11-24T17:30:40","modified_gmt":"2025-11-24T15:30:40","slug":"ekologiski-asvaganda-ashwagandha-milteliai","status":"publish","type":"product","link":"https:\/\/www.biopapa.de\/lt\/producte\/ekologiski-asvaganda-ashwagandha-milteliai\/","title":{"rendered":"Ekologi\u0161ki A\u0161vaganda (Ashwagandha) milteliai"},"content":{"rendered":"<p>Ekologi\u0161ki A\u0161vaganda (Ashwagandha) milteliai<br \/>\nA\u0161vaganda\u00a0Withania somnifera, da\u017enai vadinama \u201eIndijos \u017een\u0161eniu\u201c arba \u201e\u017eiemine vy\u0161nia\u201c, buvo naudojama Ajurvedoje, vienoje seniausi\u0173 pasaulyje holistinio gydymo sistem\u0173, daugiau nei 3000 met\u0173. Jis klesti sausuose Indijos regionuose, Viduriniuose Rytuose ir kai kuriose Afrikos dalyse. Jo pavadinimas \u201eashwagandha\u201c yra kil\u0119s i\u0161 sanskrito kalbos, \u201eashwa\u201c rei\u0161kia \u201earklys\u201c, o \u201egandha\u201c rei\u0161kia \u201ekvapas\u201c, galb\u016bt nurodantis \u012f stipr\u0173 \u0161aknies kvap\u0105, tikima kad ji suteikia gyvybingumo ir arklio j\u0117gos.<br \/>\nAjurvedoje labai gerbiama A\u0161vaganda naudojama d\u0117l sveikatos problem\u0173. Augalo \u0161aknis yra svarbiausia augalo dalis ir da\u017eniausiai naudojamos \u012fvairiose kompozicijose gerinti sveikat\u0105.<\/p>\n<p>D\u0117mesio<br \/>\nKai kurie asmenys, vartodami a\u0161vaganda miltelius, gali patirti skrand\u017eio sutrikimus arba viduriavim\u0105.<br \/>\nKai kuriais atvejais A\u0161vaganda gali sukelti mieguistum\u0105.<br \/>\nA\u0161vaganda gali s\u0105veikauti su tam tikrais vaistais, tod\u0117l b\u016bkite atid\u016bs, jei vartojate receptinius vaistus.<br \/>\nN\u0117\u0161\u010dios arba kr\u016btimi maitinan\u010dios moterys turi b\u016bti atsargios vartodamos a\u0161vagand\u0105, nes jos saugumas tokiomis situacijomis n\u0117ra gerai \u017einomas.<\/p>\n<p>Naudojimas<br \/>\nRekomenduojama vartoti 1\/4\u20131\/2 arbatinio \u0161auk\u0161telio milteli\u0173 vien\u0105 ar du kartus per dien\u0105, ne daugiau nei 1 arbatin\u012f \u0161auk\u0161tel\u012f per dien\u0105. Galima sumai\u0161yti su vandeniu, arba u\u017egerti vandeniu.<br \/>\nKiek laiko reikia vartoti, tai gali priklausyti nuo skirting\u0173 veiksni\u0173. Kai kuriems gali prireikti 3\u20136 savai\u010di\u0173, kitiems ilgiau. Daugeliui \u017emoni\u0173 A\u0161vaganda gali b\u016bti vartojama kelis m\u0117nesius, po 3 m\u0117nesi\u0173 vartojimo daryti pertrauk\u0105.<\/p>\n<p><em>PASTABA. \u010cia pateikiama informacija negali b\u016bti interpretuojama kaip gydymo ar kitokio pob\u016bd\u017eio sveikatos klausim\u0173 sprendimo rekomendacija. Raginame sprendimus, susijusius su asmenine sveikata, priimti asmeni\u0161kai, \u012fvertinus \u012fvairius informacijos \u0161altinius.<\/em><\/p>\n","protected":false},"excerpt":{"rendered":"<p>Ekologi\u0161ki A\u0161vaganda (Ashwagandha) milteliai A\u0161vaganda\u00a0Withania somnifera, da\u017enai vadinama \u201eIndijos \u017een\u0161eniu\u201c arba \u201e\u017eiemine vy\u0161nia\u201c, buvo naudojama Ajurvedoje, vienoje seniausi\u0173 pasaulyje holistinio<\/p>\n","protected":false},"featured_media":22333,"template":"","meta":{"_acf_changed":false},"product_brand":[],"product_cat":[1216,2349],"product_tag":[2336,1378],"class_list":{"0":"post-18415","1":"product","2":"type-product","3":"status-publish","4":"has-post-thumbnail","6":"product_cat-augalinis-supermaistas","7":"product_cat-milteliai","8":"product_tag-ekologiska","9":"product_tag-veganams","10":"pa_svoris-1-kg","11":"pa_svoris-100-g","12":"pa_svoris-200-g","13":"pa_svoris-25-kg","14":"pa_svoris-300-g","15":"pa_svoris-400-g","16":"pa_svoris-50-g","17":"pa_svoris-500-g","19":"first","20":"instock","21":"shipping-taxable","22":"purchasable","23":"product-type-variable"},"acf":[],"yoast_head":"<!-- This site is optimized with the Yoast SEO plugin v27.4 - https:\/\/yoast.com\/product\/yoast-seo-wordpress\/ -->\n<title>Ekologi\u0161ki A\u0161vaganda (Ashwagandha) milteliai - Biopapa<\/title>\n<meta name=\"description\" content=\"A\u0161vaganda turi stipri\u0173 afrodiziako, diuretik\u0173, antioksidacini\u0173, antidepresant\u0173, antidiabetini\u0173 savybi\u0173, tod\u0117l yra naudojama gydant \u012fvairias ligas.\" \/>\n<meta name=\"robots\" content=\"index, follow, max-snippet:-1, max-image-preview:large, max-video-preview:-1\" \/>\n<link rel=\"canonical\" href=\"https:\/\/www.biopapa.de\/lt\/producte\/ekologiski-asvaganda-ashwagandha-milteliai\/\" \/>\n<meta property=\"og:locale\" content=\"lt_LT\" \/>\n<meta property=\"og:type\" content=\"article\" \/>\n<meta property=\"og:title\" content=\"Ekologi\u0161ki A\u0161vaganda (Ashwagandha) milteliai - Biopapa\" \/>\n<meta property=\"og:description\" content=\"A\u0161vaganda turi stipri\u0173 afrodiziako, diuretik\u0173, antioksidacini\u0173, antidepresant\u0173, antidiabetini\u0173 savybi\u0173, tod\u0117l yra naudojama gydant \u012fvairias ligas.\" \/>\n<meta property=\"og:url\" content=\"https:\/\/www.biopapa.de\/lt\/producte\/ekologiski-asvaganda-ashwagandha-milteliai\/\" \/>\n<meta property=\"og:site_name\" content=\"Biopapa\" \/>\n<meta property=\"article:publisher\" content=\"https:\/\/www.facebook.com\/biopapa.lt\" \/>\n<meta property=\"article:modified_time\" content=\"2025-11-24T15:30:40+00:00\" \/>\n<meta property=\"og:image\" content=\"https:\/\/www.biopapa.de\/wp-content\/uploads\/2022\/05\/Ekologiski-Asvagandos-Ashwagandha-milteliai-be-glitimo.png\" \/>\n\t<meta property=\"og:image:width\" content=\"800\" \/>\n\t<meta property=\"og:image:height\" content=\"640\" \/>\n\t<meta property=\"og:image:type\" content=\"image\/png\" \/>\n<meta name=\"twitter:card\" content=\"summary_large_image\" \/>\n<meta name=\"twitter:label1\" content=\"Est. reading time\" \/>\n\t<meta name=\"twitter:data1\" content=\"1 minut\u0117\" \/>\n<script type=\"application\/ld+json\" class=\"yoast-schema-graph\">{\"@context\":\"https:\\\/\\\/schema.org\",\"@graph\":[{\"@type\":\"WebPage\",\"@id\":\"https:\\\/\\\/www.biopapa.de\\\/lt\\\/producte\\\/ekologiski-asvaganda-ashwagandha-milteliai\\\/\",\"url\":\"https:\\\/\\\/www.biopapa.de\\\/lt\\\/producte\\\/ekologiski-asvaganda-ashwagandha-milteliai\\\/\",\"name\":\"Ekologi\u0161ki A\u0161vaganda (Ashwagandha) milteliai - Biopapa\",\"isPartOf\":{\"@id\":\"https:\\\/\\\/www.biopapa.de\\\/lt\\\/#website\"},\"primaryImageOfPage\":{\"@id\":\"https:\\\/\\\/www.biopapa.de\\\/lt\\\/producte\\\/ekologiski-asvaganda-ashwagandha-milteliai\\\/#primaryimage\"},\"image\":{\"@id\":\"https:\\\/\\\/www.biopapa.de\\\/lt\\\/producte\\\/ekologiski-asvaganda-ashwagandha-milteliai\\\/#primaryimage\"},\"thumbnailUrl\":\"https:\\\/\\\/www.biopapa.de\\\/wp-content\\\/uploads\\\/2022\\\/05\\\/Ekologiski-Asvagandos-Ashwagandha-milteliai-be-glitimo.png\",\"datePublished\":\"2022-05-14T10:53:34+00:00\",\"dateModified\":\"2025-11-24T15:30:40+00:00\",\"description\":\"A\u0161vaganda turi stipri\u0173 afrodiziako, diuretik\u0173, antioksidacini\u0173, antidepresant\u0173, antidiabetini\u0173 savybi\u0173, tod\u0117l yra naudojama gydant \u012fvairias ligas.\",\"breadcrumb\":{\"@id\":\"https:\\\/\\\/www.biopapa.de\\\/lt\\\/producte\\\/ekologiski-asvaganda-ashwagandha-milteliai\\\/#breadcrumb\"},\"inLanguage\":\"lt-LT\",\"potentialAction\":[{\"@type\":\"ReadAction\",\"target\":[\"https:\\\/\\\/www.biopapa.de\\\/lt\\\/producte\\\/ekologiski-asvaganda-ashwagandha-milteliai\\\/\"]}]},{\"@type\":\"ImageObject\",\"inLanguage\":\"lt-LT\",\"@id\":\"https:\\\/\\\/www.biopapa.de\\\/lt\\\/producte\\\/ekologiski-asvaganda-ashwagandha-milteliai\\\/#primaryimage\",\"url\":\"https:\\\/\\\/www.biopapa.de\\\/wp-content\\\/uploads\\\/2022\\\/05\\\/Ekologiski-Asvagandos-Ashwagandha-milteliai-be-glitimo.png\",\"contentUrl\":\"https:\\\/\\\/www.biopapa.de\\\/wp-content\\\/uploads\\\/2022\\\/05\\\/Ekologiski-Asvagandos-Ashwagandha-milteliai-be-glitimo.png\",\"width\":800,\"height\":640,\"caption\":\"Ekologi\u0161ki A\u0161vagandos (Ashwagandha) milteliai, be glitimo\"},{\"@type\":\"BreadcrumbList\",\"@id\":\"https:\\\/\\\/www.biopapa.de\\\/lt\\\/producte\\\/ekologiski-asvaganda-ashwagandha-milteliai\\\/#breadcrumb\",\"itemListElement\":[{\"@type\":\"ListItem\",\"position\":1,\"name\":\"Home\",\"item\":\"https:\\\/\\\/www.biopapa.de\\\/lt\\\/\"},{\"@type\":\"ListItem\",\"position\":2,\"name\":\"Parduotuv\u0117\",\"item\":\"https:\\\/\\\/www.biopapa.de\\\/parduotuve\\\/\"},{\"@type\":\"ListItem\",\"position\":3,\"name\":\"Ekologi\u0161ki A\u0161vaganda (Ashwagandha) milteliai\"}]},{\"@type\":\"WebSite\",\"@id\":\"https:\\\/\\\/www.biopapa.de\\\/lt\\\/#website\",\"url\":\"https:\\\/\\\/www.biopapa.de\\\/lt\\\/\",\"name\":\"Biopapa\",\"description\":\"\u0160var\u016bs ekologi\u0161ki produktai\",\"publisher\":{\"@id\":\"https:\\\/\\\/www.biopapa.de\\\/lt\\\/#organization\"},\"potentialAction\":[{\"@type\":\"SearchAction\",\"target\":{\"@type\":\"EntryPoint\",\"urlTemplate\":\"https:\\\/\\\/www.biopapa.de\\\/lt\\\/?s={search_term_string}\"},\"query-input\":{\"@type\":\"PropertyValueSpecification\",\"valueRequired\":true,\"valueName\":\"search_term_string\"}}],\"inLanguage\":\"lt-LT\"},{\"@type\":\"Organization\",\"@id\":\"https:\\\/\\\/www.biopapa.de\\\/lt\\\/#organization\",\"name\":\"Biopapa\",\"url\":\"https:\\\/\\\/www.biopapa.de\\\/lt\\\/\",\"logo\":{\"@type\":\"ImageObject\",\"inLanguage\":\"lt-LT\",\"@id\":\"https:\\\/\\\/www.biopapa.de\\\/lt\\\/#\\\/schema\\\/logo\\\/image\\\/\",\"url\":\"https:\\\/\\\/www.biopapa.lt\\\/wp-content\\\/uploads\\\/2022\\\/04\\\/facebook_biopapa.jpg\",\"contentUrl\":\"https:\\\/\\\/www.biopapa.lt\\\/wp-content\\\/uploads\\\/2022\\\/04\\\/facebook_biopapa.jpg\",\"width\":1733,\"height\":907,\"caption\":\"Biopapa\"},\"image\":{\"@id\":\"https:\\\/\\\/www.biopapa.de\\\/lt\\\/#\\\/schema\\\/logo\\\/image\\\/\"},\"sameAs\":[\"https:\\\/\\\/www.facebook.com\\\/biopapa.lt\"]}]}<\/script>\n<!-- \/ Yoast SEO plugin. -->","yoast_head_json":{"title":"Ekologi\u0161ki A\u0161vaganda (Ashwagandha) milteliai - Biopapa","description":"A\u0161vaganda turi stipri\u0173 afrodiziako, diuretik\u0173, antioksidacini\u0173, antidepresant\u0173, antidiabetini\u0173 savybi\u0173, tod\u0117l yra naudojama gydant \u012fvairias ligas.","robots":{"index":"index","follow":"follow","max-snippet":"max-snippet:-1","max-image-preview":"max-image-preview:large","max-video-preview":"max-video-preview:-1"},"canonical":"https:\/\/www.biopapa.de\/lt\/producte\/ekologiski-asvaganda-ashwagandha-milteliai\/","og_locale":"lt_LT","og_type":"article","og_title":"Ekologi\u0161ki A\u0161vaganda (Ashwagandha) milteliai - Biopapa","og_description":"A\u0161vaganda turi stipri\u0173 afrodiziako, diuretik\u0173, antioksidacini\u0173, antidepresant\u0173, antidiabetini\u0173 savybi\u0173, tod\u0117l yra naudojama gydant \u012fvairias ligas.","og_url":"https:\/\/www.biopapa.de\/lt\/producte\/ekologiski-asvaganda-ashwagandha-milteliai\/","og_site_name":"Biopapa","article_publisher":"https:\/\/www.facebook.com\/biopapa.lt","article_modified_time":"2025-11-24T15:30:40+00:00","og_image":[{"width":800,"height":640,"url":"https:\/\/www.biopapa.de\/wp-content\/uploads\/2022\/05\/Ekologiski-Asvagandos-Ashwagandha-milteliai-be-glitimo.png","type":"image\/png"}],"twitter_card":"summary_large_image","twitter_misc":{"Est. reading time":"1 minut\u0117"},"schema":{"@context":"https:\/\/schema.org","@graph":[{"@type":"WebPage","@id":"https:\/\/www.biopapa.de\/lt\/producte\/ekologiski-asvaganda-ashwagandha-milteliai\/","url":"https:\/\/www.biopapa.de\/lt\/producte\/ekologiski-asvaganda-ashwagandha-milteliai\/","name":"Ekologi\u0161ki A\u0161vaganda (Ashwagandha) milteliai - Biopapa","isPartOf":{"@id":"https:\/\/www.biopapa.de\/lt\/#website"},"primaryImageOfPage":{"@id":"https:\/\/www.biopapa.de\/lt\/producte\/ekologiski-asvaganda-ashwagandha-milteliai\/#primaryimage"},"image":{"@id":"https:\/\/www.biopapa.de\/lt\/producte\/ekologiski-asvaganda-ashwagandha-milteliai\/#primaryimage"},"thumbnailUrl":"https:\/\/www.biopapa.de\/wp-content\/uploads\/2022\/05\/Ekologiski-Asvagandos-Ashwagandha-milteliai-be-glitimo.png","datePublished":"2022-05-14T10:53:34+00:00","dateModified":"2025-11-24T15:30:40+00:00","description":"A\u0161vaganda turi stipri\u0173 afrodiziako, diuretik\u0173, antioksidacini\u0173, antidepresant\u0173, antidiabetini\u0173 savybi\u0173, tod\u0117l yra naudojama gydant \u012fvairias ligas.","breadcrumb":{"@id":"https:\/\/www.biopapa.de\/lt\/producte\/ekologiski-asvaganda-ashwagandha-milteliai\/#breadcrumb"},"inLanguage":"lt-LT","potentialAction":[{"@type":"ReadAction","target":["https:\/\/www.biopapa.de\/lt\/producte\/ekologiski-asvaganda-ashwagandha-milteliai\/"]}]},{"@type":"ImageObject","inLanguage":"lt-LT","@id":"https:\/\/www.biopapa.de\/lt\/producte\/ekologiski-asvaganda-ashwagandha-milteliai\/#primaryimage","url":"https:\/\/www.biopapa.de\/wp-content\/uploads\/2022\/05\/Ekologiski-Asvagandos-Ashwagandha-milteliai-be-glitimo.png","contentUrl":"https:\/\/www.biopapa.de\/wp-content\/uploads\/2022\/05\/Ekologiski-Asvagandos-Ashwagandha-milteliai-be-glitimo.png","width":800,"height":640,"caption":"Ekologi\u0161ki A\u0161vagandos (Ashwagandha) milteliai, be glitimo"},{"@type":"BreadcrumbList","@id":"https:\/\/www.biopapa.de\/lt\/producte\/ekologiski-asvaganda-ashwagandha-milteliai\/#breadcrumb","itemListElement":[{"@type":"ListItem","position":1,"name":"Home","item":"https:\/\/www.biopapa.de\/lt\/"},{"@type":"ListItem","position":2,"name":"Parduotuv\u0117","item":"https:\/\/www.biopapa.de\/parduotuve\/"},{"@type":"ListItem","position":3,"name":"Ekologi\u0161ki A\u0161vaganda (Ashwagandha) milteliai"}]},{"@type":"WebSite","@id":"https:\/\/www.biopapa.de\/lt\/#website","url":"https:\/\/www.biopapa.de\/lt\/","name":"Biopapa","description":"\u0160var\u016bs ekologi\u0161ki produktai","publisher":{"@id":"https:\/\/www.biopapa.de\/lt\/#organization"},"potentialAction":[{"@type":"SearchAction","target":{"@type":"EntryPoint","urlTemplate":"https:\/\/www.biopapa.de\/lt\/?s={search_term_string}"},"query-input":{"@type":"PropertyValueSpecification","valueRequired":true,"valueName":"search_term_string"}}],"inLanguage":"lt-LT"},{"@type":"Organization","@id":"https:\/\/www.biopapa.de\/lt\/#organization","name":"Biopapa","url":"https:\/\/www.biopapa.de\/lt\/","logo":{"@type":"ImageObject","inLanguage":"lt-LT","@id":"https:\/\/www.biopapa.de\/lt\/#\/schema\/logo\/image\/","url":"https:\/\/www.biopapa.lt\/wp-content\/uploads\/2022\/04\/facebook_biopapa.jpg","contentUrl":"https:\/\/www.biopapa.lt\/wp-content\/uploads\/2022\/04\/facebook_biopapa.jpg","width":1733,"height":907,"caption":"Biopapa"},"image":{"@id":"https:\/\/www.biopapa.de\/lt\/#\/schema\/logo\/image\/"},"sameAs":["https:\/\/www.facebook.com\/biopapa.lt"]}]}},"_links":{"self":[{"href":"https:\/\/www.biopapa.de\/lt\/wp-json\/wp\/v2\/product\/18415","targetHints":{"allow":["GET"]}}],"collection":[{"href":"https:\/\/www.biopapa.de\/lt\/wp-json\/wp\/v2\/product"}],"about":[{"href":"https:\/\/www.biopapa.de\/lt\/wp-json\/wp\/v2\/types\/product"}],"wp:featuredmedia":[{"embeddable":true,"href":"https:\/\/www.biopapa.de\/lt\/wp-json\/wp\/v2\/media\/22333"}],"wp:attachment":[{"href":"https:\/\/www.biopapa.de\/lt\/wp-json\/wp\/v2\/media?parent=18415"}],"wp:term":[{"taxonomy":"product_brand","embeddable":true,"href":"https:\/\/www.biopapa.de\/lt\/wp-json\/wp\/v2\/product_brand?post=18415"},{"taxonomy":"product_cat","embeddable":true,"href":"https:\/\/www.biopapa.de\/lt\/wp-json\/wp\/v2\/product_cat?post=18415"},{"taxonomy":"product_tag","embeddable":true,"href":"https:\/\/www.biopapa.de\/lt\/wp-json\/wp\/v2\/product_tag?post=18415"}],"curies":[{"name":"wp","href":"https:\/\/api.w.org\/{rel}","templated":true}]}}