{"id":18452,"date":"2022-05-14T16:01:29","date_gmt":"2022-05-14T13:01:29","guid":{"rendered":"https:\/\/www.biopapa.lt\/?post_type=product&#038;p=18452"},"modified":"2026-03-02T14:41:28","modified_gmt":"2026-03-02T12:41:28","slug":"ekologiskos-soju-pupeles","status":"publish","type":"product","link":"https:\/\/www.biopapa.de\/lt\/producte\/ekologiskos-soju-pupeles\/","title":{"rendered":"Ekologi\u0161kos soj\u0173 pupel\u0117s, ne GMO"},"content":{"rendered":"<p><strong>Ekologi\u0161kos soj\u0173 pupel\u0117s, ne GMO<\/strong><br \/>\nSoj\u0173 pupel\u0117s \u2013 universalus ir maisting\u0173j\u0173 med\u017eiag\u0173 turtingas ank\u0161tinis augalas \u2013 auginamos jau t\u016bkstan\u010dius met\u0173, daugiausia Ryt\u0173 Azijoje.<br \/>\nTradici\u0161kai soj\u0173 pupel\u0117s u\u017eima svarbi\u0105 viet\u0105 daugelyje Azijos virtuvi\u0173 ir kult\u016br\u0173. Jos naudojamos \u012fvairiais pavidalais \u2013 nuo \u0161vie\u017ei\u0173 edamame pupeli\u0173 iki fermentuot\u0173 produkt\u0173, toki\u0173 kaip miso, tempeh ir soj\u0173 pada\u017eas, kurie yra neatsiejami nuo japon\u0173, kin\u0173, kor\u0117jie\u010di\u0173 ir indonezie\u010di\u0173 mitybos. \u0160ie produktai ne tik pasi\u017eymi turtingu skoniu ir tekst\u016bra, bet ir yra naudingi sveikatai, \u012fskaitant didel\u012f baltym\u0173, nepakei\u010diam\u0173j\u0173 aminor\u016bg\u0161\u010di\u0173, \u012fvairi\u0173 vitamin\u0173 ir mineral\u0173 kiek\u012f. Tradicinis soj\u0173 pupeli\u0173 naudojimas pabr\u0117\u017eia j\u0173, kaip tvaraus, maistingo ir universalaus maisto \u0161altinio, svarb\u0105, kuri ir toliau vertinama \u0161iuolaikin\u0117je mityboje visame pasaulyje.<br \/>\nSoj\u0173 pupel\u0117s yra nepaprastai universalios maisto gamyboje \u2013 jos yra pagrindinis daugelio \u012fvairi\u0173 virtuvi\u0173 patiekal\u0173 ingredientas. J\u0173 pritaikomum\u0105 lemia neutralus skonis ir didelis baltym\u0173 kiekis, tod\u0117l jos yra puikus m\u0117sos pakaitalas vegetari\u0161koje ir vegani\u0161koje mityboje.<\/p>\n<p>Jos puikiai tiks tro\u0161kiniams, sriuboms, salotoms, dar\u017eovi\u0173 ir kitiems patiekalams.<br \/>\nSumaltos tinka miltiniams patiekalams, makaronams ir kepsneliams ruo\u0161ti.<\/p>\n<p>U\u017eauginta ekologiniuose \u016bkiuose,\u00a0ne\u00a0GMO (Geneti\u0161kai modifikuotas organizmas).<\/p>\n<p>Daiginimui netinka.<\/p>\n","protected":false},"excerpt":{"rendered":"<p>Ekologi\u0161kos soj\u0173 pupel\u0117s, ne GMO Soj\u0173 pupel\u0117s \u2013 universalus ir maisting\u0173j\u0173 med\u017eiag\u0173 turtingas ank\u0161tinis augalas \u2013 auginamos jau t\u016bkstan\u010dius met\u0173,<\/p>\n","protected":false},"featured_media":18727,"template":"","meta":{"_acf_changed":false},"product_brand":[],"product_cat":[1933,1295],"product_tag":[1433,1497,1378],"class_list":{"0":"post-18452","1":"product","2":"type-product","3":"status-publish","4":"has-post-thumbnail","6":"product_cat-ankstiniai","7":"product_cat-ekologiskos-kruopos-ankstiniai","8":"product_tag-baltymu-saltinis","9":"product_tag-ne-gmo","10":"product_tag-veganams","11":"pa_svoris-1-kg","12":"pa_svoris-100-g","13":"pa_svoris-200-g","14":"pa_svoris-25-kg","15":"pa_svoris-300-g","16":"pa_svoris-400-g","17":"pa_svoris-500-g","19":"first","20":"instock","21":"shipping-taxable","22":"purchasable","23":"product-type-variable"},"acf":[],"yoast_head":"<!-- This site is optimized with the Yoast SEO plugin v27.5 - https:\/\/yoast.com\/product\/yoast-seo-wordpress\/ -->\n<title>Ekologi\u0161kos soj\u0173 pupel\u0117s, ne GMO - Biopapa<\/title>\n<meta name=\"description\" content=\"Soj\u0173 pupel\u0117s yra nepaprastai universalios maisto gamyboje \u2013 jos yra pagrindinis daugelio \u012fvairi\u0173 virtuvi\u0173 patiekal\u0173 ingredientas.\" \/>\n<meta name=\"robots\" content=\"index, follow, max-snippet:-1, max-image-preview:large, max-video-preview:-1\" \/>\n<link rel=\"canonical\" href=\"https:\/\/www.biopapa.de\/lt\/producte\/ekologiskos-soju-pupeles\/\" \/>\n<meta property=\"og:locale\" content=\"lt_LT\" \/>\n<meta property=\"og:type\" content=\"article\" \/>\n<meta property=\"og:title\" content=\"Ekologi\u0161kos soj\u0173 pupel\u0117s, ne GMO - Biopapa\" \/>\n<meta property=\"og:description\" content=\"Soj\u0173 pupel\u0117s yra nepaprastai universalios maisto gamyboje \u2013 jos yra pagrindinis daugelio \u012fvairi\u0173 virtuvi\u0173 patiekal\u0173 ingredientas.\" \/>\n<meta property=\"og:url\" content=\"https:\/\/www.biopapa.de\/lt\/producte\/ekologiskos-soju-pupeles\/\" \/>\n<meta property=\"og:site_name\" content=\"Biopapa\" \/>\n<meta property=\"article:publisher\" content=\"https:\/\/www.facebook.com\/biopapa.lt\" \/>\n<meta property=\"article:modified_time\" content=\"2026-03-02T12:41:28+00:00\" \/>\n<meta property=\"og:image\" content=\"https:\/\/www.biopapa.de\/wp-content\/uploads\/2022\/05\/sojos-pupeles.jpg\" \/>\n\t<meta property=\"og:image:width\" content=\"800\" \/>\n\t<meta property=\"og:image:height\" content=\"640\" \/>\n\t<meta property=\"og:image:type\" content=\"image\/jpeg\" \/>\n<meta name=\"twitter:card\" content=\"summary_large_image\" \/>\n<meta name=\"twitter:label1\" content=\"Est. reading time\" \/>\n\t<meta name=\"twitter:data1\" content=\"1 minut\u0117\" \/>\n<script type=\"application\/ld+json\" class=\"yoast-schema-graph\">{\"@context\":\"https:\\\/\\\/schema.org\",\"@graph\":[{\"@type\":\"WebPage\",\"@id\":\"https:\\\/\\\/www.biopapa.de\\\/lt\\\/producte\\\/ekologiskos-soju-pupeles\\\/\",\"url\":\"https:\\\/\\\/www.biopapa.de\\\/lt\\\/producte\\\/ekologiskos-soju-pupeles\\\/\",\"name\":\"Ekologi\u0161kos soj\u0173 pupel\u0117s, ne GMO - Biopapa\",\"isPartOf\":{\"@id\":\"https:\\\/\\\/www.biopapa.de\\\/lt\\\/#website\"},\"primaryImageOfPage\":{\"@id\":\"https:\\\/\\\/www.biopapa.de\\\/lt\\\/producte\\\/ekologiskos-soju-pupeles\\\/#primaryimage\"},\"image\":{\"@id\":\"https:\\\/\\\/www.biopapa.de\\\/lt\\\/producte\\\/ekologiskos-soju-pupeles\\\/#primaryimage\"},\"thumbnailUrl\":\"https:\\\/\\\/www.biopapa.de\\\/wp-content\\\/uploads\\\/2022\\\/05\\\/sojos-pupeles.jpg\",\"datePublished\":\"2022-05-14T13:01:29+00:00\",\"dateModified\":\"2026-03-02T12:41:28+00:00\",\"description\":\"Soj\u0173 pupel\u0117s yra nepaprastai universalios maisto gamyboje \u2013 jos yra pagrindinis daugelio \u012fvairi\u0173 virtuvi\u0173 patiekal\u0173 ingredientas.\",\"breadcrumb\":{\"@id\":\"https:\\\/\\\/www.biopapa.de\\\/lt\\\/producte\\\/ekologiskos-soju-pupeles\\\/#breadcrumb\"},\"inLanguage\":\"lt-LT\",\"potentialAction\":[{\"@type\":\"ReadAction\",\"target\":[\"https:\\\/\\\/www.biopapa.de\\\/lt\\\/producte\\\/ekologiskos-soju-pupeles\\\/\"]}]},{\"@type\":\"ImageObject\",\"inLanguage\":\"lt-LT\",\"@id\":\"https:\\\/\\\/www.biopapa.de\\\/lt\\\/producte\\\/ekologiskos-soju-pupeles\\\/#primaryimage\",\"url\":\"https:\\\/\\\/www.biopapa.de\\\/wp-content\\\/uploads\\\/2022\\\/05\\\/sojos-pupeles.jpg\",\"contentUrl\":\"https:\\\/\\\/www.biopapa.de\\\/wp-content\\\/uploads\\\/2022\\\/05\\\/sojos-pupeles.jpg\",\"width\":800,\"height\":640,\"caption\":\"Ekologi\u0161kos soj\u0173 pupel\u0117s, be GMO\"},{\"@type\":\"BreadcrumbList\",\"@id\":\"https:\\\/\\\/www.biopapa.de\\\/lt\\\/producte\\\/ekologiskos-soju-pupeles\\\/#breadcrumb\",\"itemListElement\":[{\"@type\":\"ListItem\",\"position\":1,\"name\":\"Home\",\"item\":\"https:\\\/\\\/www.biopapa.de\\\/lt\\\/\"},{\"@type\":\"ListItem\",\"position\":2,\"name\":\"Parduotuv\u0117\",\"item\":\"https:\\\/\\\/www.biopapa.de\\\/parduotuve\\\/\"},{\"@type\":\"ListItem\",\"position\":3,\"name\":\"Ekologi\u0161kos soj\u0173 pupel\u0117s, ne GMO\"}]},{\"@type\":\"WebSite\",\"@id\":\"https:\\\/\\\/www.biopapa.de\\\/lt\\\/#website\",\"url\":\"https:\\\/\\\/www.biopapa.de\\\/lt\\\/\",\"name\":\"Biopapa\",\"description\":\"\u0160var\u016bs ekologi\u0161ki produktai\",\"publisher\":{\"@id\":\"https:\\\/\\\/www.biopapa.de\\\/lt\\\/#organization\"},\"potentialAction\":[{\"@type\":\"SearchAction\",\"target\":{\"@type\":\"EntryPoint\",\"urlTemplate\":\"https:\\\/\\\/www.biopapa.de\\\/lt\\\/?s={search_term_string}\"},\"query-input\":{\"@type\":\"PropertyValueSpecification\",\"valueRequired\":true,\"valueName\":\"search_term_string\"}}],\"inLanguage\":\"lt-LT\"},{\"@type\":\"Organization\",\"@id\":\"https:\\\/\\\/www.biopapa.de\\\/lt\\\/#organization\",\"name\":\"Biopapa\",\"url\":\"https:\\\/\\\/www.biopapa.de\\\/lt\\\/\",\"logo\":{\"@type\":\"ImageObject\",\"inLanguage\":\"lt-LT\",\"@id\":\"https:\\\/\\\/www.biopapa.de\\\/lt\\\/#\\\/schema\\\/logo\\\/image\\\/\",\"url\":\"https:\\\/\\\/www.biopapa.lt\\\/wp-content\\\/uploads\\\/2022\\\/04\\\/facebook_biopapa.jpg\",\"contentUrl\":\"https:\\\/\\\/www.biopapa.lt\\\/wp-content\\\/uploads\\\/2022\\\/04\\\/facebook_biopapa.jpg\",\"width\":1733,\"height\":907,\"caption\":\"Biopapa\"},\"image\":{\"@id\":\"https:\\\/\\\/www.biopapa.de\\\/lt\\\/#\\\/schema\\\/logo\\\/image\\\/\"},\"sameAs\":[\"https:\\\/\\\/www.facebook.com\\\/biopapa.lt\"]}]}<\/script>\n<!-- \/ Yoast SEO plugin. -->","yoast_head_json":{"title":"Ekologi\u0161kos soj\u0173 pupel\u0117s, ne GMO - Biopapa","description":"Soj\u0173 pupel\u0117s yra nepaprastai universalios maisto gamyboje \u2013 jos yra pagrindinis daugelio \u012fvairi\u0173 virtuvi\u0173 patiekal\u0173 ingredientas.","robots":{"index":"index","follow":"follow","max-snippet":"max-snippet:-1","max-image-preview":"max-image-preview:large","max-video-preview":"max-video-preview:-1"},"canonical":"https:\/\/www.biopapa.de\/lt\/producte\/ekologiskos-soju-pupeles\/","og_locale":"lt_LT","og_type":"article","og_title":"Ekologi\u0161kos soj\u0173 pupel\u0117s, ne GMO - Biopapa","og_description":"Soj\u0173 pupel\u0117s yra nepaprastai universalios maisto gamyboje \u2013 jos yra pagrindinis daugelio \u012fvairi\u0173 virtuvi\u0173 patiekal\u0173 ingredientas.","og_url":"https:\/\/www.biopapa.de\/lt\/producte\/ekologiskos-soju-pupeles\/","og_site_name":"Biopapa","article_publisher":"https:\/\/www.facebook.com\/biopapa.lt","article_modified_time":"2026-03-02T12:41:28+00:00","og_image":[{"width":800,"height":640,"url":"https:\/\/www.biopapa.de\/wp-content\/uploads\/2022\/05\/sojos-pupeles.jpg","type":"image\/jpeg"}],"twitter_card":"summary_large_image","twitter_misc":{"Est. reading time":"1 minut\u0117"},"schema":{"@context":"https:\/\/schema.org","@graph":[{"@type":"WebPage","@id":"https:\/\/www.biopapa.de\/lt\/producte\/ekologiskos-soju-pupeles\/","url":"https:\/\/www.biopapa.de\/lt\/producte\/ekologiskos-soju-pupeles\/","name":"Ekologi\u0161kos soj\u0173 pupel\u0117s, ne GMO - Biopapa","isPartOf":{"@id":"https:\/\/www.biopapa.de\/lt\/#website"},"primaryImageOfPage":{"@id":"https:\/\/www.biopapa.de\/lt\/producte\/ekologiskos-soju-pupeles\/#primaryimage"},"image":{"@id":"https:\/\/www.biopapa.de\/lt\/producte\/ekologiskos-soju-pupeles\/#primaryimage"},"thumbnailUrl":"https:\/\/www.biopapa.de\/wp-content\/uploads\/2022\/05\/sojos-pupeles.jpg","datePublished":"2022-05-14T13:01:29+00:00","dateModified":"2026-03-02T12:41:28+00:00","description":"Soj\u0173 pupel\u0117s yra nepaprastai universalios maisto gamyboje \u2013 jos yra pagrindinis daugelio \u012fvairi\u0173 virtuvi\u0173 patiekal\u0173 ingredientas.","breadcrumb":{"@id":"https:\/\/www.biopapa.de\/lt\/producte\/ekologiskos-soju-pupeles\/#breadcrumb"},"inLanguage":"lt-LT","potentialAction":[{"@type":"ReadAction","target":["https:\/\/www.biopapa.de\/lt\/producte\/ekologiskos-soju-pupeles\/"]}]},{"@type":"ImageObject","inLanguage":"lt-LT","@id":"https:\/\/www.biopapa.de\/lt\/producte\/ekologiskos-soju-pupeles\/#primaryimage","url":"https:\/\/www.biopapa.de\/wp-content\/uploads\/2022\/05\/sojos-pupeles.jpg","contentUrl":"https:\/\/www.biopapa.de\/wp-content\/uploads\/2022\/05\/sojos-pupeles.jpg","width":800,"height":640,"caption":"Ekologi\u0161kos soj\u0173 pupel\u0117s, be GMO"},{"@type":"BreadcrumbList","@id":"https:\/\/www.biopapa.de\/lt\/producte\/ekologiskos-soju-pupeles\/#breadcrumb","itemListElement":[{"@type":"ListItem","position":1,"name":"Home","item":"https:\/\/www.biopapa.de\/lt\/"},{"@type":"ListItem","position":2,"name":"Parduotuv\u0117","item":"https:\/\/www.biopapa.de\/parduotuve\/"},{"@type":"ListItem","position":3,"name":"Ekologi\u0161kos soj\u0173 pupel\u0117s, ne GMO"}]},{"@type":"WebSite","@id":"https:\/\/www.biopapa.de\/lt\/#website","url":"https:\/\/www.biopapa.de\/lt\/","name":"Biopapa","description":"\u0160var\u016bs ekologi\u0161ki produktai","publisher":{"@id":"https:\/\/www.biopapa.de\/lt\/#organization"},"potentialAction":[{"@type":"SearchAction","target":{"@type":"EntryPoint","urlTemplate":"https:\/\/www.biopapa.de\/lt\/?s={search_term_string}"},"query-input":{"@type":"PropertyValueSpecification","valueRequired":true,"valueName":"search_term_string"}}],"inLanguage":"lt-LT"},{"@type":"Organization","@id":"https:\/\/www.biopapa.de\/lt\/#organization","name":"Biopapa","url":"https:\/\/www.biopapa.de\/lt\/","logo":{"@type":"ImageObject","inLanguage":"lt-LT","@id":"https:\/\/www.biopapa.de\/lt\/#\/schema\/logo\/image\/","url":"https:\/\/www.biopapa.lt\/wp-content\/uploads\/2022\/04\/facebook_biopapa.jpg","contentUrl":"https:\/\/www.biopapa.lt\/wp-content\/uploads\/2022\/04\/facebook_biopapa.jpg","width":1733,"height":907,"caption":"Biopapa"},"image":{"@id":"https:\/\/www.biopapa.de\/lt\/#\/schema\/logo\/image\/"},"sameAs":["https:\/\/www.facebook.com\/biopapa.lt"]}]}},"_links":{"self":[{"href":"https:\/\/www.biopapa.de\/lt\/wp-json\/wp\/v2\/product\/18452","targetHints":{"allow":["GET"]}}],"collection":[{"href":"https:\/\/www.biopapa.de\/lt\/wp-json\/wp\/v2\/product"}],"about":[{"href":"https:\/\/www.biopapa.de\/lt\/wp-json\/wp\/v2\/types\/product"}],"wp:featuredmedia":[{"embeddable":true,"href":"https:\/\/www.biopapa.de\/lt\/wp-json\/wp\/v2\/media\/18727"}],"wp:attachment":[{"href":"https:\/\/www.biopapa.de\/lt\/wp-json\/wp\/v2\/media?parent=18452"}],"wp:term":[{"taxonomy":"product_brand","embeddable":true,"href":"https:\/\/www.biopapa.de\/lt\/wp-json\/wp\/v2\/product_brand?post=18452"},{"taxonomy":"product_cat","embeddable":true,"href":"https:\/\/www.biopapa.de\/lt\/wp-json\/wp\/v2\/product_cat?post=18452"},{"taxonomy":"product_tag","embeddable":true,"href":"https:\/\/www.biopapa.de\/lt\/wp-json\/wp\/v2\/product_tag?post=18452"}],"curies":[{"name":"wp","href":"https:\/\/api.w.org\/{rel}","templated":true}]}}