{"id":18478,"date":"2022-05-14T16:56:23","date_gmt":"2022-05-14T13:56:23","guid":{"rendered":"https:\/\/www.biopapa.lt\/?post_type=product&#038;p=18478"},"modified":"2026-01-30T16:44:06","modified_gmt":"2026-01-30T14:44:06","slug":"ekologiski-ryziu-miltai-pilno-grudo","status":"publish","type":"product","link":"https:\/\/www.biopapa.de\/lt\/producte\/ekologiski-ryziu-miltai-pilno-grudo\/","title":{"rendered":"Ekologi\u0161ki rud\u0173j\u0173 ry\u017ei\u0173 miltai, pilno gr\u016bdo"},"content":{"rendered":"<p>Ekologi\u0161ki rud\u0173j\u0173 ry\u017ei\u0173 miltai yra viso gr\u016bdo miltai, t. y. jie gaunami i\u0161 viso gr\u016bdo ry\u017ei\u0173. Rekomenduojame \u012fvairiems kepiniams \u2013 duonai, pyragams, sausainiams, desertams ar blynams. Taip pat galite gaminti ry\u017ei\u0173 ko\u0161es ir pudingus, naudodami augalin\u012f pien\u0105, pasaldindami uogomis ar rie\u0161utais.<\/p>\n","protected":false},"excerpt":{"rendered":"<p>Ekologi\u0161ki rud\u0173j\u0173 ry\u017ei\u0173 miltai yra viso gr\u016bdo miltai, t. y. jie gaunami i\u0161 viso gr\u016bdo ry\u017ei\u0173. Rekomenduojame \u012fvairiems kepiniams \u2013<\/p>\n","protected":false},"featured_media":18867,"template":"","meta":{"_acf_changed":false},"product_brand":[],"product_cat":[1316],"product_tag":[1378],"class_list":{"0":"post-18478","1":"product","2":"type-product","3":"status-publish","4":"has-post-thumbnail","6":"product_cat-ekologiski-miltai","7":"product_tag-veganams","8":"pa_svoris-1-kg","9":"pa_svoris-100-g","10":"pa_svoris-200-g","11":"pa_svoris-25-kg","12":"pa_svoris-300-g","13":"pa_svoris-400-g","14":"pa_svoris-500-g","16":"first","17":"instock","18":"shipping-taxable","19":"purchasable","20":"product-type-variable"},"acf":[],"yoast_head":"<!-- This site is optimized with the Yoast SEO plugin v27.5 - https:\/\/yoast.com\/product\/yoast-seo-wordpress\/ -->\n<title>Ekologi\u0161ki rud\u0173j\u0173 ry\u017ei\u0173 miltai, pilno gr\u016bdo - Biopapa<\/title>\n<meta name=\"description\" content=\"Ekologi\u0161ki rud\u0173j\u0173 ry\u017ei\u0173 miltai yra viso gr\u016bdo miltai, t. y. jie gaunami i\u0161 viso gr\u016bdo ry\u017ei\u0173.\" \/>\n<meta name=\"robots\" content=\"index, follow, max-snippet:-1, max-image-preview:large, max-video-preview:-1\" \/>\n<link rel=\"canonical\" href=\"https:\/\/www.biopapa.de\/lt\/producte\/ekologiski-ryziu-miltai-pilno-grudo\/\" \/>\n<meta property=\"og:locale\" content=\"lt_LT\" \/>\n<meta property=\"og:type\" content=\"article\" \/>\n<meta property=\"og:title\" content=\"Ekologi\u0161ki rud\u0173j\u0173 ry\u017ei\u0173 miltai, pilno gr\u016bdo - Biopapa\" \/>\n<meta property=\"og:description\" content=\"Ekologi\u0161ki rud\u0173j\u0173 ry\u017ei\u0173 miltai yra viso gr\u016bdo miltai, t. y. jie gaunami i\u0161 viso gr\u016bdo ry\u017ei\u0173.\" \/>\n<meta property=\"og:url\" content=\"https:\/\/www.biopapa.de\/lt\/producte\/ekologiski-ryziu-miltai-pilno-grudo\/\" \/>\n<meta property=\"og:site_name\" content=\"Biopapa\" \/>\n<meta property=\"article:publisher\" content=\"https:\/\/www.facebook.com\/biopapa.lt\" \/>\n<meta property=\"article:modified_time\" content=\"2026-01-30T14:44:06+00:00\" \/>\n<meta property=\"og:image\" content=\"https:\/\/www.biopapa.de\/wp-content\/uploads\/2022\/05\/ryziu-miltai.jpg\" \/>\n\t<meta property=\"og:image:width\" content=\"800\" \/>\n\t<meta property=\"og:image:height\" content=\"640\" \/>\n\t<meta property=\"og:image:type\" content=\"image\/jpeg\" \/>\n<meta name=\"twitter:card\" content=\"summary_large_image\" \/>\n<meta name=\"twitter:label1\" content=\"Est. reading time\" \/>\n\t<meta name=\"twitter:data1\" content=\"1 minut\u0117\" \/>\n<script type=\"application\/ld+json\" class=\"yoast-schema-graph\">{\"@context\":\"https:\\\/\\\/schema.org\",\"@graph\":[{\"@type\":\"WebPage\",\"@id\":\"https:\\\/\\\/www.biopapa.de\\\/lt\\\/producte\\\/ekologiski-ryziu-miltai-pilno-grudo\\\/\",\"url\":\"https:\\\/\\\/www.biopapa.de\\\/lt\\\/producte\\\/ekologiski-ryziu-miltai-pilno-grudo\\\/\",\"name\":\"Ekologi\u0161ki rud\u0173j\u0173 ry\u017ei\u0173 miltai, pilno gr\u016bdo - Biopapa\",\"isPartOf\":{\"@id\":\"https:\\\/\\\/www.biopapa.de\\\/lt\\\/#website\"},\"primaryImageOfPage\":{\"@id\":\"https:\\\/\\\/www.biopapa.de\\\/lt\\\/producte\\\/ekologiski-ryziu-miltai-pilno-grudo\\\/#primaryimage\"},\"image\":{\"@id\":\"https:\\\/\\\/www.biopapa.de\\\/lt\\\/producte\\\/ekologiski-ryziu-miltai-pilno-grudo\\\/#primaryimage\"},\"thumbnailUrl\":\"https:\\\/\\\/www.biopapa.de\\\/wp-content\\\/uploads\\\/2022\\\/05\\\/ryziu-miltai.jpg\",\"datePublished\":\"2022-05-14T13:56:23+00:00\",\"dateModified\":\"2026-01-30T14:44:06+00:00\",\"description\":\"Ekologi\u0161ki rud\u0173j\u0173 ry\u017ei\u0173 miltai yra viso gr\u016bdo miltai, t. y. jie gaunami i\u0161 viso gr\u016bdo ry\u017ei\u0173.\",\"breadcrumb\":{\"@id\":\"https:\\\/\\\/www.biopapa.de\\\/lt\\\/producte\\\/ekologiski-ryziu-miltai-pilno-grudo\\\/#breadcrumb\"},\"inLanguage\":\"lt-LT\",\"potentialAction\":[{\"@type\":\"ReadAction\",\"target\":[\"https:\\\/\\\/www.biopapa.de\\\/lt\\\/producte\\\/ekologiski-ryziu-miltai-pilno-grudo\\\/\"]}]},{\"@type\":\"ImageObject\",\"inLanguage\":\"lt-LT\",\"@id\":\"https:\\\/\\\/www.biopapa.de\\\/lt\\\/producte\\\/ekologiski-ryziu-miltai-pilno-grudo\\\/#primaryimage\",\"url\":\"https:\\\/\\\/www.biopapa.de\\\/wp-content\\\/uploads\\\/2022\\\/05\\\/ryziu-miltai.jpg\",\"contentUrl\":\"https:\\\/\\\/www.biopapa.de\\\/wp-content\\\/uploads\\\/2022\\\/05\\\/ryziu-miltai.jpg\",\"width\":800,\"height\":640,\"caption\":\"Ekologi\u0161ki ry\u017ei\u0173 miltai, pilno gr\u016bdo\"},{\"@type\":\"BreadcrumbList\",\"@id\":\"https:\\\/\\\/www.biopapa.de\\\/lt\\\/producte\\\/ekologiski-ryziu-miltai-pilno-grudo\\\/#breadcrumb\",\"itemListElement\":[{\"@type\":\"ListItem\",\"position\":1,\"name\":\"Home\",\"item\":\"https:\\\/\\\/www.biopapa.de\\\/lt\\\/\"},{\"@type\":\"ListItem\",\"position\":2,\"name\":\"Parduotuv\u0117\",\"item\":\"https:\\\/\\\/www.biopapa.de\\\/parduotuve\\\/\"},{\"@type\":\"ListItem\",\"position\":3,\"name\":\"Ekologi\u0161ki rud\u0173j\u0173 ry\u017ei\u0173 miltai, pilno gr\u016bdo\"}]},{\"@type\":\"WebSite\",\"@id\":\"https:\\\/\\\/www.biopapa.de\\\/lt\\\/#website\",\"url\":\"https:\\\/\\\/www.biopapa.de\\\/lt\\\/\",\"name\":\"Biopapa\",\"description\":\"\u0160var\u016bs ekologi\u0161ki produktai\",\"publisher\":{\"@id\":\"https:\\\/\\\/www.biopapa.de\\\/lt\\\/#organization\"},\"potentialAction\":[{\"@type\":\"SearchAction\",\"target\":{\"@type\":\"EntryPoint\",\"urlTemplate\":\"https:\\\/\\\/www.biopapa.de\\\/lt\\\/?s={search_term_string}\"},\"query-input\":{\"@type\":\"PropertyValueSpecification\",\"valueRequired\":true,\"valueName\":\"search_term_string\"}}],\"inLanguage\":\"lt-LT\"},{\"@type\":\"Organization\",\"@id\":\"https:\\\/\\\/www.biopapa.de\\\/lt\\\/#organization\",\"name\":\"Biopapa\",\"url\":\"https:\\\/\\\/www.biopapa.de\\\/lt\\\/\",\"logo\":{\"@type\":\"ImageObject\",\"inLanguage\":\"lt-LT\",\"@id\":\"https:\\\/\\\/www.biopapa.de\\\/lt\\\/#\\\/schema\\\/logo\\\/image\\\/\",\"url\":\"https:\\\/\\\/www.biopapa.lt\\\/wp-content\\\/uploads\\\/2022\\\/04\\\/facebook_biopapa.jpg\",\"contentUrl\":\"https:\\\/\\\/www.biopapa.lt\\\/wp-content\\\/uploads\\\/2022\\\/04\\\/facebook_biopapa.jpg\",\"width\":1733,\"height\":907,\"caption\":\"Biopapa\"},\"image\":{\"@id\":\"https:\\\/\\\/www.biopapa.de\\\/lt\\\/#\\\/schema\\\/logo\\\/image\\\/\"},\"sameAs\":[\"https:\\\/\\\/www.facebook.com\\\/biopapa.lt\"]}]}<\/script>\n<!-- \/ Yoast SEO plugin. -->","yoast_head_json":{"title":"Ekologi\u0161ki rud\u0173j\u0173 ry\u017ei\u0173 miltai, pilno gr\u016bdo - Biopapa","description":"Ekologi\u0161ki rud\u0173j\u0173 ry\u017ei\u0173 miltai yra viso gr\u016bdo miltai, t. y. jie gaunami i\u0161 viso gr\u016bdo ry\u017ei\u0173.","robots":{"index":"index","follow":"follow","max-snippet":"max-snippet:-1","max-image-preview":"max-image-preview:large","max-video-preview":"max-video-preview:-1"},"canonical":"https:\/\/www.biopapa.de\/lt\/producte\/ekologiski-ryziu-miltai-pilno-grudo\/","og_locale":"lt_LT","og_type":"article","og_title":"Ekologi\u0161ki rud\u0173j\u0173 ry\u017ei\u0173 miltai, pilno gr\u016bdo - Biopapa","og_description":"Ekologi\u0161ki rud\u0173j\u0173 ry\u017ei\u0173 miltai yra viso gr\u016bdo miltai, t. y. jie gaunami i\u0161 viso gr\u016bdo ry\u017ei\u0173.","og_url":"https:\/\/www.biopapa.de\/lt\/producte\/ekologiski-ryziu-miltai-pilno-grudo\/","og_site_name":"Biopapa","article_publisher":"https:\/\/www.facebook.com\/biopapa.lt","article_modified_time":"2026-01-30T14:44:06+00:00","og_image":[{"width":800,"height":640,"url":"https:\/\/www.biopapa.de\/wp-content\/uploads\/2022\/05\/ryziu-miltai.jpg","type":"image\/jpeg"}],"twitter_card":"summary_large_image","twitter_misc":{"Est. reading time":"1 minut\u0117"},"schema":{"@context":"https:\/\/schema.org","@graph":[{"@type":"WebPage","@id":"https:\/\/www.biopapa.de\/lt\/producte\/ekologiski-ryziu-miltai-pilno-grudo\/","url":"https:\/\/www.biopapa.de\/lt\/producte\/ekologiski-ryziu-miltai-pilno-grudo\/","name":"Ekologi\u0161ki rud\u0173j\u0173 ry\u017ei\u0173 miltai, pilno gr\u016bdo - Biopapa","isPartOf":{"@id":"https:\/\/www.biopapa.de\/lt\/#website"},"primaryImageOfPage":{"@id":"https:\/\/www.biopapa.de\/lt\/producte\/ekologiski-ryziu-miltai-pilno-grudo\/#primaryimage"},"image":{"@id":"https:\/\/www.biopapa.de\/lt\/producte\/ekologiski-ryziu-miltai-pilno-grudo\/#primaryimage"},"thumbnailUrl":"https:\/\/www.biopapa.de\/wp-content\/uploads\/2022\/05\/ryziu-miltai.jpg","datePublished":"2022-05-14T13:56:23+00:00","dateModified":"2026-01-30T14:44:06+00:00","description":"Ekologi\u0161ki rud\u0173j\u0173 ry\u017ei\u0173 miltai yra viso gr\u016bdo miltai, t. y. jie gaunami i\u0161 viso gr\u016bdo ry\u017ei\u0173.","breadcrumb":{"@id":"https:\/\/www.biopapa.de\/lt\/producte\/ekologiski-ryziu-miltai-pilno-grudo\/#breadcrumb"},"inLanguage":"lt-LT","potentialAction":[{"@type":"ReadAction","target":["https:\/\/www.biopapa.de\/lt\/producte\/ekologiski-ryziu-miltai-pilno-grudo\/"]}]},{"@type":"ImageObject","inLanguage":"lt-LT","@id":"https:\/\/www.biopapa.de\/lt\/producte\/ekologiski-ryziu-miltai-pilno-grudo\/#primaryimage","url":"https:\/\/www.biopapa.de\/wp-content\/uploads\/2022\/05\/ryziu-miltai.jpg","contentUrl":"https:\/\/www.biopapa.de\/wp-content\/uploads\/2022\/05\/ryziu-miltai.jpg","width":800,"height":640,"caption":"Ekologi\u0161ki ry\u017ei\u0173 miltai, pilno gr\u016bdo"},{"@type":"BreadcrumbList","@id":"https:\/\/www.biopapa.de\/lt\/producte\/ekologiski-ryziu-miltai-pilno-grudo\/#breadcrumb","itemListElement":[{"@type":"ListItem","position":1,"name":"Home","item":"https:\/\/www.biopapa.de\/lt\/"},{"@type":"ListItem","position":2,"name":"Parduotuv\u0117","item":"https:\/\/www.biopapa.de\/parduotuve\/"},{"@type":"ListItem","position":3,"name":"Ekologi\u0161ki rud\u0173j\u0173 ry\u017ei\u0173 miltai, pilno gr\u016bdo"}]},{"@type":"WebSite","@id":"https:\/\/www.biopapa.de\/lt\/#website","url":"https:\/\/www.biopapa.de\/lt\/","name":"Biopapa","description":"\u0160var\u016bs ekologi\u0161ki produktai","publisher":{"@id":"https:\/\/www.biopapa.de\/lt\/#organization"},"potentialAction":[{"@type":"SearchAction","target":{"@type":"EntryPoint","urlTemplate":"https:\/\/www.biopapa.de\/lt\/?s={search_term_string}"},"query-input":{"@type":"PropertyValueSpecification","valueRequired":true,"valueName":"search_term_string"}}],"inLanguage":"lt-LT"},{"@type":"Organization","@id":"https:\/\/www.biopapa.de\/lt\/#organization","name":"Biopapa","url":"https:\/\/www.biopapa.de\/lt\/","logo":{"@type":"ImageObject","inLanguage":"lt-LT","@id":"https:\/\/www.biopapa.de\/lt\/#\/schema\/logo\/image\/","url":"https:\/\/www.biopapa.lt\/wp-content\/uploads\/2022\/04\/facebook_biopapa.jpg","contentUrl":"https:\/\/www.biopapa.lt\/wp-content\/uploads\/2022\/04\/facebook_biopapa.jpg","width":1733,"height":907,"caption":"Biopapa"},"image":{"@id":"https:\/\/www.biopapa.de\/lt\/#\/schema\/logo\/image\/"},"sameAs":["https:\/\/www.facebook.com\/biopapa.lt"]}]}},"_links":{"self":[{"href":"https:\/\/www.biopapa.de\/lt\/wp-json\/wp\/v2\/product\/18478","targetHints":{"allow":["GET"]}}],"collection":[{"href":"https:\/\/www.biopapa.de\/lt\/wp-json\/wp\/v2\/product"}],"about":[{"href":"https:\/\/www.biopapa.de\/lt\/wp-json\/wp\/v2\/types\/product"}],"wp:featuredmedia":[{"embeddable":true,"href":"https:\/\/www.biopapa.de\/lt\/wp-json\/wp\/v2\/media\/18867"}],"wp:attachment":[{"href":"https:\/\/www.biopapa.de\/lt\/wp-json\/wp\/v2\/media?parent=18478"}],"wp:term":[{"taxonomy":"product_brand","embeddable":true,"href":"https:\/\/www.biopapa.de\/lt\/wp-json\/wp\/v2\/product_brand?post=18478"},{"taxonomy":"product_cat","embeddable":true,"href":"https:\/\/www.biopapa.de\/lt\/wp-json\/wp\/v2\/product_cat?post=18478"},{"taxonomy":"product_tag","embeddable":true,"href":"https:\/\/www.biopapa.de\/lt\/wp-json\/wp\/v2\/product_tag?post=18478"}],"curies":[{"name":"wp","href":"https:\/\/api.w.org\/{rel}","templated":true}]}}