{"id":18486,"date":"2022-05-14T17:13:41","date_gmt":"2022-05-14T14:13:41","guid":{"rendered":"https:\/\/www.biopapa.lt\/?post_type=product&#038;p=18486"},"modified":"2026-03-27T12:54:00","modified_gmt":"2026-03-27T10:54:00","slug":"ekologiskas-tapijokos-krakmolas","status":"publish","type":"product","link":"https:\/\/www.biopapa.de\/lt\/producte\/ekologiskas-tapijokos-krakmolas\/","title":{"rendered":"Ekologi\u0161kas tapijokos krakmolas"},"content":{"rendered":"<p><strong>Ekologi\u0161kas tapijokos krakmolas (miltai)<\/strong><br \/>\nTapijokos (Manihot esculenta) miltai, taip pat \u017einomi kaip tapijokos krakmolas, yra populiari be glitimo alternatyva kvietiniams miltams, gaunamiems i\u0161 maniokos (cassava), krakmolingo gumb\u0173, kilusio i\u0161 Piet\u0173 Amerikos. Tapijokos miltai pastaraisiais metais i\u0161populiar\u0117jo d\u0117l savo universalumo ir tinkamumo \u012fvairiems mitybos poreikiams.<br \/>\nD\u0117l didelio krakmolo kiekio tapijokos miltai yra veiksminga sriub\u0173 ir pada\u017e\u0173 tir\u0161tinimo priemon\u0117.<br \/>\nTapijokos miltai tinka tiems, kurie turi \u012fvairi\u0173 mitybos apribojim\u0173. Juose n\u0117ra \u012fprast\u0173 alergen\u0173, toki\u0173 kaip kvie\u010diai, pieno produktai, rie\u0161utai ir soja.<\/p>\n<p>D\u0117mesio<br \/>\nTapijokos miltai yra kaloringi, tod\u0117l juos reikia vartoti saikingai, ypa\u010d jei stebite suvartojam\u0173 kalorij\u0173 kiek\u012f.<\/p>\n<p>Naudojimas<br \/>\nI\u0161 tapijokos milt\u0173 galima gaminti duon\u0105 be glitimo, bandeles, blynus ir sausainius, pyragus. Jis kepiniams suteikia lengvos tekst\u016bros.<br \/>\nTai puikus pada\u017e\u0173, pada\u017e\u0173 ir puding\u0173 tir\u0161tiklis. Nor\u0117dami naudoti tapijokos krakmol\u0105 kaip tir\u0161tikl\u012f, prie\u0161 d\u0117dami \u012f kar\u0161t\u0105 mi\u0161in\u012f, sumai\u0161ykite juos su nedideliu kiekiu \u0161alto skys\u010dio.<br \/>\nTapijokos miltus galima naudoti kaip d\u017ei\u016bv\u0117s\u0117li\u0173 alternatyv\u0105 be glitimo.<br \/>\nTapijokos miltai naudojamas daugelyje be glitimo milt\u0173 mi\u0161ini\u0173, kad b\u016bt\u0173 imituojama kvietini\u0173 milt\u0173 tekst\u016bra.<\/p>\n<p>Naudojant s\u0105moningai ir saikingai tapijokos miltai gali atverti kulinarini\u0173 galimybi\u0173 pasaul\u012f ie\u0161kantiems alternatyv\u0173 be glitimo.<br \/>\nTapijokos krakmolas neturi specifinio skonio ir kvapo, tod\u0117l nekei\u010dia patiekal\u0173 skonio.<\/p>\n<p>PASTABA. \u010cia pateikta informacija negali b\u016bti interpretuojama kaip gydymo ar kitokio pob\u016bd\u017eio sveikatos klausim\u0173 sprendimo rekomendacija. Raginame sprendimus, susijusius su asmenine sveikata, priimti asmeni\u0161kai, \u012fvertinus \u012fvairius informacijos \u0161altinius.<\/p>\n","protected":false},"excerpt":{"rendered":"<p>Ekologi\u0161kas tapijokos krakmolas (miltai) Tapijokos (Manihot esculenta) miltai, taip pat \u017einomi kaip tapijokos krakmolas, yra populiari be glitimo alternatyva kvietiniams<\/p>\n","protected":false},"featured_media":18793,"template":"","meta":{"_acf_changed":false},"product_brand":[],"product_cat":[1216,2345,1316,2349,2337],"product_tag":[2336,1378],"class_list":{"0":"post-18486","1":"product","2":"type-product","3":"status-publish","4":"has-post-thumbnail","6":"product_cat-augalinis-supermaistas","7":"product_cat-kiti-priedai","8":"product_cat-ekologiski-miltai","9":"product_cat-milteliai","10":"product_cat-priedai-maistui-ruosti","11":"product_tag-ekologiska","12":"product_tag-veganams","13":"pa_svoris-1-kg","14":"pa_svoris-100-g","15":"pa_svoris-200-g","16":"pa_svoris-25-kg","17":"pa_svoris-300-g","18":"pa_svoris-400-g","19":"pa_svoris-500-g","21":"first","22":"instock","23":"shipping-taxable","24":"purchasable","25":"product-type-variable"},"acf":[],"yoast_head":"<!-- This site is optimized with the Yoast SEO plugin v27.5 - https:\/\/yoast.com\/product\/yoast-seo-wordpress\/ -->\n<title>Ekologi\u0161kas tapijokos krakmolas - Biopapa<\/title>\n<meta name=\"description\" content=\"Tapijokos miltai, taip pat \u017einomi kaip tapijokos krakmolas, yra populiari be glitimo alternatyva kvietiniams miltams, gaunamiems i\u0161 kasavos \u0161aknies (Manihot esculenta), krakmolingo gumb\u0173, kilusio i\u0161 Piet\u0173 Amerikos.\" \/>\n<meta name=\"robots\" content=\"index, follow, max-snippet:-1, max-image-preview:large, max-video-preview:-1\" \/>\n<link rel=\"canonical\" href=\"https:\/\/www.biopapa.de\/lt\/producte\/ekologiskas-tapijokos-krakmolas\/\" \/>\n<meta property=\"og:locale\" content=\"lt_LT\" \/>\n<meta property=\"og:type\" content=\"article\" \/>\n<meta property=\"og:title\" content=\"Ekologi\u0161kas tapijokos krakmolas - Biopapa\" \/>\n<meta property=\"og:description\" content=\"Tapijokos miltai, taip pat \u017einomi kaip tapijokos krakmolas, yra populiari be glitimo alternatyva kvietiniams miltams, gaunamiems i\u0161 kasavos \u0161aknies (Manihot esculenta), krakmolingo gumb\u0173, kilusio i\u0161 Piet\u0173 Amerikos.\" \/>\n<meta property=\"og:url\" content=\"https:\/\/www.biopapa.de\/lt\/producte\/ekologiskas-tapijokos-krakmolas\/\" \/>\n<meta property=\"og:site_name\" content=\"Biopapa\" \/>\n<meta property=\"article:publisher\" content=\"https:\/\/www.facebook.com\/biopapa.lt\" \/>\n<meta property=\"article:modified_time\" content=\"2026-03-27T10:54:00+00:00\" \/>\n<meta property=\"og:image\" content=\"https:\/\/www.biopapa.de\/wp-content\/uploads\/2022\/05\/tapijokos-krakmolas.jpg\" \/>\n\t<meta property=\"og:image:width\" content=\"800\" \/>\n\t<meta property=\"og:image:height\" content=\"640\" \/>\n\t<meta property=\"og:image:type\" content=\"image\/jpeg\" \/>\n<meta name=\"twitter:card\" content=\"summary_large_image\" \/>\n<meta name=\"twitter:label1\" content=\"Est. reading time\" \/>\n\t<meta name=\"twitter:data1\" content=\"1 minut\u0117\" \/>\n<script type=\"application\/ld+json\" class=\"yoast-schema-graph\">{\"@context\":\"https:\\\/\\\/schema.org\",\"@graph\":[{\"@type\":\"WebPage\",\"@id\":\"https:\\\/\\\/www.biopapa.de\\\/lt\\\/producte\\\/ekologiskas-tapijokos-krakmolas\\\/\",\"url\":\"https:\\\/\\\/www.biopapa.de\\\/lt\\\/producte\\\/ekologiskas-tapijokos-krakmolas\\\/\",\"name\":\"Ekologi\u0161kas tapijokos krakmolas - Biopapa\",\"isPartOf\":{\"@id\":\"https:\\\/\\\/www.biopapa.de\\\/lt\\\/#website\"},\"primaryImageOfPage\":{\"@id\":\"https:\\\/\\\/www.biopapa.de\\\/lt\\\/producte\\\/ekologiskas-tapijokos-krakmolas\\\/#primaryimage\"},\"image\":{\"@id\":\"https:\\\/\\\/www.biopapa.de\\\/lt\\\/producte\\\/ekologiskas-tapijokos-krakmolas\\\/#primaryimage\"},\"thumbnailUrl\":\"https:\\\/\\\/www.biopapa.de\\\/wp-content\\\/uploads\\\/2022\\\/05\\\/tapijokos-krakmolas.jpg\",\"datePublished\":\"2022-05-14T14:13:41+00:00\",\"dateModified\":\"2026-03-27T10:54:00+00:00\",\"description\":\"Tapijokos miltai, taip pat \u017einomi kaip tapijokos krakmolas, yra populiari be glitimo alternatyva kvietiniams miltams, gaunamiems i\u0161 kasavos \u0161aknies (Manihot esculenta), krakmolingo gumb\u0173, kilusio i\u0161 Piet\u0173 Amerikos.\",\"breadcrumb\":{\"@id\":\"https:\\\/\\\/www.biopapa.de\\\/lt\\\/producte\\\/ekologiskas-tapijokos-krakmolas\\\/#breadcrumb\"},\"inLanguage\":\"lt-LT\",\"potentialAction\":[{\"@type\":\"ReadAction\",\"target\":[\"https:\\\/\\\/www.biopapa.de\\\/lt\\\/producte\\\/ekologiskas-tapijokos-krakmolas\\\/\"]}]},{\"@type\":\"ImageObject\",\"inLanguage\":\"lt-LT\",\"@id\":\"https:\\\/\\\/www.biopapa.de\\\/lt\\\/producte\\\/ekologiskas-tapijokos-krakmolas\\\/#primaryimage\",\"url\":\"https:\\\/\\\/www.biopapa.de\\\/wp-content\\\/uploads\\\/2022\\\/05\\\/tapijokos-krakmolas.jpg\",\"contentUrl\":\"https:\\\/\\\/www.biopapa.de\\\/wp-content\\\/uploads\\\/2022\\\/05\\\/tapijokos-krakmolas.jpg\",\"width\":800,\"height\":640,\"caption\":\"Ekologi\u0161kas tapijokos krakmolas\"},{\"@type\":\"BreadcrumbList\",\"@id\":\"https:\\\/\\\/www.biopapa.de\\\/lt\\\/producte\\\/ekologiskas-tapijokos-krakmolas\\\/#breadcrumb\",\"itemListElement\":[{\"@type\":\"ListItem\",\"position\":1,\"name\":\"Home\",\"item\":\"https:\\\/\\\/www.biopapa.de\\\/lt\\\/\"},{\"@type\":\"ListItem\",\"position\":2,\"name\":\"Parduotuv\u0117\",\"item\":\"https:\\\/\\\/www.biopapa.de\\\/parduotuve\\\/\"},{\"@type\":\"ListItem\",\"position\":3,\"name\":\"Ekologi\u0161kas tapijokos krakmolas\"}]},{\"@type\":\"WebSite\",\"@id\":\"https:\\\/\\\/www.biopapa.de\\\/lt\\\/#website\",\"url\":\"https:\\\/\\\/www.biopapa.de\\\/lt\\\/\",\"name\":\"Biopapa\",\"description\":\"\u0160var\u016bs ekologi\u0161ki produktai\",\"publisher\":{\"@id\":\"https:\\\/\\\/www.biopapa.de\\\/lt\\\/#organization\"},\"potentialAction\":[{\"@type\":\"SearchAction\",\"target\":{\"@type\":\"EntryPoint\",\"urlTemplate\":\"https:\\\/\\\/www.biopapa.de\\\/lt\\\/?s={search_term_string}\"},\"query-input\":{\"@type\":\"PropertyValueSpecification\",\"valueRequired\":true,\"valueName\":\"search_term_string\"}}],\"inLanguage\":\"lt-LT\"},{\"@type\":\"Organization\",\"@id\":\"https:\\\/\\\/www.biopapa.de\\\/lt\\\/#organization\",\"name\":\"Biopapa\",\"url\":\"https:\\\/\\\/www.biopapa.de\\\/lt\\\/\",\"logo\":{\"@type\":\"ImageObject\",\"inLanguage\":\"lt-LT\",\"@id\":\"https:\\\/\\\/www.biopapa.de\\\/lt\\\/#\\\/schema\\\/logo\\\/image\\\/\",\"url\":\"https:\\\/\\\/www.biopapa.lt\\\/wp-content\\\/uploads\\\/2022\\\/04\\\/facebook_biopapa.jpg\",\"contentUrl\":\"https:\\\/\\\/www.biopapa.lt\\\/wp-content\\\/uploads\\\/2022\\\/04\\\/facebook_biopapa.jpg\",\"width\":1733,\"height\":907,\"caption\":\"Biopapa\"},\"image\":{\"@id\":\"https:\\\/\\\/www.biopapa.de\\\/lt\\\/#\\\/schema\\\/logo\\\/image\\\/\"},\"sameAs\":[\"https:\\\/\\\/www.facebook.com\\\/biopapa.lt\"]}]}<\/script>\n<!-- \/ Yoast SEO plugin. -->","yoast_head_json":{"title":"Ekologi\u0161kas tapijokos krakmolas - Biopapa","description":"Tapijokos miltai, taip pat \u017einomi kaip tapijokos krakmolas, yra populiari be glitimo alternatyva kvietiniams miltams, gaunamiems i\u0161 kasavos \u0161aknies (Manihot esculenta), krakmolingo gumb\u0173, kilusio i\u0161 Piet\u0173 Amerikos.","robots":{"index":"index","follow":"follow","max-snippet":"max-snippet:-1","max-image-preview":"max-image-preview:large","max-video-preview":"max-video-preview:-1"},"canonical":"https:\/\/www.biopapa.de\/lt\/producte\/ekologiskas-tapijokos-krakmolas\/","og_locale":"lt_LT","og_type":"article","og_title":"Ekologi\u0161kas tapijokos krakmolas - Biopapa","og_description":"Tapijokos miltai, taip pat \u017einomi kaip tapijokos krakmolas, yra populiari be glitimo alternatyva kvietiniams miltams, gaunamiems i\u0161 kasavos \u0161aknies (Manihot esculenta), krakmolingo gumb\u0173, kilusio i\u0161 Piet\u0173 Amerikos.","og_url":"https:\/\/www.biopapa.de\/lt\/producte\/ekologiskas-tapijokos-krakmolas\/","og_site_name":"Biopapa","article_publisher":"https:\/\/www.facebook.com\/biopapa.lt","article_modified_time":"2026-03-27T10:54:00+00:00","og_image":[{"width":800,"height":640,"url":"https:\/\/www.biopapa.de\/wp-content\/uploads\/2022\/05\/tapijokos-krakmolas.jpg","type":"image\/jpeg"}],"twitter_card":"summary_large_image","twitter_misc":{"Est. reading time":"1 minut\u0117"},"schema":{"@context":"https:\/\/schema.org","@graph":[{"@type":"WebPage","@id":"https:\/\/www.biopapa.de\/lt\/producte\/ekologiskas-tapijokos-krakmolas\/","url":"https:\/\/www.biopapa.de\/lt\/producte\/ekologiskas-tapijokos-krakmolas\/","name":"Ekologi\u0161kas tapijokos krakmolas - Biopapa","isPartOf":{"@id":"https:\/\/www.biopapa.de\/lt\/#website"},"primaryImageOfPage":{"@id":"https:\/\/www.biopapa.de\/lt\/producte\/ekologiskas-tapijokos-krakmolas\/#primaryimage"},"image":{"@id":"https:\/\/www.biopapa.de\/lt\/producte\/ekologiskas-tapijokos-krakmolas\/#primaryimage"},"thumbnailUrl":"https:\/\/www.biopapa.de\/wp-content\/uploads\/2022\/05\/tapijokos-krakmolas.jpg","datePublished":"2022-05-14T14:13:41+00:00","dateModified":"2026-03-27T10:54:00+00:00","description":"Tapijokos miltai, taip pat \u017einomi kaip tapijokos krakmolas, yra populiari be glitimo alternatyva kvietiniams miltams, gaunamiems i\u0161 kasavos \u0161aknies (Manihot esculenta), krakmolingo gumb\u0173, kilusio i\u0161 Piet\u0173 Amerikos.","breadcrumb":{"@id":"https:\/\/www.biopapa.de\/lt\/producte\/ekologiskas-tapijokos-krakmolas\/#breadcrumb"},"inLanguage":"lt-LT","potentialAction":[{"@type":"ReadAction","target":["https:\/\/www.biopapa.de\/lt\/producte\/ekologiskas-tapijokos-krakmolas\/"]}]},{"@type":"ImageObject","inLanguage":"lt-LT","@id":"https:\/\/www.biopapa.de\/lt\/producte\/ekologiskas-tapijokos-krakmolas\/#primaryimage","url":"https:\/\/www.biopapa.de\/wp-content\/uploads\/2022\/05\/tapijokos-krakmolas.jpg","contentUrl":"https:\/\/www.biopapa.de\/wp-content\/uploads\/2022\/05\/tapijokos-krakmolas.jpg","width":800,"height":640,"caption":"Ekologi\u0161kas tapijokos krakmolas"},{"@type":"BreadcrumbList","@id":"https:\/\/www.biopapa.de\/lt\/producte\/ekologiskas-tapijokos-krakmolas\/#breadcrumb","itemListElement":[{"@type":"ListItem","position":1,"name":"Home","item":"https:\/\/www.biopapa.de\/lt\/"},{"@type":"ListItem","position":2,"name":"Parduotuv\u0117","item":"https:\/\/www.biopapa.de\/parduotuve\/"},{"@type":"ListItem","position":3,"name":"Ekologi\u0161kas tapijokos krakmolas"}]},{"@type":"WebSite","@id":"https:\/\/www.biopapa.de\/lt\/#website","url":"https:\/\/www.biopapa.de\/lt\/","name":"Biopapa","description":"\u0160var\u016bs ekologi\u0161ki produktai","publisher":{"@id":"https:\/\/www.biopapa.de\/lt\/#organization"},"potentialAction":[{"@type":"SearchAction","target":{"@type":"EntryPoint","urlTemplate":"https:\/\/www.biopapa.de\/lt\/?s={search_term_string}"},"query-input":{"@type":"PropertyValueSpecification","valueRequired":true,"valueName":"search_term_string"}}],"inLanguage":"lt-LT"},{"@type":"Organization","@id":"https:\/\/www.biopapa.de\/lt\/#organization","name":"Biopapa","url":"https:\/\/www.biopapa.de\/lt\/","logo":{"@type":"ImageObject","inLanguage":"lt-LT","@id":"https:\/\/www.biopapa.de\/lt\/#\/schema\/logo\/image\/","url":"https:\/\/www.biopapa.lt\/wp-content\/uploads\/2022\/04\/facebook_biopapa.jpg","contentUrl":"https:\/\/www.biopapa.lt\/wp-content\/uploads\/2022\/04\/facebook_biopapa.jpg","width":1733,"height":907,"caption":"Biopapa"},"image":{"@id":"https:\/\/www.biopapa.de\/lt\/#\/schema\/logo\/image\/"},"sameAs":["https:\/\/www.facebook.com\/biopapa.lt"]}]}},"_links":{"self":[{"href":"https:\/\/www.biopapa.de\/lt\/wp-json\/wp\/v2\/product\/18486","targetHints":{"allow":["GET"]}}],"collection":[{"href":"https:\/\/www.biopapa.de\/lt\/wp-json\/wp\/v2\/product"}],"about":[{"href":"https:\/\/www.biopapa.de\/lt\/wp-json\/wp\/v2\/types\/product"}],"wp:featuredmedia":[{"embeddable":true,"href":"https:\/\/www.biopapa.de\/lt\/wp-json\/wp\/v2\/media\/18793"}],"wp:attachment":[{"href":"https:\/\/www.biopapa.de\/lt\/wp-json\/wp\/v2\/media?parent=18486"}],"wp:term":[{"taxonomy":"product_brand","embeddable":true,"href":"https:\/\/www.biopapa.de\/lt\/wp-json\/wp\/v2\/product_brand?post=18486"},{"taxonomy":"product_cat","embeddable":true,"href":"https:\/\/www.biopapa.de\/lt\/wp-json\/wp\/v2\/product_cat?post=18486"},{"taxonomy":"product_tag","embeddable":true,"href":"https:\/\/www.biopapa.de\/lt\/wp-json\/wp\/v2\/product_tag?post=18486"}],"curies":[{"name":"wp","href":"https:\/\/api.w.org\/{rel}","templated":true}]}}