{"id":18682,"date":"2022-05-24T14:22:47","date_gmt":"2022-05-24T11:22:47","guid":{"rendered":"https:\/\/www.biopapa.lt\/?post_type=product&#038;p=18682"},"modified":"2026-01-14T16:49:03","modified_gmt":"2026-01-14T14:49:03","slug":"ekologiskos-pustos-boliviniu-balandu-seklos","status":"publish","type":"product","link":"https:\/\/www.biopapa.de\/lt\/producte\/ekologiskos-pustos-boliviniu-balandu-seklos\/","title":{"rendered":"Ekologi\u0161kos p\u016bstos bolivini\u0173 baland\u0173 (kynva) s\u0117klos"},"content":{"rendered":"<p>Ekologi\u0161kas p\u016bstas bolivini\u0173 baland\u0173 (<em>kynva<\/em>) s\u0117klas skanu valgyti vienas, berti \u012f sausus pusry\u010dius, desertus, ko\u0161es ar salotas, sausainius ar kitus kepinius, gaminti sveikuoli\u0161kus baton\u0117lius.<\/p>\n<p><strong>Be glitimo.\u00a0<\/strong>Be prid\u0117to cukraus (sud\u0117tyje yra nat\u016brali\u0173 cukr\u0173), be druskos. Puikus baltym\u0173 \u0161altinis. Tinka veganams ir vegetarams.<\/p>\n","protected":false},"excerpt":{"rendered":"<p>Ekologi\u0161kas p\u016bstas bolivini\u0173 baland\u0173 (kynva) s\u0117klas skanu valgyti vienas, berti \u012f sausus pusry\u010dius, desertus, ko\u0161es ar salotas, sausainius ar kitus<\/p>\n","protected":false},"featured_media":18872,"template":"","meta":{"_acf_changed":false},"product_brand":[],"product_cat":[730,1905],"product_tag":[1433,1494,1378],"class_list":{"0":"post-18682","1":"product","2":"type-product","3":"status-publish","4":"has-post-thumbnail","6":"product_cat-ekologiski-riesutai-seklos","7":"product_cat-seklos","8":"product_tag-baltymu-saltinis","9":"product_tag-be-glitimo","10":"product_tag-veganams","11":"pa_svoris-1-kg","12":"pa_svoris-100-g","13":"pa_svoris-15-kg","14":"pa_svoris-200-g","15":"pa_svoris-250-g","17":"first","18":"instock","19":"shipping-taxable","20":"purchasable","21":"product-type-variable"},"acf":[],"yoast_head":"<!-- This site is optimized with the Yoast SEO plugin v27.3 - https:\/\/yoast.com\/product\/yoast-seo-wordpress\/ -->\n<title>Ekologi\u0161kos p\u016bstos bolivini\u0173 baland\u0173 (kynva) s\u0117klos - Biopapa<\/title>\n<meta name=\"description\" content=\"Ekologi\u0161kas p\u016bstas bolivini\u0173 baland\u0173 (kynva) s\u0117klas skanu valgyti vienas, berti \u012f sausus pusry\u010dius, desertus, ko\u0161es ar salotas, sausainius ar kitus kepinius, gaminti sveikuoli\u0161kus baton\u0117lius.\" \/>\n<meta name=\"robots\" content=\"index, follow, max-snippet:-1, max-image-preview:large, max-video-preview:-1\" \/>\n<link rel=\"canonical\" href=\"https:\/\/www.biopapa.de\/lt\/producte\/ekologiskos-pustos-boliviniu-balandu-seklos\/\" \/>\n<meta property=\"og:locale\" content=\"lt_LT\" \/>\n<meta property=\"og:type\" content=\"article\" \/>\n<meta property=\"og:title\" content=\"Ekologi\u0161kos p\u016bstos bolivini\u0173 baland\u0173 (kynva) s\u0117klos - Biopapa\" \/>\n<meta property=\"og:description\" content=\"Ekologi\u0161kas p\u016bstas bolivini\u0173 baland\u0173 (kynva) s\u0117klas skanu valgyti vienas, berti \u012f sausus pusry\u010dius, desertus, ko\u0161es ar salotas, sausainius ar kitus kepinius, gaminti sveikuoli\u0161kus baton\u0117lius.\" \/>\n<meta property=\"og:url\" content=\"https:\/\/www.biopapa.de\/lt\/producte\/ekologiskos-pustos-boliviniu-balandu-seklos\/\" \/>\n<meta property=\"og:site_name\" content=\"Biopapa\" \/>\n<meta property=\"article:publisher\" content=\"https:\/\/www.facebook.com\/biopapa.lt\" \/>\n<meta property=\"article:modified_time\" content=\"2026-01-14T14:49:03+00:00\" \/>\n<meta property=\"og:image\" content=\"https:\/\/www.biopapa.de\/wp-content\/uploads\/2022\/05\/pusta-kynva.jpg\" \/>\n\t<meta property=\"og:image:width\" content=\"800\" \/>\n\t<meta property=\"og:image:height\" content=\"640\" \/>\n\t<meta property=\"og:image:type\" content=\"image\/jpeg\" \/>\n<meta name=\"twitter:card\" content=\"summary_large_image\" \/>\n<script type=\"application\/ld+json\" class=\"yoast-schema-graph\">{\"@context\":\"https:\\\/\\\/schema.org\",\"@graph\":[{\"@type\":\"WebPage\",\"@id\":\"https:\\\/\\\/www.biopapa.de\\\/lt\\\/producte\\\/ekologiskos-pustos-boliviniu-balandu-seklos\\\/\",\"url\":\"https:\\\/\\\/www.biopapa.de\\\/lt\\\/producte\\\/ekologiskos-pustos-boliviniu-balandu-seklos\\\/\",\"name\":\"Ekologi\u0161kos p\u016bstos bolivini\u0173 baland\u0173 (kynva) s\u0117klos - Biopapa\",\"isPartOf\":{\"@id\":\"https:\\\/\\\/www.biopapa.de\\\/lt\\\/#website\"},\"primaryImageOfPage\":{\"@id\":\"https:\\\/\\\/www.biopapa.de\\\/lt\\\/producte\\\/ekologiskos-pustos-boliviniu-balandu-seklos\\\/#primaryimage\"},\"image\":{\"@id\":\"https:\\\/\\\/www.biopapa.de\\\/lt\\\/producte\\\/ekologiskos-pustos-boliviniu-balandu-seklos\\\/#primaryimage\"},\"thumbnailUrl\":\"https:\\\/\\\/www.biopapa.de\\\/wp-content\\\/uploads\\\/2022\\\/05\\\/pusta-kynva.jpg\",\"datePublished\":\"2022-05-24T11:22:47+00:00\",\"dateModified\":\"2026-01-14T14:49:03+00:00\",\"description\":\"Ekologi\u0161kas p\u016bstas bolivini\u0173 baland\u0173 (kynva) s\u0117klas skanu valgyti vienas, berti \u012f sausus pusry\u010dius, desertus, ko\u0161es ar salotas, sausainius ar kitus kepinius, gaminti sveikuoli\u0161kus baton\u0117lius.\",\"breadcrumb\":{\"@id\":\"https:\\\/\\\/www.biopapa.de\\\/lt\\\/producte\\\/ekologiskos-pustos-boliviniu-balandu-seklos\\\/#breadcrumb\"},\"inLanguage\":\"lt-LT\",\"potentialAction\":[{\"@type\":\"ReadAction\",\"target\":[\"https:\\\/\\\/www.biopapa.de\\\/lt\\\/producte\\\/ekologiskos-pustos-boliviniu-balandu-seklos\\\/\"]}]},{\"@type\":\"ImageObject\",\"inLanguage\":\"lt-LT\",\"@id\":\"https:\\\/\\\/www.biopapa.de\\\/lt\\\/producte\\\/ekologiskos-pustos-boliviniu-balandu-seklos\\\/#primaryimage\",\"url\":\"https:\\\/\\\/www.biopapa.de\\\/wp-content\\\/uploads\\\/2022\\\/05\\\/pusta-kynva.jpg\",\"contentUrl\":\"https:\\\/\\\/www.biopapa.de\\\/wp-content\\\/uploads\\\/2022\\\/05\\\/pusta-kynva.jpg\",\"width\":800,\"height\":640,\"caption\":\"Ekologi\u0161kos p\u016bstos bolivini\u0173 baland\u0173 s\u0117klos\"},{\"@type\":\"BreadcrumbList\",\"@id\":\"https:\\\/\\\/www.biopapa.de\\\/lt\\\/producte\\\/ekologiskos-pustos-boliviniu-balandu-seklos\\\/#breadcrumb\",\"itemListElement\":[{\"@type\":\"ListItem\",\"position\":1,\"name\":\"Home\",\"item\":\"https:\\\/\\\/www.biopapa.de\\\/lt\\\/\"},{\"@type\":\"ListItem\",\"position\":2,\"name\":\"Parduotuv\u0117\",\"item\":\"https:\\\/\\\/www.biopapa.de\\\/parduotuve\\\/\"},{\"@type\":\"ListItem\",\"position\":3,\"name\":\"Ekologi\u0161kos p\u016bstos bolivini\u0173 baland\u0173 (kynva) s\u0117klos\"}]},{\"@type\":\"WebSite\",\"@id\":\"https:\\\/\\\/www.biopapa.de\\\/lt\\\/#website\",\"url\":\"https:\\\/\\\/www.biopapa.de\\\/lt\\\/\",\"name\":\"Biopapa\",\"description\":\"\u0160var\u016bs ekologi\u0161ki produktai\",\"publisher\":{\"@id\":\"https:\\\/\\\/www.biopapa.de\\\/lt\\\/#organization\"},\"potentialAction\":[{\"@type\":\"SearchAction\",\"target\":{\"@type\":\"EntryPoint\",\"urlTemplate\":\"https:\\\/\\\/www.biopapa.de\\\/lt\\\/?s={search_term_string}\"},\"query-input\":{\"@type\":\"PropertyValueSpecification\",\"valueRequired\":true,\"valueName\":\"search_term_string\"}}],\"inLanguage\":\"lt-LT\"},{\"@type\":\"Organization\",\"@id\":\"https:\\\/\\\/www.biopapa.de\\\/lt\\\/#organization\",\"name\":\"Biopapa\",\"url\":\"https:\\\/\\\/www.biopapa.de\\\/lt\\\/\",\"logo\":{\"@type\":\"ImageObject\",\"inLanguage\":\"lt-LT\",\"@id\":\"https:\\\/\\\/www.biopapa.de\\\/lt\\\/#\\\/schema\\\/logo\\\/image\\\/\",\"url\":\"https:\\\/\\\/www.biopapa.lt\\\/wp-content\\\/uploads\\\/2022\\\/04\\\/facebook_biopapa.jpg\",\"contentUrl\":\"https:\\\/\\\/www.biopapa.lt\\\/wp-content\\\/uploads\\\/2022\\\/04\\\/facebook_biopapa.jpg\",\"width\":1733,\"height\":907,\"caption\":\"Biopapa\"},\"image\":{\"@id\":\"https:\\\/\\\/www.biopapa.de\\\/lt\\\/#\\\/schema\\\/logo\\\/image\\\/\"},\"sameAs\":[\"https:\\\/\\\/www.facebook.com\\\/biopapa.lt\"]}]}<\/script>\n<!-- \/ Yoast SEO plugin. -->","yoast_head_json":{"title":"Ekologi\u0161kos p\u016bstos bolivini\u0173 baland\u0173 (kynva) s\u0117klos - Biopapa","description":"Ekologi\u0161kas p\u016bstas bolivini\u0173 baland\u0173 (kynva) s\u0117klas skanu valgyti vienas, berti \u012f sausus pusry\u010dius, desertus, ko\u0161es ar salotas, sausainius ar kitus kepinius, gaminti sveikuoli\u0161kus baton\u0117lius.","robots":{"index":"index","follow":"follow","max-snippet":"max-snippet:-1","max-image-preview":"max-image-preview:large","max-video-preview":"max-video-preview:-1"},"canonical":"https:\/\/www.biopapa.de\/lt\/producte\/ekologiskos-pustos-boliviniu-balandu-seklos\/","og_locale":"lt_LT","og_type":"article","og_title":"Ekologi\u0161kos p\u016bstos bolivini\u0173 baland\u0173 (kynva) s\u0117klos - Biopapa","og_description":"Ekologi\u0161kas p\u016bstas bolivini\u0173 baland\u0173 (kynva) s\u0117klas skanu valgyti vienas, berti \u012f sausus pusry\u010dius, desertus, ko\u0161es ar salotas, sausainius ar kitus kepinius, gaminti sveikuoli\u0161kus baton\u0117lius.","og_url":"https:\/\/www.biopapa.de\/lt\/producte\/ekologiskos-pustos-boliviniu-balandu-seklos\/","og_site_name":"Biopapa","article_publisher":"https:\/\/www.facebook.com\/biopapa.lt","article_modified_time":"2026-01-14T14:49:03+00:00","og_image":[{"width":800,"height":640,"url":"https:\/\/www.biopapa.de\/wp-content\/uploads\/2022\/05\/pusta-kynva.jpg","type":"image\/jpeg"}],"twitter_card":"summary_large_image","schema":{"@context":"https:\/\/schema.org","@graph":[{"@type":"WebPage","@id":"https:\/\/www.biopapa.de\/lt\/producte\/ekologiskos-pustos-boliviniu-balandu-seklos\/","url":"https:\/\/www.biopapa.de\/lt\/producte\/ekologiskos-pustos-boliviniu-balandu-seklos\/","name":"Ekologi\u0161kos p\u016bstos bolivini\u0173 baland\u0173 (kynva) s\u0117klos - Biopapa","isPartOf":{"@id":"https:\/\/www.biopapa.de\/lt\/#website"},"primaryImageOfPage":{"@id":"https:\/\/www.biopapa.de\/lt\/producte\/ekologiskos-pustos-boliviniu-balandu-seklos\/#primaryimage"},"image":{"@id":"https:\/\/www.biopapa.de\/lt\/producte\/ekologiskos-pustos-boliviniu-balandu-seklos\/#primaryimage"},"thumbnailUrl":"https:\/\/www.biopapa.de\/wp-content\/uploads\/2022\/05\/pusta-kynva.jpg","datePublished":"2022-05-24T11:22:47+00:00","dateModified":"2026-01-14T14:49:03+00:00","description":"Ekologi\u0161kas p\u016bstas bolivini\u0173 baland\u0173 (kynva) s\u0117klas skanu valgyti vienas, berti \u012f sausus pusry\u010dius, desertus, ko\u0161es ar salotas, sausainius ar kitus kepinius, gaminti sveikuoli\u0161kus baton\u0117lius.","breadcrumb":{"@id":"https:\/\/www.biopapa.de\/lt\/producte\/ekologiskos-pustos-boliviniu-balandu-seklos\/#breadcrumb"},"inLanguage":"lt-LT","potentialAction":[{"@type":"ReadAction","target":["https:\/\/www.biopapa.de\/lt\/producte\/ekologiskos-pustos-boliviniu-balandu-seklos\/"]}]},{"@type":"ImageObject","inLanguage":"lt-LT","@id":"https:\/\/www.biopapa.de\/lt\/producte\/ekologiskos-pustos-boliviniu-balandu-seklos\/#primaryimage","url":"https:\/\/www.biopapa.de\/wp-content\/uploads\/2022\/05\/pusta-kynva.jpg","contentUrl":"https:\/\/www.biopapa.de\/wp-content\/uploads\/2022\/05\/pusta-kynva.jpg","width":800,"height":640,"caption":"Ekologi\u0161kos p\u016bstos bolivini\u0173 baland\u0173 s\u0117klos"},{"@type":"BreadcrumbList","@id":"https:\/\/www.biopapa.de\/lt\/producte\/ekologiskos-pustos-boliviniu-balandu-seklos\/#breadcrumb","itemListElement":[{"@type":"ListItem","position":1,"name":"Home","item":"https:\/\/www.biopapa.de\/lt\/"},{"@type":"ListItem","position":2,"name":"Parduotuv\u0117","item":"https:\/\/www.biopapa.de\/parduotuve\/"},{"@type":"ListItem","position":3,"name":"Ekologi\u0161kos p\u016bstos bolivini\u0173 baland\u0173 (kynva) s\u0117klos"}]},{"@type":"WebSite","@id":"https:\/\/www.biopapa.de\/lt\/#website","url":"https:\/\/www.biopapa.de\/lt\/","name":"Biopapa","description":"\u0160var\u016bs ekologi\u0161ki produktai","publisher":{"@id":"https:\/\/www.biopapa.de\/lt\/#organization"},"potentialAction":[{"@type":"SearchAction","target":{"@type":"EntryPoint","urlTemplate":"https:\/\/www.biopapa.de\/lt\/?s={search_term_string}"},"query-input":{"@type":"PropertyValueSpecification","valueRequired":true,"valueName":"search_term_string"}}],"inLanguage":"lt-LT"},{"@type":"Organization","@id":"https:\/\/www.biopapa.de\/lt\/#organization","name":"Biopapa","url":"https:\/\/www.biopapa.de\/lt\/","logo":{"@type":"ImageObject","inLanguage":"lt-LT","@id":"https:\/\/www.biopapa.de\/lt\/#\/schema\/logo\/image\/","url":"https:\/\/www.biopapa.lt\/wp-content\/uploads\/2022\/04\/facebook_biopapa.jpg","contentUrl":"https:\/\/www.biopapa.lt\/wp-content\/uploads\/2022\/04\/facebook_biopapa.jpg","width":1733,"height":907,"caption":"Biopapa"},"image":{"@id":"https:\/\/www.biopapa.de\/lt\/#\/schema\/logo\/image\/"},"sameAs":["https:\/\/www.facebook.com\/biopapa.lt"]}]}},"_links":{"self":[{"href":"https:\/\/www.biopapa.de\/lt\/wp-json\/wp\/v2\/product\/18682","targetHints":{"allow":["GET"]}}],"collection":[{"href":"https:\/\/www.biopapa.de\/lt\/wp-json\/wp\/v2\/product"}],"about":[{"href":"https:\/\/www.biopapa.de\/lt\/wp-json\/wp\/v2\/types\/product"}],"wp:featuredmedia":[{"embeddable":true,"href":"https:\/\/www.biopapa.de\/lt\/wp-json\/wp\/v2\/media\/18872"}],"wp:attachment":[{"href":"https:\/\/www.biopapa.de\/lt\/wp-json\/wp\/v2\/media?parent=18682"}],"wp:term":[{"taxonomy":"product_brand","embeddable":true,"href":"https:\/\/www.biopapa.de\/lt\/wp-json\/wp\/v2\/product_brand?post=18682"},{"taxonomy":"product_cat","embeddable":true,"href":"https:\/\/www.biopapa.de\/lt\/wp-json\/wp\/v2\/product_cat?post=18682"},{"taxonomy":"product_tag","embeddable":true,"href":"https:\/\/www.biopapa.de\/lt\/wp-json\/wp\/v2\/product_tag?post=18682"}],"curies":[{"name":"wp","href":"https:\/\/api.w.org\/{rel}","templated":true}]}}