{"id":18797,"date":"2022-05-30T17:47:26","date_gmt":"2022-05-30T14:47:26","guid":{"rendered":"https:\/\/www.biopapa.lt\/?post_type=product&#038;p=18797"},"modified":"2026-01-28T17:07:00","modified_gmt":"2026-01-28T15:07:00","slug":"ekologiskos-kvietines-kruopos-bulgur","status":"publish","type":"product","link":"https:\/\/www.biopapa.de\/lt\/producte\/ekologiskos-kvietines-kruopos-bulgur\/","title":{"rendered":"Ekologi\u0161kos kvietin\u0117s kruopos bulgur"},"content":{"rendered":"<p><strong>Ekologi\u0161kos kvietin\u0117s kruopos bulgur<\/strong><br \/>\nTikriausiai ne kiekvienas yra gird\u0117j\u0119s apie\u00a0bulgur\u0105. Tai yra skaldyti kietieji kvie\u010diai, kurie yra puiki alternatyva i\u0161 rafinuot\u0173 kvie\u010di\u0173 gaminamiems produktams. Ta\u010diau tai \u2013 ne tik pragmati\u0161ka, bet ir maistinga alternatyva: bulguras keleto vitamin\u0173 ir mineral\u0173 \u0161altinis, kuris taip pat gali pasigirti dideliu skaidul\u0173 kiekiu. Paruo\u0161tos \u201ebulgur\u201d kruopos yra rie\u0161ut\u0173 skonio, ilgiau kramtomos, pagal maistingum\u0105 turtingesn\u0117s u\u017e ry\u017eius ar kuskus\u0105, turi daugiau maistini\u0173 skaidul\u0173, baltym\u0173.<br \/>\nNuoplautas kruopas u\u017epilkite virintu vandeniu (1 stiklinei kruop\u0173 reikalinga 1\u00bd stiklin\u0117s kar\u0161to vandens) ir, u\u017evirus, virkite ant l\u0117tos ugnies 10-15 min.<\/p>\n<p><em>PASTABA. \u010cia pateikta informacija negali b\u016bti interpretuojama kaip gydymo ar kitokio pob\u016bd\u017eio sveikatos klausim\u0173 sprendimo rekomendacija. Raginame sprendimus, susijusius su asmenine sveikata, priimti asmeni\u0161kai, \u012fvertinus \u012fvairius informacijos \u0161altinius.<\/em><\/p>\n","protected":false},"excerpt":{"rendered":"<p>Ekologi\u0161kos kvietin\u0117s kruopos bulgur Tikriausiai ne kiekvienas yra gird\u0117j\u0119s apie\u00a0bulgur\u0105. Tai yra skaldyti kietieji kvie\u010diai, kurie yra puiki alternatyva i\u0161<\/p>\n","protected":false},"featured_media":18857,"template":"","meta":{"_acf_changed":false},"product_brand":[],"product_cat":[1295,1932],"product_tag":[1636,1378],"class_list":{"0":"post-18797","1":"product","2":"type-product","3":"status-publish","4":"has-post-thumbnail","6":"product_cat-ekologiskos-kruopos-ankstiniai","7":"product_cat-kruopos-grudai","8":"product_tag-skaidulu-saltinis","9":"product_tag-veganams","10":"pa_svoris-1-kg","11":"pa_svoris-100-g","12":"pa_svoris-200-g","13":"pa_svoris-25-kg","14":"pa_svoris-300-g","15":"pa_svoris-400-g","16":"pa_svoris-500-g","18":"first","19":"instock","20":"shipping-taxable","21":"purchasable","22":"product-type-variable"},"acf":[],"yoast_head":"<!-- This site is optimized with the Yoast SEO plugin v27.5 - https:\/\/yoast.com\/product\/yoast-seo-wordpress\/ -->\n<title>Ekologi\u0161kos kvietin\u0117s kruopos bulgur - Biopapa<\/title>\n<meta name=\"description\" content=\"Ekologi\u0161kos kvietin\u0117s kruopos bulgur - tai yra skaldyti kietieji kvie\u010diai, kurie yra puiki alternatyva i\u0161 rafinuot\u0173 kvie\u010di\u0173 gaminamiems produktams.\" \/>\n<meta name=\"robots\" content=\"index, follow, max-snippet:-1, max-image-preview:large, max-video-preview:-1\" \/>\n<link rel=\"canonical\" href=\"https:\/\/www.biopapa.de\/lt\/producte\/ekologiskos-kvietines-kruopos-bulgur\/\" \/>\n<meta property=\"og:locale\" content=\"lt_LT\" \/>\n<meta property=\"og:type\" content=\"article\" \/>\n<meta property=\"og:title\" content=\"Ekologi\u0161kos kvietin\u0117s kruopos bulgur - Biopapa\" \/>\n<meta property=\"og:description\" content=\"Ekologi\u0161kos kvietin\u0117s kruopos bulgur - tai yra skaldyti kietieji kvie\u010diai, kurie yra puiki alternatyva i\u0161 rafinuot\u0173 kvie\u010di\u0173 gaminamiems produktams.\" \/>\n<meta property=\"og:url\" content=\"https:\/\/www.biopapa.de\/lt\/producte\/ekologiskos-kvietines-kruopos-bulgur\/\" \/>\n<meta property=\"og:site_name\" content=\"Biopapa\" \/>\n<meta property=\"article:publisher\" content=\"https:\/\/www.facebook.com\/biopapa.lt\" \/>\n<meta property=\"article:modified_time\" content=\"2026-01-28T15:07:00+00:00\" \/>\n<meta property=\"og:image\" content=\"https:\/\/www.biopapa.de\/wp-content\/uploads\/2022\/05\/bulguras.jpg\" \/>\n\t<meta property=\"og:image:width\" content=\"800\" \/>\n\t<meta property=\"og:image:height\" content=\"640\" \/>\n\t<meta property=\"og:image:type\" content=\"image\/jpeg\" \/>\n<meta name=\"twitter:card\" content=\"summary_large_image\" \/>\n<script type=\"application\/ld+json\" class=\"yoast-schema-graph\">{\"@context\":\"https:\\\/\\\/schema.org\",\"@graph\":[{\"@type\":\"WebPage\",\"@id\":\"https:\\\/\\\/www.biopapa.de\\\/lt\\\/producte\\\/ekologiskos-kvietines-kruopos-bulgur\\\/\",\"url\":\"https:\\\/\\\/www.biopapa.de\\\/lt\\\/producte\\\/ekologiskos-kvietines-kruopos-bulgur\\\/\",\"name\":\"Ekologi\u0161kos kvietin\u0117s kruopos bulgur - Biopapa\",\"isPartOf\":{\"@id\":\"https:\\\/\\\/www.biopapa.de\\\/lt\\\/#website\"},\"primaryImageOfPage\":{\"@id\":\"https:\\\/\\\/www.biopapa.de\\\/lt\\\/producte\\\/ekologiskos-kvietines-kruopos-bulgur\\\/#primaryimage\"},\"image\":{\"@id\":\"https:\\\/\\\/www.biopapa.de\\\/lt\\\/producte\\\/ekologiskos-kvietines-kruopos-bulgur\\\/#primaryimage\"},\"thumbnailUrl\":\"https:\\\/\\\/www.biopapa.de\\\/wp-content\\\/uploads\\\/2022\\\/05\\\/bulguras.jpg\",\"datePublished\":\"2022-05-30T14:47:26+00:00\",\"dateModified\":\"2026-01-28T15:07:00+00:00\",\"description\":\"Ekologi\u0161kos kvietin\u0117s kruopos bulgur - tai yra skaldyti kietieji kvie\u010diai, kurie yra puiki alternatyva i\u0161 rafinuot\u0173 kvie\u010di\u0173 gaminamiems produktams.\",\"breadcrumb\":{\"@id\":\"https:\\\/\\\/www.biopapa.de\\\/lt\\\/producte\\\/ekologiskos-kvietines-kruopos-bulgur\\\/#breadcrumb\"},\"inLanguage\":\"lt-LT\",\"potentialAction\":[{\"@type\":\"ReadAction\",\"target\":[\"https:\\\/\\\/www.biopapa.de\\\/lt\\\/producte\\\/ekologiskos-kvietines-kruopos-bulgur\\\/\"]}]},{\"@type\":\"ImageObject\",\"inLanguage\":\"lt-LT\",\"@id\":\"https:\\\/\\\/www.biopapa.de\\\/lt\\\/producte\\\/ekologiskos-kvietines-kruopos-bulgur\\\/#primaryimage\",\"url\":\"https:\\\/\\\/www.biopapa.de\\\/wp-content\\\/uploads\\\/2022\\\/05\\\/bulguras.jpg\",\"contentUrl\":\"https:\\\/\\\/www.biopapa.de\\\/wp-content\\\/uploads\\\/2022\\\/05\\\/bulguras.jpg\",\"width\":800,\"height\":640,\"caption\":\"Ekologi\u0161kos kvietin\u0117s kruopos bulgur\"},{\"@type\":\"BreadcrumbList\",\"@id\":\"https:\\\/\\\/www.biopapa.de\\\/lt\\\/producte\\\/ekologiskos-kvietines-kruopos-bulgur\\\/#breadcrumb\",\"itemListElement\":[{\"@type\":\"ListItem\",\"position\":1,\"name\":\"Home\",\"item\":\"https:\\\/\\\/www.biopapa.de\\\/lt\\\/\"},{\"@type\":\"ListItem\",\"position\":2,\"name\":\"Parduotuv\u0117\",\"item\":\"https:\\\/\\\/www.biopapa.de\\\/parduotuve\\\/\"},{\"@type\":\"ListItem\",\"position\":3,\"name\":\"Ekologi\u0161kos kvietin\u0117s kruopos bulgur\"}]},{\"@type\":\"WebSite\",\"@id\":\"https:\\\/\\\/www.biopapa.de\\\/lt\\\/#website\",\"url\":\"https:\\\/\\\/www.biopapa.de\\\/lt\\\/\",\"name\":\"Biopapa\",\"description\":\"\u0160var\u016bs ekologi\u0161ki produktai\",\"publisher\":{\"@id\":\"https:\\\/\\\/www.biopapa.de\\\/lt\\\/#organization\"},\"potentialAction\":[{\"@type\":\"SearchAction\",\"target\":{\"@type\":\"EntryPoint\",\"urlTemplate\":\"https:\\\/\\\/www.biopapa.de\\\/lt\\\/?s={search_term_string}\"},\"query-input\":{\"@type\":\"PropertyValueSpecification\",\"valueRequired\":true,\"valueName\":\"search_term_string\"}}],\"inLanguage\":\"lt-LT\"},{\"@type\":\"Organization\",\"@id\":\"https:\\\/\\\/www.biopapa.de\\\/lt\\\/#organization\",\"name\":\"Biopapa\",\"url\":\"https:\\\/\\\/www.biopapa.de\\\/lt\\\/\",\"logo\":{\"@type\":\"ImageObject\",\"inLanguage\":\"lt-LT\",\"@id\":\"https:\\\/\\\/www.biopapa.de\\\/lt\\\/#\\\/schema\\\/logo\\\/image\\\/\",\"url\":\"https:\\\/\\\/www.biopapa.lt\\\/wp-content\\\/uploads\\\/2022\\\/04\\\/facebook_biopapa.jpg\",\"contentUrl\":\"https:\\\/\\\/www.biopapa.lt\\\/wp-content\\\/uploads\\\/2022\\\/04\\\/facebook_biopapa.jpg\",\"width\":1733,\"height\":907,\"caption\":\"Biopapa\"},\"image\":{\"@id\":\"https:\\\/\\\/www.biopapa.de\\\/lt\\\/#\\\/schema\\\/logo\\\/image\\\/\"},\"sameAs\":[\"https:\\\/\\\/www.facebook.com\\\/biopapa.lt\"]}]}<\/script>\n<!-- \/ Yoast SEO plugin. -->","yoast_head_json":{"title":"Ekologi\u0161kos kvietin\u0117s kruopos bulgur - Biopapa","description":"Ekologi\u0161kos kvietin\u0117s kruopos bulgur - tai yra skaldyti kietieji kvie\u010diai, kurie yra puiki alternatyva i\u0161 rafinuot\u0173 kvie\u010di\u0173 gaminamiems produktams.","robots":{"index":"index","follow":"follow","max-snippet":"max-snippet:-1","max-image-preview":"max-image-preview:large","max-video-preview":"max-video-preview:-1"},"canonical":"https:\/\/www.biopapa.de\/lt\/producte\/ekologiskos-kvietines-kruopos-bulgur\/","og_locale":"lt_LT","og_type":"article","og_title":"Ekologi\u0161kos kvietin\u0117s kruopos bulgur - Biopapa","og_description":"Ekologi\u0161kos kvietin\u0117s kruopos bulgur - tai yra skaldyti kietieji kvie\u010diai, kurie yra puiki alternatyva i\u0161 rafinuot\u0173 kvie\u010di\u0173 gaminamiems produktams.","og_url":"https:\/\/www.biopapa.de\/lt\/producte\/ekologiskos-kvietines-kruopos-bulgur\/","og_site_name":"Biopapa","article_publisher":"https:\/\/www.facebook.com\/biopapa.lt","article_modified_time":"2026-01-28T15:07:00+00:00","og_image":[{"width":800,"height":640,"url":"https:\/\/www.biopapa.de\/wp-content\/uploads\/2022\/05\/bulguras.jpg","type":"image\/jpeg"}],"twitter_card":"summary_large_image","schema":{"@context":"https:\/\/schema.org","@graph":[{"@type":"WebPage","@id":"https:\/\/www.biopapa.de\/lt\/producte\/ekologiskos-kvietines-kruopos-bulgur\/","url":"https:\/\/www.biopapa.de\/lt\/producte\/ekologiskos-kvietines-kruopos-bulgur\/","name":"Ekologi\u0161kos kvietin\u0117s kruopos bulgur - Biopapa","isPartOf":{"@id":"https:\/\/www.biopapa.de\/lt\/#website"},"primaryImageOfPage":{"@id":"https:\/\/www.biopapa.de\/lt\/producte\/ekologiskos-kvietines-kruopos-bulgur\/#primaryimage"},"image":{"@id":"https:\/\/www.biopapa.de\/lt\/producte\/ekologiskos-kvietines-kruopos-bulgur\/#primaryimage"},"thumbnailUrl":"https:\/\/www.biopapa.de\/wp-content\/uploads\/2022\/05\/bulguras.jpg","datePublished":"2022-05-30T14:47:26+00:00","dateModified":"2026-01-28T15:07:00+00:00","description":"Ekologi\u0161kos kvietin\u0117s kruopos bulgur - tai yra skaldyti kietieji kvie\u010diai, kurie yra puiki alternatyva i\u0161 rafinuot\u0173 kvie\u010di\u0173 gaminamiems produktams.","breadcrumb":{"@id":"https:\/\/www.biopapa.de\/lt\/producte\/ekologiskos-kvietines-kruopos-bulgur\/#breadcrumb"},"inLanguage":"lt-LT","potentialAction":[{"@type":"ReadAction","target":["https:\/\/www.biopapa.de\/lt\/producte\/ekologiskos-kvietines-kruopos-bulgur\/"]}]},{"@type":"ImageObject","inLanguage":"lt-LT","@id":"https:\/\/www.biopapa.de\/lt\/producte\/ekologiskos-kvietines-kruopos-bulgur\/#primaryimage","url":"https:\/\/www.biopapa.de\/wp-content\/uploads\/2022\/05\/bulguras.jpg","contentUrl":"https:\/\/www.biopapa.de\/wp-content\/uploads\/2022\/05\/bulguras.jpg","width":800,"height":640,"caption":"Ekologi\u0161kos kvietin\u0117s kruopos bulgur"},{"@type":"BreadcrumbList","@id":"https:\/\/www.biopapa.de\/lt\/producte\/ekologiskos-kvietines-kruopos-bulgur\/#breadcrumb","itemListElement":[{"@type":"ListItem","position":1,"name":"Home","item":"https:\/\/www.biopapa.de\/lt\/"},{"@type":"ListItem","position":2,"name":"Parduotuv\u0117","item":"https:\/\/www.biopapa.de\/parduotuve\/"},{"@type":"ListItem","position":3,"name":"Ekologi\u0161kos kvietin\u0117s kruopos bulgur"}]},{"@type":"WebSite","@id":"https:\/\/www.biopapa.de\/lt\/#website","url":"https:\/\/www.biopapa.de\/lt\/","name":"Biopapa","description":"\u0160var\u016bs ekologi\u0161ki produktai","publisher":{"@id":"https:\/\/www.biopapa.de\/lt\/#organization"},"potentialAction":[{"@type":"SearchAction","target":{"@type":"EntryPoint","urlTemplate":"https:\/\/www.biopapa.de\/lt\/?s={search_term_string}"},"query-input":{"@type":"PropertyValueSpecification","valueRequired":true,"valueName":"search_term_string"}}],"inLanguage":"lt-LT"},{"@type":"Organization","@id":"https:\/\/www.biopapa.de\/lt\/#organization","name":"Biopapa","url":"https:\/\/www.biopapa.de\/lt\/","logo":{"@type":"ImageObject","inLanguage":"lt-LT","@id":"https:\/\/www.biopapa.de\/lt\/#\/schema\/logo\/image\/","url":"https:\/\/www.biopapa.lt\/wp-content\/uploads\/2022\/04\/facebook_biopapa.jpg","contentUrl":"https:\/\/www.biopapa.lt\/wp-content\/uploads\/2022\/04\/facebook_biopapa.jpg","width":1733,"height":907,"caption":"Biopapa"},"image":{"@id":"https:\/\/www.biopapa.de\/lt\/#\/schema\/logo\/image\/"},"sameAs":["https:\/\/www.facebook.com\/biopapa.lt"]}]}},"_links":{"self":[{"href":"https:\/\/www.biopapa.de\/lt\/wp-json\/wp\/v2\/product\/18797","targetHints":{"allow":["GET"]}}],"collection":[{"href":"https:\/\/www.biopapa.de\/lt\/wp-json\/wp\/v2\/product"}],"about":[{"href":"https:\/\/www.biopapa.de\/lt\/wp-json\/wp\/v2\/types\/product"}],"wp:featuredmedia":[{"embeddable":true,"href":"https:\/\/www.biopapa.de\/lt\/wp-json\/wp\/v2\/media\/18857"}],"wp:attachment":[{"href":"https:\/\/www.biopapa.de\/lt\/wp-json\/wp\/v2\/media?parent=18797"}],"wp:term":[{"taxonomy":"product_brand","embeddable":true,"href":"https:\/\/www.biopapa.de\/lt\/wp-json\/wp\/v2\/product_brand?post=18797"},{"taxonomy":"product_cat","embeddable":true,"href":"https:\/\/www.biopapa.de\/lt\/wp-json\/wp\/v2\/product_cat?post=18797"},{"taxonomy":"product_tag","embeddable":true,"href":"https:\/\/www.biopapa.de\/lt\/wp-json\/wp\/v2\/product_tag?post=18797"}],"curies":[{"name":"wp","href":"https:\/\/api.w.org\/{rel}","templated":true}]}}