{"id":18812,"date":"2022-05-30T18:04:47","date_gmt":"2022-05-30T15:04:47","guid":{"rendered":"https:\/\/www.biopapa.lt\/?post_type=product&#038;p=18812"},"modified":"2026-01-08T15:36:56","modified_gmt":"2026-01-08T13:36:56","slug":"ekologiskas-agavos-inulinas","status":"publish","type":"product","link":"https:\/\/www.biopapa.de\/lt\/producte\/ekologiskas-agavos-inulinas\/","title":{"rendered":"Ekologi\u0161kas agavos inulinas"},"content":{"rendered":"<p><strong>Ekologi\u0161ki agav\u0173 inulino milteliai \/ ekologi\u0161ka oligofruktoz\u0117<\/strong><br \/>\nAgavos inulinas, prebiotin\u0117 skaidulin\u0117 med\u017eiaga, ypa\u010d galimai naudinga vir\u0161kinimui. Kaip prebiotikas, jis gali gerinti vir\u0161kinim\u0105 ir bendr\u0105 \u017earnyno sveikat\u0105.<br \/>\nAgavos inulinas gali b\u016bti naudojamas \u012fvairiai; jis gali b\u016bti dedamas \u012f kokteilius, jogurt\u0105, kepinius ir g\u0117rimus, siekiant padidinti skaidul\u0173 kiek\u012f.<br \/>\nRekomenduojama doz\u0117 prasideda nuo 2-4 gram\u0173 per dien\u0105, palaipsniui didinant iki 10-15 gram\u0173 per dien\u0105, priklausomai nuo tolerancijos.<br \/>\nSiekiant i\u0161vengti vir\u0161kinimo diskomforto, geriausia prad\u0117ti nuo ma\u017eesn\u0117s doz\u0117s ir palaipsniui j\u0105 didinti. Nors agavos inulinas paprastai yra saugus, \u017emon\u0117s, turintys alergij\u0105 agavai ar susijusiems augalams, arba asmenys, turintys tam tikr\u0173 sveikatos problem\u0173, tur\u0117t\u0173 b\u016bti atid\u016bs.<\/p>\n<p>\u0160altiniai:<br \/>\nhttps:\/\/www.webmd.com<\/p>\n<p><em>PASTABA. \u010cia pateikta informacija negali b\u016bti interpretuojama kaip gydymo ar kitokio pob\u016bd\u017eio sveikatos klausim\u0173 sprendimo rekomendacija.<\/em><br \/>\n<em>Raginame sprendimus, susijusius su asmenine sveikata, priimti asmeni\u0161kai, \u012fvertinus \u012fvairius informacijos \u0161altinius.<\/em><\/p>\n","protected":false},"excerpt":{"rendered":"<p>Ekologi\u0161ki agav\u0173 inulino milteliai \/ ekologi\u0161ka oligofruktoz\u0117 Agavos inulinas, prebiotin\u0117 skaidulin\u0117 med\u017eiaga, ypa\u010d galimai naudinga vir\u0161kinimui. Kaip prebiotikas, jis gali<\/p>\n","protected":false},"featured_media":18854,"template":"","meta":{"_acf_changed":false},"product_brand":[],"product_cat":[2337,1318],"product_tag":[1378],"class_list":{"0":"post-18812","1":"product","2":"type-product","3":"status-publish","4":"has-post-thumbnail","6":"product_cat-priedai-maistui-ruosti","7":"product_cat-ekologiski-saldikliai-druska","8":"product_tag-veganams","9":"pa_svoris-1-kg","10":"pa_svoris-100-g","11":"pa_svoris-20-kg","12":"pa_svoris-200-g","13":"pa_svoris-300-g","14":"pa_svoris-400-g","15":"pa_svoris-500-g","17":"first","18":"instock","19":"shipping-taxable","20":"purchasable","21":"product-type-variable"},"acf":[],"yoast_head":"<!-- This site is optimized with the Yoast SEO plugin v27.5 - https:\/\/yoast.com\/product\/yoast-seo-wordpress\/ -->\n<title>Ekologi\u0161kas agavos inulinas - Biopapa<\/title>\n<meta name=\"description\" content=\"Agavos inulinas gali b\u016bti naudojamas \u012fvairiai; jis gali b\u016bti dedamas \u012f kokteilius, jogurt\u0105, kepinius ir g\u0117rimus, siekiant padidinti skaidul\u0173 kiek\u012f.\" \/>\n<meta name=\"robots\" content=\"index, follow, max-snippet:-1, max-image-preview:large, max-video-preview:-1\" \/>\n<link rel=\"canonical\" href=\"https:\/\/www.biopapa.de\/lt\/producte\/ekologiskas-agavos-inulinas\/\" \/>\n<meta property=\"og:locale\" content=\"lt_LT\" \/>\n<meta property=\"og:type\" content=\"article\" \/>\n<meta property=\"og:title\" content=\"Ekologi\u0161kas agavos inulinas - Biopapa\" \/>\n<meta property=\"og:description\" content=\"Agavos inulinas gali b\u016bti naudojamas \u012fvairiai; jis gali b\u016bti dedamas \u012f kokteilius, jogurt\u0105, kepinius ir g\u0117rimus, siekiant padidinti skaidul\u0173 kiek\u012f.\" \/>\n<meta property=\"og:url\" content=\"https:\/\/www.biopapa.de\/lt\/producte\/ekologiskas-agavos-inulinas\/\" \/>\n<meta property=\"og:site_name\" content=\"Biopapa\" \/>\n<meta property=\"article:publisher\" content=\"https:\/\/www.facebook.com\/biopapa.lt\" \/>\n<meta property=\"article:modified_time\" content=\"2026-01-08T13:36:56+00:00\" \/>\n<meta property=\"og:image\" content=\"https:\/\/www.biopapa.de\/wp-content\/uploads\/2022\/05\/agavos-inulinas.jpg\" \/>\n\t<meta property=\"og:image:width\" content=\"800\" \/>\n\t<meta property=\"og:image:height\" content=\"640\" \/>\n\t<meta property=\"og:image:type\" content=\"image\/jpeg\" \/>\n<meta name=\"twitter:card\" content=\"summary_large_image\" \/>\n<meta name=\"twitter:label1\" content=\"Est. reading time\" \/>\n\t<meta name=\"twitter:data1\" content=\"1 minut\u0117\" \/>\n<script type=\"application\/ld+json\" class=\"yoast-schema-graph\">{\"@context\":\"https:\\\/\\\/schema.org\",\"@graph\":[{\"@type\":\"WebPage\",\"@id\":\"https:\\\/\\\/www.biopapa.de\\\/lt\\\/producte\\\/ekologiskas-agavos-inulinas\\\/\",\"url\":\"https:\\\/\\\/www.biopapa.de\\\/lt\\\/producte\\\/ekologiskas-agavos-inulinas\\\/\",\"name\":\"Ekologi\u0161kas agavos inulinas - Biopapa\",\"isPartOf\":{\"@id\":\"https:\\\/\\\/www.biopapa.de\\\/lt\\\/#website\"},\"primaryImageOfPage\":{\"@id\":\"https:\\\/\\\/www.biopapa.de\\\/lt\\\/producte\\\/ekologiskas-agavos-inulinas\\\/#primaryimage\"},\"image\":{\"@id\":\"https:\\\/\\\/www.biopapa.de\\\/lt\\\/producte\\\/ekologiskas-agavos-inulinas\\\/#primaryimage\"},\"thumbnailUrl\":\"https:\\\/\\\/www.biopapa.de\\\/wp-content\\\/uploads\\\/2022\\\/05\\\/agavos-inulinas.jpg\",\"datePublished\":\"2022-05-30T15:04:47+00:00\",\"dateModified\":\"2026-01-08T13:36:56+00:00\",\"description\":\"Agavos inulinas gali b\u016bti naudojamas \u012fvairiai; jis gali b\u016bti dedamas \u012f kokteilius, jogurt\u0105, kepinius ir g\u0117rimus, siekiant padidinti skaidul\u0173 kiek\u012f.\",\"breadcrumb\":{\"@id\":\"https:\\\/\\\/www.biopapa.de\\\/lt\\\/producte\\\/ekologiskas-agavos-inulinas\\\/#breadcrumb\"},\"inLanguage\":\"lt-LT\",\"potentialAction\":[{\"@type\":\"ReadAction\",\"target\":[\"https:\\\/\\\/www.biopapa.de\\\/lt\\\/producte\\\/ekologiskas-agavos-inulinas\\\/\"]}]},{\"@type\":\"ImageObject\",\"inLanguage\":\"lt-LT\",\"@id\":\"https:\\\/\\\/www.biopapa.de\\\/lt\\\/producte\\\/ekologiskas-agavos-inulinas\\\/#primaryimage\",\"url\":\"https:\\\/\\\/www.biopapa.de\\\/wp-content\\\/uploads\\\/2022\\\/05\\\/agavos-inulinas.jpg\",\"contentUrl\":\"https:\\\/\\\/www.biopapa.de\\\/wp-content\\\/uploads\\\/2022\\\/05\\\/agavos-inulinas.jpg\",\"width\":800,\"height\":640,\"caption\":\"Ekologi\u0161kas agavos inulinas\"},{\"@type\":\"BreadcrumbList\",\"@id\":\"https:\\\/\\\/www.biopapa.de\\\/lt\\\/producte\\\/ekologiskas-agavos-inulinas\\\/#breadcrumb\",\"itemListElement\":[{\"@type\":\"ListItem\",\"position\":1,\"name\":\"Home\",\"item\":\"https:\\\/\\\/www.biopapa.de\\\/lt\\\/\"},{\"@type\":\"ListItem\",\"position\":2,\"name\":\"Parduotuv\u0117\",\"item\":\"https:\\\/\\\/www.biopapa.de\\\/parduotuve\\\/\"},{\"@type\":\"ListItem\",\"position\":3,\"name\":\"Ekologi\u0161kas agavos inulinas\"}]},{\"@type\":\"WebSite\",\"@id\":\"https:\\\/\\\/www.biopapa.de\\\/lt\\\/#website\",\"url\":\"https:\\\/\\\/www.biopapa.de\\\/lt\\\/\",\"name\":\"Biopapa\",\"description\":\"\u0160var\u016bs ekologi\u0161ki produktai\",\"publisher\":{\"@id\":\"https:\\\/\\\/www.biopapa.de\\\/lt\\\/#organization\"},\"potentialAction\":[{\"@type\":\"SearchAction\",\"target\":{\"@type\":\"EntryPoint\",\"urlTemplate\":\"https:\\\/\\\/www.biopapa.de\\\/lt\\\/?s={search_term_string}\"},\"query-input\":{\"@type\":\"PropertyValueSpecification\",\"valueRequired\":true,\"valueName\":\"search_term_string\"}}],\"inLanguage\":\"lt-LT\"},{\"@type\":\"Organization\",\"@id\":\"https:\\\/\\\/www.biopapa.de\\\/lt\\\/#organization\",\"name\":\"Biopapa\",\"url\":\"https:\\\/\\\/www.biopapa.de\\\/lt\\\/\",\"logo\":{\"@type\":\"ImageObject\",\"inLanguage\":\"lt-LT\",\"@id\":\"https:\\\/\\\/www.biopapa.de\\\/lt\\\/#\\\/schema\\\/logo\\\/image\\\/\",\"url\":\"https:\\\/\\\/www.biopapa.lt\\\/wp-content\\\/uploads\\\/2022\\\/04\\\/facebook_biopapa.jpg\",\"contentUrl\":\"https:\\\/\\\/www.biopapa.lt\\\/wp-content\\\/uploads\\\/2022\\\/04\\\/facebook_biopapa.jpg\",\"width\":1733,\"height\":907,\"caption\":\"Biopapa\"},\"image\":{\"@id\":\"https:\\\/\\\/www.biopapa.de\\\/lt\\\/#\\\/schema\\\/logo\\\/image\\\/\"},\"sameAs\":[\"https:\\\/\\\/www.facebook.com\\\/biopapa.lt\"]}]}<\/script>\n<!-- \/ Yoast SEO plugin. -->","yoast_head_json":{"title":"Ekologi\u0161kas agavos inulinas - Biopapa","description":"Agavos inulinas gali b\u016bti naudojamas \u012fvairiai; jis gali b\u016bti dedamas \u012f kokteilius, jogurt\u0105, kepinius ir g\u0117rimus, siekiant padidinti skaidul\u0173 kiek\u012f.","robots":{"index":"index","follow":"follow","max-snippet":"max-snippet:-1","max-image-preview":"max-image-preview:large","max-video-preview":"max-video-preview:-1"},"canonical":"https:\/\/www.biopapa.de\/lt\/producte\/ekologiskas-agavos-inulinas\/","og_locale":"lt_LT","og_type":"article","og_title":"Ekologi\u0161kas agavos inulinas - Biopapa","og_description":"Agavos inulinas gali b\u016bti naudojamas \u012fvairiai; jis gali b\u016bti dedamas \u012f kokteilius, jogurt\u0105, kepinius ir g\u0117rimus, siekiant padidinti skaidul\u0173 kiek\u012f.","og_url":"https:\/\/www.biopapa.de\/lt\/producte\/ekologiskas-agavos-inulinas\/","og_site_name":"Biopapa","article_publisher":"https:\/\/www.facebook.com\/biopapa.lt","article_modified_time":"2026-01-08T13:36:56+00:00","og_image":[{"width":800,"height":640,"url":"https:\/\/www.biopapa.de\/wp-content\/uploads\/2022\/05\/agavos-inulinas.jpg","type":"image\/jpeg"}],"twitter_card":"summary_large_image","twitter_misc":{"Est. reading time":"1 minut\u0117"},"schema":{"@context":"https:\/\/schema.org","@graph":[{"@type":"WebPage","@id":"https:\/\/www.biopapa.de\/lt\/producte\/ekologiskas-agavos-inulinas\/","url":"https:\/\/www.biopapa.de\/lt\/producte\/ekologiskas-agavos-inulinas\/","name":"Ekologi\u0161kas agavos inulinas - Biopapa","isPartOf":{"@id":"https:\/\/www.biopapa.de\/lt\/#website"},"primaryImageOfPage":{"@id":"https:\/\/www.biopapa.de\/lt\/producte\/ekologiskas-agavos-inulinas\/#primaryimage"},"image":{"@id":"https:\/\/www.biopapa.de\/lt\/producte\/ekologiskas-agavos-inulinas\/#primaryimage"},"thumbnailUrl":"https:\/\/www.biopapa.de\/wp-content\/uploads\/2022\/05\/agavos-inulinas.jpg","datePublished":"2022-05-30T15:04:47+00:00","dateModified":"2026-01-08T13:36:56+00:00","description":"Agavos inulinas gali b\u016bti naudojamas \u012fvairiai; jis gali b\u016bti dedamas \u012f kokteilius, jogurt\u0105, kepinius ir g\u0117rimus, siekiant padidinti skaidul\u0173 kiek\u012f.","breadcrumb":{"@id":"https:\/\/www.biopapa.de\/lt\/producte\/ekologiskas-agavos-inulinas\/#breadcrumb"},"inLanguage":"lt-LT","potentialAction":[{"@type":"ReadAction","target":["https:\/\/www.biopapa.de\/lt\/producte\/ekologiskas-agavos-inulinas\/"]}]},{"@type":"ImageObject","inLanguage":"lt-LT","@id":"https:\/\/www.biopapa.de\/lt\/producte\/ekologiskas-agavos-inulinas\/#primaryimage","url":"https:\/\/www.biopapa.de\/wp-content\/uploads\/2022\/05\/agavos-inulinas.jpg","contentUrl":"https:\/\/www.biopapa.de\/wp-content\/uploads\/2022\/05\/agavos-inulinas.jpg","width":800,"height":640,"caption":"Ekologi\u0161kas agavos inulinas"},{"@type":"BreadcrumbList","@id":"https:\/\/www.biopapa.de\/lt\/producte\/ekologiskas-agavos-inulinas\/#breadcrumb","itemListElement":[{"@type":"ListItem","position":1,"name":"Home","item":"https:\/\/www.biopapa.de\/lt\/"},{"@type":"ListItem","position":2,"name":"Parduotuv\u0117","item":"https:\/\/www.biopapa.de\/parduotuve\/"},{"@type":"ListItem","position":3,"name":"Ekologi\u0161kas agavos inulinas"}]},{"@type":"WebSite","@id":"https:\/\/www.biopapa.de\/lt\/#website","url":"https:\/\/www.biopapa.de\/lt\/","name":"Biopapa","description":"\u0160var\u016bs ekologi\u0161ki produktai","publisher":{"@id":"https:\/\/www.biopapa.de\/lt\/#organization"},"potentialAction":[{"@type":"SearchAction","target":{"@type":"EntryPoint","urlTemplate":"https:\/\/www.biopapa.de\/lt\/?s={search_term_string}"},"query-input":{"@type":"PropertyValueSpecification","valueRequired":true,"valueName":"search_term_string"}}],"inLanguage":"lt-LT"},{"@type":"Organization","@id":"https:\/\/www.biopapa.de\/lt\/#organization","name":"Biopapa","url":"https:\/\/www.biopapa.de\/lt\/","logo":{"@type":"ImageObject","inLanguage":"lt-LT","@id":"https:\/\/www.biopapa.de\/lt\/#\/schema\/logo\/image\/","url":"https:\/\/www.biopapa.lt\/wp-content\/uploads\/2022\/04\/facebook_biopapa.jpg","contentUrl":"https:\/\/www.biopapa.lt\/wp-content\/uploads\/2022\/04\/facebook_biopapa.jpg","width":1733,"height":907,"caption":"Biopapa"},"image":{"@id":"https:\/\/www.biopapa.de\/lt\/#\/schema\/logo\/image\/"},"sameAs":["https:\/\/www.facebook.com\/biopapa.lt"]}]}},"_links":{"self":[{"href":"https:\/\/www.biopapa.de\/lt\/wp-json\/wp\/v2\/product\/18812","targetHints":{"allow":["GET"]}}],"collection":[{"href":"https:\/\/www.biopapa.de\/lt\/wp-json\/wp\/v2\/product"}],"about":[{"href":"https:\/\/www.biopapa.de\/lt\/wp-json\/wp\/v2\/types\/product"}],"wp:featuredmedia":[{"embeddable":true,"href":"https:\/\/www.biopapa.de\/lt\/wp-json\/wp\/v2\/media\/18854"}],"wp:attachment":[{"href":"https:\/\/www.biopapa.de\/lt\/wp-json\/wp\/v2\/media?parent=18812"}],"wp:term":[{"taxonomy":"product_brand","embeddable":true,"href":"https:\/\/www.biopapa.de\/lt\/wp-json\/wp\/v2\/product_brand?post=18812"},{"taxonomy":"product_cat","embeddable":true,"href":"https:\/\/www.biopapa.de\/lt\/wp-json\/wp\/v2\/product_cat?post=18812"},{"taxonomy":"product_tag","embeddable":true,"href":"https:\/\/www.biopapa.de\/lt\/wp-json\/wp\/v2\/product_tag?post=18812"}],"curies":[{"name":"wp","href":"https:\/\/api.w.org\/{rel}","templated":true}]}}