{"id":18820,"date":"2022-05-30T18:09:09","date_gmt":"2022-05-30T15:09:09","guid":{"rendered":"https:\/\/www.biopapa.lt\/?post_type=product&#038;p=18820"},"modified":"2026-02-23T15:17:56","modified_gmt":"2026-02-23T13:17:56","slug":"ekologiskos-pustos-burnociu-seklos","status":"publish","type":"product","link":"https:\/\/www.biopapa.de\/lt\/producte\/ekologiskos-pustos-burnociu-seklos\/","title":{"rendered":"Ekologi\u0161kos p\u016bstos burno\u010di\u0173 (Amaranth) s\u0117klos"},"content":{"rendered":"<p><strong>Ekologi\u0161kos p\u016bstos burno\u010di\u0173 (Amaranth) s\u0117klos<\/strong> \u2013 tai maistingas, be glitimo supermaistas, turintis visaver\u010di\u0173 augalini\u0173 baltym\u0173. Lengvai vir\u0161kinami ir lengvo skonio, jie padeda palaikyti raumen\u0173 veikl\u0105, gerina vir\u0161kinim\u0105 ir suteikia ilgalaik\u0117s energijos.<br \/>\nD\u0117l \u0161velnaus, rie\u0161uti\u0161ko skonio ir tra\u0161kios tekst\u016bros \u0161ie gr\u016bdai puikiai tinka kaip priedas prie jogurto, ko\u0161\u0117s ar salot\u0173, kaip pagrindas naminiams energijos baton\u0117liams, granolai ar net kaip sveikesn\u0117 gr\u016bd\u0173 alternatyva pusry\u010diams. D\u0117l ma\u017eo kaloringumo ir didel\u0117s maistin\u0117s vert\u0117s tai puikus pasirinkimas subalansuotai mitybai.<\/p>\n<p><em>PASTABA. \u010cia pateikta informacija negali b\u016bti interpretuojama kaip gydymo ar kitokio pob\u016bd\u017eio sveikatos klausim\u0173 sprendimo rekomendacija. Raginame sprendimus, susijusius su asmenine sveikata, priimti asmeni\u0161kai, \u012fvertinus \u012fvairius informacijos \u0161altinius.<\/em><\/p>\n","protected":false},"excerpt":{"rendered":"<p>Ekologi\u0161kos p\u016bstos burno\u010di\u0173 (Amaranth) s\u0117klos \u2013 tai maistingas, be glitimo supermaistas, turintis visaver\u010di\u0173 augalini\u0173 baltym\u0173. Lengvai vir\u0161kinami ir lengvo skonio,<\/p>\n","protected":false},"featured_media":18870,"template":"","meta":{"_acf_changed":false},"product_brand":[],"product_cat":[730,1905],"product_tag":[1433,1378],"class_list":{"0":"post-18820","1":"product","2":"type-product","3":"status-publish","4":"has-post-thumbnail","6":"product_cat-ekologiski-riesutai-seklos","7":"product_cat-seklos","8":"product_tag-baltymu-saltinis","9":"product_tag-veganams","10":"pa_svoris-1-kg","11":"pa_svoris-100-g","12":"pa_svoris-15-kg","13":"pa_svoris-200-g","14":"pa_svoris-300-g","15":"pa_svoris-400-g","16":"pa_svoris-500-g","18":"first","19":"instock","20":"shipping-taxable","21":"purchasable","22":"product-type-variable"},"acf":[],"yoast_head":"<!-- This site is optimized with the Yoast SEO plugin v27.5 - https:\/\/yoast.com\/product\/yoast-seo-wordpress\/ -->\n<title>Ekologi\u0161kos p\u016bstos burno\u010di\u0173 (Amaranth) s\u0117klos - Biopapa<\/title>\n<meta name=\"description\" content=\"Burnotis \u2013 vienas seniausi\u0173 ir maistingiausi\u0173 augal\u0173 pasaulyje. Skanu valgyti vienas, berti \u012f sausus pusry\u010dius, desertus, jogurt\u0105 ar salotas, dar\u017eovi\u0173 ir ank\u0161tini\u0173 patiekalus.\" \/>\n<meta name=\"robots\" content=\"index, follow, max-snippet:-1, max-image-preview:large, max-video-preview:-1\" \/>\n<link rel=\"canonical\" href=\"https:\/\/www.biopapa.de\/lt\/producte\/ekologiskos-pustos-burnociu-seklos\/\" \/>\n<meta property=\"og:locale\" content=\"lt_LT\" \/>\n<meta property=\"og:type\" content=\"article\" \/>\n<meta property=\"og:title\" content=\"Ekologi\u0161kos p\u016bstos burno\u010di\u0173 (Amaranth) s\u0117klos - Biopapa\" \/>\n<meta property=\"og:description\" content=\"Burnotis \u2013 vienas seniausi\u0173 ir maistingiausi\u0173 augal\u0173 pasaulyje. Skanu valgyti vienas, berti \u012f sausus pusry\u010dius, desertus, jogurt\u0105 ar salotas, dar\u017eovi\u0173 ir ank\u0161tini\u0173 patiekalus.\" \/>\n<meta property=\"og:url\" content=\"https:\/\/www.biopapa.de\/lt\/producte\/ekologiskos-pustos-burnociu-seklos\/\" \/>\n<meta property=\"og:site_name\" content=\"Biopapa\" \/>\n<meta property=\"article:publisher\" content=\"https:\/\/www.facebook.com\/biopapa.lt\" \/>\n<meta property=\"article:modified_time\" content=\"2026-02-23T13:17:56+00:00\" \/>\n<meta property=\"og:image\" content=\"https:\/\/www.biopapa.de\/wp-content\/uploads\/2022\/05\/pustas-burnotis-1.jpg\" \/>\n\t<meta property=\"og:image:width\" content=\"800\" \/>\n\t<meta property=\"og:image:height\" content=\"640\" \/>\n\t<meta property=\"og:image:type\" content=\"image\/jpeg\" \/>\n<meta name=\"twitter:card\" content=\"summary_large_image\" \/>\n<meta name=\"twitter:label1\" content=\"Est. reading time\" \/>\n\t<meta name=\"twitter:data1\" content=\"1 minut\u0117\" \/>\n<script type=\"application\/ld+json\" class=\"yoast-schema-graph\">{\"@context\":\"https:\\\/\\\/schema.org\",\"@graph\":[{\"@type\":\"WebPage\",\"@id\":\"https:\\\/\\\/www.biopapa.de\\\/lt\\\/producte\\\/ekologiskos-pustos-burnociu-seklos\\\/\",\"url\":\"https:\\\/\\\/www.biopapa.de\\\/lt\\\/producte\\\/ekologiskos-pustos-burnociu-seklos\\\/\",\"name\":\"Ekologi\u0161kos p\u016bstos burno\u010di\u0173 (Amaranth) s\u0117klos - Biopapa\",\"isPartOf\":{\"@id\":\"https:\\\/\\\/www.biopapa.de\\\/lt\\\/#website\"},\"primaryImageOfPage\":{\"@id\":\"https:\\\/\\\/www.biopapa.de\\\/lt\\\/producte\\\/ekologiskos-pustos-burnociu-seklos\\\/#primaryimage\"},\"image\":{\"@id\":\"https:\\\/\\\/www.biopapa.de\\\/lt\\\/producte\\\/ekologiskos-pustos-burnociu-seklos\\\/#primaryimage\"},\"thumbnailUrl\":\"https:\\\/\\\/www.biopapa.de\\\/wp-content\\\/uploads\\\/2022\\\/05\\\/pustas-burnotis-1.jpg\",\"datePublished\":\"2022-05-30T15:09:09+00:00\",\"dateModified\":\"2026-02-23T13:17:56+00:00\",\"description\":\"Burnotis \u2013 vienas seniausi\u0173 ir maistingiausi\u0173 augal\u0173 pasaulyje. Skanu valgyti vienas, berti \u012f sausus pusry\u010dius, desertus, jogurt\u0105 ar salotas, dar\u017eovi\u0173 ir ank\u0161tini\u0173 patiekalus.\",\"breadcrumb\":{\"@id\":\"https:\\\/\\\/www.biopapa.de\\\/lt\\\/producte\\\/ekologiskos-pustos-burnociu-seklos\\\/#breadcrumb\"},\"inLanguage\":\"lt-LT\",\"potentialAction\":[{\"@type\":\"ReadAction\",\"target\":[\"https:\\\/\\\/www.biopapa.de\\\/lt\\\/producte\\\/ekologiskos-pustos-burnociu-seklos\\\/\"]}]},{\"@type\":\"ImageObject\",\"inLanguage\":\"lt-LT\",\"@id\":\"https:\\\/\\\/www.biopapa.de\\\/lt\\\/producte\\\/ekologiskos-pustos-burnociu-seklos\\\/#primaryimage\",\"url\":\"https:\\\/\\\/www.biopapa.de\\\/wp-content\\\/uploads\\\/2022\\\/05\\\/pustas-burnotis-1.jpg\",\"contentUrl\":\"https:\\\/\\\/www.biopapa.de\\\/wp-content\\\/uploads\\\/2022\\\/05\\\/pustas-burnotis-1.jpg\",\"width\":800,\"height\":640,\"caption\":\"Ekologi\u0161kos p\u016bstos burno\u010di\u0173 s\u0117klos\"},{\"@type\":\"BreadcrumbList\",\"@id\":\"https:\\\/\\\/www.biopapa.de\\\/lt\\\/producte\\\/ekologiskos-pustos-burnociu-seklos\\\/#breadcrumb\",\"itemListElement\":[{\"@type\":\"ListItem\",\"position\":1,\"name\":\"Home\",\"item\":\"https:\\\/\\\/www.biopapa.de\\\/lt\\\/\"},{\"@type\":\"ListItem\",\"position\":2,\"name\":\"Parduotuv\u0117\",\"item\":\"https:\\\/\\\/www.biopapa.de\\\/parduotuve\\\/\"},{\"@type\":\"ListItem\",\"position\":3,\"name\":\"Ekologi\u0161kos p\u016bstos burno\u010di\u0173 (Amaranth) s\u0117klos\"}]},{\"@type\":\"WebSite\",\"@id\":\"https:\\\/\\\/www.biopapa.de\\\/lt\\\/#website\",\"url\":\"https:\\\/\\\/www.biopapa.de\\\/lt\\\/\",\"name\":\"Biopapa\",\"description\":\"\u0160var\u016bs ekologi\u0161ki produktai\",\"publisher\":{\"@id\":\"https:\\\/\\\/www.biopapa.de\\\/lt\\\/#organization\"},\"potentialAction\":[{\"@type\":\"SearchAction\",\"target\":{\"@type\":\"EntryPoint\",\"urlTemplate\":\"https:\\\/\\\/www.biopapa.de\\\/lt\\\/?s={search_term_string}\"},\"query-input\":{\"@type\":\"PropertyValueSpecification\",\"valueRequired\":true,\"valueName\":\"search_term_string\"}}],\"inLanguage\":\"lt-LT\"},{\"@type\":\"Organization\",\"@id\":\"https:\\\/\\\/www.biopapa.de\\\/lt\\\/#organization\",\"name\":\"Biopapa\",\"url\":\"https:\\\/\\\/www.biopapa.de\\\/lt\\\/\",\"logo\":{\"@type\":\"ImageObject\",\"inLanguage\":\"lt-LT\",\"@id\":\"https:\\\/\\\/www.biopapa.de\\\/lt\\\/#\\\/schema\\\/logo\\\/image\\\/\",\"url\":\"https:\\\/\\\/www.biopapa.lt\\\/wp-content\\\/uploads\\\/2022\\\/04\\\/facebook_biopapa.jpg\",\"contentUrl\":\"https:\\\/\\\/www.biopapa.lt\\\/wp-content\\\/uploads\\\/2022\\\/04\\\/facebook_biopapa.jpg\",\"width\":1733,\"height\":907,\"caption\":\"Biopapa\"},\"image\":{\"@id\":\"https:\\\/\\\/www.biopapa.de\\\/lt\\\/#\\\/schema\\\/logo\\\/image\\\/\"},\"sameAs\":[\"https:\\\/\\\/www.facebook.com\\\/biopapa.lt\"]}]}<\/script>\n<!-- \/ Yoast SEO plugin. -->","yoast_head_json":{"title":"Ekologi\u0161kos p\u016bstos burno\u010di\u0173 (Amaranth) s\u0117klos - Biopapa","description":"Burnotis \u2013 vienas seniausi\u0173 ir maistingiausi\u0173 augal\u0173 pasaulyje. Skanu valgyti vienas, berti \u012f sausus pusry\u010dius, desertus, jogurt\u0105 ar salotas, dar\u017eovi\u0173 ir ank\u0161tini\u0173 patiekalus.","robots":{"index":"index","follow":"follow","max-snippet":"max-snippet:-1","max-image-preview":"max-image-preview:large","max-video-preview":"max-video-preview:-1"},"canonical":"https:\/\/www.biopapa.de\/lt\/producte\/ekologiskos-pustos-burnociu-seklos\/","og_locale":"lt_LT","og_type":"article","og_title":"Ekologi\u0161kos p\u016bstos burno\u010di\u0173 (Amaranth) s\u0117klos - Biopapa","og_description":"Burnotis \u2013 vienas seniausi\u0173 ir maistingiausi\u0173 augal\u0173 pasaulyje. Skanu valgyti vienas, berti \u012f sausus pusry\u010dius, desertus, jogurt\u0105 ar salotas, dar\u017eovi\u0173 ir ank\u0161tini\u0173 patiekalus.","og_url":"https:\/\/www.biopapa.de\/lt\/producte\/ekologiskos-pustos-burnociu-seklos\/","og_site_name":"Biopapa","article_publisher":"https:\/\/www.facebook.com\/biopapa.lt","article_modified_time":"2026-02-23T13:17:56+00:00","og_image":[{"width":800,"height":640,"url":"https:\/\/www.biopapa.de\/wp-content\/uploads\/2022\/05\/pustas-burnotis-1.jpg","type":"image\/jpeg"}],"twitter_card":"summary_large_image","twitter_misc":{"Est. reading time":"1 minut\u0117"},"schema":{"@context":"https:\/\/schema.org","@graph":[{"@type":"WebPage","@id":"https:\/\/www.biopapa.de\/lt\/producte\/ekologiskos-pustos-burnociu-seklos\/","url":"https:\/\/www.biopapa.de\/lt\/producte\/ekologiskos-pustos-burnociu-seklos\/","name":"Ekologi\u0161kos p\u016bstos burno\u010di\u0173 (Amaranth) s\u0117klos - Biopapa","isPartOf":{"@id":"https:\/\/www.biopapa.de\/lt\/#website"},"primaryImageOfPage":{"@id":"https:\/\/www.biopapa.de\/lt\/producte\/ekologiskos-pustos-burnociu-seklos\/#primaryimage"},"image":{"@id":"https:\/\/www.biopapa.de\/lt\/producte\/ekologiskos-pustos-burnociu-seklos\/#primaryimage"},"thumbnailUrl":"https:\/\/www.biopapa.de\/wp-content\/uploads\/2022\/05\/pustas-burnotis-1.jpg","datePublished":"2022-05-30T15:09:09+00:00","dateModified":"2026-02-23T13:17:56+00:00","description":"Burnotis \u2013 vienas seniausi\u0173 ir maistingiausi\u0173 augal\u0173 pasaulyje. Skanu valgyti vienas, berti \u012f sausus pusry\u010dius, desertus, jogurt\u0105 ar salotas, dar\u017eovi\u0173 ir ank\u0161tini\u0173 patiekalus.","breadcrumb":{"@id":"https:\/\/www.biopapa.de\/lt\/producte\/ekologiskos-pustos-burnociu-seklos\/#breadcrumb"},"inLanguage":"lt-LT","potentialAction":[{"@type":"ReadAction","target":["https:\/\/www.biopapa.de\/lt\/producte\/ekologiskos-pustos-burnociu-seklos\/"]}]},{"@type":"ImageObject","inLanguage":"lt-LT","@id":"https:\/\/www.biopapa.de\/lt\/producte\/ekologiskos-pustos-burnociu-seklos\/#primaryimage","url":"https:\/\/www.biopapa.de\/wp-content\/uploads\/2022\/05\/pustas-burnotis-1.jpg","contentUrl":"https:\/\/www.biopapa.de\/wp-content\/uploads\/2022\/05\/pustas-burnotis-1.jpg","width":800,"height":640,"caption":"Ekologi\u0161kos p\u016bstos burno\u010di\u0173 s\u0117klos"},{"@type":"BreadcrumbList","@id":"https:\/\/www.biopapa.de\/lt\/producte\/ekologiskos-pustos-burnociu-seklos\/#breadcrumb","itemListElement":[{"@type":"ListItem","position":1,"name":"Home","item":"https:\/\/www.biopapa.de\/lt\/"},{"@type":"ListItem","position":2,"name":"Parduotuv\u0117","item":"https:\/\/www.biopapa.de\/parduotuve\/"},{"@type":"ListItem","position":3,"name":"Ekologi\u0161kos p\u016bstos burno\u010di\u0173 (Amaranth) s\u0117klos"}]},{"@type":"WebSite","@id":"https:\/\/www.biopapa.de\/lt\/#website","url":"https:\/\/www.biopapa.de\/lt\/","name":"Biopapa","description":"\u0160var\u016bs ekologi\u0161ki produktai","publisher":{"@id":"https:\/\/www.biopapa.de\/lt\/#organization"},"potentialAction":[{"@type":"SearchAction","target":{"@type":"EntryPoint","urlTemplate":"https:\/\/www.biopapa.de\/lt\/?s={search_term_string}"},"query-input":{"@type":"PropertyValueSpecification","valueRequired":true,"valueName":"search_term_string"}}],"inLanguage":"lt-LT"},{"@type":"Organization","@id":"https:\/\/www.biopapa.de\/lt\/#organization","name":"Biopapa","url":"https:\/\/www.biopapa.de\/lt\/","logo":{"@type":"ImageObject","inLanguage":"lt-LT","@id":"https:\/\/www.biopapa.de\/lt\/#\/schema\/logo\/image\/","url":"https:\/\/www.biopapa.lt\/wp-content\/uploads\/2022\/04\/facebook_biopapa.jpg","contentUrl":"https:\/\/www.biopapa.lt\/wp-content\/uploads\/2022\/04\/facebook_biopapa.jpg","width":1733,"height":907,"caption":"Biopapa"},"image":{"@id":"https:\/\/www.biopapa.de\/lt\/#\/schema\/logo\/image\/"},"sameAs":["https:\/\/www.facebook.com\/biopapa.lt"]}]}},"_links":{"self":[{"href":"https:\/\/www.biopapa.de\/lt\/wp-json\/wp\/v2\/product\/18820","targetHints":{"allow":["GET"]}}],"collection":[{"href":"https:\/\/www.biopapa.de\/lt\/wp-json\/wp\/v2\/product"}],"about":[{"href":"https:\/\/www.biopapa.de\/lt\/wp-json\/wp\/v2\/types\/product"}],"wp:featuredmedia":[{"embeddable":true,"href":"https:\/\/www.biopapa.de\/lt\/wp-json\/wp\/v2\/media\/18870"}],"wp:attachment":[{"href":"https:\/\/www.biopapa.de\/lt\/wp-json\/wp\/v2\/media?parent=18820"}],"wp:term":[{"taxonomy":"product_brand","embeddable":true,"href":"https:\/\/www.biopapa.de\/lt\/wp-json\/wp\/v2\/product_brand?post=18820"},{"taxonomy":"product_cat","embeddable":true,"href":"https:\/\/www.biopapa.de\/lt\/wp-json\/wp\/v2\/product_cat?post=18820"},{"taxonomy":"product_tag","embeddable":true,"href":"https:\/\/www.biopapa.de\/lt\/wp-json\/wp\/v2\/product_tag?post=18820"}],"curies":[{"name":"wp","href":"https:\/\/api.w.org\/{rel}","templated":true}]}}