{"id":18836,"date":"2022-05-30T18:20:55","date_gmt":"2022-05-30T15:20:55","guid":{"rendered":"https:\/\/www.biopapa.lt\/?post_type=product&#038;p=18836"},"modified":"2026-03-02T12:29:45","modified_gmt":"2026-03-02T10:29:45","slug":"ekologiski-saldziavaisio-pupmedzio-kerobo-milteliai","status":"publish","type":"product","link":"https:\/\/www.biopapa.de\/lt\/producte\/ekologiski-saldziavaisio-pupmedzio-kerobo-milteliai\/","title":{"rendered":"Ekologi\u0161ki sald\u017eiavaisio pupmed\u017eio (kerobo) milteliai"},"content":{"rendered":"<p><strong>Ekologi\u0161ki sald\u017eiavaisio pupmed\u017eio milteliai\u00a0<\/strong>\u2013 tai be s\u0117kl\u0173 i\u0161d\u017eiovintos ir sumaltos tamsiai rudos spalvos sald\u017eiavaisio pupmed\u017eio ank\u0161tys.<br \/>\nKerobas (Ceratonia siliqua) yra ma\u017ea, sausrai atspari med\u017ei\u0173 r\u016b\u0161is, kuri klesti sausringuose Afrikos, Azijos ir Piet\u0173 Europos klimatuose. Terminas \u201ecarob\u201c rei\u0161kia med\u017eio vaisius, kurie yra plok\u0161\u010dios, pana\u0161ios \u012f pupeles ank\u0161tys, kuriose yra daug ma\u017e\u0173 s\u0117kl\u0173.<br \/>\nKerobo ank\u0161tys, dar vadinamos sk\u0117ri\u0173 ank\u0161timis ir sald\u017eiosiomis ank\u0161timis, naudojamos kaip sveika ir skani \u0161okolado alternatyva. Per vis\u0105 istorij\u0105 buvo m\u0117gstamos d\u0117l savo saldaus skonio ir yra puikus \u0161okolado pakaitalas tiems, kurie yra alergi\u0161ki kakavoje esan\u010diam teobrominui. Jis taip pat gali b\u016bti naudojamas kaip \u0161okolado pakaitalas desertuose ir puikiai papildo kokteilius.<br \/>\nNaudoti kepant ir gaminant maist\u0105 kaip sveik\u0105 alternatyv\u0173 saldikl\u012f. Puikus priedas kepiniams, ledams, keptiems obuoliams.<br \/>\nAyurvedoje kerobo milteliai naudojamas viduriavimui, vir\u0161kinimo problemoms spr\u0119sti.<br \/>\n1989 m. Belgijoje atlikti tyrimai parod\u0117, kad k\u016bdikiai, ken\u010diantys nuo viduriavimo, grei\u010diau atsigavo.<\/p>\n<p>Nors kerobas nat\u016braliai yra saldus, teigiama, kad jis nedidina cukraus kiekio kraujyje taip, kaip \u0161okoladas.<br \/>\nTaip pat juose gausu netirpi\u0173 skaidul\u0173 \u2013 skaidul\u0173, kuri\u0173 \u017earnynas neskaido ir neabsorbuoja \u012f krauj\u0105. Tai padidina vir\u0161kinimo sistemos atliek\u0173 kiek\u012f, kuris padeda i\u0161laikyti reguliarum\u0105 ir u\u017ekirsti keli\u0105 viduri\u0173 u\u017ekiet\u0117jimui.<\/p>\n<p>Naudojimas<br \/>\n2-3 valgomuosius \u0161auk\u0161tus milteli\u0173 u\u017epilti kar\u0161tu augalinu pienu, i\u0161mai\u0161yti. Sveikas ir skanus g\u0117rimas vaikams.<\/p>\n<p>\u0160altiniai<br \/>\nHealthline.com<br \/>\nScienceDirect.com<\/p>\n<p>PASTABA. \u010cia pateikta informacija negali b\u016bti interpretuojama kaip gydymo ar kitokio pob\u016bd\u017eio sveikatos klausim\u0173 sprendimo rekomendacija. Raginame sprendimus, susijusius su asmenine sveikata, priimti asmeni\u0161kai, \u012fvertinus \u012fvairius informacijos \u0161altinius.<\/p>\n","protected":false},"excerpt":{"rendered":"<p>Ekologi\u0161ki sald\u017eiavaisio pupmed\u017eio milteliai\u00a0\u2013 tai be s\u0117kl\u0173 i\u0161d\u017eiovintos ir sumaltos tamsiai rudos spalvos sald\u017eiavaisio pupmed\u017eio ank\u0161tys. Kerobas (Ceratonia siliqua) yra<\/p>\n","protected":false},"featured_media":18876,"template":"","meta":{"_acf_changed":false},"product_brand":[],"product_cat":[1216,2349],"product_tag":[1381,1378,1382],"class_list":{"0":"post-18836","1":"product","2":"type-product","3":"status-publish","4":"has-post-thumbnail","6":"product_cat-augalinis-supermaistas","7":"product_cat-milteliai","8":"product_tag-be-pridetinio-cukraus","9":"product_tag-veganams","10":"product_tag-zaliavalgiams","11":"pa_svoris-1-kg","12":"pa_svoris-100-g","13":"pa_svoris-20-kg","14":"pa_svoris-200-g","15":"pa_svoris-300-g","16":"pa_svoris-400-g","17":"pa_svoris-500-g","19":"first","20":"instock","21":"shipping-taxable","22":"purchasable","23":"product-type-variable"},"acf":[],"yoast_head":"<!-- This site is optimized with the Yoast SEO plugin v27.5 - https:\/\/yoast.com\/product\/yoast-seo-wordpress\/ -->\n<title>Ekologi\u0161ki sald\u017eiavaisio pupmed\u017eio (kerobo) milteliai - Biopapa<\/title>\n<meta name=\"description\" content=\"Ekologi\u0161ki sald\u017eiavaisio pupmed\u017eio milteliai - tai be s\u0117kl\u0173 i\u0161d\u017eiovintos ir sumaltos tamsiai rudos spalvos sald\u017eiavaisio pupmed\u017eio ank\u0161tys.\" \/>\n<meta name=\"robots\" content=\"index, follow, max-snippet:-1, max-image-preview:large, max-video-preview:-1\" \/>\n<link rel=\"canonical\" href=\"https:\/\/www.biopapa.de\/lt\/producte\/ekologiski-saldziavaisio-pupmedzio-kerobo-milteliai\/\" \/>\n<meta property=\"og:locale\" content=\"lt_LT\" \/>\n<meta property=\"og:type\" content=\"article\" \/>\n<meta property=\"og:title\" content=\"Ekologi\u0161ki sald\u017eiavaisio pupmed\u017eio (kerobo) milteliai - Biopapa\" \/>\n<meta property=\"og:description\" content=\"Ekologi\u0161ki sald\u017eiavaisio pupmed\u017eio milteliai - tai be s\u0117kl\u0173 i\u0161d\u017eiovintos ir sumaltos tamsiai rudos spalvos sald\u017eiavaisio pupmed\u017eio ank\u0161tys.\" \/>\n<meta property=\"og:url\" content=\"https:\/\/www.biopapa.de\/lt\/producte\/ekologiski-saldziavaisio-pupmedzio-kerobo-milteliai\/\" \/>\n<meta property=\"og:site_name\" content=\"Biopapa\" \/>\n<meta property=\"article:publisher\" content=\"https:\/\/www.facebook.com\/biopapa.lt\" \/>\n<meta property=\"article:modified_time\" content=\"2026-03-02T10:29:45+00:00\" \/>\n<meta property=\"og:image\" content=\"https:\/\/www.biopapa.de\/wp-content\/uploads\/2022\/05\/kerobas.jpg\" \/>\n\t<meta property=\"og:image:width\" content=\"800\" \/>\n\t<meta property=\"og:image:height\" content=\"640\" \/>\n\t<meta property=\"og:image:type\" content=\"image\/jpeg\" \/>\n<meta name=\"twitter:card\" content=\"summary_large_image\" \/>\n<meta name=\"twitter:label1\" content=\"Est. reading time\" \/>\n\t<meta name=\"twitter:data1\" content=\"1 minut\u0117\" \/>\n<script type=\"application\/ld+json\" class=\"yoast-schema-graph\">{\"@context\":\"https:\\\/\\\/schema.org\",\"@graph\":[{\"@type\":\"WebPage\",\"@id\":\"https:\\\/\\\/www.biopapa.de\\\/lt\\\/producte\\\/ekologiski-saldziavaisio-pupmedzio-kerobo-milteliai\\\/\",\"url\":\"https:\\\/\\\/www.biopapa.de\\\/lt\\\/producte\\\/ekologiski-saldziavaisio-pupmedzio-kerobo-milteliai\\\/\",\"name\":\"Ekologi\u0161ki sald\u017eiavaisio pupmed\u017eio (kerobo) milteliai - Biopapa\",\"isPartOf\":{\"@id\":\"https:\\\/\\\/www.biopapa.de\\\/lt\\\/#website\"},\"primaryImageOfPage\":{\"@id\":\"https:\\\/\\\/www.biopapa.de\\\/lt\\\/producte\\\/ekologiski-saldziavaisio-pupmedzio-kerobo-milteliai\\\/#primaryimage\"},\"image\":{\"@id\":\"https:\\\/\\\/www.biopapa.de\\\/lt\\\/producte\\\/ekologiski-saldziavaisio-pupmedzio-kerobo-milteliai\\\/#primaryimage\"},\"thumbnailUrl\":\"https:\\\/\\\/www.biopapa.de\\\/wp-content\\\/uploads\\\/2022\\\/05\\\/kerobas.jpg\",\"datePublished\":\"2022-05-30T15:20:55+00:00\",\"dateModified\":\"2026-03-02T10:29:45+00:00\",\"description\":\"Ekologi\u0161ki sald\u017eiavaisio pupmed\u017eio milteliai - tai be s\u0117kl\u0173 i\u0161d\u017eiovintos ir sumaltos tamsiai rudos spalvos sald\u017eiavaisio pupmed\u017eio ank\u0161tys.\",\"breadcrumb\":{\"@id\":\"https:\\\/\\\/www.biopapa.de\\\/lt\\\/producte\\\/ekologiski-saldziavaisio-pupmedzio-kerobo-milteliai\\\/#breadcrumb\"},\"inLanguage\":\"lt-LT\",\"potentialAction\":[{\"@type\":\"ReadAction\",\"target\":[\"https:\\\/\\\/www.biopapa.de\\\/lt\\\/producte\\\/ekologiski-saldziavaisio-pupmedzio-kerobo-milteliai\\\/\"]}]},{\"@type\":\"ImageObject\",\"inLanguage\":\"lt-LT\",\"@id\":\"https:\\\/\\\/www.biopapa.de\\\/lt\\\/producte\\\/ekologiski-saldziavaisio-pupmedzio-kerobo-milteliai\\\/#primaryimage\",\"url\":\"https:\\\/\\\/www.biopapa.de\\\/wp-content\\\/uploads\\\/2022\\\/05\\\/kerobas.jpg\",\"contentUrl\":\"https:\\\/\\\/www.biopapa.de\\\/wp-content\\\/uploads\\\/2022\\\/05\\\/kerobas.jpg\",\"width\":800,\"height\":640,\"caption\":\"Ekologi\u0161ki sald\u017eiavaisio pupmed\u017eio (kerobo) milteliai\"},{\"@type\":\"BreadcrumbList\",\"@id\":\"https:\\\/\\\/www.biopapa.de\\\/lt\\\/producte\\\/ekologiski-saldziavaisio-pupmedzio-kerobo-milteliai\\\/#breadcrumb\",\"itemListElement\":[{\"@type\":\"ListItem\",\"position\":1,\"name\":\"Home\",\"item\":\"https:\\\/\\\/www.biopapa.de\\\/lt\\\/\"},{\"@type\":\"ListItem\",\"position\":2,\"name\":\"Parduotuv\u0117\",\"item\":\"https:\\\/\\\/www.biopapa.de\\\/parduotuve\\\/\"},{\"@type\":\"ListItem\",\"position\":3,\"name\":\"Ekologi\u0161ki sald\u017eiavaisio pupmed\u017eio (kerobo) milteliai\"}]},{\"@type\":\"WebSite\",\"@id\":\"https:\\\/\\\/www.biopapa.de\\\/lt\\\/#website\",\"url\":\"https:\\\/\\\/www.biopapa.de\\\/lt\\\/\",\"name\":\"Biopapa\",\"description\":\"\u0160var\u016bs ekologi\u0161ki produktai\",\"publisher\":{\"@id\":\"https:\\\/\\\/www.biopapa.de\\\/lt\\\/#organization\"},\"potentialAction\":[{\"@type\":\"SearchAction\",\"target\":{\"@type\":\"EntryPoint\",\"urlTemplate\":\"https:\\\/\\\/www.biopapa.de\\\/lt\\\/?s={search_term_string}\"},\"query-input\":{\"@type\":\"PropertyValueSpecification\",\"valueRequired\":true,\"valueName\":\"search_term_string\"}}],\"inLanguage\":\"lt-LT\"},{\"@type\":\"Organization\",\"@id\":\"https:\\\/\\\/www.biopapa.de\\\/lt\\\/#organization\",\"name\":\"Biopapa\",\"url\":\"https:\\\/\\\/www.biopapa.de\\\/lt\\\/\",\"logo\":{\"@type\":\"ImageObject\",\"inLanguage\":\"lt-LT\",\"@id\":\"https:\\\/\\\/www.biopapa.de\\\/lt\\\/#\\\/schema\\\/logo\\\/image\\\/\",\"url\":\"https:\\\/\\\/www.biopapa.lt\\\/wp-content\\\/uploads\\\/2022\\\/04\\\/facebook_biopapa.jpg\",\"contentUrl\":\"https:\\\/\\\/www.biopapa.lt\\\/wp-content\\\/uploads\\\/2022\\\/04\\\/facebook_biopapa.jpg\",\"width\":1733,\"height\":907,\"caption\":\"Biopapa\"},\"image\":{\"@id\":\"https:\\\/\\\/www.biopapa.de\\\/lt\\\/#\\\/schema\\\/logo\\\/image\\\/\"},\"sameAs\":[\"https:\\\/\\\/www.facebook.com\\\/biopapa.lt\"]}]}<\/script>\n<!-- \/ Yoast SEO plugin. -->","yoast_head_json":{"title":"Ekologi\u0161ki sald\u017eiavaisio pupmed\u017eio (kerobo) milteliai - Biopapa","description":"Ekologi\u0161ki sald\u017eiavaisio pupmed\u017eio milteliai - tai be s\u0117kl\u0173 i\u0161d\u017eiovintos ir sumaltos tamsiai rudos spalvos sald\u017eiavaisio pupmed\u017eio ank\u0161tys.","robots":{"index":"index","follow":"follow","max-snippet":"max-snippet:-1","max-image-preview":"max-image-preview:large","max-video-preview":"max-video-preview:-1"},"canonical":"https:\/\/www.biopapa.de\/lt\/producte\/ekologiski-saldziavaisio-pupmedzio-kerobo-milteliai\/","og_locale":"lt_LT","og_type":"article","og_title":"Ekologi\u0161ki sald\u017eiavaisio pupmed\u017eio (kerobo) milteliai - Biopapa","og_description":"Ekologi\u0161ki sald\u017eiavaisio pupmed\u017eio milteliai - tai be s\u0117kl\u0173 i\u0161d\u017eiovintos ir sumaltos tamsiai rudos spalvos sald\u017eiavaisio pupmed\u017eio ank\u0161tys.","og_url":"https:\/\/www.biopapa.de\/lt\/producte\/ekologiski-saldziavaisio-pupmedzio-kerobo-milteliai\/","og_site_name":"Biopapa","article_publisher":"https:\/\/www.facebook.com\/biopapa.lt","article_modified_time":"2026-03-02T10:29:45+00:00","og_image":[{"width":800,"height":640,"url":"https:\/\/www.biopapa.de\/wp-content\/uploads\/2022\/05\/kerobas.jpg","type":"image\/jpeg"}],"twitter_card":"summary_large_image","twitter_misc":{"Est. reading time":"1 minut\u0117"},"schema":{"@context":"https:\/\/schema.org","@graph":[{"@type":"WebPage","@id":"https:\/\/www.biopapa.de\/lt\/producte\/ekologiski-saldziavaisio-pupmedzio-kerobo-milteliai\/","url":"https:\/\/www.biopapa.de\/lt\/producte\/ekologiski-saldziavaisio-pupmedzio-kerobo-milteliai\/","name":"Ekologi\u0161ki sald\u017eiavaisio pupmed\u017eio (kerobo) milteliai - Biopapa","isPartOf":{"@id":"https:\/\/www.biopapa.de\/lt\/#website"},"primaryImageOfPage":{"@id":"https:\/\/www.biopapa.de\/lt\/producte\/ekologiski-saldziavaisio-pupmedzio-kerobo-milteliai\/#primaryimage"},"image":{"@id":"https:\/\/www.biopapa.de\/lt\/producte\/ekologiski-saldziavaisio-pupmedzio-kerobo-milteliai\/#primaryimage"},"thumbnailUrl":"https:\/\/www.biopapa.de\/wp-content\/uploads\/2022\/05\/kerobas.jpg","datePublished":"2022-05-30T15:20:55+00:00","dateModified":"2026-03-02T10:29:45+00:00","description":"Ekologi\u0161ki sald\u017eiavaisio pupmed\u017eio milteliai - tai be s\u0117kl\u0173 i\u0161d\u017eiovintos ir sumaltos tamsiai rudos spalvos sald\u017eiavaisio pupmed\u017eio ank\u0161tys.","breadcrumb":{"@id":"https:\/\/www.biopapa.de\/lt\/producte\/ekologiski-saldziavaisio-pupmedzio-kerobo-milteliai\/#breadcrumb"},"inLanguage":"lt-LT","potentialAction":[{"@type":"ReadAction","target":["https:\/\/www.biopapa.de\/lt\/producte\/ekologiski-saldziavaisio-pupmedzio-kerobo-milteliai\/"]}]},{"@type":"ImageObject","inLanguage":"lt-LT","@id":"https:\/\/www.biopapa.de\/lt\/producte\/ekologiski-saldziavaisio-pupmedzio-kerobo-milteliai\/#primaryimage","url":"https:\/\/www.biopapa.de\/wp-content\/uploads\/2022\/05\/kerobas.jpg","contentUrl":"https:\/\/www.biopapa.de\/wp-content\/uploads\/2022\/05\/kerobas.jpg","width":800,"height":640,"caption":"Ekologi\u0161ki sald\u017eiavaisio pupmed\u017eio (kerobo) milteliai"},{"@type":"BreadcrumbList","@id":"https:\/\/www.biopapa.de\/lt\/producte\/ekologiski-saldziavaisio-pupmedzio-kerobo-milteliai\/#breadcrumb","itemListElement":[{"@type":"ListItem","position":1,"name":"Home","item":"https:\/\/www.biopapa.de\/lt\/"},{"@type":"ListItem","position":2,"name":"Parduotuv\u0117","item":"https:\/\/www.biopapa.de\/parduotuve\/"},{"@type":"ListItem","position":3,"name":"Ekologi\u0161ki sald\u017eiavaisio pupmed\u017eio (kerobo) milteliai"}]},{"@type":"WebSite","@id":"https:\/\/www.biopapa.de\/lt\/#website","url":"https:\/\/www.biopapa.de\/lt\/","name":"Biopapa","description":"\u0160var\u016bs ekologi\u0161ki produktai","publisher":{"@id":"https:\/\/www.biopapa.de\/lt\/#organization"},"potentialAction":[{"@type":"SearchAction","target":{"@type":"EntryPoint","urlTemplate":"https:\/\/www.biopapa.de\/lt\/?s={search_term_string}"},"query-input":{"@type":"PropertyValueSpecification","valueRequired":true,"valueName":"search_term_string"}}],"inLanguage":"lt-LT"},{"@type":"Organization","@id":"https:\/\/www.biopapa.de\/lt\/#organization","name":"Biopapa","url":"https:\/\/www.biopapa.de\/lt\/","logo":{"@type":"ImageObject","inLanguage":"lt-LT","@id":"https:\/\/www.biopapa.de\/lt\/#\/schema\/logo\/image\/","url":"https:\/\/www.biopapa.lt\/wp-content\/uploads\/2022\/04\/facebook_biopapa.jpg","contentUrl":"https:\/\/www.biopapa.lt\/wp-content\/uploads\/2022\/04\/facebook_biopapa.jpg","width":1733,"height":907,"caption":"Biopapa"},"image":{"@id":"https:\/\/www.biopapa.de\/lt\/#\/schema\/logo\/image\/"},"sameAs":["https:\/\/www.facebook.com\/biopapa.lt"]}]}},"_links":{"self":[{"href":"https:\/\/www.biopapa.de\/lt\/wp-json\/wp\/v2\/product\/18836","targetHints":{"allow":["GET"]}}],"collection":[{"href":"https:\/\/www.biopapa.de\/lt\/wp-json\/wp\/v2\/product"}],"about":[{"href":"https:\/\/www.biopapa.de\/lt\/wp-json\/wp\/v2\/types\/product"}],"wp:featuredmedia":[{"embeddable":true,"href":"https:\/\/www.biopapa.de\/lt\/wp-json\/wp\/v2\/media\/18876"}],"wp:attachment":[{"href":"https:\/\/www.biopapa.de\/lt\/wp-json\/wp\/v2\/media?parent=18836"}],"wp:term":[{"taxonomy":"product_brand","embeddable":true,"href":"https:\/\/www.biopapa.de\/lt\/wp-json\/wp\/v2\/product_brand?post=18836"},{"taxonomy":"product_cat","embeddable":true,"href":"https:\/\/www.biopapa.de\/lt\/wp-json\/wp\/v2\/product_cat?post=18836"},{"taxonomy":"product_tag","embeddable":true,"href":"https:\/\/www.biopapa.de\/lt\/wp-json\/wp\/v2\/product_tag?post=18836"}],"curies":[{"name":"wp","href":"https:\/\/api.w.org\/{rel}","templated":true}]}}