{"id":18908,"date":"2022-06-02T02:13:13","date_gmt":"2022-06-01T23:13:13","guid":{"rendered":"https:\/\/www.biopapa.lt\/?post_type=product&#038;p=18908"},"modified":"2026-04-14T12:31:02","modified_gmt":"2026-04-14T09:31:02","slug":"ekologiska-karciuju-kieciu-pelynu-zole","status":"publish","type":"product","link":"https:\/\/www.biopapa.de\/lt\/producte\/ekologiska-karciuju-kieciu-pelynu-zole\/","title":{"rendered":"Ekologi\u0161ka kar\u010di\u0173j\u0173 kie\u010di\u0173 (pelyn\u0173) \u017eol\u0117"},"content":{"rendered":"<p>Kartusis kietis, paprastai vadinamas pelynu, yra stipriai aromatingas astrini\u0173 \u0161eimos daugiametis augalas. \u0160is augalas gali b\u016bti naudojamas kaip puiki priemon\u0117 i\u0161sivalyti nuo kenksming\u0173 organizm\u0173. Pelynas taip pat gali b\u016bti vartojamas norint pagerinti vir\u0161kinim\u0105 bei palaikyti tul\u017eies p\u016bsl\u0117s funkcij\u0105.<\/p>\n","protected":false},"excerpt":{"rendered":"<p>Kartusis kietis, paprastai vadinamas pelynu, yra stipriai aromatingas astrini\u0173 \u0161eimos daugiametis augalas. \u0160is augalas gali b\u016bti naudojamas kaip puiki priemon\u0117<\/p>\n","protected":false},"featured_media":22305,"template":"","meta":{"_acf_changed":false},"product_brand":[],"product_cat":[1907,1265],"product_tag":[1378],"class_list":{"0":"post-18908","1":"product","2":"type-product","3":"status-publish","4":"has-post-thumbnail","6":"product_cat-arbata","7":"product_cat-ekologiska-kakava-arbata-kava","8":"product_tag-veganams","9":"pa_svoris-1-kg","10":"pa_svoris-100-g","11":"pa_svoris-200-g","12":"pa_svoris-25-g","13":"pa_svoris-300-g","14":"pa_svoris-400-g","15":"pa_svoris-50-g","16":"pa_svoris-500-g","18":"first","19":"instock","20":"shipping-taxable","21":"purchasable","22":"product-type-variable"},"acf":[],"yoast_head":"<!-- This site is optimized with the Yoast SEO plugin v27.5 - https:\/\/yoast.com\/product\/yoast-seo-wordpress\/ -->\n<title>Ekologi\u0161ka kar\u010di\u0173j\u0173 kie\u010di\u0173 (pelyn\u0173) \u017eol\u0117 - Biopapa<\/title>\n<meta name=\"robots\" content=\"index, follow, max-snippet:-1, max-image-preview:large, max-video-preview:-1\" \/>\n<link rel=\"canonical\" href=\"https:\/\/www.biopapa.de\/lt\/producte\/ekologiska-karciuju-kieciu-pelynu-zole\/\" \/>\n<meta property=\"og:locale\" content=\"lt_LT\" \/>\n<meta property=\"og:type\" content=\"article\" \/>\n<meta property=\"og:title\" content=\"Ekologi\u0161ka kar\u010di\u0173j\u0173 kie\u010di\u0173 (pelyn\u0173) \u017eol\u0117 - Biopapa\" \/>\n<meta property=\"og:description\" content=\"Kartusis kietis, paprastai vadinamas pelynu, yra stipriai aromatingas astrini\u0173 \u0161eimos daugiametis augalas. \u0160is augalas gali b\u016bti naudojamas kaip puiki priemon\u0117\" \/>\n<meta property=\"og:url\" content=\"https:\/\/www.biopapa.de\/lt\/producte\/ekologiska-karciuju-kieciu-pelynu-zole\/\" \/>\n<meta property=\"og:site_name\" content=\"Biopapa\" \/>\n<meta property=\"article:publisher\" content=\"https:\/\/www.facebook.com\/biopapa.lt\" \/>\n<meta property=\"article:modified_time\" content=\"2026-04-14T09:31:02+00:00\" \/>\n<meta property=\"og:image\" content=\"https:\/\/www.biopapa.de\/wp-content\/uploads\/2022\/06\/Ekologiska-karciuju-kieciu-pelynu-zole.png\" \/>\n\t<meta property=\"og:image:width\" content=\"800\" \/>\n\t<meta property=\"og:image:height\" content=\"640\" \/>\n\t<meta property=\"og:image:type\" content=\"image\/png\" \/>\n<meta name=\"twitter:card\" content=\"summary_large_image\" \/>\n<meta name=\"twitter:label1\" content=\"Est. reading time\" \/>\n\t<meta name=\"twitter:data1\" content=\"1 minut\u0117\" \/>\n<script type=\"application\/ld+json\" class=\"yoast-schema-graph\">{\"@context\":\"https:\\\/\\\/schema.org\",\"@graph\":[{\"@type\":\"WebPage\",\"@id\":\"https:\\\/\\\/www.biopapa.de\\\/lt\\\/producte\\\/ekologiska-karciuju-kieciu-pelynu-zole\\\/\",\"url\":\"https:\\\/\\\/www.biopapa.de\\\/lt\\\/producte\\\/ekologiska-karciuju-kieciu-pelynu-zole\\\/\",\"name\":\"Ekologi\u0161ka kar\u010di\u0173j\u0173 kie\u010di\u0173 (pelyn\u0173) \u017eol\u0117 - Biopapa\",\"isPartOf\":{\"@id\":\"https:\\\/\\\/www.biopapa.de\\\/lt\\\/#website\"},\"primaryImageOfPage\":{\"@id\":\"https:\\\/\\\/www.biopapa.de\\\/lt\\\/producte\\\/ekologiska-karciuju-kieciu-pelynu-zole\\\/#primaryimage\"},\"image\":{\"@id\":\"https:\\\/\\\/www.biopapa.de\\\/lt\\\/producte\\\/ekologiska-karciuju-kieciu-pelynu-zole\\\/#primaryimage\"},\"thumbnailUrl\":\"https:\\\/\\\/www.biopapa.de\\\/wp-content\\\/uploads\\\/2022\\\/06\\\/Ekologiska-karciuju-kieciu-pelynu-zole.png\",\"datePublished\":\"2022-06-01T23:13:13+00:00\",\"dateModified\":\"2026-04-14T09:31:02+00:00\",\"breadcrumb\":{\"@id\":\"https:\\\/\\\/www.biopapa.de\\\/lt\\\/producte\\\/ekologiska-karciuju-kieciu-pelynu-zole\\\/#breadcrumb\"},\"inLanguage\":\"lt-LT\",\"potentialAction\":[{\"@type\":\"ReadAction\",\"target\":[\"https:\\\/\\\/www.biopapa.de\\\/lt\\\/producte\\\/ekologiska-karciuju-kieciu-pelynu-zole\\\/\"]}]},{\"@type\":\"ImageObject\",\"inLanguage\":\"lt-LT\",\"@id\":\"https:\\\/\\\/www.biopapa.de\\\/lt\\\/producte\\\/ekologiska-karciuju-kieciu-pelynu-zole\\\/#primaryimage\",\"url\":\"https:\\\/\\\/www.biopapa.de\\\/wp-content\\\/uploads\\\/2022\\\/06\\\/Ekologiska-karciuju-kieciu-pelynu-zole.png\",\"contentUrl\":\"https:\\\/\\\/www.biopapa.de\\\/wp-content\\\/uploads\\\/2022\\\/06\\\/Ekologiska-karciuju-kieciu-pelynu-zole.png\",\"width\":800,\"height\":640,\"caption\":\"Ekologis\u030cka karc\u030ciu\u0328ju\u0328 kiec\u030ciu\u0328 (pelynu\u0328) z\u030cole\u0307\"},{\"@type\":\"BreadcrumbList\",\"@id\":\"https:\\\/\\\/www.biopapa.de\\\/lt\\\/producte\\\/ekologiska-karciuju-kieciu-pelynu-zole\\\/#breadcrumb\",\"itemListElement\":[{\"@type\":\"ListItem\",\"position\":1,\"name\":\"Home\",\"item\":\"https:\\\/\\\/www.biopapa.de\\\/lt\\\/\"},{\"@type\":\"ListItem\",\"position\":2,\"name\":\"Parduotuv\u0117\",\"item\":\"https:\\\/\\\/www.biopapa.de\\\/parduotuve\\\/\"},{\"@type\":\"ListItem\",\"position\":3,\"name\":\"Ekologi\u0161ka kar\u010di\u0173j\u0173 kie\u010di\u0173 (pelyn\u0173) \u017eol\u0117\"}]},{\"@type\":\"WebSite\",\"@id\":\"https:\\\/\\\/www.biopapa.de\\\/lt\\\/#website\",\"url\":\"https:\\\/\\\/www.biopapa.de\\\/lt\\\/\",\"name\":\"Biopapa\",\"description\":\"\u0160var\u016bs ekologi\u0161ki produktai\",\"publisher\":{\"@id\":\"https:\\\/\\\/www.biopapa.de\\\/lt\\\/#organization\"},\"potentialAction\":[{\"@type\":\"SearchAction\",\"target\":{\"@type\":\"EntryPoint\",\"urlTemplate\":\"https:\\\/\\\/www.biopapa.de\\\/lt\\\/?s={search_term_string}\"},\"query-input\":{\"@type\":\"PropertyValueSpecification\",\"valueRequired\":true,\"valueName\":\"search_term_string\"}}],\"inLanguage\":\"lt-LT\"},{\"@type\":\"Organization\",\"@id\":\"https:\\\/\\\/www.biopapa.de\\\/lt\\\/#organization\",\"name\":\"Biopapa\",\"url\":\"https:\\\/\\\/www.biopapa.de\\\/lt\\\/\",\"logo\":{\"@type\":\"ImageObject\",\"inLanguage\":\"lt-LT\",\"@id\":\"https:\\\/\\\/www.biopapa.de\\\/lt\\\/#\\\/schema\\\/logo\\\/image\\\/\",\"url\":\"https:\\\/\\\/www.biopapa.lt\\\/wp-content\\\/uploads\\\/2022\\\/04\\\/facebook_biopapa.jpg\",\"contentUrl\":\"https:\\\/\\\/www.biopapa.lt\\\/wp-content\\\/uploads\\\/2022\\\/04\\\/facebook_biopapa.jpg\",\"width\":1733,\"height\":907,\"caption\":\"Biopapa\"},\"image\":{\"@id\":\"https:\\\/\\\/www.biopapa.de\\\/lt\\\/#\\\/schema\\\/logo\\\/image\\\/\"},\"sameAs\":[\"https:\\\/\\\/www.facebook.com\\\/biopapa.lt\"]}]}<\/script>\n<!-- \/ Yoast SEO plugin. -->","yoast_head_json":{"title":"Ekologi\u0161ka kar\u010di\u0173j\u0173 kie\u010di\u0173 (pelyn\u0173) \u017eol\u0117 - Biopapa","robots":{"index":"index","follow":"follow","max-snippet":"max-snippet:-1","max-image-preview":"max-image-preview:large","max-video-preview":"max-video-preview:-1"},"canonical":"https:\/\/www.biopapa.de\/lt\/producte\/ekologiska-karciuju-kieciu-pelynu-zole\/","og_locale":"lt_LT","og_type":"article","og_title":"Ekologi\u0161ka kar\u010di\u0173j\u0173 kie\u010di\u0173 (pelyn\u0173) \u017eol\u0117 - Biopapa","og_description":"Kartusis kietis, paprastai vadinamas pelynu, yra stipriai aromatingas astrini\u0173 \u0161eimos daugiametis augalas. \u0160is augalas gali b\u016bti naudojamas kaip puiki priemon\u0117","og_url":"https:\/\/www.biopapa.de\/lt\/producte\/ekologiska-karciuju-kieciu-pelynu-zole\/","og_site_name":"Biopapa","article_publisher":"https:\/\/www.facebook.com\/biopapa.lt","article_modified_time":"2026-04-14T09:31:02+00:00","og_image":[{"width":800,"height":640,"url":"https:\/\/www.biopapa.de\/wp-content\/uploads\/2022\/06\/Ekologiska-karciuju-kieciu-pelynu-zole.png","type":"image\/png"}],"twitter_card":"summary_large_image","twitter_misc":{"Est. reading time":"1 minut\u0117"},"schema":{"@context":"https:\/\/schema.org","@graph":[{"@type":"WebPage","@id":"https:\/\/www.biopapa.de\/lt\/producte\/ekologiska-karciuju-kieciu-pelynu-zole\/","url":"https:\/\/www.biopapa.de\/lt\/producte\/ekologiska-karciuju-kieciu-pelynu-zole\/","name":"Ekologi\u0161ka kar\u010di\u0173j\u0173 kie\u010di\u0173 (pelyn\u0173) \u017eol\u0117 - Biopapa","isPartOf":{"@id":"https:\/\/www.biopapa.de\/lt\/#website"},"primaryImageOfPage":{"@id":"https:\/\/www.biopapa.de\/lt\/producte\/ekologiska-karciuju-kieciu-pelynu-zole\/#primaryimage"},"image":{"@id":"https:\/\/www.biopapa.de\/lt\/producte\/ekologiska-karciuju-kieciu-pelynu-zole\/#primaryimage"},"thumbnailUrl":"https:\/\/www.biopapa.de\/wp-content\/uploads\/2022\/06\/Ekologiska-karciuju-kieciu-pelynu-zole.png","datePublished":"2022-06-01T23:13:13+00:00","dateModified":"2026-04-14T09:31:02+00:00","breadcrumb":{"@id":"https:\/\/www.biopapa.de\/lt\/producte\/ekologiska-karciuju-kieciu-pelynu-zole\/#breadcrumb"},"inLanguage":"lt-LT","potentialAction":[{"@type":"ReadAction","target":["https:\/\/www.biopapa.de\/lt\/producte\/ekologiska-karciuju-kieciu-pelynu-zole\/"]}]},{"@type":"ImageObject","inLanguage":"lt-LT","@id":"https:\/\/www.biopapa.de\/lt\/producte\/ekologiska-karciuju-kieciu-pelynu-zole\/#primaryimage","url":"https:\/\/www.biopapa.de\/wp-content\/uploads\/2022\/06\/Ekologiska-karciuju-kieciu-pelynu-zole.png","contentUrl":"https:\/\/www.biopapa.de\/wp-content\/uploads\/2022\/06\/Ekologiska-karciuju-kieciu-pelynu-zole.png","width":800,"height":640,"caption":"Ekologis\u030cka karc\u030ciu\u0328ju\u0328 kiec\u030ciu\u0328 (pelynu\u0328) z\u030cole\u0307"},{"@type":"BreadcrumbList","@id":"https:\/\/www.biopapa.de\/lt\/producte\/ekologiska-karciuju-kieciu-pelynu-zole\/#breadcrumb","itemListElement":[{"@type":"ListItem","position":1,"name":"Home","item":"https:\/\/www.biopapa.de\/lt\/"},{"@type":"ListItem","position":2,"name":"Parduotuv\u0117","item":"https:\/\/www.biopapa.de\/parduotuve\/"},{"@type":"ListItem","position":3,"name":"Ekologi\u0161ka kar\u010di\u0173j\u0173 kie\u010di\u0173 (pelyn\u0173) \u017eol\u0117"}]},{"@type":"WebSite","@id":"https:\/\/www.biopapa.de\/lt\/#website","url":"https:\/\/www.biopapa.de\/lt\/","name":"Biopapa","description":"\u0160var\u016bs ekologi\u0161ki produktai","publisher":{"@id":"https:\/\/www.biopapa.de\/lt\/#organization"},"potentialAction":[{"@type":"SearchAction","target":{"@type":"EntryPoint","urlTemplate":"https:\/\/www.biopapa.de\/lt\/?s={search_term_string}"},"query-input":{"@type":"PropertyValueSpecification","valueRequired":true,"valueName":"search_term_string"}}],"inLanguage":"lt-LT"},{"@type":"Organization","@id":"https:\/\/www.biopapa.de\/lt\/#organization","name":"Biopapa","url":"https:\/\/www.biopapa.de\/lt\/","logo":{"@type":"ImageObject","inLanguage":"lt-LT","@id":"https:\/\/www.biopapa.de\/lt\/#\/schema\/logo\/image\/","url":"https:\/\/www.biopapa.lt\/wp-content\/uploads\/2022\/04\/facebook_biopapa.jpg","contentUrl":"https:\/\/www.biopapa.lt\/wp-content\/uploads\/2022\/04\/facebook_biopapa.jpg","width":1733,"height":907,"caption":"Biopapa"},"image":{"@id":"https:\/\/www.biopapa.de\/lt\/#\/schema\/logo\/image\/"},"sameAs":["https:\/\/www.facebook.com\/biopapa.lt"]}]}},"_links":{"self":[{"href":"https:\/\/www.biopapa.de\/lt\/wp-json\/wp\/v2\/product\/18908","targetHints":{"allow":["GET"]}}],"collection":[{"href":"https:\/\/www.biopapa.de\/lt\/wp-json\/wp\/v2\/product"}],"about":[{"href":"https:\/\/www.biopapa.de\/lt\/wp-json\/wp\/v2\/types\/product"}],"wp:featuredmedia":[{"embeddable":true,"href":"https:\/\/www.biopapa.de\/lt\/wp-json\/wp\/v2\/media\/22305"}],"wp:attachment":[{"href":"https:\/\/www.biopapa.de\/lt\/wp-json\/wp\/v2\/media?parent=18908"}],"wp:term":[{"taxonomy":"product_brand","embeddable":true,"href":"https:\/\/www.biopapa.de\/lt\/wp-json\/wp\/v2\/product_brand?post=18908"},{"taxonomy":"product_cat","embeddable":true,"href":"https:\/\/www.biopapa.de\/lt\/wp-json\/wp\/v2\/product_cat?post=18908"},{"taxonomy":"product_tag","embeddable":true,"href":"https:\/\/www.biopapa.de\/lt\/wp-json\/wp\/v2\/product_tag?post=18908"}],"curies":[{"name":"wp","href":"https:\/\/api.w.org\/{rel}","templated":true}]}}