{"id":18996,"date":"2022-06-08T10:48:02","date_gmt":"2022-06-08T07:48:02","guid":{"rendered":"https:\/\/www.biopapa.lt\/?post_type=product&#038;p=18996"},"modified":"2025-06-16T17:07:43","modified_gmt":"2025-06-16T14:07:43","slug":"ekologiskas-ksilitolis","status":"publish","type":"product","link":"https:\/\/www.biopapa.de\/lt\/producte\/ekologiskas-ksilitolis\/","title":{"rendered":"Ekologi\u0161kas ksilitolis (milteliai)"},"content":{"rendered":"<p>Ekologi\u0161kas ksilitolis &#8211; puikus <strong>cukraus pakaitalas<\/strong>, kuris pana\u0161aus skonio, i\u0161vaizdos ir saldumo kaip cukrus. Be GMO. Tinka veganams.<\/p>\n<p>Tinka saldinti g\u0117rimus ir maist\u0105 bei d\u0117ti \u012f kepinius ar kitus sald\u017eius patiekalus. Sukelia ma\u017eesn\u012f gliukoz\u0117s kiek\u012f kraujyje po vartojimo, lyginant su \u012fprastu cukrumi. Svarbu \u012fvairi ir subalansuota mityba bei sveikas gyvenimo b\u016bdas.<\/p>\n","protected":false},"excerpt":{"rendered":"<p>Ekologi\u0161kas ksilitolis &#8211; puikus cukraus pakaitalas, kuris pana\u0161aus skonio, i\u0161vaizdos ir saldumo kaip cukrus. Be GMO. Tinka veganams. Tinka saldinti<\/p>\n","protected":false},"featured_media":23484,"template":"","meta":{"_acf_changed":false},"product_brand":[],"product_cat":[2337,1318],"product_tag":[1380,1378],"class_list":{"0":"post-18996","1":"product","2":"type-product","3":"status-publish","4":"has-post-thumbnail","6":"product_cat-priedai-maistui-ruosti","7":"product_cat-ekologiski-saldikliai-druska","8":"product_tag-keto-mityba","9":"product_tag-veganams","10":"pa_svoris-1-kg","11":"pa_svoris-100-g","12":"pa_svoris-20-kg","13":"pa_svoris-200-g","14":"pa_svoris-300-g","15":"pa_svoris-400-g","16":"pa_svoris-500-g","18":"first","19":"instock","20":"shipping-taxable","21":"purchasable","22":"product-type-variable","23":"has-default-attributes"},"acf":[],"yoast_head":"<!-- This site is optimized with the Yoast SEO plugin v27.4 - https:\/\/yoast.com\/product\/yoast-seo-wordpress\/ -->\n<title>Ekologi\u0161kas ksilitolis (milteliai) - Biopapa<\/title>\n<meta name=\"robots\" content=\"index, follow, max-snippet:-1, max-image-preview:large, max-video-preview:-1\" \/>\n<link rel=\"canonical\" href=\"https:\/\/www.biopapa.de\/lt\/producte\/ekologiskas-ksilitolis\/\" \/>\n<meta property=\"og:locale\" content=\"lt_LT\" \/>\n<meta property=\"og:type\" content=\"article\" \/>\n<meta property=\"og:title\" content=\"Ekologi\u0161kas ksilitolis (milteliai) - Biopapa\" \/>\n<meta property=\"og:description\" content=\"Ekologi\u0161kas ksilitolis &#8211; puikus cukraus pakaitalas, kuris pana\u0161aus skonio, i\u0161vaizdos ir saldumo kaip cukrus. Be GMO. Tinka veganams. Tinka saldinti\" \/>\n<meta property=\"og:url\" content=\"https:\/\/www.biopapa.de\/lt\/producte\/ekologiskas-ksilitolis\/\" \/>\n<meta property=\"og:site_name\" content=\"Biopapa\" \/>\n<meta property=\"article:publisher\" content=\"https:\/\/www.facebook.com\/biopapa.lt\" \/>\n<meta property=\"article:modified_time\" content=\"2025-06-16T14:07:43+00:00\" \/>\n<meta property=\"og:image\" content=\"https:\/\/www.biopapa.de\/wp-content\/uploads\/2022\/06\/Ekologiskas-ksilitolis-milteliai.png\" \/>\n\t<meta property=\"og:image:width\" content=\"800\" \/>\n\t<meta property=\"og:image:height\" content=\"640\" \/>\n\t<meta property=\"og:image:type\" content=\"image\/png\" \/>\n<meta name=\"twitter:card\" content=\"summary_large_image\" \/>\n<script type=\"application\/ld+json\" class=\"yoast-schema-graph\">{\"@context\":\"https:\\\/\\\/schema.org\",\"@graph\":[{\"@type\":\"WebPage\",\"@id\":\"https:\\\/\\\/www.biopapa.de\\\/lt\\\/producte\\\/ekologiskas-ksilitolis\\\/\",\"url\":\"https:\\\/\\\/www.biopapa.de\\\/lt\\\/producte\\\/ekologiskas-ksilitolis\\\/\",\"name\":\"Ekologi\u0161kas ksilitolis (milteliai) - Biopapa\",\"isPartOf\":{\"@id\":\"https:\\\/\\\/www.biopapa.de\\\/lt\\\/#website\"},\"primaryImageOfPage\":{\"@id\":\"https:\\\/\\\/www.biopapa.de\\\/lt\\\/producte\\\/ekologiskas-ksilitolis\\\/#primaryimage\"},\"image\":{\"@id\":\"https:\\\/\\\/www.biopapa.de\\\/lt\\\/producte\\\/ekologiskas-ksilitolis\\\/#primaryimage\"},\"thumbnailUrl\":\"https:\\\/\\\/www.biopapa.de\\\/wp-content\\\/uploads\\\/2022\\\/06\\\/Ekologiskas-ksilitolis-milteliai.png\",\"datePublished\":\"2022-06-08T07:48:02+00:00\",\"dateModified\":\"2025-06-16T14:07:43+00:00\",\"breadcrumb\":{\"@id\":\"https:\\\/\\\/www.biopapa.de\\\/lt\\\/producte\\\/ekologiskas-ksilitolis\\\/#breadcrumb\"},\"inLanguage\":\"lt-LT\",\"potentialAction\":[{\"@type\":\"ReadAction\",\"target\":[\"https:\\\/\\\/www.biopapa.de\\\/lt\\\/producte\\\/ekologiskas-ksilitolis\\\/\"]}]},{\"@type\":\"ImageObject\",\"inLanguage\":\"lt-LT\",\"@id\":\"https:\\\/\\\/www.biopapa.de\\\/lt\\\/producte\\\/ekologiskas-ksilitolis\\\/#primaryimage\",\"url\":\"https:\\\/\\\/www.biopapa.de\\\/wp-content\\\/uploads\\\/2022\\\/06\\\/Ekologiskas-ksilitolis-milteliai.png\",\"contentUrl\":\"https:\\\/\\\/www.biopapa.de\\\/wp-content\\\/uploads\\\/2022\\\/06\\\/Ekologiskas-ksilitolis-milteliai.png\",\"width\":800,\"height\":640,\"caption\":\"Ekologi\u0161kas ksilitolis (milteliai)\"},{\"@type\":\"BreadcrumbList\",\"@id\":\"https:\\\/\\\/www.biopapa.de\\\/lt\\\/producte\\\/ekologiskas-ksilitolis\\\/#breadcrumb\",\"itemListElement\":[{\"@type\":\"ListItem\",\"position\":1,\"name\":\"Home\",\"item\":\"https:\\\/\\\/www.biopapa.de\\\/lt\\\/\"},{\"@type\":\"ListItem\",\"position\":2,\"name\":\"Parduotuv\u0117\",\"item\":\"https:\\\/\\\/www.biopapa.de\\\/parduotuve\\\/\"},{\"@type\":\"ListItem\",\"position\":3,\"name\":\"Ekologi\u0161kas ksilitolis (milteliai)\"}]},{\"@type\":\"WebSite\",\"@id\":\"https:\\\/\\\/www.biopapa.de\\\/lt\\\/#website\",\"url\":\"https:\\\/\\\/www.biopapa.de\\\/lt\\\/\",\"name\":\"Biopapa\",\"description\":\"\u0160var\u016bs ekologi\u0161ki produktai\",\"publisher\":{\"@id\":\"https:\\\/\\\/www.biopapa.de\\\/lt\\\/#organization\"},\"potentialAction\":[{\"@type\":\"SearchAction\",\"target\":{\"@type\":\"EntryPoint\",\"urlTemplate\":\"https:\\\/\\\/www.biopapa.de\\\/lt\\\/?s={search_term_string}\"},\"query-input\":{\"@type\":\"PropertyValueSpecification\",\"valueRequired\":true,\"valueName\":\"search_term_string\"}}],\"inLanguage\":\"lt-LT\"},{\"@type\":\"Organization\",\"@id\":\"https:\\\/\\\/www.biopapa.de\\\/lt\\\/#organization\",\"name\":\"Biopapa\",\"url\":\"https:\\\/\\\/www.biopapa.de\\\/lt\\\/\",\"logo\":{\"@type\":\"ImageObject\",\"inLanguage\":\"lt-LT\",\"@id\":\"https:\\\/\\\/www.biopapa.de\\\/lt\\\/#\\\/schema\\\/logo\\\/image\\\/\",\"url\":\"https:\\\/\\\/www.biopapa.lt\\\/wp-content\\\/uploads\\\/2022\\\/04\\\/facebook_biopapa.jpg\",\"contentUrl\":\"https:\\\/\\\/www.biopapa.lt\\\/wp-content\\\/uploads\\\/2022\\\/04\\\/facebook_biopapa.jpg\",\"width\":1733,\"height\":907,\"caption\":\"Biopapa\"},\"image\":{\"@id\":\"https:\\\/\\\/www.biopapa.de\\\/lt\\\/#\\\/schema\\\/logo\\\/image\\\/\"},\"sameAs\":[\"https:\\\/\\\/www.facebook.com\\\/biopapa.lt\"]}]}<\/script>\n<!-- \/ Yoast SEO plugin. -->","yoast_head_json":{"title":"Ekologi\u0161kas ksilitolis (milteliai) - Biopapa","robots":{"index":"index","follow":"follow","max-snippet":"max-snippet:-1","max-image-preview":"max-image-preview:large","max-video-preview":"max-video-preview:-1"},"canonical":"https:\/\/www.biopapa.de\/lt\/producte\/ekologiskas-ksilitolis\/","og_locale":"lt_LT","og_type":"article","og_title":"Ekologi\u0161kas ksilitolis (milteliai) - Biopapa","og_description":"Ekologi\u0161kas ksilitolis &#8211; puikus cukraus pakaitalas, kuris pana\u0161aus skonio, i\u0161vaizdos ir saldumo kaip cukrus. Be GMO. Tinka veganams. Tinka saldinti","og_url":"https:\/\/www.biopapa.de\/lt\/producte\/ekologiskas-ksilitolis\/","og_site_name":"Biopapa","article_publisher":"https:\/\/www.facebook.com\/biopapa.lt","article_modified_time":"2025-06-16T14:07:43+00:00","og_image":[{"width":800,"height":640,"url":"https:\/\/www.biopapa.de\/wp-content\/uploads\/2022\/06\/Ekologiskas-ksilitolis-milteliai.png","type":"image\/png"}],"twitter_card":"summary_large_image","schema":{"@context":"https:\/\/schema.org","@graph":[{"@type":"WebPage","@id":"https:\/\/www.biopapa.de\/lt\/producte\/ekologiskas-ksilitolis\/","url":"https:\/\/www.biopapa.de\/lt\/producte\/ekologiskas-ksilitolis\/","name":"Ekologi\u0161kas ksilitolis (milteliai) - Biopapa","isPartOf":{"@id":"https:\/\/www.biopapa.de\/lt\/#website"},"primaryImageOfPage":{"@id":"https:\/\/www.biopapa.de\/lt\/producte\/ekologiskas-ksilitolis\/#primaryimage"},"image":{"@id":"https:\/\/www.biopapa.de\/lt\/producte\/ekologiskas-ksilitolis\/#primaryimage"},"thumbnailUrl":"https:\/\/www.biopapa.de\/wp-content\/uploads\/2022\/06\/Ekologiskas-ksilitolis-milteliai.png","datePublished":"2022-06-08T07:48:02+00:00","dateModified":"2025-06-16T14:07:43+00:00","breadcrumb":{"@id":"https:\/\/www.biopapa.de\/lt\/producte\/ekologiskas-ksilitolis\/#breadcrumb"},"inLanguage":"lt-LT","potentialAction":[{"@type":"ReadAction","target":["https:\/\/www.biopapa.de\/lt\/producte\/ekologiskas-ksilitolis\/"]}]},{"@type":"ImageObject","inLanguage":"lt-LT","@id":"https:\/\/www.biopapa.de\/lt\/producte\/ekologiskas-ksilitolis\/#primaryimage","url":"https:\/\/www.biopapa.de\/wp-content\/uploads\/2022\/06\/Ekologiskas-ksilitolis-milteliai.png","contentUrl":"https:\/\/www.biopapa.de\/wp-content\/uploads\/2022\/06\/Ekologiskas-ksilitolis-milteliai.png","width":800,"height":640,"caption":"Ekologi\u0161kas ksilitolis (milteliai)"},{"@type":"BreadcrumbList","@id":"https:\/\/www.biopapa.de\/lt\/producte\/ekologiskas-ksilitolis\/#breadcrumb","itemListElement":[{"@type":"ListItem","position":1,"name":"Home","item":"https:\/\/www.biopapa.de\/lt\/"},{"@type":"ListItem","position":2,"name":"Parduotuv\u0117","item":"https:\/\/www.biopapa.de\/parduotuve\/"},{"@type":"ListItem","position":3,"name":"Ekologi\u0161kas ksilitolis (milteliai)"}]},{"@type":"WebSite","@id":"https:\/\/www.biopapa.de\/lt\/#website","url":"https:\/\/www.biopapa.de\/lt\/","name":"Biopapa","description":"\u0160var\u016bs ekologi\u0161ki produktai","publisher":{"@id":"https:\/\/www.biopapa.de\/lt\/#organization"},"potentialAction":[{"@type":"SearchAction","target":{"@type":"EntryPoint","urlTemplate":"https:\/\/www.biopapa.de\/lt\/?s={search_term_string}"},"query-input":{"@type":"PropertyValueSpecification","valueRequired":true,"valueName":"search_term_string"}}],"inLanguage":"lt-LT"},{"@type":"Organization","@id":"https:\/\/www.biopapa.de\/lt\/#organization","name":"Biopapa","url":"https:\/\/www.biopapa.de\/lt\/","logo":{"@type":"ImageObject","inLanguage":"lt-LT","@id":"https:\/\/www.biopapa.de\/lt\/#\/schema\/logo\/image\/","url":"https:\/\/www.biopapa.lt\/wp-content\/uploads\/2022\/04\/facebook_biopapa.jpg","contentUrl":"https:\/\/www.biopapa.lt\/wp-content\/uploads\/2022\/04\/facebook_biopapa.jpg","width":1733,"height":907,"caption":"Biopapa"},"image":{"@id":"https:\/\/www.biopapa.de\/lt\/#\/schema\/logo\/image\/"},"sameAs":["https:\/\/www.facebook.com\/biopapa.lt"]}]}},"_links":{"self":[{"href":"https:\/\/www.biopapa.de\/lt\/wp-json\/wp\/v2\/product\/18996","targetHints":{"allow":["GET"]}}],"collection":[{"href":"https:\/\/www.biopapa.de\/lt\/wp-json\/wp\/v2\/product"}],"about":[{"href":"https:\/\/www.biopapa.de\/lt\/wp-json\/wp\/v2\/types\/product"}],"wp:featuredmedia":[{"embeddable":true,"href":"https:\/\/www.biopapa.de\/lt\/wp-json\/wp\/v2\/media\/23484"}],"wp:attachment":[{"href":"https:\/\/www.biopapa.de\/lt\/wp-json\/wp\/v2\/media?parent=18996"}],"wp:term":[{"taxonomy":"product_brand","embeddable":true,"href":"https:\/\/www.biopapa.de\/lt\/wp-json\/wp\/v2\/product_brand?post=18996"},{"taxonomy":"product_cat","embeddable":true,"href":"https:\/\/www.biopapa.de\/lt\/wp-json\/wp\/v2\/product_cat?post=18996"},{"taxonomy":"product_tag","embeddable":true,"href":"https:\/\/www.biopapa.de\/lt\/wp-json\/wp\/v2\/product_tag?post=18996"}],"curies":[{"name":"wp","href":"https:\/\/api.w.org\/{rel}","templated":true}]}}