{"id":19450,"date":"2022-07-14T07:48:19","date_gmt":"2022-07-14T04:48:19","guid":{"rendered":"https:\/\/www.biopapa.lt\/?post_type=product&#038;p=19450"},"modified":"2026-03-23T14:59:45","modified_gmt":"2026-03-23T12:59:45","slug":"ekologiskos-pistacijos-lukstentos","status":"publish","type":"product","link":"https:\/\/www.biopapa.de\/lt\/producte\/ekologiskos-pistacijos-lukstentos\/","title":{"rendered":"Ekologi\u0161kos pistacijos (luk\u0161tentos)"},"content":{"rendered":"<p><strong>Ekologi\u0161kos pistacijos (luk\u0161tentos)<\/strong><br \/>\nPistacija (lot. Pistacia, ypa\u010d Pistacia vera) \u2013 tai augal\u0173 gentis, kurios istorija siekia t\u016bkstan\u010dius met\u0173 Artimuosiuose Rytuose ir Centrin\u0117je Azijoje, kur pistacijos buvo vertinamos d\u0117l savo maistini\u0173 ir gydom\u0173j\u0173 savybi\u0173. Tradici\u0161kai naudotos Pers\u0173, Ajurvedos ir Vidur\u017eemio j\u016bros regiono medicinoje, pistacijos \u017einomos d\u0117l savo antioksidacini\u0173, prie\u0161u\u017edegimini\u0173 savybi\u0173 \u2013 tai lemia didelis sveik\u0173j\u0173 riebal\u0173, skaidul\u0173, vitamin\u0173 bei mineral\u0173 kiekis.<\/p>\n<p>Pistacijos da\u017eniausiai vartojamos kaip u\u017ekandis arba dedamos \u012f desertus, salotas, pada\u017eus, taip pat gali b\u016bti perdirbamos \u012f aliej\u0173 ar maisto papildus. Rekomenduojama dienos norma \u2013 apie 30 gram\u0173 (sauja), nors pri\u017ei\u016brint specialistams, gali b\u016bti vartojama ir iki 60\u201370 gram\u0173.<\/p>\n<p>PASTABA. \u010cia pateikta informacija negali b\u016bti interpretuojama kaip gydymo ar kitokio pob\u016bd\u017eio sveikatos klausim\u0173 sprendimo rekomendacija. Raginame sprendimus, susijusius su asmenine sveikata, priimti asmeni\u0161kai, \u012fvertinus \u012fvairius informacijos \u0161altinius.<\/p>\n","protected":false},"excerpt":{"rendered":"<p>Ekologi\u0161kos pistacijos (luk\u0161tentos) Pistacija (lot. Pistacia, ypa\u010d Pistacia vera) \u2013 tai augal\u0173 gentis, kurios istorija siekia t\u016bkstan\u010dius met\u0173 Artimuosiuose Rytuose<\/p>\n","protected":false},"featured_media":22201,"template":"","meta":{"_acf_changed":false},"product_brand":[],"product_cat":[1904,730],"product_tag":[1380,1378,1382],"class_list":{"0":"post-19450","1":"product","2":"type-product","3":"status-publish","4":"has-post-thumbnail","6":"product_cat-riesutai","7":"product_cat-ekologiski-riesutai-seklos","8":"product_tag-keto-mityba","9":"product_tag-veganams","10":"product_tag-zaliavalgiams","11":"pa_svoris-1-kg","12":"pa_svoris-10-kg","13":"pa_svoris-100-g","14":"pa_svoris-200-g","15":"pa_svoris-300-g","16":"pa_svoris-400-g","17":"pa_svoris-50-g","18":"pa_svoris-500-g","20":"first","21":"instock","22":"shipping-taxable","23":"purchasable","24":"product-type-variable"},"acf":[],"yoast_head":"<!-- This site is optimized with the Yoast SEO plugin v27.5 - https:\/\/yoast.com\/product\/yoast-seo-wordpress\/ -->\n<title>Ekologi\u0161kos pistacijos (luk\u0161tentos) - Biopapa<\/title>\n<meta name=\"description\" content=\"Pistacijos da\u017eniausiai vartojamos kaip u\u017ekandis arba dedamos \u012f desertus, salotas, pada\u017eus, taip pat gali b\u016bti perdirbamos \u012f aliej\u0173 ar maisto papildus.\" \/>\n<meta name=\"robots\" content=\"index, follow, max-snippet:-1, max-image-preview:large, max-video-preview:-1\" \/>\n<link rel=\"canonical\" href=\"https:\/\/www.biopapa.de\/lt\/producte\/ekologiskos-pistacijos-lukstentos\/\" \/>\n<meta property=\"og:locale\" content=\"lt_LT\" \/>\n<meta property=\"og:type\" content=\"article\" \/>\n<meta property=\"og:title\" content=\"Ekologi\u0161kos pistacijos (luk\u0161tentos) - Biopapa\" \/>\n<meta property=\"og:description\" content=\"Pistacijos da\u017eniausiai vartojamos kaip u\u017ekandis arba dedamos \u012f desertus, salotas, pada\u017eus, taip pat gali b\u016bti perdirbamos \u012f aliej\u0173 ar maisto papildus.\" \/>\n<meta property=\"og:url\" content=\"https:\/\/www.biopapa.de\/lt\/producte\/ekologiskos-pistacijos-lukstentos\/\" \/>\n<meta property=\"og:site_name\" content=\"Biopapa\" \/>\n<meta property=\"article:publisher\" content=\"https:\/\/www.facebook.com\/biopapa.lt\" \/>\n<meta property=\"article:modified_time\" content=\"2026-03-23T12:59:45+00:00\" \/>\n<meta property=\"og:image\" content=\"https:\/\/www.biopapa.de\/wp-content\/uploads\/2022\/07\/pistacijos.png\" \/>\n\t<meta property=\"og:image:width\" content=\"800\" \/>\n\t<meta property=\"og:image:height\" content=\"640\" \/>\n\t<meta property=\"og:image:type\" content=\"image\/png\" \/>\n<meta name=\"twitter:card\" content=\"summary_large_image\" \/>\n<meta name=\"twitter:label1\" content=\"Est. reading time\" \/>\n\t<meta name=\"twitter:data1\" content=\"1 minut\u0117\" \/>\n<script type=\"application\/ld+json\" class=\"yoast-schema-graph\">{\"@context\":\"https:\\\/\\\/schema.org\",\"@graph\":[{\"@type\":\"WebPage\",\"@id\":\"https:\\\/\\\/www.biopapa.de\\\/lt\\\/producte\\\/ekologiskos-pistacijos-lukstentos\\\/\",\"url\":\"https:\\\/\\\/www.biopapa.de\\\/lt\\\/producte\\\/ekologiskos-pistacijos-lukstentos\\\/\",\"name\":\"Ekologi\u0161kos pistacijos (luk\u0161tentos) - Biopapa\",\"isPartOf\":{\"@id\":\"https:\\\/\\\/www.biopapa.de\\\/lt\\\/#website\"},\"primaryImageOfPage\":{\"@id\":\"https:\\\/\\\/www.biopapa.de\\\/lt\\\/producte\\\/ekologiskos-pistacijos-lukstentos\\\/#primaryimage\"},\"image\":{\"@id\":\"https:\\\/\\\/www.biopapa.de\\\/lt\\\/producte\\\/ekologiskos-pistacijos-lukstentos\\\/#primaryimage\"},\"thumbnailUrl\":\"https:\\\/\\\/www.biopapa.de\\\/wp-content\\\/uploads\\\/2022\\\/07\\\/pistacijos.png\",\"datePublished\":\"2022-07-14T04:48:19+00:00\",\"dateModified\":\"2026-03-23T12:59:45+00:00\",\"description\":\"Pistacijos da\u017eniausiai vartojamos kaip u\u017ekandis arba dedamos \u012f desertus, salotas, pada\u017eus, taip pat gali b\u016bti perdirbamos \u012f aliej\u0173 ar maisto papildus.\",\"breadcrumb\":{\"@id\":\"https:\\\/\\\/www.biopapa.de\\\/lt\\\/producte\\\/ekologiskos-pistacijos-lukstentos\\\/#breadcrumb\"},\"inLanguage\":\"lt-LT\",\"potentialAction\":[{\"@type\":\"ReadAction\",\"target\":[\"https:\\\/\\\/www.biopapa.de\\\/lt\\\/producte\\\/ekologiskos-pistacijos-lukstentos\\\/\"]}]},{\"@type\":\"ImageObject\",\"inLanguage\":\"lt-LT\",\"@id\":\"https:\\\/\\\/www.biopapa.de\\\/lt\\\/producte\\\/ekologiskos-pistacijos-lukstentos\\\/#primaryimage\",\"url\":\"https:\\\/\\\/www.biopapa.de\\\/wp-content\\\/uploads\\\/2022\\\/07\\\/pistacijos.png\",\"contentUrl\":\"https:\\\/\\\/www.biopapa.de\\\/wp-content\\\/uploads\\\/2022\\\/07\\\/pistacijos.png\",\"width\":800,\"height\":640,\"caption\":\"Ekologi\u0161kos pistacijos (luk\u0161tentos)\"},{\"@type\":\"BreadcrumbList\",\"@id\":\"https:\\\/\\\/www.biopapa.de\\\/lt\\\/producte\\\/ekologiskos-pistacijos-lukstentos\\\/#breadcrumb\",\"itemListElement\":[{\"@type\":\"ListItem\",\"position\":1,\"name\":\"Home\",\"item\":\"https:\\\/\\\/www.biopapa.de\\\/lt\\\/\"},{\"@type\":\"ListItem\",\"position\":2,\"name\":\"Parduotuv\u0117\",\"item\":\"https:\\\/\\\/www.biopapa.de\\\/parduotuve\\\/\"},{\"@type\":\"ListItem\",\"position\":3,\"name\":\"Ekologi\u0161kos pistacijos (luk\u0161tentos)\"}]},{\"@type\":\"WebSite\",\"@id\":\"https:\\\/\\\/www.biopapa.de\\\/lt\\\/#website\",\"url\":\"https:\\\/\\\/www.biopapa.de\\\/lt\\\/\",\"name\":\"Biopapa\",\"description\":\"\u0160var\u016bs ekologi\u0161ki produktai\",\"publisher\":{\"@id\":\"https:\\\/\\\/www.biopapa.de\\\/lt\\\/#organization\"},\"potentialAction\":[{\"@type\":\"SearchAction\",\"target\":{\"@type\":\"EntryPoint\",\"urlTemplate\":\"https:\\\/\\\/www.biopapa.de\\\/lt\\\/?s={search_term_string}\"},\"query-input\":{\"@type\":\"PropertyValueSpecification\",\"valueRequired\":true,\"valueName\":\"search_term_string\"}}],\"inLanguage\":\"lt-LT\"},{\"@type\":\"Organization\",\"@id\":\"https:\\\/\\\/www.biopapa.de\\\/lt\\\/#organization\",\"name\":\"Biopapa\",\"url\":\"https:\\\/\\\/www.biopapa.de\\\/lt\\\/\",\"logo\":{\"@type\":\"ImageObject\",\"inLanguage\":\"lt-LT\",\"@id\":\"https:\\\/\\\/www.biopapa.de\\\/lt\\\/#\\\/schema\\\/logo\\\/image\\\/\",\"url\":\"https:\\\/\\\/www.biopapa.lt\\\/wp-content\\\/uploads\\\/2022\\\/04\\\/facebook_biopapa.jpg\",\"contentUrl\":\"https:\\\/\\\/www.biopapa.lt\\\/wp-content\\\/uploads\\\/2022\\\/04\\\/facebook_biopapa.jpg\",\"width\":1733,\"height\":907,\"caption\":\"Biopapa\"},\"image\":{\"@id\":\"https:\\\/\\\/www.biopapa.de\\\/lt\\\/#\\\/schema\\\/logo\\\/image\\\/\"},\"sameAs\":[\"https:\\\/\\\/www.facebook.com\\\/biopapa.lt\"]}]}<\/script>\n<!-- \/ Yoast SEO plugin. -->","yoast_head_json":{"title":"Ekologi\u0161kos pistacijos (luk\u0161tentos) - Biopapa","description":"Pistacijos da\u017eniausiai vartojamos kaip u\u017ekandis arba dedamos \u012f desertus, salotas, pada\u017eus, taip pat gali b\u016bti perdirbamos \u012f aliej\u0173 ar maisto papildus.","robots":{"index":"index","follow":"follow","max-snippet":"max-snippet:-1","max-image-preview":"max-image-preview:large","max-video-preview":"max-video-preview:-1"},"canonical":"https:\/\/www.biopapa.de\/lt\/producte\/ekologiskos-pistacijos-lukstentos\/","og_locale":"lt_LT","og_type":"article","og_title":"Ekologi\u0161kos pistacijos (luk\u0161tentos) - Biopapa","og_description":"Pistacijos da\u017eniausiai vartojamos kaip u\u017ekandis arba dedamos \u012f desertus, salotas, pada\u017eus, taip pat gali b\u016bti perdirbamos \u012f aliej\u0173 ar maisto papildus.","og_url":"https:\/\/www.biopapa.de\/lt\/producte\/ekologiskos-pistacijos-lukstentos\/","og_site_name":"Biopapa","article_publisher":"https:\/\/www.facebook.com\/biopapa.lt","article_modified_time":"2026-03-23T12:59:45+00:00","og_image":[{"width":800,"height":640,"url":"https:\/\/www.biopapa.de\/wp-content\/uploads\/2022\/07\/pistacijos.png","type":"image\/png"}],"twitter_card":"summary_large_image","twitter_misc":{"Est. reading time":"1 minut\u0117"},"schema":{"@context":"https:\/\/schema.org","@graph":[{"@type":"WebPage","@id":"https:\/\/www.biopapa.de\/lt\/producte\/ekologiskos-pistacijos-lukstentos\/","url":"https:\/\/www.biopapa.de\/lt\/producte\/ekologiskos-pistacijos-lukstentos\/","name":"Ekologi\u0161kos pistacijos (luk\u0161tentos) - Biopapa","isPartOf":{"@id":"https:\/\/www.biopapa.de\/lt\/#website"},"primaryImageOfPage":{"@id":"https:\/\/www.biopapa.de\/lt\/producte\/ekologiskos-pistacijos-lukstentos\/#primaryimage"},"image":{"@id":"https:\/\/www.biopapa.de\/lt\/producte\/ekologiskos-pistacijos-lukstentos\/#primaryimage"},"thumbnailUrl":"https:\/\/www.biopapa.de\/wp-content\/uploads\/2022\/07\/pistacijos.png","datePublished":"2022-07-14T04:48:19+00:00","dateModified":"2026-03-23T12:59:45+00:00","description":"Pistacijos da\u017eniausiai vartojamos kaip u\u017ekandis arba dedamos \u012f desertus, salotas, pada\u017eus, taip pat gali b\u016bti perdirbamos \u012f aliej\u0173 ar maisto papildus.","breadcrumb":{"@id":"https:\/\/www.biopapa.de\/lt\/producte\/ekologiskos-pistacijos-lukstentos\/#breadcrumb"},"inLanguage":"lt-LT","potentialAction":[{"@type":"ReadAction","target":["https:\/\/www.biopapa.de\/lt\/producte\/ekologiskos-pistacijos-lukstentos\/"]}]},{"@type":"ImageObject","inLanguage":"lt-LT","@id":"https:\/\/www.biopapa.de\/lt\/producte\/ekologiskos-pistacijos-lukstentos\/#primaryimage","url":"https:\/\/www.biopapa.de\/wp-content\/uploads\/2022\/07\/pistacijos.png","contentUrl":"https:\/\/www.biopapa.de\/wp-content\/uploads\/2022\/07\/pistacijos.png","width":800,"height":640,"caption":"Ekologi\u0161kos pistacijos (luk\u0161tentos)"},{"@type":"BreadcrumbList","@id":"https:\/\/www.biopapa.de\/lt\/producte\/ekologiskos-pistacijos-lukstentos\/#breadcrumb","itemListElement":[{"@type":"ListItem","position":1,"name":"Home","item":"https:\/\/www.biopapa.de\/lt\/"},{"@type":"ListItem","position":2,"name":"Parduotuv\u0117","item":"https:\/\/www.biopapa.de\/parduotuve\/"},{"@type":"ListItem","position":3,"name":"Ekologi\u0161kos pistacijos (luk\u0161tentos)"}]},{"@type":"WebSite","@id":"https:\/\/www.biopapa.de\/lt\/#website","url":"https:\/\/www.biopapa.de\/lt\/","name":"Biopapa","description":"\u0160var\u016bs ekologi\u0161ki produktai","publisher":{"@id":"https:\/\/www.biopapa.de\/lt\/#organization"},"potentialAction":[{"@type":"SearchAction","target":{"@type":"EntryPoint","urlTemplate":"https:\/\/www.biopapa.de\/lt\/?s={search_term_string}"},"query-input":{"@type":"PropertyValueSpecification","valueRequired":true,"valueName":"search_term_string"}}],"inLanguage":"lt-LT"},{"@type":"Organization","@id":"https:\/\/www.biopapa.de\/lt\/#organization","name":"Biopapa","url":"https:\/\/www.biopapa.de\/lt\/","logo":{"@type":"ImageObject","inLanguage":"lt-LT","@id":"https:\/\/www.biopapa.de\/lt\/#\/schema\/logo\/image\/","url":"https:\/\/www.biopapa.lt\/wp-content\/uploads\/2022\/04\/facebook_biopapa.jpg","contentUrl":"https:\/\/www.biopapa.lt\/wp-content\/uploads\/2022\/04\/facebook_biopapa.jpg","width":1733,"height":907,"caption":"Biopapa"},"image":{"@id":"https:\/\/www.biopapa.de\/lt\/#\/schema\/logo\/image\/"},"sameAs":["https:\/\/www.facebook.com\/biopapa.lt"]}]}},"_links":{"self":[{"href":"https:\/\/www.biopapa.de\/lt\/wp-json\/wp\/v2\/product\/19450","targetHints":{"allow":["GET"]}}],"collection":[{"href":"https:\/\/www.biopapa.de\/lt\/wp-json\/wp\/v2\/product"}],"about":[{"href":"https:\/\/www.biopapa.de\/lt\/wp-json\/wp\/v2\/types\/product"}],"wp:featuredmedia":[{"embeddable":true,"href":"https:\/\/www.biopapa.de\/lt\/wp-json\/wp\/v2\/media\/22201"}],"wp:attachment":[{"href":"https:\/\/www.biopapa.de\/lt\/wp-json\/wp\/v2\/media?parent=19450"}],"wp:term":[{"taxonomy":"product_brand","embeddable":true,"href":"https:\/\/www.biopapa.de\/lt\/wp-json\/wp\/v2\/product_brand?post=19450"},{"taxonomy":"product_cat","embeddable":true,"href":"https:\/\/www.biopapa.de\/lt\/wp-json\/wp\/v2\/product_cat?post=19450"},{"taxonomy":"product_tag","embeddable":true,"href":"https:\/\/www.biopapa.de\/lt\/wp-json\/wp\/v2\/product_tag?post=19450"}],"curies":[{"name":"wp","href":"https:\/\/api.w.org\/{rel}","templated":true}]}}