{"id":19753,"date":"2022-08-16T16:50:48","date_gmt":"2022-08-16T13:50:48","guid":{"rendered":"https:\/\/www.biopapa.lt\/?post_type=product&#038;p=19753"},"modified":"2026-03-20T11:03:00","modified_gmt":"2026-03-20T09:03:00","slug":"ekologiska-raudona-bolivine-balanda-kynva","status":"publish","type":"product","link":"https:\/\/www.biopapa.de\/lt\/producte\/ekologiska-raudona-bolivine-balanda-kynva\/","title":{"rendered":"Ekologi\u0161ka raudona bolivin\u0117 balanda (kynva)"},"content":{"rendered":"<p><strong>Ekologi\u0161ka raudona bolivin\u0117 balanda<\/strong> (kynva)\u00a0tinka d\u0117ti tiek \u012f kar\u0161tus, tiek \u012f \u0161altus patiekalus. Gali b\u016bti naudojama salotoms, sriuboms, tro\u0161kiniams gaminti. Skanu valgyti kaip kar\u0161t\u0105 ko\u0161\u0119 \u2013 su prieskoniais arba sald\u017ei\u0105 su pienu (kokos\u0173, soj\u0173 ar migdol\u0173), rie\u0161utais ar vaisiais. Tinka veganams.<br \/>\nTuri daug skaidulini\u0173 med\u017eiag\u0173. Puikus baltym\u0173 \u0161altinis, turintis subalansuot\u0105 rinkin\u012f \u017emogui reikaling\u0173 amino r\u016bg\u0161\u010di\u0173. Baltymai padeda palaikyti raumen\u0173 mas\u0117s augim\u0105, i\u0161saugoti raumen\u0173 mas\u0119 ir palaikyti normali\u0105 kaul\u0173 b\u016bkl\u0119.<\/p>\n<p>Paruo\u0161imas: prie\u0161 gaminant kruopas b\u016btinai nuplauti \u0161altame vandenyje. Virti 15 min., santykiu su vandeniu 1:2.<\/p>\n<p>PASTABA. \u010cia pateikta informacija negali b\u016bti interpretuojama kaip gydymo ar kitokio pob\u016bd\u017eio sveikatos klausim\u0173 sprendimo rekomendacija. Raginame sprendimus, susijusius su asmenine sveikata, priimti asmeni\u0161kai, \u012fvertinus \u012fvairius informacijos \u0161altinius.<\/p>\n","protected":false},"excerpt":{"rendered":"<p>Ekologi\u0161ka raudona bolivin\u0117 balanda (kynva)\u00a0tinka d\u0117ti tiek \u012f kar\u0161tus, tiek \u012f \u0161altus patiekalus. Gali b\u016bti naudojama salotoms, sriuboms, tro\u0161kiniams gaminti.<\/p>\n","protected":false},"featured_media":22202,"template":"","meta":{"_acf_changed":false},"product_brand":[],"product_cat":[1295,1932],"product_tag":[1433,1636,1378],"class_list":{"0":"post-19753","1":"product","2":"type-product","3":"status-publish","4":"has-post-thumbnail","6":"product_cat-ekologiskos-kruopos-ankstiniai","7":"product_cat-kruopos-grudai","8":"product_tag-baltymu-saltinis","9":"product_tag-skaidulu-saltinis","10":"product_tag-veganams","11":"pa_svoris-1-kg","12":"pa_svoris-100-g","13":"pa_svoris-200-g","14":"pa_svoris-25-kg","15":"pa_svoris-300-g","16":"pa_svoris-400-g","17":"pa_svoris-500-g","19":"first","20":"instock","21":"shipping-taxable","22":"purchasable","23":"product-type-variable"},"acf":[],"yoast_head":"<!-- This site is optimized with the Yoast SEO plugin v27.5 - https:\/\/yoast.com\/product\/yoast-seo-wordpress\/ -->\n<title>Ekologi\u0161ka raudona bolivin\u0117 balanda (kynva) - Biopapa<\/title>\n<meta name=\"description\" content=\"Ekologi\u0161ka raudona bolivin\u0117 balanda (kynva) tinka d\u0117ti tiek \u012f kar\u0161tus, tiek \u012f \u0161altus patiekalus. Gali b\u016bti naudojama salotoms, sriuboms, tro\u0161kiniams gaminti.\" \/>\n<meta name=\"robots\" content=\"index, follow, max-snippet:-1, max-image-preview:large, max-video-preview:-1\" \/>\n<link rel=\"canonical\" href=\"https:\/\/www.biopapa.de\/lt\/producte\/ekologiska-raudona-bolivine-balanda-kynva\/\" \/>\n<meta property=\"og:locale\" content=\"lt_LT\" \/>\n<meta property=\"og:type\" content=\"article\" \/>\n<meta property=\"og:title\" content=\"Ekologi\u0161ka raudona bolivin\u0117 balanda (kynva) - Biopapa\" \/>\n<meta property=\"og:description\" content=\"Ekologi\u0161ka raudona bolivin\u0117 balanda (kynva) tinka d\u0117ti tiek \u012f kar\u0161tus, tiek \u012f \u0161altus patiekalus. Gali b\u016bti naudojama salotoms, sriuboms, tro\u0161kiniams gaminti.\" \/>\n<meta property=\"og:url\" content=\"https:\/\/www.biopapa.de\/lt\/producte\/ekologiska-raudona-bolivine-balanda-kynva\/\" \/>\n<meta property=\"og:site_name\" content=\"Biopapa\" \/>\n<meta property=\"article:publisher\" content=\"https:\/\/www.facebook.com\/biopapa.lt\" \/>\n<meta property=\"article:modified_time\" content=\"2026-03-20T09:03:00+00:00\" \/>\n<meta property=\"og:image\" content=\"https:\/\/www.biopapa.de\/wp-content\/uploads\/2022\/08\/raudona-balanda.png\" \/>\n\t<meta property=\"og:image:width\" content=\"800\" \/>\n\t<meta property=\"og:image:height\" content=\"640\" \/>\n\t<meta property=\"og:image:type\" content=\"image\/png\" \/>\n<meta name=\"twitter:card\" content=\"summary_large_image\" \/>\n<script type=\"application\/ld+json\" class=\"yoast-schema-graph\">{\"@context\":\"https:\\\/\\\/schema.org\",\"@graph\":[{\"@type\":\"WebPage\",\"@id\":\"https:\\\/\\\/www.biopapa.de\\\/lt\\\/producte\\\/ekologiska-raudona-bolivine-balanda-kynva\\\/\",\"url\":\"https:\\\/\\\/www.biopapa.de\\\/lt\\\/producte\\\/ekologiska-raudona-bolivine-balanda-kynva\\\/\",\"name\":\"Ekologi\u0161ka raudona bolivin\u0117 balanda (kynva) - Biopapa\",\"isPartOf\":{\"@id\":\"https:\\\/\\\/www.biopapa.de\\\/lt\\\/#website\"},\"primaryImageOfPage\":{\"@id\":\"https:\\\/\\\/www.biopapa.de\\\/lt\\\/producte\\\/ekologiska-raudona-bolivine-balanda-kynva\\\/#primaryimage\"},\"image\":{\"@id\":\"https:\\\/\\\/www.biopapa.de\\\/lt\\\/producte\\\/ekologiska-raudona-bolivine-balanda-kynva\\\/#primaryimage\"},\"thumbnailUrl\":\"https:\\\/\\\/www.biopapa.de\\\/wp-content\\\/uploads\\\/2022\\\/08\\\/raudona-balanda.png\",\"datePublished\":\"2022-08-16T13:50:48+00:00\",\"dateModified\":\"2026-03-20T09:03:00+00:00\",\"description\":\"Ekologi\u0161ka raudona bolivin\u0117 balanda (kynva) tinka d\u0117ti tiek \u012f kar\u0161tus, tiek \u012f \u0161altus patiekalus. Gali b\u016bti naudojama salotoms, sriuboms, tro\u0161kiniams gaminti.\",\"breadcrumb\":{\"@id\":\"https:\\\/\\\/www.biopapa.de\\\/lt\\\/producte\\\/ekologiska-raudona-bolivine-balanda-kynva\\\/#breadcrumb\"},\"inLanguage\":\"lt-LT\",\"potentialAction\":[{\"@type\":\"ReadAction\",\"target\":[\"https:\\\/\\\/www.biopapa.de\\\/lt\\\/producte\\\/ekologiska-raudona-bolivine-balanda-kynva\\\/\"]}]},{\"@type\":\"ImageObject\",\"inLanguage\":\"lt-LT\",\"@id\":\"https:\\\/\\\/www.biopapa.de\\\/lt\\\/producte\\\/ekologiska-raudona-bolivine-balanda-kynva\\\/#primaryimage\",\"url\":\"https:\\\/\\\/www.biopapa.de\\\/wp-content\\\/uploads\\\/2022\\\/08\\\/raudona-balanda.png\",\"contentUrl\":\"https:\\\/\\\/www.biopapa.de\\\/wp-content\\\/uploads\\\/2022\\\/08\\\/raudona-balanda.png\",\"width\":800,\"height\":640,\"caption\":\"Ekologi\u0161ka raudona bolivin\u0117 balanda (kynva)\"},{\"@type\":\"BreadcrumbList\",\"@id\":\"https:\\\/\\\/www.biopapa.de\\\/lt\\\/producte\\\/ekologiska-raudona-bolivine-balanda-kynva\\\/#breadcrumb\",\"itemListElement\":[{\"@type\":\"ListItem\",\"position\":1,\"name\":\"Home\",\"item\":\"https:\\\/\\\/www.biopapa.de\\\/lt\\\/\"},{\"@type\":\"ListItem\",\"position\":2,\"name\":\"Parduotuv\u0117\",\"item\":\"https:\\\/\\\/www.biopapa.de\\\/parduotuve\\\/\"},{\"@type\":\"ListItem\",\"position\":3,\"name\":\"Ekologi\u0161ka raudona bolivin\u0117 balanda (kynva)\"}]},{\"@type\":\"WebSite\",\"@id\":\"https:\\\/\\\/www.biopapa.de\\\/lt\\\/#website\",\"url\":\"https:\\\/\\\/www.biopapa.de\\\/lt\\\/\",\"name\":\"Biopapa\",\"description\":\"\u0160var\u016bs ekologi\u0161ki produktai\",\"publisher\":{\"@id\":\"https:\\\/\\\/www.biopapa.de\\\/lt\\\/#organization\"},\"potentialAction\":[{\"@type\":\"SearchAction\",\"target\":{\"@type\":\"EntryPoint\",\"urlTemplate\":\"https:\\\/\\\/www.biopapa.de\\\/lt\\\/?s={search_term_string}\"},\"query-input\":{\"@type\":\"PropertyValueSpecification\",\"valueRequired\":true,\"valueName\":\"search_term_string\"}}],\"inLanguage\":\"lt-LT\"},{\"@type\":\"Organization\",\"@id\":\"https:\\\/\\\/www.biopapa.de\\\/lt\\\/#organization\",\"name\":\"Biopapa\",\"url\":\"https:\\\/\\\/www.biopapa.de\\\/lt\\\/\",\"logo\":{\"@type\":\"ImageObject\",\"inLanguage\":\"lt-LT\",\"@id\":\"https:\\\/\\\/www.biopapa.de\\\/lt\\\/#\\\/schema\\\/logo\\\/image\\\/\",\"url\":\"https:\\\/\\\/www.biopapa.lt\\\/wp-content\\\/uploads\\\/2022\\\/04\\\/facebook_biopapa.jpg\",\"contentUrl\":\"https:\\\/\\\/www.biopapa.lt\\\/wp-content\\\/uploads\\\/2022\\\/04\\\/facebook_biopapa.jpg\",\"width\":1733,\"height\":907,\"caption\":\"Biopapa\"},\"image\":{\"@id\":\"https:\\\/\\\/www.biopapa.de\\\/lt\\\/#\\\/schema\\\/logo\\\/image\\\/\"},\"sameAs\":[\"https:\\\/\\\/www.facebook.com\\\/biopapa.lt\"]}]}<\/script>\n<!-- \/ Yoast SEO plugin. -->","yoast_head_json":{"title":"Ekologi\u0161ka raudona bolivin\u0117 balanda (kynva) - Biopapa","description":"Ekologi\u0161ka raudona bolivin\u0117 balanda (kynva) tinka d\u0117ti tiek \u012f kar\u0161tus, tiek \u012f \u0161altus patiekalus. Gali b\u016bti naudojama salotoms, sriuboms, tro\u0161kiniams gaminti.","robots":{"index":"index","follow":"follow","max-snippet":"max-snippet:-1","max-image-preview":"max-image-preview:large","max-video-preview":"max-video-preview:-1"},"canonical":"https:\/\/www.biopapa.de\/lt\/producte\/ekologiska-raudona-bolivine-balanda-kynva\/","og_locale":"lt_LT","og_type":"article","og_title":"Ekologi\u0161ka raudona bolivin\u0117 balanda (kynva) - Biopapa","og_description":"Ekologi\u0161ka raudona bolivin\u0117 balanda (kynva) tinka d\u0117ti tiek \u012f kar\u0161tus, tiek \u012f \u0161altus patiekalus. Gali b\u016bti naudojama salotoms, sriuboms, tro\u0161kiniams gaminti.","og_url":"https:\/\/www.biopapa.de\/lt\/producte\/ekologiska-raudona-bolivine-balanda-kynva\/","og_site_name":"Biopapa","article_publisher":"https:\/\/www.facebook.com\/biopapa.lt","article_modified_time":"2026-03-20T09:03:00+00:00","og_image":[{"width":800,"height":640,"url":"https:\/\/www.biopapa.de\/wp-content\/uploads\/2022\/08\/raudona-balanda.png","type":"image\/png"}],"twitter_card":"summary_large_image","schema":{"@context":"https:\/\/schema.org","@graph":[{"@type":"WebPage","@id":"https:\/\/www.biopapa.de\/lt\/producte\/ekologiska-raudona-bolivine-balanda-kynva\/","url":"https:\/\/www.biopapa.de\/lt\/producte\/ekologiska-raudona-bolivine-balanda-kynva\/","name":"Ekologi\u0161ka raudona bolivin\u0117 balanda (kynva) - Biopapa","isPartOf":{"@id":"https:\/\/www.biopapa.de\/lt\/#website"},"primaryImageOfPage":{"@id":"https:\/\/www.biopapa.de\/lt\/producte\/ekologiska-raudona-bolivine-balanda-kynva\/#primaryimage"},"image":{"@id":"https:\/\/www.biopapa.de\/lt\/producte\/ekologiska-raudona-bolivine-balanda-kynva\/#primaryimage"},"thumbnailUrl":"https:\/\/www.biopapa.de\/wp-content\/uploads\/2022\/08\/raudona-balanda.png","datePublished":"2022-08-16T13:50:48+00:00","dateModified":"2026-03-20T09:03:00+00:00","description":"Ekologi\u0161ka raudona bolivin\u0117 balanda (kynva) tinka d\u0117ti tiek \u012f kar\u0161tus, tiek \u012f \u0161altus patiekalus. Gali b\u016bti naudojama salotoms, sriuboms, tro\u0161kiniams gaminti.","breadcrumb":{"@id":"https:\/\/www.biopapa.de\/lt\/producte\/ekologiska-raudona-bolivine-balanda-kynva\/#breadcrumb"},"inLanguage":"lt-LT","potentialAction":[{"@type":"ReadAction","target":["https:\/\/www.biopapa.de\/lt\/producte\/ekologiska-raudona-bolivine-balanda-kynva\/"]}]},{"@type":"ImageObject","inLanguage":"lt-LT","@id":"https:\/\/www.biopapa.de\/lt\/producte\/ekologiska-raudona-bolivine-balanda-kynva\/#primaryimage","url":"https:\/\/www.biopapa.de\/wp-content\/uploads\/2022\/08\/raudona-balanda.png","contentUrl":"https:\/\/www.biopapa.de\/wp-content\/uploads\/2022\/08\/raudona-balanda.png","width":800,"height":640,"caption":"Ekologi\u0161ka raudona bolivin\u0117 balanda (kynva)"},{"@type":"BreadcrumbList","@id":"https:\/\/www.biopapa.de\/lt\/producte\/ekologiska-raudona-bolivine-balanda-kynva\/#breadcrumb","itemListElement":[{"@type":"ListItem","position":1,"name":"Home","item":"https:\/\/www.biopapa.de\/lt\/"},{"@type":"ListItem","position":2,"name":"Parduotuv\u0117","item":"https:\/\/www.biopapa.de\/parduotuve\/"},{"@type":"ListItem","position":3,"name":"Ekologi\u0161ka raudona bolivin\u0117 balanda (kynva)"}]},{"@type":"WebSite","@id":"https:\/\/www.biopapa.de\/lt\/#website","url":"https:\/\/www.biopapa.de\/lt\/","name":"Biopapa","description":"\u0160var\u016bs ekologi\u0161ki produktai","publisher":{"@id":"https:\/\/www.biopapa.de\/lt\/#organization"},"potentialAction":[{"@type":"SearchAction","target":{"@type":"EntryPoint","urlTemplate":"https:\/\/www.biopapa.de\/lt\/?s={search_term_string}"},"query-input":{"@type":"PropertyValueSpecification","valueRequired":true,"valueName":"search_term_string"}}],"inLanguage":"lt-LT"},{"@type":"Organization","@id":"https:\/\/www.biopapa.de\/lt\/#organization","name":"Biopapa","url":"https:\/\/www.biopapa.de\/lt\/","logo":{"@type":"ImageObject","inLanguage":"lt-LT","@id":"https:\/\/www.biopapa.de\/lt\/#\/schema\/logo\/image\/","url":"https:\/\/www.biopapa.lt\/wp-content\/uploads\/2022\/04\/facebook_biopapa.jpg","contentUrl":"https:\/\/www.biopapa.lt\/wp-content\/uploads\/2022\/04\/facebook_biopapa.jpg","width":1733,"height":907,"caption":"Biopapa"},"image":{"@id":"https:\/\/www.biopapa.de\/lt\/#\/schema\/logo\/image\/"},"sameAs":["https:\/\/www.facebook.com\/biopapa.lt"]}]}},"_links":{"self":[{"href":"https:\/\/www.biopapa.de\/lt\/wp-json\/wp\/v2\/product\/19753","targetHints":{"allow":["GET"]}}],"collection":[{"href":"https:\/\/www.biopapa.de\/lt\/wp-json\/wp\/v2\/product"}],"about":[{"href":"https:\/\/www.biopapa.de\/lt\/wp-json\/wp\/v2\/types\/product"}],"wp:featuredmedia":[{"embeddable":true,"href":"https:\/\/www.biopapa.de\/lt\/wp-json\/wp\/v2\/media\/22202"}],"wp:attachment":[{"href":"https:\/\/www.biopapa.de\/lt\/wp-json\/wp\/v2\/media?parent=19753"}],"wp:term":[{"taxonomy":"product_brand","embeddable":true,"href":"https:\/\/www.biopapa.de\/lt\/wp-json\/wp\/v2\/product_brand?post=19753"},{"taxonomy":"product_cat","embeddable":true,"href":"https:\/\/www.biopapa.de\/lt\/wp-json\/wp\/v2\/product_cat?post=19753"},{"taxonomy":"product_tag","embeddable":true,"href":"https:\/\/www.biopapa.de\/lt\/wp-json\/wp\/v2\/product_tag?post=19753"}],"curies":[{"name":"wp","href":"https:\/\/api.w.org\/{rel}","templated":true}]}}