{"id":19878,"date":"2022-08-25T14:12:01","date_gmt":"2022-08-25T11:12:01","guid":{"rendered":"https:\/\/www.biopapa.lt\/?post_type=product&#038;p=19878"},"modified":"2025-09-11T14:28:57","modified_gmt":"2025-09-11T11:28:57","slug":"ekologiski-vaistines-juodmirtes-camu-camu-milteliai","status":"publish","type":"product","link":"https:\/\/www.biopapa.de\/lt\/producte\/ekologiski-vaistines-juodmirtes-camu-camu-milteliai\/","title":{"rendered":"Ekologi\u0161ki vaistin\u0117s juodmirt\u0117s CAMU CAMU milteliai"},"content":{"rendered":"<p><strong>Ekologi\u0161ki vaistin\u0117s juodmirt\u0117s CAMU CAMU milteliai\u00a0<\/strong><br \/>\nVaistin\u0117 juodmirt\u0117 (Camu Camu, Myrciaria dubia) yra ma\u017eas, r\u016bg\u0161tus vaisius, augantis Peru, Brazilijoje, Kolumbijoje ir Venesueloje, Amazon\u0117s mi\u0161kuose. Jis gars\u0117ja i\u0161skirtinai dideliu vitamino C kiekiu, kartu su kitomis naudingomis med\u017eiagomis. Amazon\u0117s vietos gyventojai tradici\u0161kai naudojo Camu Camu d\u0117l jo gydom\u0173j\u0173 savybi\u0173, kaip stiprinti imunitet\u0105 ir gydyti infekcijas.<br \/>\nD\u0117l didelio vitamino C kiekio ir antioksidant\u0173 savybi\u0173, Camu Camu da\u017enai naudojamas stiprinti imunin\u0119 sistem\u0105 ir apsaugoti nuo infekcij\u0173.<\/p>\n<p><em>D\u0117mesio<\/em><br \/>\nKai kurie \u017emon\u0117s gali patirti alergines reakcijas.<br \/>\nVartojant didelius kiekius, jautriems asmenims gali kilti vir\u0161kinimo sutrikim\u0173, tokie kaip viduriavimas ar pykinimas.<br \/>\n\u017dmon\u0117s, vartojantys vaistus, tur\u0117t\u0173 b\u016bti atid\u016bs, kadangi jie gali s\u0105veikauti su \u0161iais vaistais.<\/p>\n<p><em>Naudojimas<\/em><br \/>\nCamu camu da\u017enai d\u017eiovinamas ir maltas \u012f miltelius, kuriuos galima prid\u0117ti prie kokteili\u0173, sul\u010di\u0173, jogurto ar kit\u0173 maisto produkt\u0173, norint gauti papildom\u0173 maistini\u0173 med\u017eiag\u0173.<br \/>\nRekomenduojama doz\u0117<br \/>\nN\u0117ra nustatyta standartin\u0117 Camu Camu doz\u0117, ta\u010diau paprastai rekomendacijos svyruoja nuo 500 mg iki 2 g camu camu milteli\u0173 per dien\u0105, vartojama kartu su maistu.<\/p>\n<p>Bendrai, Camu Camu gali b\u016bti vertingas papildymas subalansuotai mitybai, teikiantis vitamino C \u0161altin\u012f ir kitas naudingas med\u017eiagas.<\/p>\n<p><em>PASTABA. \u010cia pateikta informacija negali b\u016bti interpretuojama kaip gydymo ar kitokio pob\u016bd\u017eio sveikatos klausim\u0173 sprendimo rekomendacija.<\/em><br \/>\n<em>Raginame sprendimus, susijusius su asmenine sveikata, priimti asmeni\u0161kai, \u012fvertinus \u012fvairius informacijos \u0161altinius.<\/em><\/p>\n","protected":false},"excerpt":{"rendered":"<p>Ekologi\u0161ki vaistin\u0117s juodmirt\u0117s CAMU CAMU milteliai\u00a0 Vaistin\u0117 juodmirt\u0117 (Camu Camu, Myrciaria dubia) yra ma\u017eas, r\u016bg\u0161tus vaisius, augantis Peru, Brazilijoje, Kolumbijoje<\/p>\n","protected":false},"featured_media":23060,"template":"","meta":{"_acf_changed":false},"product_brand":[],"product_cat":[1216,2349],"product_tag":[1380],"class_list":{"0":"post-19878","1":"product","2":"type-product","3":"status-publish","4":"has-post-thumbnail","6":"product_cat-augalinis-supermaistas","7":"product_cat-milteliai","8":"product_tag-keto-mityba","9":"pa_svoris-1-kg","10":"pa_svoris-100-g","11":"pa_svoris-200-g","12":"pa_svoris-25-kg","13":"pa_svoris-300-g","14":"pa_svoris-400-g","15":"pa_svoris-5-kg","16":"pa_svoris-50-g","17":"pa_svoris-500-g","19":"first","20":"instock","21":"shipping-taxable","22":"purchasable","23":"product-type-variable"},"acf":[],"yoast_head":"<!-- This site is optimized with the Yoast SEO plugin v27.5 - https:\/\/yoast.com\/product\/yoast-seo-wordpress\/ -->\n<title>Ekologi\u0161ki vaistin\u0117s juodmirt\u0117s CAMU CAMU milteliai - Biopapa<\/title>\n<meta name=\"description\" content=\"Camu Camu yra ma\u017eas, r\u016bg\u0161tus vaisius, augantis Peru, Brazilijoje, Kolumbijoje ir Venesueloje, Amazon\u0117s mi\u0161kuose. Jis gars\u0117ja i\u0161skirtinai dideliu vitamino C kiekiu, kartu su kitomis naudingomis med\u017eiagomis.\" \/>\n<meta name=\"robots\" content=\"index, follow, max-snippet:-1, max-image-preview:large, max-video-preview:-1\" \/>\n<link rel=\"canonical\" href=\"https:\/\/www.biopapa.de\/lt\/producte\/ekologiski-vaistines-juodmirtes-camu-camu-milteliai\/\" \/>\n<meta property=\"og:locale\" content=\"lt_LT\" \/>\n<meta property=\"og:type\" content=\"article\" \/>\n<meta property=\"og:title\" content=\"Ekologi\u0161ki vaistin\u0117s juodmirt\u0117s CAMU CAMU milteliai - Biopapa\" \/>\n<meta property=\"og:description\" content=\"Camu Camu yra ma\u017eas, r\u016bg\u0161tus vaisius, augantis Peru, Brazilijoje, Kolumbijoje ir Venesueloje, Amazon\u0117s mi\u0161kuose. Jis gars\u0117ja i\u0161skirtinai dideliu vitamino C kiekiu, kartu su kitomis naudingomis med\u017eiagomis.\" \/>\n<meta property=\"og:url\" content=\"https:\/\/www.biopapa.de\/lt\/producte\/ekologiski-vaistines-juodmirtes-camu-camu-milteliai\/\" \/>\n<meta property=\"og:site_name\" content=\"Biopapa\" \/>\n<meta property=\"article:publisher\" content=\"https:\/\/www.facebook.com\/biopapa.lt\" \/>\n<meta property=\"article:modified_time\" content=\"2025-09-11T11:28:57+00:00\" \/>\n<meta property=\"og:image\" content=\"https:\/\/www.biopapa.de\/wp-content\/uploads\/2022\/08\/My-project-1-3.png\" \/>\n\t<meta property=\"og:image:width\" content=\"800\" \/>\n\t<meta property=\"og:image:height\" content=\"640\" \/>\n\t<meta property=\"og:image:type\" content=\"image\/png\" \/>\n<meta name=\"twitter:card\" content=\"summary_large_image\" \/>\n<meta name=\"twitter:label1\" content=\"Est. reading time\" \/>\n\t<meta name=\"twitter:data1\" content=\"1 minut\u0117\" \/>\n<script type=\"application\/ld+json\" class=\"yoast-schema-graph\">{\"@context\":\"https:\\\/\\\/schema.org\",\"@graph\":[{\"@type\":\"WebPage\",\"@id\":\"https:\\\/\\\/www.biopapa.de\\\/lt\\\/producte\\\/ekologiski-vaistines-juodmirtes-camu-camu-milteliai\\\/\",\"url\":\"https:\\\/\\\/www.biopapa.de\\\/lt\\\/producte\\\/ekologiski-vaistines-juodmirtes-camu-camu-milteliai\\\/\",\"name\":\"Ekologi\u0161ki vaistin\u0117s juodmirt\u0117s CAMU CAMU milteliai - Biopapa\",\"isPartOf\":{\"@id\":\"https:\\\/\\\/www.biopapa.de\\\/lt\\\/#website\"},\"primaryImageOfPage\":{\"@id\":\"https:\\\/\\\/www.biopapa.de\\\/lt\\\/producte\\\/ekologiski-vaistines-juodmirtes-camu-camu-milteliai\\\/#primaryimage\"},\"image\":{\"@id\":\"https:\\\/\\\/www.biopapa.de\\\/lt\\\/producte\\\/ekologiski-vaistines-juodmirtes-camu-camu-milteliai\\\/#primaryimage\"},\"thumbnailUrl\":\"https:\\\/\\\/www.biopapa.de\\\/wp-content\\\/uploads\\\/2022\\\/08\\\/My-project-1-3.png\",\"datePublished\":\"2022-08-25T11:12:01+00:00\",\"dateModified\":\"2025-09-11T11:28:57+00:00\",\"description\":\"Camu Camu yra ma\u017eas, r\u016bg\u0161tus vaisius, augantis Peru, Brazilijoje, Kolumbijoje ir Venesueloje, Amazon\u0117s mi\u0161kuose. Jis gars\u0117ja i\u0161skirtinai dideliu vitamino C kiekiu, kartu su kitomis naudingomis med\u017eiagomis.\",\"breadcrumb\":{\"@id\":\"https:\\\/\\\/www.biopapa.de\\\/lt\\\/producte\\\/ekologiski-vaistines-juodmirtes-camu-camu-milteliai\\\/#breadcrumb\"},\"inLanguage\":\"lt-LT\",\"potentialAction\":[{\"@type\":\"ReadAction\",\"target\":[\"https:\\\/\\\/www.biopapa.de\\\/lt\\\/producte\\\/ekologiski-vaistines-juodmirtes-camu-camu-milteliai\\\/\"]}]},{\"@type\":\"ImageObject\",\"inLanguage\":\"lt-LT\",\"@id\":\"https:\\\/\\\/www.biopapa.de\\\/lt\\\/producte\\\/ekologiski-vaistines-juodmirtes-camu-camu-milteliai\\\/#primaryimage\",\"url\":\"https:\\\/\\\/www.biopapa.de\\\/wp-content\\\/uploads\\\/2022\\\/08\\\/My-project-1-3.png\",\"contentUrl\":\"https:\\\/\\\/www.biopapa.de\\\/wp-content\\\/uploads\\\/2022\\\/08\\\/My-project-1-3.png\",\"width\":800,\"height\":640,\"caption\":\"Ekologi\u0161ki vaistin\u0117s juodmirt\u0117s CAMU CAMU milteliai su Vitaminu C\"},{\"@type\":\"BreadcrumbList\",\"@id\":\"https:\\\/\\\/www.biopapa.de\\\/lt\\\/producte\\\/ekologiski-vaistines-juodmirtes-camu-camu-milteliai\\\/#breadcrumb\",\"itemListElement\":[{\"@type\":\"ListItem\",\"position\":1,\"name\":\"Home\",\"item\":\"https:\\\/\\\/www.biopapa.de\\\/lt\\\/\"},{\"@type\":\"ListItem\",\"position\":2,\"name\":\"Parduotuv\u0117\",\"item\":\"https:\\\/\\\/www.biopapa.de\\\/parduotuve\\\/\"},{\"@type\":\"ListItem\",\"position\":3,\"name\":\"Ekologi\u0161ki vaistin\u0117s juodmirt\u0117s CAMU CAMU milteliai\"}]},{\"@type\":\"WebSite\",\"@id\":\"https:\\\/\\\/www.biopapa.de\\\/lt\\\/#website\",\"url\":\"https:\\\/\\\/www.biopapa.de\\\/lt\\\/\",\"name\":\"Biopapa\",\"description\":\"\u0160var\u016bs ekologi\u0161ki produktai\",\"publisher\":{\"@id\":\"https:\\\/\\\/www.biopapa.de\\\/lt\\\/#organization\"},\"potentialAction\":[{\"@type\":\"SearchAction\",\"target\":{\"@type\":\"EntryPoint\",\"urlTemplate\":\"https:\\\/\\\/www.biopapa.de\\\/lt\\\/?s={search_term_string}\"},\"query-input\":{\"@type\":\"PropertyValueSpecification\",\"valueRequired\":true,\"valueName\":\"search_term_string\"}}],\"inLanguage\":\"lt-LT\"},{\"@type\":\"Organization\",\"@id\":\"https:\\\/\\\/www.biopapa.de\\\/lt\\\/#organization\",\"name\":\"Biopapa\",\"url\":\"https:\\\/\\\/www.biopapa.de\\\/lt\\\/\",\"logo\":{\"@type\":\"ImageObject\",\"inLanguage\":\"lt-LT\",\"@id\":\"https:\\\/\\\/www.biopapa.de\\\/lt\\\/#\\\/schema\\\/logo\\\/image\\\/\",\"url\":\"https:\\\/\\\/www.biopapa.lt\\\/wp-content\\\/uploads\\\/2022\\\/04\\\/facebook_biopapa.jpg\",\"contentUrl\":\"https:\\\/\\\/www.biopapa.lt\\\/wp-content\\\/uploads\\\/2022\\\/04\\\/facebook_biopapa.jpg\",\"width\":1733,\"height\":907,\"caption\":\"Biopapa\"},\"image\":{\"@id\":\"https:\\\/\\\/www.biopapa.de\\\/lt\\\/#\\\/schema\\\/logo\\\/image\\\/\"},\"sameAs\":[\"https:\\\/\\\/www.facebook.com\\\/biopapa.lt\"]}]}<\/script>\n<!-- \/ Yoast SEO plugin. -->","yoast_head_json":{"title":"Ekologi\u0161ki vaistin\u0117s juodmirt\u0117s CAMU CAMU milteliai - Biopapa","description":"Camu Camu yra ma\u017eas, r\u016bg\u0161tus vaisius, augantis Peru, Brazilijoje, Kolumbijoje ir Venesueloje, Amazon\u0117s mi\u0161kuose. Jis gars\u0117ja i\u0161skirtinai dideliu vitamino C kiekiu, kartu su kitomis naudingomis med\u017eiagomis.","robots":{"index":"index","follow":"follow","max-snippet":"max-snippet:-1","max-image-preview":"max-image-preview:large","max-video-preview":"max-video-preview:-1"},"canonical":"https:\/\/www.biopapa.de\/lt\/producte\/ekologiski-vaistines-juodmirtes-camu-camu-milteliai\/","og_locale":"lt_LT","og_type":"article","og_title":"Ekologi\u0161ki vaistin\u0117s juodmirt\u0117s CAMU CAMU milteliai - Biopapa","og_description":"Camu Camu yra ma\u017eas, r\u016bg\u0161tus vaisius, augantis Peru, Brazilijoje, Kolumbijoje ir Venesueloje, Amazon\u0117s mi\u0161kuose. Jis gars\u0117ja i\u0161skirtinai dideliu vitamino C kiekiu, kartu su kitomis naudingomis med\u017eiagomis.","og_url":"https:\/\/www.biopapa.de\/lt\/producte\/ekologiski-vaistines-juodmirtes-camu-camu-milteliai\/","og_site_name":"Biopapa","article_publisher":"https:\/\/www.facebook.com\/biopapa.lt","article_modified_time":"2025-09-11T11:28:57+00:00","og_image":[{"width":800,"height":640,"url":"https:\/\/www.biopapa.de\/wp-content\/uploads\/2022\/08\/My-project-1-3.png","type":"image\/png"}],"twitter_card":"summary_large_image","twitter_misc":{"Est. reading time":"1 minut\u0117"},"schema":{"@context":"https:\/\/schema.org","@graph":[{"@type":"WebPage","@id":"https:\/\/www.biopapa.de\/lt\/producte\/ekologiski-vaistines-juodmirtes-camu-camu-milteliai\/","url":"https:\/\/www.biopapa.de\/lt\/producte\/ekologiski-vaistines-juodmirtes-camu-camu-milteliai\/","name":"Ekologi\u0161ki vaistin\u0117s juodmirt\u0117s CAMU CAMU milteliai - Biopapa","isPartOf":{"@id":"https:\/\/www.biopapa.de\/lt\/#website"},"primaryImageOfPage":{"@id":"https:\/\/www.biopapa.de\/lt\/producte\/ekologiski-vaistines-juodmirtes-camu-camu-milteliai\/#primaryimage"},"image":{"@id":"https:\/\/www.biopapa.de\/lt\/producte\/ekologiski-vaistines-juodmirtes-camu-camu-milteliai\/#primaryimage"},"thumbnailUrl":"https:\/\/www.biopapa.de\/wp-content\/uploads\/2022\/08\/My-project-1-3.png","datePublished":"2022-08-25T11:12:01+00:00","dateModified":"2025-09-11T11:28:57+00:00","description":"Camu Camu yra ma\u017eas, r\u016bg\u0161tus vaisius, augantis Peru, Brazilijoje, Kolumbijoje ir Venesueloje, Amazon\u0117s mi\u0161kuose. Jis gars\u0117ja i\u0161skirtinai dideliu vitamino C kiekiu, kartu su kitomis naudingomis med\u017eiagomis.","breadcrumb":{"@id":"https:\/\/www.biopapa.de\/lt\/producte\/ekologiski-vaistines-juodmirtes-camu-camu-milteliai\/#breadcrumb"},"inLanguage":"lt-LT","potentialAction":[{"@type":"ReadAction","target":["https:\/\/www.biopapa.de\/lt\/producte\/ekologiski-vaistines-juodmirtes-camu-camu-milteliai\/"]}]},{"@type":"ImageObject","inLanguage":"lt-LT","@id":"https:\/\/www.biopapa.de\/lt\/producte\/ekologiski-vaistines-juodmirtes-camu-camu-milteliai\/#primaryimage","url":"https:\/\/www.biopapa.de\/wp-content\/uploads\/2022\/08\/My-project-1-3.png","contentUrl":"https:\/\/www.biopapa.de\/wp-content\/uploads\/2022\/08\/My-project-1-3.png","width":800,"height":640,"caption":"Ekologi\u0161ki vaistin\u0117s juodmirt\u0117s CAMU CAMU milteliai su Vitaminu C"},{"@type":"BreadcrumbList","@id":"https:\/\/www.biopapa.de\/lt\/producte\/ekologiski-vaistines-juodmirtes-camu-camu-milteliai\/#breadcrumb","itemListElement":[{"@type":"ListItem","position":1,"name":"Home","item":"https:\/\/www.biopapa.de\/lt\/"},{"@type":"ListItem","position":2,"name":"Parduotuv\u0117","item":"https:\/\/www.biopapa.de\/parduotuve\/"},{"@type":"ListItem","position":3,"name":"Ekologi\u0161ki vaistin\u0117s juodmirt\u0117s CAMU CAMU milteliai"}]},{"@type":"WebSite","@id":"https:\/\/www.biopapa.de\/lt\/#website","url":"https:\/\/www.biopapa.de\/lt\/","name":"Biopapa","description":"\u0160var\u016bs ekologi\u0161ki produktai","publisher":{"@id":"https:\/\/www.biopapa.de\/lt\/#organization"},"potentialAction":[{"@type":"SearchAction","target":{"@type":"EntryPoint","urlTemplate":"https:\/\/www.biopapa.de\/lt\/?s={search_term_string}"},"query-input":{"@type":"PropertyValueSpecification","valueRequired":true,"valueName":"search_term_string"}}],"inLanguage":"lt-LT"},{"@type":"Organization","@id":"https:\/\/www.biopapa.de\/lt\/#organization","name":"Biopapa","url":"https:\/\/www.biopapa.de\/lt\/","logo":{"@type":"ImageObject","inLanguage":"lt-LT","@id":"https:\/\/www.biopapa.de\/lt\/#\/schema\/logo\/image\/","url":"https:\/\/www.biopapa.lt\/wp-content\/uploads\/2022\/04\/facebook_biopapa.jpg","contentUrl":"https:\/\/www.biopapa.lt\/wp-content\/uploads\/2022\/04\/facebook_biopapa.jpg","width":1733,"height":907,"caption":"Biopapa"},"image":{"@id":"https:\/\/www.biopapa.de\/lt\/#\/schema\/logo\/image\/"},"sameAs":["https:\/\/www.facebook.com\/biopapa.lt"]}]}},"_links":{"self":[{"href":"https:\/\/www.biopapa.de\/lt\/wp-json\/wp\/v2\/product\/19878","targetHints":{"allow":["GET"]}}],"collection":[{"href":"https:\/\/www.biopapa.de\/lt\/wp-json\/wp\/v2\/product"}],"about":[{"href":"https:\/\/www.biopapa.de\/lt\/wp-json\/wp\/v2\/types\/product"}],"wp:featuredmedia":[{"embeddable":true,"href":"https:\/\/www.biopapa.de\/lt\/wp-json\/wp\/v2\/media\/23060"}],"wp:attachment":[{"href":"https:\/\/www.biopapa.de\/lt\/wp-json\/wp\/v2\/media?parent=19878"}],"wp:term":[{"taxonomy":"product_brand","embeddable":true,"href":"https:\/\/www.biopapa.de\/lt\/wp-json\/wp\/v2\/product_brand?post=19878"},{"taxonomy":"product_cat","embeddable":true,"href":"https:\/\/www.biopapa.de\/lt\/wp-json\/wp\/v2\/product_cat?post=19878"},{"taxonomy":"product_tag","embeddable":true,"href":"https:\/\/www.biopapa.de\/lt\/wp-json\/wp\/v2\/product_tag?post=19878"}],"curies":[{"name":"wp","href":"https:\/\/api.w.org\/{rel}","templated":true}]}}