{"id":20026,"date":"2022-09-07T08:37:24","date_gmt":"2022-09-07T05:37:24","guid":{"rendered":"https:\/\/www.biopapa.lt\/?post_type=product&#038;p=20026"},"modified":"2026-04-16T10:28:29","modified_gmt":"2026-04-16T07:28:29","slug":"ekologiskas-ryziu-baltymu-izoliatas-80","status":"publish","type":"product","link":"https:\/\/www.biopapa.de\/lt\/producte\/ekologiskas-ryziu-baltymu-izoliatas-80\/","title":{"rendered":"Ekologi\u0161kas ry\u017ei\u0173 baltym\u0173 izoliatas 80%"},"content":{"rendered":"<p><strong>Ekologi\u0161kas ry\u017ei\u0173 baltym\u0173 izoliatas 80%<\/strong><br \/>\nProduktas skirtas sportininkams arba \u017emon\u0117ms, kurie nori papildyti mityb\u0105 baltymais. Augalin\u0117s kilm\u0117s baltymai skirti tiems, kurie negali arba nenori vartoti gyvulin\u0117s kilm\u0117s baltym\u0173. I\u0161 ry\u017ei\u0173 gaunami baltymai galimai palaiko raumen\u0173 mas\u0117s augim\u0105, padeda atsistatyti po sunki\u0173 treniruo\u010di\u0173. Produktas turi daug skaidul\u0173.<br \/>\nVartokite sumai\u0161ydami 1-2 arbatinius \u0161auk\u0161telius produkto su vandeniu arba augaliniu pienu.<\/p>\n<p><em>PASTABA. \u010cia pateikta informacija negali b\u016bti interpretuojama kaip gydymo ar kitokio pob\u016bd\u017eio sveikatos klausim\u0173 sprendimo rekomendacija. Raginame sprendimus, susijusius su asmenine sveikata, priimti asmeni\u0161kai, \u012fvertinus \u012fvairius informacijos \u0161altinius.<\/em><\/p>\n<p>&nbsp;<\/p>\n","protected":false},"excerpt":{"rendered":"<p>Ekologi\u0161kas ry\u017ei\u0173 baltym\u0173 izoliatas 80% Produktas skirtas sportininkams arba \u017emon\u0117ms, kurie nori papildyti mityb\u0105 baltymais. Augalin\u0117s kilm\u0117s baltymai skirti tiems,<\/p>\n","protected":false},"featured_media":22329,"template":"","meta":{"_acf_changed":false},"product_brand":[],"product_cat":[1216,2349],"product_tag":[1433,1378],"class_list":{"0":"post-20026","1":"product","2":"type-product","3":"status-publish","4":"has-post-thumbnail","6":"product_cat-augalinis-supermaistas","7":"product_cat-milteliai","8":"product_tag-baltymu-saltinis","9":"product_tag-veganams","10":"pa_svoris-1-kg","11":"pa_svoris-100-g","12":"pa_svoris-20-kg","13":"pa_svoris-200-g","14":"pa_svoris-300-g","15":"pa_svoris-400-g","16":"pa_svoris-50-g","17":"pa_svoris-500-g","19":"first","20":"outofstock","21":"shipping-taxable","22":"purchasable","23":"product-type-variable"},"acf":[],"yoast_head":"<!-- This site is optimized with the Yoast SEO plugin v27.5 - https:\/\/yoast.com\/product\/yoast-seo-wordpress\/ -->\n<title>Ekologi\u0161kas ry\u017ei\u0173 baltym\u0173 izoliatas 80% - Biopapa<\/title>\n<meta name=\"description\" content=\"Produktas skirtas sportininkams arba \u017emon\u0117ms, kurie nori papildyti mityb\u0105 baltymais.\" \/>\n<meta name=\"robots\" content=\"index, follow, max-snippet:-1, max-image-preview:large, max-video-preview:-1\" \/>\n<link rel=\"canonical\" href=\"https:\/\/www.biopapa.de\/lt\/producte\/ekologiskas-ryziu-baltymu-izoliatas-80\/\" \/>\n<meta property=\"og:locale\" content=\"lt_LT\" \/>\n<meta property=\"og:type\" content=\"article\" \/>\n<meta property=\"og:title\" content=\"Ekologi\u0161kas ry\u017ei\u0173 baltym\u0173 izoliatas 80% - Biopapa\" \/>\n<meta property=\"og:description\" content=\"Produktas skirtas sportininkams arba \u017emon\u0117ms, kurie nori papildyti mityb\u0105 baltymais.\" \/>\n<meta property=\"og:url\" content=\"https:\/\/www.biopapa.de\/lt\/producte\/ekologiskas-ryziu-baltymu-izoliatas-80\/\" \/>\n<meta property=\"og:site_name\" content=\"Biopapa\" \/>\n<meta property=\"article:publisher\" content=\"https:\/\/www.facebook.com\/biopapa.lt\" \/>\n<meta property=\"article:modified_time\" content=\"2026-04-16T07:28:29+00:00\" \/>\n<meta property=\"og:image\" content=\"https:\/\/www.biopapa.de\/wp-content\/uploads\/2022\/09\/Ekologiskas-ryziu-baltymu-izoliatas-80.png\" \/>\n\t<meta property=\"og:image:width\" content=\"800\" \/>\n\t<meta property=\"og:image:height\" content=\"640\" \/>\n\t<meta property=\"og:image:type\" content=\"image\/png\" \/>\n<meta name=\"twitter:card\" content=\"summary_large_image\" \/>\n<script type=\"application\/ld+json\" class=\"yoast-schema-graph\">{\"@context\":\"https:\\\/\\\/schema.org\",\"@graph\":[{\"@type\":\"WebPage\",\"@id\":\"https:\\\/\\\/www.biopapa.de\\\/lt\\\/producte\\\/ekologiskas-ryziu-baltymu-izoliatas-80\\\/\",\"url\":\"https:\\\/\\\/www.biopapa.de\\\/lt\\\/producte\\\/ekologiskas-ryziu-baltymu-izoliatas-80\\\/\",\"name\":\"Ekologi\u0161kas ry\u017ei\u0173 baltym\u0173 izoliatas 80% - Biopapa\",\"isPartOf\":{\"@id\":\"https:\\\/\\\/www.biopapa.de\\\/lt\\\/#website\"},\"primaryImageOfPage\":{\"@id\":\"https:\\\/\\\/www.biopapa.de\\\/lt\\\/producte\\\/ekologiskas-ryziu-baltymu-izoliatas-80\\\/#primaryimage\"},\"image\":{\"@id\":\"https:\\\/\\\/www.biopapa.de\\\/lt\\\/producte\\\/ekologiskas-ryziu-baltymu-izoliatas-80\\\/#primaryimage\"},\"thumbnailUrl\":\"https:\\\/\\\/www.biopapa.de\\\/wp-content\\\/uploads\\\/2022\\\/09\\\/Ekologiskas-ryziu-baltymu-izoliatas-80.png\",\"datePublished\":\"2022-09-07T05:37:24+00:00\",\"dateModified\":\"2026-04-16T07:28:29+00:00\",\"description\":\"Produktas skirtas sportininkams arba \u017emon\u0117ms, kurie nori papildyti mityb\u0105 baltymais.\",\"breadcrumb\":{\"@id\":\"https:\\\/\\\/www.biopapa.de\\\/lt\\\/producte\\\/ekologiskas-ryziu-baltymu-izoliatas-80\\\/#breadcrumb\"},\"inLanguage\":\"lt-LT\",\"potentialAction\":[{\"@type\":\"ReadAction\",\"target\":[\"https:\\\/\\\/www.biopapa.de\\\/lt\\\/producte\\\/ekologiskas-ryziu-baltymu-izoliatas-80\\\/\"]}]},{\"@type\":\"ImageObject\",\"inLanguage\":\"lt-LT\",\"@id\":\"https:\\\/\\\/www.biopapa.de\\\/lt\\\/producte\\\/ekologiskas-ryziu-baltymu-izoliatas-80\\\/#primaryimage\",\"url\":\"https:\\\/\\\/www.biopapa.de\\\/wp-content\\\/uploads\\\/2022\\\/09\\\/Ekologiskas-ryziu-baltymu-izoliatas-80.png\",\"contentUrl\":\"https:\\\/\\\/www.biopapa.de\\\/wp-content\\\/uploads\\\/2022\\\/09\\\/Ekologiskas-ryziu-baltymu-izoliatas-80.png\",\"width\":800,\"height\":640,\"caption\":\"Ekologi\u0161kas ry\u017ei\u0173 baltym\u0173 izoliatas 80%\"},{\"@type\":\"BreadcrumbList\",\"@id\":\"https:\\\/\\\/www.biopapa.de\\\/lt\\\/producte\\\/ekologiskas-ryziu-baltymu-izoliatas-80\\\/#breadcrumb\",\"itemListElement\":[{\"@type\":\"ListItem\",\"position\":1,\"name\":\"Home\",\"item\":\"https:\\\/\\\/www.biopapa.de\\\/lt\\\/\"},{\"@type\":\"ListItem\",\"position\":2,\"name\":\"Parduotuv\u0117\",\"item\":\"https:\\\/\\\/www.biopapa.de\\\/parduotuve\\\/\"},{\"@type\":\"ListItem\",\"position\":3,\"name\":\"Ekologi\u0161kas ry\u017ei\u0173 baltym\u0173 izoliatas 80%\"}]},{\"@type\":\"WebSite\",\"@id\":\"https:\\\/\\\/www.biopapa.de\\\/lt\\\/#website\",\"url\":\"https:\\\/\\\/www.biopapa.de\\\/lt\\\/\",\"name\":\"Biopapa\",\"description\":\"\u0160var\u016bs ekologi\u0161ki produktai\",\"publisher\":{\"@id\":\"https:\\\/\\\/www.biopapa.de\\\/lt\\\/#organization\"},\"potentialAction\":[{\"@type\":\"SearchAction\",\"target\":{\"@type\":\"EntryPoint\",\"urlTemplate\":\"https:\\\/\\\/www.biopapa.de\\\/lt\\\/?s={search_term_string}\"},\"query-input\":{\"@type\":\"PropertyValueSpecification\",\"valueRequired\":true,\"valueName\":\"search_term_string\"}}],\"inLanguage\":\"lt-LT\"},{\"@type\":\"Organization\",\"@id\":\"https:\\\/\\\/www.biopapa.de\\\/lt\\\/#organization\",\"name\":\"Biopapa\",\"url\":\"https:\\\/\\\/www.biopapa.de\\\/lt\\\/\",\"logo\":{\"@type\":\"ImageObject\",\"inLanguage\":\"lt-LT\",\"@id\":\"https:\\\/\\\/www.biopapa.de\\\/lt\\\/#\\\/schema\\\/logo\\\/image\\\/\",\"url\":\"https:\\\/\\\/www.biopapa.lt\\\/wp-content\\\/uploads\\\/2022\\\/04\\\/facebook_biopapa.jpg\",\"contentUrl\":\"https:\\\/\\\/www.biopapa.lt\\\/wp-content\\\/uploads\\\/2022\\\/04\\\/facebook_biopapa.jpg\",\"width\":1733,\"height\":907,\"caption\":\"Biopapa\"},\"image\":{\"@id\":\"https:\\\/\\\/www.biopapa.de\\\/lt\\\/#\\\/schema\\\/logo\\\/image\\\/\"},\"sameAs\":[\"https:\\\/\\\/www.facebook.com\\\/biopapa.lt\"]}]}<\/script>\n<!-- \/ Yoast SEO plugin. -->","yoast_head_json":{"title":"Ekologi\u0161kas ry\u017ei\u0173 baltym\u0173 izoliatas 80% - Biopapa","description":"Produktas skirtas sportininkams arba \u017emon\u0117ms, kurie nori papildyti mityb\u0105 baltymais.","robots":{"index":"index","follow":"follow","max-snippet":"max-snippet:-1","max-image-preview":"max-image-preview:large","max-video-preview":"max-video-preview:-1"},"canonical":"https:\/\/www.biopapa.de\/lt\/producte\/ekologiskas-ryziu-baltymu-izoliatas-80\/","og_locale":"lt_LT","og_type":"article","og_title":"Ekologi\u0161kas ry\u017ei\u0173 baltym\u0173 izoliatas 80% - Biopapa","og_description":"Produktas skirtas sportininkams arba \u017emon\u0117ms, kurie nori papildyti mityb\u0105 baltymais.","og_url":"https:\/\/www.biopapa.de\/lt\/producte\/ekologiskas-ryziu-baltymu-izoliatas-80\/","og_site_name":"Biopapa","article_publisher":"https:\/\/www.facebook.com\/biopapa.lt","article_modified_time":"2026-04-16T07:28:29+00:00","og_image":[{"width":800,"height":640,"url":"https:\/\/www.biopapa.de\/wp-content\/uploads\/2022\/09\/Ekologiskas-ryziu-baltymu-izoliatas-80.png","type":"image\/png"}],"twitter_card":"summary_large_image","schema":{"@context":"https:\/\/schema.org","@graph":[{"@type":"WebPage","@id":"https:\/\/www.biopapa.de\/lt\/producte\/ekologiskas-ryziu-baltymu-izoliatas-80\/","url":"https:\/\/www.biopapa.de\/lt\/producte\/ekologiskas-ryziu-baltymu-izoliatas-80\/","name":"Ekologi\u0161kas ry\u017ei\u0173 baltym\u0173 izoliatas 80% - Biopapa","isPartOf":{"@id":"https:\/\/www.biopapa.de\/lt\/#website"},"primaryImageOfPage":{"@id":"https:\/\/www.biopapa.de\/lt\/producte\/ekologiskas-ryziu-baltymu-izoliatas-80\/#primaryimage"},"image":{"@id":"https:\/\/www.biopapa.de\/lt\/producte\/ekologiskas-ryziu-baltymu-izoliatas-80\/#primaryimage"},"thumbnailUrl":"https:\/\/www.biopapa.de\/wp-content\/uploads\/2022\/09\/Ekologiskas-ryziu-baltymu-izoliatas-80.png","datePublished":"2022-09-07T05:37:24+00:00","dateModified":"2026-04-16T07:28:29+00:00","description":"Produktas skirtas sportininkams arba \u017emon\u0117ms, kurie nori papildyti mityb\u0105 baltymais.","breadcrumb":{"@id":"https:\/\/www.biopapa.de\/lt\/producte\/ekologiskas-ryziu-baltymu-izoliatas-80\/#breadcrumb"},"inLanguage":"lt-LT","potentialAction":[{"@type":"ReadAction","target":["https:\/\/www.biopapa.de\/lt\/producte\/ekologiskas-ryziu-baltymu-izoliatas-80\/"]}]},{"@type":"ImageObject","inLanguage":"lt-LT","@id":"https:\/\/www.biopapa.de\/lt\/producte\/ekologiskas-ryziu-baltymu-izoliatas-80\/#primaryimage","url":"https:\/\/www.biopapa.de\/wp-content\/uploads\/2022\/09\/Ekologiskas-ryziu-baltymu-izoliatas-80.png","contentUrl":"https:\/\/www.biopapa.de\/wp-content\/uploads\/2022\/09\/Ekologiskas-ryziu-baltymu-izoliatas-80.png","width":800,"height":640,"caption":"Ekologi\u0161kas ry\u017ei\u0173 baltym\u0173 izoliatas 80%"},{"@type":"BreadcrumbList","@id":"https:\/\/www.biopapa.de\/lt\/producte\/ekologiskas-ryziu-baltymu-izoliatas-80\/#breadcrumb","itemListElement":[{"@type":"ListItem","position":1,"name":"Home","item":"https:\/\/www.biopapa.de\/lt\/"},{"@type":"ListItem","position":2,"name":"Parduotuv\u0117","item":"https:\/\/www.biopapa.de\/parduotuve\/"},{"@type":"ListItem","position":3,"name":"Ekologi\u0161kas ry\u017ei\u0173 baltym\u0173 izoliatas 80%"}]},{"@type":"WebSite","@id":"https:\/\/www.biopapa.de\/lt\/#website","url":"https:\/\/www.biopapa.de\/lt\/","name":"Biopapa","description":"\u0160var\u016bs ekologi\u0161ki produktai","publisher":{"@id":"https:\/\/www.biopapa.de\/lt\/#organization"},"potentialAction":[{"@type":"SearchAction","target":{"@type":"EntryPoint","urlTemplate":"https:\/\/www.biopapa.de\/lt\/?s={search_term_string}"},"query-input":{"@type":"PropertyValueSpecification","valueRequired":true,"valueName":"search_term_string"}}],"inLanguage":"lt-LT"},{"@type":"Organization","@id":"https:\/\/www.biopapa.de\/lt\/#organization","name":"Biopapa","url":"https:\/\/www.biopapa.de\/lt\/","logo":{"@type":"ImageObject","inLanguage":"lt-LT","@id":"https:\/\/www.biopapa.de\/lt\/#\/schema\/logo\/image\/","url":"https:\/\/www.biopapa.lt\/wp-content\/uploads\/2022\/04\/facebook_biopapa.jpg","contentUrl":"https:\/\/www.biopapa.lt\/wp-content\/uploads\/2022\/04\/facebook_biopapa.jpg","width":1733,"height":907,"caption":"Biopapa"},"image":{"@id":"https:\/\/www.biopapa.de\/lt\/#\/schema\/logo\/image\/"},"sameAs":["https:\/\/www.facebook.com\/biopapa.lt"]}]}},"_links":{"self":[{"href":"https:\/\/www.biopapa.de\/lt\/wp-json\/wp\/v2\/product\/20026","targetHints":{"allow":["GET"]}}],"collection":[{"href":"https:\/\/www.biopapa.de\/lt\/wp-json\/wp\/v2\/product"}],"about":[{"href":"https:\/\/www.biopapa.de\/lt\/wp-json\/wp\/v2\/types\/product"}],"wp:featuredmedia":[{"embeddable":true,"href":"https:\/\/www.biopapa.de\/lt\/wp-json\/wp\/v2\/media\/22329"}],"wp:attachment":[{"href":"https:\/\/www.biopapa.de\/lt\/wp-json\/wp\/v2\/media?parent=20026"}],"wp:term":[{"taxonomy":"product_brand","embeddable":true,"href":"https:\/\/www.biopapa.de\/lt\/wp-json\/wp\/v2\/product_brand?post=20026"},{"taxonomy":"product_cat","embeddable":true,"href":"https:\/\/www.biopapa.de\/lt\/wp-json\/wp\/v2\/product_cat?post=20026"},{"taxonomy":"product_tag","embeddable":true,"href":"https:\/\/www.biopapa.de\/lt\/wp-json\/wp\/v2\/product_tag?post=20026"}],"curies":[{"name":"wp","href":"https:\/\/api.w.org\/{rel}","templated":true}]}}