{"id":20216,"date":"2022-09-24T07:12:31","date_gmt":"2022-09-24T04:12:31","guid":{"rendered":"https:\/\/www.biopapa.lt\/?post_type=product&#038;p=20216"},"modified":"2026-04-02T10:12:14","modified_gmt":"2026-04-02T07:12:14","slug":"ekologiski-aliejines-kopustpalmes-acai-uogu-milteliai","status":"publish","type":"product","link":"https:\/\/www.biopapa.de\/lt\/producte\/ekologiski-aliejines-kopustpalmes-acai-uogu-milteliai\/","title":{"rendered":"Ekologi\u0161ki Aliejin\u0117s kop\u016bstpalm\u0117s (acai) liofilizuot\u0173 uog\u0173 milteliai"},"content":{"rendered":"<p>Ekologi\u0161ki Aliejin\u0117s kop\u016bstpalm\u0117s (acai) liofilizuot\u0173 uog\u0173 milteliai<br \/>\nAliejin\u0117s kop\u016bstpalm\u0117s (Euterpe oleracea) milteliai yra ma\u017eos, tamsiai violetin\u0117s uogos, kilusios i\u0161 Amazon\u0117s atogr\u0105\u017e\u0173 mi\u0161k\u0173. Vietin\u0117s gentys jas vartojo \u0161imtme\u010diais kaip pagrindin\u012f maisto \u0161altin\u012f ir nat\u016bral\u0173 vaist\u0105. Tradici\u0161kai uogos buvo sutrinamos \u012f tir\u0161t\u0105 mas\u0119 ir valgomos, siekiant gauti energijos ir maistini\u0173 med\u017eiag\u0173. D\u0117l didelio antioksidant\u0173 kiekio i\u0161populiar\u0117jo visame pasaulyje kaip supermaistas, \u017einomas d\u0117l savo naudos sveikatai. \u0160iose uogose gausu skaidul\u0173 ir b\u016btin\u0173 riebal\u0173 r\u016bg\u0161\u010di\u0173.<br \/>\nAliejin\u0117s kop\u016bstpalm\u0117s milteliai, pagaminti i\u0161 d\u017eiovint\u0173 uog\u0173, yra patogus b\u016bdas \u012ftraukti \u0161i\u0105 superuog\u0105 \u012f kasdien\u0119 mityb\u0105. Juos galima mai\u0161yti \u012f kokteilius, barstyti ant jogurto ar avi\u017ein\u0117s ko\u0161\u0117s arba naudoti kepiniuose.<\/p>\n<p>Rekomenduojama paros doz\u0117 yra 1 a. \u0161auk\u0161telis (3\u20136 g), o didesniam antioksidant\u0173 poveikiui galima vartoti iki 1 v. \u0161auk\u0161tas (10-12 g) per dien\u0105. Visada prad\u0117ti nuo ma\u017eesn\u0117s doz\u0117s.<br \/>\nGeriausiam \u012fsisavinimui rekomenduojama vartoti kartu su sveikaisiais riebalais, pavyzd\u017eiui, rie\u0161utais ar kokos\u0173 pienu.<\/p>\n<p>Nors \u0161ie milteliai paprastai yra saug\u016bs, \u017emon\u0117s, turintys alergij\u0105 uogoms ar tam tikr\u0173 sveikatos sutrikim\u0173, tur\u0117t\u0173 atid\u016bs.<\/p>\n<p><em>PASTABA. \u010cia pateikta informacija negali b\u016bti interpretuojama kaip gydymo ar kitokio pob\u016bd\u017eio sveikatos klausim\u0173 sprendimo rekomendacija. Raginame sprendimus, susijusius su asmenine sveikata, priimti asmeni\u0161kai, \u012fvertinus \u012fvairius informacijos \u0161altinius.<\/em><\/p>\n","protected":false},"excerpt":{"rendered":"<p>Ekologi\u0161ki Aliejin\u0117s kop\u016bstpalm\u0117s (acai) liofilizuot\u0173 uog\u0173 milteliai Aliejin\u0117s kop\u016bstpalm\u0117s (Euterpe oleracea) milteliai yra ma\u017eos, tamsiai violetin\u0117s uogos, kilusios i\u0161 Amazon\u0117s<\/p>\n","protected":false},"featured_media":22332,"template":"","meta":{"_acf_changed":false},"product_brand":[],"product_cat":[1216,2349],"product_tag":[1378],"class_list":{"0":"post-20216","1":"product","2":"type-product","3":"status-publish","4":"has-post-thumbnail","6":"product_cat-augalinis-supermaistas","7":"product_cat-milteliai","8":"product_tag-veganams","9":"pa_svoris-1-kg","10":"pa_svoris-10-kg","11":"pa_svoris-100-g","12":"pa_svoris-200-g","13":"pa_svoris-300-g","14":"pa_svoris-400-g","15":"pa_svoris-50-g","16":"pa_svoris-500-g","18":"first","19":"instock","20":"shipping-taxable","21":"purchasable","22":"product-type-variable"},"acf":[],"yoast_head":"<!-- This site is optimized with the Yoast SEO plugin v27.5 - https:\/\/yoast.com\/product\/yoast-seo-wordpress\/ -->\n<title>Ekologi\u0161ki Aliejin\u0117s kop\u016bstpalm\u0117s (acai) liofilizuot\u0173 uog\u0173 milteliai - Biopapa<\/title>\n<meta name=\"description\" content=\"Ekologi\u0161ki d\u017eiovint\u0173 \u0161altyje acai uog\u0173 milteliai yra nepaprastai vertingi m\u016bs\u0173 organizmui.\" \/>\n<meta name=\"robots\" content=\"index, follow, max-snippet:-1, max-image-preview:large, max-video-preview:-1\" \/>\n<link rel=\"canonical\" href=\"https:\/\/www.biopapa.de\/lt\/producte\/ekologiski-aliejines-kopustpalmes-acai-uogu-milteliai\/\" \/>\n<meta property=\"og:locale\" content=\"lt_LT\" \/>\n<meta property=\"og:type\" content=\"article\" \/>\n<meta property=\"og:title\" content=\"Ekologi\u0161ki Aliejin\u0117s kop\u016bstpalm\u0117s (acai) liofilizuot\u0173 uog\u0173 milteliai - Biopapa\" \/>\n<meta property=\"og:description\" content=\"Ekologi\u0161ki d\u017eiovint\u0173 \u0161altyje acai uog\u0173 milteliai yra nepaprastai vertingi m\u016bs\u0173 organizmui.\" \/>\n<meta property=\"og:url\" content=\"https:\/\/www.biopapa.de\/lt\/producte\/ekologiski-aliejines-kopustpalmes-acai-uogu-milteliai\/\" \/>\n<meta property=\"og:site_name\" content=\"Biopapa\" \/>\n<meta property=\"article:publisher\" content=\"https:\/\/www.facebook.com\/biopapa.lt\" \/>\n<meta property=\"article:modified_time\" content=\"2026-04-02T07:12:14+00:00\" \/>\n<meta property=\"og:image\" content=\"https:\/\/www.biopapa.de\/wp-content\/uploads\/2022\/09\/Ekologiski-Aliejines-kopustpalmes-acai-liofilizuotu-uogu-miltelia..png\" \/>\n\t<meta property=\"og:image:width\" content=\"800\" \/>\n\t<meta property=\"og:image:height\" content=\"640\" \/>\n\t<meta property=\"og:image:type\" content=\"image\/png\" \/>\n<meta name=\"twitter:card\" content=\"summary_large_image\" \/>\n<meta name=\"twitter:label1\" content=\"Est. reading time\" \/>\n\t<meta name=\"twitter:data1\" content=\"1 minut\u0117\" \/>\n<script type=\"application\/ld+json\" class=\"yoast-schema-graph\">{\"@context\":\"https:\\\/\\\/schema.org\",\"@graph\":[{\"@type\":\"WebPage\",\"@id\":\"https:\\\/\\\/www.biopapa.de\\\/lt\\\/producte\\\/ekologiski-aliejines-kopustpalmes-acai-uogu-milteliai\\\/\",\"url\":\"https:\\\/\\\/www.biopapa.de\\\/lt\\\/producte\\\/ekologiski-aliejines-kopustpalmes-acai-uogu-milteliai\\\/\",\"name\":\"Ekologi\u0161ki Aliejin\u0117s kop\u016bstpalm\u0117s (acai) liofilizuot\u0173 uog\u0173 milteliai - Biopapa\",\"isPartOf\":{\"@id\":\"https:\\\/\\\/www.biopapa.de\\\/lt\\\/#website\"},\"primaryImageOfPage\":{\"@id\":\"https:\\\/\\\/www.biopapa.de\\\/lt\\\/producte\\\/ekologiski-aliejines-kopustpalmes-acai-uogu-milteliai\\\/#primaryimage\"},\"image\":{\"@id\":\"https:\\\/\\\/www.biopapa.de\\\/lt\\\/producte\\\/ekologiski-aliejines-kopustpalmes-acai-uogu-milteliai\\\/#primaryimage\"},\"thumbnailUrl\":\"https:\\\/\\\/www.biopapa.de\\\/wp-content\\\/uploads\\\/2022\\\/09\\\/Ekologiski-Aliejines-kopustpalmes-acai-liofilizuotu-uogu-miltelia..png\",\"datePublished\":\"2022-09-24T04:12:31+00:00\",\"dateModified\":\"2026-04-02T07:12:14+00:00\",\"description\":\"Ekologi\u0161ki d\u017eiovint\u0173 \u0161altyje acai uog\u0173 milteliai yra nepaprastai vertingi m\u016bs\u0173 organizmui.\",\"breadcrumb\":{\"@id\":\"https:\\\/\\\/www.biopapa.de\\\/lt\\\/producte\\\/ekologiski-aliejines-kopustpalmes-acai-uogu-milteliai\\\/#breadcrumb\"},\"inLanguage\":\"lt-LT\",\"potentialAction\":[{\"@type\":\"ReadAction\",\"target\":[\"https:\\\/\\\/www.biopapa.de\\\/lt\\\/producte\\\/ekologiski-aliejines-kopustpalmes-acai-uogu-milteliai\\\/\"]}]},{\"@type\":\"ImageObject\",\"inLanguage\":\"lt-LT\",\"@id\":\"https:\\\/\\\/www.biopapa.de\\\/lt\\\/producte\\\/ekologiski-aliejines-kopustpalmes-acai-uogu-milteliai\\\/#primaryimage\",\"url\":\"https:\\\/\\\/www.biopapa.de\\\/wp-content\\\/uploads\\\/2022\\\/09\\\/Ekologiski-Aliejines-kopustpalmes-acai-liofilizuotu-uogu-miltelia..png\",\"contentUrl\":\"https:\\\/\\\/www.biopapa.de\\\/wp-content\\\/uploads\\\/2022\\\/09\\\/Ekologiski-Aliejines-kopustpalmes-acai-liofilizuotu-uogu-miltelia..png\",\"width\":800,\"height\":640,\"caption\":\"Ekologi\u0161ki Aliejin\u0117s kop\u016bstpalm\u0117s (acai) liofilizuot\u0173 uog\u0173 milteliai\"},{\"@type\":\"BreadcrumbList\",\"@id\":\"https:\\\/\\\/www.biopapa.de\\\/lt\\\/producte\\\/ekologiski-aliejines-kopustpalmes-acai-uogu-milteliai\\\/#breadcrumb\",\"itemListElement\":[{\"@type\":\"ListItem\",\"position\":1,\"name\":\"Home\",\"item\":\"https:\\\/\\\/www.biopapa.de\\\/lt\\\/\"},{\"@type\":\"ListItem\",\"position\":2,\"name\":\"Parduotuv\u0117\",\"item\":\"https:\\\/\\\/www.biopapa.de\\\/parduotuve\\\/\"},{\"@type\":\"ListItem\",\"position\":3,\"name\":\"Ekologi\u0161ki Aliejin\u0117s kop\u016bstpalm\u0117s (acai) liofilizuot\u0173 uog\u0173 milteliai\"}]},{\"@type\":\"WebSite\",\"@id\":\"https:\\\/\\\/www.biopapa.de\\\/lt\\\/#website\",\"url\":\"https:\\\/\\\/www.biopapa.de\\\/lt\\\/\",\"name\":\"Biopapa\",\"description\":\"\u0160var\u016bs ekologi\u0161ki produktai\",\"publisher\":{\"@id\":\"https:\\\/\\\/www.biopapa.de\\\/lt\\\/#organization\"},\"potentialAction\":[{\"@type\":\"SearchAction\",\"target\":{\"@type\":\"EntryPoint\",\"urlTemplate\":\"https:\\\/\\\/www.biopapa.de\\\/lt\\\/?s={search_term_string}\"},\"query-input\":{\"@type\":\"PropertyValueSpecification\",\"valueRequired\":true,\"valueName\":\"search_term_string\"}}],\"inLanguage\":\"lt-LT\"},{\"@type\":\"Organization\",\"@id\":\"https:\\\/\\\/www.biopapa.de\\\/lt\\\/#organization\",\"name\":\"Biopapa\",\"url\":\"https:\\\/\\\/www.biopapa.de\\\/lt\\\/\",\"logo\":{\"@type\":\"ImageObject\",\"inLanguage\":\"lt-LT\",\"@id\":\"https:\\\/\\\/www.biopapa.de\\\/lt\\\/#\\\/schema\\\/logo\\\/image\\\/\",\"url\":\"https:\\\/\\\/www.biopapa.lt\\\/wp-content\\\/uploads\\\/2022\\\/04\\\/facebook_biopapa.jpg\",\"contentUrl\":\"https:\\\/\\\/www.biopapa.lt\\\/wp-content\\\/uploads\\\/2022\\\/04\\\/facebook_biopapa.jpg\",\"width\":1733,\"height\":907,\"caption\":\"Biopapa\"},\"image\":{\"@id\":\"https:\\\/\\\/www.biopapa.de\\\/lt\\\/#\\\/schema\\\/logo\\\/image\\\/\"},\"sameAs\":[\"https:\\\/\\\/www.facebook.com\\\/biopapa.lt\"]}]}<\/script>\n<!-- \/ Yoast SEO plugin. -->","yoast_head_json":{"title":"Ekologi\u0161ki Aliejin\u0117s kop\u016bstpalm\u0117s (acai) liofilizuot\u0173 uog\u0173 milteliai - Biopapa","description":"Ekologi\u0161ki d\u017eiovint\u0173 \u0161altyje acai uog\u0173 milteliai yra nepaprastai vertingi m\u016bs\u0173 organizmui.","robots":{"index":"index","follow":"follow","max-snippet":"max-snippet:-1","max-image-preview":"max-image-preview:large","max-video-preview":"max-video-preview:-1"},"canonical":"https:\/\/www.biopapa.de\/lt\/producte\/ekologiski-aliejines-kopustpalmes-acai-uogu-milteliai\/","og_locale":"lt_LT","og_type":"article","og_title":"Ekologi\u0161ki Aliejin\u0117s kop\u016bstpalm\u0117s (acai) liofilizuot\u0173 uog\u0173 milteliai - Biopapa","og_description":"Ekologi\u0161ki d\u017eiovint\u0173 \u0161altyje acai uog\u0173 milteliai yra nepaprastai vertingi m\u016bs\u0173 organizmui.","og_url":"https:\/\/www.biopapa.de\/lt\/producte\/ekologiski-aliejines-kopustpalmes-acai-uogu-milteliai\/","og_site_name":"Biopapa","article_publisher":"https:\/\/www.facebook.com\/biopapa.lt","article_modified_time":"2026-04-02T07:12:14+00:00","og_image":[{"width":800,"height":640,"url":"https:\/\/www.biopapa.de\/wp-content\/uploads\/2022\/09\/Ekologiski-Aliejines-kopustpalmes-acai-liofilizuotu-uogu-miltelia..png","type":"image\/png"}],"twitter_card":"summary_large_image","twitter_misc":{"Est. reading time":"1 minut\u0117"},"schema":{"@context":"https:\/\/schema.org","@graph":[{"@type":"WebPage","@id":"https:\/\/www.biopapa.de\/lt\/producte\/ekologiski-aliejines-kopustpalmes-acai-uogu-milteliai\/","url":"https:\/\/www.biopapa.de\/lt\/producte\/ekologiski-aliejines-kopustpalmes-acai-uogu-milteliai\/","name":"Ekologi\u0161ki Aliejin\u0117s kop\u016bstpalm\u0117s (acai) liofilizuot\u0173 uog\u0173 milteliai - Biopapa","isPartOf":{"@id":"https:\/\/www.biopapa.de\/lt\/#website"},"primaryImageOfPage":{"@id":"https:\/\/www.biopapa.de\/lt\/producte\/ekologiski-aliejines-kopustpalmes-acai-uogu-milteliai\/#primaryimage"},"image":{"@id":"https:\/\/www.biopapa.de\/lt\/producte\/ekologiski-aliejines-kopustpalmes-acai-uogu-milteliai\/#primaryimage"},"thumbnailUrl":"https:\/\/www.biopapa.de\/wp-content\/uploads\/2022\/09\/Ekologiski-Aliejines-kopustpalmes-acai-liofilizuotu-uogu-miltelia..png","datePublished":"2022-09-24T04:12:31+00:00","dateModified":"2026-04-02T07:12:14+00:00","description":"Ekologi\u0161ki d\u017eiovint\u0173 \u0161altyje acai uog\u0173 milteliai yra nepaprastai vertingi m\u016bs\u0173 organizmui.","breadcrumb":{"@id":"https:\/\/www.biopapa.de\/lt\/producte\/ekologiski-aliejines-kopustpalmes-acai-uogu-milteliai\/#breadcrumb"},"inLanguage":"lt-LT","potentialAction":[{"@type":"ReadAction","target":["https:\/\/www.biopapa.de\/lt\/producte\/ekologiski-aliejines-kopustpalmes-acai-uogu-milteliai\/"]}]},{"@type":"ImageObject","inLanguage":"lt-LT","@id":"https:\/\/www.biopapa.de\/lt\/producte\/ekologiski-aliejines-kopustpalmes-acai-uogu-milteliai\/#primaryimage","url":"https:\/\/www.biopapa.de\/wp-content\/uploads\/2022\/09\/Ekologiski-Aliejines-kopustpalmes-acai-liofilizuotu-uogu-miltelia..png","contentUrl":"https:\/\/www.biopapa.de\/wp-content\/uploads\/2022\/09\/Ekologiski-Aliejines-kopustpalmes-acai-liofilizuotu-uogu-miltelia..png","width":800,"height":640,"caption":"Ekologi\u0161ki Aliejin\u0117s kop\u016bstpalm\u0117s (acai) liofilizuot\u0173 uog\u0173 milteliai"},{"@type":"BreadcrumbList","@id":"https:\/\/www.biopapa.de\/lt\/producte\/ekologiski-aliejines-kopustpalmes-acai-uogu-milteliai\/#breadcrumb","itemListElement":[{"@type":"ListItem","position":1,"name":"Home","item":"https:\/\/www.biopapa.de\/lt\/"},{"@type":"ListItem","position":2,"name":"Parduotuv\u0117","item":"https:\/\/www.biopapa.de\/parduotuve\/"},{"@type":"ListItem","position":3,"name":"Ekologi\u0161ki Aliejin\u0117s kop\u016bstpalm\u0117s (acai) liofilizuot\u0173 uog\u0173 milteliai"}]},{"@type":"WebSite","@id":"https:\/\/www.biopapa.de\/lt\/#website","url":"https:\/\/www.biopapa.de\/lt\/","name":"Biopapa","description":"\u0160var\u016bs ekologi\u0161ki produktai","publisher":{"@id":"https:\/\/www.biopapa.de\/lt\/#organization"},"potentialAction":[{"@type":"SearchAction","target":{"@type":"EntryPoint","urlTemplate":"https:\/\/www.biopapa.de\/lt\/?s={search_term_string}"},"query-input":{"@type":"PropertyValueSpecification","valueRequired":true,"valueName":"search_term_string"}}],"inLanguage":"lt-LT"},{"@type":"Organization","@id":"https:\/\/www.biopapa.de\/lt\/#organization","name":"Biopapa","url":"https:\/\/www.biopapa.de\/lt\/","logo":{"@type":"ImageObject","inLanguage":"lt-LT","@id":"https:\/\/www.biopapa.de\/lt\/#\/schema\/logo\/image\/","url":"https:\/\/www.biopapa.lt\/wp-content\/uploads\/2022\/04\/facebook_biopapa.jpg","contentUrl":"https:\/\/www.biopapa.lt\/wp-content\/uploads\/2022\/04\/facebook_biopapa.jpg","width":1733,"height":907,"caption":"Biopapa"},"image":{"@id":"https:\/\/www.biopapa.de\/lt\/#\/schema\/logo\/image\/"},"sameAs":["https:\/\/www.facebook.com\/biopapa.lt"]}]}},"_links":{"self":[{"href":"https:\/\/www.biopapa.de\/lt\/wp-json\/wp\/v2\/product\/20216","targetHints":{"allow":["GET"]}}],"collection":[{"href":"https:\/\/www.biopapa.de\/lt\/wp-json\/wp\/v2\/product"}],"about":[{"href":"https:\/\/www.biopapa.de\/lt\/wp-json\/wp\/v2\/types\/product"}],"wp:featuredmedia":[{"embeddable":true,"href":"https:\/\/www.biopapa.de\/lt\/wp-json\/wp\/v2\/media\/22332"}],"wp:attachment":[{"href":"https:\/\/www.biopapa.de\/lt\/wp-json\/wp\/v2\/media?parent=20216"}],"wp:term":[{"taxonomy":"product_brand","embeddable":true,"href":"https:\/\/www.biopapa.de\/lt\/wp-json\/wp\/v2\/product_brand?post=20216"},{"taxonomy":"product_cat","embeddable":true,"href":"https:\/\/www.biopapa.de\/lt\/wp-json\/wp\/v2\/product_cat?post=20216"},{"taxonomy":"product_tag","embeddable":true,"href":"https:\/\/www.biopapa.de\/lt\/wp-json\/wp\/v2\/product_tag?post=20216"}],"curies":[{"name":"wp","href":"https:\/\/api.w.org\/{rel}","templated":true}]}}