{"id":20313,"date":"2022-10-01T06:48:19","date_gmt":"2022-10-01T03:48:19","guid":{"rendered":"https:\/\/www.biopapa.lt\/?post_type=product&#038;p=20313"},"modified":"2026-02-10T16:27:07","modified_gmt":"2026-02-10T14:27:07","slug":"ekologiskos-anyziaus-seklos","status":"publish","type":"product","link":"https:\/\/www.biopapa.de\/lt\/producte\/ekologiskos-anyziaus-seklos\/","title":{"rendered":"Ekologi\u0161kos any\u017eiaus s\u0117klos (Aniseed)"},"content":{"rendered":"<p><strong>Ekologi\u0161kos any\u017eiaus s\u0117klos (Aniseed)<\/strong><br \/>\nAny\u017eiai, yra augalas, kil\u0119s i\u0161 Ryt\u0173 Vidur\u017eemio j\u016bros ir Pietvakari\u0173 Azijos, vertinamas d\u0117l aromating\u0173 s\u0117kl\u0173. Jis buvo naudojamas jau senov\u0117s Egipte, Graikijoje ir Romoje, kur buvo vertinamas tiek kulinarijoje, tiek medicinoje. Tradicin\u0117je medicinoje any\u017eiaus s\u0117klos buvo naudojamas vir\u0161kinimui gerinti, kosuliui mal\u0161inti ir pilvo p\u016btimui ma\u017einti.<br \/>\nLaikui b\u0117gant jis i\u0161plito po Europ\u0105 ir Azij\u0105, tapdamas pagrindine prieskoni\u0173 dalimi daugelyje regionini\u0173 virtuvi\u0173. \u0160iandien any\u017eiaus s\u0117klos visame pasaulyje i\u0161lieka populiarios d\u0117l i\u0161skirtinio skonio ir gydom\u0173j\u0173 savybi\u0173.<br \/>\nS\u0117klos turi sald\u0173, saldymed\u017eio skon\u012f primenant\u012f aromat\u0105 ir da\u017enai naudojamos kepiniams, desertams bei g\u0117rimams pagardinti.<\/p>\n<p>PASTABA. Svetain\u0117je pateikiama informacija negali b\u016bti interpretuojama kaip gydymo ar kitokio pob\u016bd\u017eio sveikatos klausim\u0173 sprendimo rekomendacija. Raginame sprendimus, susijusius su asmenine sveikata, priimti asmeni\u0161kai, \u012fvertinus \u012fvairius informacijos \u0161altinius.<\/p>\n","protected":false},"excerpt":{"rendered":"<p>Ekologi\u0161kos any\u017eiaus s\u0117klos (Aniseed) Any\u017eiai, yra augalas, kil\u0119s i\u0161 Ryt\u0173 Vidur\u017eemio j\u016bros ir Pietvakari\u0173 Azijos, vertinamas d\u0117l aromating\u0173 s\u0117kl\u0173. Jis<\/p>\n","protected":false},"featured_media":23066,"template":"","meta":{"_acf_changed":false},"product_brand":[],"product_cat":[1315],"product_tag":[2755,2816],"class_list":{"0":"post-20313","1":"product","2":"type-product","3":"status-publish","4":"has-post-thumbnail","6":"product_cat-ekologiski-prieskoniai","7":"product_tag-2755","8":"product_tag-2816","9":"pa_svoris-1-kg","10":"pa_svoris-100-g","11":"pa_svoris-200-g","12":"pa_svoris-25-g","13":"pa_svoris-25-kg","14":"pa_svoris-300-g","15":"pa_svoris-400-g","16":"pa_svoris-50-g","17":"pa_svoris-500-g","19":"first","20":"instock","21":"shipping-taxable","22":"purchasable","23":"product-type-variable"},"acf":[],"yoast_head":"<!-- This site is optimized with the Yoast SEO plugin v27.5 - https:\/\/yoast.com\/product\/yoast-seo-wordpress\/ -->\n<title>Ekologi\u0161kos any\u017eiaus s\u0117klos (Aniseed) - Biopapa<\/title>\n<meta name=\"description\" content=\"100% ekologi\u0161kos any\u017eiaus s\u0117klos\" \/>\n<meta name=\"robots\" content=\"index, follow, max-snippet:-1, max-image-preview:large, max-video-preview:-1\" \/>\n<link rel=\"canonical\" href=\"https:\/\/www.biopapa.de\/lt\/producte\/ekologiskos-anyziaus-seklos\/\" \/>\n<meta property=\"og:locale\" content=\"lt_LT\" \/>\n<meta property=\"og:type\" content=\"article\" \/>\n<meta property=\"og:title\" content=\"Ekologi\u0161kos any\u017eiaus s\u0117klos (Aniseed) - Biopapa\" \/>\n<meta property=\"og:description\" content=\"100% ekologi\u0161kos any\u017eiaus s\u0117klos\" \/>\n<meta property=\"og:url\" content=\"https:\/\/www.biopapa.de\/lt\/producte\/ekologiskos-anyziaus-seklos\/\" \/>\n<meta property=\"og:site_name\" content=\"Biopapa\" \/>\n<meta property=\"article:publisher\" content=\"https:\/\/www.facebook.com\/biopapa.lt\" \/>\n<meta property=\"article:modified_time\" content=\"2026-02-10T14:27:07+00:00\" \/>\n<meta property=\"og:image\" content=\"https:\/\/www.biopapa.de\/wp-content\/uploads\/2022\/10\/Ekologiskos-anyziaus-seklos-Aniseed.png\" \/>\n\t<meta property=\"og:image:width\" content=\"800\" \/>\n\t<meta property=\"og:image:height\" content=\"640\" \/>\n\t<meta property=\"og:image:type\" content=\"image\/png\" \/>\n<meta name=\"twitter:card\" content=\"summary_large_image\" \/>\n<meta name=\"twitter:label1\" content=\"Est. reading time\" \/>\n\t<meta name=\"twitter:data1\" content=\"1 minut\u0117\" \/>\n<script type=\"application\/ld+json\" class=\"yoast-schema-graph\">{\"@context\":\"https:\\\/\\\/schema.org\",\"@graph\":[{\"@type\":\"WebPage\",\"@id\":\"https:\\\/\\\/www.biopapa.de\\\/lt\\\/producte\\\/ekologiskos-anyziaus-seklos\\\/\",\"url\":\"https:\\\/\\\/www.biopapa.de\\\/lt\\\/producte\\\/ekologiskos-anyziaus-seklos\\\/\",\"name\":\"Ekologi\u0161kos any\u017eiaus s\u0117klos (Aniseed) - Biopapa\",\"isPartOf\":{\"@id\":\"https:\\\/\\\/www.biopapa.de\\\/lt\\\/#website\"},\"primaryImageOfPage\":{\"@id\":\"https:\\\/\\\/www.biopapa.de\\\/lt\\\/producte\\\/ekologiskos-anyziaus-seklos\\\/#primaryimage\"},\"image\":{\"@id\":\"https:\\\/\\\/www.biopapa.de\\\/lt\\\/producte\\\/ekologiskos-anyziaus-seklos\\\/#primaryimage\"},\"thumbnailUrl\":\"https:\\\/\\\/www.biopapa.de\\\/wp-content\\\/uploads\\\/2022\\\/10\\\/Ekologiskos-anyziaus-seklos-Aniseed.png\",\"datePublished\":\"2022-10-01T03:48:19+00:00\",\"dateModified\":\"2026-02-10T14:27:07+00:00\",\"description\":\"100% ekologi\u0161kos any\u017eiaus s\u0117klos\",\"breadcrumb\":{\"@id\":\"https:\\\/\\\/www.biopapa.de\\\/lt\\\/producte\\\/ekologiskos-anyziaus-seklos\\\/#breadcrumb\"},\"inLanguage\":\"lt-LT\",\"potentialAction\":[{\"@type\":\"ReadAction\",\"target\":[\"https:\\\/\\\/www.biopapa.de\\\/lt\\\/producte\\\/ekologiskos-anyziaus-seklos\\\/\"]}]},{\"@type\":\"ImageObject\",\"inLanguage\":\"lt-LT\",\"@id\":\"https:\\\/\\\/www.biopapa.de\\\/lt\\\/producte\\\/ekologiskos-anyziaus-seklos\\\/#primaryimage\",\"url\":\"https:\\\/\\\/www.biopapa.de\\\/wp-content\\\/uploads\\\/2022\\\/10\\\/Ekologiskos-anyziaus-seklos-Aniseed.png\",\"contentUrl\":\"https:\\\/\\\/www.biopapa.de\\\/wp-content\\\/uploads\\\/2022\\\/10\\\/Ekologiskos-anyziaus-seklos-Aniseed.png\",\"width\":800,\"height\":640,\"caption\":\"Ekologi\u0161kos any\u017eiaus s\u0117klos (Aniseed)\"},{\"@type\":\"BreadcrumbList\",\"@id\":\"https:\\\/\\\/www.biopapa.de\\\/lt\\\/producte\\\/ekologiskos-anyziaus-seklos\\\/#breadcrumb\",\"itemListElement\":[{\"@type\":\"ListItem\",\"position\":1,\"name\":\"Home\",\"item\":\"https:\\\/\\\/www.biopapa.de\\\/lt\\\/\"},{\"@type\":\"ListItem\",\"position\":2,\"name\":\"Parduotuv\u0117\",\"item\":\"https:\\\/\\\/www.biopapa.de\\\/parduotuve\\\/\"},{\"@type\":\"ListItem\",\"position\":3,\"name\":\"Ekologi\u0161kos any\u017eiaus s\u0117klos (Aniseed)\"}]},{\"@type\":\"WebSite\",\"@id\":\"https:\\\/\\\/www.biopapa.de\\\/lt\\\/#website\",\"url\":\"https:\\\/\\\/www.biopapa.de\\\/lt\\\/\",\"name\":\"Biopapa\",\"description\":\"\u0160var\u016bs ekologi\u0161ki produktai\",\"publisher\":{\"@id\":\"https:\\\/\\\/www.biopapa.de\\\/lt\\\/#organization\"},\"potentialAction\":[{\"@type\":\"SearchAction\",\"target\":{\"@type\":\"EntryPoint\",\"urlTemplate\":\"https:\\\/\\\/www.biopapa.de\\\/lt\\\/?s={search_term_string}\"},\"query-input\":{\"@type\":\"PropertyValueSpecification\",\"valueRequired\":true,\"valueName\":\"search_term_string\"}}],\"inLanguage\":\"lt-LT\"},{\"@type\":\"Organization\",\"@id\":\"https:\\\/\\\/www.biopapa.de\\\/lt\\\/#organization\",\"name\":\"Biopapa\",\"url\":\"https:\\\/\\\/www.biopapa.de\\\/lt\\\/\",\"logo\":{\"@type\":\"ImageObject\",\"inLanguage\":\"lt-LT\",\"@id\":\"https:\\\/\\\/www.biopapa.de\\\/lt\\\/#\\\/schema\\\/logo\\\/image\\\/\",\"url\":\"https:\\\/\\\/www.biopapa.lt\\\/wp-content\\\/uploads\\\/2022\\\/04\\\/facebook_biopapa.jpg\",\"contentUrl\":\"https:\\\/\\\/www.biopapa.lt\\\/wp-content\\\/uploads\\\/2022\\\/04\\\/facebook_biopapa.jpg\",\"width\":1733,\"height\":907,\"caption\":\"Biopapa\"},\"image\":{\"@id\":\"https:\\\/\\\/www.biopapa.de\\\/lt\\\/#\\\/schema\\\/logo\\\/image\\\/\"},\"sameAs\":[\"https:\\\/\\\/www.facebook.com\\\/biopapa.lt\"]}]}<\/script>\n<!-- \/ Yoast SEO plugin. -->","yoast_head_json":{"title":"Ekologi\u0161kos any\u017eiaus s\u0117klos (Aniseed) - Biopapa","description":"100% ekologi\u0161kos any\u017eiaus s\u0117klos","robots":{"index":"index","follow":"follow","max-snippet":"max-snippet:-1","max-image-preview":"max-image-preview:large","max-video-preview":"max-video-preview:-1"},"canonical":"https:\/\/www.biopapa.de\/lt\/producte\/ekologiskos-anyziaus-seklos\/","og_locale":"lt_LT","og_type":"article","og_title":"Ekologi\u0161kos any\u017eiaus s\u0117klos (Aniseed) - Biopapa","og_description":"100% ekologi\u0161kos any\u017eiaus s\u0117klos","og_url":"https:\/\/www.biopapa.de\/lt\/producte\/ekologiskos-anyziaus-seklos\/","og_site_name":"Biopapa","article_publisher":"https:\/\/www.facebook.com\/biopapa.lt","article_modified_time":"2026-02-10T14:27:07+00:00","og_image":[{"width":800,"height":640,"url":"https:\/\/www.biopapa.de\/wp-content\/uploads\/2022\/10\/Ekologiskos-anyziaus-seklos-Aniseed.png","type":"image\/png"}],"twitter_card":"summary_large_image","twitter_misc":{"Est. reading time":"1 minut\u0117"},"schema":{"@context":"https:\/\/schema.org","@graph":[{"@type":"WebPage","@id":"https:\/\/www.biopapa.de\/lt\/producte\/ekologiskos-anyziaus-seklos\/","url":"https:\/\/www.biopapa.de\/lt\/producte\/ekologiskos-anyziaus-seklos\/","name":"Ekologi\u0161kos any\u017eiaus s\u0117klos (Aniseed) - Biopapa","isPartOf":{"@id":"https:\/\/www.biopapa.de\/lt\/#website"},"primaryImageOfPage":{"@id":"https:\/\/www.biopapa.de\/lt\/producte\/ekologiskos-anyziaus-seklos\/#primaryimage"},"image":{"@id":"https:\/\/www.biopapa.de\/lt\/producte\/ekologiskos-anyziaus-seklos\/#primaryimage"},"thumbnailUrl":"https:\/\/www.biopapa.de\/wp-content\/uploads\/2022\/10\/Ekologiskos-anyziaus-seklos-Aniseed.png","datePublished":"2022-10-01T03:48:19+00:00","dateModified":"2026-02-10T14:27:07+00:00","description":"100% ekologi\u0161kos any\u017eiaus s\u0117klos","breadcrumb":{"@id":"https:\/\/www.biopapa.de\/lt\/producte\/ekologiskos-anyziaus-seklos\/#breadcrumb"},"inLanguage":"lt-LT","potentialAction":[{"@type":"ReadAction","target":["https:\/\/www.biopapa.de\/lt\/producte\/ekologiskos-anyziaus-seklos\/"]}]},{"@type":"ImageObject","inLanguage":"lt-LT","@id":"https:\/\/www.biopapa.de\/lt\/producte\/ekologiskos-anyziaus-seklos\/#primaryimage","url":"https:\/\/www.biopapa.de\/wp-content\/uploads\/2022\/10\/Ekologiskos-anyziaus-seklos-Aniseed.png","contentUrl":"https:\/\/www.biopapa.de\/wp-content\/uploads\/2022\/10\/Ekologiskos-anyziaus-seklos-Aniseed.png","width":800,"height":640,"caption":"Ekologi\u0161kos any\u017eiaus s\u0117klos (Aniseed)"},{"@type":"BreadcrumbList","@id":"https:\/\/www.biopapa.de\/lt\/producte\/ekologiskos-anyziaus-seklos\/#breadcrumb","itemListElement":[{"@type":"ListItem","position":1,"name":"Home","item":"https:\/\/www.biopapa.de\/lt\/"},{"@type":"ListItem","position":2,"name":"Parduotuv\u0117","item":"https:\/\/www.biopapa.de\/parduotuve\/"},{"@type":"ListItem","position":3,"name":"Ekologi\u0161kos any\u017eiaus s\u0117klos (Aniseed)"}]},{"@type":"WebSite","@id":"https:\/\/www.biopapa.de\/lt\/#website","url":"https:\/\/www.biopapa.de\/lt\/","name":"Biopapa","description":"\u0160var\u016bs ekologi\u0161ki produktai","publisher":{"@id":"https:\/\/www.biopapa.de\/lt\/#organization"},"potentialAction":[{"@type":"SearchAction","target":{"@type":"EntryPoint","urlTemplate":"https:\/\/www.biopapa.de\/lt\/?s={search_term_string}"},"query-input":{"@type":"PropertyValueSpecification","valueRequired":true,"valueName":"search_term_string"}}],"inLanguage":"lt-LT"},{"@type":"Organization","@id":"https:\/\/www.biopapa.de\/lt\/#organization","name":"Biopapa","url":"https:\/\/www.biopapa.de\/lt\/","logo":{"@type":"ImageObject","inLanguage":"lt-LT","@id":"https:\/\/www.biopapa.de\/lt\/#\/schema\/logo\/image\/","url":"https:\/\/www.biopapa.lt\/wp-content\/uploads\/2022\/04\/facebook_biopapa.jpg","contentUrl":"https:\/\/www.biopapa.lt\/wp-content\/uploads\/2022\/04\/facebook_biopapa.jpg","width":1733,"height":907,"caption":"Biopapa"},"image":{"@id":"https:\/\/www.biopapa.de\/lt\/#\/schema\/logo\/image\/"},"sameAs":["https:\/\/www.facebook.com\/biopapa.lt"]}]}},"_links":{"self":[{"href":"https:\/\/www.biopapa.de\/lt\/wp-json\/wp\/v2\/product\/20313","targetHints":{"allow":["GET"]}}],"collection":[{"href":"https:\/\/www.biopapa.de\/lt\/wp-json\/wp\/v2\/product"}],"about":[{"href":"https:\/\/www.biopapa.de\/lt\/wp-json\/wp\/v2\/types\/product"}],"wp:featuredmedia":[{"embeddable":true,"href":"https:\/\/www.biopapa.de\/lt\/wp-json\/wp\/v2\/media\/23066"}],"wp:attachment":[{"href":"https:\/\/www.biopapa.de\/lt\/wp-json\/wp\/v2\/media?parent=20313"}],"wp:term":[{"taxonomy":"product_brand","embeddable":true,"href":"https:\/\/www.biopapa.de\/lt\/wp-json\/wp\/v2\/product_brand?post=20313"},{"taxonomy":"product_cat","embeddable":true,"href":"https:\/\/www.biopapa.de\/lt\/wp-json\/wp\/v2\/product_cat?post=20313"},{"taxonomy":"product_tag","embeddable":true,"href":"https:\/\/www.biopapa.de\/lt\/wp-json\/wp\/v2\/product_tag?post=20313"}],"curies":[{"name":"wp","href":"https:\/\/api.w.org\/{rel}","templated":true}]}}