{"id":20336,"date":"2022-10-01T07:06:58","date_gmt":"2022-10-01T04:06:58","guid":{"rendered":"https:\/\/www.biopapa.lt\/?post_type=product&#038;p=20336"},"modified":"2025-12-01T12:39:13","modified_gmt":"2025-12-01T10:39:13","slug":"ekologiski-burokeliu-milteliai","status":"publish","type":"product","link":"https:\/\/www.biopapa.de\/lt\/producte\/ekologiski-burokeliu-milteliai\/","title":{"rendered":"Ekologi\u0161ki burok\u0117li\u0173 milteliai (Beetroot Powder)"},"content":{"rendered":"<p><strong>Ekologi\u0161ki burok\u0117li\u0173 milteliai (Beetroot Powder)<\/strong><br \/>\n\u0160ie ekologi\u0161ki, oro s\u0105lygomis d\u017eiovinti burok\u0117li\u0173 milteliai <strong>pagardins ir suteiks sveikat\u0105 stiprinan\u010di\u0173 savybi\u0173 kiekvienam patiekalui: sriuboms, tro\u0161kiniams, salotoms, kepiniams, \u017ealiesiems kokteiliams ir sultims.<\/strong><\/p>\n<p>Burok\u0117li\u0173 milteliuose yra didel\u0117 vitamin\u0173 ir nitrat\u0173 (grup\u0117 organini\u0173 jungini\u0173, gerinan\u010di\u0173 kraujotak\u0105 ir palaikan\u010di\u0173 sveik\u0105 \u0161ird\u012f) koncentracija; jie puikiai tinka prie\u0161 treniruot\u0119, padeda sveikai kraujo cirkuliacijai.<br \/>\nBurok\u0117liuose yra magnio, gele\u017eies, kepen\u0173 veikl\u0105 gerinan\u010dio ir organizm\u0105 nuo toksin\u0173 valan\u010dio betaino, gausu sen\u0117jimo procesus stabdan\u010di\u0173 ir su laisvaisiais radikalais kovojan\u010di\u0173 antioksidant\u0173, kurie stiprina imunitet\u0105, padeda apsisaugoti nuo per\u0161alimo, gripo ir kit\u0173 infekcini\u0173 lig\u0173.<br \/>\nBurok\u0117liuose yra ir imunitet\u0105 stiprinan\u010dio vitamino C, daug vir\u0161kinim\u0105 gerinan\u010di\u0173 skaidul\u0173.<br \/>\nMagnis yra svarbus normaliai nerv\u0173 sistemos veiklai, normaliai raumen\u0173 funkcijai, normaliai baltym\u0173 sintezei, jis padeda palaikyti normali\u0105 kaul\u0173 bei dant\u0173 b\u016bkl\u0119.<\/p>\n<p>Burok\u0117li\u0173 milteliai yra nat\u016bralus saldiklis.<br \/>\nJie tampa vis populiaresni tokiuose sald\u017eiuose patiekaluose kaip pyragai, biskvitai ir sausainiai. Viskas, kur yra \u0161okolado, puikiai tinka su burok\u0117liais. Galite pasigaminti \u0161okoladin\u012f pyrag\u0105 \u012f j\u012f \u012fmai\u0161ius 1-2 \u0161auk\u0161telius burok\u0117li\u0173 milteli\u0173.<\/p>\n<p style=\"font-weight: 100\">Paros norma suaugusiam \u017emogui \u2013 5 g.<\/p>\n<p><em>PASTABA. \u010cia pateikta informacija negali b\u016bti interpretuojama kaip gydymo ar kitokio pob\u016bd\u017eio sveikatos klausim\u0173 sprendimo rekomendacija. Raginame sprendimus, susijusius su asmenine sveikata, priimti asmeni\u0161kai, \u012fvertinus \u012fvairius informacijos \u0161altinius. <\/em><\/p>\n","protected":false},"excerpt":{"rendered":"<p>Ekologi\u0161ki burok\u0117li\u0173 milteliai (Beetroot Powder) \u0160ie ekologi\u0161ki, oro s\u0105lygomis d\u017eiovinti burok\u0117li\u0173 milteliai pagardins ir suteiks sveikat\u0105 stiprinan\u010di\u0173 savybi\u0173 kiekvienam patiekalui:<\/p>\n","protected":false},"featured_media":22334,"template":"","meta":{"_acf_changed":false},"product_brand":[],"product_cat":[1216,2349],"product_tag":[1378],"class_list":{"0":"post-20336","1":"product","2":"type-product","3":"status-publish","4":"has-post-thumbnail","6":"product_cat-augalinis-supermaistas","7":"product_cat-milteliai","8":"product_tag-veganams","9":"pa_svoris-1-kg","10":"pa_svoris-100-g","11":"pa_svoris-200-g","12":"pa_svoris-25-kg","13":"pa_svoris-300-g","14":"pa_svoris-400-g","15":"pa_svoris-50-g","16":"pa_svoris-500-g","18":"first","19":"instock","20":"shipping-taxable","21":"purchasable","22":"product-type-variable"},"acf":[],"yoast_head":"<!-- This site is optimized with the Yoast SEO plugin v27.5 - https:\/\/yoast.com\/product\/yoast-seo-wordpress\/ -->\n<title>Ekologi\u0161ki burok\u0117li\u0173 milteliai (Beetroot Powder) - Biopapa<\/title>\n<meta name=\"description\" content=\"Ekologi\u0161ki burok\u0117li\u0173 milteliai pagardins ir suteiks sveikat\u0105 stiprinan\u010di\u0173 savybi\u0173 kiekvienam patiekalui: sriuboms, tro\u0161kiniams, salotoms, kepiniams, \u017ealiesiems kokteiliams ir sultims.\" \/>\n<meta name=\"robots\" content=\"index, follow, max-snippet:-1, max-image-preview:large, max-video-preview:-1\" \/>\n<link rel=\"canonical\" href=\"https:\/\/www.biopapa.de\/lt\/producte\/ekologiski-burokeliu-milteliai\/\" \/>\n<meta property=\"og:locale\" content=\"lt_LT\" \/>\n<meta property=\"og:type\" content=\"article\" \/>\n<meta property=\"og:title\" content=\"Ekologi\u0161ki burok\u0117li\u0173 milteliai (Beetroot Powder) - Biopapa\" \/>\n<meta property=\"og:description\" content=\"Ekologi\u0161ki burok\u0117li\u0173 milteliai pagardins ir suteiks sveikat\u0105 stiprinan\u010di\u0173 savybi\u0173 kiekvienam patiekalui: sriuboms, tro\u0161kiniams, salotoms, kepiniams, \u017ealiesiems kokteiliams ir sultims.\" \/>\n<meta property=\"og:url\" content=\"https:\/\/www.biopapa.de\/lt\/producte\/ekologiski-burokeliu-milteliai\/\" \/>\n<meta property=\"og:site_name\" content=\"Biopapa\" \/>\n<meta property=\"article:publisher\" content=\"https:\/\/www.facebook.com\/biopapa.lt\" \/>\n<meta property=\"article:modified_time\" content=\"2025-12-01T10:39:13+00:00\" \/>\n<meta property=\"og:image\" content=\"https:\/\/www.biopapa.de\/wp-content\/uploads\/2022\/10\/Ekologiski-burokeliu-milteliai-Beetroot-Powder.png\" \/>\n\t<meta property=\"og:image:width\" content=\"800\" \/>\n\t<meta property=\"og:image:height\" content=\"640\" \/>\n\t<meta property=\"og:image:type\" content=\"image\/png\" \/>\n<meta name=\"twitter:card\" content=\"summary_large_image\" \/>\n<meta name=\"twitter:label1\" content=\"Est. reading time\" \/>\n\t<meta name=\"twitter:data1\" content=\"1 minut\u0117\" \/>\n<script type=\"application\/ld+json\" class=\"yoast-schema-graph\">{\"@context\":\"https:\\\/\\\/schema.org\",\"@graph\":[{\"@type\":\"WebPage\",\"@id\":\"https:\\\/\\\/www.biopapa.de\\\/lt\\\/producte\\\/ekologiski-burokeliu-milteliai\\\/\",\"url\":\"https:\\\/\\\/www.biopapa.de\\\/lt\\\/producte\\\/ekologiski-burokeliu-milteliai\\\/\",\"name\":\"Ekologi\u0161ki burok\u0117li\u0173 milteliai (Beetroot Powder) - Biopapa\",\"isPartOf\":{\"@id\":\"https:\\\/\\\/www.biopapa.de\\\/lt\\\/#website\"},\"primaryImageOfPage\":{\"@id\":\"https:\\\/\\\/www.biopapa.de\\\/lt\\\/producte\\\/ekologiski-burokeliu-milteliai\\\/#primaryimage\"},\"image\":{\"@id\":\"https:\\\/\\\/www.biopapa.de\\\/lt\\\/producte\\\/ekologiski-burokeliu-milteliai\\\/#primaryimage\"},\"thumbnailUrl\":\"https:\\\/\\\/www.biopapa.de\\\/wp-content\\\/uploads\\\/2022\\\/10\\\/Ekologiski-burokeliu-milteliai-Beetroot-Powder.png\",\"datePublished\":\"2022-10-01T04:06:58+00:00\",\"dateModified\":\"2025-12-01T10:39:13+00:00\",\"description\":\"Ekologi\u0161ki burok\u0117li\u0173 milteliai pagardins ir suteiks sveikat\u0105 stiprinan\u010di\u0173 savybi\u0173 kiekvienam patiekalui: sriuboms, tro\u0161kiniams, salotoms, kepiniams, \u017ealiesiems kokteiliams ir sultims.\",\"breadcrumb\":{\"@id\":\"https:\\\/\\\/www.biopapa.de\\\/lt\\\/producte\\\/ekologiski-burokeliu-milteliai\\\/#breadcrumb\"},\"inLanguage\":\"lt-LT\",\"potentialAction\":[{\"@type\":\"ReadAction\",\"target\":[\"https:\\\/\\\/www.biopapa.de\\\/lt\\\/producte\\\/ekologiski-burokeliu-milteliai\\\/\"]}]},{\"@type\":\"ImageObject\",\"inLanguage\":\"lt-LT\",\"@id\":\"https:\\\/\\\/www.biopapa.de\\\/lt\\\/producte\\\/ekologiski-burokeliu-milteliai\\\/#primaryimage\",\"url\":\"https:\\\/\\\/www.biopapa.de\\\/wp-content\\\/uploads\\\/2022\\\/10\\\/Ekologiski-burokeliu-milteliai-Beetroot-Powder.png\",\"contentUrl\":\"https:\\\/\\\/www.biopapa.de\\\/wp-content\\\/uploads\\\/2022\\\/10\\\/Ekologiski-burokeliu-milteliai-Beetroot-Powder.png\",\"width\":800,\"height\":640,\"caption\":\"Ekologi\u0161ki burok\u0117li\u0173 milteliai (Beetroot Powder)\"},{\"@type\":\"BreadcrumbList\",\"@id\":\"https:\\\/\\\/www.biopapa.de\\\/lt\\\/producte\\\/ekologiski-burokeliu-milteliai\\\/#breadcrumb\",\"itemListElement\":[{\"@type\":\"ListItem\",\"position\":1,\"name\":\"Home\",\"item\":\"https:\\\/\\\/www.biopapa.de\\\/lt\\\/\"},{\"@type\":\"ListItem\",\"position\":2,\"name\":\"Parduotuv\u0117\",\"item\":\"https:\\\/\\\/www.biopapa.de\\\/parduotuve\\\/\"},{\"@type\":\"ListItem\",\"position\":3,\"name\":\"Ekologi\u0161ki burok\u0117li\u0173 milteliai (Beetroot Powder)\"}]},{\"@type\":\"WebSite\",\"@id\":\"https:\\\/\\\/www.biopapa.de\\\/lt\\\/#website\",\"url\":\"https:\\\/\\\/www.biopapa.de\\\/lt\\\/\",\"name\":\"Biopapa\",\"description\":\"\u0160var\u016bs ekologi\u0161ki produktai\",\"publisher\":{\"@id\":\"https:\\\/\\\/www.biopapa.de\\\/lt\\\/#organization\"},\"potentialAction\":[{\"@type\":\"SearchAction\",\"target\":{\"@type\":\"EntryPoint\",\"urlTemplate\":\"https:\\\/\\\/www.biopapa.de\\\/lt\\\/?s={search_term_string}\"},\"query-input\":{\"@type\":\"PropertyValueSpecification\",\"valueRequired\":true,\"valueName\":\"search_term_string\"}}],\"inLanguage\":\"lt-LT\"},{\"@type\":\"Organization\",\"@id\":\"https:\\\/\\\/www.biopapa.de\\\/lt\\\/#organization\",\"name\":\"Biopapa\",\"url\":\"https:\\\/\\\/www.biopapa.de\\\/lt\\\/\",\"logo\":{\"@type\":\"ImageObject\",\"inLanguage\":\"lt-LT\",\"@id\":\"https:\\\/\\\/www.biopapa.de\\\/lt\\\/#\\\/schema\\\/logo\\\/image\\\/\",\"url\":\"https:\\\/\\\/www.biopapa.lt\\\/wp-content\\\/uploads\\\/2022\\\/04\\\/facebook_biopapa.jpg\",\"contentUrl\":\"https:\\\/\\\/www.biopapa.lt\\\/wp-content\\\/uploads\\\/2022\\\/04\\\/facebook_biopapa.jpg\",\"width\":1733,\"height\":907,\"caption\":\"Biopapa\"},\"image\":{\"@id\":\"https:\\\/\\\/www.biopapa.de\\\/lt\\\/#\\\/schema\\\/logo\\\/image\\\/\"},\"sameAs\":[\"https:\\\/\\\/www.facebook.com\\\/biopapa.lt\"]}]}<\/script>\n<!-- \/ Yoast SEO plugin. -->","yoast_head_json":{"title":"Ekologi\u0161ki burok\u0117li\u0173 milteliai (Beetroot Powder) - Biopapa","description":"Ekologi\u0161ki burok\u0117li\u0173 milteliai pagardins ir suteiks sveikat\u0105 stiprinan\u010di\u0173 savybi\u0173 kiekvienam patiekalui: sriuboms, tro\u0161kiniams, salotoms, kepiniams, \u017ealiesiems kokteiliams ir sultims.","robots":{"index":"index","follow":"follow","max-snippet":"max-snippet:-1","max-image-preview":"max-image-preview:large","max-video-preview":"max-video-preview:-1"},"canonical":"https:\/\/www.biopapa.de\/lt\/producte\/ekologiski-burokeliu-milteliai\/","og_locale":"lt_LT","og_type":"article","og_title":"Ekologi\u0161ki burok\u0117li\u0173 milteliai (Beetroot Powder) - Biopapa","og_description":"Ekologi\u0161ki burok\u0117li\u0173 milteliai pagardins ir suteiks sveikat\u0105 stiprinan\u010di\u0173 savybi\u0173 kiekvienam patiekalui: sriuboms, tro\u0161kiniams, salotoms, kepiniams, \u017ealiesiems kokteiliams ir sultims.","og_url":"https:\/\/www.biopapa.de\/lt\/producte\/ekologiski-burokeliu-milteliai\/","og_site_name":"Biopapa","article_publisher":"https:\/\/www.facebook.com\/biopapa.lt","article_modified_time":"2025-12-01T10:39:13+00:00","og_image":[{"width":800,"height":640,"url":"https:\/\/www.biopapa.de\/wp-content\/uploads\/2022\/10\/Ekologiski-burokeliu-milteliai-Beetroot-Powder.png","type":"image\/png"}],"twitter_card":"summary_large_image","twitter_misc":{"Est. reading time":"1 minut\u0117"},"schema":{"@context":"https:\/\/schema.org","@graph":[{"@type":"WebPage","@id":"https:\/\/www.biopapa.de\/lt\/producte\/ekologiski-burokeliu-milteliai\/","url":"https:\/\/www.biopapa.de\/lt\/producte\/ekologiski-burokeliu-milteliai\/","name":"Ekologi\u0161ki burok\u0117li\u0173 milteliai (Beetroot Powder) - Biopapa","isPartOf":{"@id":"https:\/\/www.biopapa.de\/lt\/#website"},"primaryImageOfPage":{"@id":"https:\/\/www.biopapa.de\/lt\/producte\/ekologiski-burokeliu-milteliai\/#primaryimage"},"image":{"@id":"https:\/\/www.biopapa.de\/lt\/producte\/ekologiski-burokeliu-milteliai\/#primaryimage"},"thumbnailUrl":"https:\/\/www.biopapa.de\/wp-content\/uploads\/2022\/10\/Ekologiski-burokeliu-milteliai-Beetroot-Powder.png","datePublished":"2022-10-01T04:06:58+00:00","dateModified":"2025-12-01T10:39:13+00:00","description":"Ekologi\u0161ki burok\u0117li\u0173 milteliai pagardins ir suteiks sveikat\u0105 stiprinan\u010di\u0173 savybi\u0173 kiekvienam patiekalui: sriuboms, tro\u0161kiniams, salotoms, kepiniams, \u017ealiesiems kokteiliams ir sultims.","breadcrumb":{"@id":"https:\/\/www.biopapa.de\/lt\/producte\/ekologiski-burokeliu-milteliai\/#breadcrumb"},"inLanguage":"lt-LT","potentialAction":[{"@type":"ReadAction","target":["https:\/\/www.biopapa.de\/lt\/producte\/ekologiski-burokeliu-milteliai\/"]}]},{"@type":"ImageObject","inLanguage":"lt-LT","@id":"https:\/\/www.biopapa.de\/lt\/producte\/ekologiski-burokeliu-milteliai\/#primaryimage","url":"https:\/\/www.biopapa.de\/wp-content\/uploads\/2022\/10\/Ekologiski-burokeliu-milteliai-Beetroot-Powder.png","contentUrl":"https:\/\/www.biopapa.de\/wp-content\/uploads\/2022\/10\/Ekologiski-burokeliu-milteliai-Beetroot-Powder.png","width":800,"height":640,"caption":"Ekologi\u0161ki burok\u0117li\u0173 milteliai (Beetroot Powder)"},{"@type":"BreadcrumbList","@id":"https:\/\/www.biopapa.de\/lt\/producte\/ekologiski-burokeliu-milteliai\/#breadcrumb","itemListElement":[{"@type":"ListItem","position":1,"name":"Home","item":"https:\/\/www.biopapa.de\/lt\/"},{"@type":"ListItem","position":2,"name":"Parduotuv\u0117","item":"https:\/\/www.biopapa.de\/parduotuve\/"},{"@type":"ListItem","position":3,"name":"Ekologi\u0161ki burok\u0117li\u0173 milteliai (Beetroot Powder)"}]},{"@type":"WebSite","@id":"https:\/\/www.biopapa.de\/lt\/#website","url":"https:\/\/www.biopapa.de\/lt\/","name":"Biopapa","description":"\u0160var\u016bs ekologi\u0161ki produktai","publisher":{"@id":"https:\/\/www.biopapa.de\/lt\/#organization"},"potentialAction":[{"@type":"SearchAction","target":{"@type":"EntryPoint","urlTemplate":"https:\/\/www.biopapa.de\/lt\/?s={search_term_string}"},"query-input":{"@type":"PropertyValueSpecification","valueRequired":true,"valueName":"search_term_string"}}],"inLanguage":"lt-LT"},{"@type":"Organization","@id":"https:\/\/www.biopapa.de\/lt\/#organization","name":"Biopapa","url":"https:\/\/www.biopapa.de\/lt\/","logo":{"@type":"ImageObject","inLanguage":"lt-LT","@id":"https:\/\/www.biopapa.de\/lt\/#\/schema\/logo\/image\/","url":"https:\/\/www.biopapa.lt\/wp-content\/uploads\/2022\/04\/facebook_biopapa.jpg","contentUrl":"https:\/\/www.biopapa.lt\/wp-content\/uploads\/2022\/04\/facebook_biopapa.jpg","width":1733,"height":907,"caption":"Biopapa"},"image":{"@id":"https:\/\/www.biopapa.de\/lt\/#\/schema\/logo\/image\/"},"sameAs":["https:\/\/www.facebook.com\/biopapa.lt"]}]}},"_links":{"self":[{"href":"https:\/\/www.biopapa.de\/lt\/wp-json\/wp\/v2\/product\/20336","targetHints":{"allow":["GET"]}}],"collection":[{"href":"https:\/\/www.biopapa.de\/lt\/wp-json\/wp\/v2\/product"}],"about":[{"href":"https:\/\/www.biopapa.de\/lt\/wp-json\/wp\/v2\/types\/product"}],"wp:featuredmedia":[{"embeddable":true,"href":"https:\/\/www.biopapa.de\/lt\/wp-json\/wp\/v2\/media\/22334"}],"wp:attachment":[{"href":"https:\/\/www.biopapa.de\/lt\/wp-json\/wp\/v2\/media?parent=20336"}],"wp:term":[{"taxonomy":"product_brand","embeddable":true,"href":"https:\/\/www.biopapa.de\/lt\/wp-json\/wp\/v2\/product_brand?post=20336"},{"taxonomy":"product_cat","embeddable":true,"href":"https:\/\/www.biopapa.de\/lt\/wp-json\/wp\/v2\/product_cat?post=20336"},{"taxonomy":"product_tag","embeddable":true,"href":"https:\/\/www.biopapa.de\/lt\/wp-json\/wp\/v2\/product_tag?post=20336"}],"curies":[{"name":"wp","href":"https:\/\/api.w.org\/{rel}","templated":true}]}}