{"id":20430,"date":"2022-10-07T06:10:00","date_gmt":"2022-10-07T03:10:00","guid":{"rendered":"https:\/\/www.biopapa.lt\/?post_type=product&#038;p=20430"},"modified":"2026-02-19T10:11:44","modified_gmt":"2026-02-19T08:11:44","slug":"ekologiska-soju-ir-ryziu-rice-miso-pasta-be-gliuteno-200-g","status":"publish","type":"product","link":"https:\/\/www.biopapa.de\/lt\/producte\/ekologiska-soju-ir-ryziu-rice-miso-pasta-be-gliuteno-200-g\/","title":{"rendered":"Ekologi\u0161ka soj\u0173 ir ry\u017ei\u0173 Rice miso pasta, be gliuteno, 200 g"},"content":{"rendered":"<p>Shiro miso pasta yra fermentuota\u00a0 soj\u0173 pupeli\u0173 pasta, naudojama sriuboms, pada\u017eams ir prieskoniams gaminti. Pastos skonis yra \u0161velnus ir \u0161iek tiek saldus.<\/p>\n<p>Fermentuojamas ilgiau, nei <a href=\"https:\/\/www.biopapa.lt\/produktas\/ekologiska-sviesi-ryziu-ir-soju-shiro-miso-pasta-be-gliuteno-200-g\/\">\u0161viesus miso<\/a> &#8211; turtingesnio skonio,\u00a0 labiau \u0161ildo k\u016bn\u0105, tod\u0117l yra tinkamesnis \u0161altesniems sezonams ir klimatui.<\/p>\n<p>Japonijoje miso naudojama kasdien, daugiausia miso sriubai, taip pat pada\u017eams, marinatams ir sultiniams.<\/p>\n<p>Miso gausu\u00a0 baltym\u0173,\u00a0 vitamin\u0173, mineral\u0173 ir ferment\u0173. Taip pat labai ma\u017eai kalorij\u0173 ir riebal\u0173. Ilg\u0105 laik\u0105 daugelyje \u0161ventykl\u0173 valgis susid\u0117jo i\u0161 duben\u0117lio ry\u017ei\u0173 su dar\u017eov\u0117mis ir pagardais bei miso sriubos.<\/p>\n<p>Vartojimas: miso i\u0161tirpinkite nedideliame kiekyje vandens (apie 1 arb. \u0161. miso ir 1 puodelis skys\u010dio) ir d\u0117kite \u012f patiekal\u0105 tik prie\u0161 baigiant gaminti, kad verdant ne\u017e\u016bt\u0173 vertingos maistin\u0117s med\u017eiagos.<\/p>\n<p>Prpouktas pasterizuotas.<\/p>\n","protected":false},"excerpt":{"rendered":"<p>Shiro miso pasta yra fermentuota\u00a0 soj\u0173 pupeli\u0173 pasta, naudojama sriuboms, pada\u017eams ir prieskoniams gaminti. Pastos skonis yra \u0161velnus ir \u0161iek<\/p>\n","protected":false},"featured_media":22392,"template":"","meta":{"_acf_changed":false},"product_brand":[],"product_cat":[1314,1930],"product_tag":[1381,1378],"class_list":{"0":"post-20430","1":"product","2":"type-product","3":"status-publish","4":"has-post-thumbnail","6":"product_cat-ekologiskas-aliejus-actas","7":"product_cat-padazai","8":"product_tag-be-pridetinio-cukraus","9":"product_tag-veganams","11":"first","12":"instock","13":"shipping-taxable","14":"purchasable","15":"product-type-simple"},"acf":[],"yoast_head":"<!-- This site is optimized with the Yoast SEO plugin v27.5 - https:\/\/yoast.com\/product\/yoast-seo-wordpress\/ -->\n<title>Ekologi\u0161ka soj\u0173 ir ry\u017ei\u0173 Rice miso pasta, be gliuteno, 200 g - Biopapa<\/title>\n<meta name=\"robots\" content=\"index, follow, max-snippet:-1, max-image-preview:large, max-video-preview:-1\" \/>\n<link rel=\"canonical\" href=\"https:\/\/www.biopapa.de\/lt\/producte\/ekologiska-soju-ir-ryziu-rice-miso-pasta-be-gliuteno-200-g\/\" \/>\n<meta property=\"og:locale\" content=\"lt_LT\" \/>\n<meta property=\"og:type\" content=\"article\" \/>\n<meta property=\"og:title\" content=\"Ekologi\u0161ka soj\u0173 ir ry\u017ei\u0173 Rice miso pasta, be gliuteno, 200 g - Biopapa\" \/>\n<meta property=\"og:description\" content=\"Shiro miso pasta yra fermentuota\u00a0 soj\u0173 pupeli\u0173 pasta, naudojama sriuboms, pada\u017eams ir prieskoniams gaminti. Pastos skonis yra \u0161velnus ir \u0161iek\" \/>\n<meta property=\"og:url\" content=\"https:\/\/www.biopapa.de\/lt\/producte\/ekologiska-soju-ir-ryziu-rice-miso-pasta-be-gliuteno-200-g\/\" \/>\n<meta property=\"og:site_name\" content=\"Biopapa\" \/>\n<meta property=\"article:publisher\" content=\"https:\/\/www.facebook.com\/biopapa.lt\" \/>\n<meta property=\"article:modified_time\" content=\"2026-02-19T08:11:44+00:00\" \/>\n<meta property=\"og:image\" content=\"https:\/\/www.biopapa.de\/wp-content\/uploads\/2022\/10\/Rice-miso-pasta.png\" \/>\n\t<meta property=\"og:image:width\" content=\"800\" \/>\n\t<meta property=\"og:image:height\" content=\"640\" \/>\n\t<meta property=\"og:image:type\" content=\"image\/png\" \/>\n<meta name=\"twitter:card\" content=\"summary_large_image\" \/>\n<meta name=\"twitter:label1\" content=\"Est. reading time\" \/>\n\t<meta name=\"twitter:data1\" content=\"1 minut\u0117\" \/>\n<script type=\"application\/ld+json\" class=\"yoast-schema-graph\">{\"@context\":\"https:\\\/\\\/schema.org\",\"@graph\":[{\"@type\":\"WebPage\",\"@id\":\"https:\\\/\\\/www.biopapa.de\\\/lt\\\/producte\\\/ekologiska-soju-ir-ryziu-rice-miso-pasta-be-gliuteno-200-g\\\/\",\"url\":\"https:\\\/\\\/www.biopapa.de\\\/lt\\\/producte\\\/ekologiska-soju-ir-ryziu-rice-miso-pasta-be-gliuteno-200-g\\\/\",\"name\":\"Ekologi\u0161ka soj\u0173 ir ry\u017ei\u0173 Rice miso pasta, be gliuteno, 200 g - Biopapa\",\"isPartOf\":{\"@id\":\"https:\\\/\\\/www.biopapa.de\\\/lt\\\/#website\"},\"primaryImageOfPage\":{\"@id\":\"https:\\\/\\\/www.biopapa.de\\\/lt\\\/producte\\\/ekologiska-soju-ir-ryziu-rice-miso-pasta-be-gliuteno-200-g\\\/#primaryimage\"},\"image\":{\"@id\":\"https:\\\/\\\/www.biopapa.de\\\/lt\\\/producte\\\/ekologiska-soju-ir-ryziu-rice-miso-pasta-be-gliuteno-200-g\\\/#primaryimage\"},\"thumbnailUrl\":\"https:\\\/\\\/www.biopapa.de\\\/wp-content\\\/uploads\\\/2022\\\/10\\\/Rice-miso-pasta.png\",\"datePublished\":\"2022-10-07T03:10:00+00:00\",\"dateModified\":\"2026-02-19T08:11:44+00:00\",\"breadcrumb\":{\"@id\":\"https:\\\/\\\/www.biopapa.de\\\/lt\\\/producte\\\/ekologiska-soju-ir-ryziu-rice-miso-pasta-be-gliuteno-200-g\\\/#breadcrumb\"},\"inLanguage\":\"lt-LT\",\"potentialAction\":[{\"@type\":\"ReadAction\",\"target\":[\"https:\\\/\\\/www.biopapa.de\\\/lt\\\/producte\\\/ekologiska-soju-ir-ryziu-rice-miso-pasta-be-gliuteno-200-g\\\/\"]}]},{\"@type\":\"ImageObject\",\"inLanguage\":\"lt-LT\",\"@id\":\"https:\\\/\\\/www.biopapa.de\\\/lt\\\/producte\\\/ekologiska-soju-ir-ryziu-rice-miso-pasta-be-gliuteno-200-g\\\/#primaryimage\",\"url\":\"https:\\\/\\\/www.biopapa.de\\\/wp-content\\\/uploads\\\/2022\\\/10\\\/Rice-miso-pasta.png\",\"contentUrl\":\"https:\\\/\\\/www.biopapa.de\\\/wp-content\\\/uploads\\\/2022\\\/10\\\/Rice-miso-pasta.png\",\"width\":800,\"height\":640,\"caption\":\"Ekologi\u0161ka soj\u0173 ir ry\u017ei\u0173 Rice miso pasta, be gliuteno, 200 g\"},{\"@type\":\"BreadcrumbList\",\"@id\":\"https:\\\/\\\/www.biopapa.de\\\/lt\\\/producte\\\/ekologiska-soju-ir-ryziu-rice-miso-pasta-be-gliuteno-200-g\\\/#breadcrumb\",\"itemListElement\":[{\"@type\":\"ListItem\",\"position\":1,\"name\":\"Home\",\"item\":\"https:\\\/\\\/www.biopapa.de\\\/lt\\\/\"},{\"@type\":\"ListItem\",\"position\":2,\"name\":\"Parduotuv\u0117\",\"item\":\"https:\\\/\\\/www.biopapa.de\\\/parduotuve\\\/\"},{\"@type\":\"ListItem\",\"position\":3,\"name\":\"Ekologi\u0161ka soj\u0173 ir ry\u017ei\u0173 Rice miso pasta, be gliuteno, 200 g\"}]},{\"@type\":\"WebSite\",\"@id\":\"https:\\\/\\\/www.biopapa.de\\\/lt\\\/#website\",\"url\":\"https:\\\/\\\/www.biopapa.de\\\/lt\\\/\",\"name\":\"Biopapa\",\"description\":\"\u0160var\u016bs ekologi\u0161ki produktai\",\"publisher\":{\"@id\":\"https:\\\/\\\/www.biopapa.de\\\/lt\\\/#organization\"},\"potentialAction\":[{\"@type\":\"SearchAction\",\"target\":{\"@type\":\"EntryPoint\",\"urlTemplate\":\"https:\\\/\\\/www.biopapa.de\\\/lt\\\/?s={search_term_string}\"},\"query-input\":{\"@type\":\"PropertyValueSpecification\",\"valueRequired\":true,\"valueName\":\"search_term_string\"}}],\"inLanguage\":\"lt-LT\"},{\"@type\":\"Organization\",\"@id\":\"https:\\\/\\\/www.biopapa.de\\\/lt\\\/#organization\",\"name\":\"Biopapa\",\"url\":\"https:\\\/\\\/www.biopapa.de\\\/lt\\\/\",\"logo\":{\"@type\":\"ImageObject\",\"inLanguage\":\"lt-LT\",\"@id\":\"https:\\\/\\\/www.biopapa.de\\\/lt\\\/#\\\/schema\\\/logo\\\/image\\\/\",\"url\":\"https:\\\/\\\/www.biopapa.lt\\\/wp-content\\\/uploads\\\/2022\\\/04\\\/facebook_biopapa.jpg\",\"contentUrl\":\"https:\\\/\\\/www.biopapa.lt\\\/wp-content\\\/uploads\\\/2022\\\/04\\\/facebook_biopapa.jpg\",\"width\":1733,\"height\":907,\"caption\":\"Biopapa\"},\"image\":{\"@id\":\"https:\\\/\\\/www.biopapa.de\\\/lt\\\/#\\\/schema\\\/logo\\\/image\\\/\"},\"sameAs\":[\"https:\\\/\\\/www.facebook.com\\\/biopapa.lt\"]}]}<\/script>\n<!-- \/ Yoast SEO plugin. -->","yoast_head_json":{"title":"Ekologi\u0161ka soj\u0173 ir ry\u017ei\u0173 Rice miso pasta, be gliuteno, 200 g - Biopapa","robots":{"index":"index","follow":"follow","max-snippet":"max-snippet:-1","max-image-preview":"max-image-preview:large","max-video-preview":"max-video-preview:-1"},"canonical":"https:\/\/www.biopapa.de\/lt\/producte\/ekologiska-soju-ir-ryziu-rice-miso-pasta-be-gliuteno-200-g\/","og_locale":"lt_LT","og_type":"article","og_title":"Ekologi\u0161ka soj\u0173 ir ry\u017ei\u0173 Rice miso pasta, be gliuteno, 200 g - Biopapa","og_description":"Shiro miso pasta yra fermentuota\u00a0 soj\u0173 pupeli\u0173 pasta, naudojama sriuboms, pada\u017eams ir prieskoniams gaminti. Pastos skonis yra \u0161velnus ir \u0161iek","og_url":"https:\/\/www.biopapa.de\/lt\/producte\/ekologiska-soju-ir-ryziu-rice-miso-pasta-be-gliuteno-200-g\/","og_site_name":"Biopapa","article_publisher":"https:\/\/www.facebook.com\/biopapa.lt","article_modified_time":"2026-02-19T08:11:44+00:00","og_image":[{"width":800,"height":640,"url":"https:\/\/www.biopapa.de\/wp-content\/uploads\/2022\/10\/Rice-miso-pasta.png","type":"image\/png"}],"twitter_card":"summary_large_image","twitter_misc":{"Est. reading time":"1 minut\u0117"},"schema":{"@context":"https:\/\/schema.org","@graph":[{"@type":"WebPage","@id":"https:\/\/www.biopapa.de\/lt\/producte\/ekologiska-soju-ir-ryziu-rice-miso-pasta-be-gliuteno-200-g\/","url":"https:\/\/www.biopapa.de\/lt\/producte\/ekologiska-soju-ir-ryziu-rice-miso-pasta-be-gliuteno-200-g\/","name":"Ekologi\u0161ka soj\u0173 ir ry\u017ei\u0173 Rice miso pasta, be gliuteno, 200 g - Biopapa","isPartOf":{"@id":"https:\/\/www.biopapa.de\/lt\/#website"},"primaryImageOfPage":{"@id":"https:\/\/www.biopapa.de\/lt\/producte\/ekologiska-soju-ir-ryziu-rice-miso-pasta-be-gliuteno-200-g\/#primaryimage"},"image":{"@id":"https:\/\/www.biopapa.de\/lt\/producte\/ekologiska-soju-ir-ryziu-rice-miso-pasta-be-gliuteno-200-g\/#primaryimage"},"thumbnailUrl":"https:\/\/www.biopapa.de\/wp-content\/uploads\/2022\/10\/Rice-miso-pasta.png","datePublished":"2022-10-07T03:10:00+00:00","dateModified":"2026-02-19T08:11:44+00:00","breadcrumb":{"@id":"https:\/\/www.biopapa.de\/lt\/producte\/ekologiska-soju-ir-ryziu-rice-miso-pasta-be-gliuteno-200-g\/#breadcrumb"},"inLanguage":"lt-LT","potentialAction":[{"@type":"ReadAction","target":["https:\/\/www.biopapa.de\/lt\/producte\/ekologiska-soju-ir-ryziu-rice-miso-pasta-be-gliuteno-200-g\/"]}]},{"@type":"ImageObject","inLanguage":"lt-LT","@id":"https:\/\/www.biopapa.de\/lt\/producte\/ekologiska-soju-ir-ryziu-rice-miso-pasta-be-gliuteno-200-g\/#primaryimage","url":"https:\/\/www.biopapa.de\/wp-content\/uploads\/2022\/10\/Rice-miso-pasta.png","contentUrl":"https:\/\/www.biopapa.de\/wp-content\/uploads\/2022\/10\/Rice-miso-pasta.png","width":800,"height":640,"caption":"Ekologi\u0161ka soj\u0173 ir ry\u017ei\u0173 Rice miso pasta, be gliuteno, 200 g"},{"@type":"BreadcrumbList","@id":"https:\/\/www.biopapa.de\/lt\/producte\/ekologiska-soju-ir-ryziu-rice-miso-pasta-be-gliuteno-200-g\/#breadcrumb","itemListElement":[{"@type":"ListItem","position":1,"name":"Home","item":"https:\/\/www.biopapa.de\/lt\/"},{"@type":"ListItem","position":2,"name":"Parduotuv\u0117","item":"https:\/\/www.biopapa.de\/parduotuve\/"},{"@type":"ListItem","position":3,"name":"Ekologi\u0161ka soj\u0173 ir ry\u017ei\u0173 Rice miso pasta, be gliuteno, 200 g"}]},{"@type":"WebSite","@id":"https:\/\/www.biopapa.de\/lt\/#website","url":"https:\/\/www.biopapa.de\/lt\/","name":"Biopapa","description":"\u0160var\u016bs ekologi\u0161ki produktai","publisher":{"@id":"https:\/\/www.biopapa.de\/lt\/#organization"},"potentialAction":[{"@type":"SearchAction","target":{"@type":"EntryPoint","urlTemplate":"https:\/\/www.biopapa.de\/lt\/?s={search_term_string}"},"query-input":{"@type":"PropertyValueSpecification","valueRequired":true,"valueName":"search_term_string"}}],"inLanguage":"lt-LT"},{"@type":"Organization","@id":"https:\/\/www.biopapa.de\/lt\/#organization","name":"Biopapa","url":"https:\/\/www.biopapa.de\/lt\/","logo":{"@type":"ImageObject","inLanguage":"lt-LT","@id":"https:\/\/www.biopapa.de\/lt\/#\/schema\/logo\/image\/","url":"https:\/\/www.biopapa.lt\/wp-content\/uploads\/2022\/04\/facebook_biopapa.jpg","contentUrl":"https:\/\/www.biopapa.lt\/wp-content\/uploads\/2022\/04\/facebook_biopapa.jpg","width":1733,"height":907,"caption":"Biopapa"},"image":{"@id":"https:\/\/www.biopapa.de\/lt\/#\/schema\/logo\/image\/"},"sameAs":["https:\/\/www.facebook.com\/biopapa.lt"]}]}},"_links":{"self":[{"href":"https:\/\/www.biopapa.de\/lt\/wp-json\/wp\/v2\/product\/20430","targetHints":{"allow":["GET"]}}],"collection":[{"href":"https:\/\/www.biopapa.de\/lt\/wp-json\/wp\/v2\/product"}],"about":[{"href":"https:\/\/www.biopapa.de\/lt\/wp-json\/wp\/v2\/types\/product"}],"wp:featuredmedia":[{"embeddable":true,"href":"https:\/\/www.biopapa.de\/lt\/wp-json\/wp\/v2\/media\/22392"}],"wp:attachment":[{"href":"https:\/\/www.biopapa.de\/lt\/wp-json\/wp\/v2\/media?parent=20430"}],"wp:term":[{"taxonomy":"product_brand","embeddable":true,"href":"https:\/\/www.biopapa.de\/lt\/wp-json\/wp\/v2\/product_brand?post=20430"},{"taxonomy":"product_cat","embeddable":true,"href":"https:\/\/www.biopapa.de\/lt\/wp-json\/wp\/v2\/product_cat?post=20430"},{"taxonomy":"product_tag","embeddable":true,"href":"https:\/\/www.biopapa.de\/lt\/wp-json\/wp\/v2\/product_tag?post=20430"}],"curies":[{"name":"wp","href":"https:\/\/api.w.org\/{rel}","templated":true}]}}