{"id":20660,"date":"2022-10-21T05:52:01","date_gmt":"2022-10-21T02:52:01","guid":{"rendered":"https:\/\/www.biopapa.lt\/?post_type=product&#038;p=20660"},"modified":"2026-04-10T13:40:40","modified_gmt":"2026-04-10T10:40:40","slug":"ekologiski-traskus-kukuruzu-dribsniai","status":"publish","type":"product","link":"https:\/\/www.biopapa.de\/lt\/producte\/ekologiski-traskus-kukuruzu-dribsniai\/","title":{"rendered":"Ekologi\u0161ki tra\u0161k\u016bs kukur\u016bz\u0173 dribsniai"},"content":{"rendered":"<p style=\"font-weight: lighter\">Kukur\u016bzai &#8211; vertinga dar\u017eov\u0117.<br \/>\nKukur\u016bz\u0173 dribsniai yra maistingi ir lengvai vir\u0161kinami, neapsunkins skrand\u017eio, jie tiks senjorams bei ma\u017eiesiems valgytojams.<\/p>\n<p style=\"font-weight: lighter\">Dribsniai jau yra paruo\u0161ti naudojimui. Berkite juos ant jogurto, vartokite su j\u016bs\u0173 pasirinktu augaliniu pienu. Kukur\u016bz\u0173 dribsniai puikiai tiks naudoti namin\u0117s granolos ar kit\u0173 skan\u0117st\u0173 gamyboje.<\/p>\n<p>&nbsp;<\/p>\n","protected":false},"excerpt":{"rendered":"<p>Kukur\u016bzai &#8211; vertinga dar\u017eov\u0117. Kukur\u016bz\u0173 dribsniai yra maistingi ir lengvai vir\u0161kinami, neapsunkins skrand\u017eio, jie tiks senjorams bei ma\u017eiesiems valgytojams. Dribsniai<\/p>\n","protected":false},"featured_media":23444,"template":"","meta":{"_acf_changed":false},"product_brand":[],"product_cat":[1321],"product_tag":[1378],"class_list":{"0":"post-20660","1":"product","2":"type-product","3":"status-publish","4":"has-post-thumbnail","6":"product_cat-ekologiski-sveiki-uzkandziai","7":"product_tag-veganams","8":"pa_svoris-1-kg","9":"pa_svoris-100-g","10":"pa_svoris-200-g","11":"pa_svoris-300-g","12":"pa_svoris-400-g","13":"pa_svoris-500-g","14":"pa_svoris-7-kg","16":"first","17":"instock","18":"shipping-taxable","19":"purchasable","20":"product-type-variable"},"acf":[],"yoast_head":"<!-- This site is optimized with the Yoast SEO plugin v27.5 - https:\/\/yoast.com\/product\/yoast-seo-wordpress\/ -->\n<title>Ekologi\u0161ki tra\u0161k\u016bs kukur\u016bz\u0173 dribsniai - Biopapa<\/title>\n<meta name=\"description\" content=\"Kukur\u016bz\u0173 dribsniai yra maistingi ir lengvai vir\u0161kinami, neapsunkins skrand\u017eio, jie tiks senjorams bei ma\u017eiesiems valgytojams.\" \/>\n<meta name=\"robots\" content=\"index, follow, max-snippet:-1, max-image-preview:large, max-video-preview:-1\" \/>\n<link rel=\"canonical\" href=\"https:\/\/www.biopapa.de\/lt\/producte\/ekologiski-traskus-kukuruzu-dribsniai\/\" \/>\n<meta property=\"og:locale\" content=\"lt_LT\" \/>\n<meta property=\"og:type\" content=\"article\" \/>\n<meta property=\"og:title\" content=\"Ekologi\u0161ki tra\u0161k\u016bs kukur\u016bz\u0173 dribsniai - Biopapa\" \/>\n<meta property=\"og:description\" content=\"Kukur\u016bz\u0173 dribsniai yra maistingi ir lengvai vir\u0161kinami, neapsunkins skrand\u017eio, jie tiks senjorams bei ma\u017eiesiems valgytojams.\" \/>\n<meta property=\"og:url\" content=\"https:\/\/www.biopapa.de\/lt\/producte\/ekologiski-traskus-kukuruzu-dribsniai\/\" \/>\n<meta property=\"og:site_name\" content=\"Biopapa\" \/>\n<meta property=\"article:publisher\" content=\"https:\/\/www.facebook.com\/biopapa.lt\" \/>\n<meta property=\"article:modified_time\" content=\"2026-04-10T10:40:40+00:00\" \/>\n<meta property=\"og:image\" content=\"https:\/\/www.biopapa.de\/wp-content\/uploads\/2022\/10\/Ekologiski-traskus-kukuruzu-dribsniai.png\" \/>\n\t<meta property=\"og:image:width\" content=\"800\" \/>\n\t<meta property=\"og:image:height\" content=\"640\" \/>\n\t<meta property=\"og:image:type\" content=\"image\/png\" \/>\n<meta name=\"twitter:card\" content=\"summary_large_image\" \/>\n<meta name=\"twitter:label1\" content=\"Est. reading time\" \/>\n\t<meta name=\"twitter:data1\" content=\"1 minut\u0117\" \/>\n<script type=\"application\/ld+json\" class=\"yoast-schema-graph\">{\"@context\":\"https:\\\/\\\/schema.org\",\"@graph\":[{\"@type\":\"WebPage\",\"@id\":\"https:\\\/\\\/www.biopapa.de\\\/lt\\\/producte\\\/ekologiski-traskus-kukuruzu-dribsniai\\\/\",\"url\":\"https:\\\/\\\/www.biopapa.de\\\/lt\\\/producte\\\/ekologiski-traskus-kukuruzu-dribsniai\\\/\",\"name\":\"Ekologi\u0161ki tra\u0161k\u016bs kukur\u016bz\u0173 dribsniai - Biopapa\",\"isPartOf\":{\"@id\":\"https:\\\/\\\/www.biopapa.de\\\/lt\\\/#website\"},\"primaryImageOfPage\":{\"@id\":\"https:\\\/\\\/www.biopapa.de\\\/lt\\\/producte\\\/ekologiski-traskus-kukuruzu-dribsniai\\\/#primaryimage\"},\"image\":{\"@id\":\"https:\\\/\\\/www.biopapa.de\\\/lt\\\/producte\\\/ekologiski-traskus-kukuruzu-dribsniai\\\/#primaryimage\"},\"thumbnailUrl\":\"https:\\\/\\\/www.biopapa.de\\\/wp-content\\\/uploads\\\/2022\\\/10\\\/Ekologiski-traskus-kukuruzu-dribsniai.png\",\"datePublished\":\"2022-10-21T02:52:01+00:00\",\"dateModified\":\"2026-04-10T10:40:40+00:00\",\"description\":\"Kukur\u016bz\u0173 dribsniai yra maistingi ir lengvai vir\u0161kinami, neapsunkins skrand\u017eio, jie tiks senjorams bei ma\u017eiesiems valgytojams.\",\"breadcrumb\":{\"@id\":\"https:\\\/\\\/www.biopapa.de\\\/lt\\\/producte\\\/ekologiski-traskus-kukuruzu-dribsniai\\\/#breadcrumb\"},\"inLanguage\":\"lt-LT\",\"potentialAction\":[{\"@type\":\"ReadAction\",\"target\":[\"https:\\\/\\\/www.biopapa.de\\\/lt\\\/producte\\\/ekologiski-traskus-kukuruzu-dribsniai\\\/\"]}]},{\"@type\":\"ImageObject\",\"inLanguage\":\"lt-LT\",\"@id\":\"https:\\\/\\\/www.biopapa.de\\\/lt\\\/producte\\\/ekologiski-traskus-kukuruzu-dribsniai\\\/#primaryimage\",\"url\":\"https:\\\/\\\/www.biopapa.de\\\/wp-content\\\/uploads\\\/2022\\\/10\\\/Ekologiski-traskus-kukuruzu-dribsniai.png\",\"contentUrl\":\"https:\\\/\\\/www.biopapa.de\\\/wp-content\\\/uploads\\\/2022\\\/10\\\/Ekologiski-traskus-kukuruzu-dribsniai.png\",\"width\":800,\"height\":640,\"caption\":\"Ekologi\u0161ki tra\u0161k\u016bs kukur\u016bz\u0173 dribsniai\"},{\"@type\":\"BreadcrumbList\",\"@id\":\"https:\\\/\\\/www.biopapa.de\\\/lt\\\/producte\\\/ekologiski-traskus-kukuruzu-dribsniai\\\/#breadcrumb\",\"itemListElement\":[{\"@type\":\"ListItem\",\"position\":1,\"name\":\"Home\",\"item\":\"https:\\\/\\\/www.biopapa.de\\\/lt\\\/\"},{\"@type\":\"ListItem\",\"position\":2,\"name\":\"Parduotuv\u0117\",\"item\":\"https:\\\/\\\/www.biopapa.de\\\/parduotuve\\\/\"},{\"@type\":\"ListItem\",\"position\":3,\"name\":\"Ekologi\u0161ki tra\u0161k\u016bs kukur\u016bz\u0173 dribsniai\"}]},{\"@type\":\"WebSite\",\"@id\":\"https:\\\/\\\/www.biopapa.de\\\/lt\\\/#website\",\"url\":\"https:\\\/\\\/www.biopapa.de\\\/lt\\\/\",\"name\":\"Biopapa\",\"description\":\"\u0160var\u016bs ekologi\u0161ki produktai\",\"publisher\":{\"@id\":\"https:\\\/\\\/www.biopapa.de\\\/lt\\\/#organization\"},\"potentialAction\":[{\"@type\":\"SearchAction\",\"target\":{\"@type\":\"EntryPoint\",\"urlTemplate\":\"https:\\\/\\\/www.biopapa.de\\\/lt\\\/?s={search_term_string}\"},\"query-input\":{\"@type\":\"PropertyValueSpecification\",\"valueRequired\":true,\"valueName\":\"search_term_string\"}}],\"inLanguage\":\"lt-LT\"},{\"@type\":\"Organization\",\"@id\":\"https:\\\/\\\/www.biopapa.de\\\/lt\\\/#organization\",\"name\":\"Biopapa\",\"url\":\"https:\\\/\\\/www.biopapa.de\\\/lt\\\/\",\"logo\":{\"@type\":\"ImageObject\",\"inLanguage\":\"lt-LT\",\"@id\":\"https:\\\/\\\/www.biopapa.de\\\/lt\\\/#\\\/schema\\\/logo\\\/image\\\/\",\"url\":\"https:\\\/\\\/www.biopapa.lt\\\/wp-content\\\/uploads\\\/2022\\\/04\\\/facebook_biopapa.jpg\",\"contentUrl\":\"https:\\\/\\\/www.biopapa.lt\\\/wp-content\\\/uploads\\\/2022\\\/04\\\/facebook_biopapa.jpg\",\"width\":1733,\"height\":907,\"caption\":\"Biopapa\"},\"image\":{\"@id\":\"https:\\\/\\\/www.biopapa.de\\\/lt\\\/#\\\/schema\\\/logo\\\/image\\\/\"},\"sameAs\":[\"https:\\\/\\\/www.facebook.com\\\/biopapa.lt\"]}]}<\/script>\n<!-- \/ Yoast SEO plugin. -->","yoast_head_json":{"title":"Ekologi\u0161ki tra\u0161k\u016bs kukur\u016bz\u0173 dribsniai - Biopapa","description":"Kukur\u016bz\u0173 dribsniai yra maistingi ir lengvai vir\u0161kinami, neapsunkins skrand\u017eio, jie tiks senjorams bei ma\u017eiesiems valgytojams.","robots":{"index":"index","follow":"follow","max-snippet":"max-snippet:-1","max-image-preview":"max-image-preview:large","max-video-preview":"max-video-preview:-1"},"canonical":"https:\/\/www.biopapa.de\/lt\/producte\/ekologiski-traskus-kukuruzu-dribsniai\/","og_locale":"lt_LT","og_type":"article","og_title":"Ekologi\u0161ki tra\u0161k\u016bs kukur\u016bz\u0173 dribsniai - Biopapa","og_description":"Kukur\u016bz\u0173 dribsniai yra maistingi ir lengvai vir\u0161kinami, neapsunkins skrand\u017eio, jie tiks senjorams bei ma\u017eiesiems valgytojams.","og_url":"https:\/\/www.biopapa.de\/lt\/producte\/ekologiski-traskus-kukuruzu-dribsniai\/","og_site_name":"Biopapa","article_publisher":"https:\/\/www.facebook.com\/biopapa.lt","article_modified_time":"2026-04-10T10:40:40+00:00","og_image":[{"width":800,"height":640,"url":"https:\/\/www.biopapa.de\/wp-content\/uploads\/2022\/10\/Ekologiski-traskus-kukuruzu-dribsniai.png","type":"image\/png"}],"twitter_card":"summary_large_image","twitter_misc":{"Est. reading time":"1 minut\u0117"},"schema":{"@context":"https:\/\/schema.org","@graph":[{"@type":"WebPage","@id":"https:\/\/www.biopapa.de\/lt\/producte\/ekologiski-traskus-kukuruzu-dribsniai\/","url":"https:\/\/www.biopapa.de\/lt\/producte\/ekologiski-traskus-kukuruzu-dribsniai\/","name":"Ekologi\u0161ki tra\u0161k\u016bs kukur\u016bz\u0173 dribsniai - Biopapa","isPartOf":{"@id":"https:\/\/www.biopapa.de\/lt\/#website"},"primaryImageOfPage":{"@id":"https:\/\/www.biopapa.de\/lt\/producte\/ekologiski-traskus-kukuruzu-dribsniai\/#primaryimage"},"image":{"@id":"https:\/\/www.biopapa.de\/lt\/producte\/ekologiski-traskus-kukuruzu-dribsniai\/#primaryimage"},"thumbnailUrl":"https:\/\/www.biopapa.de\/wp-content\/uploads\/2022\/10\/Ekologiski-traskus-kukuruzu-dribsniai.png","datePublished":"2022-10-21T02:52:01+00:00","dateModified":"2026-04-10T10:40:40+00:00","description":"Kukur\u016bz\u0173 dribsniai yra maistingi ir lengvai vir\u0161kinami, neapsunkins skrand\u017eio, jie tiks senjorams bei ma\u017eiesiems valgytojams.","breadcrumb":{"@id":"https:\/\/www.biopapa.de\/lt\/producte\/ekologiski-traskus-kukuruzu-dribsniai\/#breadcrumb"},"inLanguage":"lt-LT","potentialAction":[{"@type":"ReadAction","target":["https:\/\/www.biopapa.de\/lt\/producte\/ekologiski-traskus-kukuruzu-dribsniai\/"]}]},{"@type":"ImageObject","inLanguage":"lt-LT","@id":"https:\/\/www.biopapa.de\/lt\/producte\/ekologiski-traskus-kukuruzu-dribsniai\/#primaryimage","url":"https:\/\/www.biopapa.de\/wp-content\/uploads\/2022\/10\/Ekologiski-traskus-kukuruzu-dribsniai.png","contentUrl":"https:\/\/www.biopapa.de\/wp-content\/uploads\/2022\/10\/Ekologiski-traskus-kukuruzu-dribsniai.png","width":800,"height":640,"caption":"Ekologi\u0161ki tra\u0161k\u016bs kukur\u016bz\u0173 dribsniai"},{"@type":"BreadcrumbList","@id":"https:\/\/www.biopapa.de\/lt\/producte\/ekologiski-traskus-kukuruzu-dribsniai\/#breadcrumb","itemListElement":[{"@type":"ListItem","position":1,"name":"Home","item":"https:\/\/www.biopapa.de\/lt\/"},{"@type":"ListItem","position":2,"name":"Parduotuv\u0117","item":"https:\/\/www.biopapa.de\/parduotuve\/"},{"@type":"ListItem","position":3,"name":"Ekologi\u0161ki tra\u0161k\u016bs kukur\u016bz\u0173 dribsniai"}]},{"@type":"WebSite","@id":"https:\/\/www.biopapa.de\/lt\/#website","url":"https:\/\/www.biopapa.de\/lt\/","name":"Biopapa","description":"\u0160var\u016bs ekologi\u0161ki produktai","publisher":{"@id":"https:\/\/www.biopapa.de\/lt\/#organization"},"potentialAction":[{"@type":"SearchAction","target":{"@type":"EntryPoint","urlTemplate":"https:\/\/www.biopapa.de\/lt\/?s={search_term_string}"},"query-input":{"@type":"PropertyValueSpecification","valueRequired":true,"valueName":"search_term_string"}}],"inLanguage":"lt-LT"},{"@type":"Organization","@id":"https:\/\/www.biopapa.de\/lt\/#organization","name":"Biopapa","url":"https:\/\/www.biopapa.de\/lt\/","logo":{"@type":"ImageObject","inLanguage":"lt-LT","@id":"https:\/\/www.biopapa.de\/lt\/#\/schema\/logo\/image\/","url":"https:\/\/www.biopapa.lt\/wp-content\/uploads\/2022\/04\/facebook_biopapa.jpg","contentUrl":"https:\/\/www.biopapa.lt\/wp-content\/uploads\/2022\/04\/facebook_biopapa.jpg","width":1733,"height":907,"caption":"Biopapa"},"image":{"@id":"https:\/\/www.biopapa.de\/lt\/#\/schema\/logo\/image\/"},"sameAs":["https:\/\/www.facebook.com\/biopapa.lt"]}]}},"_links":{"self":[{"href":"https:\/\/www.biopapa.de\/lt\/wp-json\/wp\/v2\/product\/20660","targetHints":{"allow":["GET"]}}],"collection":[{"href":"https:\/\/www.biopapa.de\/lt\/wp-json\/wp\/v2\/product"}],"about":[{"href":"https:\/\/www.biopapa.de\/lt\/wp-json\/wp\/v2\/types\/product"}],"wp:featuredmedia":[{"embeddable":true,"href":"https:\/\/www.biopapa.de\/lt\/wp-json\/wp\/v2\/media\/23444"}],"wp:attachment":[{"href":"https:\/\/www.biopapa.de\/lt\/wp-json\/wp\/v2\/media?parent=20660"}],"wp:term":[{"taxonomy":"product_brand","embeddable":true,"href":"https:\/\/www.biopapa.de\/lt\/wp-json\/wp\/v2\/product_brand?post=20660"},{"taxonomy":"product_cat","embeddable":true,"href":"https:\/\/www.biopapa.de\/lt\/wp-json\/wp\/v2\/product_cat?post=20660"},{"taxonomy":"product_tag","embeddable":true,"href":"https:\/\/www.biopapa.de\/lt\/wp-json\/wp\/v2\/product_tag?post=20660"}],"curies":[{"name":"wp","href":"https:\/\/api.w.org\/{rel}","templated":true}]}}