{"id":20740,"date":"2022-10-25T18:32:28","date_gmt":"2022-10-25T15:32:28","guid":{"rendered":"https:\/\/www.biopapa.lt\/?post_type=product&#038;p=20740"},"modified":"2026-02-10T16:47:08","modified_gmt":"2026-02-10T14:47:08","slug":"ekologiskos-dziovintos-petrazoles","status":"publish","type":"product","link":"https:\/\/www.biopapa.de\/lt\/producte\/ekologiskos-dziovintos-petrazoles\/","title":{"rendered":"Ekologi\u0161kos d\u017eiovintos petra\u017eol\u0117s"},"content":{"rendered":"<p><strong>Ekologi\u0161kos d\u017eiovintos petra\u017eol\u0117s<\/strong><br \/>\nD\u017eiovintos petra\u017eol\u0117s turi ilg\u0105 ir \u012fdomi\u0105 istorij\u0105, siekian\u010di\u0105 senov\u0117s Vidur\u017eemio j\u016bros region\u0105. Senov\u0117s graikai jas laik\u0117 \u0161ventu augalu ir naudojo ne tik maistui, bet ir apeigoms bei vainikams pinti. Rom\u0117nai petra\u017eoles vertino kaip prieskon\u012f ir vaistin\u012f augal\u0105, tik\u0117dami, kad jos gerina vir\u0161kinim\u0105 ir gaivina kv\u0117pavim\u0105. Viduram\u017eiais petra\u017eol\u0117s paplito visoje Europoje ir tapo svarbia virtuv\u0117s dalimi. D\u017eiovinimo b\u016bdas leido i\u0161saugoti j\u0173 aromat\u0105 ir naudoti i\u0161tisus metus.<\/p>\n<p>D\u017eiovintos petra\u017eol\u0117s da\u017eniausiai naudojamos sriuboms, pada\u017eams, tro\u0161kiniams ir kitiems patiekalams gardinti. Jos suteikia \u0161veln\u0173, gaiv\u0173 skon\u012f ir subtil\u0173 \u017ealum\u0105 net tada, kai \u0161vie\u017ei\u0173 \u017eoleli\u0173 n\u0117ra po ranka. Taip pat jos tinka barstyti ant bulvi\u0173, makaron\u0173. Be kulinarinio naudojimo, petra\u017eol\u0117s vertinamos d\u0117l jose esan\u010di\u0173 vitamin\u0173. Nors d\u017eiovinant dalis maistini\u0173 med\u017eiag\u0173 suma\u017e\u0117ja, jos vis tiek i\u0161lieka naudingas ir kvapnus prieskonis kasdien\u0117je mityboje.<\/p>\n<p><em>PASTABA. Svetain\u0117je pateikiama informacija negali b\u016bti interpretuojama kaip gydymo ar kitokio pob\u016bd\u017eio sveikatos klausim\u0173 sprendimo rekomendacija. Raginame sprendimus, susijusius su asmenine sveikata, priimti asmeni\u0161kai, \u012fvertinus \u012fvairius informacijos \u0161altinius.<\/em><\/p>\n","protected":false},"excerpt":{"rendered":"<p>Ekologi\u0161kos d\u017eiovintos petra\u017eol\u0117s D\u017eiovintos petra\u017eol\u0117s turi ilg\u0105 ir \u012fdomi\u0105 istorij\u0105, siekian\u010di\u0105 senov\u0117s Vidur\u017eemio j\u016bros region\u0105. Senov\u0117s graikai jas laik\u0117 \u0161ventu<\/p>\n","protected":false},"featured_media":23070,"template":"","meta":{"_acf_changed":false},"product_brand":[],"product_cat":[1315],"product_tag":[1378],"class_list":{"0":"post-20740","1":"product","2":"type-product","3":"status-publish","4":"has-post-thumbnail","6":"product_cat-ekologiski-prieskoniai","7":"product_tag-veganams","8":"pa_svoris-25-g","9":"pa_svoris-50-g","10":"pa_svoris-100g","11":"pa_svoris-200g","12":"pa_svoris-300-g","13":"pa_svoris-400-g","14":"pa_svoris-500-g","15":"pa_svoris-1-kg","17":"first","18":"instock","19":"shipping-taxable","20":"purchasable","21":"product-type-variable"},"acf":[],"yoast_head":"<!-- This site is optimized with the Yoast SEO plugin v27.3 - https:\/\/yoast.com\/product\/yoast-seo-wordpress\/ -->\n<title>Ekologi\u0161kos d\u017eiovintos petra\u017eol\u0117s - Biopapa<\/title>\n<meta name=\"description\" content=\"Ekologi\u0161kos d\u017eiovintos petra\u017eol\u0117s da\u017eniausiai naudojamos sriuboms, pada\u017eams, tro\u0161kiniams ir kitiems patiekalams gardinti.\" \/>\n<meta name=\"robots\" content=\"index, follow, max-snippet:-1, max-image-preview:large, max-video-preview:-1\" \/>\n<link rel=\"canonical\" href=\"https:\/\/www.biopapa.de\/lt\/producte\/ekologiskos-dziovintos-petrazoles\/\" \/>\n<meta property=\"og:locale\" content=\"lt_LT\" \/>\n<meta property=\"og:type\" content=\"article\" \/>\n<meta property=\"og:title\" content=\"Ekologi\u0161kos d\u017eiovintos petra\u017eol\u0117s - Biopapa\" \/>\n<meta property=\"og:description\" content=\"Ekologi\u0161kos d\u017eiovintos petra\u017eol\u0117s da\u017eniausiai naudojamos sriuboms, pada\u017eams, tro\u0161kiniams ir kitiems patiekalams gardinti.\" \/>\n<meta property=\"og:url\" content=\"https:\/\/www.biopapa.de\/lt\/producte\/ekologiskos-dziovintos-petrazoles\/\" \/>\n<meta property=\"og:site_name\" content=\"Biopapa\" \/>\n<meta property=\"article:publisher\" content=\"https:\/\/www.facebook.com\/biopapa.lt\" \/>\n<meta property=\"article:modified_time\" content=\"2026-02-10T14:47:08+00:00\" \/>\n<meta property=\"og:image\" content=\"https:\/\/www.biopapa.de\/wp-content\/uploads\/2022\/10\/Ekologiskos-dziovintos-petrazoles.png\" \/>\n\t<meta property=\"og:image:width\" content=\"800\" \/>\n\t<meta property=\"og:image:height\" content=\"640\" \/>\n\t<meta property=\"og:image:type\" content=\"image\/png\" \/>\n<meta name=\"twitter:card\" content=\"summary_large_image\" \/>\n<meta name=\"twitter:label1\" content=\"Est. reading time\" \/>\n\t<meta name=\"twitter:data1\" content=\"1 minut\u0117\" \/>\n<script type=\"application\/ld+json\" class=\"yoast-schema-graph\">{\"@context\":\"https:\\\/\\\/schema.org\",\"@graph\":[{\"@type\":\"WebPage\",\"@id\":\"https:\\\/\\\/www.biopapa.de\\\/lt\\\/producte\\\/ekologiskos-dziovintos-petrazoles\\\/\",\"url\":\"https:\\\/\\\/www.biopapa.de\\\/lt\\\/producte\\\/ekologiskos-dziovintos-petrazoles\\\/\",\"name\":\"Ekologi\u0161kos d\u017eiovintos petra\u017eol\u0117s - Biopapa\",\"isPartOf\":{\"@id\":\"https:\\\/\\\/www.biopapa.de\\\/lt\\\/#website\"},\"primaryImageOfPage\":{\"@id\":\"https:\\\/\\\/www.biopapa.de\\\/lt\\\/producte\\\/ekologiskos-dziovintos-petrazoles\\\/#primaryimage\"},\"image\":{\"@id\":\"https:\\\/\\\/www.biopapa.de\\\/lt\\\/producte\\\/ekologiskos-dziovintos-petrazoles\\\/#primaryimage\"},\"thumbnailUrl\":\"https:\\\/\\\/www.biopapa.de\\\/wp-content\\\/uploads\\\/2022\\\/10\\\/Ekologiskos-dziovintos-petrazoles.png\",\"datePublished\":\"2022-10-25T15:32:28+00:00\",\"dateModified\":\"2026-02-10T14:47:08+00:00\",\"description\":\"Ekologi\u0161kos d\u017eiovintos petra\u017eol\u0117s da\u017eniausiai naudojamos sriuboms, pada\u017eams, tro\u0161kiniams ir kitiems patiekalams gardinti.\",\"breadcrumb\":{\"@id\":\"https:\\\/\\\/www.biopapa.de\\\/lt\\\/producte\\\/ekologiskos-dziovintos-petrazoles\\\/#breadcrumb\"},\"inLanguage\":\"lt-LT\",\"potentialAction\":[{\"@type\":\"ReadAction\",\"target\":[\"https:\\\/\\\/www.biopapa.de\\\/lt\\\/producte\\\/ekologiskos-dziovintos-petrazoles\\\/\"]}]},{\"@type\":\"ImageObject\",\"inLanguage\":\"lt-LT\",\"@id\":\"https:\\\/\\\/www.biopapa.de\\\/lt\\\/producte\\\/ekologiskos-dziovintos-petrazoles\\\/#primaryimage\",\"url\":\"https:\\\/\\\/www.biopapa.de\\\/wp-content\\\/uploads\\\/2022\\\/10\\\/Ekologiskos-dziovintos-petrazoles.png\",\"contentUrl\":\"https:\\\/\\\/www.biopapa.de\\\/wp-content\\\/uploads\\\/2022\\\/10\\\/Ekologiskos-dziovintos-petrazoles.png\",\"width\":800,\"height\":640,\"caption\":\"Ekologi\u0161kos d\u017eiovintos petra\u017eol\u0117s\"},{\"@type\":\"BreadcrumbList\",\"@id\":\"https:\\\/\\\/www.biopapa.de\\\/lt\\\/producte\\\/ekologiskos-dziovintos-petrazoles\\\/#breadcrumb\",\"itemListElement\":[{\"@type\":\"ListItem\",\"position\":1,\"name\":\"Home\",\"item\":\"https:\\\/\\\/www.biopapa.de\\\/lt\\\/\"},{\"@type\":\"ListItem\",\"position\":2,\"name\":\"Parduotuv\u0117\",\"item\":\"https:\\\/\\\/www.biopapa.de\\\/parduotuve\\\/\"},{\"@type\":\"ListItem\",\"position\":3,\"name\":\"Ekologi\u0161kos d\u017eiovintos petra\u017eol\u0117s\"}]},{\"@type\":\"WebSite\",\"@id\":\"https:\\\/\\\/www.biopapa.de\\\/lt\\\/#website\",\"url\":\"https:\\\/\\\/www.biopapa.de\\\/lt\\\/\",\"name\":\"Biopapa\",\"description\":\"\u0160var\u016bs ekologi\u0161ki produktai\",\"publisher\":{\"@id\":\"https:\\\/\\\/www.biopapa.de\\\/lt\\\/#organization\"},\"potentialAction\":[{\"@type\":\"SearchAction\",\"target\":{\"@type\":\"EntryPoint\",\"urlTemplate\":\"https:\\\/\\\/www.biopapa.de\\\/lt\\\/?s={search_term_string}\"},\"query-input\":{\"@type\":\"PropertyValueSpecification\",\"valueRequired\":true,\"valueName\":\"search_term_string\"}}],\"inLanguage\":\"lt-LT\"},{\"@type\":\"Organization\",\"@id\":\"https:\\\/\\\/www.biopapa.de\\\/lt\\\/#organization\",\"name\":\"Biopapa\",\"url\":\"https:\\\/\\\/www.biopapa.de\\\/lt\\\/\",\"logo\":{\"@type\":\"ImageObject\",\"inLanguage\":\"lt-LT\",\"@id\":\"https:\\\/\\\/www.biopapa.de\\\/lt\\\/#\\\/schema\\\/logo\\\/image\\\/\",\"url\":\"https:\\\/\\\/www.biopapa.lt\\\/wp-content\\\/uploads\\\/2022\\\/04\\\/facebook_biopapa.jpg\",\"contentUrl\":\"https:\\\/\\\/www.biopapa.lt\\\/wp-content\\\/uploads\\\/2022\\\/04\\\/facebook_biopapa.jpg\",\"width\":1733,\"height\":907,\"caption\":\"Biopapa\"},\"image\":{\"@id\":\"https:\\\/\\\/www.biopapa.de\\\/lt\\\/#\\\/schema\\\/logo\\\/image\\\/\"},\"sameAs\":[\"https:\\\/\\\/www.facebook.com\\\/biopapa.lt\"]}]}<\/script>\n<!-- \/ Yoast SEO plugin. -->","yoast_head_json":{"title":"Ekologi\u0161kos d\u017eiovintos petra\u017eol\u0117s - Biopapa","description":"Ekologi\u0161kos d\u017eiovintos petra\u017eol\u0117s da\u017eniausiai naudojamos sriuboms, pada\u017eams, tro\u0161kiniams ir kitiems patiekalams gardinti.","robots":{"index":"index","follow":"follow","max-snippet":"max-snippet:-1","max-image-preview":"max-image-preview:large","max-video-preview":"max-video-preview:-1"},"canonical":"https:\/\/www.biopapa.de\/lt\/producte\/ekologiskos-dziovintos-petrazoles\/","og_locale":"lt_LT","og_type":"article","og_title":"Ekologi\u0161kos d\u017eiovintos petra\u017eol\u0117s - Biopapa","og_description":"Ekologi\u0161kos d\u017eiovintos petra\u017eol\u0117s da\u017eniausiai naudojamos sriuboms, pada\u017eams, tro\u0161kiniams ir kitiems patiekalams gardinti.","og_url":"https:\/\/www.biopapa.de\/lt\/producte\/ekologiskos-dziovintos-petrazoles\/","og_site_name":"Biopapa","article_publisher":"https:\/\/www.facebook.com\/biopapa.lt","article_modified_time":"2026-02-10T14:47:08+00:00","og_image":[{"width":800,"height":640,"url":"https:\/\/www.biopapa.de\/wp-content\/uploads\/2022\/10\/Ekologiskos-dziovintos-petrazoles.png","type":"image\/png"}],"twitter_card":"summary_large_image","twitter_misc":{"Est. reading time":"1 minut\u0117"},"schema":{"@context":"https:\/\/schema.org","@graph":[{"@type":"WebPage","@id":"https:\/\/www.biopapa.de\/lt\/producte\/ekologiskos-dziovintos-petrazoles\/","url":"https:\/\/www.biopapa.de\/lt\/producte\/ekologiskos-dziovintos-petrazoles\/","name":"Ekologi\u0161kos d\u017eiovintos petra\u017eol\u0117s - Biopapa","isPartOf":{"@id":"https:\/\/www.biopapa.de\/lt\/#website"},"primaryImageOfPage":{"@id":"https:\/\/www.biopapa.de\/lt\/producte\/ekologiskos-dziovintos-petrazoles\/#primaryimage"},"image":{"@id":"https:\/\/www.biopapa.de\/lt\/producte\/ekologiskos-dziovintos-petrazoles\/#primaryimage"},"thumbnailUrl":"https:\/\/www.biopapa.de\/wp-content\/uploads\/2022\/10\/Ekologiskos-dziovintos-petrazoles.png","datePublished":"2022-10-25T15:32:28+00:00","dateModified":"2026-02-10T14:47:08+00:00","description":"Ekologi\u0161kos d\u017eiovintos petra\u017eol\u0117s da\u017eniausiai naudojamos sriuboms, pada\u017eams, tro\u0161kiniams ir kitiems patiekalams gardinti.","breadcrumb":{"@id":"https:\/\/www.biopapa.de\/lt\/producte\/ekologiskos-dziovintos-petrazoles\/#breadcrumb"},"inLanguage":"lt-LT","potentialAction":[{"@type":"ReadAction","target":["https:\/\/www.biopapa.de\/lt\/producte\/ekologiskos-dziovintos-petrazoles\/"]}]},{"@type":"ImageObject","inLanguage":"lt-LT","@id":"https:\/\/www.biopapa.de\/lt\/producte\/ekologiskos-dziovintos-petrazoles\/#primaryimage","url":"https:\/\/www.biopapa.de\/wp-content\/uploads\/2022\/10\/Ekologiskos-dziovintos-petrazoles.png","contentUrl":"https:\/\/www.biopapa.de\/wp-content\/uploads\/2022\/10\/Ekologiskos-dziovintos-petrazoles.png","width":800,"height":640,"caption":"Ekologi\u0161kos d\u017eiovintos petra\u017eol\u0117s"},{"@type":"BreadcrumbList","@id":"https:\/\/www.biopapa.de\/lt\/producte\/ekologiskos-dziovintos-petrazoles\/#breadcrumb","itemListElement":[{"@type":"ListItem","position":1,"name":"Home","item":"https:\/\/www.biopapa.de\/lt\/"},{"@type":"ListItem","position":2,"name":"Parduotuv\u0117","item":"https:\/\/www.biopapa.de\/parduotuve\/"},{"@type":"ListItem","position":3,"name":"Ekologi\u0161kos d\u017eiovintos petra\u017eol\u0117s"}]},{"@type":"WebSite","@id":"https:\/\/www.biopapa.de\/lt\/#website","url":"https:\/\/www.biopapa.de\/lt\/","name":"Biopapa","description":"\u0160var\u016bs ekologi\u0161ki produktai","publisher":{"@id":"https:\/\/www.biopapa.de\/lt\/#organization"},"potentialAction":[{"@type":"SearchAction","target":{"@type":"EntryPoint","urlTemplate":"https:\/\/www.biopapa.de\/lt\/?s={search_term_string}"},"query-input":{"@type":"PropertyValueSpecification","valueRequired":true,"valueName":"search_term_string"}}],"inLanguage":"lt-LT"},{"@type":"Organization","@id":"https:\/\/www.biopapa.de\/lt\/#organization","name":"Biopapa","url":"https:\/\/www.biopapa.de\/lt\/","logo":{"@type":"ImageObject","inLanguage":"lt-LT","@id":"https:\/\/www.biopapa.de\/lt\/#\/schema\/logo\/image\/","url":"https:\/\/www.biopapa.lt\/wp-content\/uploads\/2022\/04\/facebook_biopapa.jpg","contentUrl":"https:\/\/www.biopapa.lt\/wp-content\/uploads\/2022\/04\/facebook_biopapa.jpg","width":1733,"height":907,"caption":"Biopapa"},"image":{"@id":"https:\/\/www.biopapa.de\/lt\/#\/schema\/logo\/image\/"},"sameAs":["https:\/\/www.facebook.com\/biopapa.lt"]}]}},"_links":{"self":[{"href":"https:\/\/www.biopapa.de\/lt\/wp-json\/wp\/v2\/product\/20740","targetHints":{"allow":["GET"]}}],"collection":[{"href":"https:\/\/www.biopapa.de\/lt\/wp-json\/wp\/v2\/product"}],"about":[{"href":"https:\/\/www.biopapa.de\/lt\/wp-json\/wp\/v2\/types\/product"}],"wp:featuredmedia":[{"embeddable":true,"href":"https:\/\/www.biopapa.de\/lt\/wp-json\/wp\/v2\/media\/23070"}],"wp:attachment":[{"href":"https:\/\/www.biopapa.de\/lt\/wp-json\/wp\/v2\/media?parent=20740"}],"wp:term":[{"taxonomy":"product_brand","embeddable":true,"href":"https:\/\/www.biopapa.de\/lt\/wp-json\/wp\/v2\/product_brand?post=20740"},{"taxonomy":"product_cat","embeddable":true,"href":"https:\/\/www.biopapa.de\/lt\/wp-json\/wp\/v2\/product_cat?post=20740"},{"taxonomy":"product_tag","embeddable":true,"href":"https:\/\/www.biopapa.de\/lt\/wp-json\/wp\/v2\/product_tag?post=20740"}],"curies":[{"name":"wp","href":"https:\/\/api.w.org\/{rel}","templated":true}]}}