{"id":21056,"date":"2022-11-09T14:32:55","date_gmt":"2022-11-09T12:32:55","guid":{"rendered":"https:\/\/www.biopapa.lt\/?post_type=product&#038;p=21056"},"modified":"2025-08-04T14:03:57","modified_gmt":"2025-08-04T11:03:57","slug":"ekologiskos-tikrojo-margainio-seklos-maltos","status":"publish","type":"product","link":"https:\/\/www.biopapa.de\/lt\/producte\/ekologiskos-tikrojo-margainio-seklos-maltos\/","title":{"rendered":"Ekologi\u0161kos tikrojo margainio (Milk Thistle) s\u0117klos, maltos"},"content":{"rendered":"<p>Ekologi\u0161kos<strong>\u00a0tikrojo margainio s\u0117klos<\/strong>\u00a0praturtins ir pa\u012fvairins kasdien\u0117s mitybos racion\u0105.<\/p>\n<p>Turi\u00a0<strong>daug baltym\u0173<\/strong>. Baltymai padeda palaikyti raumen\u0173 mas\u0117s augim\u0105, i\u0161saugoti raumen\u0173 mas\u0119 ir palaikyti normali\u0105 kaul\u0173 b\u016bkl\u0119. Svarbu \u012fvairi ir subalansuota mityba bei sveikas gyvenimo b\u016bdas.<\/p>\n<p>Vartojimas: berti \u012f salotas, sausus pusry\u010dius, kokteilius, glotnu\u010dius ar kaip \u017eoleli\u0173 arbat\u0105 (1 arb. \u0161auk\u0161tel\u012f milteli\u0173 u\u017epilkite stikline verdan\u010dio vandens, u\u017edenkite ir palaikykite 15 min., perko\u0161kite ir gerkite).<\/p>\n<p>Arbatai paruo\u0161ti reikia 1 arbatinio \u0161auk\u0161telio margainio (apyt. 4 g) stiklinei vandens. Gerti po 1 puodel\u012f u\u017epilo. Paros doz\u0117je (3 arbatiniai \u0161auk\u0161teliai) yra 12 g margainio.<\/p>\n","protected":false},"excerpt":{"rendered":"<p>Ekologi\u0161kos\u00a0tikrojo margainio s\u0117klos\u00a0praturtins ir pa\u012fvairins kasdien\u0117s mitybos racion\u0105. Turi\u00a0daug baltym\u0173. Baltymai padeda palaikyti raumen\u0173 mas\u0117s augim\u0105, i\u0161saugoti raumen\u0173 mas\u0119 ir<\/p>\n","protected":false},"featured_media":22317,"template":"","meta":{"_acf_changed":false},"product_brand":[],"product_cat":[1216,2349],"product_tag":[1433,1378],"class_list":{"0":"post-21056","1":"product","2":"type-product","3":"status-publish","4":"has-post-thumbnail","6":"product_cat-augalinis-supermaistas","7":"product_cat-milteliai","8":"product_tag-baltymu-saltinis","9":"product_tag-veganams","10":"pa_svoris-1-kg","11":"pa_svoris-100-g","12":"pa_svoris-200-g","13":"pa_svoris-300-g","14":"pa_svoris-400-g","15":"pa_svoris-50-g","16":"pa_svoris-500-g","18":"first","19":"instock","20":"shipping-taxable","21":"purchasable","22":"product-type-variable"},"acf":[],"yoast_head":"<!-- This site is optimized with the Yoast SEO plugin v27.5 - https:\/\/yoast.com\/product\/yoast-seo-wordpress\/ -->\n<title>Ekologi\u0161kos tikrojo margainio (Milk Thistle) s\u0117klos, maltos - Biopapa<\/title>\n<meta name=\"description\" content=\"Ekologi\u0161kos\u00a0tikrojo margainio s\u0117klos\u00a0praturtins ir pa\u012fvairins kasdien\u0117s mitybos racion\u0105.\" \/>\n<meta name=\"robots\" content=\"index, follow, max-snippet:-1, max-image-preview:large, max-video-preview:-1\" \/>\n<link rel=\"canonical\" href=\"https:\/\/www.biopapa.de\/lt\/producte\/ekologiskos-tikrojo-margainio-seklos-maltos\/\" \/>\n<meta property=\"og:locale\" content=\"lt_LT\" \/>\n<meta property=\"og:type\" content=\"article\" \/>\n<meta property=\"og:title\" content=\"Ekologi\u0161kos tikrojo margainio (Milk Thistle) s\u0117klos, maltos - Biopapa\" \/>\n<meta property=\"og:description\" content=\"Ekologi\u0161kos\u00a0tikrojo margainio s\u0117klos\u00a0praturtins ir pa\u012fvairins kasdien\u0117s mitybos racion\u0105.\" \/>\n<meta property=\"og:url\" content=\"https:\/\/www.biopapa.de\/lt\/producte\/ekologiskos-tikrojo-margainio-seklos-maltos\/\" \/>\n<meta property=\"og:site_name\" content=\"Biopapa\" \/>\n<meta property=\"article:publisher\" content=\"https:\/\/www.facebook.com\/biopapa.lt\" \/>\n<meta property=\"article:modified_time\" content=\"2025-08-04T11:03:57+00:00\" \/>\n<meta property=\"og:image\" content=\"https:\/\/www.biopapa.de\/wp-content\/uploads\/2022\/11\/Ekologiskos-tikrojo-margainio-seklos-maltos..png\" \/>\n\t<meta property=\"og:image:width\" content=\"800\" \/>\n\t<meta property=\"og:image:height\" content=\"640\" \/>\n\t<meta property=\"og:image:type\" content=\"image\/png\" \/>\n<meta name=\"twitter:card\" content=\"summary_large_image\" \/>\n<meta name=\"twitter:label1\" content=\"Est. reading time\" \/>\n\t<meta name=\"twitter:data1\" content=\"1 minut\u0117\" \/>\n<script type=\"application\/ld+json\" class=\"yoast-schema-graph\">{\"@context\":\"https:\\\/\\\/schema.org\",\"@graph\":[{\"@type\":\"WebPage\",\"@id\":\"https:\\\/\\\/www.biopapa.de\\\/lt\\\/producte\\\/ekologiskos-tikrojo-margainio-seklos-maltos\\\/\",\"url\":\"https:\\\/\\\/www.biopapa.de\\\/lt\\\/producte\\\/ekologiskos-tikrojo-margainio-seklos-maltos\\\/\",\"name\":\"Ekologi\u0161kos tikrojo margainio (Milk Thistle) s\u0117klos, maltos - Biopapa\",\"isPartOf\":{\"@id\":\"https:\\\/\\\/www.biopapa.de\\\/lt\\\/#website\"},\"primaryImageOfPage\":{\"@id\":\"https:\\\/\\\/www.biopapa.de\\\/lt\\\/producte\\\/ekologiskos-tikrojo-margainio-seklos-maltos\\\/#primaryimage\"},\"image\":{\"@id\":\"https:\\\/\\\/www.biopapa.de\\\/lt\\\/producte\\\/ekologiskos-tikrojo-margainio-seklos-maltos\\\/#primaryimage\"},\"thumbnailUrl\":\"https:\\\/\\\/www.biopapa.de\\\/wp-content\\\/uploads\\\/2022\\\/11\\\/Ekologiskos-tikrojo-margainio-seklos-maltos..png\",\"datePublished\":\"2022-11-09T12:32:55+00:00\",\"dateModified\":\"2025-08-04T11:03:57+00:00\",\"description\":\"Ekologi\u0161kos\u00a0tikrojo margainio s\u0117klos\u00a0praturtins ir pa\u012fvairins kasdien\u0117s mitybos racion\u0105.\",\"breadcrumb\":{\"@id\":\"https:\\\/\\\/www.biopapa.de\\\/lt\\\/producte\\\/ekologiskos-tikrojo-margainio-seklos-maltos\\\/#breadcrumb\"},\"inLanguage\":\"lt-LT\",\"potentialAction\":[{\"@type\":\"ReadAction\",\"target\":[\"https:\\\/\\\/www.biopapa.de\\\/lt\\\/producte\\\/ekologiskos-tikrojo-margainio-seklos-maltos\\\/\"]}]},{\"@type\":\"ImageObject\",\"inLanguage\":\"lt-LT\",\"@id\":\"https:\\\/\\\/www.biopapa.de\\\/lt\\\/producte\\\/ekologiskos-tikrojo-margainio-seklos-maltos\\\/#primaryimage\",\"url\":\"https:\\\/\\\/www.biopapa.de\\\/wp-content\\\/uploads\\\/2022\\\/11\\\/Ekologiskos-tikrojo-margainio-seklos-maltos..png\",\"contentUrl\":\"https:\\\/\\\/www.biopapa.de\\\/wp-content\\\/uploads\\\/2022\\\/11\\\/Ekologiskos-tikrojo-margainio-seklos-maltos..png\",\"width\":800,\"height\":640,\"caption\":\"Ekologi\u0161kos tikrojo margainio s\u0117klos, maltos\"},{\"@type\":\"BreadcrumbList\",\"@id\":\"https:\\\/\\\/www.biopapa.de\\\/lt\\\/producte\\\/ekologiskos-tikrojo-margainio-seklos-maltos\\\/#breadcrumb\",\"itemListElement\":[{\"@type\":\"ListItem\",\"position\":1,\"name\":\"Home\",\"item\":\"https:\\\/\\\/www.biopapa.de\\\/lt\\\/\"},{\"@type\":\"ListItem\",\"position\":2,\"name\":\"Parduotuv\u0117\",\"item\":\"https:\\\/\\\/www.biopapa.de\\\/parduotuve\\\/\"},{\"@type\":\"ListItem\",\"position\":3,\"name\":\"Ekologi\u0161kos tikrojo margainio (Milk Thistle) s\u0117klos, maltos\"}]},{\"@type\":\"WebSite\",\"@id\":\"https:\\\/\\\/www.biopapa.de\\\/lt\\\/#website\",\"url\":\"https:\\\/\\\/www.biopapa.de\\\/lt\\\/\",\"name\":\"Biopapa\",\"description\":\"\u0160var\u016bs ekologi\u0161ki produktai\",\"publisher\":{\"@id\":\"https:\\\/\\\/www.biopapa.de\\\/lt\\\/#organization\"},\"potentialAction\":[{\"@type\":\"SearchAction\",\"target\":{\"@type\":\"EntryPoint\",\"urlTemplate\":\"https:\\\/\\\/www.biopapa.de\\\/lt\\\/?s={search_term_string}\"},\"query-input\":{\"@type\":\"PropertyValueSpecification\",\"valueRequired\":true,\"valueName\":\"search_term_string\"}}],\"inLanguage\":\"lt-LT\"},{\"@type\":\"Organization\",\"@id\":\"https:\\\/\\\/www.biopapa.de\\\/lt\\\/#organization\",\"name\":\"Biopapa\",\"url\":\"https:\\\/\\\/www.biopapa.de\\\/lt\\\/\",\"logo\":{\"@type\":\"ImageObject\",\"inLanguage\":\"lt-LT\",\"@id\":\"https:\\\/\\\/www.biopapa.de\\\/lt\\\/#\\\/schema\\\/logo\\\/image\\\/\",\"url\":\"https:\\\/\\\/www.biopapa.lt\\\/wp-content\\\/uploads\\\/2022\\\/04\\\/facebook_biopapa.jpg\",\"contentUrl\":\"https:\\\/\\\/www.biopapa.lt\\\/wp-content\\\/uploads\\\/2022\\\/04\\\/facebook_biopapa.jpg\",\"width\":1733,\"height\":907,\"caption\":\"Biopapa\"},\"image\":{\"@id\":\"https:\\\/\\\/www.biopapa.de\\\/lt\\\/#\\\/schema\\\/logo\\\/image\\\/\"},\"sameAs\":[\"https:\\\/\\\/www.facebook.com\\\/biopapa.lt\"]}]}<\/script>\n<!-- \/ Yoast SEO plugin. -->","yoast_head_json":{"title":"Ekologi\u0161kos tikrojo margainio (Milk Thistle) s\u0117klos, maltos - Biopapa","description":"Ekologi\u0161kos\u00a0tikrojo margainio s\u0117klos\u00a0praturtins ir pa\u012fvairins kasdien\u0117s mitybos racion\u0105.","robots":{"index":"index","follow":"follow","max-snippet":"max-snippet:-1","max-image-preview":"max-image-preview:large","max-video-preview":"max-video-preview:-1"},"canonical":"https:\/\/www.biopapa.de\/lt\/producte\/ekologiskos-tikrojo-margainio-seklos-maltos\/","og_locale":"lt_LT","og_type":"article","og_title":"Ekologi\u0161kos tikrojo margainio (Milk Thistle) s\u0117klos, maltos - Biopapa","og_description":"Ekologi\u0161kos\u00a0tikrojo margainio s\u0117klos\u00a0praturtins ir pa\u012fvairins kasdien\u0117s mitybos racion\u0105.","og_url":"https:\/\/www.biopapa.de\/lt\/producte\/ekologiskos-tikrojo-margainio-seklos-maltos\/","og_site_name":"Biopapa","article_publisher":"https:\/\/www.facebook.com\/biopapa.lt","article_modified_time":"2025-08-04T11:03:57+00:00","og_image":[{"width":800,"height":640,"url":"https:\/\/www.biopapa.de\/wp-content\/uploads\/2022\/11\/Ekologiskos-tikrojo-margainio-seklos-maltos..png","type":"image\/png"}],"twitter_card":"summary_large_image","twitter_misc":{"Est. reading time":"1 minut\u0117"},"schema":{"@context":"https:\/\/schema.org","@graph":[{"@type":"WebPage","@id":"https:\/\/www.biopapa.de\/lt\/producte\/ekologiskos-tikrojo-margainio-seklos-maltos\/","url":"https:\/\/www.biopapa.de\/lt\/producte\/ekologiskos-tikrojo-margainio-seklos-maltos\/","name":"Ekologi\u0161kos tikrojo margainio (Milk Thistle) s\u0117klos, maltos - Biopapa","isPartOf":{"@id":"https:\/\/www.biopapa.de\/lt\/#website"},"primaryImageOfPage":{"@id":"https:\/\/www.biopapa.de\/lt\/producte\/ekologiskos-tikrojo-margainio-seklos-maltos\/#primaryimage"},"image":{"@id":"https:\/\/www.biopapa.de\/lt\/producte\/ekologiskos-tikrojo-margainio-seklos-maltos\/#primaryimage"},"thumbnailUrl":"https:\/\/www.biopapa.de\/wp-content\/uploads\/2022\/11\/Ekologiskos-tikrojo-margainio-seklos-maltos..png","datePublished":"2022-11-09T12:32:55+00:00","dateModified":"2025-08-04T11:03:57+00:00","description":"Ekologi\u0161kos\u00a0tikrojo margainio s\u0117klos\u00a0praturtins ir pa\u012fvairins kasdien\u0117s mitybos racion\u0105.","breadcrumb":{"@id":"https:\/\/www.biopapa.de\/lt\/producte\/ekologiskos-tikrojo-margainio-seklos-maltos\/#breadcrumb"},"inLanguage":"lt-LT","potentialAction":[{"@type":"ReadAction","target":["https:\/\/www.biopapa.de\/lt\/producte\/ekologiskos-tikrojo-margainio-seklos-maltos\/"]}]},{"@type":"ImageObject","inLanguage":"lt-LT","@id":"https:\/\/www.biopapa.de\/lt\/producte\/ekologiskos-tikrojo-margainio-seklos-maltos\/#primaryimage","url":"https:\/\/www.biopapa.de\/wp-content\/uploads\/2022\/11\/Ekologiskos-tikrojo-margainio-seklos-maltos..png","contentUrl":"https:\/\/www.biopapa.de\/wp-content\/uploads\/2022\/11\/Ekologiskos-tikrojo-margainio-seklos-maltos..png","width":800,"height":640,"caption":"Ekologi\u0161kos tikrojo margainio s\u0117klos, maltos"},{"@type":"BreadcrumbList","@id":"https:\/\/www.biopapa.de\/lt\/producte\/ekologiskos-tikrojo-margainio-seklos-maltos\/#breadcrumb","itemListElement":[{"@type":"ListItem","position":1,"name":"Home","item":"https:\/\/www.biopapa.de\/lt\/"},{"@type":"ListItem","position":2,"name":"Parduotuv\u0117","item":"https:\/\/www.biopapa.de\/parduotuve\/"},{"@type":"ListItem","position":3,"name":"Ekologi\u0161kos tikrojo margainio (Milk Thistle) s\u0117klos, maltos"}]},{"@type":"WebSite","@id":"https:\/\/www.biopapa.de\/lt\/#website","url":"https:\/\/www.biopapa.de\/lt\/","name":"Biopapa","description":"\u0160var\u016bs ekologi\u0161ki produktai","publisher":{"@id":"https:\/\/www.biopapa.de\/lt\/#organization"},"potentialAction":[{"@type":"SearchAction","target":{"@type":"EntryPoint","urlTemplate":"https:\/\/www.biopapa.de\/lt\/?s={search_term_string}"},"query-input":{"@type":"PropertyValueSpecification","valueRequired":true,"valueName":"search_term_string"}}],"inLanguage":"lt-LT"},{"@type":"Organization","@id":"https:\/\/www.biopapa.de\/lt\/#organization","name":"Biopapa","url":"https:\/\/www.biopapa.de\/lt\/","logo":{"@type":"ImageObject","inLanguage":"lt-LT","@id":"https:\/\/www.biopapa.de\/lt\/#\/schema\/logo\/image\/","url":"https:\/\/www.biopapa.lt\/wp-content\/uploads\/2022\/04\/facebook_biopapa.jpg","contentUrl":"https:\/\/www.biopapa.lt\/wp-content\/uploads\/2022\/04\/facebook_biopapa.jpg","width":1733,"height":907,"caption":"Biopapa"},"image":{"@id":"https:\/\/www.biopapa.de\/lt\/#\/schema\/logo\/image\/"},"sameAs":["https:\/\/www.facebook.com\/biopapa.lt"]}]}},"_links":{"self":[{"href":"https:\/\/www.biopapa.de\/lt\/wp-json\/wp\/v2\/product\/21056","targetHints":{"allow":["GET"]}}],"collection":[{"href":"https:\/\/www.biopapa.de\/lt\/wp-json\/wp\/v2\/product"}],"about":[{"href":"https:\/\/www.biopapa.de\/lt\/wp-json\/wp\/v2\/types\/product"}],"wp:featuredmedia":[{"embeddable":true,"href":"https:\/\/www.biopapa.de\/lt\/wp-json\/wp\/v2\/media\/22317"}],"wp:attachment":[{"href":"https:\/\/www.biopapa.de\/lt\/wp-json\/wp\/v2\/media?parent=21056"}],"wp:term":[{"taxonomy":"product_brand","embeddable":true,"href":"https:\/\/www.biopapa.de\/lt\/wp-json\/wp\/v2\/product_brand?post=21056"},{"taxonomy":"product_cat","embeddable":true,"href":"https:\/\/www.biopapa.de\/lt\/wp-json\/wp\/v2\/product_cat?post=21056"},{"taxonomy":"product_tag","embeddable":true,"href":"https:\/\/www.biopapa.de\/lt\/wp-json\/wp\/v2\/product_tag?post=21056"}],"curies":[{"name":"wp","href":"https:\/\/api.w.org\/{rel}","templated":true}]}}