{"id":21127,"date":"2022-11-11T13:08:15","date_gmt":"2022-11-11T11:08:15","guid":{"rendered":"https:\/\/www.biopapa.lt\/?post_type=product&#038;p=21127"},"modified":"2024-12-04T14:08:54","modified_gmt":"2024-12-04T12:08:54","slug":"ekologiskas-pipirmeciu-eterinis-aliejus-10-ml","status":"publish","type":"product","link":"https:\/\/www.biopapa.de\/lt\/producte\/ekologiskas-pipirmeciu-eterinis-aliejus-10-ml\/","title":{"rendered":"Ekologi\u0161kas pipirm\u0117\u010di\u0173 eterinis aliejus, 10 ml"},"content":{"rendered":"<p><strong>Augalo dalis<\/strong>: visos augalo dalys vir\u0161 \u017eem\u0117s<\/p>\n<p><strong>I\u0161gavimo b\u016bdas<\/strong>: distiliavimas<\/p>\n<p><strong>Chemotipas<\/strong>: mentolis, mentonas<\/p>\n<p>Pipirm\u0117\u010di\u0173, bot\u00a0<em>Mentha x pipperita,<\/em>\u00a0eterinis aliejus yra vienas i\u0161 populiariausi\u0173 ir \u017einomiausi\u0173 augalini\u0173 ekstrakt\u0173 pasaulyje,\u00a0kuo pla\u010diausiai naudojamas tiek maisto pramon\u0117je, tiek kosmetikoje ir aroma- bei fitoterapijoje. Aromafitoterapijoje labiausiai vertinamos <strong>nerv\u0173 sistem\u0105 ir vir\u0161kinim\u0105 tonizuojamosios, antimikrobin\u0117s, nie\u017eul\u012f ir skausm\u0105 mal\u0161inan\u010dios<\/strong>\u00a0savyb\u0117s.\u00a0Didelis mentolo ir mentono kiekis, esantis \u0161iame eteriniame aliejuje, suteikia atpa\u017e\u012fstam\u0105 gaiv\u0173, \u0161aldant\u012f m\u0117tin\u012f kvap\u0105 ir skon\u012f<strong>.<\/strong><\/p>\n<p>Aromaterapijoje pipirm\u0117\u010di\u0173 eterinis aliejus naudojamas:<\/p>\n<ul>\n<li>tonizuoti, atgaivinti, i\u0161vaikyti nuovarg\u012f,<\/li>\n<li>palengvinti\u00a0sunki\u0105 galv\u0105,<\/li>\n<li>odos nie\u017e\u0117jimui\u00a0raminti,<\/li>\n<li>plauk\u0173 ve\u0161lumui didinti,<\/li>\n<li>suma\u017einti pykinim\u0105,<\/li>\n<li>suma\u017einti diskomfort\u0105 pilve,<\/li>\n<li>d\u0117mesio koncentracijai,<\/li>\n<li>pagerinti\u00a0sportinink\u0173 ir keliautoj\u0173\u00a0i\u0161tverm\u0119, padeda i\u0161tverti keliones,<\/li>\n<li>suteikia gaivos ir v\u0117sos \u012fsp\u016bd\u012f kar\u0161tomis vasaros dienomis.<\/li>\n<\/ul>\n<p>Tai puiki nat\u016brali\u00a0priemon\u0117\u00a0kv\u0117pinti, gryninti ir taurinti\u00a0<strong>nam\u0173, visuomenini\u0173 patalp\u0173, darbo vietos or\u0105, sergan\u010diojo kambar\u012f.<\/strong><\/p>\n<h4><strong>Naudojimas<\/strong>:<\/h4>\n<p><strong>Odai<\/strong>: masa\u017eui ar voniai reikia 5-10 la\u0161\u0173 \u012f 10 ml augalinio (kokos\u0173, migdol\u0173, alyvuogi\u0173 ar kt.) aliejaus.<\/p>\n<p><strong>\u012e garintuv\u0105<\/strong>: 5\u201310 la\u0161\u0173 pagal j\u016bs\u0173 asmeninius pageidavimus ir patalpos dyd\u012f.<\/p>\n<p><em>Sud\u0117tyje nat\u016braliai yra d-limoneno, geraniolio, citralo, linalolio, citronelolio.<\/em><\/p>\n<ul>\n<li>Atgaivina ir atv\u0117sina kar\u0161tomis vasaros dienomis &#8211; patepti kaukol\u0117s pamat\u0105, pagarinti kelis la\u0161us difuzoriuje.<\/li>\n<li>Kelion\u0117se, \u017eygiuose ap\u0117mus silpnumui, u\u017esila\u0161inti ant rankov\u0117s ir uostyti, pasikv\u0117pinti<\/li>\n<li>Esant sunkiai galvai &#8211; patepti grynu aliejumi smilkinius ir kaukol\u0117s pamat\u0105 (saugoti akis, netepti arti aki\u0173)<\/li>\n<li>Plauk\u0173 ve\u0161lumui didinti arba nuraminti jautri\u0105 galvos od\u0105\u00a0&#8211; \u012fla\u0161inti kelis la\u0161us \u012f \u0161amp\u016bno doz\u0119; 1k\/sav pasidaryti aliejin\u0119 kauk\u0119 arba galvos odos masa\u017e\u0105 &#8211; 2 la\u0161ai \u012f valg.\u0161. kokos\u0173\/sezam\u0173 ar \u012f special\u0173\u00a0<a href=\"https:\/\/aromata.lt\/lt\/shop\/1175\/aliejus-jautriai-galvos-odai\">plauk\u0173 aliej<\/a>\u0173.<\/li>\n<li>Pipirm\u0117\u010di\u0173 aliejus yra puikus tonizuojantis\u00a0<strong>oro gaivintojas<\/strong>\u00a0namuose ar biure\u00a0\u2013\u00a02-3 la\u0161elus garinti difuzoriuje; \u012fla\u0161inti \u012f grind\u0173 plovimo vanden\u012f\u00a0ir pan. (nenaudoti sergantiems centrin\u0117s nerv\u0173 sistemos ligomis)<\/li>\n<\/ul>\n<h4><strong>Informacinis lapelis ir naudojimosi instrukcija:<\/strong><\/h4>\n<p>Eteriniai aliejai (eteriniai arba aromatiniai aliejai) yra kvapnios, lakiosios \u017eoleli\u0173, g\u0117li\u0173, vaisi\u0173, s\u0117kl\u0173 ir tt sudedamosios dalys. Aromaterapijoje gryni eteriniai aliejai turi teigiam\u0105 poveik\u012f m\u016bs\u0173 organizmui \u012fkv\u0117pus, nurijus, ar tepant ant odos. Eteriniai aliejai gali stipriai paveikti m\u016bs\u0173 nuotaik\u0105 ir sveikat\u0105: jie gali pad\u0117ti atsipalaiduoti, stimuliuoti, nuraminti kv\u0117pavimo takus ir dar daugiau.<\/p>\n<p><strong>Eteriniais aliejais m\u0117gaukit\u0117s saugiai, atsi\u017evelkite \u012f \u0161ias b\u016btinas atsargumo priemones:<\/strong><\/p>\n<p>Eteriniai aliejai yra labai koncentruoti! Kartais vienam kilogramui aliejaus pagaminti reikia \u0161imt\u0173 kilogram\u0173 \u0161vie\u017ei\u0173 augal\u0173. Jie turi b\u016bti naudojami atsargiai ir teisingai (patariame pasikonsultuoti su fitoterapijos specialistu). Neteisingas vartojimas gali b\u016bti pavojingas!<\/p>\n<p>1. Laikykite juos vaikams nepasiekiamoje vietoje!<br \/>\n2. Niekada nevir\u0161ykite rekomenduojam\u0173 dozi\u0173!<br \/>\n3. Kai kurie aliejai tinkami tik i\u0161oriniam naudojimui! Perskaitykite pakuot\u0119!<br \/>\n4. Nerekomenduojama naudoti k\u016bdikiams ir vaikams iki trej\u0173 met\u0173!<br \/>\n5. Nerekomenduojama vartoti n\u0117\u0161tumo ir \u017eindymo laikotarpiu!<br \/>\n6. Eterinius aliejus reikia atsargiai naudoti sergant epilepsija, astma ir \u0161irdies ligomis.<br \/>\n7. Jei nety\u010dia prarijote didel\u012f kiek\u012f eterinio aliejaus, i\u0161gerkite valgomojo augalinio aliejaus ir kreipkit\u0117s \u012f Apsinuodijim\u0173 centr\u0105.<br \/>\n8. Vartodami eterinius aliejus per burn\u0105, mai\u0161ykite juos su augaliniu aliejumi, nevartoti vieno.<br \/>\n9. Niekada netepkite ir nela\u0161inkite neskiest\u0173 eterini\u0173 aliej\u0173 tiesiai ant odos. Praskieskite trupu\u010diu augalinio aliejaus arba neutralaus kremo, gelio ar \u0161amp\u016bno; jie taip pat gali b\u016bti naudojami \u012f voni\u0105.<br \/>\n10. Kelios sudedamosios dalys, nat\u016braliai esan\u010dios eteriniuose aliejuose, gali sukelti alergines reakcijas padid\u0117jusio jautrumo \u017emon\u0117ms (pavyzd\u017eiui, citralas, d-limonenas, linalolis, geraniolis, citronellolis ir kt.). Perskaitykite \u012fsp\u0117jimus ant pakuot\u0117s! Patarimas: jautriai, alergi\u0161kai odai pirmiausia \u012fla\u0161inkite aliejaus la\u0161el\u012f \u012f augalin\u012f aliej\u0173 (pavyzd\u017eiui, sald\u017ei\u0173j\u0173 migdol\u0173 ar kokos\u0173) ir u\u017etepkite juo vidin\u0119 alk\u016bn\u0117s dal\u012f. Palaukite 24 valandas. Jei n\u0117ra paraudimo, nie\u017e\u0117jimo ar dirginimo po\u017eymi\u0173, aliej\u0173 galima naudoti.<br \/>\n11. Visi citrusiniai aliejai (pagaminti i\u0161 bergamo\u010di\u0173, apelsin\u0173, citrin\u0173, greipfrut\u0173 ar mandarin\u0173 \u017eieveli\u0173) yra jautr\u016bs \u0161viesai! Venkite saul\u0117s spinduli\u0173 ir nesinaudokite soliariumu ma\u017eiausiai 12 valand\u0173 po to, kai od\u0105 patep\u0117te citrusini\u0173 vaisi\u0173 aliejumi!<br \/>\n12. Vengti patekimo \u012f akis, nosies gleivines! Tam \u012fvykus, gausiai nuplaukite \u0161variu vandeniu. Jei matomas sudirginimas ar \u017eaizda, b\u016btina kreiptis \u012f gydytoj\u0105.<br \/>\n13. Netinka naudoti kaip la\u0161us \u012f ausis ar akis.<br \/>\n14. \u010ciobreli\u0173, pikanti\u0161k\u0173, raudon\u0117li\u0173, gvazdik\u0117li\u0173, kvapi\u0173j\u0173 \u017eiemini\u0173 \u017eoleli\u0173 ir cinamono eteriniai aliejai dirgina. Neprarykite, negarinkite ir nenaudokite \u0161i\u0173 aliej\u0173 ant odos neskiet\u0173!<br \/>\n15. Nerekomenduojama nuolat naudoti ar vartoti eterini\u0173 aliej\u0173.<br \/>\n16. Eteriniai aliejai yra deg\u016bs ir lak\u016bs. Nelaikykite j\u0173 auk\u0161toje temperat\u016broje!<br \/>\n17. Eterinius aliejus laikykite v\u0117sioje, tamsioje vietoje, sandariai u\u017edarytame buteliuke!<br \/>\n18. Apsinuodijim\u0173 informacijos biuras: +37052362052 arba <a href=\"https:\/\/www.apsinuodijau.lt\">https:\/\/www.apsinuodijau.lt.<\/a><\/p>\n<p>Physalis\u00ae eteriniai aliejai: kokyb\u0117s garantijos<br \/>\n&#8211; 100% grynas, nat\u016bralus ir ekologi\u0161kas. Chemi\u0161kai neapdorotas, nemodifikuotas, nemai\u0161ytas su kitais eteriniais aliejais, neskiestas, nerektifikuotas (= sureguliuotas taip, kad atitikt\u0173 standartin\u0119 sud\u0117t\u012f, naudojant chemines med\u017eiagas arba pakartotinai distiliuojant eterin\u012f aliej\u0173 tam tikriems koncentruoti komponentai), neatkurtas. nedeterpenuotas.<br \/>\n&#8211; Kiekvienos partijos tapatumo ir kokyb\u0117s patikrinimas atliekant duj\u0173 chromatografin\u0119 analiz\u0119 (aliejaus sud\u0117t\u012f ir skirting\u0173 sudedam\u0173j\u0173 dali\u0173 identifikavim\u0105), fizin\u012f patikrinim\u0105 (tank\u012f, l\u016b\u017eio rodikl\u012f, optin\u012f sukim\u0105si), organoleptin\u012f patikrinim\u0105 (kvapas, skonis).<br \/>\n&#8211; Ant pakuot\u0117s nurodytos prek\u0117s: tikslios botanin\u0117s r\u016b\u0161ys (lotyni\u0161kas pavadinimas), kilm\u0117, naudojamos augalo dalys (lapai, \u017eiedai, \u0161akel\u0117s, s\u0117klos, \u0161aknys ir kt.), i\u0161gavimo b\u016bdas (l\u0117tas ir visi\u0161kas distiliavimas garais esant \u017eemam sl\u0117giui arba \u0161alto spaudimo), chemotipas (biocheminis specifi\u0161kumas, specifiniai kiekvieno eterinio aliejaus komponentai).<\/p>\n<p><strong>Naudojimas per burn\u0105<\/strong><br \/>\nNors toks eterini\u0173 aliej\u0173 naudojimas gali b\u016bti labai efektyvus, patariame neeksperimentuoti! Patariame tai daryti tik su terapijos specialisto prie\u017ei\u016br\u0105. B\u016btina labai gerai i\u0161manyti \u012fvairius aliejus, nes kai kurie eteriniai aliejai gali b\u016bti labai pavojingi, jei naudojami neteisingai! Primygtinai rekomenduojame nenaudoti eterini\u0173 aliej\u0173 vaikams (-6 met\u0173) ir n\u0117\u0161\u010diosioms. Niekada nevartokite daugiau nei 2 la\u0161\u0173 vienu metu ir niekada nenaudokite daugiau nei du kartus per dien\u0105.<\/p>\n<p><strong>Masa\u017eas, vonia, du\u0161as<\/strong><br \/>\nEteriniai aliejai idealiai tinka naudoti atliekant masa\u017e\u0105, gulantis \u012f raminan\u010di\u0105 voni\u0105 ar prausiantis po gaiviu du\u0161u. Jie lengvai prasiskverbia \u012f od\u0105, suteikdami teigiam\u0105 poveik\u012f. Pirmiausia atskieskite aliej\u0173 nedideliu kiekiu augalinio aliejaus (pavyzd\u017eiui, kokos\u0173 ar sald\u017ei\u0173j\u0173 migdol\u0173).<br \/>\nRekomendacijos:<br \/>\n\u2013 K\u016bno masa\u017eas: 5\u201310 la\u0161\u0173 \u012f 10 ml augalinio aliejaus.<br \/>\n\u2013 Veido aliejus arba kremas: 2 la\u0161ai \u012f 10 ml augalinio aliejaus arba grietin\u0117l\u0117s.<br \/>\n\u2013 Aromatin\u0117 vonia: 6\u201310 la\u0161\u0173 \u012f 10 ml augalinio aliejaus, neutralaus vonios pieno ar put\u0173;<br \/>\n\u2013 \u0160amp\u016bnas: 2\u20134 la\u0161ai \u012f 10 ml augalinio aliejaus.<br \/>\n\u2013 Vietinis naudojimas: tam tikrais atvejais naudojamos daug didesn\u0117s koncentracijos (&gt; 20%); pavyzd\u017eiui, raumenims ir s\u0105nariams, antiparazitiniam naudojimui ir kt.<br \/>\nTokio tipo naudojimas tur\u0117t\u0173 b\u016bti atliekamas tik pri\u017ei\u016brint terapeutui!<\/p>\n<p><strong>Garinimas<\/strong><br \/>\nEteriniai aliejai suteikia malon\u0173 kvap\u0105 j\u016bs\u0173 gyvenamosioms ir darbo patalpoms. Pageidautina naudoti elektrinius garintuvus, kurie nekaitina aliejaus ir i\u0161skiria itin smulkius garus. Pakanka garinti 15 minu\u010di\u0173 kas valand\u0105.<\/p>\n<p><strong>Inhaliacijos<\/strong><br \/>\nTai puikus b\u016bdas nuraminti gerkl\u0119 ir kv\u0117pavimo takus. Eteriniai aliejai i\u0161valo nos\u012f, lengvina kv\u0117pavim\u0105. 2\u20133 la\u0161us \u012fla\u0161inkite \u012f duben\u012f kar\u0161to vandens ir 5\u201310 minu\u010di\u0173 pakv\u0117puokite garais (d\u0117mesio: venkite dirginan\u010di\u0173 aliej\u0173!)<\/p>\n<p>Naudojimo instrukcija Nuoroda \u012f apra\u0161ym\u0105 gamintojo puslapyje su galimybe parsisi\u0173sti vartojimo instrukcijas (angl\u0173, lenk\u0173 k.): <a href=\"https:\/\/www.physalishealth.com\/en\/aromatherapy\/essential-oils\/eucalyptus-globulus\/\">Eucalyptus globulus |\u00a0Physalis (physalishealth.com)<\/a><\/p>\n","protected":false},"excerpt":{"rendered":"<p>Augalo dalis: visos augalo dalys vir\u0161 \u017eem\u0117s I\u0161gavimo b\u016bdas: distiliavimas Chemotipas: mentolis, mentonas Pipirm\u0117\u010di\u0173, bot\u00a0Mentha x pipperita,\u00a0eterinis aliejus yra vienas<\/p>\n","protected":false},"featured_media":22246,"template":"","meta":{"_acf_changed":false},"product_brand":[],"product_cat":[1746,1912],"product_tag":[1745,1743,1378],"class_list":{"0":"post-21127","1":"product","2":"type-product","3":"status-publish","4":"has-post-thumbnail","6":"product_cat-ekologiski-eteriniai-aliejai","7":"product_cat-grozis-ir-higiena","8":"product_tag-aromaterapija","9":"product_tag-ekologiski-eteriniai-aliejai","10":"product_tag-veganams","12":"first","13":"instock","14":"shipping-taxable","15":"purchasable","16":"product-type-simple"},"acf":[],"yoast_head":"<!-- This site is optimized with the Yoast SEO plugin v27.5 - https:\/\/yoast.com\/product\/yoast-seo-wordpress\/ -->\n<title>Ekologi\u0161kas pipirm\u0117\u010di\u0173 eterinis aliejus, 10 ml - Biopapa<\/title>\n<meta name=\"description\" content=\"Pipirm\u0117\u010di\u0173 eterinis aliejus yra vienas i\u0161 populiariausi\u0173 ir \u017einomiausi\u0173 augalini\u0173 ekstrakt\u0173 pasaulyje, kuo pla\u010diausiai naudojamas.\" \/>\n<meta name=\"robots\" content=\"index, follow, max-snippet:-1, max-image-preview:large, max-video-preview:-1\" \/>\n<link rel=\"canonical\" href=\"https:\/\/www.biopapa.de\/lt\/producte\/ekologiskas-pipirmeciu-eterinis-aliejus-10-ml\/\" \/>\n<meta property=\"og:locale\" content=\"lt_LT\" \/>\n<meta property=\"og:type\" content=\"article\" \/>\n<meta property=\"og:title\" content=\"Ekologi\u0161kas pipirm\u0117\u010di\u0173 eterinis aliejus, 10 ml - Biopapa\" \/>\n<meta property=\"og:description\" content=\"Pipirm\u0117\u010di\u0173 eterinis aliejus yra vienas i\u0161 populiariausi\u0173 ir \u017einomiausi\u0173 augalini\u0173 ekstrakt\u0173 pasaulyje, kuo pla\u010diausiai naudojamas.\" \/>\n<meta property=\"og:url\" content=\"https:\/\/www.biopapa.de\/lt\/producte\/ekologiskas-pipirmeciu-eterinis-aliejus-10-ml\/\" \/>\n<meta property=\"og:site_name\" content=\"Biopapa\" \/>\n<meta property=\"article:publisher\" content=\"https:\/\/www.facebook.com\/biopapa.lt\" \/>\n<meta property=\"article:modified_time\" content=\"2024-12-04T12:08:54+00:00\" \/>\n<meta property=\"og:image\" content=\"https:\/\/www.biopapa.de\/wp-content\/uploads\/2022\/11\/pipirmetes-eterinis.png\" \/>\n\t<meta property=\"og:image:width\" content=\"800\" \/>\n\t<meta property=\"og:image:height\" content=\"640\" \/>\n\t<meta property=\"og:image:type\" content=\"image\/png\" \/>\n<meta name=\"twitter:card\" content=\"summary_large_image\" \/>\n<meta name=\"twitter:label1\" content=\"Est. reading time\" \/>\n\t<meta name=\"twitter:data1\" content=\"6 minut\u0117s\" \/>\n<script type=\"application\/ld+json\" class=\"yoast-schema-graph\">{\"@context\":\"https:\\\/\\\/schema.org\",\"@graph\":[{\"@type\":\"WebPage\",\"@id\":\"https:\\\/\\\/www.biopapa.de\\\/lt\\\/producte\\\/ekologiskas-pipirmeciu-eterinis-aliejus-10-ml\\\/\",\"url\":\"https:\\\/\\\/www.biopapa.de\\\/lt\\\/producte\\\/ekologiskas-pipirmeciu-eterinis-aliejus-10-ml\\\/\",\"name\":\"Ekologi\u0161kas pipirm\u0117\u010di\u0173 eterinis aliejus, 10 ml - Biopapa\",\"isPartOf\":{\"@id\":\"https:\\\/\\\/www.biopapa.de\\\/lt\\\/#website\"},\"primaryImageOfPage\":{\"@id\":\"https:\\\/\\\/www.biopapa.de\\\/lt\\\/producte\\\/ekologiskas-pipirmeciu-eterinis-aliejus-10-ml\\\/#primaryimage\"},\"image\":{\"@id\":\"https:\\\/\\\/www.biopapa.de\\\/lt\\\/producte\\\/ekologiskas-pipirmeciu-eterinis-aliejus-10-ml\\\/#primaryimage\"},\"thumbnailUrl\":\"https:\\\/\\\/www.biopapa.de\\\/wp-content\\\/uploads\\\/2022\\\/11\\\/pipirmetes-eterinis.png\",\"datePublished\":\"2022-11-11T11:08:15+00:00\",\"dateModified\":\"2024-12-04T12:08:54+00:00\",\"description\":\"Pipirm\u0117\u010di\u0173 eterinis aliejus yra vienas i\u0161 populiariausi\u0173 ir \u017einomiausi\u0173 augalini\u0173 ekstrakt\u0173 pasaulyje, kuo pla\u010diausiai naudojamas.\",\"breadcrumb\":{\"@id\":\"https:\\\/\\\/www.biopapa.de\\\/lt\\\/producte\\\/ekologiskas-pipirmeciu-eterinis-aliejus-10-ml\\\/#breadcrumb\"},\"inLanguage\":\"lt-LT\",\"potentialAction\":[{\"@type\":\"ReadAction\",\"target\":[\"https:\\\/\\\/www.biopapa.de\\\/lt\\\/producte\\\/ekologiskas-pipirmeciu-eterinis-aliejus-10-ml\\\/\"]}]},{\"@type\":\"ImageObject\",\"inLanguage\":\"lt-LT\",\"@id\":\"https:\\\/\\\/www.biopapa.de\\\/lt\\\/producte\\\/ekologiskas-pipirmeciu-eterinis-aliejus-10-ml\\\/#primaryimage\",\"url\":\"https:\\\/\\\/www.biopapa.de\\\/wp-content\\\/uploads\\\/2022\\\/11\\\/pipirmetes-eterinis.png\",\"contentUrl\":\"https:\\\/\\\/www.biopapa.de\\\/wp-content\\\/uploads\\\/2022\\\/11\\\/pipirmetes-eterinis.png\",\"width\":800,\"height\":640},{\"@type\":\"BreadcrumbList\",\"@id\":\"https:\\\/\\\/www.biopapa.de\\\/lt\\\/producte\\\/ekologiskas-pipirmeciu-eterinis-aliejus-10-ml\\\/#breadcrumb\",\"itemListElement\":[{\"@type\":\"ListItem\",\"position\":1,\"name\":\"Home\",\"item\":\"https:\\\/\\\/www.biopapa.de\\\/lt\\\/\"},{\"@type\":\"ListItem\",\"position\":2,\"name\":\"Parduotuv\u0117\",\"item\":\"https:\\\/\\\/www.biopapa.de\\\/parduotuve\\\/\"},{\"@type\":\"ListItem\",\"position\":3,\"name\":\"Ekologi\u0161kas pipirm\u0117\u010di\u0173 eterinis aliejus, 10 ml\"}]},{\"@type\":\"WebSite\",\"@id\":\"https:\\\/\\\/www.biopapa.de\\\/lt\\\/#website\",\"url\":\"https:\\\/\\\/www.biopapa.de\\\/lt\\\/\",\"name\":\"Biopapa\",\"description\":\"\u0160var\u016bs ekologi\u0161ki produktai\",\"publisher\":{\"@id\":\"https:\\\/\\\/www.biopapa.de\\\/lt\\\/#organization\"},\"potentialAction\":[{\"@type\":\"SearchAction\",\"target\":{\"@type\":\"EntryPoint\",\"urlTemplate\":\"https:\\\/\\\/www.biopapa.de\\\/lt\\\/?s={search_term_string}\"},\"query-input\":{\"@type\":\"PropertyValueSpecification\",\"valueRequired\":true,\"valueName\":\"search_term_string\"}}],\"inLanguage\":\"lt-LT\"},{\"@type\":\"Organization\",\"@id\":\"https:\\\/\\\/www.biopapa.de\\\/lt\\\/#organization\",\"name\":\"Biopapa\",\"url\":\"https:\\\/\\\/www.biopapa.de\\\/lt\\\/\",\"logo\":{\"@type\":\"ImageObject\",\"inLanguage\":\"lt-LT\",\"@id\":\"https:\\\/\\\/www.biopapa.de\\\/lt\\\/#\\\/schema\\\/logo\\\/image\\\/\",\"url\":\"https:\\\/\\\/www.biopapa.lt\\\/wp-content\\\/uploads\\\/2022\\\/04\\\/facebook_biopapa.jpg\",\"contentUrl\":\"https:\\\/\\\/www.biopapa.lt\\\/wp-content\\\/uploads\\\/2022\\\/04\\\/facebook_biopapa.jpg\",\"width\":1733,\"height\":907,\"caption\":\"Biopapa\"},\"image\":{\"@id\":\"https:\\\/\\\/www.biopapa.de\\\/lt\\\/#\\\/schema\\\/logo\\\/image\\\/\"},\"sameAs\":[\"https:\\\/\\\/www.facebook.com\\\/biopapa.lt\"]}]}<\/script>\n<!-- \/ Yoast SEO plugin. -->","yoast_head_json":{"title":"Ekologi\u0161kas pipirm\u0117\u010di\u0173 eterinis aliejus, 10 ml - Biopapa","description":"Pipirm\u0117\u010di\u0173 eterinis aliejus yra vienas i\u0161 populiariausi\u0173 ir \u017einomiausi\u0173 augalini\u0173 ekstrakt\u0173 pasaulyje, kuo pla\u010diausiai naudojamas.","robots":{"index":"index","follow":"follow","max-snippet":"max-snippet:-1","max-image-preview":"max-image-preview:large","max-video-preview":"max-video-preview:-1"},"canonical":"https:\/\/www.biopapa.de\/lt\/producte\/ekologiskas-pipirmeciu-eterinis-aliejus-10-ml\/","og_locale":"lt_LT","og_type":"article","og_title":"Ekologi\u0161kas pipirm\u0117\u010di\u0173 eterinis aliejus, 10 ml - Biopapa","og_description":"Pipirm\u0117\u010di\u0173 eterinis aliejus yra vienas i\u0161 populiariausi\u0173 ir \u017einomiausi\u0173 augalini\u0173 ekstrakt\u0173 pasaulyje, kuo pla\u010diausiai naudojamas.","og_url":"https:\/\/www.biopapa.de\/lt\/producte\/ekologiskas-pipirmeciu-eterinis-aliejus-10-ml\/","og_site_name":"Biopapa","article_publisher":"https:\/\/www.facebook.com\/biopapa.lt","article_modified_time":"2024-12-04T12:08:54+00:00","og_image":[{"width":800,"height":640,"url":"https:\/\/www.biopapa.de\/wp-content\/uploads\/2022\/11\/pipirmetes-eterinis.png","type":"image\/png"}],"twitter_card":"summary_large_image","twitter_misc":{"Est. reading time":"6 minut\u0117s"},"schema":{"@context":"https:\/\/schema.org","@graph":[{"@type":"WebPage","@id":"https:\/\/www.biopapa.de\/lt\/producte\/ekologiskas-pipirmeciu-eterinis-aliejus-10-ml\/","url":"https:\/\/www.biopapa.de\/lt\/producte\/ekologiskas-pipirmeciu-eterinis-aliejus-10-ml\/","name":"Ekologi\u0161kas pipirm\u0117\u010di\u0173 eterinis aliejus, 10 ml - Biopapa","isPartOf":{"@id":"https:\/\/www.biopapa.de\/lt\/#website"},"primaryImageOfPage":{"@id":"https:\/\/www.biopapa.de\/lt\/producte\/ekologiskas-pipirmeciu-eterinis-aliejus-10-ml\/#primaryimage"},"image":{"@id":"https:\/\/www.biopapa.de\/lt\/producte\/ekologiskas-pipirmeciu-eterinis-aliejus-10-ml\/#primaryimage"},"thumbnailUrl":"https:\/\/www.biopapa.de\/wp-content\/uploads\/2022\/11\/pipirmetes-eterinis.png","datePublished":"2022-11-11T11:08:15+00:00","dateModified":"2024-12-04T12:08:54+00:00","description":"Pipirm\u0117\u010di\u0173 eterinis aliejus yra vienas i\u0161 populiariausi\u0173 ir \u017einomiausi\u0173 augalini\u0173 ekstrakt\u0173 pasaulyje, kuo pla\u010diausiai naudojamas.","breadcrumb":{"@id":"https:\/\/www.biopapa.de\/lt\/producte\/ekologiskas-pipirmeciu-eterinis-aliejus-10-ml\/#breadcrumb"},"inLanguage":"lt-LT","potentialAction":[{"@type":"ReadAction","target":["https:\/\/www.biopapa.de\/lt\/producte\/ekologiskas-pipirmeciu-eterinis-aliejus-10-ml\/"]}]},{"@type":"ImageObject","inLanguage":"lt-LT","@id":"https:\/\/www.biopapa.de\/lt\/producte\/ekologiskas-pipirmeciu-eterinis-aliejus-10-ml\/#primaryimage","url":"https:\/\/www.biopapa.de\/wp-content\/uploads\/2022\/11\/pipirmetes-eterinis.png","contentUrl":"https:\/\/www.biopapa.de\/wp-content\/uploads\/2022\/11\/pipirmetes-eterinis.png","width":800,"height":640},{"@type":"BreadcrumbList","@id":"https:\/\/www.biopapa.de\/lt\/producte\/ekologiskas-pipirmeciu-eterinis-aliejus-10-ml\/#breadcrumb","itemListElement":[{"@type":"ListItem","position":1,"name":"Home","item":"https:\/\/www.biopapa.de\/lt\/"},{"@type":"ListItem","position":2,"name":"Parduotuv\u0117","item":"https:\/\/www.biopapa.de\/parduotuve\/"},{"@type":"ListItem","position":3,"name":"Ekologi\u0161kas pipirm\u0117\u010di\u0173 eterinis aliejus, 10 ml"}]},{"@type":"WebSite","@id":"https:\/\/www.biopapa.de\/lt\/#website","url":"https:\/\/www.biopapa.de\/lt\/","name":"Biopapa","description":"\u0160var\u016bs ekologi\u0161ki produktai","publisher":{"@id":"https:\/\/www.biopapa.de\/lt\/#organization"},"potentialAction":[{"@type":"SearchAction","target":{"@type":"EntryPoint","urlTemplate":"https:\/\/www.biopapa.de\/lt\/?s={search_term_string}"},"query-input":{"@type":"PropertyValueSpecification","valueRequired":true,"valueName":"search_term_string"}}],"inLanguage":"lt-LT"},{"@type":"Organization","@id":"https:\/\/www.biopapa.de\/lt\/#organization","name":"Biopapa","url":"https:\/\/www.biopapa.de\/lt\/","logo":{"@type":"ImageObject","inLanguage":"lt-LT","@id":"https:\/\/www.biopapa.de\/lt\/#\/schema\/logo\/image\/","url":"https:\/\/www.biopapa.lt\/wp-content\/uploads\/2022\/04\/facebook_biopapa.jpg","contentUrl":"https:\/\/www.biopapa.lt\/wp-content\/uploads\/2022\/04\/facebook_biopapa.jpg","width":1733,"height":907,"caption":"Biopapa"},"image":{"@id":"https:\/\/www.biopapa.de\/lt\/#\/schema\/logo\/image\/"},"sameAs":["https:\/\/www.facebook.com\/biopapa.lt"]}]}},"_links":{"self":[{"href":"https:\/\/www.biopapa.de\/lt\/wp-json\/wp\/v2\/product\/21127","targetHints":{"allow":["GET"]}}],"collection":[{"href":"https:\/\/www.biopapa.de\/lt\/wp-json\/wp\/v2\/product"}],"about":[{"href":"https:\/\/www.biopapa.de\/lt\/wp-json\/wp\/v2\/types\/product"}],"wp:featuredmedia":[{"embeddable":true,"href":"https:\/\/www.biopapa.de\/lt\/wp-json\/wp\/v2\/media\/22246"}],"wp:attachment":[{"href":"https:\/\/www.biopapa.de\/lt\/wp-json\/wp\/v2\/media?parent=21127"}],"wp:term":[{"taxonomy":"product_brand","embeddable":true,"href":"https:\/\/www.biopapa.de\/lt\/wp-json\/wp\/v2\/product_brand?post=21127"},{"taxonomy":"product_cat","embeddable":true,"href":"https:\/\/www.biopapa.de\/lt\/wp-json\/wp\/v2\/product_cat?post=21127"},{"taxonomy":"product_tag","embeddable":true,"href":"https:\/\/www.biopapa.de\/lt\/wp-json\/wp\/v2\/product_tag?post=21127"}],"curies":[{"name":"wp","href":"https:\/\/api.w.org\/{rel}","templated":true}]}}