{"id":21131,"date":"2022-11-11T13:36:23","date_gmt":"2022-11-11T11:36:23","guid":{"rendered":"https:\/\/www.biopapa.lt\/?post_type=product&#038;p=21131"},"modified":"2026-03-18T12:13:36","modified_gmt":"2026-03-18T10:13:36","slug":"ekologiski-vaisiu-skonio-guminukai-meskiukai-be-zelatinos","status":"publish","type":"product","link":"https:\/\/www.biopapa.de\/lt\/producte\/ekologiski-vaisiu-skonio-guminukai-meskiukai-be-zelatinos\/","title":{"rendered":"Ekologi\u0161ki vaisi\u0173 skonio guminukai Me\u0161kiukai (be \u017eelatinos)"},"content":{"rendered":"<p><strong>Ekologi\u0161ki vaisi\u0173 skonio guminukai Me\u0161kiukai<\/strong> \u2013 malonumas be kalt\u0117s. \u0160ie unikal\u016bs guminukai i\u0161siskiria i\u0161 minios &#8211; jie pagaminti i\u0161 gryn\u0173 vaisi\u0173 koncentrat\u0173, be joki\u0173 sintetini\u0173 skoni\u0173 ar dirbtini\u0173 da\u017eikli\u0173, priedo juose n\u0117ra \u017eelatinos ir turi ekologi\u0161k\u0105 sertifikat\u0105. D\u0117l mink\u0161tos ir kramtomos tekst\u016bros, kartu su autenti\u0161ku skoniu, jie yra populiar\u016bs tarp vis\u0173 am\u017eiaus grupi\u0173, vaikus ir suaugusius:-).<br \/>\n\u0160ie k\u0105snio dyd\u017eio ekologi\u0161ki guminukai yra ne tik skan\u0117stas prie\u0161pie\u010di\u0173 d\u0117\u017eut\u0117je, bet ir pagalbinikas \u012fveikiant li\u016bdnai pagars\u0117jus\u012f popie\u010dio energijos nuosmuk\u012f. Kai i\u0161kyla poreikis saldumo arba i\u0161bl\u0117sta energija, kreipkit\u0117s \u012f ekologi\u0161kus vaisinius guminukus\u200b ir b\u016bsite atgaivinti.<br \/>\nEkologi\u0161ki guminukai Me\u0161kiukai \u2013 puikus u\u017ekandis vaikams mokykloje, namuose ir pasivaik\u0161\u010diojant!<br \/>\nProduktas netinka vaikams iki 3 met\u0173 am\u017eiaus!<\/p>\n<p><em>PASTABA. Svetain\u0117je pateikiama informacija negali b\u016bti interpretuojama kaip gydymo ar kitokio pob\u016bd\u017eio sveikatos klausim\u0173 sprendimo rekomendacija. Raginame sprendimus, susijusius su asmenine sveikata, priimti asmeni\u0161kai, \u012fvertinus \u012fvairius informacijos \u0161altinius.<\/em><\/p>\n","protected":false},"excerpt":{"rendered":"<p>Ekologi\u0161ki vaisi\u0173 skonio guminukai Me\u0161kiukai \u2013 malonumas be kalt\u0117s. \u0160ie unikal\u016bs guminukai i\u0161siskiria i\u0161 minios &#8211; jie pagaminti i\u0161 gryn\u0173<\/p>\n","protected":false},"featured_media":23089,"template":"","meta":{"_acf_changed":false},"product_brand":[],"product_cat":[1324],"product_tag":[1758,1378],"class_list":{"0":"post-21131","1":"product","2":"type-product","3":"status-publish","4":"has-post-thumbnail","6":"product_cat-ekologiski-sveiki-saldumynai","7":"product_tag-vaikams","8":"product_tag-veganams","9":"pa_svoris-1-kg","10":"pa_svoris-100-g","11":"pa_svoris-15-kg","12":"pa_svoris-200-g","13":"pa_svoris-300-g","14":"pa_svoris-400-g","15":"pa_svoris-50-g","16":"pa_svoris-500-g","18":"first","19":"instock","20":"shipping-taxable","21":"purchasable","22":"product-type-variable"},"acf":[],"yoast_head":"<!-- This site is optimized with the Yoast SEO plugin v27.3 - https:\/\/yoast.com\/product\/yoast-seo-wordpress\/ -->\n<title>Ekologi\u0161ki vaisi\u0173 skonio guminukai Me\u0161kiukai (be \u017eelatinos) - Biopapa<\/title>\n<meta name=\"description\" content=\"Ekologi\u0161ki guminukai be laktoz\u0117s, be \u017eelatinos - puikus u\u017ekandis vaikams ir suaugusiems!\" \/>\n<meta name=\"robots\" content=\"index, follow, max-snippet:-1, max-image-preview:large, max-video-preview:-1\" \/>\n<link rel=\"canonical\" href=\"https:\/\/www.biopapa.de\/lt\/producte\/ekologiski-vaisiu-skonio-guminukai-meskiukai-be-zelatinos\/\" \/>\n<meta property=\"og:locale\" content=\"lt_LT\" \/>\n<meta property=\"og:type\" content=\"article\" \/>\n<meta property=\"og:title\" content=\"Ekologi\u0161ki vaisi\u0173 skonio guminukai Me\u0161kiukai (be \u017eelatinos) - Biopapa\" \/>\n<meta property=\"og:description\" content=\"Ekologi\u0161ki guminukai be laktoz\u0117s, be \u017eelatinos - puikus u\u017ekandis vaikams ir suaugusiems!\" \/>\n<meta property=\"og:url\" content=\"https:\/\/www.biopapa.de\/lt\/producte\/ekologiski-vaisiu-skonio-guminukai-meskiukai-be-zelatinos\/\" \/>\n<meta property=\"og:site_name\" content=\"Biopapa\" \/>\n<meta property=\"article:publisher\" content=\"https:\/\/www.facebook.com\/biopapa.lt\" \/>\n<meta property=\"article:modified_time\" content=\"2026-03-18T10:13:36+00:00\" \/>\n<meta property=\"og:image\" content=\"https:\/\/www.biopapa.de\/wp-content\/uploads\/2022\/11\/My-project-1-18.png\" \/>\n\t<meta property=\"og:image:width\" content=\"800\" \/>\n\t<meta property=\"og:image:height\" content=\"640\" \/>\n\t<meta property=\"og:image:type\" content=\"image\/png\" \/>\n<meta name=\"twitter:card\" content=\"summary_large_image\" \/>\n<meta name=\"twitter:label1\" content=\"Est. reading time\" \/>\n\t<meta name=\"twitter:data1\" content=\"1 minut\u0117\" \/>\n<script type=\"application\/ld+json\" class=\"yoast-schema-graph\">{\"@context\":\"https:\\\/\\\/schema.org\",\"@graph\":[{\"@type\":\"WebPage\",\"@id\":\"https:\\\/\\\/www.biopapa.de\\\/lt\\\/producte\\\/ekologiski-vaisiu-skonio-guminukai-meskiukai-be-zelatinos\\\/\",\"url\":\"https:\\\/\\\/www.biopapa.de\\\/lt\\\/producte\\\/ekologiski-vaisiu-skonio-guminukai-meskiukai-be-zelatinos\\\/\",\"name\":\"Ekologi\u0161ki vaisi\u0173 skonio guminukai Me\u0161kiukai (be \u017eelatinos) - Biopapa\",\"isPartOf\":{\"@id\":\"https:\\\/\\\/www.biopapa.de\\\/lt\\\/#website\"},\"primaryImageOfPage\":{\"@id\":\"https:\\\/\\\/www.biopapa.de\\\/lt\\\/producte\\\/ekologiski-vaisiu-skonio-guminukai-meskiukai-be-zelatinos\\\/#primaryimage\"},\"image\":{\"@id\":\"https:\\\/\\\/www.biopapa.de\\\/lt\\\/producte\\\/ekologiski-vaisiu-skonio-guminukai-meskiukai-be-zelatinos\\\/#primaryimage\"},\"thumbnailUrl\":\"https:\\\/\\\/www.biopapa.de\\\/wp-content\\\/uploads\\\/2022\\\/11\\\/My-project-1-18.png\",\"datePublished\":\"2022-11-11T11:36:23+00:00\",\"dateModified\":\"2026-03-18T10:13:36+00:00\",\"description\":\"Ekologi\u0161ki guminukai be laktoz\u0117s, be \u017eelatinos - puikus u\u017ekandis vaikams ir suaugusiems!\",\"breadcrumb\":{\"@id\":\"https:\\\/\\\/www.biopapa.de\\\/lt\\\/producte\\\/ekologiski-vaisiu-skonio-guminukai-meskiukai-be-zelatinos\\\/#breadcrumb\"},\"inLanguage\":\"lt-LT\",\"potentialAction\":[{\"@type\":\"ReadAction\",\"target\":[\"https:\\\/\\\/www.biopapa.de\\\/lt\\\/producte\\\/ekologiski-vaisiu-skonio-guminukai-meskiukai-be-zelatinos\\\/\"]}]},{\"@type\":\"ImageObject\",\"inLanguage\":\"lt-LT\",\"@id\":\"https:\\\/\\\/www.biopapa.de\\\/lt\\\/producte\\\/ekologiski-vaisiu-skonio-guminukai-meskiukai-be-zelatinos\\\/#primaryimage\",\"url\":\"https:\\\/\\\/www.biopapa.de\\\/wp-content\\\/uploads\\\/2022\\\/11\\\/My-project-1-18.png\",\"contentUrl\":\"https:\\\/\\\/www.biopapa.de\\\/wp-content\\\/uploads\\\/2022\\\/11\\\/My-project-1-18.png\",\"width\":800,\"height\":640,\"caption\":\"Ekologi\u0161ki vaisi\u0173 skonio guminukai Me\u0161kiukai (be \u017eelatinos)\"},{\"@type\":\"BreadcrumbList\",\"@id\":\"https:\\\/\\\/www.biopapa.de\\\/lt\\\/producte\\\/ekologiski-vaisiu-skonio-guminukai-meskiukai-be-zelatinos\\\/#breadcrumb\",\"itemListElement\":[{\"@type\":\"ListItem\",\"position\":1,\"name\":\"Home\",\"item\":\"https:\\\/\\\/www.biopapa.de\\\/lt\\\/\"},{\"@type\":\"ListItem\",\"position\":2,\"name\":\"Parduotuv\u0117\",\"item\":\"https:\\\/\\\/www.biopapa.de\\\/parduotuve\\\/\"},{\"@type\":\"ListItem\",\"position\":3,\"name\":\"Ekologi\u0161ki vaisi\u0173 skonio guminukai Me\u0161kiukai (be \u017eelatinos)\"}]},{\"@type\":\"WebSite\",\"@id\":\"https:\\\/\\\/www.biopapa.de\\\/lt\\\/#website\",\"url\":\"https:\\\/\\\/www.biopapa.de\\\/lt\\\/\",\"name\":\"Biopapa\",\"description\":\"\u0160var\u016bs ekologi\u0161ki produktai\",\"publisher\":{\"@id\":\"https:\\\/\\\/www.biopapa.de\\\/lt\\\/#organization\"},\"potentialAction\":[{\"@type\":\"SearchAction\",\"target\":{\"@type\":\"EntryPoint\",\"urlTemplate\":\"https:\\\/\\\/www.biopapa.de\\\/lt\\\/?s={search_term_string}\"},\"query-input\":{\"@type\":\"PropertyValueSpecification\",\"valueRequired\":true,\"valueName\":\"search_term_string\"}}],\"inLanguage\":\"lt-LT\"},{\"@type\":\"Organization\",\"@id\":\"https:\\\/\\\/www.biopapa.de\\\/lt\\\/#organization\",\"name\":\"Biopapa\",\"url\":\"https:\\\/\\\/www.biopapa.de\\\/lt\\\/\",\"logo\":{\"@type\":\"ImageObject\",\"inLanguage\":\"lt-LT\",\"@id\":\"https:\\\/\\\/www.biopapa.de\\\/lt\\\/#\\\/schema\\\/logo\\\/image\\\/\",\"url\":\"https:\\\/\\\/www.biopapa.lt\\\/wp-content\\\/uploads\\\/2022\\\/04\\\/facebook_biopapa.jpg\",\"contentUrl\":\"https:\\\/\\\/www.biopapa.lt\\\/wp-content\\\/uploads\\\/2022\\\/04\\\/facebook_biopapa.jpg\",\"width\":1733,\"height\":907,\"caption\":\"Biopapa\"},\"image\":{\"@id\":\"https:\\\/\\\/www.biopapa.de\\\/lt\\\/#\\\/schema\\\/logo\\\/image\\\/\"},\"sameAs\":[\"https:\\\/\\\/www.facebook.com\\\/biopapa.lt\"]}]}<\/script>\n<!-- \/ Yoast SEO plugin. -->","yoast_head_json":{"title":"Ekologi\u0161ki vaisi\u0173 skonio guminukai Me\u0161kiukai (be \u017eelatinos) - Biopapa","description":"Ekologi\u0161ki guminukai be laktoz\u0117s, be \u017eelatinos - puikus u\u017ekandis vaikams ir suaugusiems!","robots":{"index":"index","follow":"follow","max-snippet":"max-snippet:-1","max-image-preview":"max-image-preview:large","max-video-preview":"max-video-preview:-1"},"canonical":"https:\/\/www.biopapa.de\/lt\/producte\/ekologiski-vaisiu-skonio-guminukai-meskiukai-be-zelatinos\/","og_locale":"lt_LT","og_type":"article","og_title":"Ekologi\u0161ki vaisi\u0173 skonio guminukai Me\u0161kiukai (be \u017eelatinos) - Biopapa","og_description":"Ekologi\u0161ki guminukai be laktoz\u0117s, be \u017eelatinos - puikus u\u017ekandis vaikams ir suaugusiems!","og_url":"https:\/\/www.biopapa.de\/lt\/producte\/ekologiski-vaisiu-skonio-guminukai-meskiukai-be-zelatinos\/","og_site_name":"Biopapa","article_publisher":"https:\/\/www.facebook.com\/biopapa.lt","article_modified_time":"2026-03-18T10:13:36+00:00","og_image":[{"width":800,"height":640,"url":"https:\/\/www.biopapa.de\/wp-content\/uploads\/2022\/11\/My-project-1-18.png","type":"image\/png"}],"twitter_card":"summary_large_image","twitter_misc":{"Est. reading time":"1 minut\u0117"},"schema":{"@context":"https:\/\/schema.org","@graph":[{"@type":"WebPage","@id":"https:\/\/www.biopapa.de\/lt\/producte\/ekologiski-vaisiu-skonio-guminukai-meskiukai-be-zelatinos\/","url":"https:\/\/www.biopapa.de\/lt\/producte\/ekologiski-vaisiu-skonio-guminukai-meskiukai-be-zelatinos\/","name":"Ekologi\u0161ki vaisi\u0173 skonio guminukai Me\u0161kiukai (be \u017eelatinos) - Biopapa","isPartOf":{"@id":"https:\/\/www.biopapa.de\/lt\/#website"},"primaryImageOfPage":{"@id":"https:\/\/www.biopapa.de\/lt\/producte\/ekologiski-vaisiu-skonio-guminukai-meskiukai-be-zelatinos\/#primaryimage"},"image":{"@id":"https:\/\/www.biopapa.de\/lt\/producte\/ekologiski-vaisiu-skonio-guminukai-meskiukai-be-zelatinos\/#primaryimage"},"thumbnailUrl":"https:\/\/www.biopapa.de\/wp-content\/uploads\/2022\/11\/My-project-1-18.png","datePublished":"2022-11-11T11:36:23+00:00","dateModified":"2026-03-18T10:13:36+00:00","description":"Ekologi\u0161ki guminukai be laktoz\u0117s, be \u017eelatinos - puikus u\u017ekandis vaikams ir suaugusiems!","breadcrumb":{"@id":"https:\/\/www.biopapa.de\/lt\/producte\/ekologiski-vaisiu-skonio-guminukai-meskiukai-be-zelatinos\/#breadcrumb"},"inLanguage":"lt-LT","potentialAction":[{"@type":"ReadAction","target":["https:\/\/www.biopapa.de\/lt\/producte\/ekologiski-vaisiu-skonio-guminukai-meskiukai-be-zelatinos\/"]}]},{"@type":"ImageObject","inLanguage":"lt-LT","@id":"https:\/\/www.biopapa.de\/lt\/producte\/ekologiski-vaisiu-skonio-guminukai-meskiukai-be-zelatinos\/#primaryimage","url":"https:\/\/www.biopapa.de\/wp-content\/uploads\/2022\/11\/My-project-1-18.png","contentUrl":"https:\/\/www.biopapa.de\/wp-content\/uploads\/2022\/11\/My-project-1-18.png","width":800,"height":640,"caption":"Ekologi\u0161ki vaisi\u0173 skonio guminukai Me\u0161kiukai (be \u017eelatinos)"},{"@type":"BreadcrumbList","@id":"https:\/\/www.biopapa.de\/lt\/producte\/ekologiski-vaisiu-skonio-guminukai-meskiukai-be-zelatinos\/#breadcrumb","itemListElement":[{"@type":"ListItem","position":1,"name":"Home","item":"https:\/\/www.biopapa.de\/lt\/"},{"@type":"ListItem","position":2,"name":"Parduotuv\u0117","item":"https:\/\/www.biopapa.de\/parduotuve\/"},{"@type":"ListItem","position":3,"name":"Ekologi\u0161ki vaisi\u0173 skonio guminukai Me\u0161kiukai (be \u017eelatinos)"}]},{"@type":"WebSite","@id":"https:\/\/www.biopapa.de\/lt\/#website","url":"https:\/\/www.biopapa.de\/lt\/","name":"Biopapa","description":"\u0160var\u016bs ekologi\u0161ki produktai","publisher":{"@id":"https:\/\/www.biopapa.de\/lt\/#organization"},"potentialAction":[{"@type":"SearchAction","target":{"@type":"EntryPoint","urlTemplate":"https:\/\/www.biopapa.de\/lt\/?s={search_term_string}"},"query-input":{"@type":"PropertyValueSpecification","valueRequired":true,"valueName":"search_term_string"}}],"inLanguage":"lt-LT"},{"@type":"Organization","@id":"https:\/\/www.biopapa.de\/lt\/#organization","name":"Biopapa","url":"https:\/\/www.biopapa.de\/lt\/","logo":{"@type":"ImageObject","inLanguage":"lt-LT","@id":"https:\/\/www.biopapa.de\/lt\/#\/schema\/logo\/image\/","url":"https:\/\/www.biopapa.lt\/wp-content\/uploads\/2022\/04\/facebook_biopapa.jpg","contentUrl":"https:\/\/www.biopapa.lt\/wp-content\/uploads\/2022\/04\/facebook_biopapa.jpg","width":1733,"height":907,"caption":"Biopapa"},"image":{"@id":"https:\/\/www.biopapa.de\/lt\/#\/schema\/logo\/image\/"},"sameAs":["https:\/\/www.facebook.com\/biopapa.lt"]}]}},"_links":{"self":[{"href":"https:\/\/www.biopapa.de\/lt\/wp-json\/wp\/v2\/product\/21131","targetHints":{"allow":["GET"]}}],"collection":[{"href":"https:\/\/www.biopapa.de\/lt\/wp-json\/wp\/v2\/product"}],"about":[{"href":"https:\/\/www.biopapa.de\/lt\/wp-json\/wp\/v2\/types\/product"}],"wp:featuredmedia":[{"embeddable":true,"href":"https:\/\/www.biopapa.de\/lt\/wp-json\/wp\/v2\/media\/23089"}],"wp:attachment":[{"href":"https:\/\/www.biopapa.de\/lt\/wp-json\/wp\/v2\/media?parent=21131"}],"wp:term":[{"taxonomy":"product_brand","embeddable":true,"href":"https:\/\/www.biopapa.de\/lt\/wp-json\/wp\/v2\/product_brand?post=21131"},{"taxonomy":"product_cat","embeddable":true,"href":"https:\/\/www.biopapa.de\/lt\/wp-json\/wp\/v2\/product_cat?post=21131"},{"taxonomy":"product_tag","embeddable":true,"href":"https:\/\/www.biopapa.de\/lt\/wp-json\/wp\/v2\/product_tag?post=21131"}],"curies":[{"name":"wp","href":"https:\/\/api.w.org\/{rel}","templated":true}]}}